{"id":221,"date":"2024-08-05T12:21:38","date_gmt":"2024-08-05T09:21:38","guid":{"rendered":"https:\/\/teknologiateollisuus.fi\/skol\/?page_id=221"},"modified":"2026-03-12T10:34:53","modified_gmt":"2026-03-12T08:34:53","slug":"tietoa-alasta","status":"publish","type":"page","link":"https:\/\/teknologiateollisuus.fi\/skol\/tietoa-alasta\/","title":{"rendered":"Tietoa alasta"},"content":{"rendered":"\n<div class=\"em-block-hero hero-has-background-color has-background has-violet-background-color has-image media-position-background \">\n\t<div class=\"em-block-hero__container\">\n\t\t<div class=\"em-block-hero__content\">\n\t\t\t<div class=\"yoast-breadcrumbs\"><span><span><a href=\"https:\/\/teknologiateollisuus.fi\/skol\/\">Etusivu<\/a><\/span> <span class=\"separator\"><\/span> <span class=\"breadcrumb_last\" aria-current=\"page\">Tietoa alasta<\/span><\/span><\/div>\t\t\t\n<h1 class=\"wp-block-heading\" id=\"h-tietoa-alasta\">Tietoa alasta<\/h1>\n\n<p><\/p>\n\t\t\t<div class=\"em-block-hero__modified-date\"> P\u00e4ivitetty 12.03.2026 klo 10:34<\/div>\t\t<\/div>\n\t\t\t\t\t<figure class=\"em-block-hero__image\">\n\t\t\t\t<img loading=\"lazy\" decoding=\"async\" width=\"8192\" height=\"5464\" src=\"https:\/\/teknologiateollisuus.fi\/skol\/wp-content\/uploads\/sites\/6\/2025\/02\/SKOL_6886.jpg\" class=\"attachment-hero size-hero\" alt=\"Valkea kaarisilta veden yll\u00e4, taustalla k\u00e4velij\u00f6it\u00e4 ja koiranulkoiluttajia.\" srcset=\"https:\/\/teknologiateollisuus.fi\/skol\/wp-content\/uploads\/sites\/6\/2025\/02\/SKOL_6886.jpg 8192w, https:\/\/teknologiateollisuus.fi\/skol\/wp-content\/uploads\/sites\/6\/2025\/02\/SKOL_6886-400x267.jpg 400w, https:\/\/teknologiateollisuus.fi\/skol\/wp-content\/uploads\/sites\/6\/2025\/02\/SKOL_6886-968x646.jpg 968w, https:\/\/teknologiateollisuus.fi\/skol\/wp-content\/uploads\/sites\/6\/2025\/02\/SKOL_6886-768x512.jpg 768w, https:\/\/teknologiateollisuus.fi\/skol\/wp-content\/uploads\/sites\/6\/2025\/02\/SKOL_6886-1536x1025.jpg 1536w, https:\/\/teknologiateollisuus.fi\/skol\/wp-content\/uploads\/sites\/6\/2025\/02\/SKOL_6886-1300x867.jpg 1300w, https:\/\/teknologiateollisuus.fi\/skol\/wp-content\/uploads\/sites\/6\/2025\/02\/SKOL_6886-1440x960.jpg 1440w\" sizes=\"auto, (max-width: 8192px) 100vw, 8192px\" \/>\t\t\t<\/figure>\n\t\t\t<\/div>\n<\/div>\n\n\n\n<p>SKOL ry on suunnittelu- ja konsultointialan yritysten toimialaj\u00e4rjest\u00f6. SKOLin muodostaa 108 yrityst\u00e4, jotka ty\u00f6llist\u00e4v\u00e4t noin 21 000 ty\u00f6ntekij\u00e4\u00e4. J\u00e4senyritysten kokonaisliikevaihto on noin 2,3 miljardia euroa.<\/p>\n\n\n\n<p>Perinteisesti SKOLin tilastoissa tunnusluvut on jaettu kolmeen p\u00e4\u00e4kategoriaan: teollisuuteen, talonrakentamiseen ja yhdyskuntaan. N\u00e4ist\u00e4 suurin toimiala oli vuonna 2024 talonrakentaminen, jonka liikevaihto oli arvion mukaan noin 906 miljoonaa euroa. Yhdyskuntasektori nousi j\u00e4lleen teollisuuden ohi tilastossa arviolta 702 miljoonan euron liikevaihdolla. Teollisuus oli liikevaihdon arviolta toimialoista pienin 657 miljoonan liikevaihdolla.&nbsp;&nbsp;&nbsp;<\/p>\n\n\n\n<p>Rakennetekniikka oli tyypillisesti kyselyn suurin toimiala, jonka j\u00e4lkeen muina suurina toimialoina s\u00e4ilyiv\u00e4t LVI-tekniikka, rakennuttaminen (talo), tehdas- ja laitossuunnittelu, tie-, katu- ja aluetekniikka sek\u00e4 prosessisuunnittelu.&nbsp;Selv\u00e4sti suurimpana toimeksiantajaryhm\u00e4n\u00e4 s\u00e4ilyi teollisuus l\u00e4hes 39 % osuudella. Kuntasektori ty\u00f6llisti SKOL-yrityksi\u00e4 18 % osuudella ja valtio 13 %.&nbsp;&nbsp;<\/p>\n\n\n\n<p>Kyselyyn vastanneiden perusteella yli 100 miljoonan euron liikevaihtoon alan yrityksist\u00e4 ylsiv\u00e4t suuruusj\u00e4rjestyksess\u00e4: Sweco Finland, Ramboll Finland Oy, AFRY Finland Oy, Etteplan Finland Oy, Sitowise Oy, Granlund konserni, A-Insin\u00f6\u00f6rit -konserni sek\u00e4 Rejlers Finland Oy.&nbsp;<\/p>\n\n\n\n<p>Kotimaan liikevaihdon suhteen viisi suurinta yrityst\u00e4 olivat Sweco Finland, Ramboll Finland Oy, AFRY Finland Oy, Etteplan Finland Oy sek\u00e4 Sitowise Oy.&nbsp;<\/p>\n\n\n\n<p>Vientiliikevaihdolla suurimmat viisi yrityst\u00e4 olivat AFRY Finland Oy, Deltamarin Oy, Elomatic Yhti\u00f6t, Sweco Finland Oy sek\u00e4 Etteplan Finland Oy.&nbsp;<\/p>\n\n\n\n<p><em>Yl\u00e4kuva: Liisa Takala<\/em><\/p>\n","protected":false},"excerpt":{"rendered":"<p>SKOL ry on suunnittelu- ja konsultointialan yritysten toimialaj\u00e4rjest\u00f6. SKOLin muodostaa 108 yrityst\u00e4, jotka ty\u00f6llist\u00e4v\u00e4t noin 21 000 ty\u00f6ntekij\u00e4\u00e4. J\u00e4senyritysten kokonaisliikevaihto on noin 2,3 miljardia euroa. Perinteisesti SKOLin tilastoissa tunnusluvut on jaettu kolmeen p\u00e4\u00e4kategoriaan: teollisuuteen, talonrakentamiseen ja yhdyskuntaan. N\u00e4ist\u00e4 suurin toimiala oli vuonna 2024 talonrakentaminen, jonka liikevaihto oli arvion mukaan noin 906 miljoonaa euroa. Yhdyskuntasektori nousi [&hellip;]<\/p>\n","protected":false},"author":50,"featured_media":0,"parent":0,"menu_order":0,"comment_status":"closed","ping_status":"closed","template":"","meta":{"_acf_changed":false,"_relevanssi_hide_post":"","_relevanssi_hide_content":"","_relevanssi_pin_for_all":"","_relevanssi_pin_keywords":"","_relevanssi_unpin_keywords":"","_relevanssi_related_keywords":"","_relevanssi_related_include_ids":"","_relevanssi_related_exclude_ids":"","_relevanssi_related_no_append":"","_relevanssi_related_not_related":"","_relevanssi_related_posts":"1","_relevanssi_noindex_reason":"Yoast SEO Relevanssin indeksointiesto","inline_featured_image":false,"footnotes":""},"class_list":["post-221","page","type-page","status-publish","hentry"],"acf":[],"yoast_head":"<!-- This site is optimized with the Yoast SEO Premium plugin v27.1 (Yoast SEO v27.3) - https:\/\/yoast.com\/product\/yoast-seo-premium-wordpress\/ -->\n<title>Tietoa alasta - Skol<\/title>\n<meta name=\"robots\" content=\"index, follow, max-snippet:-1, max-image-preview:large, max-video-preview:-1\" \/>\n<link rel=\"canonical\" href=\"https:\/\/teknologiateollisuus.fi\/skol\/tietoa-alasta\/\" \/>\n<meta property=\"og:locale\" content=\"fi_FI\" \/>\n<meta property=\"og:type\" content=\"article\" \/>\n<meta property=\"og:title\" content=\"Tietoa alasta\" \/>\n<meta property=\"og:description\" content=\"SKOL ry on suunnittelu- ja konsultointialan yritysten toimialaj\u00e4rjest\u00f6. SKOLin muodostaa 108 yrityst\u00e4, jotka ty\u00f6llist\u00e4v\u00e4t noin 21 000 ty\u00f6ntekij\u00e4\u00e4. J\u00e4senyritysten kokonaisliikevaihto on noin 2,3 miljardia euroa. Perinteisesti SKOLin tilastoissa tunnusluvut on jaettu kolmeen p\u00e4\u00e4kategoriaan: teollisuuteen, talonrakentamiseen ja yhdyskuntaan. N\u00e4ist\u00e4 suurin toimiala oli vuonna 2024 talonrakentaminen, jonka liikevaihto oli arvion mukaan noin 906 miljoonaa euroa. Yhdyskuntasektori nousi [&hellip;]\" \/>\n<meta property=\"og:url\" content=\"https:\/\/teknologiateollisuus.fi\/skol\/tietoa-alasta\/\" \/>\n<meta property=\"og:site_name\" content=\"Skol\" \/>\n<meta property=\"article:modified_time\" content=\"2026-03-12T08:34:53+00:00\" \/>\n<meta name=\"twitter:card\" content=\"summary_large_image\" \/>\n<meta name=\"twitter:label1\" content=\"Arvioitu lukuaika\" \/>\n\t<meta name=\"twitter:data1\" content=\"2 minuuttia\" \/>\n<script type=\"application\/ld+json\" class=\"yoast-schema-graph\">{\"@context\":\"https:\\\/\\\/schema.org\",\"@graph\":[{\"@type\":\"WebPage\",\"@id\":\"https:\\\/\\\/teknologiateollisuus.fi\\\/skol\\\/tietoa-alasta\\\/\",\"url\":\"https:\\\/\\\/teknologiateollisuus.fi\\\/skol\\\/tietoa-alasta\\\/\",\"name\":\"Tietoa alasta - Skol\",\"isPartOf\":{\"@id\":\"https:\\\/\\\/teknologiateollisuus.fi\\\/skol\\\/#website\"},\"datePublished\":\"2024-08-05T09:21:38+00:00\",\"dateModified\":\"2026-03-12T08:34:53+00:00\",\"breadcrumb\":{\"@id\":\"https:\\\/\\\/teknologiateollisuus.fi\\\/skol\\\/tietoa-alasta\\\/#breadcrumb\"},\"inLanguage\":\"fi\",\"potentialAction\":[{\"@type\":\"ReadAction\",\"target\":[\"https:\\\/\\\/teknologiateollisuus.fi\\\/skol\\\/tietoa-alasta\\\/\"]}]},{\"@type\":\"BreadcrumbList\",\"@id\":\"https:\\\/\\\/teknologiateollisuus.fi\\\/skol\\\/tietoa-alasta\\\/#breadcrumb\",\"itemListElement\":[{\"@type\":\"ListItem\",\"position\":1,\"name\":\"Etusivu\",\"item\":\"https:\\\/\\\/teknologiateollisuus.fi\\\/skol\\\/\"},{\"@type\":\"ListItem\",\"position\":2,\"name\":\"Tietoa alasta\"}]},{\"@type\":\"WebSite\",\"@id\":\"https:\\\/\\\/teknologiateollisuus.fi\\\/skol\\\/#website\",\"url\":\"https:\\\/\\\/teknologiateollisuus.fi\\\/skol\\\/\",\"name\":\"Skol\",\"description\":\"\",\"potentialAction\":[{\"@type\":\"SearchAction\",\"target\":{\"@type\":\"EntryPoint\",\"urlTemplate\":\"https:\\\/\\\/teknologiateollisuus.fi\\\/skol\\\/?s={search_term_string}\"},\"query-input\":{\"@type\":\"PropertyValueSpecification\",\"valueRequired\":true,\"valueName\":\"search_term_string\"}}],\"inLanguage\":\"fi\"}]}<\/script>\n<!-- \/ Yoast SEO Premium plugin. -->","yoast_head_json":{"title":"Tietoa alasta - Skol","robots":{"index":"index","follow":"follow","max-snippet":"max-snippet:-1","max-image-preview":"max-image-preview:large","max-video-preview":"max-video-preview:-1"},"canonical":"https:\/\/teknologiateollisuus.fi\/skol\/tietoa-alasta\/","og_locale":"fi_FI","og_type":"article","og_title":"Tietoa alasta","og_description":"SKOL ry on suunnittelu- ja konsultointialan yritysten toimialaj\u00e4rjest\u00f6. SKOLin muodostaa 108 yrityst\u00e4, jotka ty\u00f6llist\u00e4v\u00e4t noin 21 000 ty\u00f6ntekij\u00e4\u00e4. J\u00e4senyritysten kokonaisliikevaihto on noin 2,3 miljardia euroa. Perinteisesti SKOLin tilastoissa tunnusluvut on jaettu kolmeen p\u00e4\u00e4kategoriaan: teollisuuteen, talonrakentamiseen ja yhdyskuntaan. N\u00e4ist\u00e4 suurin toimiala oli vuonna 2024 talonrakentaminen, jonka liikevaihto oli arvion mukaan noin 906 miljoonaa euroa. Yhdyskuntasektori nousi [&hellip;]","og_url":"https:\/\/teknologiateollisuus.fi\/skol\/tietoa-alasta\/","og_site_name":"Skol","article_modified_time":"2026-03-12T08:34:53+00:00","twitter_card":"summary_large_image","twitter_misc":{"Arvioitu lukuaika":"2 minuuttia"},"schema":{"@context":"https:\/\/schema.org","@graph":[{"@type":"WebPage","@id":"https:\/\/teknologiateollisuus.fi\/skol\/tietoa-alasta\/","url":"https:\/\/teknologiateollisuus.fi\/skol\/tietoa-alasta\/","name":"Tietoa alasta - Skol","isPartOf":{"@id":"https:\/\/teknologiateollisuus.fi\/skol\/#website"},"datePublished":"2024-08-05T09:21:38+00:00","dateModified":"2026-03-12T08:34:53+00:00","breadcrumb":{"@id":"https:\/\/teknologiateollisuus.fi\/skol\/tietoa-alasta\/#breadcrumb"},"inLanguage":"fi","potentialAction":[{"@type":"ReadAction","target":["https:\/\/teknologiateollisuus.fi\/skol\/tietoa-alasta\/"]}]},{"@type":"BreadcrumbList","@id":"https:\/\/teknologiateollisuus.fi\/skol\/tietoa-alasta\/#breadcrumb","itemListElement":[{"@type":"ListItem","position":1,"name":"Etusivu","item":"https:\/\/teknologiateollisuus.fi\/skol\/"},{"@type":"ListItem","position":2,"name":"Tietoa alasta"}]},{"@type":"WebSite","@id":"https:\/\/teknologiateollisuus.fi\/skol\/#website","url":"https:\/\/teknologiateollisuus.fi\/skol\/","name":"Skol","description":"","potentialAction":[{"@type":"SearchAction","target":{"@type":"EntryPoint","urlTemplate":"https:\/\/teknologiateollisuus.fi\/skol\/?s={search_term_string}"},"query-input":{"@type":"PropertyValueSpecification","valueRequired":true,"valueName":"search_term_string"}}],"inLanguage":"fi"}]}},"lang":"fi","translations":{"fi":221},"pll_sync_post":[],"_links":{"self":[{"href":"https:\/\/teknologiateollisuus.fi\/skol\/wp-json\/wp\/v2\/pages\/221","targetHints":{"allow":["GET"]}}],"collection":[{"href":"https:\/\/teknologiateollisuus.fi\/skol\/wp-json\/wp\/v2\/pages"}],"about":[{"href":"https:\/\/teknologiateollisuus.fi\/skol\/wp-json\/wp\/v2\/types\/page"}],"author":[{"embeddable":true,"href":"https:\/\/teknologiateollisuus.fi\/skol\/wp-json\/wp\/v2\/users\/50"}],"replies":[{"embeddable":true,"href":"https:\/\/teknologiateollisuus.fi\/skol\/wp-json\/wp\/v2\/comments?post=221"}],"version-history":[{"count":15,"href":"https:\/\/teknologiateollisuus.fi\/skol\/wp-json\/wp\/v2\/pages\/221\/revisions"}],"predecessor-version":[{"id":3323,"href":"https:\/\/teknologiateollisuus.fi\/skol\/wp-json\/wp\/v2\/pages\/221\/revisions\/3323"}],"wp:attachment":[{"href":"https:\/\/teknologiateollisuus.fi\/skol\/wp-json\/wp\/v2\/media?parent=221"}],"curies":[{"name":"wp","href":"https:\/\/api.w.org\/{rel}","templated":true}]}}