{"id":222,"date":"2024-07-30T10:33:04","date_gmt":"2024-07-30T07:33:04","guid":{"rendered":"https:\/\/teknologiateollisuus.fi\/skol\/?page_id=222"},"modified":"2026-02-02T13:36:44","modified_gmt":"2026-02-02T11:36:44","slug":"toiminta-ja-palvelut","status":"publish","type":"page","link":"https:\/\/teknologiateollisuus.fi\/skol\/tietoa-meista\/toiminta-ja-palvelut\/","title":{"rendered":"Toiminta ja palvelut"},"content":{"rendered":"\n<div class=\"em-block-hero hero-has-background-color has-background has-violet-background-color collapse media-position-right \">\n\t<div class=\"em-block-hero__container\">\n\t\t<div class=\"em-block-hero__content\">\n\t\t\t<div class=\"yoast-breadcrumbs\"><span><span><a href=\"https:\/\/teknologiateollisuus.fi\/skol\/\">Etusivu<\/a><\/span> <span class=\"separator\"><\/span> <span><a href=\"https:\/\/teknologiateollisuus.fi\/skol\/tietoa-meista\/\">Tietoa meist\u00e4<\/a><\/span> <span class=\"separator\"><\/span> <span class=\"breadcrumb_last\" aria-current=\"page\">Toiminta ja palvelut<\/span><\/span><\/div>\t\t\t\n<h1 class=\"wp-block-heading\" id=\"h-toiminta-ja-palvelut\">Toiminta ja palvelut<\/h1>\n\t\t\t<div class=\"em-block-hero__modified-date\"> P\u00e4ivitetty 02.02.2026 klo 13:36<\/div>\t\t<\/div>\n\t\t\t\t\t<figure class=\"em-block-hero__image\">\n\t\t\t\t\t\t\t<\/figure>\n\t\t\t<\/div>\n<\/div>\n\n\n\n<h2 class=\"wp-block-heading\" id=\"h-paremmat-pelisaannot-ja-toimintaymparisto-jasenyrityksille\" id=\"paremmat-pelisaannot-ja-toimintaymparisto-jasenyrityksille\">Paremmat pelis\u00e4\u00e4nn\u00f6t ja toimintaymp\u00e4rist\u00f6 j\u00e4senyrityksille<\/h2>\n\n\n\n<ul class=\"wp-block-list is-style-styled\">\n<li>Olemme neuvotelleet alan yleiset KSE-sopimusehdot tilaajatahojen kanssa ja edist\u00e4mme niiden k\u00e4ytt\u00f6\u00e4.<\/li>\n\n\n\n<li>Edist\u00e4mme laatua, osaamista ja yhteisty\u00f6t\u00e4 painottavien hankintamenettelyjen k\u00e4ytt\u00f6\u00e4.<\/li>\n\n\n\n<li>J\u00e4rjest\u00e4mme yhteisty\u00f6tapaamisia tilaajien ja j\u00e4senyritysten v\u00e4lill\u00e4 hankinnan pelis\u00e4\u00e4nt\u00f6jen edist\u00e4miseksi.<\/li>\n\n\n\n<li>Kehit\u00e4mme hyvi\u00e4 toimintatapoja ja hankintamalleja, suunnittelu- ja konsultointipalvelujen hankintaohjeita&nbsp;(RT-kortteina) ja niit\u00e4 tukevia ty\u00f6kaluja.<\/li>\n\n\n\n<li>Vaikutamme suunnittelu- ja konsultointialaa koskevaan kansalliseen ja EU-s\u00e4\u00e4ntelyyn.<\/li>\n<\/ul>\n\n\n\n<h2 class=\"wp-block-heading\" id=\"h-suunnittelualan-vetovoiman-parantaminen\" id=\"suunnittelualan-vetovoiman-parantaminen\">Suunnittelualan vetovoiman parantaminen<\/h2>\n\n\n\n<ul class=\"wp-block-list is-style-styled\">\n<li>J\u00e4rjest\u00e4mme seminaareja, ty\u00f6pajoja ja verkottumistilaisuuksia j\u00e4senille, asiakkaille ja sidosryhmille.<\/li>\n\n\n\n<li>J\u00e4senyrityksen nuorista asiantuntijoista koostuva SKOL Young Professional Network lis\u00e4\u00e4 alan vetovoimaa opiskelijoiden keskuudessa, parantaa asiantuntijoiden verkottumista alalla ja toimii alan ammatillisena yhdyssiteen\u00e4.<\/li>\n\n\n\n<li>Toteutamme Teknologiateollisuuden kanssa nuorille suunnattua vetovoimatoimintaa.<\/li>\n\n\n\n<li>J\u00e4rjest\u00e4mme Vuoden Nuori Konsultti -kilpailun, jonka tavoitteena on esitell\u00e4 alamme nuorten osaamista ja alan monimuotoisuutta. <\/li>\n\n\n\n<li>Osallistumme t\u00e4rkeisiin vetovoimahankkeisiin yhdess\u00e4 sidosryhmien kanssa (Infra-ala\/LIKE, talotekniikka).<\/li>\n<\/ul>\n\n\n\n<h2 class=\"wp-block-heading\" id=\"h-tyoryhmat-tyokalut-ja-pelisaannot\" id=\"tyoryhmat-tyokalut-ja-pelisaannot\">Ty\u00f6ryhm\u00e4t, ty\u00f6kalut ja pelis\u00e4\u00e4nn\u00f6t<\/h2>\n\n\n\n<ul class=\"wp-block-list is-style-styled\">\n<li>SKOLin ty\u00f6ryhm\u00e4t tarjoavat j\u00e4senyrityksille foorumin verkottua, vaikuttaa ja tehd\u00e4 yhteisty\u00f6t\u00e4 toimintatapojen kehitt\u00e4miseksi.<\/li>\n\n\n\n<li>SKOLissa toimii&nbsp;seitsem\u00e4n ty\u00f6ryhm\u00e4\u00e4: arvonluonti ja innovaatiot -ryhm\u00e4, ty\u00f6markkina- ja koulutusryhm\u00e4, viestint\u00e4- ja vaikuttamisryhm\u00e4, infra- ja ymp\u00e4rist\u00f6ryhm\u00e4, energia- ja talotekniikkaryhm\u00e4, rakennety\u00f6ryhm\u00e4 ja geoty\u00f6ryhm\u00e4.<\/li>\n\n\n\n<li>Ty\u00f6ryhm\u00e4t kehitt\u00e4v\u00e4t oman toimialansa ty\u00f6kaluja, pelis\u00e4\u00e4nt\u00f6j\u00e4 ja standardeja sek\u00e4 yll\u00e4pit\u00e4v\u00e4t alansa teht\u00e4v\u00e4luetteloita ja vaikuttavat alan m\u00e4\u00e4r\u00e4yksiin ja s\u00e4\u00e4d\u00f6ksiin.<\/li>\n<\/ul>\n\n\n\n<blockquote class=\"wp-block-quote is-layout-flow wp-block-quote-is-layout-flow\">\n<h2 class=\"wp-block-heading\" id=\"h-yliopisto-ja-amk-koulutuksen-sisalto-ja-yritysyhteistyo\" id=\"yliopisto-ja-amk-koulutuksen-sisalto-ja-yritysyhteistyo\">Yliopisto- ja AMK-koulutuksen sis\u00e4lt\u00f6 ja yritysyhteisty\u00f6<\/h2>\n\n\n\n<ul class=\"wp-block-list is-style-styled\">\n<li>Vaikutamme yliopistojen ja ammattikorkeakoulujen opetusohjelmien p\u00e4\u00e4aineisiin ja opetuksen sis\u00e4lt\u00f6\u00f6n ja volyymiin&nbsp;sek\u00e4 yhteisty\u00f6h\u00f6n SKOL-yritysten ja oppilaitosten v\u00e4lill\u00e4.<\/li>\n\n\n\n<li>Edist\u00e4mme j\u00e4senyritysten tarpeita vastaavaa jatko- ja t\u00e4ydennyskoulutusta yliopisto- ja AMK-tasolla.<\/li>\n\n\n\n<li>Vaikutamme opetusministeri\u00f6\u00f6n yliopisto- ja ammattikorkeakoulutuksen sis\u00e4ll\u00f6n ja rahoituksen sek\u00e4 yritysyhteisty\u00f6n kehitt\u00e4miseksi.<\/li>\n<\/ul>\n<\/blockquote>\n\n\n\n<h2 class=\"wp-block-heading\" id=\"h-alan-arvonluonti-vaikuttavuus-ja-imago\" id=\"alan-arvonluonti-vaikuttavuus-ja-imago\">Alan arvonluonti, vaikuttavuus ja imago<\/h2>\n\n\n\n<ul class=\"wp-block-list is-style-styled\">\n<li>J\u00e4rjest\u00e4mme mediatapaamisia toimitusten ja j\u00e4senyritysten kanssa.<\/li>\n\n\n\n<li>K\u00e4yt\u00e4mme sosiaalisen median kanavia ja teemme kuukausittain s\u00e4hk\u00f6isi\u00e4 sidosryhm\u00e4kirjeit\u00e4 suunnittelu- ja konsultointialasta, j\u00e4senyrityksist\u00e4 ja projekteista.<\/li>\n\n\n\n<li>Viestimme case-esimerkein asiakkaille ja sidosryhmille hyv\u00e4n suunnittelun vaikuttavuudesta. Sijoitus hyv\u00e4\u00e4n suunnitteluun kannattaa &#8211; suunnittelun laatu ratkaisee lopputuotteen hinnan ja elinkaaritalouden.<\/li>\n\n\n\n<li>Tuomme esille SKOL-yritykset vastuullisina, eettisin\u00e4 ja parasta laatua tuottavina asiantuntijoina, yhteisty\u00f6kumppaneina, kehitt\u00e4jin\u00e4 ja uudistajina.<\/li>\n\n\n\n<li>Viestimme SKOL-yritysten merkitt\u00e4v\u00e4st\u00e4 roolista kest\u00e4v\u00e4n kehityksen toteutuksessa ja hiilik\u00e4denj\u00e4ljen j\u00e4tt\u00e4misess\u00e4.<\/li>\n<\/ul>\n\n\n\n<h2 class=\"wp-block-heading\" id=\"h-neuvontapalvelut-skol-yrityksille-tyomarkkinapalvelut\" id=\"neuvontapalvelut-skol-yrityksille-tyomarkkinapalvelut\">Neuvontapalvelut SKOL-yrityksille, ty\u00f6markkinapalvelut<\/h2>\n\n\n\n<ul class=\"wp-block-list is-style-styled\">\n<li>KSE-ehdot, JYSE-ehdot, tekij\u00e4noikeusasiat ja muu sopimusneuvonta (SKOLin j\u00e4senille toimisto sek\u00e4 asianajotoimisto Susiluoto,&nbsp;<a href=\"mailto:info@susiluoto.com\">info@susiluoto.com<\/a>)<\/li>\n\n\n\n<li>Julkisiin hankintoihin liittyv\u00e4 neuvonta<\/li>\n\n\n\n<li>Ty\u00f6ehtosopimuksiin liittyv\u00e4t tulkinnat (Ty\u00f6suhdepalvelu ja TES-kone,&nbsp;<a href=\"https:\/\/teskone.fi\/\" target=\"_blank\" rel=\"noreferrer noopener\">TES-kone | Teknologiateollisuus ry (teskone.fi)<\/a>&nbsp;Teknologiateollisuuden j\u00e4senille)<\/li>\n\n\n\n<li>Ty\u00f6suhdeneuvonta online-p\u00e4ivystyksen\u00e4 (Teknologiateollisuuden j\u00e4senille),&nbsp;<a href=\"https:\/\/teknologiateollisuus.fi\/jasenille\/palvelut\/tyosuhdepalvelut\/\" target=\"_blank\" rel=\"noreferrer noopener\">Ty\u00f6suhdeneuvonta &#8211; Teknologiateollisuus<\/a><\/li>\n\n\n\n<li>Suunnittelu- ja konsultointialan ty\u00f6ehtosopimusten neuvottelu (Teknologiateollisuuden ty\u00f6nantajat)<\/li>\n<\/ul>\n\n\n\n<h2 class=\"wp-block-heading\" id=\"h-tilastointi-suhdanteet-tiedottaminen-ja-ennakointitieto-nbsp-jasenyrityksille\" id=\"tilastointi-suhdanteet-tiedottaminen-ja-ennakointitieto-jasenyrityksille\">Tilastointi, suhdanteet, tiedottaminen ja ennakointitieto&nbsp;j\u00e4senyrityksille<\/h2>\n\n\n\n<ul class=\"wp-block-list is-style-styled\">\n<li>Kuukausittainen uutiskirje j\u00e4senille ja sidosryhmille<\/li>\n\n\n\n<li>Suunnittelu- ja konsultointialan liikevaihto- ja tilinp\u00e4\u00e4t\u00f6stilastot<\/li>\n\n\n\n<li>Palkkatutkimukset ja -tilastot<\/li>\n\n\n\n<li>Kolme kertaa vuodessa alan kustannusseuranta<\/li>\n\n\n\n<li>Nelj\u00e4 kertaa vuodessa suhdannekatsaukset<\/li>\n\n\n\n<li>Kyselytutkimukset ajankohtaisista aiheista<\/li>\n\n\n\n<li>Kansainv\u00e4linen konsultointialan Sector Review -julkaisu ja EFCAn suhdannekatsaukset<\/li>\n<\/ul>\n\n\n\n<h2 class=\"wp-block-heading\" id=\"h-alan-kehittaminen-maine-ja-asiakastyytyvaisyys\" id=\"alan-kehittaminen-maine-ja-asiakastyytyvaisyys\">Alan kehitt\u00e4minen, maine ja asiakastyytyv\u00e4isyys<\/h2>\n\n\n\n<ul class=\"wp-block-list is-style-styled\">\n<li>RALAn j\u00e4senen\u00e4 kehit\u00e4mme suunnittelun laatuj\u00e4rjestelmi\u00e4 ja olemme mukana RALA-laatuj\u00e4rjestelm\u00e4n sertifiointij\u00e4rjestelm\u00e4ss\u00e4.<\/li>\n\n\n\n<li>Olemme mukana alan kehitt\u00e4misess\u00e4, mm. ROTI- ja KIRA-digi-hankkeet.<\/li>\n\n\n\n<li>Ker\u00e4\u00e4mme asiakaspalautetta ja teemme alan mainetutkimuksia ja j\u00e4senyritysten&nbsp;vertailevia asiakastyytyv\u00e4isyystutkimuksia.<\/li>\n\n\n\n<li>Olemme Teknologiateollisuuden j\u00e4sen ja noudatamme sen vastuullisuusperiaatteita.<\/li>\n\n\n\n<li>Olemme mukana KIRA-foorumin, FISE Oy:n, RALA ry:n, Rakennustietos\u00e4\u00e4ti\u00f6n ja EK:n toiminnassa&nbsp;.<\/li>\n<\/ul>\n\n\n\n<h2 class=\"wp-block-heading\" id=\"h-kansainvalistymisen-edistaminen\" id=\"kansainvalistymisen-edistaminen\">Kansainv\u00e4listymisen edist\u00e4minen<\/h2>\n\n\n\n<ul class=\"wp-block-list is-style-styled\">\n<li>Olemme kansainv\u00e4lisen konsulttij\u00e4rjest\u00f6n FIDICin j\u00e4sen ja noudatamme sen eettisi\u00e4 ohjeita.<\/li>\n\n\n\n<li>Tiedotamme Euroopan konsultointialan kehityksest\u00e4 Euroopan konsulttij\u00e4rjest\u00f6 EFCAn suhdannebarometrilla.<\/li>\n\n\n\n<li>Osallistumme vuosittain j\u00e4rjestett\u00e4v\u00e4\u00e4n pohjoismaisten konsulttij\u00e4rjest\u00f6jen RINORD-puheenjohtajistotapaamiseen.<\/li>\n\n\n\n<li>Vaikutamme suunnittelu- ja konsultointialan EU-lains\u00e4\u00e4d\u00e4nt\u00f6\u00f6n EFCAn j\u00e4senen\u00e4.<\/li>\n<\/ul>\n\n\n\n<h2 class=\"wp-block-heading\" id=\"h-palvelut-tilaajille\" id=\"palvelut-tilaajille\">Palvelut tilaajille<\/h2>\n\n\n\n<ul class=\"wp-block-list is-style-styled\">\n<li>Asiakastiedotteet ja sidosryhm\u00e4kirjeet<\/li>\n\n\n\n<li>Sopimusehdot ja sopimuslomakkeet Rakennustiedon palvelusta<\/li>\n\n\n\n<li>Kustannusseuranta ja suunnittelupalkkioiden tarkistukset<\/li>\n\n\n\n<li>Sosiaalikustannusprosentit<\/li>\n\n\n\n<li>Ty\u00f6m\u00e4\u00e4r\u00e4arviot<\/li>\n\n\n\n<li>SKOL-yrityshaku<\/li>\n\n\n\n<li>Suunnittelupalvelun hankintaohjeet<\/li>\n\n\n\n<li>Tarjouspyynt\u00f6- ja sopimusmallit, digitaalisen tiedon luovutus ja hy\u00f6dynt\u00e4minen<\/li>\n\n\n\n<li>RALA-sertifioidut yritykset<\/li>\n<\/ul>\n","protected":false},"excerpt":{"rendered":"<p>Paremmat pelis\u00e4\u00e4nn\u00f6t ja toimintaymp\u00e4rist\u00f6 j\u00e4senyrityksille Suunnittelualan vetovoiman parantaminen Ty\u00f6ryhm\u00e4t, ty\u00f6kalut ja pelis\u00e4\u00e4nn\u00f6t Alan arvonluonti, vaikuttavuus ja imago Neuvontapalvelut SKOL-yrityksille, ty\u00f6markkinapalvelut Tilastointi, suhdanteet, tiedottaminen ja ennakointitieto&nbsp;j\u00e4senyrityksille Alan kehitt\u00e4minen, maine ja asiakastyytyv\u00e4isyys Kansainv\u00e4listymisen edist\u00e4minen Palvelut tilaajille<\/p>\n","protected":false},"author":50,"featured_media":25,"parent":120,"menu_order":1,"comment_status":"closed","ping_status":"closed","template":"","meta":{"_acf_changed":false,"_relevanssi_hide_post":"","_relevanssi_hide_content":"","_relevanssi_pin_for_all":"","_relevanssi_pin_keywords":"","_relevanssi_unpin_keywords":"","_relevanssi_related_keywords":"","_relevanssi_related_include_ids":"","_relevanssi_related_exclude_ids":"","_relevanssi_related_no_append":"","_relevanssi_related_not_related":"","_relevanssi_related_posts":"1","_relevanssi_noindex_reason":"","inline_featured_image":false,"footnotes":""},"class_list":["post-222","page","type-page","status-publish","has-post-thumbnail","hentry"],"acf":[],"yoast_head":"<!-- This site is optimized with the Yoast SEO Premium plugin v27.1 (Yoast SEO v27.3) - https:\/\/yoast.com\/product\/yoast-seo-premium-wordpress\/ -->\n<title>Toiminta ja palvelut - Skol<\/title>\n<meta name=\"robots\" content=\"index, follow, max-snippet:-1, max-image-preview:large, max-video-preview:-1\" \/>\n<link rel=\"canonical\" href=\"https:\/\/teknologiateollisuus.fi\/skol\/tietoa-meista\/toiminta-ja-palvelut\/\" \/>\n<meta property=\"og:locale\" content=\"fi_FI\" \/>\n<meta property=\"og:type\" content=\"article\" \/>\n<meta property=\"og:title\" content=\"Toiminta ja palvelut\" \/>\n<meta property=\"og:description\" content=\"Paremmat pelis\u00e4\u00e4nn\u00f6t ja toimintaymp\u00e4rist\u00f6 j\u00e4senyrityksille Suunnittelualan vetovoiman parantaminen Ty\u00f6ryhm\u00e4t, ty\u00f6kalut ja pelis\u00e4\u00e4nn\u00f6t Alan arvonluonti, vaikuttavuus ja imago Neuvontapalvelut SKOL-yrityksille, ty\u00f6markkinapalvelut Tilastointi, suhdanteet, tiedottaminen ja ennakointitieto&nbsp;j\u00e4senyrityksille Alan kehitt\u00e4minen, maine ja asiakastyytyv\u00e4isyys Kansainv\u00e4listymisen edist\u00e4minen Palvelut tilaajille\" \/>\n<meta property=\"og:url\" content=\"https:\/\/teknologiateollisuus.fi\/skol\/tietoa-meista\/toiminta-ja-palvelut\/\" \/>\n<meta property=\"og:site_name\" content=\"Skol\" \/>\n<meta property=\"article:modified_time\" content=\"2026-02-02T11:36:44+00:00\" \/>\n<meta property=\"og:image\" content=\"https:\/\/teknologiateollisuus.fi\/skol\/wp-content\/uploads\/sites\/6\/2024\/06\/tekno-fallback.png\" \/>\n\t<meta property=\"og:image:width\" content=\"1300\" \/>\n\t<meta property=\"og:image:height\" content=\"975\" \/>\n\t<meta property=\"og:image:type\" content=\"image\/png\" \/>\n<meta name=\"twitter:card\" content=\"summary_large_image\" \/>\n<meta name=\"twitter:label1\" content=\"Arvioitu lukuaika\" \/>\n\t<meta name=\"twitter:data1\" content=\"3 minuuttia\" \/>\n<script type=\"application\/ld+json\" class=\"yoast-schema-graph\">{\"@context\":\"https:\\\/\\\/schema.org\",\"@graph\":[{\"@type\":\"WebPage\",\"@id\":\"https:\\\/\\\/teknologiateollisuus.fi\\\/skol\\\/tietoa-meista\\\/toiminta-ja-palvelut\\\/\",\"url\":\"https:\\\/\\\/teknologiateollisuus.fi\\\/skol\\\/tietoa-meista\\\/toiminta-ja-palvelut\\\/\",\"name\":\"Toiminta ja palvelut - Skol\",\"isPartOf\":{\"@id\":\"https:\\\/\\\/teknologiateollisuus.fi\\\/skol\\\/#website\"},\"primaryImageOfPage\":{\"@id\":\"https:\\\/\\\/teknologiateollisuus.fi\\\/skol\\\/tietoa-meista\\\/toiminta-ja-palvelut\\\/#primaryimage\"},\"image\":{\"@id\":\"https:\\\/\\\/teknologiateollisuus.fi\\\/skol\\\/tietoa-meista\\\/toiminta-ja-palvelut\\\/#primaryimage\"},\"thumbnailUrl\":\"https:\\\/\\\/teknologiateollisuus.fi\\\/skol\\\/wp-content\\\/uploads\\\/sites\\\/6\\\/2024\\\/06\\\/tekno-fallback.png\",\"datePublished\":\"2024-07-30T07:33:04+00:00\",\"dateModified\":\"2026-02-02T11:36:44+00:00\",\"breadcrumb\":{\"@id\":\"https:\\\/\\\/teknologiateollisuus.fi\\\/skol\\\/tietoa-meista\\\/toiminta-ja-palvelut\\\/#breadcrumb\"},\"inLanguage\":\"fi\",\"potentialAction\":[{\"@type\":\"ReadAction\",\"target\":[\"https:\\\/\\\/teknologiateollisuus.fi\\\/skol\\\/tietoa-meista\\\/toiminta-ja-palvelut\\\/\"]}]},{\"@type\":\"ImageObject\",\"inLanguage\":\"fi\",\"@id\":\"https:\\\/\\\/teknologiateollisuus.fi\\\/skol\\\/tietoa-meista\\\/toiminta-ja-palvelut\\\/#primaryimage\",\"url\":\"https:\\\/\\\/teknologiateollisuus.fi\\\/skol\\\/wp-content\\\/uploads\\\/sites\\\/6\\\/2024\\\/06\\\/tekno-fallback.png\",\"contentUrl\":\"https:\\\/\\\/teknologiateollisuus.fi\\\/skol\\\/wp-content\\\/uploads\\\/sites\\\/6\\\/2024\\\/06\\\/tekno-fallback.png\",\"width\":1300,\"height\":975},{\"@type\":\"BreadcrumbList\",\"@id\":\"https:\\\/\\\/teknologiateollisuus.fi\\\/skol\\\/tietoa-meista\\\/toiminta-ja-palvelut\\\/#breadcrumb\",\"itemListElement\":[{\"@type\":\"ListItem\",\"position\":1,\"name\":\"Etusivu\",\"item\":\"https:\\\/\\\/teknologiateollisuus.fi\\\/skol\\\/\"},{\"@type\":\"ListItem\",\"position\":2,\"name\":\"Tietoa meist\u00e4\",\"item\":\"https:\\\/\\\/teknologiateollisuus.fi\\\/skol\\\/tietoa-meista\\\/\"},{\"@type\":\"ListItem\",\"position\":3,\"name\":\"Toiminta ja palvelut\"}]},{\"@type\":\"WebSite\",\"@id\":\"https:\\\/\\\/teknologiateollisuus.fi\\\/skol\\\/#website\",\"url\":\"https:\\\/\\\/teknologiateollisuus.fi\\\/skol\\\/\",\"name\":\"Skol\",\"description\":\"\",\"potentialAction\":[{\"@type\":\"SearchAction\",\"target\":{\"@type\":\"EntryPoint\",\"urlTemplate\":\"https:\\\/\\\/teknologiateollisuus.fi\\\/skol\\\/?s={search_term_string}\"},\"query-input\":{\"@type\":\"PropertyValueSpecification\",\"valueRequired\":true,\"valueName\":\"search_term_string\"}}],\"inLanguage\":\"fi\"}]}<\/script>\n<!-- \/ Yoast SEO Premium plugin. -->","yoast_head_json":{"title":"Toiminta ja palvelut - Skol","robots":{"index":"index","follow":"follow","max-snippet":"max-snippet:-1","max-image-preview":"max-image-preview:large","max-video-preview":"max-video-preview:-1"},"canonical":"https:\/\/teknologiateollisuus.fi\/skol\/tietoa-meista\/toiminta-ja-palvelut\/","og_locale":"fi_FI","og_type":"article","og_title":"Toiminta ja palvelut","og_description":"Paremmat pelis\u00e4\u00e4nn\u00f6t ja toimintaymp\u00e4rist\u00f6 j\u00e4senyrityksille Suunnittelualan vetovoiman parantaminen Ty\u00f6ryhm\u00e4t, ty\u00f6kalut ja pelis\u00e4\u00e4nn\u00f6t Alan arvonluonti, vaikuttavuus ja imago Neuvontapalvelut SKOL-yrityksille, ty\u00f6markkinapalvelut Tilastointi, suhdanteet, tiedottaminen ja ennakointitieto&nbsp;j\u00e4senyrityksille Alan kehitt\u00e4minen, maine ja asiakastyytyv\u00e4isyys Kansainv\u00e4listymisen edist\u00e4minen Palvelut tilaajille","og_url":"https:\/\/teknologiateollisuus.fi\/skol\/tietoa-meista\/toiminta-ja-palvelut\/","og_site_name":"Skol","article_modified_time":"2026-02-02T11:36:44+00:00","og_image":[{"width":1300,"height":975,"url":"https:\/\/teknologiateollisuus.fi\/skol\/wp-content\/uploads\/sites\/6\/2024\/06\/tekno-fallback.png","type":"image\/png"}],"twitter_card":"summary_large_image","twitter_misc":{"Arvioitu lukuaika":"3 minuuttia"},"schema":{"@context":"https:\/\/schema.org","@graph":[{"@type":"WebPage","@id":"https:\/\/teknologiateollisuus.fi\/skol\/tietoa-meista\/toiminta-ja-palvelut\/","url":"https:\/\/teknologiateollisuus.fi\/skol\/tietoa-meista\/toiminta-ja-palvelut\/","name":"Toiminta ja palvelut - Skol","isPartOf":{"@id":"https:\/\/teknologiateollisuus.fi\/skol\/#website"},"primaryImageOfPage":{"@id":"https:\/\/teknologiateollisuus.fi\/skol\/tietoa-meista\/toiminta-ja-palvelut\/#primaryimage"},"image":{"@id":"https:\/\/teknologiateollisuus.fi\/skol\/tietoa-meista\/toiminta-ja-palvelut\/#primaryimage"},"thumbnailUrl":"https:\/\/teknologiateollisuus.fi\/skol\/wp-content\/uploads\/sites\/6\/2024\/06\/tekno-fallback.png","datePublished":"2024-07-30T07:33:04+00:00","dateModified":"2026-02-02T11:36:44+00:00","breadcrumb":{"@id":"https:\/\/teknologiateollisuus.fi\/skol\/tietoa-meista\/toiminta-ja-palvelut\/#breadcrumb"},"inLanguage":"fi","potentialAction":[{"@type":"ReadAction","target":["https:\/\/teknologiateollisuus.fi\/skol\/tietoa-meista\/toiminta-ja-palvelut\/"]}]},{"@type":"ImageObject","inLanguage":"fi","@id":"https:\/\/teknologiateollisuus.fi\/skol\/tietoa-meista\/toiminta-ja-palvelut\/#primaryimage","url":"https:\/\/teknologiateollisuus.fi\/skol\/wp-content\/uploads\/sites\/6\/2024\/06\/tekno-fallback.png","contentUrl":"https:\/\/teknologiateollisuus.fi\/skol\/wp-content\/uploads\/sites\/6\/2024\/06\/tekno-fallback.png","width":1300,"height":975},{"@type":"BreadcrumbList","@id":"https:\/\/teknologiateollisuus.fi\/skol\/tietoa-meista\/toiminta-ja-palvelut\/#breadcrumb","itemListElement":[{"@type":"ListItem","position":1,"name":"Etusivu","item":"https:\/\/teknologiateollisuus.fi\/skol\/"},{"@type":"ListItem","position":2,"name":"Tietoa meist\u00e4","item":"https:\/\/teknologiateollisuus.fi\/skol\/tietoa-meista\/"},{"@type":"ListItem","position":3,"name":"Toiminta ja palvelut"}]},{"@type":"WebSite","@id":"https:\/\/teknologiateollisuus.fi\/skol\/#website","url":"https:\/\/teknologiateollisuus.fi\/skol\/","name":"Skol","description":"","potentialAction":[{"@type":"SearchAction","target":{"@type":"EntryPoint","urlTemplate":"https:\/\/teknologiateollisuus.fi\/skol\/?s={search_term_string}"},"query-input":{"@type":"PropertyValueSpecification","valueRequired":true,"valueName":"search_term_string"}}],"inLanguage":"fi"}]}},"lang":"fi","translations":{"fi":222},"pll_sync_post":[],"_links":{"self":[{"href":"https:\/\/teknologiateollisuus.fi\/skol\/wp-json\/wp\/v2\/pages\/222","targetHints":{"allow":["GET"]}}],"collection":[{"href":"https:\/\/teknologiateollisuus.fi\/skol\/wp-json\/wp\/v2\/pages"}],"about":[{"href":"https:\/\/teknologiateollisuus.fi\/skol\/wp-json\/wp\/v2\/types\/page"}],"author":[{"embeddable":true,"href":"https:\/\/teknologiateollisuus.fi\/skol\/wp-json\/wp\/v2\/users\/50"}],"replies":[{"embeddable":true,"href":"https:\/\/teknologiateollisuus.fi\/skol\/wp-json\/wp\/v2\/comments?post=222"}],"version-history":[{"count":8,"href":"https:\/\/teknologiateollisuus.fi\/skol\/wp-json\/wp\/v2\/pages\/222\/revisions"}],"predecessor-version":[{"id":3236,"href":"https:\/\/teknologiateollisuus.fi\/skol\/wp-json\/wp\/v2\/pages\/222\/revisions\/3236"}],"up":[{"embeddable":true,"href":"https:\/\/teknologiateollisuus.fi\/skol\/wp-json\/wp\/v2\/pages\/120"}],"wp:featuredmedia":[{"embeddable":true,"href":"https:\/\/teknologiateollisuus.fi\/skol\/wp-json\/wp\/v2\/media\/25"}],"wp:attachment":[{"href":"https:\/\/teknologiateollisuus.fi\/skol\/wp-json\/wp\/v2\/media?parent=222"}],"curies":[{"name":"wp","href":"https:\/\/api.w.org\/{rel}","templated":true}]}}