{"id":2224,"date":"2024-11-29T12:00:00","date_gmt":"2024-11-29T10:00:00","guid":{"rendered":"https:\/\/teknologiateollisuus.fi\/skol\/?page_id=2224"},"modified":"2024-12-02T09:54:55","modified_gmt":"2024-12-02T07:54:55","slug":"skolin-dei-hanke","status":"publish","type":"page","link":"https:\/\/teknologiateollisuus.fi\/skol\/osaaminen\/skolin-dei-hanke\/","title":{"rendered":"SKOLin DEI-hanke"},"content":{"rendered":"\n<div class=\"em-block-hero hero-has-background-color has-background has-violet-background-color collapse media-position-right \">\n\t<div class=\"em-block-hero__container\">\n\t\t<div class=\"em-block-hero__content\">\n\t\t\t<div class=\"yoast-breadcrumbs\"><span><span><a href=\"https:\/\/teknologiateollisuus.fi\/skol\/\">Etusivu<\/a><\/span> <span class=\"separator\"><\/span> <span><a href=\"https:\/\/teknologiateollisuus.fi\/skol\/osaaminen\/\">Osaaminen ja vetovoima<\/a><\/span> <span class=\"separator\"><\/span> <span class=\"breadcrumb_last\" aria-current=\"page\">SKOLin DEI-hanke<\/span><\/span><\/div>\t\t\t\n<h1 class=\"wp-block-heading\" id=\"dei-hanke\">DEI-hanke<\/h1>\n\n<p><\/p>\n\t\t\t<div class=\"em-block-hero__modified-date\"> P\u00e4ivitetty 02.12.2024 klo 09:54<\/div>\t\t<\/div>\n\t\t\t\t\t<figure class=\"em-block-hero__image\">\n\t\t\t\t\t\t\t<\/figure>\n\t\t\t<\/div>\n<\/div>\n\n\n\n<p>Suunnittelu- ja konsultointialan yritykset ovat vahvasti sitoutuneet monimuotoisuuden, yhdenvertaisuuden ja inkluusion (DEI) edist\u00e4miseen. Syksyll\u00e4 2024 Suunnittelu- ja konsultointialan toimialaj\u00e4rjest\u00f6 SKOL ry k\u00e4ynnisti merkitt\u00e4v\u00e4n toimialalaajuisen DEI-hankkeen, jolla on suuri strateginen merkitys. SKOL:n keskeisen\u00e4 tavoitteena on vahvistaa alan veto- ja pitovoimaa sek\u00e4 mahdollistaa kest\u00e4v\u00e4\u00e4 kasvua. DEI-teemojen edist\u00e4minen ovat keskeisi\u00e4 tekij\u00f6it\u00e4 n\u00e4iden tavoitteiden saavuttamisessa. Osana kolmiosaista DEI-hanketta on valmistunut k\u00e4yt\u00e4nn\u00f6n katsaus alan toimintaymp\u00e4rist\u00f6\u00f6n DEI-n\u00e4k\u00f6kulmasta, tutkimus SKOL-j\u00e4senyritysten DEI-ty\u00f6n nykytilasta sek\u00e4 toimialan DEI-strategia.<\/p>\n\n\n\n<p>Alta l\u00f6ytyv\u00e4t alan toimintaymp\u00e4rist\u00f6n kuvaus, SKOL-j\u00e4senten kypsyyskartoituksen raportti, ja SKOLin DEI-strategia.<\/p>\n\n\n\n<div class=\"wp-block-buttons is-layout-flex wp-block-buttons-is-layout-flex\">\n<div class=\"wp-block-button  icon-right\"><a class=\"wp-block-button__link wp-element-button\" href=\"https:\/\/teknologiateollisuus.fi\/skol\/raportti-skol-alan-yritysten-toimintaymparistosta-monimuotoisuuden-yhdenvertaisuuden-ja-inkluusion-nakokulmasta\/\">DEI toimintaymp\u00e4rist\u00f6n kuvaus<\/a><\/div>\n\n\n\n<div class=\"wp-block-button  icon-right\"><a class=\"wp-block-button__link wp-element-button\" href=\"https:\/\/teknologiateollisuus.fi\/skol\/wp-content\/uploads\/sites\/6\/2024\/11\/SKOL-jaseniston-DEI-kypsyyskartoituksen-raportti_21112024.pdf\">J\u00e4senist\u00f6n DEI kypsyyskartoitus<\/a><\/div>\n\n\n\n<div class=\"wp-block-button  icon-right\"><a class=\"wp-block-button__link wp-element-button\" href=\"https:\/\/teknologiateollisuus.fi\/skol\/wp-content\/uploads\/sites\/6\/2024\/11\/SKOL_DEI-strategia-2025-2030-291124.pdf\">SKOL DEI-strategia<\/a><\/div>\n<\/div>\n\n\n\n<p><\/p>\n","protected":false},"excerpt":{"rendered":"<p>Suunnittelu- ja konsultointialan yritykset ovat vahvasti sitoutuneet monimuotoisuuden, yhdenvertaisuuden ja inkluusion (DEI) edist\u00e4miseen. Syksyll\u00e4 2024 Suunnittelu- ja konsultointialan toimialaj\u00e4rjest\u00f6 SKOL ry k\u00e4ynnisti merkitt\u00e4v\u00e4n toimialalaajuisen DEI-hankkeen, jolla on suuri strateginen merkitys. SKOL:n keskeisen\u00e4 tavoitteena on vahvistaa alan veto- ja pitovoimaa sek\u00e4 mahdollistaa kest\u00e4v\u00e4\u00e4 kasvua. DEI-teemojen edist\u00e4minen ovat keskeisi\u00e4 tekij\u00f6it\u00e4 n\u00e4iden tavoitteiden saavuttamisessa. Osana kolmiosaista DEI-hanketta on [&hellip;]<\/p>\n","protected":false},"author":50,"featured_media":0,"parent":407,"menu_order":0,"comment_status":"closed","ping_status":"closed","template":"","meta":{"_acf_changed":false,"_relevanssi_hide_post":"","_relevanssi_hide_content":"","_relevanssi_pin_for_all":"","_relevanssi_pin_keywords":"","_relevanssi_unpin_keywords":"","_relevanssi_related_keywords":"","_relevanssi_related_include_ids":"","_relevanssi_related_exclude_ids":"","_relevanssi_related_no_append":"","_relevanssi_related_not_related":"","_relevanssi_related_posts":"1739,1387,1746,2081,1422,709","_relevanssi_noindex_reason":"","inline_featured_image":false,"footnotes":""},"class_list":["post-2224","page","type-page","status-publish","hentry"],"acf":[],"yoast_head":"<!-- This site is optimized with the Yoast SEO Premium plugin v27.1 (Yoast SEO v27.4) - https:\/\/yoast.com\/product\/yoast-seo-premium-wordpress\/ -->\n<title>SKOLin DEI-hanke - Skol<\/title>\n<meta name=\"robots\" content=\"index, follow, max-snippet:-1, max-image-preview:large, max-video-preview:-1\" \/>\n<link rel=\"canonical\" href=\"https:\/\/teknologiateollisuus.fi\/skol\/osaaminen\/skolin-dei-hanke\/\" \/>\n<meta property=\"og:locale\" content=\"fi_FI\" \/>\n<meta property=\"og:type\" content=\"article\" \/>\n<meta property=\"og:title\" content=\"SKOLin DEI-hanke\" \/>\n<meta property=\"og:description\" content=\"Suunnittelu- ja konsultointialan yritykset ovat vahvasti sitoutuneet monimuotoisuuden, yhdenvertaisuuden ja inkluusion (DEI) edist\u00e4miseen. Syksyll\u00e4 2024 Suunnittelu- ja konsultointialan toimialaj\u00e4rjest\u00f6 SKOL ry k\u00e4ynnisti merkitt\u00e4v\u00e4n toimialalaajuisen DEI-hankkeen, jolla on suuri strateginen merkitys. SKOL:n keskeisen\u00e4 tavoitteena on vahvistaa alan veto- ja pitovoimaa sek\u00e4 mahdollistaa kest\u00e4v\u00e4\u00e4 kasvua. DEI-teemojen edist\u00e4minen ovat keskeisi\u00e4 tekij\u00f6it\u00e4 n\u00e4iden tavoitteiden saavuttamisessa. Osana kolmiosaista DEI-hanketta on [&hellip;]\" \/>\n<meta property=\"og:url\" content=\"https:\/\/teknologiateollisuus.fi\/skol\/osaaminen\/skolin-dei-hanke\/\" \/>\n<meta property=\"og:site_name\" content=\"Skol\" \/>\n<meta property=\"article:modified_time\" content=\"2024-12-02T07:54:55+00:00\" \/>\n<meta name=\"twitter:card\" content=\"summary_large_image\" \/>\n<meta name=\"twitter:label1\" content=\"Arvioitu lukuaika\" \/>\n\t<meta name=\"twitter:data1\" content=\"1 minuutti\" \/>\n<script type=\"application\/ld+json\" class=\"yoast-schema-graph\">{\"@context\":\"https:\\\/\\\/schema.org\",\"@graph\":[{\"@type\":\"WebPage\",\"@id\":\"https:\\\/\\\/teknologiateollisuus.fi\\\/skol\\\/osaaminen\\\/skolin-dei-hanke\\\/\",\"url\":\"https:\\\/\\\/teknologiateollisuus.fi\\\/skol\\\/osaaminen\\\/skolin-dei-hanke\\\/\",\"name\":\"SKOLin DEI-hanke - Skol\",\"isPartOf\":{\"@id\":\"https:\\\/\\\/teknologiateollisuus.fi\\\/skol\\\/#website\"},\"datePublished\":\"2024-11-29T10:00:00+00:00\",\"dateModified\":\"2024-12-02T07:54:55+00:00\",\"breadcrumb\":{\"@id\":\"https:\\\/\\\/teknologiateollisuus.fi\\\/skol\\\/osaaminen\\\/skolin-dei-hanke\\\/#breadcrumb\"},\"inLanguage\":\"fi\",\"potentialAction\":[{\"@type\":\"ReadAction\",\"target\":[\"https:\\\/\\\/teknologiateollisuus.fi\\\/skol\\\/osaaminen\\\/skolin-dei-hanke\\\/\"]}]},{\"@type\":\"BreadcrumbList\",\"@id\":\"https:\\\/\\\/teknologiateollisuus.fi\\\/skol\\\/osaaminen\\\/skolin-dei-hanke\\\/#breadcrumb\",\"itemListElement\":[{\"@type\":\"ListItem\",\"position\":1,\"name\":\"Etusivu\",\"item\":\"https:\\\/\\\/teknologiateollisuus.fi\\\/skol\\\/\"},{\"@type\":\"ListItem\",\"position\":2,\"name\":\"Osaaminen ja vetovoima\",\"item\":\"https:\\\/\\\/teknologiateollisuus.fi\\\/skol\\\/osaaminen\\\/\"},{\"@type\":\"ListItem\",\"position\":3,\"name\":\"SKOLin DEI-hanke\"}]},{\"@type\":\"WebSite\",\"@id\":\"https:\\\/\\\/teknologiateollisuus.fi\\\/skol\\\/#website\",\"url\":\"https:\\\/\\\/teknologiateollisuus.fi\\\/skol\\\/\",\"name\":\"Skol\",\"description\":\"\",\"potentialAction\":[{\"@type\":\"SearchAction\",\"target\":{\"@type\":\"EntryPoint\",\"urlTemplate\":\"https:\\\/\\\/teknologiateollisuus.fi\\\/skol\\\/?s={search_term_string}\"},\"query-input\":{\"@type\":\"PropertyValueSpecification\",\"valueRequired\":true,\"valueName\":\"search_term_string\"}}],\"inLanguage\":\"fi\"}]}<\/script>\n<!-- \/ Yoast SEO Premium plugin. -->","yoast_head_json":{"title":"SKOLin DEI-hanke - Skol","robots":{"index":"index","follow":"follow","max-snippet":"max-snippet:-1","max-image-preview":"max-image-preview:large","max-video-preview":"max-video-preview:-1"},"canonical":"https:\/\/teknologiateollisuus.fi\/skol\/osaaminen\/skolin-dei-hanke\/","og_locale":"fi_FI","og_type":"article","og_title":"SKOLin DEI-hanke","og_description":"Suunnittelu- ja konsultointialan yritykset ovat vahvasti sitoutuneet monimuotoisuuden, yhdenvertaisuuden ja inkluusion (DEI) edist\u00e4miseen. Syksyll\u00e4 2024 Suunnittelu- ja konsultointialan toimialaj\u00e4rjest\u00f6 SKOL ry k\u00e4ynnisti merkitt\u00e4v\u00e4n toimialalaajuisen DEI-hankkeen, jolla on suuri strateginen merkitys. SKOL:n keskeisen\u00e4 tavoitteena on vahvistaa alan veto- ja pitovoimaa sek\u00e4 mahdollistaa kest\u00e4v\u00e4\u00e4 kasvua. DEI-teemojen edist\u00e4minen ovat keskeisi\u00e4 tekij\u00f6it\u00e4 n\u00e4iden tavoitteiden saavuttamisessa. Osana kolmiosaista DEI-hanketta on [&hellip;]","og_url":"https:\/\/teknologiateollisuus.fi\/skol\/osaaminen\/skolin-dei-hanke\/","og_site_name":"Skol","article_modified_time":"2024-12-02T07:54:55+00:00","twitter_card":"summary_large_image","twitter_misc":{"Arvioitu lukuaika":"1 minuutti"},"schema":{"@context":"https:\/\/schema.org","@graph":[{"@type":"WebPage","@id":"https:\/\/teknologiateollisuus.fi\/skol\/osaaminen\/skolin-dei-hanke\/","url":"https:\/\/teknologiateollisuus.fi\/skol\/osaaminen\/skolin-dei-hanke\/","name":"SKOLin DEI-hanke - Skol","isPartOf":{"@id":"https:\/\/teknologiateollisuus.fi\/skol\/#website"},"datePublished":"2024-11-29T10:00:00+00:00","dateModified":"2024-12-02T07:54:55+00:00","breadcrumb":{"@id":"https:\/\/teknologiateollisuus.fi\/skol\/osaaminen\/skolin-dei-hanke\/#breadcrumb"},"inLanguage":"fi","potentialAction":[{"@type":"ReadAction","target":["https:\/\/teknologiateollisuus.fi\/skol\/osaaminen\/skolin-dei-hanke\/"]}]},{"@type":"BreadcrumbList","@id":"https:\/\/teknologiateollisuus.fi\/skol\/osaaminen\/skolin-dei-hanke\/#breadcrumb","itemListElement":[{"@type":"ListItem","position":1,"name":"Etusivu","item":"https:\/\/teknologiateollisuus.fi\/skol\/"},{"@type":"ListItem","position":2,"name":"Osaaminen ja vetovoima","item":"https:\/\/teknologiateollisuus.fi\/skol\/osaaminen\/"},{"@type":"ListItem","position":3,"name":"SKOLin DEI-hanke"}]},{"@type":"WebSite","@id":"https:\/\/teknologiateollisuus.fi\/skol\/#website","url":"https:\/\/teknologiateollisuus.fi\/skol\/","name":"Skol","description":"","potentialAction":[{"@type":"SearchAction","target":{"@type":"EntryPoint","urlTemplate":"https:\/\/teknologiateollisuus.fi\/skol\/?s={search_term_string}"},"query-input":{"@type":"PropertyValueSpecification","valueRequired":true,"valueName":"search_term_string"}}],"inLanguage":"fi"}]}},"lang":"fi","translations":{"fi":2224},"pll_sync_post":[],"_links":{"self":[{"href":"https:\/\/teknologiateollisuus.fi\/skol\/wp-json\/wp\/v2\/pages\/2224","targetHints":{"allow":["GET"]}}],"collection":[{"href":"https:\/\/teknologiateollisuus.fi\/skol\/wp-json\/wp\/v2\/pages"}],"about":[{"href":"https:\/\/teknologiateollisuus.fi\/skol\/wp-json\/wp\/v2\/types\/page"}],"author":[{"embeddable":true,"href":"https:\/\/teknologiateollisuus.fi\/skol\/wp-json\/wp\/v2\/users\/50"}],"replies":[{"embeddable":true,"href":"https:\/\/teknologiateollisuus.fi\/skol\/wp-json\/wp\/v2\/comments?post=2224"}],"version-history":[{"count":3,"href":"https:\/\/teknologiateollisuus.fi\/skol\/wp-json\/wp\/v2\/pages\/2224\/revisions"}],"predecessor-version":[{"id":2268,"href":"https:\/\/teknologiateollisuus.fi\/skol\/wp-json\/wp\/v2\/pages\/2224\/revisions\/2268"}],"up":[{"embeddable":true,"href":"https:\/\/teknologiateollisuus.fi\/skol\/wp-json\/wp\/v2\/pages\/407"}],"wp:attachment":[{"href":"https:\/\/teknologiateollisuus.fi\/skol\/wp-json\/wp\/v2\/media?parent=2224"}],"curies":[{"name":"wp","href":"https:\/\/api.w.org\/{rel}","templated":true}]}}