{"id":259,"date":"2024-07-30T11:31:50","date_gmt":"2024-07-30T08:31:50","guid":{"rendered":"https:\/\/teknologiateollisuus.fi\/skol\/?page_id=259"},"modified":"2026-03-06T13:14:32","modified_gmt":"2026-03-06T11:14:32","slug":"hallitus-2025","status":"publish","type":"page","link":"https:\/\/teknologiateollisuus.fi\/skol\/tietoa-meista\/hallitus-2025\/","title":{"rendered":"Hallitus 2026"},"content":{"rendered":"\n<div class=\"em-block-hero hero-has-background-color has-background has-violet-background-color collapse media-position-right \">\n\t<div class=\"em-block-hero__container\">\n\t\t<div class=\"em-block-hero__content\">\n\t\t\t<div class=\"yoast-breadcrumbs\"><span><span><a href=\"https:\/\/teknologiateollisuus.fi\/skol\/\">Etusivu<\/a><\/span> <span class=\"separator\"><\/span> <span><a href=\"https:\/\/teknologiateollisuus.fi\/skol\/tietoa-meista\/\">Tietoa meist\u00e4<\/a><\/span> <span class=\"separator\"><\/span> <span class=\"breadcrumb_last\" aria-current=\"page\">Hallitus 2026<\/span><\/span><\/div>\t\t\t\n<h1 class=\"wp-block-heading\" id=\"h-hallitus-2026\">Hallitus 2026<\/h1>\n\n<p><\/p>\n\t\t\t<div class=\"em-block-hero__modified-date\"> P\u00e4ivitetty 06.03.2026 klo 13:14<\/div>\t\t<\/div>\n\t\t\t\t\t<figure class=\"em-block-hero__image\">\n\t\t\t\t\t\t\t<\/figure>\n\t\t\t<\/div>\n<\/div>\n\n\n\n<h2 class=\"wp-block-heading\" id=\"h-puheenjohtaja\" id=\"puheenjohtaja\">Puheenjohtaja<\/h2>\n\n\n\n<p>Maija Jokela, Ramboll Finland Oy, toimitusjohtaja<\/p>\n\n\n\n<h2 class=\"wp-block-heading\" id=\"h-varapuheenjohtajat\" id=\"varapuheenjohtajat\">Varapuheenjohtajat<\/h2>\n\n\n\n<p>Tuukka Sormunen, maajohtaja AFRY Finland Oy<\/p>\n\n\n\n<p>Thomas Hietto, maajohtaja Sweco Finland Oy<\/p>\n\n\n\n<h2 class=\"wp-block-heading\" id=\"h-jasenet\" id=\"jasenet\">J\u00e4senet<\/h2>\n\n\n\n<p>Tytti Bruce-Hyrk\u00e4s, Granlund Oy<\/p>\n\n\n\n<p>Kari Kauniskangas, toimitusjohtaja, A-Insin\u00f6\u00f6rit Oy<\/p>\n\n\n\n<p>Janne Ketola, toimitusjohtaja Rakennuttajatoimisto HTJ Oy<\/p>\n\n\n\n<p>Tom Lind, toimitusjohtaja, Elomatic Oy<\/p>\n\n\n\n<p>Noora Haverinen, Welado Oy<\/p>\n\n\n\n<p>Johanna Into, T\u00e4hti-Set Oy<\/p>\n\n\n\n<h2 class=\"wp-block-heading\" id=\"h-hallituksen-kokoukset-2026\" id=\"hallituksen-kokoukset-2026\">Hallituksen kokoukset 2026<\/h2>\n\n\n\n<p>Kokous 1\/2026 6.2.2026<\/p>\n\n\n\n<p>Kokous 2\/2026 8.4.2026<\/p>\n\n\n\n<p id=\"block-874d80bb-024f-49d6-be24-28d00414a8e4\">Kokous 3\/2026 9.6.2026<\/p>\n\n\n\n<p id=\"block-874d80bb-024f-49d6-be24-28d00414a8e4\">Kokous 4\/2026 24.8.2026<\/p>\n\n\n\n<p id=\"block-874d80bb-024f-49d6-be24-28d00414a8e4\">Kokous 5\/2026 13.10.2026<\/p>\n\n\n\n<p>Kokous 6\/2026 12.11.2026<\/p>\n\n\n\n<p>Kokous 7\/2026 9.12.2026<\/p>\n\n\n\n<h2 class=\"wp-block-heading\" id=\"h-yhdistyksen-kokoukset-ja-vuosiseminaarit-2026\" id=\"yhdistyksen-kokoukset-ja-vuosiseminaarit-2026\">Yhdistyksen kokoukset ja vuosiseminaarit 2026<\/h2>\n\n\n\n<p>Kev\u00e4tkokous ja konsulttip\u00e4iv\u00e4 27.4.2026<\/p>\n","protected":false},"excerpt":{"rendered":"<p>Puheenjohtaja Maija Jokela, Ramboll Finland Oy, toimitusjohtaja Varapuheenjohtajat Tuukka Sormunen, maajohtaja AFRY Finland Oy Thomas Hietto, maajohtaja Sweco Finland Oy J\u00e4senet Tytti Bruce-Hyrk\u00e4s, Granlund Oy Kari Kauniskangas, toimitusjohtaja, A-Insin\u00f6\u00f6rit Oy Janne Ketola, toimitusjohtaja Rakennuttajatoimisto HTJ Oy Tom Lind, toimitusjohtaja, Elomatic Oy Noora Haverinen, Welado Oy Johanna Into, T\u00e4hti-Set Oy Hallituksen kokoukset 2026 Kokous 1\/2026 6.2.2026 [&hellip;]<\/p>\n","protected":false},"author":50,"featured_media":0,"parent":120,"menu_order":5,"comment_status":"closed","ping_status":"closed","template":"","meta":{"_acf_changed":false,"_relevanssi_hide_post":"","_relevanssi_hide_content":"","_relevanssi_pin_for_all":"","_relevanssi_pin_keywords":"","_relevanssi_unpin_keywords":"","_relevanssi_related_keywords":"","_relevanssi_related_include_ids":"","_relevanssi_related_exclude_ids":"","_relevanssi_related_no_append":"","_relevanssi_related_not_related":"","_relevanssi_related_posts":"48,57,256,54,55,56","_relevanssi_noindex_reason":"","inline_featured_image":false,"footnotes":""},"class_list":["post-259","page","type-page","status-publish","hentry"],"acf":[],"yoast_head":"<!-- This site is optimized with the Yoast SEO Premium plugin v27.1 (Yoast SEO v27.4) - https:\/\/yoast.com\/product\/yoast-seo-premium-wordpress\/ -->\n<title>Hallitus 2026 - Skol<\/title>\n<meta name=\"robots\" content=\"index, follow, max-snippet:-1, max-image-preview:large, max-video-preview:-1\" \/>\n<link rel=\"canonical\" href=\"https:\/\/teknologiateollisuus.fi\/skol\/tietoa-meista\/hallitus-2025\/\" \/>\n<meta property=\"og:locale\" content=\"fi_FI\" \/>\n<meta property=\"og:type\" content=\"article\" \/>\n<meta property=\"og:title\" content=\"Hallitus 2026\" \/>\n<meta property=\"og:description\" content=\"Puheenjohtaja Maija Jokela, Ramboll Finland Oy, toimitusjohtaja Varapuheenjohtajat Tuukka Sormunen, maajohtaja AFRY Finland Oy Thomas Hietto, maajohtaja Sweco Finland Oy J\u00e4senet Tytti Bruce-Hyrk\u00e4s, Granlund Oy Kari Kauniskangas, toimitusjohtaja, A-Insin\u00f6\u00f6rit Oy Janne Ketola, toimitusjohtaja Rakennuttajatoimisto HTJ Oy Tom Lind, toimitusjohtaja, Elomatic Oy Noora Haverinen, Welado Oy Johanna Into, T\u00e4hti-Set Oy Hallituksen kokoukset 2026 Kokous 1\/2026 6.2.2026 [&hellip;]\" \/>\n<meta property=\"og:url\" content=\"https:\/\/teknologiateollisuus.fi\/skol\/tietoa-meista\/hallitus-2025\/\" \/>\n<meta property=\"og:site_name\" content=\"Skol\" \/>\n<meta property=\"article:modified_time\" content=\"2026-03-06T11:14:32+00:00\" \/>\n<meta name=\"twitter:card\" content=\"summary_large_image\" \/>\n<meta name=\"twitter:label1\" content=\"Arvioitu lukuaika\" \/>\n\t<meta name=\"twitter:data1\" content=\"1 minuutti\" \/>\n<script type=\"application\/ld+json\" class=\"yoast-schema-graph\">{\"@context\":\"https:\\\/\\\/schema.org\",\"@graph\":[{\"@type\":\"WebPage\",\"@id\":\"https:\\\/\\\/teknologiateollisuus.fi\\\/skol\\\/tietoa-meista\\\/hallitus-2025\\\/\",\"url\":\"https:\\\/\\\/teknologiateollisuus.fi\\\/skol\\\/tietoa-meista\\\/hallitus-2025\\\/\",\"name\":\"Hallitus 2026 - Skol\",\"isPartOf\":{\"@id\":\"https:\\\/\\\/teknologiateollisuus.fi\\\/skol\\\/#website\"},\"datePublished\":\"2024-07-30T08:31:50+00:00\",\"dateModified\":\"2026-03-06T11:14:32+00:00\",\"breadcrumb\":{\"@id\":\"https:\\\/\\\/teknologiateollisuus.fi\\\/skol\\\/tietoa-meista\\\/hallitus-2025\\\/#breadcrumb\"},\"inLanguage\":\"fi\",\"potentialAction\":[{\"@type\":\"ReadAction\",\"target\":[\"https:\\\/\\\/teknologiateollisuus.fi\\\/skol\\\/tietoa-meista\\\/hallitus-2025\\\/\"]}]},{\"@type\":\"BreadcrumbList\",\"@id\":\"https:\\\/\\\/teknologiateollisuus.fi\\\/skol\\\/tietoa-meista\\\/hallitus-2025\\\/#breadcrumb\",\"itemListElement\":[{\"@type\":\"ListItem\",\"position\":1,\"name\":\"Etusivu\",\"item\":\"https:\\\/\\\/teknologiateollisuus.fi\\\/skol\\\/\"},{\"@type\":\"ListItem\",\"position\":2,\"name\":\"Tietoa meist\u00e4\",\"item\":\"https:\\\/\\\/teknologiateollisuus.fi\\\/skol\\\/tietoa-meista\\\/\"},{\"@type\":\"ListItem\",\"position\":3,\"name\":\"Hallitus 2026\"}]},{\"@type\":\"WebSite\",\"@id\":\"https:\\\/\\\/teknologiateollisuus.fi\\\/skol\\\/#website\",\"url\":\"https:\\\/\\\/teknologiateollisuus.fi\\\/skol\\\/\",\"name\":\"Skol\",\"description\":\"\",\"potentialAction\":[{\"@type\":\"SearchAction\",\"target\":{\"@type\":\"EntryPoint\",\"urlTemplate\":\"https:\\\/\\\/teknologiateollisuus.fi\\\/skol\\\/?s={search_term_string}\"},\"query-input\":{\"@type\":\"PropertyValueSpecification\",\"valueRequired\":true,\"valueName\":\"search_term_string\"}}],\"inLanguage\":\"fi\"}]}<\/script>\n<!-- \/ Yoast SEO Premium plugin. -->","yoast_head_json":{"title":"Hallitus 2026 - Skol","robots":{"index":"index","follow":"follow","max-snippet":"max-snippet:-1","max-image-preview":"max-image-preview:large","max-video-preview":"max-video-preview:-1"},"canonical":"https:\/\/teknologiateollisuus.fi\/skol\/tietoa-meista\/hallitus-2025\/","og_locale":"fi_FI","og_type":"article","og_title":"Hallitus 2026","og_description":"Puheenjohtaja Maija Jokela, Ramboll Finland Oy, toimitusjohtaja Varapuheenjohtajat Tuukka Sormunen, maajohtaja AFRY Finland Oy Thomas Hietto, maajohtaja Sweco Finland Oy J\u00e4senet Tytti Bruce-Hyrk\u00e4s, Granlund Oy Kari Kauniskangas, toimitusjohtaja, A-Insin\u00f6\u00f6rit Oy Janne Ketola, toimitusjohtaja Rakennuttajatoimisto HTJ Oy Tom Lind, toimitusjohtaja, Elomatic Oy Noora Haverinen, Welado Oy Johanna Into, T\u00e4hti-Set Oy Hallituksen kokoukset 2026 Kokous 1\/2026 6.2.2026 [&hellip;]","og_url":"https:\/\/teknologiateollisuus.fi\/skol\/tietoa-meista\/hallitus-2025\/","og_site_name":"Skol","article_modified_time":"2026-03-06T11:14:32+00:00","twitter_card":"summary_large_image","twitter_misc":{"Arvioitu lukuaika":"1 minuutti"},"schema":{"@context":"https:\/\/schema.org","@graph":[{"@type":"WebPage","@id":"https:\/\/teknologiateollisuus.fi\/skol\/tietoa-meista\/hallitus-2025\/","url":"https:\/\/teknologiateollisuus.fi\/skol\/tietoa-meista\/hallitus-2025\/","name":"Hallitus 2026 - Skol","isPartOf":{"@id":"https:\/\/teknologiateollisuus.fi\/skol\/#website"},"datePublished":"2024-07-30T08:31:50+00:00","dateModified":"2026-03-06T11:14:32+00:00","breadcrumb":{"@id":"https:\/\/teknologiateollisuus.fi\/skol\/tietoa-meista\/hallitus-2025\/#breadcrumb"},"inLanguage":"fi","potentialAction":[{"@type":"ReadAction","target":["https:\/\/teknologiateollisuus.fi\/skol\/tietoa-meista\/hallitus-2025\/"]}]},{"@type":"BreadcrumbList","@id":"https:\/\/teknologiateollisuus.fi\/skol\/tietoa-meista\/hallitus-2025\/#breadcrumb","itemListElement":[{"@type":"ListItem","position":1,"name":"Etusivu","item":"https:\/\/teknologiateollisuus.fi\/skol\/"},{"@type":"ListItem","position":2,"name":"Tietoa meist\u00e4","item":"https:\/\/teknologiateollisuus.fi\/skol\/tietoa-meista\/"},{"@type":"ListItem","position":3,"name":"Hallitus 2026"}]},{"@type":"WebSite","@id":"https:\/\/teknologiateollisuus.fi\/skol\/#website","url":"https:\/\/teknologiateollisuus.fi\/skol\/","name":"Skol","description":"","potentialAction":[{"@type":"SearchAction","target":{"@type":"EntryPoint","urlTemplate":"https:\/\/teknologiateollisuus.fi\/skol\/?s={search_term_string}"},"query-input":{"@type":"PropertyValueSpecification","valueRequired":true,"valueName":"search_term_string"}}],"inLanguage":"fi"}]}},"lang":"fi","translations":{"fi":259},"pll_sync_post":[],"_links":{"self":[{"href":"https:\/\/teknologiateollisuus.fi\/skol\/wp-json\/wp\/v2\/pages\/259","targetHints":{"allow":["GET"]}}],"collection":[{"href":"https:\/\/teknologiateollisuus.fi\/skol\/wp-json\/wp\/v2\/pages"}],"about":[{"href":"https:\/\/teknologiateollisuus.fi\/skol\/wp-json\/wp\/v2\/types\/page"}],"author":[{"embeddable":true,"href":"https:\/\/teknologiateollisuus.fi\/skol\/wp-json\/wp\/v2\/users\/50"}],"replies":[{"embeddable":true,"href":"https:\/\/teknologiateollisuus.fi\/skol\/wp-json\/wp\/v2\/comments?post=259"}],"version-history":[{"count":8,"href":"https:\/\/teknologiateollisuus.fi\/skol\/wp-json\/wp\/v2\/pages\/259\/revisions"}],"predecessor-version":[{"id":3318,"href":"https:\/\/teknologiateollisuus.fi\/skol\/wp-json\/wp\/v2\/pages\/259\/revisions\/3318"}],"up":[{"embeddable":true,"href":"https:\/\/teknologiateollisuus.fi\/skol\/wp-json\/wp\/v2\/pages\/120"}],"wp:attachment":[{"href":"https:\/\/teknologiateollisuus.fi\/skol\/wp-json\/wp\/v2\/media?parent=259"}],"curies":[{"name":"wp","href":"https:\/\/api.w.org\/{rel}","templated":true}]}}