{"id":266,"date":"2024-07-30T12:17:58","date_gmt":"2024-07-30T09:17:58","guid":{"rendered":"https:\/\/teknologiateollisuus.fi\/skol\/?page_id=266"},"modified":"2025-12-19T14:37:16","modified_gmt":"2025-12-19T12:37:16","slug":"skol-uutiskirje","status":"publish","type":"page","link":"https:\/\/teknologiateollisuus.fi\/skol\/tietoa-meista\/skol-uutiskirje\/","title":{"rendered":"SKOL uutiskirje"},"content":{"rendered":"\n<div class=\"em-block-hero hero-has-background-color has-background has-violet-background-color collapse media-position-right \">\n\t<div class=\"em-block-hero__container\">\n\t\t<div class=\"em-block-hero__content\">\n\t\t\t<div class=\"yoast-breadcrumbs\"><span><span><a href=\"https:\/\/teknologiateollisuus.fi\/skol\/\">Etusivu<\/a><\/span> <span class=\"separator\"><\/span> <span><a href=\"https:\/\/teknologiateollisuus.fi\/skol\/tietoa-meista\/\">Tietoa meist\u00e4<\/a><\/span> <span class=\"separator\"><\/span> <span class=\"breadcrumb_last\" aria-current=\"page\">SKOL uutiskirje<\/span><\/span><\/div>\t\t\t\n<h1 class=\"wp-block-heading\" id=\"h-skol-uutiskirje\">SKOL uutiskirje<\/h1>\n\n<p><\/p>\n\t\t\t<div class=\"em-block-hero__modified-date\"> P\u00e4ivitetty 19.12.2025 klo 14:37<\/div>\t\t<\/div>\n\t\t\t\t\t<figure class=\"em-block-hero__image\">\n\t\t\t\t\t\t\t<\/figure>\n\t\t\t<\/div>\n<\/div>\n\n\n\n<h2 class=\"wp-block-heading\" id=\"h-talta-sivulta-voit-tilata-skol-uutiskirjeen\" id=\"talta-sivulta-voit-tilata-skol-uutiskirjeen\">T\u00e4lt\u00e4 sivulta voit tilata SKOL uutiskirjeen<\/h2>\n\n\n\n<p>Tilaa SKOL uutiskirje l\u00e4hett\u00e4m\u00e4ll\u00e4 s\u00e4hk\u00f6postitietosi osoitteeseen&nbsp;<a href=\"mailto:skolry@teknologiateollisuus.fi\">skolry@teknologiateollisuus.fi<\/a>&nbsp;<\/p>\n\n\n\n<h2 class=\"wp-block-heading\" id=\"h-seuraa-skolia-myos-sosiaalisessa-mediassa\" id=\"seuraa-skolia-myos-sosiaalisessa-mediassa\">Seuraa SKOLia my\u00f6s sosiaalisessa mediassa<\/h2>\n\n\n\n<ul class=\"wp-block-social-links has-icon-color has-icon-background-color is-style-default is-horizontal is-content-justification-left is-layout-flex wp-container-core-social-links-is-layout-9cde4f48 wp-block-social-links-is-layout-flex\"><li style=\"color:var(--color-white);background-color:var(--color-white);\" class=\"wp-social-link wp-social-link-instagram has-white-color has-white-background-color wp-block-social-link\"><a href=\"https:\/\/www.instagram.com\/skol_ry\/\" class=\"wp-block-social-link-anchor\"><svg width=\"24\" height=\"24\" viewBox=\"0 0 24 24\" version=\"1.1\" xmlns=\"http:\/\/www.w3.org\/2000\/svg\" aria-hidden=\"true\" focusable=\"false\"><path d=\"M12,4.622c2.403,0,2.688,0.009,3.637,0.052c0.877,0.04,1.354,0.187,1.671,0.31c0.42,0.163,0.72,0.358,1.035,0.673 c0.315,0.315,0.51,0.615,0.673,1.035c0.123,0.317,0.27,0.794,0.31,1.671c0.043,0.949,0.052,1.234,0.052,3.637 s-0.009,2.688-0.052,3.637c-0.04,0.877-0.187,1.354-0.31,1.671c-0.163,0.42-0.358,0.72-0.673,1.035 c-0.315,0.315-0.615,0.51-1.035,0.673c-0.317,0.123-0.794,0.27-1.671,0.31c-0.949,0.043-1.233,0.052-3.637,0.052 s-2.688-0.009-3.637-0.052c-0.877-0.04-1.354-0.187-1.671-0.31c-0.42-0.163-0.72-0.358-1.035-0.673 c-0.315-0.315-0.51-0.615-0.673-1.035c-0.123-0.317-0.27-0.794-0.31-1.671C4.631,14.688,4.622,14.403,4.622,12 s0.009-2.688,0.052-3.637c0.04-0.877,0.187-1.354,0.31-1.671c0.163-0.42,0.358-0.72,0.673-1.035 c0.315-0.315,0.615-0.51,1.035-0.673c0.317-0.123,0.794-0.27,1.671-0.31C9.312,4.631,9.597,4.622,12,4.622 M12,3 C9.556,3,9.249,3.01,8.289,3.054C7.331,3.098,6.677,3.25,6.105,3.472C5.513,3.702,5.011,4.01,4.511,4.511 c-0.5,0.5-0.808,1.002-1.038,1.594C3.25,6.677,3.098,7.331,3.054,8.289C3.01,9.249,3,9.556,3,12c0,2.444,0.01,2.751,0.054,3.711 c0.044,0.958,0.196,1.612,0.418,2.185c0.23,0.592,0.538,1.094,1.038,1.594c0.5,0.5,1.002,0.808,1.594,1.038 c0.572,0.222,1.227,0.375,2.185,0.418C9.249,20.99,9.556,21,12,21s2.751-0.01,3.711-0.054c0.958-0.044,1.612-0.196,2.185-0.418 c0.592-0.23,1.094-0.538,1.594-1.038c0.5-0.5,0.808-1.002,1.038-1.594c0.222-0.572,0.375-1.227,0.418-2.185 C20.99,14.751,21,14.444,21,12s-0.01-2.751-0.054-3.711c-0.044-0.958-0.196-1.612-0.418-2.185c-0.23-0.592-0.538-1.094-1.038-1.594 c-0.5-0.5-1.002-0.808-1.594-1.038c-0.572-0.222-1.227-0.375-2.185-0.418C14.751,3.01,14.444,3,12,3L12,3z M12,7.378 c-2.552,0-4.622,2.069-4.622,4.622S9.448,16.622,12,16.622s4.622-2.069,4.622-4.622S14.552,7.378,12,7.378z M12,15 c-1.657,0-3-1.343-3-3s1.343-3,3-3s3,1.343,3,3S13.657,15,12,15z M16.804,6.116c-0.596,0-1.08,0.484-1.08,1.08 s0.484,1.08,1.08,1.08c0.596,0,1.08-0.484,1.08-1.08S17.401,6.116,16.804,6.116z\"><\/path><\/svg><span class=\"wp-block-social-link-label screen-reader-text\">Instagram<\/span><\/a><\/li>\n\n<li style=\"color:var(--color-white);background-color:var(--color-white);\" class=\"wp-social-link wp-social-link-linkedin has-white-color has-white-background-color wp-block-social-link\"><a href=\"https:\/\/www.linkedin.com\/company\/15184595\/admin\/\" class=\"wp-block-social-link-anchor\"><svg width=\"24\" height=\"24\" viewBox=\"0 0 24 24\" version=\"1.1\" xmlns=\"http:\/\/www.w3.org\/2000\/svg\" aria-hidden=\"true\" focusable=\"false\"><path d=\"M19.7,3H4.3C3.582,3,3,3.582,3,4.3v15.4C3,20.418,3.582,21,4.3,21h15.4c0.718,0,1.3-0.582,1.3-1.3V4.3 C21,3.582,20.418,3,19.7,3z M8.339,18.338H5.667v-8.59h2.672V18.338z M7.004,8.574c-0.857,0-1.549-0.694-1.549-1.548 c0-0.855,0.691-1.548,1.549-1.548c0.854,0,1.547,0.694,1.547,1.548C8.551,7.881,7.858,8.574,7.004,8.574z M18.339,18.338h-2.669 v-4.177c0-0.996-0.017-2.278-1.387-2.278c-1.389,0-1.601,1.086-1.601,2.206v4.249h-2.667v-8.59h2.559v1.174h0.037 c0.356-0.675,1.227-1.387,2.526-1.387c2.703,0,3.203,1.779,3.203,4.092V18.338z\"><\/path><\/svg><span class=\"wp-block-social-link-label screen-reader-text\">LinkedIn<\/span><\/a><\/li><\/ul>\n","protected":false},"excerpt":{"rendered":"<p>T\u00e4lt\u00e4 sivulta voit tilata SKOL uutiskirjeen Tilaa SKOL uutiskirje l\u00e4hett\u00e4m\u00e4ll\u00e4 s\u00e4hk\u00f6postitietosi osoitteeseen&nbsp;skolry@teknologiateollisuus.fi&nbsp; Seuraa SKOLia my\u00f6s sosiaalisessa mediassa<\/p>\n","protected":false},"author":50,"featured_media":0,"parent":120,"menu_order":10,"comment_status":"closed","ping_status":"closed","template":"","meta":{"_acf_changed":false,"_relevanssi_hide_post":"","_relevanssi_hide_content":"","_relevanssi_pin_for_all":"","_relevanssi_pin_keywords":"","_relevanssi_unpin_keywords":"","_relevanssi_related_keywords":"","_relevanssi_related_include_ids":"","_relevanssi_related_exclude_ids":"","_relevanssi_related_no_append":"","_relevanssi_related_not_related":"","_relevanssi_related_posts":"55,53,54,56,48,57","_relevanssi_noindex_reason":"","inline_featured_image":false,"footnotes":""},"class_list":["post-266","page","type-page","status-publish","hentry"],"acf":[],"yoast_head":"<!-- This site is optimized with the Yoast SEO Premium plugin v27.1 (Yoast SEO v27.4) - https:\/\/yoast.com\/product\/yoast-seo-premium-wordpress\/ -->\n<title>SKOL uutiskirje - Skol<\/title>\n<meta name=\"robots\" content=\"index, follow, max-snippet:-1, max-image-preview:large, max-video-preview:-1\" \/>\n<link rel=\"canonical\" href=\"https:\/\/teknologiateollisuus.fi\/skol\/tietoa-meista\/skol-uutiskirje\/\" \/>\n<meta property=\"og:locale\" content=\"fi_FI\" \/>\n<meta property=\"og:type\" content=\"article\" \/>\n<meta property=\"og:title\" content=\"SKOL uutiskirje\" \/>\n<meta property=\"og:description\" content=\"T\u00e4lt\u00e4 sivulta voit tilata SKOL uutiskirjeen Tilaa SKOL uutiskirje l\u00e4hett\u00e4m\u00e4ll\u00e4 s\u00e4hk\u00f6postitietosi osoitteeseen&nbsp;skolry@teknologiateollisuus.fi&nbsp; Seuraa SKOLia my\u00f6s sosiaalisessa mediassa\" \/>\n<meta property=\"og:url\" content=\"https:\/\/teknologiateollisuus.fi\/skol\/tietoa-meista\/skol-uutiskirje\/\" \/>\n<meta property=\"og:site_name\" content=\"Skol\" \/>\n<meta property=\"article:modified_time\" content=\"2025-12-19T12:37:16+00:00\" \/>\n<meta name=\"twitter:card\" content=\"summary_large_image\" \/>\n<meta name=\"twitter:label1\" content=\"Arvioitu lukuaika\" \/>\n\t<meta name=\"twitter:data1\" content=\"1 minuutti\" \/>\n<script type=\"application\/ld+json\" class=\"yoast-schema-graph\">{\"@context\":\"https:\\\/\\\/schema.org\",\"@graph\":[{\"@type\":\"WebPage\",\"@id\":\"https:\\\/\\\/teknologiateollisuus.fi\\\/skol\\\/tietoa-meista\\\/skol-uutiskirje\\\/\",\"url\":\"https:\\\/\\\/teknologiateollisuus.fi\\\/skol\\\/tietoa-meista\\\/skol-uutiskirje\\\/\",\"name\":\"SKOL uutiskirje - Skol\",\"isPartOf\":{\"@id\":\"https:\\\/\\\/teknologiateollisuus.fi\\\/skol\\\/#website\"},\"datePublished\":\"2024-07-30T09:17:58+00:00\",\"dateModified\":\"2025-12-19T12:37:16+00:00\",\"breadcrumb\":{\"@id\":\"https:\\\/\\\/teknologiateollisuus.fi\\\/skol\\\/tietoa-meista\\\/skol-uutiskirje\\\/#breadcrumb\"},\"inLanguage\":\"fi\",\"potentialAction\":[{\"@type\":\"ReadAction\",\"target\":[\"https:\\\/\\\/teknologiateollisuus.fi\\\/skol\\\/tietoa-meista\\\/skol-uutiskirje\\\/\"]}]},{\"@type\":\"BreadcrumbList\",\"@id\":\"https:\\\/\\\/teknologiateollisuus.fi\\\/skol\\\/tietoa-meista\\\/skol-uutiskirje\\\/#breadcrumb\",\"itemListElement\":[{\"@type\":\"ListItem\",\"position\":1,\"name\":\"Etusivu\",\"item\":\"https:\\\/\\\/teknologiateollisuus.fi\\\/skol\\\/\"},{\"@type\":\"ListItem\",\"position\":2,\"name\":\"Tietoa meist\u00e4\",\"item\":\"https:\\\/\\\/teknologiateollisuus.fi\\\/skol\\\/tietoa-meista\\\/\"},{\"@type\":\"ListItem\",\"position\":3,\"name\":\"SKOL uutiskirje\"}]},{\"@type\":\"WebSite\",\"@id\":\"https:\\\/\\\/teknologiateollisuus.fi\\\/skol\\\/#website\",\"url\":\"https:\\\/\\\/teknologiateollisuus.fi\\\/skol\\\/\",\"name\":\"Skol\",\"description\":\"\",\"potentialAction\":[{\"@type\":\"SearchAction\",\"target\":{\"@type\":\"EntryPoint\",\"urlTemplate\":\"https:\\\/\\\/teknologiateollisuus.fi\\\/skol\\\/?s={search_term_string}\"},\"query-input\":{\"@type\":\"PropertyValueSpecification\",\"valueRequired\":true,\"valueName\":\"search_term_string\"}}],\"inLanguage\":\"fi\"}]}<\/script>\n<!-- \/ Yoast SEO Premium plugin. -->","yoast_head_json":{"title":"SKOL uutiskirje - Skol","robots":{"index":"index","follow":"follow","max-snippet":"max-snippet:-1","max-image-preview":"max-image-preview:large","max-video-preview":"max-video-preview:-1"},"canonical":"https:\/\/teknologiateollisuus.fi\/skol\/tietoa-meista\/skol-uutiskirje\/","og_locale":"fi_FI","og_type":"article","og_title":"SKOL uutiskirje","og_description":"T\u00e4lt\u00e4 sivulta voit tilata SKOL uutiskirjeen Tilaa SKOL uutiskirje l\u00e4hett\u00e4m\u00e4ll\u00e4 s\u00e4hk\u00f6postitietosi osoitteeseen&nbsp;skolry@teknologiateollisuus.fi&nbsp; Seuraa SKOLia my\u00f6s sosiaalisessa mediassa","og_url":"https:\/\/teknologiateollisuus.fi\/skol\/tietoa-meista\/skol-uutiskirje\/","og_site_name":"Skol","article_modified_time":"2025-12-19T12:37:16+00:00","twitter_card":"summary_large_image","twitter_misc":{"Arvioitu lukuaika":"1 minuutti"},"schema":{"@context":"https:\/\/schema.org","@graph":[{"@type":"WebPage","@id":"https:\/\/teknologiateollisuus.fi\/skol\/tietoa-meista\/skol-uutiskirje\/","url":"https:\/\/teknologiateollisuus.fi\/skol\/tietoa-meista\/skol-uutiskirje\/","name":"SKOL uutiskirje - Skol","isPartOf":{"@id":"https:\/\/teknologiateollisuus.fi\/skol\/#website"},"datePublished":"2024-07-30T09:17:58+00:00","dateModified":"2025-12-19T12:37:16+00:00","breadcrumb":{"@id":"https:\/\/teknologiateollisuus.fi\/skol\/tietoa-meista\/skol-uutiskirje\/#breadcrumb"},"inLanguage":"fi","potentialAction":[{"@type":"ReadAction","target":["https:\/\/teknologiateollisuus.fi\/skol\/tietoa-meista\/skol-uutiskirje\/"]}]},{"@type":"BreadcrumbList","@id":"https:\/\/teknologiateollisuus.fi\/skol\/tietoa-meista\/skol-uutiskirje\/#breadcrumb","itemListElement":[{"@type":"ListItem","position":1,"name":"Etusivu","item":"https:\/\/teknologiateollisuus.fi\/skol\/"},{"@type":"ListItem","position":2,"name":"Tietoa meist\u00e4","item":"https:\/\/teknologiateollisuus.fi\/skol\/tietoa-meista\/"},{"@type":"ListItem","position":3,"name":"SKOL uutiskirje"}]},{"@type":"WebSite","@id":"https:\/\/teknologiateollisuus.fi\/skol\/#website","url":"https:\/\/teknologiateollisuus.fi\/skol\/","name":"Skol","description":"","potentialAction":[{"@type":"SearchAction","target":{"@type":"EntryPoint","urlTemplate":"https:\/\/teknologiateollisuus.fi\/skol\/?s={search_term_string}"},"query-input":{"@type":"PropertyValueSpecification","valueRequired":true,"valueName":"search_term_string"}}],"inLanguage":"fi"}]}},"lang":"fi","translations":{"fi":266},"pll_sync_post":[],"_links":{"self":[{"href":"https:\/\/teknologiateollisuus.fi\/skol\/wp-json\/wp\/v2\/pages\/266","targetHints":{"allow":["GET"]}}],"collection":[{"href":"https:\/\/teknologiateollisuus.fi\/skol\/wp-json\/wp\/v2\/pages"}],"about":[{"href":"https:\/\/teknologiateollisuus.fi\/skol\/wp-json\/wp\/v2\/types\/page"}],"author":[{"embeddable":true,"href":"https:\/\/teknologiateollisuus.fi\/skol\/wp-json\/wp\/v2\/users\/50"}],"replies":[{"embeddable":true,"href":"https:\/\/teknologiateollisuus.fi\/skol\/wp-json\/wp\/v2\/comments?post=266"}],"version-history":[{"count":4,"href":"https:\/\/teknologiateollisuus.fi\/skol\/wp-json\/wp\/v2\/pages\/266\/revisions"}],"predecessor-version":[{"id":3167,"href":"https:\/\/teknologiateollisuus.fi\/skol\/wp-json\/wp\/v2\/pages\/266\/revisions\/3167"}],"up":[{"embeddable":true,"href":"https:\/\/teknologiateollisuus.fi\/skol\/wp-json\/wp\/v2\/pages\/120"}],"wp:attachment":[{"href":"https:\/\/teknologiateollisuus.fi\/skol\/wp-json\/wp\/v2\/media?parent=266"}],"curies":[{"name":"wp","href":"https:\/\/api.w.org\/{rel}","templated":true}]}}