{"id":280,"date":"2024-07-30T13:52:31","date_gmt":"2024-07-30T10:52:31","guid":{"rendered":"https:\/\/teknologiateollisuus.fi\/skol\/?page_id=280"},"modified":"2026-03-04T16:04:49","modified_gmt":"2026-03-04T14:04:49","slug":"tyoryhmat-ja-kokousaikataulu","status":"publish","type":"page","link":"https:\/\/teknologiateollisuus.fi\/skol\/tietoa-meista\/tyoryhmat-ja-kokousaikataulu\/","title":{"rendered":"Ty\u00f6ryhm\u00e4t ja kokousaikataulu"},"content":{"rendered":"\n<div class=\"em-block-hero hero-has-background-color has-background has-violet-background-color collapse media-position-right \">\n\t<div class=\"em-block-hero__container\">\n\t\t<div class=\"em-block-hero__content\">\n\t\t\t<div class=\"yoast-breadcrumbs\"><span><span><a href=\"https:\/\/teknologiateollisuus.fi\/skol\/\">Etusivu<\/a><\/span> <span class=\"separator\"><\/span> <span><a href=\"https:\/\/teknologiateollisuus.fi\/skol\/tietoa-meista\/\">Tietoa meist\u00e4<\/a><\/span> <span class=\"separator\"><\/span> <span class=\"breadcrumb_last\" aria-current=\"page\">Ty\u00f6ryhm\u00e4t ja kokousaikataulu<\/span><\/span><\/div>\t\t\t\n<h1 class=\"wp-block-heading\" id=\"h-tyoryhmat-ja-kokousaikataulu\">Ty\u00f6ryhm\u00e4t ja kokousaikataulu<\/h1>\n\t\t\t<div class=\"em-block-hero__modified-date\"> P\u00e4ivitetty 04.03.2026 klo 16:04<\/div>\t\t<\/div>\n\t\t\t\t\t<figure class=\"em-block-hero__image\">\n\t\t\t\t\t\t\t<\/figure>\n\t\t\t<\/div>\n<\/div>\n\n\n\n<h2 class=\"wp-block-heading\" id=\"h-skolin-hallitus-ja-tyoryhmat-kokousaikataulu-2026\" id=\"skolin-hallitus-ja-tyoryhmat-kokousaikataulu-2026\">SKOLin hallitus ja ty\u00f6ryhm\u00e4t, kokousaikataulu 2026<\/h2>\n\n\n\n<p>SKOLilla on hallituksen ohella useita eri alojen toimikuntia ja ty\u00f6ryhmi\u00e4, joissa k\u00e4sitell\u00e4\u00e4n monia ajankohtaisia ja t\u00e4rkeit\u00e4 asioita.<\/p>\n\n\n\n<p>J\u00e4senyritysten on mahdollista osallistua toimikuntien toimintaan joko nime\u00e4m\u00e4ll\u00e4 edustajansa tai vaikkapa ilmoittautumalla aineistojakeluun. Vuonna 2026 hallitus, toimikunnat, konsulttinuoret ja kansainv\u00e4liset j\u00e4rjest\u00f6t kokoontuvat seuraavasti, kokouspaikkana Etel\u00e4ranta 10 (ajankohta, aihe, alustaja varauksin):\u200b\u200b Vuonna 2026 ty\u00f6ryhm\u00e4toimintaa uudistetaan perustamalla Young Professionals -verkosto sek\u00e4 mahdollisesti uuden strategian pohjalta hankintojen ja sopimusasioiden, pelis\u00e4\u00e4nt\u00f6jen ja ty\u00f6kalujen sek\u00e4 kest\u00e4v\u00e4n arvonluonnin ty\u00f6ryhm\u00e4t.<\/p>\n\n\n\n<p><\/p>\n\n\n\n<ul class=\"wp-block-list\">\n<li>Ty\u00f6markkinaryhm\u00e4 ma 30.3. klo 11-12, lakimuutokset, Young Professionals, SKOL-ajankohtaiset<\/li>\n\n\n\n<li>Hallitus 2\/2026 ke 8.4. klo 9\u201311.00 (tilinp\u00e4\u00e4t\u00f6s ja toimintakertomus)<\/li>\n\n\n\n<li>Rakennety\u00f6ryhm\u00e4 ti 14.4. klo 12.30-14.00 (eurokoodien voimaantulo, kannatusten suunnitteluperiaatteet)<\/li>\n\n\n\n<li>Geoty\u00f6ryhm\u00e4 4\/2026<\/li>\n\n\n\n<li>Vuosikokous ja konsulttip\u00e4iv\u00e4 ma 27.4. klo 14.00-16.30<\/li>\n\n\n\n<li>Hallitus 3\/2026 ti 9.6. klo 13.30\u201320.00 (pidempi kes\u00e4kokous ja strategiaty\u00f6paja)<\/li>\n\n\n\n<li>Hallitus 4\/2026 ma 24.8. klo 13.30\u201316.00 (vuoden 2026 toiminnan painopisteet)<\/li>\n\n\n\n<li>Hallitus 5\/2026 ti 13.10. klo 13.30\u201316.00 (strategian k\u00e4sittely)<\/li>\n\n\n\n<li>Hallitus 6\/2026 to 12.11. klo 13.30\u201316.00 (toimintasuunnitelma ja syyskokouskutsu)<\/li>\n\n\n\n<li>Syyskokous 11\/2026 (26.-30.11.)<\/li>\n\n\n\n<li>Hallitus 7\/2026 ke 9.12. klo 12.30\u201315.00 (joululounas)<br><\/li>\n<\/ul>\n\n\n\n<p>Toimikunta- ja ty\u00f6ryhm\u00e4toiminnasta kiinnostuneiden yhteydenotot, lis\u00e4tiedot, ilmoittautumiset ja henkil\u00f6muutokset:&nbsp;matti.kiiskinen(at)teknologiateollisuus.fi.<\/p>\n\n\n\n<p>Viestint\u00e4ryhm\u00e4n osalta yhteyshenkil\u00f6n\u00e4 toimii Anastasia Buhanist, anastasia.buhanist(at)teknologiateollisuus.fi ja ty\u00f6markkinaryhm\u00e4n osalta Joanna Ahokanto, joanna.ahokanto(at)teknologiateollisuus.fi. Young Professionals -toiminnan koordinaattorina toimii Vera Andersson.<\/p>\n\n\n\n<p>SKOL toimii tiiviiss\u00e4 yhteisty\u00f6ss\u00e4 ja osana Teknologiateollisuutta, jonka ty\u00f6ryhmist\u00e4 lis\u00e4\u00e4 linkiss\u00e4&nbsp;<a href=\"https:\/\/teknologiateollisuus.fi\/jasenille\/verkostot-ja-tyoryhmat\/tyoryhmat\/\" target=\"_blank\" rel=\"noreferrer noopener\">http:\/\/teknologiateollisuus.fi\/fi\/organisaatio\/tyoryhmat.<\/a><\/p>\n\n\n\n<p><strong>Ty\u00f6ryhmiin (ty\u00f6markkina- ja koulutusryhm\u00e4, arvonluonti- ja innovaatioryhm\u00e4, viestint\u00e4- ja vaikuttamisryhm\u00e4, rakennety\u00f6ryhm\u00e4, geoty\u00f6ryhm\u00e4, energia- ja talotekniikkaryhm\u00e4 sek\u00e4 infra- ja ymp\u00e4rist\u00f6ryhm\u00e4) voi edelleen ilmoittautua l\u00e4hett\u00e4m\u00e4ll\u00e4 viestin&nbsp;<a href=\"mailto:matti.kiiskinen@teknologiateollisuus.fi\">matti.kiiskinen@teknologiateollisuus.fi<\/a>.<\/strong><\/p>\n","protected":false},"excerpt":{"rendered":"<p>SKOLin hallitus ja ty\u00f6ryhm\u00e4t, kokousaikataulu 2026 SKOLilla on hallituksen ohella useita eri alojen toimikuntia ja ty\u00f6ryhmi\u00e4, joissa k\u00e4sitell\u00e4\u00e4n monia ajankohtaisia ja t\u00e4rkeit\u00e4 asioita. J\u00e4senyritysten on mahdollista osallistua toimikuntien toimintaan joko nime\u00e4m\u00e4ll\u00e4 edustajansa tai vaikkapa ilmoittautumalla aineistojakeluun. Vuonna 2026 hallitus, toimikunnat, konsulttinuoret ja kansainv\u00e4liset j\u00e4rjest\u00f6t kokoontuvat seuraavasti, kokouspaikkana Etel\u00e4ranta 10 (ajankohta, aihe, alustaja varauksin):\u200b\u200b Vuonna 2026 [&hellip;]<\/p>\n","protected":false},"author":50,"featured_media":0,"parent":120,"menu_order":7,"comment_status":"closed","ping_status":"closed","template":"","meta":{"_acf_changed":false,"_relevanssi_hide_post":"","_relevanssi_hide_content":"","_relevanssi_pin_for_all":"","_relevanssi_pin_keywords":"","_relevanssi_unpin_keywords":"","_relevanssi_related_keywords":"","_relevanssi_related_include_ids":"","_relevanssi_related_exclude_ids":"","_relevanssi_related_no_append":"","_relevanssi_related_not_related":"","_relevanssi_related_posts":"53,54,56,48,55,57","_relevanssi_noindex_reason":"","inline_featured_image":false,"footnotes":""},"class_list":["post-280","page","type-page","status-publish","hentry"],"acf":[],"yoast_head":"<!-- This site is optimized with the Yoast SEO Premium plugin v27.1 (Yoast SEO v27.3) - https:\/\/yoast.com\/product\/yoast-seo-premium-wordpress\/ -->\n<title>Ty\u00f6ryhm\u00e4t ja kokousaikataulu - Skol<\/title>\n<meta name=\"robots\" content=\"index, follow, max-snippet:-1, max-image-preview:large, max-video-preview:-1\" \/>\n<link rel=\"canonical\" href=\"https:\/\/teknologiateollisuus.fi\/skol\/tietoa-meista\/tyoryhmat-ja-kokousaikataulu\/\" \/>\n<meta property=\"og:locale\" content=\"fi_FI\" \/>\n<meta property=\"og:type\" content=\"article\" \/>\n<meta property=\"og:title\" content=\"Ty\u00f6ryhm\u00e4t ja kokousaikataulu\" \/>\n<meta property=\"og:description\" content=\"SKOLin hallitus ja ty\u00f6ryhm\u00e4t, kokousaikataulu 2026 SKOLilla on hallituksen ohella useita eri alojen toimikuntia ja ty\u00f6ryhmi\u00e4, joissa k\u00e4sitell\u00e4\u00e4n monia ajankohtaisia ja t\u00e4rkeit\u00e4 asioita. J\u00e4senyritysten on mahdollista osallistua toimikuntien toimintaan joko nime\u00e4m\u00e4ll\u00e4 edustajansa tai vaikkapa ilmoittautumalla aineistojakeluun. Vuonna 2026 hallitus, toimikunnat, konsulttinuoret ja kansainv\u00e4liset j\u00e4rjest\u00f6t kokoontuvat seuraavasti, kokouspaikkana Etel\u00e4ranta 10 (ajankohta, aihe, alustaja varauksin):\u200b\u200b Vuonna 2026 [&hellip;]\" \/>\n<meta property=\"og:url\" content=\"https:\/\/teknologiateollisuus.fi\/skol\/tietoa-meista\/tyoryhmat-ja-kokousaikataulu\/\" \/>\n<meta property=\"og:site_name\" content=\"Skol\" \/>\n<meta property=\"article:modified_time\" content=\"2026-03-04T14:04:49+00:00\" \/>\n<meta name=\"twitter:card\" content=\"summary_large_image\" \/>\n<meta name=\"twitter:label1\" content=\"Arvioitu lukuaika\" \/>\n\t<meta name=\"twitter:data1\" content=\"2 minuuttia\" \/>\n<script type=\"application\/ld+json\" class=\"yoast-schema-graph\">{\"@context\":\"https:\\\/\\\/schema.org\",\"@graph\":[{\"@type\":\"WebPage\",\"@id\":\"https:\\\/\\\/teknologiateollisuus.fi\\\/skol\\\/tietoa-meista\\\/tyoryhmat-ja-kokousaikataulu\\\/\",\"url\":\"https:\\\/\\\/teknologiateollisuus.fi\\\/skol\\\/tietoa-meista\\\/tyoryhmat-ja-kokousaikataulu\\\/\",\"name\":\"Ty\u00f6ryhm\u00e4t ja kokousaikataulu - Skol\",\"isPartOf\":{\"@id\":\"https:\\\/\\\/teknologiateollisuus.fi\\\/skol\\\/#website\"},\"datePublished\":\"2024-07-30T10:52:31+00:00\",\"dateModified\":\"2026-03-04T14:04:49+00:00\",\"breadcrumb\":{\"@id\":\"https:\\\/\\\/teknologiateollisuus.fi\\\/skol\\\/tietoa-meista\\\/tyoryhmat-ja-kokousaikataulu\\\/#breadcrumb\"},\"inLanguage\":\"fi\",\"potentialAction\":[{\"@type\":\"ReadAction\",\"target\":[\"https:\\\/\\\/teknologiateollisuus.fi\\\/skol\\\/tietoa-meista\\\/tyoryhmat-ja-kokousaikataulu\\\/\"]}]},{\"@type\":\"BreadcrumbList\",\"@id\":\"https:\\\/\\\/teknologiateollisuus.fi\\\/skol\\\/tietoa-meista\\\/tyoryhmat-ja-kokousaikataulu\\\/#breadcrumb\",\"itemListElement\":[{\"@type\":\"ListItem\",\"position\":1,\"name\":\"Etusivu\",\"item\":\"https:\\\/\\\/teknologiateollisuus.fi\\\/skol\\\/\"},{\"@type\":\"ListItem\",\"position\":2,\"name\":\"Tietoa meist\u00e4\",\"item\":\"https:\\\/\\\/teknologiateollisuus.fi\\\/skol\\\/tietoa-meista\\\/\"},{\"@type\":\"ListItem\",\"position\":3,\"name\":\"Ty\u00f6ryhm\u00e4t ja kokousaikataulu\"}]},{\"@type\":\"WebSite\",\"@id\":\"https:\\\/\\\/teknologiateollisuus.fi\\\/skol\\\/#website\",\"url\":\"https:\\\/\\\/teknologiateollisuus.fi\\\/skol\\\/\",\"name\":\"Skol\",\"description\":\"\",\"potentialAction\":[{\"@type\":\"SearchAction\",\"target\":{\"@type\":\"EntryPoint\",\"urlTemplate\":\"https:\\\/\\\/teknologiateollisuus.fi\\\/skol\\\/?s={search_term_string}\"},\"query-input\":{\"@type\":\"PropertyValueSpecification\",\"valueRequired\":true,\"valueName\":\"search_term_string\"}}],\"inLanguage\":\"fi\"}]}<\/script>\n<!-- \/ Yoast SEO Premium plugin. -->","yoast_head_json":{"title":"Ty\u00f6ryhm\u00e4t ja kokousaikataulu - Skol","robots":{"index":"index","follow":"follow","max-snippet":"max-snippet:-1","max-image-preview":"max-image-preview:large","max-video-preview":"max-video-preview:-1"},"canonical":"https:\/\/teknologiateollisuus.fi\/skol\/tietoa-meista\/tyoryhmat-ja-kokousaikataulu\/","og_locale":"fi_FI","og_type":"article","og_title":"Ty\u00f6ryhm\u00e4t ja kokousaikataulu","og_description":"SKOLin hallitus ja ty\u00f6ryhm\u00e4t, kokousaikataulu 2026 SKOLilla on hallituksen ohella useita eri alojen toimikuntia ja ty\u00f6ryhmi\u00e4, joissa k\u00e4sitell\u00e4\u00e4n monia ajankohtaisia ja t\u00e4rkeit\u00e4 asioita. J\u00e4senyritysten on mahdollista osallistua toimikuntien toimintaan joko nime\u00e4m\u00e4ll\u00e4 edustajansa tai vaikkapa ilmoittautumalla aineistojakeluun. Vuonna 2026 hallitus, toimikunnat, konsulttinuoret ja kansainv\u00e4liset j\u00e4rjest\u00f6t kokoontuvat seuraavasti, kokouspaikkana Etel\u00e4ranta 10 (ajankohta, aihe, alustaja varauksin):\u200b\u200b Vuonna 2026 [&hellip;]","og_url":"https:\/\/teknologiateollisuus.fi\/skol\/tietoa-meista\/tyoryhmat-ja-kokousaikataulu\/","og_site_name":"Skol","article_modified_time":"2026-03-04T14:04:49+00:00","twitter_card":"summary_large_image","twitter_misc":{"Arvioitu lukuaika":"2 minuuttia"},"schema":{"@context":"https:\/\/schema.org","@graph":[{"@type":"WebPage","@id":"https:\/\/teknologiateollisuus.fi\/skol\/tietoa-meista\/tyoryhmat-ja-kokousaikataulu\/","url":"https:\/\/teknologiateollisuus.fi\/skol\/tietoa-meista\/tyoryhmat-ja-kokousaikataulu\/","name":"Ty\u00f6ryhm\u00e4t ja kokousaikataulu - Skol","isPartOf":{"@id":"https:\/\/teknologiateollisuus.fi\/skol\/#website"},"datePublished":"2024-07-30T10:52:31+00:00","dateModified":"2026-03-04T14:04:49+00:00","breadcrumb":{"@id":"https:\/\/teknologiateollisuus.fi\/skol\/tietoa-meista\/tyoryhmat-ja-kokousaikataulu\/#breadcrumb"},"inLanguage":"fi","potentialAction":[{"@type":"ReadAction","target":["https:\/\/teknologiateollisuus.fi\/skol\/tietoa-meista\/tyoryhmat-ja-kokousaikataulu\/"]}]},{"@type":"BreadcrumbList","@id":"https:\/\/teknologiateollisuus.fi\/skol\/tietoa-meista\/tyoryhmat-ja-kokousaikataulu\/#breadcrumb","itemListElement":[{"@type":"ListItem","position":1,"name":"Etusivu","item":"https:\/\/teknologiateollisuus.fi\/skol\/"},{"@type":"ListItem","position":2,"name":"Tietoa meist\u00e4","item":"https:\/\/teknologiateollisuus.fi\/skol\/tietoa-meista\/"},{"@type":"ListItem","position":3,"name":"Ty\u00f6ryhm\u00e4t ja kokousaikataulu"}]},{"@type":"WebSite","@id":"https:\/\/teknologiateollisuus.fi\/skol\/#website","url":"https:\/\/teknologiateollisuus.fi\/skol\/","name":"Skol","description":"","potentialAction":[{"@type":"SearchAction","target":{"@type":"EntryPoint","urlTemplate":"https:\/\/teknologiateollisuus.fi\/skol\/?s={search_term_string}"},"query-input":{"@type":"PropertyValueSpecification","valueRequired":true,"valueName":"search_term_string"}}],"inLanguage":"fi"}]}},"lang":"fi","translations":{"fi":280},"pll_sync_post":[],"_links":{"self":[{"href":"https:\/\/teknologiateollisuus.fi\/skol\/wp-json\/wp\/v2\/pages\/280","targetHints":{"allow":["GET"]}}],"collection":[{"href":"https:\/\/teknologiateollisuus.fi\/skol\/wp-json\/wp\/v2\/pages"}],"about":[{"href":"https:\/\/teknologiateollisuus.fi\/skol\/wp-json\/wp\/v2\/types\/page"}],"author":[{"embeddable":true,"href":"https:\/\/teknologiateollisuus.fi\/skol\/wp-json\/wp\/v2\/users\/50"}],"replies":[{"embeddable":true,"href":"https:\/\/teknologiateollisuus.fi\/skol\/wp-json\/wp\/v2\/comments?post=280"}],"version-history":[{"count":24,"href":"https:\/\/teknologiateollisuus.fi\/skol\/wp-json\/wp\/v2\/pages\/280\/revisions"}],"predecessor-version":[{"id":3310,"href":"https:\/\/teknologiateollisuus.fi\/skol\/wp-json\/wp\/v2\/pages\/280\/revisions\/3310"}],"up":[{"embeddable":true,"href":"https:\/\/teknologiateollisuus.fi\/skol\/wp-json\/wp\/v2\/pages\/120"}],"wp:attachment":[{"href":"https:\/\/teknologiateollisuus.fi\/skol\/wp-json\/wp\/v2\/media?parent=280"}],"curies":[{"name":"wp","href":"https:\/\/api.w.org\/{rel}","templated":true}]}}