{"id":283,"date":"2024-07-30T14:59:37","date_gmt":"2024-07-30T11:59:37","guid":{"rendered":"https:\/\/teknologiateollisuus.fi\/skol\/?page_id=283"},"modified":"2026-04-22T12:20:29","modified_gmt":"2026-04-22T09:20:29","slug":"tyoryhmien-jasenet","status":"publish","type":"page","link":"https:\/\/teknologiateollisuus.fi\/skol\/tietoa-meista\/tyoryhmat-ja-kokousaikataulu\/tyoryhmien-jasenet\/","title":{"rendered":"Ty\u00f6ryhmien j\u00e4senet"},"content":{"rendered":"\n<div class=\"em-block-hero hero-has-background-color has-background has-violet-background-color collapse media-position-right \">\n\t<div class=\"em-block-hero__container\">\n\t\t<div class=\"em-block-hero__content\">\n\t\t\t<div class=\"yoast-breadcrumbs\"><span><span><a href=\"https:\/\/teknologiateollisuus.fi\/skol\/\">Etusivu<\/a><\/span> <span class=\"separator\"><\/span> <span><a href=\"https:\/\/teknologiateollisuus.fi\/skol\/tietoa-meista\/\">Tietoa meist\u00e4<\/a><\/span> <span class=\"separator\"><\/span> <span><a href=\"https:\/\/teknologiateollisuus.fi\/skol\/tietoa-meista\/tyoryhmat-ja-kokousaikataulu\/\">Ty\u00f6ryhm\u00e4t ja kokousaikataulu<\/a><\/span> <span class=\"separator\"><\/span> <span class=\"breadcrumb_last\" aria-current=\"page\">Ty\u00f6ryhmien j\u00e4senet<\/span><\/span><\/div>\t\t\t\n<h1 class=\"wp-block-heading\" id=\"h-tyoryhmien-jasenet\">Ty\u00f6ryhmien j\u00e4senet<\/h1>\n\t\t\t<div class=\"em-block-hero__modified-date\"> P\u00e4ivitetty 22.04.2026 klo 12:20<\/div>\t\t<\/div>\n\t\t\t\t\t<figure class=\"em-block-hero__image\">\n\t\t\t\t\t\t\t<\/figure>\n\t\t\t<\/div>\n<\/div>\n\n\n\n<h2 class=\"wp-block-heading\" id=\"h-skolin-tyoryhmat-2026\" id=\"skolin-tyoryhmat-2026\">SKOLin ty\u00f6ryhm\u00e4t 2026<\/h2>\n\n\n\n<h3 class=\"wp-block-heading\" id=\"h-tyoryhmien-tehtavat-vastuut-ja-toiminta\" id=\"tyoryhmien-tehtavat-vastuut-ja-toiminta\">Ty\u00f6ryhmien teht\u00e4v\u00e4t, vastuut ja toiminta<\/h3>\n\n\n\n<p>Ty\u00f6ryhmien toimintaa ohjaa SKOLin strategia vuosille 2022-2030&nbsp;sek\u00e4 vuosittaiset toimintasuunnitelmat. Yhteisi\u00e4 toiminnan painopistealueita ovat asiantuntijoiden nykyist\u00e4 parempi vaikuttavuus, parhaat tiedot ja taidot, ekosysteemien monialaisuus ja elinvoima sek\u00e4 j\u00e4senpalveluiden parantaminen. Ty\u00f6ryhm\u00e4t toimivat tiiviiss\u00e4 yhteydess\u00e4 my\u00f6s Teknologiateollisuus ry:n ja muiden kumppaniorganisaatioiden kanssa. Ty\u00f6ryhmien sihteerin\u00e4 toimivat Anastasia Buhanist (viestint\u00e4- ja vaikuttamisryhm\u00e4), Vera Andersson (Konsulttinuoret) ja Matti Kiiskinen SKOLista (muut ty\u00f6ryhm\u00e4t) sek\u00e4 Joanna Ahokanto&nbsp;Teknologiateollisuudesta (ty\u00f6markkina- ja koulutusryhm\u00e4).<\/p>\n\n\n\n<h3 class=\"wp-block-heading\" id=\"h-tyomarkkina-ja-koulutusryhma\" id=\"tyomarkkina-ja-koulutusryhma\">Ty\u00f6markkina- ja koulutusryhm\u00e4<\/h3>\n\n\n\n<p>Ty\u00f6ryhm\u00e4n p\u00e4\u00e4teht\u00e4v\u00e4n\u00e4 on alan osaamiseen, tietoihin ja taitoihin liittyv\u00e4n strategisen teemakokonaisuuden l\u00e4pivienti. Lis\u00e4ksi ryhm\u00e4 toimii Teknologiateollisuuden TES-organisaation suunnittelun ja konsultoinnin toimialan taustaryhm\u00e4n\u00e4. Lis\u00e4ksi ty\u00f6ryhm\u00e4 vastaa henkil\u00f6st\u00f6asioihin liittyv\u00e4n tilastoinnin kehitt\u00e4misest\u00e4.<\/p>\n\n\n\n<p class=\" mt-none mb-none pt-none pb-none\"><strong>Pj. Marja Salenius-Ranki, Elomatic Oy<\/strong><br>Hanna Kanerva, Dekra<br>Elisa Rusama, Sitowise<br>Elina Haapasaari, A-Insin\u00f6\u00f6rit<br>Sari Peltola, AFRY&nbsp; &nbsp; &nbsp; &nbsp;<br>Tiina Immonen, Mari Segerman, Ramboll Finland<br>Jukka-Petteri Hyypp\u00e4, FCG<br>Erica Kraufvelin-L\u00e4ms\u00e4, Fimpec<br>Lasse Lehto, Sweco<\/p>\n\n\n\n<p class=\" mt-none mb-none pt-none\">Jaana Asiala, Cyient&nbsp; &nbsp; &nbsp; &nbsp; &nbsp; &nbsp; &nbsp; &nbsp; &nbsp; &nbsp; &nbsp; &nbsp; &nbsp; &nbsp; &nbsp; &nbsp; &nbsp;<br>Annamaria Lumiala, WSP&nbsp;<br>Minna Tornikoski, Etteplan Finland&nbsp; &nbsp; &nbsp; &nbsp; &nbsp; &nbsp; &nbsp; &nbsp; &nbsp; &nbsp; &nbsp;&nbsp;<br>Veijo Tuominen, Deltamarin<br><strong>Sihteeri Joanna Ahokanto, Teknologiateollisuus ry<\/strong><\/p>\n\n\n\n<h3 class=\"wp-block-heading\" id=\"h-arvonluonti-ja-innovaatioryhma\" id=\"arvonluonti-ja-innovaatioryhma\">Arvonluonti- ja innovaatioryhm\u00e4<\/h3>\n\n\n\n<p>Ty\u00f6ryhm\u00e4n p\u00e4\u00e4teht\u00e4v\u00e4n\u00e4 on alan ekosysteemiin ja SKOLin j\u00e4senpalveluihin liittyvien strategisen teemakokonaisuuksien l\u00e4pivienti. Lis\u00e4ksi ryhm\u00e4 vastaa innovaatiorahoitukseen ja julkisiin hankintoihin liittyv\u00e4st\u00e4 vaikuttamisesta sek\u00e4 alan arvonluontiin ja kest\u00e4v\u00e4\u00e4n kehitykseen liittyvien kehityshankkeiden ohjauksesta.<\/p>\n\n\n\n<p>Tero Hannuksela, Sitowise<br>Ilkka Heikkil\u00e4, AFRY<br>Tomi Keskinen, Sweco Finland<br>Asko Laune, Rejlers<br>Jannis Mikkola, Sitowise<br>Markku S Lehtinen, Elomatic<br>Timo Palonkoski, Granlund<br>Sakari Koivuniemi, Cyient<br>Pauli Santala, FCG<br>Janne Uotila, Deltamarin<br>Jussi Er\u00e4lahti, Ramboll Finland<br>Juha Valtari, A-Insin\u00f6\u00f6rit<br>Juha-Pekka Smolander, WSP Finland<br><\/p>\n\n\n\n<h3 class=\"wp-block-heading\" id=\"h-viestinta-ja-vaikuttamisryhma\" id=\"viestinta-ja-vaikuttamisryhma\">Viestint\u00e4- ja vaikuttamisryhm\u00e4<\/h3>\n\n\n\n<p>Ty\u00f6ryhm\u00e4 vastaa SKOL-strategian viestint\u00e4\u00e4n ja vaikuttamiseen liittyv\u00e4n strategisen teemakokonaisuuden l\u00e4piviennist\u00e4. Ty\u00f6ryhm\u00e4 lis\u00e4\u00e4 tietoisuutta toimialan aikaansaannoksista, merkityksest\u00e4 ja mahdollisuuksista alan arvostuksen ja vetovoiman sek\u00e4 yhteiskunnallisen painoarvon kasvattamiseksi. Lis\u00e4ksi ryhm\u00e4 pyrkii kasvattamaan alan vetovoimaa osaajapulan taltuttamiseksi.<\/p>\n\n\n\n<p><strong>Pj.&nbsp;Mira Iso-Markku, WSP&nbsp;<\/strong><br>Sari Fredriksson, AFRY<br>Sanna Huopio, Sweco Finland<br>Jasmine Jussila, Solwers<br>Molli Nyman, Granlund<br>Annukka Lehto, Rejlers<br>Silja Sarkamo , A-Insin\u00f6\u00f6rit&nbsp;<br>Maiju R\u00f6ysky, Etteplan<br>Kaisa Anttonen, Sitowise<br>Sanna Burton, Ramboll<\/p>\n\n\n\n<h3 class=\"wp-block-heading\" id=\"h-nbsp-rakennetyoryhma\" id=\"rakennetyoryhma\">&nbsp;Rakennety\u00f6ryhm\u00e4<\/h3>\n\n\n\n<p>Ty\u00f6ryhm\u00e4 vaikuttaa elinkaaritehokkaan ja turvallisen rakentamisen lains\u00e4\u00e4d\u00e4nn\u00f6n, m\u00e4\u00e4r\u00e4ysten ja standardien kehitykseen sek\u00e4 yll\u00e4pit\u00e4\u00e4 ja kehitt\u00e4\u00e4 alalla tarvittavia ty\u00f6kaluja, pelis\u00e4\u00e4nt\u00f6j\u00e4, ohjeita ja teht\u00e4v\u00e4luetteloita. Ryhm\u00e4 k\u00e4ynnist\u00e4\u00e4 ja ohjaa alan kehityshankkeita, antaa lausuntoja ja toimii yhteisty\u00f6ss\u00e4 kumppaniverkostojen kuten arkkitehtuuria ja muotoilua edustavien j\u00e4rjest\u00f6jen, rakennus- ja rakennustuoteteollisuuden, oppilaitosten, rakennusvalvonnan ja muiden viranomaisten sek\u00e4 j\u00e4rjest\u00f6jen kanssa.<br>&nbsp;<\/p>\n\n\n\n<p><strong>Pj&nbsp;Aki Vuolio, Ramboll<\/strong><br>Matti Heinil\u00e4, FCG<br>Mikko Horko, Sweco<br>Jyrki Jalli, Ideastructura<br>Mika Laitala \/ Jouni Kalliom\u00e4ki, Konstru<br>Eero Mikkola, Granlund<br>Juha-Pekka Smolander, WSP<br>Samuli Ojanper\u00e4, Solwers Oyj\/Pontek Oy&nbsp; &nbsp; &nbsp;<br>Janne Ranz, AFRY<br>Pekka Narinen \/ Seppo Raiski, A-Insin\u00f6\u00f6rit<br>Juha Rantanen \/ Hemmo Sumkin,&nbsp;Sitowise<br>&nbsp; &nbsp; &nbsp; &nbsp; &nbsp; &nbsp; &nbsp; &nbsp; &nbsp; &nbsp; &nbsp; &nbsp; &nbsp; &nbsp; &nbsp; &nbsp; &nbsp; &nbsp; &nbsp; &nbsp;&nbsp;<\/p>\n\n\n\n<h3 class=\"wp-block-heading\" id=\"h-geotyoryhma\" id=\"geotyoryhma\">Geoty\u00f6ryhm\u00e4<\/h3>\n\n\n\n<p>Ty\u00f6ryhm\u00e4 vaikuttaa kest\u00e4v\u00e4n maa-, pohja- ja ymp\u00e4rist\u00f6rakentamisen lains\u00e4\u00e4d\u00e4nn\u00f6n, m\u00e4\u00e4r\u00e4ysten ja standardien kehitykseen sek\u00e4 yll\u00e4pit\u00e4\u00e4 ja kehitt\u00e4\u00e4 alalla tarvittavia ty\u00f6kaluja, pelis\u00e4\u00e4nt\u00f6j\u00e4, ohjeita ja teht\u00e4v\u00e4luetteloita. Ryhm\u00e4 k\u00e4ynnist\u00e4\u00e4 ja ohjaa alan kehityshankkeita, antaa lausuntoja ja toimii yhteisty\u00f6ss\u00e4 kumppaniverkostojen kuten infrarakentajien, rakennusvalvonnan ja muiden viranomaisten sek\u00e4 j\u00e4rjest\u00f6jen kanssa.<\/p>\n\n\n\n<p><strong>Pj. Marko Laurila, AFRY<\/strong><br>Henri Haverinen, WSP Finland<br>Kari Hietala, FCG<br>Ilona H\u00e4kkinen, A-Insin\u00f6\u00f6rit<br>Joonas M\u00e4enp\u00e4\u00e4, Destia&nbsp; &nbsp;&nbsp;<br>Harri M\u00e4kel\u00e4, Innogeo<br>Tuomo Passi, Sweco<br>Terhi Kuusela, Sipti Consulting<br>Aino Sihvola, Sitowise<br>Hannele Kulmala, Ramboll Finland<br>&nbsp; &nbsp; &nbsp; &nbsp; &nbsp; &nbsp; &nbsp; &nbsp; &nbsp; &nbsp; &nbsp;<\/p>\n\n\n\n<h3 class=\"wp-block-heading\" id=\"h-energia-ja-talotekniikkaryhma\" id=\"energia-ja-talotekniikkaryhma\">Energia- ja talotekniikkaryhm\u00e4<\/h3>\n\n\n\n<p>Ty\u00f6ryhm\u00e4 vaikuttaa energiatehokkaan ja kehittyv\u00e4n talotekniikan lains\u00e4\u00e4d\u00e4nn\u00f6n, m\u00e4\u00e4r\u00e4ysten ja standardien kehitykseen sek\u00e4 yll\u00e4pit\u00e4\u00e4 ja kehitt\u00e4\u00e4 alalla tarvittavia ty\u00f6kaluja, pelis\u00e4\u00e4nt\u00f6j\u00e4, ohjeita ja teht\u00e4v\u00e4luetteloita. Ryhm\u00e4 k\u00e4ynnist\u00e4\u00e4 ja ohjaa alan kehityshankkeita, antaa lausuntoja ja toimii yhteisty\u00f6ss\u00e4 kumppaniverkostojen kuten talotekniikkateollisuuden, oppilaitosten, rakennusvalvonnan ja muiden viranomaisten sek\u00e4 j\u00e4rjest\u00f6jen kanssa.<br><br>Henri Airaksinen, Ins.tsto \u00c4yr\u00e4v\u00e4inen Oy<br>Johannes Helander,\u00a0Sitowise<br>Juhani Hyv\u00e4rinen, Talteka\u00a0<br>Petra Isaksson, Ramboll\u00a0<br>Otto Jokinen, Hepacon<br>Jonne J\u00e4rvinen, Stacon<br>Eveliina Kavander, FCG<br>Sasu Karkiainen, A-Insin\u00f6\u00f6rit Oy<br>Mikko Kiet\u00e4v\u00e4inen, WSP<br>Ilkka Kiiski, Sweco<br>Santeri Kondakov, Granlund<br>Mika Lamminen, Rejlers<br>Kirsi Kokkonen, AFRY \u00a0 \u00a0 \u00a0 \u00a0 \u00a0\u00a0<br>Kari Seitaniemi, Leo Maaskola<br>Topi Volamo, Granlund<br>Jouni Kek\u00e4l\u00e4inen, NSS<br><\/p>\n\n\n\n<h3 class=\"wp-block-heading\" id=\"h-infra-ja-ymparistoryhma\" id=\"infra-ja-ymparistoryhma\">Infra- ja ymp\u00e4rist\u00f6ryhm\u00e4<\/h3>\n\n\n\n<p>Ty\u00f6ryhm\u00e4 vaikuttaa tehokkaan maank\u00e4yt\u00f6n, viihtyis\u00e4n asumisen, v\u00e4h\u00e4p\u00e4\u00e4st\u00f6isen liikenteen ja vastuullisen ymp\u00e4rist\u00f6nsuojelun lains\u00e4\u00e4d\u00e4nn\u00f6n, m\u00e4\u00e4r\u00e4ysten ja standardien kehitykseen sek\u00e4 yll\u00e4pit\u00e4\u00e4 ja kehitt\u00e4\u00e4 alalla tarvittavia ty\u00f6kaluja, pelis\u00e4\u00e4nt\u00f6j\u00e4, ohjeita ja teht\u00e4v\u00e4luetteloita. Ryhm\u00e4 k\u00e4ynnist\u00e4\u00e4 ja ohjaa alan kehityshankkeita, antaa lausuntoja ja toimii yhteisty\u00f6ss\u00e4 kumppaniverkostojen kuten v\u00e4yl\u00e4viraston, kuntien, oppi- ja tutkimuslaitosten, viranomaisten ja j\u00e4rjest\u00f6jen kanssa.<\/p>\n\n\n\n<p><strong>Pj. Jannis Mikkola, Sitowise<\/strong><br>Mikko Inkala, AFRY<br>Pasi Rinne, Gaia Consulting<br>Pekka V\u00e4in\u00f6l\u00e4, FCG<br>Kirsikka Siik, Ramboll<br>Jenni Lautso, Sweco &nbsp; &nbsp;<br>Juho Siipo, Sweco<br>Marja-Terttu Siki\u00f6, Destia<br>Johanna Sahlstedt, WSP&nbsp; &nbsp; &nbsp; &nbsp;&nbsp;<br>Pekka Lindroos, Golder<br>Teemu Tuhkanen, Solwers<br>Markus Ventola, A-Insin\u00f6\u00f6rit<\/p>\n","protected":false},"excerpt":{"rendered":"<p>SKOLin ty\u00f6ryhm\u00e4t 2026 Ty\u00f6ryhmien teht\u00e4v\u00e4t, vastuut ja toiminta Ty\u00f6ryhmien toimintaa ohjaa SKOLin strategia vuosille 2022-2030&nbsp;sek\u00e4 vuosittaiset toimintasuunnitelmat. Yhteisi\u00e4 toiminnan painopistealueita ovat asiantuntijoiden nykyist\u00e4 parempi vaikuttavuus, parhaat tiedot ja taidot, ekosysteemien monialaisuus ja elinvoima sek\u00e4 j\u00e4senpalveluiden parantaminen. Ty\u00f6ryhm\u00e4t toimivat tiiviiss\u00e4 yhteydess\u00e4 my\u00f6s Teknologiateollisuus ry:n ja muiden kumppaniorganisaatioiden kanssa. Ty\u00f6ryhmien sihteerin\u00e4 toimivat Anastasia Buhanist (viestint\u00e4- ja vaikuttamisryhm\u00e4), [&hellip;]<\/p>\n","protected":false},"author":50,"featured_media":0,"parent":280,"menu_order":0,"comment_status":"closed","ping_status":"closed","template":"","meta":{"_acf_changed":false,"_relevanssi_hide_post":"","_relevanssi_hide_content":"","_relevanssi_pin_for_all":"","_relevanssi_pin_keywords":"","_relevanssi_unpin_keywords":"","_relevanssi_related_keywords":"","_relevanssi_related_include_ids":"","_relevanssi_related_exclude_ids":"","_relevanssi_related_no_append":"","_relevanssi_related_not_related":"","_relevanssi_related_posts":"54,48,57,56,55,53","_relevanssi_noindex_reason":"","inline_featured_image":false,"footnotes":""},"class_list":["post-283","page","type-page","status-publish","hentry"],"acf":[],"yoast_head":"<!-- This site is optimized with the Yoast SEO Premium plugin v27.1 (Yoast SEO v27.4) - https:\/\/yoast.com\/product\/yoast-seo-premium-wordpress\/ -->\n<title>Ty\u00f6ryhmien j\u00e4senet - Skol<\/title>\n<meta name=\"robots\" content=\"index, follow, max-snippet:-1, max-image-preview:large, max-video-preview:-1\" \/>\n<link rel=\"canonical\" href=\"https:\/\/teknologiateollisuus.fi\/skol\/tietoa-meista\/tyoryhmat-ja-kokousaikataulu\/tyoryhmien-jasenet\/\" \/>\n<meta property=\"og:locale\" content=\"fi_FI\" \/>\n<meta property=\"og:type\" content=\"article\" \/>\n<meta property=\"og:title\" content=\"Ty\u00f6ryhmien j\u00e4senet\" \/>\n<meta property=\"og:description\" content=\"SKOLin ty\u00f6ryhm\u00e4t 2026 Ty\u00f6ryhmien teht\u00e4v\u00e4t, vastuut ja toiminta Ty\u00f6ryhmien toimintaa ohjaa SKOLin strategia vuosille 2022-2030&nbsp;sek\u00e4 vuosittaiset toimintasuunnitelmat. Yhteisi\u00e4 toiminnan painopistealueita ovat asiantuntijoiden nykyist\u00e4 parempi vaikuttavuus, parhaat tiedot ja taidot, ekosysteemien monialaisuus ja elinvoima sek\u00e4 j\u00e4senpalveluiden parantaminen. Ty\u00f6ryhm\u00e4t toimivat tiiviiss\u00e4 yhteydess\u00e4 my\u00f6s Teknologiateollisuus ry:n ja muiden kumppaniorganisaatioiden kanssa. Ty\u00f6ryhmien sihteerin\u00e4 toimivat Anastasia Buhanist (viestint\u00e4- ja vaikuttamisryhm\u00e4), [&hellip;]\" \/>\n<meta property=\"og:url\" content=\"https:\/\/teknologiateollisuus.fi\/skol\/tietoa-meista\/tyoryhmat-ja-kokousaikataulu\/tyoryhmien-jasenet\/\" \/>\n<meta property=\"og:site_name\" content=\"Skol\" \/>\n<meta property=\"article:modified_time\" content=\"2026-04-22T09:20:29+00:00\" \/>\n<meta name=\"twitter:card\" content=\"summary_large_image\" \/>\n<meta name=\"twitter:label1\" content=\"Arvioitu lukuaika\" \/>\n\t<meta name=\"twitter:data1\" content=\"5 minuuttia\" \/>\n<script type=\"application\/ld+json\" class=\"yoast-schema-graph\">{\"@context\":\"https:\\\/\\\/schema.org\",\"@graph\":[{\"@type\":\"WebPage\",\"@id\":\"https:\\\/\\\/teknologiateollisuus.fi\\\/skol\\\/tietoa-meista\\\/tyoryhmat-ja-kokousaikataulu\\\/tyoryhmien-jasenet\\\/\",\"url\":\"https:\\\/\\\/teknologiateollisuus.fi\\\/skol\\\/tietoa-meista\\\/tyoryhmat-ja-kokousaikataulu\\\/tyoryhmien-jasenet\\\/\",\"name\":\"Ty\u00f6ryhmien j\u00e4senet - Skol\",\"isPartOf\":{\"@id\":\"https:\\\/\\\/teknologiateollisuus.fi\\\/skol\\\/#website\"},\"datePublished\":\"2024-07-30T11:59:37+00:00\",\"dateModified\":\"2026-04-22T09:20:29+00:00\",\"breadcrumb\":{\"@id\":\"https:\\\/\\\/teknologiateollisuus.fi\\\/skol\\\/tietoa-meista\\\/tyoryhmat-ja-kokousaikataulu\\\/tyoryhmien-jasenet\\\/#breadcrumb\"},\"inLanguage\":\"fi\",\"potentialAction\":[{\"@type\":\"ReadAction\",\"target\":[\"https:\\\/\\\/teknologiateollisuus.fi\\\/skol\\\/tietoa-meista\\\/tyoryhmat-ja-kokousaikataulu\\\/tyoryhmien-jasenet\\\/\"]}]},{\"@type\":\"BreadcrumbList\",\"@id\":\"https:\\\/\\\/teknologiateollisuus.fi\\\/skol\\\/tietoa-meista\\\/tyoryhmat-ja-kokousaikataulu\\\/tyoryhmien-jasenet\\\/#breadcrumb\",\"itemListElement\":[{\"@type\":\"ListItem\",\"position\":1,\"name\":\"Etusivu\",\"item\":\"https:\\\/\\\/teknologiateollisuus.fi\\\/skol\\\/\"},{\"@type\":\"ListItem\",\"position\":2,\"name\":\"Tietoa meist\u00e4\",\"item\":\"https:\\\/\\\/teknologiateollisuus.fi\\\/skol\\\/tietoa-meista\\\/\"},{\"@type\":\"ListItem\",\"position\":3,\"name\":\"Ty\u00f6ryhm\u00e4t ja kokousaikataulu\",\"item\":\"https:\\\/\\\/teknologiateollisuus.fi\\\/skol\\\/tietoa-meista\\\/tyoryhmat-ja-kokousaikataulu\\\/\"},{\"@type\":\"ListItem\",\"position\":4,\"name\":\"Ty\u00f6ryhmien j\u00e4senet\"}]},{\"@type\":\"WebSite\",\"@id\":\"https:\\\/\\\/teknologiateollisuus.fi\\\/skol\\\/#website\",\"url\":\"https:\\\/\\\/teknologiateollisuus.fi\\\/skol\\\/\",\"name\":\"Skol\",\"description\":\"\",\"potentialAction\":[{\"@type\":\"SearchAction\",\"target\":{\"@type\":\"EntryPoint\",\"urlTemplate\":\"https:\\\/\\\/teknologiateollisuus.fi\\\/skol\\\/?s={search_term_string}\"},\"query-input\":{\"@type\":\"PropertyValueSpecification\",\"valueRequired\":true,\"valueName\":\"search_term_string\"}}],\"inLanguage\":\"fi\"}]}<\/script>\n<!-- \/ Yoast SEO Premium plugin. -->","yoast_head_json":{"title":"Ty\u00f6ryhmien j\u00e4senet - Skol","robots":{"index":"index","follow":"follow","max-snippet":"max-snippet:-1","max-image-preview":"max-image-preview:large","max-video-preview":"max-video-preview:-1"},"canonical":"https:\/\/teknologiateollisuus.fi\/skol\/tietoa-meista\/tyoryhmat-ja-kokousaikataulu\/tyoryhmien-jasenet\/","og_locale":"fi_FI","og_type":"article","og_title":"Ty\u00f6ryhmien j\u00e4senet","og_description":"SKOLin ty\u00f6ryhm\u00e4t 2026 Ty\u00f6ryhmien teht\u00e4v\u00e4t, vastuut ja toiminta Ty\u00f6ryhmien toimintaa ohjaa SKOLin strategia vuosille 2022-2030&nbsp;sek\u00e4 vuosittaiset toimintasuunnitelmat. Yhteisi\u00e4 toiminnan painopistealueita ovat asiantuntijoiden nykyist\u00e4 parempi vaikuttavuus, parhaat tiedot ja taidot, ekosysteemien monialaisuus ja elinvoima sek\u00e4 j\u00e4senpalveluiden parantaminen. Ty\u00f6ryhm\u00e4t toimivat tiiviiss\u00e4 yhteydess\u00e4 my\u00f6s Teknologiateollisuus ry:n ja muiden kumppaniorganisaatioiden kanssa. Ty\u00f6ryhmien sihteerin\u00e4 toimivat Anastasia Buhanist (viestint\u00e4- ja vaikuttamisryhm\u00e4), [&hellip;]","og_url":"https:\/\/teknologiateollisuus.fi\/skol\/tietoa-meista\/tyoryhmat-ja-kokousaikataulu\/tyoryhmien-jasenet\/","og_site_name":"Skol","article_modified_time":"2026-04-22T09:20:29+00:00","twitter_card":"summary_large_image","twitter_misc":{"Arvioitu lukuaika":"5 minuuttia"},"schema":{"@context":"https:\/\/schema.org","@graph":[{"@type":"WebPage","@id":"https:\/\/teknologiateollisuus.fi\/skol\/tietoa-meista\/tyoryhmat-ja-kokousaikataulu\/tyoryhmien-jasenet\/","url":"https:\/\/teknologiateollisuus.fi\/skol\/tietoa-meista\/tyoryhmat-ja-kokousaikataulu\/tyoryhmien-jasenet\/","name":"Ty\u00f6ryhmien j\u00e4senet - Skol","isPartOf":{"@id":"https:\/\/teknologiateollisuus.fi\/skol\/#website"},"datePublished":"2024-07-30T11:59:37+00:00","dateModified":"2026-04-22T09:20:29+00:00","breadcrumb":{"@id":"https:\/\/teknologiateollisuus.fi\/skol\/tietoa-meista\/tyoryhmat-ja-kokousaikataulu\/tyoryhmien-jasenet\/#breadcrumb"},"inLanguage":"fi","potentialAction":[{"@type":"ReadAction","target":["https:\/\/teknologiateollisuus.fi\/skol\/tietoa-meista\/tyoryhmat-ja-kokousaikataulu\/tyoryhmien-jasenet\/"]}]},{"@type":"BreadcrumbList","@id":"https:\/\/teknologiateollisuus.fi\/skol\/tietoa-meista\/tyoryhmat-ja-kokousaikataulu\/tyoryhmien-jasenet\/#breadcrumb","itemListElement":[{"@type":"ListItem","position":1,"name":"Etusivu","item":"https:\/\/teknologiateollisuus.fi\/skol\/"},{"@type":"ListItem","position":2,"name":"Tietoa meist\u00e4","item":"https:\/\/teknologiateollisuus.fi\/skol\/tietoa-meista\/"},{"@type":"ListItem","position":3,"name":"Ty\u00f6ryhm\u00e4t ja kokousaikataulu","item":"https:\/\/teknologiateollisuus.fi\/skol\/tietoa-meista\/tyoryhmat-ja-kokousaikataulu\/"},{"@type":"ListItem","position":4,"name":"Ty\u00f6ryhmien j\u00e4senet"}]},{"@type":"WebSite","@id":"https:\/\/teknologiateollisuus.fi\/skol\/#website","url":"https:\/\/teknologiateollisuus.fi\/skol\/","name":"Skol","description":"","potentialAction":[{"@type":"SearchAction","target":{"@type":"EntryPoint","urlTemplate":"https:\/\/teknologiateollisuus.fi\/skol\/?s={search_term_string}"},"query-input":{"@type":"PropertyValueSpecification","valueRequired":true,"valueName":"search_term_string"}}],"inLanguage":"fi"}]}},"lang":"fi","translations":{"fi":283},"pll_sync_post":[],"_links":{"self":[{"href":"https:\/\/teknologiateollisuus.fi\/skol\/wp-json\/wp\/v2\/pages\/283","targetHints":{"allow":["GET"]}}],"collection":[{"href":"https:\/\/teknologiateollisuus.fi\/skol\/wp-json\/wp\/v2\/pages"}],"about":[{"href":"https:\/\/teknologiateollisuus.fi\/skol\/wp-json\/wp\/v2\/types\/page"}],"author":[{"embeddable":true,"href":"https:\/\/teknologiateollisuus.fi\/skol\/wp-json\/wp\/v2\/users\/50"}],"replies":[{"embeddable":true,"href":"https:\/\/teknologiateollisuus.fi\/skol\/wp-json\/wp\/v2\/comments?post=283"}],"version-history":[{"count":23,"href":"https:\/\/teknologiateollisuus.fi\/skol\/wp-json\/wp\/v2\/pages\/283\/revisions"}],"predecessor-version":[{"id":3421,"href":"https:\/\/teknologiateollisuus.fi\/skol\/wp-json\/wp\/v2\/pages\/283\/revisions\/3421"}],"up":[{"embeddable":true,"href":"https:\/\/teknologiateollisuus.fi\/skol\/wp-json\/wp\/v2\/pages\/280"}],"wp:attachment":[{"href":"https:\/\/teknologiateollisuus.fi\/skol\/wp-json\/wp\/v2\/media?parent=283"}],"curies":[{"name":"wp","href":"https:\/\/api.w.org\/{rel}","templated":true}]}}