{"id":356,"date":"2024-08-05T14:35:12","date_gmt":"2024-08-05T11:35:12","guid":{"rendered":"https:\/\/teknologiateollisuus.fi\/skol\/?page_id=356"},"modified":"2024-12-02T15:40:34","modified_gmt":"2024-12-02T13:40:34","slug":"asiantuntijapalveluiden-hankintaohjeet","status":"publish","type":"page","link":"https:\/\/teknologiateollisuus.fi\/skol\/tietoa-alasta\/asiantuntijapalveluiden-hankintaohjeet\/","title":{"rendered":"Asiantuntijapalveluiden hankintaohjeet"},"content":{"rendered":"\n<div class=\"em-block-hero hero-has-background-color has-background has-violet-background-color collapse media-position-right \">\n\t<div class=\"em-block-hero__container\">\n\t\t<div class=\"em-block-hero__content\">\n\t\t\t<div class=\"yoast-breadcrumbs\"><span><span><a href=\"https:\/\/teknologiateollisuus.fi\/skol\/\">Etusivu<\/a><\/span> <span class=\"separator\"><\/span> <span><a href=\"https:\/\/teknologiateollisuus.fi\/skol\/tietoa-alasta\/\">Tietoa alasta<\/a><\/span> <span class=\"separator\"><\/span> <span class=\"breadcrumb_last\" aria-current=\"page\">Asiantuntijapalveluiden hankintaohjeet<\/span><\/span><\/div>\t\t\t\n<h1 class=\"wp-block-heading\" id=\"asiantuntijapalveluiden-hankintaohjeet\">Asiantuntijapalveluiden hankintaohjeet<\/h1>\n\t\t\t<div class=\"em-block-hero__modified-date\"> P\u00e4ivitetty 02.12.2024 klo 15:40<\/div>\t\t<\/div>\n\t\t\t\t\t<figure class=\"em-block-hero__image\">\n\t\t\t\t\t\t\t<\/figure>\n\t\t\t<\/div>\n<\/div>\n\n\n\n<p>T\u00e4lt\u00e4 sivulta l\u00f6ytyy ohjeita ja ty\u00f6kaluja asiantuntijapalveluiden hankintaan. <\/p>\n\n\n\n<div class=\"wp-block-evermade-accordion em-block-accordion js-accordion-group\">\n<div class=\"wp-block-evermade-accordion-item em-block-accordion-item js-accordion-item\"><h6 class=\"em-block-accordion-item__title-wrapper\"><button class=\"em-block-accordion-item__title js-accordion-controller\">Hankintalakisarja RT-ohjeet 11268-11278 suunnittelu- ja konsultointipalveluiden julkisiin hankintoihin<\/button><\/h6><div id=\"accordion-item-content-0\" class=\"em-block-accordion-item__content js-accordion-content\">\n<p class=\" mt-none\">Syksyll\u00e4 2015 k\u00e4ynnistetyn Hyv\u00e4t hankintamenettelyt -kehityshankkeen tuloksena syntyneet RT-ohjeet on julkaistu vuonna 2017. Kehityshankkeen l\u00e4ht\u00f6kohtana oli kehitt\u00e4\u00e4 ty\u00f6kalumaisia ja k\u00e4yt\u00e4nn\u00f6nl\u00e4heisi\u00e4 sek\u00e4 hyv\u00e4t k\u00e4yt\u00e4nn\u00f6t kokoavia ohjeita rakennusalan suunnittelu- ja konsultointipalveluiden hankintoihin. Kehityshankkeen tuloksina syntyneet ohjeet muodostavat uuden RT-ohjesarjan: hankintalakisarjan.<\/p>\n\n\n\n<p class=\" mt-none\"><strong><a href=\"https:\/\/teknologiateollisuus.fi\/skol\/hankintalakisarja-rt-ohjeet-11268-11278-suunnittelu-ja-konsultointipalveluiden-julkisiin-hankintoihin-julkaistu\/\">Lis\u00e4tietoja hankintalakisarjasta<\/a><\/strong><\/p>\n\n\n\n<p class=\" mt-none\"><strong><a href=\"https:\/\/kortistot.rakennustieto.fi\/kortit\/RT%2013-11268\" target=\"_blank\" rel=\"noreferrer noopener\">Hankintalakisarjan ohjeet<\/a><\/strong><\/p>\n<\/div><\/div>\n\n\n\n<div class=\"wp-block-evermade-accordion-item em-block-accordion-item js-accordion-item\"><h6 class=\"em-block-accordion-item__title-wrapper\"><button class=\"em-block-accordion-item__title js-accordion-controller\">Standardointimenetelm\u00e4, Helsingin yliopiston matematiikan laitoksella kehitetty tasapuolinen ja syrjim\u00e4t\u00f6n hinnan ja laadun arviointity\u00f6kalu<\/button><\/h6><div id=\"accordion-item-content-1\" class=\"em-block-accordion-item__content js-accordion-content\">\n<p>Rakennusalalla lasketaan hinta-laatusuhteita vaihtelevilla tavoilla. K\u00e4ytetyt menetelm\u00e4t eiv\u00e4t pysty k\u00e4sittelem\u00e4\u00e4n hinnan ja laadun pisteytysten erisuurten hajontojen ongelmaa. Jotta hankintalaki ja asetetut hinnan ja laadun&nbsp;painoarvot toteutuisivat, tulee hinnasta ja laadusta mitatut pisteytykset saattaa yhteismitallisiksi. Tasapuolinen ja syrjim\u00e4t\u00f6n mittari huomioi hinnan ja laadun erilaiset hajonnat. Hajonnan laskemiseksi tarvitaan tilastotieteess\u00e4 yleisesti k\u00e4ytetty standardointimenetelm\u00e4. Menetelm\u00e4 on helppotajuinen, k\u00e4yt\u00e4nn\u00f6llinen ja syrjim\u00e4t\u00f6n. Pienill\u00e4 havaintom\u00e4\u00e4rill\u00e4 hajonnan tulkinta ei johda oikeisiin tuloksiin, joten menetelm\u00e4 ei sovellu nelj\u00e4\u00e4 pienempiin otoksiin. T\u00e4t\u00e4 suuremmissa tarjouskilpailuissa sen k\u00e4ytt\u00f6 on perusteltua.<\/p>\n\n\n\n<p class=\" mt-none\"><a href=\"https:\/\/teknologiateollisuus.fi\/skol\/wp-content\/uploads\/sites\/6\/2024\/08\/Hinta_laatu_lyhyt.doc\"><strong>Tietoa hankkeesta<\/strong><\/a><\/p>\n\n\n\n<p class=\" mt-none\"><a href=\"https:\/\/teknologiateollisuus.fi\/skol\/wp-content\/uploads\/sites\/6\/2024\/08\/Hinta_laatu_tiedote.pdf\"><strong>Lehdist\u00f6tiedote<\/strong><\/a><\/p>\n\n\n\n<p class=\" mt-none\"><a href=\"https:\/\/teknologiateollisuus.fi\/skol\/wp-content\/uploads\/sites\/6\/2024\/08\/standard_1_0_2_FIN.xls\"><strong>Arviointitaulukko<\/strong><\/a><\/p>\n\n\n\n<p class=\" mt-none\"><a href=\"https:\/\/teknologiateollisuus.fi\/skol\/wp-content\/uploads\/sites\/6\/2024\/08\/Standardoinnin_hankintalainmukaisuus.pdf\"><strong>Standardointimenetelm\u00e4n hankintalainmukaisuus<\/strong><\/a><\/p>\n\n\n\n<p class=\" mt-none\"><a href=\"https:\/\/teknologiateollisuus.fi\/skol\/wp-content\/uploads\/sites\/6\/2024\/08\/Seminar202014_Kimmo20Liimatainen.pdf\"><strong>Englanninkielinen esitys standardointimenettelyst\u00e4<\/strong><\/a><\/p>\n<\/div><\/div>\n\n\n\n<div class=\"wp-block-evermade-accordion-item em-block-accordion-item js-accordion-item\"><h6 class=\"em-block-accordion-item__title-wrapper\"><button class=\"em-block-accordion-item__title js-accordion-controller\">Suunnittelupalvelujen hankinnan kehitt\u00e4minen -projektin tuloksena on laaditut julkaisut<\/button><\/h6><div id=\"accordion-item-content-2\" class=\"em-block-accordion-item__content js-accordion-content\">\n<p class=\" mt-none\"><strong><a href=\"https:\/\/teknologiateollisuus.fi\/skol\/wp-content\/uploads\/sites\/6\/2024\/08\/hankintaopas2007.pdf\">Suunnittelupalvelujen hankintaopas 2007<\/a>,&nbsp;ISBN 978-682-845-2<\/strong>. 44 sivua. (0,6 Mt)<\/p>\n\n\n\n<p class=\" mt-none\">Opas antaa tietoa tiivistetysti suunnittelupalvelujen nykyisest\u00e4 hankintak\u00e4yt\u00e4nn\u00f6st\u00e4 niin yksityisell\u00e4 kuin julkisella sektorilla. Tavoitteena on perehdytt\u00e4\u00e4 tilaaja nopeasti hankintak\u00e4yt\u00e4nn\u00f6n perusperiaatteisin ja menetelmiin.<\/p>\n\n\n\n<p class=\" mt-none\">Projektin tuloksena on laadittu tarjousten arviointia varten seuraavat laskentataulukot:<\/p>\n\n\n\n<p class=\" mt-none\"><strong><a href=\"https:\/\/teknologiateollisuus.fi\/skol\/wp-content\/uploads\/sites\/6\/2024\/08\/Arviointitaulukko1.xls\">ARVI-laskentataulukko<\/a>, versio 2.01<\/strong>&nbsp;(0,47 Mt)<\/p>\n\n\n\n<p class=\" mt-none\">ARVI-laskentataulukko on Excel-taulukkolaskentaohjelmalle laadittu arviointitaulukko suunnittelupalvelun tarjoajien ja tarjousten arviointia varten. Laskentataulukko mahdollistaa laajan laatukriteerist\u00f6n ja hintakriteerin yhdist\u00e4v\u00e4n arvioinnin (kokonaistaloudellisesti edullisin valinta). Laskentataulukko sis\u00e4lt\u00e4\u00e4 makroja. Laskentataulukko tullaan p\u00e4ivitt\u00e4m\u00e4\u00e4n k\u00e4ytt\u00e4jilt\u00e4 saadun palautteen mukaan. ARVI-laskentataulukon k\u00e4yt\u00f6n tueksi on laadittu 3 arviointiesimerkki\u00e4 (<a href=\"https:\/\/teknologiateollisuus.fi\/skol\/wp-content\/uploads\/sites\/6\/2024\/08\/case3.xls\">case 1<\/a>,\u00a0<a href=\"https:\/\/teknologiateollisuus.fi\/skol\/wp-content\/uploads\/sites\/6\/2024\/08\/case2.xls\">case 2<\/a>\u00a0ja\u00a0<a href=\"https:\/\/teknologiateollisuus.fi\/skol\/wp-content\/uploads\/sites\/6\/2024\/08\/case3.xls\">case 3<\/a>).<\/p>\n\n\n\n<p class=\" mt-none\"><strong><a href=\"https:\/\/teknologiateollisuus.fi\/skol\/wp-content\/uploads\/sites\/6\/2024\/08\/arviointilomake2007.xls\">Arviointilomake 2007<\/a>&nbsp;<\/strong>(0,1 Mt)<\/p>\n\n\n\n<p class=\" mt-none\">Arviointilomake on Excel-taulukkolaskentaohjelmalle laadittu arviointitaulukko suunnittelupalvelun tarjousten arviointia varten. Arviointilomakkeen kriteerist\u00f6 muodostuu ARVI-laskentataulukon 1. tason kriteereist\u00e4.<\/p>\n\n\n\n<p class=\" mt-none\"><strong>RAKLI\/SKOL\/ATL. 1994.&nbsp;<a href=\"https:\/\/teknologiateollisuus.fi\/skol\/wp-content\/uploads\/sites\/6\/2024\/08\/Suunnvalinta.pdf\">Arviointimenettelyyn perustuva konsultin valinta<\/a>.&nbsp;<\/strong><\/p>\n\n\n\n<p class=\" mt-none\">Suomen Rakennuttajaliitto RAKLI:n, Suunnittelu- ja konsulttitoimistojen liitto SKOLin ja Arkkitehtitoimistojen liitto ATL:n kes\u00e4kuussa 1994 hyv\u00e4ksym\u00e4 menettely suunnittelijan valitsemiseksi.<\/p>\n\n\n\n<p class=\" mt-none\"><a href=\"https:\/\/teknologiateollisuus.fi\/skol\/tietoa-meista\/fidicin-eettiset-saannot\/\">Kansainv\u00e4lisen konsulttij\u00e4rjest\u00f6&nbsp;FIDICin eettiset s\u00e4\u00e4nn\u00f6t<\/a><\/p>\n<\/div><\/div>\n\n\n\n<div class=\"wp-block-evermade-accordion-item em-block-accordion-item js-accordion-item\"><h6 class=\"em-block-accordion-item__title-wrapper\"><button class=\"em-block-accordion-item__title js-accordion-controller\">Linkkej\u00e4 julkisten hankintojen ohjeisiin<\/button><\/h6><div id=\"accordion-item-content-3\" class=\"em-block-accordion-item__content js-accordion-content\">\n<p class=\" mt-none\">Julkisten hankintojen neuvontayksikk\u00f6<\/p>\n\n\n\n<p class=\" mt-none\"><a href=\"http:\/\/www.hankinnat.fi\/\"><strong>www.hankinnat.fi<\/strong><\/a><\/p>\n\n\n\n<p class=\" mt-none\">Kuntien yleiset hankintaohjeet<\/p>\n\n\n\n<p class=\" mt-none\"><a href=\"https:\/\/vm.fi\/hankinta-suomi\"><strong>Hankinta-Suomi &#8211; Valtiovarainministeri\u00f6<\/strong><\/a><\/p>\n\n\n\n<p class=\" mt-none\"><a href=\"https:\/\/www.kuntaliitto.fi\/laki\/hankinta-suomi-julkiset-hankinnat-vaikuttavammiksi\"><strong>Hankinta-Suomi&nbsp;\u2013 julkiset hankinnat vaikuttavammiksi<\/strong><\/a><\/p>\n\n\n\n<p class=\" mt-none\">Hankintailmoitukset<\/p>\n\n\n\n<p class=\" mt-none\"><a href=\"http:\/\/www.hankintailmoitukset.fi\/fi\/\"><strong>http:\/\/www.hankintailmoitukset.fi\/fi\/<\/strong><\/a><\/p>\n<\/div><\/div>\n\n\n\n<div class=\"wp-block-evermade-accordion-item em-block-accordion-item js-accordion-item\"><h6 class=\"em-block-accordion-item__title-wrapper\"><button class=\"em-block-accordion-item__title js-accordion-controller\">EU komission hankintaohjeistus EU:n julkisiin hankintoihin<\/button><\/h6><div id=\"accordion-item-content-4\" class=\"em-block-accordion-item__content js-accordion-content\">\n<p><a href=\"https:\/\/commission.europa.eu\/funding-tenders\/tools-public-buyers\/public-procurement-and-non-eu-participation_fi\"><strong>EU:n julkiset hankinnat ja EU:n ulkopuoliset tarjoajat<\/strong><\/a><\/p>\n<\/div><\/div>\n<\/div>\n","protected":false},"excerpt":{"rendered":"<p>T\u00e4lt\u00e4 sivulta l\u00f6ytyy ohjeita ja ty\u00f6kaluja asiantuntijapalveluiden hankintaan.<\/p>\n","protected":false},"author":50,"featured_media":0,"parent":221,"menu_order":5,"comment_status":"closed","ping_status":"closed","template":"","meta":{"_acf_changed":false,"_relevanssi_hide_post":"","_relevanssi_hide_content":"","_relevanssi_pin_for_all":"","_relevanssi_pin_keywords":"","_relevanssi_unpin_keywords":"","_relevanssi_related_keywords":"","_relevanssi_related_include_ids":"","_relevanssi_related_exclude_ids":"","_relevanssi_related_no_append":"","_relevanssi_related_not_related":"","_relevanssi_related_posts":"56,57,54,48,53,55","_relevanssi_noindex_reason":"","inline_featured_image":false,"footnotes":""},"class_list":["post-356","page","type-page","status-publish","hentry"],"acf":[],"yoast_head":"<!-- This site is optimized with the Yoast SEO Premium plugin v27.1 (Yoast SEO v27.4) - https:\/\/yoast.com\/product\/yoast-seo-premium-wordpress\/ -->\n<title>Asiantuntijapalveluiden hankintaohjeet - Skol<\/title>\n<meta name=\"robots\" content=\"index, follow, max-snippet:-1, max-image-preview:large, max-video-preview:-1\" \/>\n<link rel=\"canonical\" href=\"https:\/\/teknologiateollisuus.fi\/skol\/tietoa-alasta\/asiantuntijapalveluiden-hankintaohjeet\/\" \/>\n<meta property=\"og:locale\" content=\"fi_FI\" \/>\n<meta property=\"og:type\" content=\"article\" \/>\n<meta property=\"og:title\" content=\"Asiantuntijapalveluiden hankintaohjeet\" \/>\n<meta property=\"og:description\" content=\"T\u00e4lt\u00e4 sivulta l\u00f6ytyy ohjeita ja ty\u00f6kaluja asiantuntijapalveluiden hankintaan.\" \/>\n<meta property=\"og:url\" content=\"https:\/\/teknologiateollisuus.fi\/skol\/tietoa-alasta\/asiantuntijapalveluiden-hankintaohjeet\/\" \/>\n<meta property=\"og:site_name\" content=\"Skol\" \/>\n<meta property=\"article:modified_time\" content=\"2024-12-02T13:40:34+00:00\" \/>\n<meta name=\"twitter:card\" content=\"summary_large_image\" \/>\n<meta name=\"twitter:label1\" content=\"Arvioitu lukuaika\" \/>\n\t<meta name=\"twitter:data1\" content=\"3 minuuttia\" \/>\n<script type=\"application\/ld+json\" class=\"yoast-schema-graph\">{\"@context\":\"https:\\\/\\\/schema.org\",\"@graph\":[{\"@type\":\"WebPage\",\"@id\":\"https:\\\/\\\/teknologiateollisuus.fi\\\/skol\\\/tietoa-alasta\\\/asiantuntijapalveluiden-hankintaohjeet\\\/\",\"url\":\"https:\\\/\\\/teknologiateollisuus.fi\\\/skol\\\/tietoa-alasta\\\/asiantuntijapalveluiden-hankintaohjeet\\\/\",\"name\":\"Asiantuntijapalveluiden hankintaohjeet - Skol\",\"isPartOf\":{\"@id\":\"https:\\\/\\\/teknologiateollisuus.fi\\\/skol\\\/#website\"},\"datePublished\":\"2024-08-05T11:35:12+00:00\",\"dateModified\":\"2024-12-02T13:40:34+00:00\",\"breadcrumb\":{\"@id\":\"https:\\\/\\\/teknologiateollisuus.fi\\\/skol\\\/tietoa-alasta\\\/asiantuntijapalveluiden-hankintaohjeet\\\/#breadcrumb\"},\"inLanguage\":\"fi\",\"potentialAction\":[{\"@type\":\"ReadAction\",\"target\":[\"https:\\\/\\\/teknologiateollisuus.fi\\\/skol\\\/tietoa-alasta\\\/asiantuntijapalveluiden-hankintaohjeet\\\/\"]}]},{\"@type\":\"BreadcrumbList\",\"@id\":\"https:\\\/\\\/teknologiateollisuus.fi\\\/skol\\\/tietoa-alasta\\\/asiantuntijapalveluiden-hankintaohjeet\\\/#breadcrumb\",\"itemListElement\":[{\"@type\":\"ListItem\",\"position\":1,\"name\":\"Etusivu\",\"item\":\"https:\\\/\\\/teknologiateollisuus.fi\\\/skol\\\/\"},{\"@type\":\"ListItem\",\"position\":2,\"name\":\"Tietoa alasta\",\"item\":\"https:\\\/\\\/teknologiateollisuus.fi\\\/skol\\\/tietoa-alasta\\\/\"},{\"@type\":\"ListItem\",\"position\":3,\"name\":\"Asiantuntijapalveluiden hankintaohjeet\"}]},{\"@type\":\"WebSite\",\"@id\":\"https:\\\/\\\/teknologiateollisuus.fi\\\/skol\\\/#website\",\"url\":\"https:\\\/\\\/teknologiateollisuus.fi\\\/skol\\\/\",\"name\":\"Skol\",\"description\":\"\",\"potentialAction\":[{\"@type\":\"SearchAction\",\"target\":{\"@type\":\"EntryPoint\",\"urlTemplate\":\"https:\\\/\\\/teknologiateollisuus.fi\\\/skol\\\/?s={search_term_string}\"},\"query-input\":{\"@type\":\"PropertyValueSpecification\",\"valueRequired\":true,\"valueName\":\"search_term_string\"}}],\"inLanguage\":\"fi\"}]}<\/script>\n<!-- \/ Yoast SEO Premium plugin. -->","yoast_head_json":{"title":"Asiantuntijapalveluiden hankintaohjeet - Skol","robots":{"index":"index","follow":"follow","max-snippet":"max-snippet:-1","max-image-preview":"max-image-preview:large","max-video-preview":"max-video-preview:-1"},"canonical":"https:\/\/teknologiateollisuus.fi\/skol\/tietoa-alasta\/asiantuntijapalveluiden-hankintaohjeet\/","og_locale":"fi_FI","og_type":"article","og_title":"Asiantuntijapalveluiden hankintaohjeet","og_description":"T\u00e4lt\u00e4 sivulta l\u00f6ytyy ohjeita ja ty\u00f6kaluja asiantuntijapalveluiden hankintaan.","og_url":"https:\/\/teknologiateollisuus.fi\/skol\/tietoa-alasta\/asiantuntijapalveluiden-hankintaohjeet\/","og_site_name":"Skol","article_modified_time":"2024-12-02T13:40:34+00:00","twitter_card":"summary_large_image","twitter_misc":{"Arvioitu lukuaika":"3 minuuttia"},"schema":{"@context":"https:\/\/schema.org","@graph":[{"@type":"WebPage","@id":"https:\/\/teknologiateollisuus.fi\/skol\/tietoa-alasta\/asiantuntijapalveluiden-hankintaohjeet\/","url":"https:\/\/teknologiateollisuus.fi\/skol\/tietoa-alasta\/asiantuntijapalveluiden-hankintaohjeet\/","name":"Asiantuntijapalveluiden hankintaohjeet - Skol","isPartOf":{"@id":"https:\/\/teknologiateollisuus.fi\/skol\/#website"},"datePublished":"2024-08-05T11:35:12+00:00","dateModified":"2024-12-02T13:40:34+00:00","breadcrumb":{"@id":"https:\/\/teknologiateollisuus.fi\/skol\/tietoa-alasta\/asiantuntijapalveluiden-hankintaohjeet\/#breadcrumb"},"inLanguage":"fi","potentialAction":[{"@type":"ReadAction","target":["https:\/\/teknologiateollisuus.fi\/skol\/tietoa-alasta\/asiantuntijapalveluiden-hankintaohjeet\/"]}]},{"@type":"BreadcrumbList","@id":"https:\/\/teknologiateollisuus.fi\/skol\/tietoa-alasta\/asiantuntijapalveluiden-hankintaohjeet\/#breadcrumb","itemListElement":[{"@type":"ListItem","position":1,"name":"Etusivu","item":"https:\/\/teknologiateollisuus.fi\/skol\/"},{"@type":"ListItem","position":2,"name":"Tietoa alasta","item":"https:\/\/teknologiateollisuus.fi\/skol\/tietoa-alasta\/"},{"@type":"ListItem","position":3,"name":"Asiantuntijapalveluiden hankintaohjeet"}]},{"@type":"WebSite","@id":"https:\/\/teknologiateollisuus.fi\/skol\/#website","url":"https:\/\/teknologiateollisuus.fi\/skol\/","name":"Skol","description":"","potentialAction":[{"@type":"SearchAction","target":{"@type":"EntryPoint","urlTemplate":"https:\/\/teknologiateollisuus.fi\/skol\/?s={search_term_string}"},"query-input":{"@type":"PropertyValueSpecification","valueRequired":true,"valueName":"search_term_string"}}],"inLanguage":"fi"}]}},"lang":"fi","translations":{"fi":356},"pll_sync_post":[],"_links":{"self":[{"href":"https:\/\/teknologiateollisuus.fi\/skol\/wp-json\/wp\/v2\/pages\/356","targetHints":{"allow":["GET"]}}],"collection":[{"href":"https:\/\/teknologiateollisuus.fi\/skol\/wp-json\/wp\/v2\/pages"}],"about":[{"href":"https:\/\/teknologiateollisuus.fi\/skol\/wp-json\/wp\/v2\/types\/page"}],"author":[{"embeddable":true,"href":"https:\/\/teknologiateollisuus.fi\/skol\/wp-json\/wp\/v2\/users\/50"}],"replies":[{"embeddable":true,"href":"https:\/\/teknologiateollisuus.fi\/skol\/wp-json\/wp\/v2\/comments?post=356"}],"version-history":[{"count":9,"href":"https:\/\/teknologiateollisuus.fi\/skol\/wp-json\/wp\/v2\/pages\/356\/revisions"}],"predecessor-version":[{"id":2275,"href":"https:\/\/teknologiateollisuus.fi\/skol\/wp-json\/wp\/v2\/pages\/356\/revisions\/2275"}],"up":[{"embeddable":true,"href":"https:\/\/teknologiateollisuus.fi\/skol\/wp-json\/wp\/v2\/pages\/221"}],"wp:attachment":[{"href":"https:\/\/teknologiateollisuus.fi\/skol\/wp-json\/wp\/v2\/media?parent=356"}],"curies":[{"name":"wp","href":"https:\/\/api.w.org\/{rel}","templated":true}]}}