{"id":363,"date":"2024-06-14T10:59:00","date_gmt":"2024-06-14T07:59:00","guid":{"rendered":"https:\/\/teknologiateollisuus.fi\/skol\/?page_id=363"},"modified":"2025-11-17T08:40:35","modified_gmt":"2025-11-17T06:40:35","slug":"julkaisut","status":"publish","type":"page","link":"https:\/\/teknologiateollisuus.fi\/skol\/tietoa-alasta\/julkaisut\/","title":{"rendered":"Julkaisut"},"content":{"rendered":"\n<div class=\"em-block-hero hero-has-background-color has-background has-violet-background-color collapse media-position-right \">\n\t<div class=\"em-block-hero__container\">\n\t\t<div class=\"em-block-hero__content\">\n\t\t\t<div class=\"yoast-breadcrumbs\"><span><span><a href=\"https:\/\/teknologiateollisuus.fi\/skol\/\">Etusivu<\/a><\/span> <span class=\"separator\"><\/span> <span><a href=\"https:\/\/teknologiateollisuus.fi\/skol\/tietoa-alasta\/\">Tietoa alasta<\/a><\/span> <span class=\"separator\"><\/span> <span class=\"breadcrumb_last\" aria-current=\"page\">Julkaisut<\/span><\/span><\/div>\t\t\t\n<h1 class=\"wp-block-heading\" id=\"h-julkaisut\">Julkaisut<\/h1>\n\t\t\t<div class=\"em-block-hero__modified-date\"> P\u00e4ivitetty 17.11.2025 klo 08:40<\/div>\t\t<\/div>\n\t\t\t\t\t<figure class=\"em-block-hero__image\">\n\t\t\t\t\t\t\t<\/figure>\n\t\t\t<\/div>\n<\/div>\n\n\n\n<p>T\u00e4st\u00e4 osiosta l\u00f6ytyy alaa koskevia julkaisuja.<\/p>\n\n\n\n<div class=\"wp-block-evermade-accordion em-block-accordion js-accordion-group\">\n<div class=\"wp-block-evermade-accordion-item em-block-accordion-item js-accordion-item\"><h6 class=\"em-block-accordion-item__title-wrapper\"><button class=\"em-block-accordion-item__title js-accordion-controller\">SKOL &#8211; Barometri<\/button><\/h6><div id=\"accordion-item-content-8\" class=\"em-block-accordion-item__content js-accordion-content\">\n<p>SKOL-barometri &nbsp;on suunnittelu- ja konsultointialan toimialaj\u00e4rjest\u00f6n SKOLin tuottama koontijulkaisu, joka kokoaa yhteen suunnittelu- ja konsultointialan tilastot, alan trendit sek\u00e4 muut toimialan kehityksen ajankohtaiset dokumentit.<\/p>\n\n\n\n<p class=\" mt-none pt-none pb-none\"><a href=\"https:\/\/teknologiateollisuus.fi\/skol\/wp-content\/uploads\/sites\/6\/2025\/10\/SKOL-barometri_2025.pdf\">Barometri 2025<\/a><\/p>\n\n\n\n<p class=\" mt-none\"><a href=\"https:\/\/teknologiateollisuus.fi\/skol\/wp-content\/uploads\/sites\/6\/2024\/11\/SKOL-barometri_2024_02.pdf\">Barometri 2024<\/a><\/p>\n\n\n\n<p class=\" mt-none\"><a href=\"https:\/\/teknologiateollisuus.fi\/skol\/wp-content\/uploads\/sites\/6\/2024\/08\/SKOL-barometri_2023_04-15.09.23_0.pdf\">Barometri 2023<\/a><\/p>\n\n\n\n<p class=\" mt-none\"><a href=\"https:\/\/teknologiateollisuus.fi\/skol\/wp-content\/uploads\/sites\/6\/2024\/08\/SKOL-barometri_2022_06_1.pdf\">Barometri 2022<\/a><\/p>\n\n\n\n<p class=\" mt-none\"><a href=\"https:\/\/teknologiateollisuus.fi\/skol\/wp-content\/uploads\/sites\/6\/2024\/08\/SKOL-barometri_2021_3.pdf\">Barometri 2021<\/a><\/p>\n\n\n\n<p class=\" mt-none\"><a href=\"https:\/\/teknologiateollisuus.fi\/skol\/wp-content\/uploads\/sites\/6\/2024\/08\/SKOL-barometri_2020_1.pdf\">Barometri 2020<\/a><\/p>\n\n\n\n<p class=\" mt-none\"><a href=\"https:\/\/teknologiateollisuus.fi\/skol\/wp-content\/uploads\/sites\/6\/2024\/08\/skol-barometri_2019.pdf\">Barometri 2019<\/a><\/p>\n<\/div><\/div>\n\n\n\n<div class=\"wp-block-evermade-accordion-item em-block-accordion-item js-accordion-item\"><h6 class=\"em-block-accordion-item__title-wrapper\"><button class=\"em-block-accordion-item__title js-accordion-controller\">Rakennus- ja infra-alan julkaisut<\/button><\/h6><div id=\"accordion-item-content-0\" class=\"em-block-accordion-item__content js-accordion-content\">\n<p><a href=\"https:\/\/www.rakennustietokauppa.fi\/\">Rakennustieto Oy<\/a><\/p>\n<\/div><\/div>\n\n\n\n<div class=\"wp-block-evermade-accordion-item em-block-accordion-item js-accordion-item\"><h6 class=\"em-block-accordion-item__title-wrapper\"><button class=\"em-block-accordion-item__title js-accordion-controller\">Rakennus- ja kiinteist\u00f6alan lomakepalvelu<\/button><\/h6><div id=\"accordion-item-content-1\" class=\"em-block-accordion-item__content js-accordion-content\">\n<p>RT-kortit, teht\u00e4v\u00e4luettelot,&nbsp;KSE- ja YSE-sopimusehdot ja -lomakkeet:<\/p>\n\n\n\n<p class=\" mt-none\"><a href=\"https:\/\/www.sopimuslomake.net\/\"><span style=\"text-decoration: underline\">Sopimuslomake.net<\/span><\/a><\/p>\n\n\n\n<p class=\" mt-none\"><a href=\"https:\/\/www.sopimuslomake.net\/lomakkeet\/listaus\/Suunnittelu\">Suunnittelun hankekokonaisuuden&nbsp;asiakirjat<\/a><\/p>\n\n\n\n<p class=\" mt-none\"><a href=\"https:\/\/www.sopimuslomake.net\/lomakkeet\/listaus\/Suunnittelusopimukset\">Suunnittelusopimuslomakkeet<\/a><\/p>\n<\/div><\/div>\n\n\n\n<div class=\"wp-block-evermade-accordion-item em-block-accordion-item js-accordion-item\"><h6 class=\"em-block-accordion-item__title-wrapper\"><button class=\"em-block-accordion-item__title js-accordion-controller\">Teknologiateollisuuden julkaisut<\/button><\/h6><div id=\"accordion-item-content-2\" class=\"em-block-accordion-item__content js-accordion-content\">\n<p><a href=\"https:\/\/teknologiateollisuus.fi\/jasenille\/julkaisut\/\">Teknologiainfo Teknova Oy<\/a><\/p>\n<\/div><\/div>\n\n\n\n<div class=\"wp-block-evermade-accordion-item em-block-accordion-item js-accordion-item\"><h6 class=\"em-block-accordion-item__title-wrapper\"><button class=\"em-block-accordion-item__title js-accordion-controller\">Prosessiteollisuuden standardit ja teollisuussuunnittelun sopimusehdot<\/button><\/h6><div id=\"accordion-item-content-3\" class=\"em-block-accordion-item__content js-accordion-content\">\n<p><a href=\"https:\/\/psk-standardisointi.fi\/standardit\/\" target=\"_blank\" rel=\"noreferrer noopener\">PSK-standardisointi<\/a><\/p>\n<\/div><\/div>\n\n\n\n<div class=\"wp-block-evermade-accordion-item em-block-accordion-item js-accordion-item\"><h6 class=\"em-block-accordion-item__title-wrapper\"><button class=\"em-block-accordion-item__title js-accordion-controller\">FIDIC-sopimusehdot ja lomakkeet suunnittelualan kansainv\u00e4liseen toimintaan<\/button><\/h6><div id=\"accordion-item-content-4\" class=\"em-block-accordion-item__content js-accordion-content\">\n<p><a href=\"https:\/\/www.fidic.org\/bookshop\" target=\"_blank\" rel=\"noreferrer noopener\">FIDICin verkkokauppa<\/a><\/p>\n<\/div><\/div>\n\n\n\n<div class=\"wp-block-evermade-accordion-item em-block-accordion-item js-accordion-item\"><h6 class=\"em-block-accordion-item__title-wrapper\"><button class=\"em-block-accordion-item__title js-accordion-controller\">Elementtisuunnittelun portaali<\/button><\/h6><div id=\"accordion-item-content-5\" class=\"em-block-accordion-item__content js-accordion-content\">\n<p><a href=\"https:\/\/www.elementtisuunnittelu.fi\/\" target=\"_blank\" rel=\"noreferrer noopener\">Elementtisuunnittelu.fi<\/a><\/p>\n<\/div><\/div>\n\n\n\n<div class=\"wp-block-evermade-accordion-item em-block-accordion-item js-accordion-item\"><h6 class=\"em-block-accordion-item__title-wrapper\"><button class=\"em-block-accordion-item__title js-accordion-controller\">SKOLin kehityshankkeiden tuloksia<\/button><\/h6><div id=\"accordion-item-content-6\" class=\"em-block-accordion-item__content js-accordion-content\">\n<p>Kehityshankkeiden tuloksia l\u00f6yd\u00e4t <a href=\"https:\/\/teknologiateollisuus.fi\/skol\/tietoa-alasta\/tki-toiminta\/alan-kehittaminen\/\">t\u00e4\u00e4lt\u00e4<\/a>.<\/p>\n<\/div><\/div>\n\n\n\n<div class=\"wp-block-evermade-accordion-item em-block-accordion-item js-accordion-item\"><h6 class=\"em-block-accordion-item__title-wrapper\"><button class=\"em-block-accordion-item__title js-accordion-controller\">SKOLin suhdannekatsaus ja laskutustilasto<\/button><\/h6><div id=\"accordion-item-content-7\" class=\"em-block-accordion-item__content js-accordion-content\">\n<p class=\" mt-none\">SKOL ker\u00e4\u00e4 kaksi kertaa vuodessa j\u00e4senyrityksilt\u00e4\u00e4n tietoa suunnittelualan markkinatilanteesta ja -n\u00e4kymist\u00e4. Tiedoista koostettava suhdannekatsaus ilmestyy kev\u00e4isin ja syksyisin.&nbsp;<\/p>\n\n\n\n<p class=\" mt-none\">SKOL seuraa my\u00f6s j\u00e4senyritystens\u00e4 laskutusta ja kokoaa tiedoista vuosittain laskutustilaston.&nbsp;<\/p>\n\n\n\n<p class=\" mt-none\">Tilastot ja suhdannekatsaukset voi ladata&nbsp;<a href=\"https:\/\/teknologiateollisuus.fi\/skol\/tietoa-alasta\/tilastot\/\">t\u00e4\u00e4lt\u00e4<\/a>.<\/p>\n<\/div><\/div>\n\n\n\n<div class=\"wp-block-evermade-accordion-item em-block-accordion-item js-accordion-item\"><h6 class=\"em-block-accordion-item__title-wrapper\"><button class=\"em-block-accordion-item__title js-accordion-controller\">SKOL Kest\u00e4v\u00e4n arvonluonnin kolmiosainen selvitys<\/button><\/h6><div id=\"accordion-item-content-9\" class=\"em-block-accordion-item__content js-accordion-content\">\n<p>Suunnittelu- ja konsultointipalveluilla on keskeinen rooli kest\u00e4v\u00e4n kehityksen tavoitteiden saavuttamisessa. Alan merkitys k\u00e4y ilmi SKOLin tuottamasta raportista, jossa tarkasteltiin suunnitteluyritysten tarjoamia palveluita YK:n kest\u00e4v\u00e4n kehityksen tavoitteiden eri osa-alueille. Suunnittelu- ja konsultointiyritykset SKOL ry:n teett\u00e4m\u00e4n selvityksen mukaan my\u00f6s kunnianhimoiset kest\u00e4vyystavoitteet lis\u00e4\u00e4v\u00e4t asiantuntijapalveluiden kysynt\u00e4\u00e4 ja synnytt\u00e4v\u00e4t suomalaisille suunnittelu- ja konsultointiyrityksille uusia liiketoimintamahdollisuuksia my\u00f6s kansainv\u00e4lisesti.&nbsp;<a href=\"https:\/\/teknologiateollisuus.fi\/skol\/wp-content\/uploads\/sites\/6\/2024\/08\/SKOL_Sustainable_value_added_AFRY_Full_report_141221-1-1.pdf\">Lue selvitys t\u00e4st\u00e4<\/a><\/p>\n<\/div><\/div>\n\n\n\n<div class=\"wp-block-evermade-accordion-item em-block-accordion-item js-accordion-item\"><h6 class=\"em-block-accordion-item__title-wrapper\"><button class=\"em-block-accordion-item__title js-accordion-controller\">Ennakoinnin ty\u00f6kalu alan yritysten k\u00e4ytt\u00f6\u00f6n &#8211; Eteenp\u00e4in katsovaa markkinatietoa<\/button><\/h6><div id=\"accordion-item-content-10\" class=\"em-block-accordion-item__content js-accordion-content\">\n<p>SKOL ry on julkaissut palvelutuotteen, jossa on k\u00e4sitelty laajasti ajankohtaisia n\u00e4kymi\u00e4 ja eri sektoreiden tilannekuvaa. Tuote kokoaa yhteen sis\u00e4lt\u00f6\u00e4 alan trendeist\u00e4, kasvuajureista ja s\u00e4\u00e4d\u00f6symp\u00e4rist\u00f6n muutostekij\u00f6ist\u00e4 sek\u00e4 toimialan vaikuttavuudesta. Laaja aineisto on hy\u00f6dynnett\u00e4viss\u00e4 yritysten strategisessa ja toiminnan suunnittelussa sek\u00e4 uusien liiketoiminta-alueiden tunnistamisessa. Aineisto sis\u00e4lt\u00e4\u00e4 uusimmat suhdannetiedot ja ennusteet eri toimialojen investointien n\u00e4kymist\u00e4. Materiaalin tavoitteena on tukea suunnittelu- ja konsultointialan yrityksi\u00e4 oman liiketoiminnan kehitt\u00e4misess\u00e4. Palvelua on tarkoitus jatkaa ja kehitt\u00e4\u00e4 my\u00f6s vuonna 2024, jolloin julkaistaan kaksi ajankohtaiskatsausta my\u00f6hemmin p\u00e4\u00e4tett\u00e4vist\u00e4 t\u00e4rkeist\u00e4 teemoista. Aineisto on tuotettu yhteisty\u00f6ss\u00e4 Ramboll Finland Oy:n kanssa.&nbsp;Lue lis\u00e4\u00e4 <a href=\"https:\/\/teknologiateollisuus.fi\/skol\/wp-content\/uploads\/sites\/6\/2024\/08\/SKOL_markkinatietohanke_raportti_13.10.2023_0.pdf\">t\u00e4st\u00e4<\/a>.<\/p>\n<\/div><\/div>\n\n\n\n<div class=\"wp-block-evermade-accordion-item em-block-accordion-item js-accordion-item\"><h6 class=\"em-block-accordion-item__title-wrapper\"><button class=\"em-block-accordion-item__title js-accordion-controller\">SKOL -alan historiaa<\/button><\/h6><div id=\"accordion-item-content-11\" class=\"em-block-accordion-item__content js-accordion-content\">\n<p class=\" mt-none\"><a href=\"https:\/\/teknologiateollisuus.fi\/skol\/wp-content\/uploads\/sites\/6\/2024\/08\/SKOL-60v_historiikki.pdf\">SKOL &#8211; 60 v historiikki<\/a><\/p>\n\n\n\n<p class=\" mt-none\"><a href=\"https:\/\/www.ril.fi\/kirjakauppa\/erikoisjulkaisut\/entas-jos-p-850.html\">Professori Pentti Murolen blogipohdintoja 2012\u20132021<\/a><\/p>\n\n\n\n<p class=\" mt-none\"><a href=\"https:\/\/teknologiateollisuus.fi\/skol\/wp-content\/uploads\/sites\/6\/2024\/08\/TSi-tarinaa_v10.pdf\">Tuomo Sirki\u00e4n tekemisi\u00e4, kokemuksia ja lastuja ty\u00f6poluilta vuosina 1972\u20132022<\/a><\/p>\n<\/div><\/div>\n<\/div>\n","protected":false},"excerpt":{"rendered":"<p>T\u00e4st\u00e4 osiosta l\u00f6ytyy alaa koskevia julkaisuja.<\/p>\n","protected":false},"author":50,"featured_media":0,"parent":221,"menu_order":4,"comment_status":"closed","ping_status":"closed","template":"","meta":{"_acf_changed":false,"_relevanssi_hide_post":"","_relevanssi_hide_content":"","_relevanssi_pin_for_all":"","_relevanssi_pin_keywords":"","_relevanssi_unpin_keywords":"","_relevanssi_related_keywords":"","_relevanssi_related_include_ids":"","_relevanssi_related_exclude_ids":"","_relevanssi_related_no_append":"","_relevanssi_related_not_related":"","_relevanssi_related_posts":"57,55,56,54,53,48","_relevanssi_noindex_reason":"","inline_featured_image":false,"footnotes":""},"class_list":["post-363","page","type-page","status-publish","hentry"],"acf":[],"yoast_head":"<!-- This site is optimized with the Yoast SEO Premium plugin v27.1 (Yoast SEO v27.4) - https:\/\/yoast.com\/product\/yoast-seo-premium-wordpress\/ -->\n<title>Julkaisut - Skol<\/title>\n<meta name=\"robots\" content=\"index, follow, max-snippet:-1, max-image-preview:large, max-video-preview:-1\" \/>\n<link rel=\"canonical\" href=\"https:\/\/teknologiateollisuus.fi\/skol\/tietoa-alasta\/julkaisut\/\" \/>\n<meta property=\"og:locale\" content=\"fi_FI\" \/>\n<meta property=\"og:type\" content=\"article\" \/>\n<meta property=\"og:title\" content=\"Julkaisut\" \/>\n<meta property=\"og:description\" content=\"T\u00e4st\u00e4 osiosta l\u00f6ytyy alaa koskevia julkaisuja.\" \/>\n<meta property=\"og:url\" content=\"https:\/\/teknologiateollisuus.fi\/skol\/tietoa-alasta\/julkaisut\/\" \/>\n<meta property=\"og:site_name\" content=\"Skol\" \/>\n<meta property=\"article:modified_time\" content=\"2025-11-17T06:40:35+00:00\" \/>\n<meta name=\"twitter:card\" content=\"summary_large_image\" \/>\n<meta name=\"twitter:label1\" content=\"Arvioitu lukuaika\" \/>\n\t<meta name=\"twitter:data1\" content=\"2 minuuttia\" \/>\n<script type=\"application\/ld+json\" class=\"yoast-schema-graph\">{\"@context\":\"https:\\\/\\\/schema.org\",\"@graph\":[{\"@type\":\"WebPage\",\"@id\":\"https:\\\/\\\/teknologiateollisuus.fi\\\/skol\\\/tietoa-alasta\\\/julkaisut\\\/\",\"url\":\"https:\\\/\\\/teknologiateollisuus.fi\\\/skol\\\/tietoa-alasta\\\/julkaisut\\\/\",\"name\":\"Julkaisut - Skol\",\"isPartOf\":{\"@id\":\"https:\\\/\\\/teknologiateollisuus.fi\\\/skol\\\/#website\"},\"datePublished\":\"2024-06-14T07:59:00+00:00\",\"dateModified\":\"2025-11-17T06:40:35+00:00\",\"breadcrumb\":{\"@id\":\"https:\\\/\\\/teknologiateollisuus.fi\\\/skol\\\/tietoa-alasta\\\/julkaisut\\\/#breadcrumb\"},\"inLanguage\":\"fi\",\"potentialAction\":[{\"@type\":\"ReadAction\",\"target\":[\"https:\\\/\\\/teknologiateollisuus.fi\\\/skol\\\/tietoa-alasta\\\/julkaisut\\\/\"]}]},{\"@type\":\"BreadcrumbList\",\"@id\":\"https:\\\/\\\/teknologiateollisuus.fi\\\/skol\\\/tietoa-alasta\\\/julkaisut\\\/#breadcrumb\",\"itemListElement\":[{\"@type\":\"ListItem\",\"position\":1,\"name\":\"Etusivu\",\"item\":\"https:\\\/\\\/teknologiateollisuus.fi\\\/skol\\\/\"},{\"@type\":\"ListItem\",\"position\":2,\"name\":\"Tietoa alasta\",\"item\":\"https:\\\/\\\/teknologiateollisuus.fi\\\/skol\\\/tietoa-alasta\\\/\"},{\"@type\":\"ListItem\",\"position\":3,\"name\":\"Julkaisut\"}]},{\"@type\":\"WebSite\",\"@id\":\"https:\\\/\\\/teknologiateollisuus.fi\\\/skol\\\/#website\",\"url\":\"https:\\\/\\\/teknologiateollisuus.fi\\\/skol\\\/\",\"name\":\"Skol\",\"description\":\"\",\"potentialAction\":[{\"@type\":\"SearchAction\",\"target\":{\"@type\":\"EntryPoint\",\"urlTemplate\":\"https:\\\/\\\/teknologiateollisuus.fi\\\/skol\\\/?s={search_term_string}\"},\"query-input\":{\"@type\":\"PropertyValueSpecification\",\"valueRequired\":true,\"valueName\":\"search_term_string\"}}],\"inLanguage\":\"fi\"}]}<\/script>\n<!-- \/ Yoast SEO Premium plugin. -->","yoast_head_json":{"title":"Julkaisut - Skol","robots":{"index":"index","follow":"follow","max-snippet":"max-snippet:-1","max-image-preview":"max-image-preview:large","max-video-preview":"max-video-preview:-1"},"canonical":"https:\/\/teknologiateollisuus.fi\/skol\/tietoa-alasta\/julkaisut\/","og_locale":"fi_FI","og_type":"article","og_title":"Julkaisut","og_description":"T\u00e4st\u00e4 osiosta l\u00f6ytyy alaa koskevia julkaisuja.","og_url":"https:\/\/teknologiateollisuus.fi\/skol\/tietoa-alasta\/julkaisut\/","og_site_name":"Skol","article_modified_time":"2025-11-17T06:40:35+00:00","twitter_card":"summary_large_image","twitter_misc":{"Arvioitu lukuaika":"2 minuuttia"},"schema":{"@context":"https:\/\/schema.org","@graph":[{"@type":"WebPage","@id":"https:\/\/teknologiateollisuus.fi\/skol\/tietoa-alasta\/julkaisut\/","url":"https:\/\/teknologiateollisuus.fi\/skol\/tietoa-alasta\/julkaisut\/","name":"Julkaisut - Skol","isPartOf":{"@id":"https:\/\/teknologiateollisuus.fi\/skol\/#website"},"datePublished":"2024-06-14T07:59:00+00:00","dateModified":"2025-11-17T06:40:35+00:00","breadcrumb":{"@id":"https:\/\/teknologiateollisuus.fi\/skol\/tietoa-alasta\/julkaisut\/#breadcrumb"},"inLanguage":"fi","potentialAction":[{"@type":"ReadAction","target":["https:\/\/teknologiateollisuus.fi\/skol\/tietoa-alasta\/julkaisut\/"]}]},{"@type":"BreadcrumbList","@id":"https:\/\/teknologiateollisuus.fi\/skol\/tietoa-alasta\/julkaisut\/#breadcrumb","itemListElement":[{"@type":"ListItem","position":1,"name":"Etusivu","item":"https:\/\/teknologiateollisuus.fi\/skol\/"},{"@type":"ListItem","position":2,"name":"Tietoa alasta","item":"https:\/\/teknologiateollisuus.fi\/skol\/tietoa-alasta\/"},{"@type":"ListItem","position":3,"name":"Julkaisut"}]},{"@type":"WebSite","@id":"https:\/\/teknologiateollisuus.fi\/skol\/#website","url":"https:\/\/teknologiateollisuus.fi\/skol\/","name":"Skol","description":"","potentialAction":[{"@type":"SearchAction","target":{"@type":"EntryPoint","urlTemplate":"https:\/\/teknologiateollisuus.fi\/skol\/?s={search_term_string}"},"query-input":{"@type":"PropertyValueSpecification","valueRequired":true,"valueName":"search_term_string"}}],"inLanguage":"fi"}]}},"lang":"fi","translations":{"fi":363},"pll_sync_post":[],"_links":{"self":[{"href":"https:\/\/teknologiateollisuus.fi\/skol\/wp-json\/wp\/v2\/pages\/363","targetHints":{"allow":["GET"]}}],"collection":[{"href":"https:\/\/teknologiateollisuus.fi\/skol\/wp-json\/wp\/v2\/pages"}],"about":[{"href":"https:\/\/teknologiateollisuus.fi\/skol\/wp-json\/wp\/v2\/types\/page"}],"author":[{"embeddable":true,"href":"https:\/\/teknologiateollisuus.fi\/skol\/wp-json\/wp\/v2\/users\/50"}],"replies":[{"embeddable":true,"href":"https:\/\/teknologiateollisuus.fi\/skol\/wp-json\/wp\/v2\/comments?post=363"}],"version-history":[{"count":11,"href":"https:\/\/teknologiateollisuus.fi\/skol\/wp-json\/wp\/v2\/pages\/363\/revisions"}],"predecessor-version":[{"id":3058,"href":"https:\/\/teknologiateollisuus.fi\/skol\/wp-json\/wp\/v2\/pages\/363\/revisions\/3058"}],"up":[{"embeddable":true,"href":"https:\/\/teknologiateollisuus.fi\/skol\/wp-json\/wp\/v2\/pages\/221"}],"wp:attachment":[{"href":"https:\/\/teknologiateollisuus.fi\/skol\/wp-json\/wp\/v2\/media?parent=363"}],"curies":[{"name":"wp","href":"https:\/\/api.w.org\/{rel}","templated":true}]}}