{"id":365,"date":"2023-12-05T11:00:00","date_gmt":"2023-12-05T09:00:00","guid":{"rendered":"https:\/\/teknologiateollisuus.fi\/skol\/?page_id=365"},"modified":"2024-12-13T08:52:51","modified_gmt":"2024-12-13T06:52:51","slug":"kansainvaliset-julkaisut","status":"publish","type":"page","link":"https:\/\/teknologiateollisuus.fi\/skol\/tietoa-alasta\/julkaisut\/kansainvaliset-julkaisut\/","title":{"rendered":"Kansainv\u00e4liset julkaisut"},"content":{"rendered":"\n<div class=\"em-block-hero hero-has-background-color has-background has-violet-background-color collapse media-position-right \">\n\t<div class=\"em-block-hero__container\">\n\t\t<div class=\"em-block-hero__content\">\n\t\t\t<div class=\"yoast-breadcrumbs\"><span><span><a href=\"https:\/\/teknologiateollisuus.fi\/skol\/\">Etusivu<\/a><\/span> <span class=\"separator\"><\/span> <span><a href=\"https:\/\/teknologiateollisuus.fi\/skol\/tietoa-alasta\/\">Tietoa alasta<\/a><\/span> <span class=\"separator\"><\/span> <span><a href=\"https:\/\/teknologiateollisuus.fi\/skol\/tietoa-alasta\/julkaisut\/\">Julkaisut<\/a><\/span> <span class=\"separator\"><\/span> <span class=\"breadcrumb_last\" aria-current=\"page\">Kansainv\u00e4liset julkaisut<\/span><\/span><\/div>\t\t\t\n<h1 class=\"wp-block-heading\" id=\"kansainvaliset-julkaisut\">Kansainv\u00e4liset julkaisut<\/h1>\n\t\t\t<div class=\"em-block-hero__modified-date\"> P\u00e4ivitetty 13.12.2024 klo 08:52<\/div>\t\t<\/div>\n\t\t\t\t\t<figure class=\"em-block-hero__image\">\n\t\t\t\t\t\t\t<\/figure>\n\t\t\t<\/div>\n<\/div>\n\n\n\n<p>SKOL on j\u00e4senen\u00e4 ja vaikuttaa aktiivisesti my\u00f6s kansainv\u00e4lisesti. T\u00e4st\u00e4 osiosta l\u00f6yd\u00e4t SKOLin kanssa yhteisty\u00f6ss\u00e4 tehdyt kansainv\u00e4liset julkaisut.<\/p>\n\n\n\n<div class=\"wp-block-evermade-accordion em-block-accordion js-accordion-group\">\n<div class=\"wp-block-evermade-accordion-item em-block-accordion-item js-accordion-item\"><h6 class=\"em-block-accordion-item__title-wrapper\"><button class=\"em-block-accordion-item__title js-accordion-controller\">Sector Review, Pohjoismainen konsulttiyritysten toimialakatsaus<\/button><\/h6><div id=\"accordion-item-content-0\" class=\"em-block-accordion-item__content js-accordion-content\">\n<p>Sector Review on SKOLin ruotsalaisen sisarj\u00e4rjest\u00f6n Svensk Teknik och Design STD:n johdolla pohjoismaisena yhteisty\u00f6n\u00e4 laadittu toimialan yhteenveto suurimmista pohjoismaisista ja eurooppalaisista konsulttiyrityksist\u00e4 sek\u00e4 alan n\u00e4kymist\u00e4.&nbsp;<\/p>\n\n\n\n<div data-wp-interactive=\"core\/file\" class=\"wp-block-file  mt-none\"><object data-wp-bind--hidden=\"!state.hasPdfPreview\" hidden class=\"wp-block-file__embed\" data=\"https:\/\/teknologiateollisuus.fi\/skol\/wp-content\/uploads\/sites\/6\/2024\/08\/Sector-Review-2019Webb-1.pdf\" type=\"application\/pdf\" style=\"width:100%;height:600px\" aria-label=\"Tiedoston Sector Review 2019 upotus.\"><\/object><a id=\"wp-block-file--media-c8c05842-785e-44e0-8efb-4830065d6ffc\" href=\"https:\/\/teknologiateollisuus.fi\/skol\/wp-content\/uploads\/sites\/6\/2024\/08\/Sector-Review-2019Webb-1.pdf\">Sector Review 2019<\/a><\/div>\n\n\n\n<div data-wp-interactive=\"core\/file\" class=\"wp-block-file  mt-none\"><object data-wp-bind--hidden=\"!state.hasPdfPreview\" hidden class=\"wp-block-file__embed\" data=\"https:\/\/teknologiateollisuus.fi\/skol\/wp-content\/uploads\/sites\/6\/2024\/08\/sector_review_2018-1.pdf\" type=\"application\/pdf\" style=\"width:100%;height:600px\" aria-label=\"Tiedoston Sector Review 2018 upotus.\"><\/object><a id=\"wp-block-file--media-97f8cd51-6b94-4c22-bd84-d597ebbc38e3\" href=\"https:\/\/teknologiateollisuus.fi\/skol\/wp-content\/uploads\/sites\/6\/2024\/08\/sector_review_2018-1.pdf\">Sector Review 2018<\/a><\/div>\n\n\n\n<div data-wp-interactive=\"core\/file\" class=\"wp-block-file  mt-none\"><object data-wp-bind--hidden=\"!state.hasPdfPreview\" hidden class=\"wp-block-file__embed\" data=\"https:\/\/teknologiateollisuus.fi\/skol\/wp-content\/uploads\/sites\/6\/2024\/08\/sector_review_2017-1.pdf\" type=\"application\/pdf\" style=\"width:100%;height:600px\" aria-label=\"Tiedoston Sector Review 2017 upotus.\"><\/object><a id=\"wp-block-file--media-8e34e035-368b-48e2-8122-74329e486c1c\" href=\"https:\/\/teknologiateollisuus.fi\/skol\/wp-content\/uploads\/sites\/6\/2024\/08\/sector_review_2017-1.pdf\">Sector Review 2017<\/a><\/div>\n\n\n\n<div data-wp-interactive=\"core\/file\" class=\"wp-block-file  mt-none\"><object data-wp-bind--hidden=\"!state.hasPdfPreview\" hidden class=\"wp-block-file__embed\" data=\"https:\/\/teknologiateollisuus.fi\/skol\/wp-content\/uploads\/sites\/6\/2024\/08\/sector_review_2016-1.pdf\" type=\"application\/pdf\" style=\"width:100%;height:600px\" aria-label=\"Tiedoston Sector Review 2016 upotus.\"><\/object><a id=\"wp-block-file--media-e51df5e4-1859-488f-adca-f8b2f2089c5c\" href=\"https:\/\/teknologiateollisuus.fi\/skol\/wp-content\/uploads\/sites\/6\/2024\/08\/sector_review_2016-1.pdf\">Sector Review 2016<\/a><\/div>\n\n\n\n<div data-wp-interactive=\"core\/file\" class=\"wp-block-file  mt-none\"><object data-wp-bind--hidden=\"!state.hasPdfPreview\" hidden class=\"wp-block-file__embed\" data=\"https:\/\/teknologiateollisuus.fi\/skol\/wp-content\/uploads\/sites\/6\/2024\/08\/SectorReview-2015-1.pdf\" type=\"application\/pdf\" style=\"width:100%;height:600px\" aria-label=\"Tiedoston Sector Review 2015 upotus.\"><\/object><a id=\"wp-block-file--media-77e249d4-0eea-4e78-9657-77d304728b3c\" href=\"https:\/\/teknologiateollisuus.fi\/skol\/wp-content\/uploads\/sites\/6\/2024\/08\/SectorReview-2015-1.pdf\">Sector Review 2015<\/a><\/div>\n\n\n\n<div data-wp-interactive=\"core\/file\" class=\"wp-block-file  mt-none\"><object data-wp-bind--hidden=\"!state.hasPdfPreview\" hidden class=\"wp-block-file__embed\" data=\"https:\/\/teknologiateollisuus.fi\/skol\/wp-content\/uploads\/sites\/6\/2024\/08\/SectorReview-2014-1.pdf\" type=\"application\/pdf\" style=\"width:100%;height:600px\" aria-label=\"Tiedoston Sector Review 2014 upotus.\"><\/object><a id=\"wp-block-file--media-982d014f-bae8-4c41-b73a-2625ec917cc9\" href=\"https:\/\/teknologiateollisuus.fi\/skol\/wp-content\/uploads\/sites\/6\/2024\/08\/SectorReview-2014-1.pdf\">Sector Review 2014<\/a><\/div>\n<\/div><\/div>\n\n\n\n<div class=\"wp-block-evermade-accordion-item em-block-accordion-item js-accordion-item\"><h6 class=\"em-block-accordion-item__title-wrapper\"><button class=\"em-block-accordion-item__title js-accordion-controller\">European Federation of Engineering Consultancy Associations (EFCA) &#8211; julkaisuja suunnittelu- ja konsultointialasta Euroopassa<\/button><\/h6><div id=\"accordion-item-content-1\" class=\"em-block-accordion-item__content js-accordion-content\">\n<div data-wp-interactive=\"core\/file\" class=\"wp-block-file  mt-none\"><object data-wp-bind--hidden=\"!state.hasPdfPreview\" hidden class=\"wp-block-file__embed\" data=\"https:\/\/teknologiateollisuus.fi\/skol\/wp-content\/uploads\/sites\/6\/2024\/12\/EFCA_Barometer_Autum_2024.pdf\" type=\"application\/pdf\" style=\"width:100%;height:600px\" aria-label=\"Tiedoston EFCA Barometer Autumn 2024 upotus.\"><\/object><a id=\"wp-block-file--media-cda2cc17-71be-44c2-b666-5d145db4f0a2\" href=\"https:\/\/teknologiateollisuus.fi\/skol\/wp-content\/uploads\/sites\/6\/2024\/12\/EFCA_Barometer_Autum_2024.pdf\">EFCA Barometer Autumn 2024<\/a><\/div>\n\n\n\n<div data-wp-interactive=\"core\/file\" class=\"wp-block-file  mt-none\"><object data-wp-bind--hidden=\"!state.hasPdfPreview\" hidden class=\"wp-block-file__embed\" data=\"https:\/\/teknologiateollisuus.fi\/skol\/wp-content\/uploads\/sites\/6\/2024\/12\/EFCA_Barometer_Spring_2024.pdf\" type=\"application\/pdf\" style=\"width:100%;height:600px\" aria-label=\"Tiedoston EFCA Barometer Spring 2024 upotus.\"><\/object><a id=\"wp-block-file--media-aed70f78-c4fe-462d-b354-ab1896882dc4\" href=\"https:\/\/teknologiateollisuus.fi\/skol\/wp-content\/uploads\/sites\/6\/2024\/12\/EFCA_Barometer_Spring_2024.pdf\">EFCA Barometer Spring 2024<\/a><\/div>\n\n\n\n<div data-wp-interactive=\"core\/file\" class=\"wp-block-file  mt-none\"><object data-wp-bind--hidden=\"!state.hasPdfPreview\" hidden class=\"wp-block-file__embed\" data=\"https:\/\/teknologiateollisuus.fi\/skol\/wp-content\/uploads\/sites\/6\/2024\/12\/EFCA_Barometer_Autumn_2023_Final.pdf\" type=\"application\/pdf\" style=\"width:100%;height:600px\" aria-label=\"Tiedoston EFCA Barometer Autumn 2023  upotus.\"><\/object><a id=\"wp-block-file--media-a4b26021-8033-408b-a9d4-1bd6277a7de2\" href=\"https:\/\/teknologiateollisuus.fi\/skol\/wp-content\/uploads\/sites\/6\/2024\/12\/EFCA_Barometer_Autumn_2023_Final.pdf\">EFCA Barometer Autumn 2023 <\/a><\/div>\n\n\n\n<div data-wp-interactive=\"core\/file\" class=\"wp-block-file  mt-none\"><object data-wp-bind--hidden=\"!state.hasPdfPreview\" hidden class=\"wp-block-file__embed\" data=\"https:\/\/teknologiateollisuus.fi\/skol\/wp-content\/uploads\/sites\/6\/2024\/08\/EFCA_Barometer_Spring-2023.pdf\" type=\"application\/pdf\" style=\"width:100%;height:600px\" aria-label=\"Tiedoston EFCA_Barometer_Spring 2023 upotus.\"><\/object><a id=\"wp-block-file--media-073f67c9-6260-414d-81cb-f6099e95a2e9\" href=\"https:\/\/teknologiateollisuus.fi\/skol\/wp-content\/uploads\/sites\/6\/2024\/08\/EFCA_Barometer_Spring-2023.pdf\">EFCA_Barometer_Spring 2023<\/a><\/div>\n\n\n\n<div data-wp-interactive=\"core\/file\" class=\"wp-block-file  mt-none\"><object data-wp-bind--hidden=\"!state.hasPdfPreview\" hidden class=\"wp-block-file__embed\" data=\"https:\/\/teknologiateollisuus.fi\/skol\/wp-content\/uploads\/sites\/6\/2024\/08\/Future-Trends-Report-2023_0-2.pdf\" type=\"application\/pdf\" style=\"width:100%;height:600px\" aria-label=\"Tiedoston EFCA Future Trends Report 2023 upotus.\"><\/object><a id=\"wp-block-file--media-b28519be-c566-4ae8-be77-a28f06c6c6fb\" href=\"https:\/\/teknologiateollisuus.fi\/skol\/wp-content\/uploads\/sites\/6\/2024\/08\/Future-Trends-Report-2023_0-2.pdf\">EFCA Future Trends Report 2023<\/a><\/div>\n\n\n\n<div data-wp-interactive=\"core\/file\" class=\"wp-block-file  mt-none\"><object data-wp-bind--hidden=\"!state.hasPdfPreview\" hidden class=\"wp-block-file__embed\" data=\"https:\/\/teknologiateollisuus.fi\/skol\/wp-content\/uploads\/sites\/6\/2024\/08\/EFCA-Sector-Review-2022_0.pdf\" type=\"application\/pdf\" style=\"width:100%;height:600px\" aria-label=\"Tiedoston EFCA Sector Review 2022 upotus.\"><\/object><a id=\"wp-block-file--media-643b7d4f-288c-4835-bcc2-4498324414cf\" href=\"https:\/\/teknologiateollisuus.fi\/skol\/wp-content\/uploads\/sites\/6\/2024\/08\/EFCA-Sector-Review-2022_0.pdf\">EFCA Sector Review 2022<\/a><\/div>\n\n\n\n<div data-wp-interactive=\"core\/file\" class=\"wp-block-file  mt-none\"><object data-wp-bind--hidden=\"!state.hasPdfPreview\" hidden class=\"wp-block-file__embed\" data=\"https:\/\/teknologiateollisuus.fi\/skol\/wp-content\/uploads\/sites\/6\/2024\/08\/EFCA-2022-Future-Trends-Report_0.pdf\" type=\"application\/pdf\" style=\"width:100%;height:600px\" aria-label=\"Tiedoston EFCA Future trends report 2022 upotus.\"><\/object><a id=\"wp-block-file--media-21184eca-0dcd-4cff-8ece-a7ed67f4397d\" href=\"https:\/\/teknologiateollisuus.fi\/skol\/wp-content\/uploads\/sites\/6\/2024\/08\/EFCA-2022-Future-Trends-Report_0.pdf\">EFCA Future trends report 2022<\/a><\/div>\n\n\n\n<div data-wp-interactive=\"core\/file\" class=\"wp-block-file  mt-none\"><object data-wp-bind--hidden=\"!state.hasPdfPreview\" hidden class=\"wp-block-file__embed\" data=\"https:\/\/teknologiateollisuus.fi\/skol\/wp-content\/uploads\/sites\/6\/2024\/08\/EFCA_Barometer_Autumn-2022_1-1.pdf\" type=\"application\/pdf\" style=\"width:100%;height:600px\" aria-label=\"Tiedoston EFCA Barometer Autumn 2022 upotus.\"><\/object><a id=\"wp-block-file--media-643d48fe-04b1-40a8-b5ed-b98fffabf5de\" href=\"https:\/\/teknologiateollisuus.fi\/skol\/wp-content\/uploads\/sites\/6\/2024\/08\/EFCA_Barometer_Autumn-2022_1-1.pdf\">EFCA Barometer Autumn 2022<\/a><\/div>\n\n\n\n<div data-wp-interactive=\"core\/file\" class=\"wp-block-file  mt-none\"><object data-wp-bind--hidden=\"!state.hasPdfPreview\" hidden class=\"wp-block-file__embed\" data=\"https:\/\/teknologiateollisuus.fi\/skol\/wp-content\/uploads\/sites\/6\/2024\/08\/EFCA_Barometer_Spring_2022_2.pdf\" type=\"application\/pdf\" style=\"width:100%;height:600px\" aria-label=\"Tiedoston EFCA Barometer Spring 2022 upotus.\"><\/object><a id=\"wp-block-file--media-fcb1441d-c525-4ab5-b7cc-953b32adb650\" href=\"https:\/\/teknologiateollisuus.fi\/skol\/wp-content\/uploads\/sites\/6\/2024\/08\/EFCA_Barometer_Spring_2022_2.pdf\">EFCA Barometer Spring 2022<\/a><\/div>\n\n\n\n<div data-wp-interactive=\"core\/file\" class=\"wp-block-file  mt-none\"><object data-wp-bind--hidden=\"!state.hasPdfPreview\" hidden class=\"wp-block-file__embed\" data=\"https:\/\/teknologiateollisuus.fi\/skol\/wp-content\/uploads\/sites\/6\/2024\/08\/EFCA-Sector-Review-2021_0.pdf\" type=\"application\/pdf\" style=\"width:100%;height:600px\" aria-label=\"Tiedoston EFCA Sector Review 2021 upotus.\"><\/object><a id=\"wp-block-file--media-2bbd6175-58c8-4d3c-95cc-a1ce648ed427\" href=\"https:\/\/teknologiateollisuus.fi\/skol\/wp-content\/uploads\/sites\/6\/2024\/08\/EFCA-Sector-Review-2021_0.pdf\">EFCA Sector Review 2021<\/a><\/div>\n\n\n\n<div data-wp-interactive=\"core\/file\" class=\"wp-block-file  mt-none\"><object data-wp-bind--hidden=\"!state.hasPdfPreview\" hidden class=\"wp-block-file__embed\" data=\"https:\/\/teknologiateollisuus.fi\/skol\/wp-content\/uploads\/sites\/6\/2024\/08\/EFCA_Barometer_2021-1_final_0.pdf\" type=\"application\/pdf\" style=\"width:100%;height:600px\" aria-label=\"Tiedoston EFCA Barometer Spring 2021 upotus.\"><\/object><a id=\"wp-block-file--media-9d9458b8-f55f-434a-8a76-50786eca8c0b\" href=\"https:\/\/teknologiateollisuus.fi\/skol\/wp-content\/uploads\/sites\/6\/2024\/08\/EFCA_Barometer_2021-1_final_0.pdf\">EFCA Barometer Spring 2021<\/a><\/div>\n\n\n\n<div data-wp-interactive=\"core\/file\" class=\"wp-block-file  mt-none\"><object data-wp-bind--hidden=\"!state.hasPdfPreview\" hidden class=\"wp-block-file__embed\" data=\"https:\/\/teknologiateollisuus.fi\/skol\/wp-content\/uploads\/sites\/6\/2024\/08\/EFCA-Barometer_autumn-2020_0.pdf\" type=\"application\/pdf\" style=\"width:100%;height:600px\" aria-label=\"Tiedoston EFCA Barometer Autumn 2020 upotus.\"><\/object><a id=\"wp-block-file--media-8c619511-ad2a-4a6a-bc6a-3778f01d7a81\" href=\"https:\/\/teknologiateollisuus.fi\/skol\/wp-content\/uploads\/sites\/6\/2024\/08\/EFCA-Barometer_autumn-2020_0.pdf\">EFCA Barometer Autumn 2020<\/a><\/div>\n\n\n\n<div data-wp-interactive=\"core\/file\" class=\"wp-block-file  mt-none\"><object data-wp-bind--hidden=\"!state.hasPdfPreview\" hidden class=\"wp-block-file__embed\" data=\"https:\/\/teknologiateollisuus.fi\/skol\/wp-content\/uploads\/sites\/6\/2024\/08\/EFCA_Barometer_2020-spring_final_v2_0.pdf\" type=\"application\/pdf\" style=\"width:100%;height:600px\" aria-label=\"Tiedoston EFCA Barometer Spring 2020 upotus.\"><\/object><a id=\"wp-block-file--media-f307ee9a-60f9-489e-8ca2-0ea8c12e1d1f\" href=\"https:\/\/teknologiateollisuus.fi\/skol\/wp-content\/uploads\/sites\/6\/2024\/08\/EFCA_Barometer_2020-spring_final_v2_0.pdf\">EFCA Barometer Spring 2020<\/a><\/div>\n\n\n\n<div data-wp-interactive=\"core\/file\" class=\"wp-block-file  mt-none\"><object data-wp-bind--hidden=\"!state.hasPdfPreview\" hidden class=\"wp-block-file__embed\" data=\"https:\/\/teknologiateollisuus.fi\/skol\/wp-content\/uploads\/sites\/6\/2024\/08\/Future-Trends_May-2019.pdf\" type=\"application\/pdf\" style=\"width:100%;height:600px\" aria-label=\"Tiedoston Future Trends in the Consulting Engineering Industry 2019 upotus.\"><\/object><a id=\"wp-block-file--media-78d2fe86-da70-4b97-9d46-8cf38a7e1585\" href=\"https:\/\/teknologiateollisuus.fi\/skol\/wp-content\/uploads\/sites\/6\/2024\/08\/Future-Trends_May-2019.pdf\">Future Trends in the Consulting Engineering Industry 2019<\/a><\/div>\n\n\n\n<div data-wp-interactive=\"core\/file\" class=\"wp-block-file  mt-none\"><object data-wp-bind--hidden=\"!state.hasPdfPreview\" hidden class=\"wp-block-file__embed\" data=\"https:\/\/teknologiateollisuus.fi\/skol\/wp-content\/uploads\/sites\/6\/2024\/08\/efca_trends_booklet_final_version_05_06_2018_june.pdf\" type=\"application\/pdf\" style=\"width:100%;height:600px\" aria-label=\"Tiedoston Future Trends in the Consulting Engineering Industry 2018 upotus.\"><\/object><a id=\"wp-block-file--media-4bbb6d74-f2ca-48cc-ad74-0e21eebbb15c\" href=\"https:\/\/teknologiateollisuus.fi\/skol\/wp-content\/uploads\/sites\/6\/2024\/08\/efca_trends_booklet_final_version_05_06_2018_june.pdf\">Future Trends in the Consulting Engineering Industry 2018<\/a><\/div>\n\n\n\n<div data-wp-interactive=\"core\/file\" class=\"wp-block-file  mt-none\"><object data-wp-bind--hidden=\"!state.hasPdfPreview\" hidden class=\"wp-block-file__embed\" data=\"https:\/\/teknologiateollisuus.fi\/skol\/wp-content\/uploads\/sites\/6\/2024\/08\/efca_barometer_spring_2019.pdf\" type=\"application\/pdf\" style=\"width:100%;height:600px\" aria-label=\"Tiedoston EFCA Barometer Spring 2019 upotus.\"><\/object><a id=\"wp-block-file--media-f0db8c4d-561c-4eb1-ac4d-7eac7248db3e\" href=\"https:\/\/teknologiateollisuus.fi\/skol\/wp-content\/uploads\/sites\/6\/2024\/08\/efca_barometer_spring_2019.pdf\">EFCA Barometer Spring 2019<\/a><\/div>\n\n\n\n<p>Lis\u00e4\u00e4 julkaisuja EFCAn <a href=\"https:\/\/www.efcanet.org\/index.php\/\">verkkosivuilla<\/a>.<\/p>\n<\/div><\/div>\n<\/div>\n","protected":false},"excerpt":{"rendered":"<p>SKOL on j\u00e4senen\u00e4 ja vaikuttaa aktiivisesti my\u00f6s kansainv\u00e4lisesti. T\u00e4st\u00e4 osiosta l\u00f6yd\u00e4t SKOLin kanssa yhteisty\u00f6ss\u00e4 tehdyt kansainv\u00e4liset julkaisut.<\/p>\n","protected":false},"author":50,"featured_media":0,"parent":363,"menu_order":0,"comment_status":"closed","ping_status":"closed","template":"","meta":{"_acf_changed":false,"_relevanssi_hide_post":"","_relevanssi_hide_content":"","_relevanssi_pin_for_all":"","_relevanssi_pin_keywords":"","_relevanssi_unpin_keywords":"","_relevanssi_related_keywords":"","_relevanssi_related_include_ids":"","_relevanssi_related_exclude_ids":"","_relevanssi_related_no_append":"","_relevanssi_related_not_related":"","_relevanssi_related_posts":"55,56,57,53,54,48","_relevanssi_noindex_reason":"","inline_featured_image":false,"footnotes":""},"class_list":["post-365","page","type-page","status-publish","hentry"],"acf":[],"yoast_head":"<!-- This site is optimized with the Yoast SEO Premium plugin v27.1 (Yoast SEO v27.4) - https:\/\/yoast.com\/product\/yoast-seo-premium-wordpress\/ -->\n<title>Kansainv\u00e4liset julkaisut - Skol<\/title>\n<meta name=\"robots\" content=\"index, follow, max-snippet:-1, max-image-preview:large, max-video-preview:-1\" \/>\n<link rel=\"canonical\" href=\"https:\/\/teknologiateollisuus.fi\/skol\/tietoa-alasta\/julkaisut\/kansainvaliset-julkaisut\/\" \/>\n<meta property=\"og:locale\" content=\"fi_FI\" \/>\n<meta property=\"og:type\" content=\"article\" \/>\n<meta property=\"og:title\" content=\"Kansainv\u00e4liset julkaisut\" \/>\n<meta property=\"og:description\" content=\"SKOL on j\u00e4senen\u00e4 ja vaikuttaa aktiivisesti my\u00f6s kansainv\u00e4lisesti. T\u00e4st\u00e4 osiosta l\u00f6yd\u00e4t SKOLin kanssa yhteisty\u00f6ss\u00e4 tehdyt kansainv\u00e4liset julkaisut.\" \/>\n<meta property=\"og:url\" content=\"https:\/\/teknologiateollisuus.fi\/skol\/tietoa-alasta\/julkaisut\/kansainvaliset-julkaisut\/\" \/>\n<meta property=\"og:site_name\" content=\"Skol\" \/>\n<meta property=\"article:modified_time\" content=\"2024-12-13T06:52:51+00:00\" \/>\n<meta name=\"twitter:card\" content=\"summary_large_image\" \/>\n<meta name=\"twitter:label1\" content=\"Arvioitu lukuaika\" \/>\n\t<meta name=\"twitter:data1\" content=\"1 minuutti\" \/>\n<script type=\"application\/ld+json\" class=\"yoast-schema-graph\">{\"@context\":\"https:\\\/\\\/schema.org\",\"@graph\":[{\"@type\":\"WebPage\",\"@id\":\"https:\\\/\\\/teknologiateollisuus.fi\\\/skol\\\/tietoa-alasta\\\/julkaisut\\\/kansainvaliset-julkaisut\\\/\",\"url\":\"https:\\\/\\\/teknologiateollisuus.fi\\\/skol\\\/tietoa-alasta\\\/julkaisut\\\/kansainvaliset-julkaisut\\\/\",\"name\":\"Kansainv\u00e4liset julkaisut - Skol\",\"isPartOf\":{\"@id\":\"https:\\\/\\\/teknologiateollisuus.fi\\\/skol\\\/#website\"},\"datePublished\":\"2023-12-05T09:00:00+00:00\",\"dateModified\":\"2024-12-13T06:52:51+00:00\",\"breadcrumb\":{\"@id\":\"https:\\\/\\\/teknologiateollisuus.fi\\\/skol\\\/tietoa-alasta\\\/julkaisut\\\/kansainvaliset-julkaisut\\\/#breadcrumb\"},\"inLanguage\":\"fi\",\"potentialAction\":[{\"@type\":\"ReadAction\",\"target\":[\"https:\\\/\\\/teknologiateollisuus.fi\\\/skol\\\/tietoa-alasta\\\/julkaisut\\\/kansainvaliset-julkaisut\\\/\"]}]},{\"@type\":\"BreadcrumbList\",\"@id\":\"https:\\\/\\\/teknologiateollisuus.fi\\\/skol\\\/tietoa-alasta\\\/julkaisut\\\/kansainvaliset-julkaisut\\\/#breadcrumb\",\"itemListElement\":[{\"@type\":\"ListItem\",\"position\":1,\"name\":\"Etusivu\",\"item\":\"https:\\\/\\\/teknologiateollisuus.fi\\\/skol\\\/\"},{\"@type\":\"ListItem\",\"position\":2,\"name\":\"Tietoa alasta\",\"item\":\"https:\\\/\\\/teknologiateollisuus.fi\\\/skol\\\/tietoa-alasta\\\/\"},{\"@type\":\"ListItem\",\"position\":3,\"name\":\"Julkaisut\",\"item\":\"https:\\\/\\\/teknologiateollisuus.fi\\\/skol\\\/tietoa-alasta\\\/julkaisut\\\/\"},{\"@type\":\"ListItem\",\"position\":4,\"name\":\"Kansainv\u00e4liset julkaisut\"}]},{\"@type\":\"WebSite\",\"@id\":\"https:\\\/\\\/teknologiateollisuus.fi\\\/skol\\\/#website\",\"url\":\"https:\\\/\\\/teknologiateollisuus.fi\\\/skol\\\/\",\"name\":\"Skol\",\"description\":\"\",\"potentialAction\":[{\"@type\":\"SearchAction\",\"target\":{\"@type\":\"EntryPoint\",\"urlTemplate\":\"https:\\\/\\\/teknologiateollisuus.fi\\\/skol\\\/?s={search_term_string}\"},\"query-input\":{\"@type\":\"PropertyValueSpecification\",\"valueRequired\":true,\"valueName\":\"search_term_string\"}}],\"inLanguage\":\"fi\"}]}<\/script>\n<!-- \/ Yoast SEO Premium plugin. -->","yoast_head_json":{"title":"Kansainv\u00e4liset julkaisut - Skol","robots":{"index":"index","follow":"follow","max-snippet":"max-snippet:-1","max-image-preview":"max-image-preview:large","max-video-preview":"max-video-preview:-1"},"canonical":"https:\/\/teknologiateollisuus.fi\/skol\/tietoa-alasta\/julkaisut\/kansainvaliset-julkaisut\/","og_locale":"fi_FI","og_type":"article","og_title":"Kansainv\u00e4liset julkaisut","og_description":"SKOL on j\u00e4senen\u00e4 ja vaikuttaa aktiivisesti my\u00f6s kansainv\u00e4lisesti. T\u00e4st\u00e4 osiosta l\u00f6yd\u00e4t SKOLin kanssa yhteisty\u00f6ss\u00e4 tehdyt kansainv\u00e4liset julkaisut.","og_url":"https:\/\/teknologiateollisuus.fi\/skol\/tietoa-alasta\/julkaisut\/kansainvaliset-julkaisut\/","og_site_name":"Skol","article_modified_time":"2024-12-13T06:52:51+00:00","twitter_card":"summary_large_image","twitter_misc":{"Arvioitu lukuaika":"1 minuutti"},"schema":{"@context":"https:\/\/schema.org","@graph":[{"@type":"WebPage","@id":"https:\/\/teknologiateollisuus.fi\/skol\/tietoa-alasta\/julkaisut\/kansainvaliset-julkaisut\/","url":"https:\/\/teknologiateollisuus.fi\/skol\/tietoa-alasta\/julkaisut\/kansainvaliset-julkaisut\/","name":"Kansainv\u00e4liset julkaisut - Skol","isPartOf":{"@id":"https:\/\/teknologiateollisuus.fi\/skol\/#website"},"datePublished":"2023-12-05T09:00:00+00:00","dateModified":"2024-12-13T06:52:51+00:00","breadcrumb":{"@id":"https:\/\/teknologiateollisuus.fi\/skol\/tietoa-alasta\/julkaisut\/kansainvaliset-julkaisut\/#breadcrumb"},"inLanguage":"fi","potentialAction":[{"@type":"ReadAction","target":["https:\/\/teknologiateollisuus.fi\/skol\/tietoa-alasta\/julkaisut\/kansainvaliset-julkaisut\/"]}]},{"@type":"BreadcrumbList","@id":"https:\/\/teknologiateollisuus.fi\/skol\/tietoa-alasta\/julkaisut\/kansainvaliset-julkaisut\/#breadcrumb","itemListElement":[{"@type":"ListItem","position":1,"name":"Etusivu","item":"https:\/\/teknologiateollisuus.fi\/skol\/"},{"@type":"ListItem","position":2,"name":"Tietoa alasta","item":"https:\/\/teknologiateollisuus.fi\/skol\/tietoa-alasta\/"},{"@type":"ListItem","position":3,"name":"Julkaisut","item":"https:\/\/teknologiateollisuus.fi\/skol\/tietoa-alasta\/julkaisut\/"},{"@type":"ListItem","position":4,"name":"Kansainv\u00e4liset julkaisut"}]},{"@type":"WebSite","@id":"https:\/\/teknologiateollisuus.fi\/skol\/#website","url":"https:\/\/teknologiateollisuus.fi\/skol\/","name":"Skol","description":"","potentialAction":[{"@type":"SearchAction","target":{"@type":"EntryPoint","urlTemplate":"https:\/\/teknologiateollisuus.fi\/skol\/?s={search_term_string}"},"query-input":{"@type":"PropertyValueSpecification","valueRequired":true,"valueName":"search_term_string"}}],"inLanguage":"fi"}]}},"lang":"fi","translations":{"fi":365},"pll_sync_post":[],"_links":{"self":[{"href":"https:\/\/teknologiateollisuus.fi\/skol\/wp-json\/wp\/v2\/pages\/365","targetHints":{"allow":["GET"]}}],"collection":[{"href":"https:\/\/teknologiateollisuus.fi\/skol\/wp-json\/wp\/v2\/pages"}],"about":[{"href":"https:\/\/teknologiateollisuus.fi\/skol\/wp-json\/wp\/v2\/types\/page"}],"author":[{"embeddable":true,"href":"https:\/\/teknologiateollisuus.fi\/skol\/wp-json\/wp\/v2\/users\/50"}],"replies":[{"embeddable":true,"href":"https:\/\/teknologiateollisuus.fi\/skol\/wp-json\/wp\/v2\/comments?post=365"}],"version-history":[{"count":13,"href":"https:\/\/teknologiateollisuus.fi\/skol\/wp-json\/wp\/v2\/pages\/365\/revisions"}],"predecessor-version":[{"id":2369,"href":"https:\/\/teknologiateollisuus.fi\/skol\/wp-json\/wp\/v2\/pages\/365\/revisions\/2369"}],"up":[{"embeddable":true,"href":"https:\/\/teknologiateollisuus.fi\/skol\/wp-json\/wp\/v2\/pages\/363"}],"wp:attachment":[{"href":"https:\/\/teknologiateollisuus.fi\/skol\/wp-json\/wp\/v2\/media?parent=365"}],"curies":[{"name":"wp","href":"https:\/\/api.w.org\/{rel}","templated":true}]}}