{"id":376,"date":"2024-05-28T13:02:00","date_gmt":"2024-05-28T10:02:00","guid":{"rendered":"https:\/\/teknologiateollisuus.fi\/skol\/?page_id=376"},"modified":"2025-10-03T15:19:16","modified_gmt":"2025-10-03T12:19:16","slug":"sopimusehdot-ja-mallit","status":"publish","type":"page","link":"https:\/\/teknologiateollisuus.fi\/skol\/tietoa-alasta\/sopimusehdot-ja-mallit\/","title":{"rendered":"Sopimusehdot ja -mallit"},"content":{"rendered":"\n<div class=\"em-block-hero hero-has-background-color has-background has-violet-background-color has-image media-position-background \">\n\t<div class=\"em-block-hero__container\">\n\t\t<div class=\"em-block-hero__content\">\n\t\t\t<div class=\"yoast-breadcrumbs\"><span><span><a href=\"https:\/\/teknologiateollisuus.fi\/skol\/\">Etusivu<\/a><\/span> <span class=\"separator\"><\/span> <span><a href=\"https:\/\/teknologiateollisuus.fi\/skol\/tietoa-alasta\/\">Tietoa alasta<\/a><\/span> <span class=\"separator\"><\/span> <span class=\"breadcrumb_last\" aria-current=\"page\">Sopimusehdot ja -mallit<\/span><\/span><\/div>\t\t\t\n<h1 class=\"wp-block-heading\" id=\"h-sopimusehdot-ja-mallit\">Sopimusehdot ja -mallit<\/h1>\n\t\t\t<div class=\"em-block-hero__modified-date\"> P\u00e4ivitetty 03.10.2025 klo 15:19<\/div>\t\t<\/div>\n\t\t\t\t\t<figure class=\"em-block-hero__image\">\n\t\t\t\t<img loading=\"lazy\" decoding=\"async\" width=\"2560\" height=\"1709\" src=\"https:\/\/teknologiateollisuus.fi\/skol\/wp-content\/uploads\/sites\/6\/2024\/08\/scott-graham-OQMZwNd3ThU-unsplash-scaled.jpg\" class=\"attachment-hero size-hero\" alt=\"\" srcset=\"https:\/\/teknologiateollisuus.fi\/skol\/wp-content\/uploads\/sites\/6\/2024\/08\/scott-graham-OQMZwNd3ThU-unsplash-scaled.jpg 2560w, https:\/\/teknologiateollisuus.fi\/skol\/wp-content\/uploads\/sites\/6\/2024\/08\/scott-graham-OQMZwNd3ThU-unsplash-400x267.jpg 400w, https:\/\/teknologiateollisuus.fi\/skol\/wp-content\/uploads\/sites\/6\/2024\/08\/scott-graham-OQMZwNd3ThU-unsplash-968x646.jpg 968w, https:\/\/teknologiateollisuus.fi\/skol\/wp-content\/uploads\/sites\/6\/2024\/08\/scott-graham-OQMZwNd3ThU-unsplash-768x513.jpg 768w, https:\/\/teknologiateollisuus.fi\/skol\/wp-content\/uploads\/sites\/6\/2024\/08\/scott-graham-OQMZwNd3ThU-unsplash-1536x1025.jpg 1536w, https:\/\/teknologiateollisuus.fi\/skol\/wp-content\/uploads\/sites\/6\/2024\/08\/scott-graham-OQMZwNd3ThU-unsplash-2048x1367.jpg 2048w, https:\/\/teknologiateollisuus.fi\/skol\/wp-content\/uploads\/sites\/6\/2024\/08\/scott-graham-OQMZwNd3ThU-unsplash-1300x868.jpg 1300w, https:\/\/teknologiateollisuus.fi\/skol\/wp-content\/uploads\/sites\/6\/2024\/08\/scott-graham-OQMZwNd3ThU-unsplash-1440x961.jpg 1440w\" sizes=\"auto, (max-width: 2560px) 100vw, 2560px\" \/>\t\t\t<\/figure>\n\t\t\t<\/div>\n<\/div>\n\n\n\n<p>T\u00e4st\u00e4 osiosta l\u00f6yd\u00e4t hy\u00f6dyllisi\u00e4 linkkej\u00e4 ja tietoja alaa koskeviin sopimusehtoihin- ja malleihin.<\/p>\n\n\n\n<p><\/p>\n\n\n\n<div class=\"wp-block-evermade-accordion em-block-accordion js-accordion-group\">\n<div class=\"wp-block-evermade-accordion-item em-block-accordion-item js-accordion-item\"><h6 class=\"em-block-accordion-item__title-wrapper\"><button class=\"em-block-accordion-item__title js-accordion-controller\">Konsulttitoiminnan yleiset sopimusehdot KSE13<\/button><\/h6><div id=\"accordion-item-content-0\" class=\"em-block-accordion-item__content js-accordion-content\">\n<p class=\" mt-none\">KSE13 on julkaistu helmikuussa 2014&nbsp;ja valmis otettavaksi k\u00e4ytt\u00f6\u00f6n. Sopimuslomakkeet ovat my\u00f6s ilmestyneet ja saatavilla.<\/p>\n\n\n\n<p class=\" mt-none\"><a href=\"https:\/\/sopimusasiakirjat.rakennustieto.fi\/lomakkeet\/rt-13-11143\">KSE13 -sopimusehdot<\/a><\/p>\n\n\n\n<p class=\" mt-none\">KSE -sopimusehdoista julkaistu useita kieliversioita, my\u00f6s ven\u00e4j\u00e4ksi.<br><a href=\"https:\/\/www.sopimuslomake.net\/sopimusehdot\">https:\/\/www.sopimuslomake.net\/sopimusehdot<\/a><\/p>\n\n\n\n<p class=\" mt-none\">KSE13 englanniksi:&nbsp;<a href=\"https:\/\/eur01.safelinks.protection.outlook.com\/?url=https%3A%2F%2Fsopimusasiakirjat.rakennustieto.fi%2Flomakkeet%2Frt-13-11143-en&amp;data=05%7C02%7Canastasia.buhanist%40teknologiateollisuus.fi%7C5f139ef314e14085757b08dcdc939469%7Cf76946dcd9fc4b0882aadb1d2a9b8ed0%7C0%7C0%7C638627773623801268%7CUnknown%7CTWFpbGZsb3d8eyJWIjoiMC4wLjAwMDAiLCJQIjoiV2luMzIiLCJBTiI6Ik1haWwiLCJXVCI6Mn0%3D%7C0%7C%7C%7C&amp;sdata=5EUDBf0J6bMzZyRS6KTxszBFxJYeHWv6%2FgmiyOnhsCE%3D&amp;reserved=0\">General conditions for consulting&nbsp;KSE&nbsp;2013 &gt; Sopimusasiakirjat (rakennustieto<\/a><a href=\"https:\/\/sopimusasiakirjat.rakennustieto.fi\/lomakkeet\/rt-13-11143-en\">.fi)<\/a><\/p>\n\n\n\n<p class=\" mt-none\"><strong>KSEn mukaiset konsulttitoiminnan veloitusperusteet<\/strong><\/p>\n\n\n\n<p class=\" mt-none\">Liikennevirasto p\u00e4\u00e4tt\u00e4 vuosittain konsulttitoimeksiantojen yleisten sopimusehtojen mukaisten veloitusperusteiden tarkistamisesta: Vuoden 2020&nbsp;p\u00e4\u00e4t\u00f6s&nbsp;on ladattavissa&nbsp;<a href=\"https:\/\/teknologiateollisuus.fi\/skol\/wp-content\/uploads\/sites\/6\/2024\/08\/Konsulttitoimeksiantojen_veloitusperusteiden_tarkistaminen_2020-002.pdf\"><strong>t\u00e4\u00e4lt\u00e4<\/strong><\/a>.&nbsp;<\/p>\n\n\n\n<p class=\" mt-none\"><strong>Uudistetut Konsulttisopimus-lomakkeet&nbsp;<\/strong><\/p>\n\n\n\n<p class=\" mt-none\">Konsulttisopimus-lomakkeita RT 80343 ja RT 80345&nbsp;voidaan k\u00e4ytt\u00e4\u00e4 tilaajan ja konsultin v\u00e4lisiss\u00e4 toimeksiannoissa mm. muotoilun, tuotekehitysty\u00f6n, rakentamisen, tuotannollisen toiminnan sek\u00e4 yhdyskuntien tutkimus-, selvitys-, suunnittelu-, rakennuttamis- ja valvontateht\u00e4viss\u00e4.<\/p>\n\n\n\n<p class=\" mt-none\">K\u00e4ytt\u00e4m\u00e4ll\u00e4 Konsulttisopimus-lomaketta v\u00e4lt\u00e4t monet mahdolliset karikot, s\u00e4\u00e4st\u00e4t aikaa ja vaivaa. Lomake on my\u00f6hemmin saatavilla my\u00f6s ruotsin- ja englanninkielisen\u00e4.<\/p>\n\n\n\n<p class=\" mt-none\">Lomakkeen tallentaminen edellytt\u00e4\u00e4 rekister\u00f6itymist\u00e4 palveluun. T\u00e4ytetyn lomakkeen voi maksaa verkkopankissa, vuosilisenssill\u00e4 tai palveluun ostetulla saldolla. T\u00e4ytett\u00e4v\u00e4t Konsulttisopimus-lomakkeet on ostettavissa Sopimuslomake Net -palvelusta.<\/p>\n\n\n\n<p class=\" mt-none\"><strong>Tutustu lomakkeisiin<\/strong><\/p>\n\n\n\n<p class=\" mt-none\">Konsulttisopimus:&nbsp;<a href=\"https:\/\/www.sopimuslomake.net\/lomakkeet\/rt-80343\">https:\/\/www.sopimuslomake.net\/lomakkeet\/rt-80343<\/a>&nbsp;<\/p>\n\n\n\n<p class=\" mt-none\">Lomake englanninkielisen\u00e4:&nbsp;<a href=\"https:\/\/www.sopimuslomake.net\/lomakkeet\/rt-80343-en\">https:\/\/www.sopimuslomake.net\/lomakkeet\/rt-80343-en<\/a><\/p>\n\n\n\n<p class=\" mt-none\">Tilaus \/ tilausvahvistus \/ sopimus:&nbsp;<a href=\"https:\/\/www.sopimuslomake.net\/lomakkeet\/rt-80345\">https:\/\/www.sopimuslomake.net\/lomakkeet\/rt-80345<\/a><\/p>\n\n\n\n<p class=\" mt-none\"><strong>Huomiota matka-ajan korvauksiin<\/strong><\/p>\n\n\n\n<p class=\" mt-none\">KSE 13:ssa on uudelleen muotoiltu kohta 5.6.3, jonka mukaan matka-ajan veloitus on 60 % matkustamiseen k\u00e4ytetyst\u00e4 ajasta, ellei toisin ole sovittu. Kohtuullinen k\u00e4yt\u00e4nt\u00f6 on kuitenkin, ett\u00e4 normaalin ty\u00f6ajan puitteissa k\u00e4ytetyst\u00e4 matka-ajasta suoritetaan t\u00e4ysi korvaus. SKOL suosittelee korvausasian ottamisen esille, kun ehdoista neuvotellaan ja sopimuksia p\u00e4ivitet\u00e4\u00e4n uusien KSE-ehtojen mukaisiksi.<\/p>\n\n\n\n<p class=\" mt-none\"><strong>Konsulttitoiminnan yleiset sopimusehdot KSE 1995<\/strong><br>&#8211;&nbsp;suomeksi&nbsp;(katseluversio)<br>&#8211;&nbsp;ruotsiksi<\/p>\n\n\n\n<p class=\" mt-none\">Tuotantoversiot saatavissa verkkokaupasta:&nbsp;<a href=\"https:\/\/www.sopimuslomake.net\/sopimusehdot\">https:\/\/www.sopimuslomake.net\/sopimusehdot<\/a><\/p>\n<\/div><\/div>\n\n\n\n<div class=\"wp-block-evermade-accordion-item em-block-accordion-item js-accordion-item\"><h6 class=\"em-block-accordion-item__title-wrapper\"><button class=\"em-block-accordion-item__title js-accordion-controller\">SKOL Henkil\u00f6ryhmittely<\/button><\/h6><div id=\"accordion-item-content-1\" class=\"em-block-accordion-item__content js-accordion-content\">\n<p class=\" mt-none\"><a href=\"https:\/\/teknologiateollisuus.fi\/skol\/wp-content\/uploads\/sites\/6\/2024\/08\/Henkiloryhmittely_2023.pdf\">Henkil\u00f6ryhmittely<\/a><\/p>\n\n\n\n<p class=\" mt-none\"><a href=\"https:\/\/teknologiateollisuus.fi\/skol\/wp-content\/uploads\/sites\/6\/2024\/08\/Personnel_classification_0.pdf\">Personnel classification<\/a><\/p>\n<\/div><\/div>\n\n\n\n<div class=\"wp-block-evermade-accordion-item em-block-accordion-item js-accordion-item\"><h6 class=\"em-block-accordion-item__title-wrapper\"><button class=\"em-block-accordion-item__title js-accordion-controller\">Muut sopimusehdot ja -mallit<\/button><\/h6><div id=\"accordion-item-content-2\" class=\"em-block-accordion-item__content js-accordion-content\">\n<p class=\" mt-none\"><a href=\"https:\/\/teknologiateollisuus.fi\/skol\/wp-content\/uploads\/sites\/6\/2024\/08\/Alikonsulttisopimus_2014.docx\">Alikonsulttisopimus<\/a><\/p>\n\n\n\n<p class=\" mt-none\"><a href=\"https:\/\/teknologiateollisuus.fi\/skol\/wp-content\/uploads\/sites\/6\/2024\/08\/Konsulttiryhman_keskinainen_sopimus_2014.docx\">Konsulttiryhm\u00e4n keskin\u00e4inen sopimus<\/a><\/p>\n\n\n\n<p class=\" mt-none\"><a href=\"https:\/\/teknologiateollisuus.fi\/skol\/wp-content\/uploads\/sites\/6\/2024\/08\/Puitesopimus_2014.docx\">Puitesopimus<\/a><\/p>\n\n\n\n<p class=\" mt-none\"><a href=\"https:\/\/teknologiateollisuus.fi\/skol\/wp-content\/uploads\/sites\/6\/2024\/08\/Konsulttiryhma_tilaaja_sopimus_2014.docx\">Sopimus konsulttiryhm\u00e4n tai ty\u00f6yhteenliittym\u00e4n kanssa<\/a><\/p>\n\n\n\n<p class=\" mt-none\"><a href=\"https:\/\/www.teknologiainfo.net\/fi\/groups\/sopimusehdot-ja-mallit\">Teknologiateollisuudessa k\u00e4ytett\u00e4v\u00e4t sopimusehdot (Teknologiainfo)<\/a><\/p>\n\n\n\n<p class=\" mt-none\"><a href=\"https:\/\/teknologiateollisuus.fi\/jasenille\/julkaisut\/kaikki-julkaisut\/?_category_facet=sopimusehdot\">Teknologiateollisuuden sopimusehdot ja mallit<\/a><\/p>\n\n\n\n<p class=\" mt-none\"><a href=\"https:\/\/psk-standardisointi.fi\/psk-26-hankintasopimus\/\">Teollisuuden suunnittelu, sopimusmalli<\/a><\/p>\n\n\n\n<p class=\" mt-none\"><a href=\"https:\/\/www.hankinnat.fi\/paatos-ja-muutoksenhaku\/hankintapaatos\/yleiset-sopimusehdot\">Yleiset sopimusehdot hankintasopimuksissa<\/a><\/p>\n\n\n\n<p class=\" mt-none\"><a href=\"https:\/\/it-ehdot.fi\/tutustu-ehtoihin\/\">IT2022-ehdot<\/a><\/p>\n<\/div><\/div>\n\n\n\n<div class=\"wp-block-evermade-accordion-item em-block-accordion-item js-accordion-item\"><h6 class=\"em-block-accordion-item__title-wrapper\"><button class=\"em-block-accordion-item__title js-accordion-controller\">Tietotekniikka ja tuotemallit<\/button><\/h6><div id=\"accordion-item-content-3\" class=\"em-block-accordion-item__content js-accordion-content\">\n<p class=\" mt-none\"><a href=\"https:\/\/wiki.buildingsmart.fi\/fi\/04_Julkaisut_ja_Standardit\/YTV\"><strong>YTV 2012 &#8211; yleiset tietomallivaatimukset<\/strong><\/a><\/p>\n\n\n\n<p class=\" mt-none\"><a href=\"https:\/\/teknologiateollisuus.fi\/skol\/wp-content\/uploads\/sites\/6\/2024\/08\/ProItLuettelo_hn.doc\">Luettelo tuotemallisopimuksessa huomioon otettavista asioista<\/a><\/p>\n\n\n\n<p class=\" mt-none\"><a href=\"https:\/\/teknologiateollisuus.fi\/skol\/wp-content\/uploads\/sites\/6\/2024\/08\/ProITmuistio_hn.doc\">Tuotemallisopimusta koskeva suositus<\/a><\/p>\n\n\n\n<p class=\" mt-none\"><a href=\"https:\/\/teknologiateollisuus.fi\/skol\/wp-content\/uploads\/sites\/6\/2024\/08\/luovutussopimus_421-1.doc\">Suunnittelun tietomallin (tuotemallin) luovutussopimus<\/a><\/p>\n\n\n\n<p class=\" mt-none\"><strong>YIV 2014 &#8211; yleiset inframallivaatimukset<\/strong><\/p>\n\n\n\n<p class=\" mt-none\"><a href=\"http:\/\/www.infrabim.fi\/\">http:\/\/www.infrabim.fi\/<\/a><\/p>\n<\/div><\/div>\n\n\n\n<div class=\"wp-block-evermade-accordion-item em-block-accordion-item js-accordion-item\"><h6 class=\"em-block-accordion-item__title-wrapper\"><button class=\"em-block-accordion-item__title js-accordion-controller\">Datan jakamisen malliehdot<\/button><\/h6><div id=\"accordion-item-content-4\" class=\"em-block-accordion-item__content js-accordion-content\">\n<p class=\" mt-none\">Teknologiateollisuuden datan jakamisen malliehdot<\/p>\n\n\n\n<p class=\" mt-none\">Tiedon merkitys taloudessa on noussut viime vuosina ja nousu jatkuu edelleen kiihtyv\u00e4n\u00e4. Tiedon, datan k\u00e4ytt\u00f6oikeuksista sopimiseen ei ole viel\u00e4 kehittynyt vakiintuneita k\u00e4yt\u00e4nt\u00f6j\u00e4 ja dataan kohdistuvista oikeuksista sovitaan yleens\u00e4 yritysten v\u00e4lill\u00e4 esimerkiksi sopimusten salassapito- tai immateriaalioikeuslausekkeissa.<\/p>\n\n\n\n<p class=\" mt-none\"><a href=\"https:\/\/teknologiainfo.net\/fi\/content\/datan-jakamisen-malliehdot\">Datan jakamisen malliehdot<\/a><\/p>\n<\/div><\/div>\n\n\n\n<div class=\"wp-block-evermade-accordion-item em-block-accordion-item js-accordion-item\"><h6 class=\"em-block-accordion-item__title-wrapper\"><button class=\"em-block-accordion-item__title js-accordion-controller\">Muita rakennusalan sopimusehtoja<\/button><\/h6><div id=\"accordion-item-content-5\" class=\"em-block-accordion-item__content js-accordion-content\">\n<p><a href=\"https:\/\/sopimusasiakirjat.rakennustieto.fi\/lomakkeet\/sopimusehdot\">Rakennustiedon sopimusehdot<\/a><\/p>\n<\/div><\/div>\n\n\n\n<div class=\"wp-block-evermade-accordion-item em-block-accordion-item js-accordion-item\"><h6 class=\"em-block-accordion-item__title-wrapper\"><button class=\"em-block-accordion-item__title js-accordion-controller\">Sovintolautakunnan s\u00e4\u00e4nn\u00f6t<\/button><\/h6><div id=\"accordion-item-content-6\" class=\"em-block-accordion-item__content js-accordion-content\">\n<p><a href=\"https:\/\/teknologiateollisuus.fi\/skol\/wp-content\/uploads\/sites\/6\/2024\/08\/sovintolautakunta_saannot.pdf\">Sovintolautakunnan s\u00e4\u00e4nn\u00f6t<\/a><\/p>\n<\/div><\/div>\n\n\n\n<div class=\"wp-block-evermade-accordion-item em-block-accordion-item js-accordion-item\"><h6 class=\"em-block-accordion-item__title-wrapper\"><button class=\"em-block-accordion-item__title js-accordion-controller\">Kansainv\u00e4lisen konsulttij\u00e4rjest\u00f6 FIDICin eettiset s\u00e4\u00e4nn\u00f6t<\/button><\/h6><div id=\"accordion-item-content-7\" class=\"em-block-accordion-item__content js-accordion-content\">\n<p><a href=\"https:\/\/teknologiateollisuus.fi\/skol\/tietoa-meista\/fidicin-eettiset-saannot\/\">FIDICin eettiset s\u00e4\u00e4nn\u00f6t<\/a><\/p>\n<\/div><\/div>\n<\/div>\n","protected":false},"excerpt":{"rendered":"<p>T\u00e4st\u00e4 osiosta l\u00f6yd\u00e4t hy\u00f6dyllisi\u00e4 linkkej\u00e4 ja tietoja alaa koskeviin sopimusehtoihin- ja malleihin.<\/p>\n","protected":false},"author":50,"featured_media":0,"parent":221,"menu_order":5,"comment_status":"closed","ping_status":"closed","template":"","meta":{"_acf_changed":false,"_relevanssi_hide_post":"","_relevanssi_hide_content":"","_relevanssi_pin_for_all":"","_relevanssi_pin_keywords":"","_relevanssi_unpin_keywords":"","_relevanssi_related_keywords":"","_relevanssi_related_include_ids":"","_relevanssi_related_exclude_ids":"","_relevanssi_related_no_append":"","_relevanssi_related_not_related":"","_relevanssi_related_posts":"53,57,48,54,55,56","_relevanssi_noindex_reason":"","inline_featured_image":false,"footnotes":""},"class_list":["post-376","page","type-page","status-publish","hentry"],"acf":[],"yoast_head":"<!-- This site is optimized with the Yoast SEO Premium plugin v27.1 (Yoast SEO v27.4) - https:\/\/yoast.com\/product\/yoast-seo-premium-wordpress\/ -->\n<title>Sopimusehdot ja -mallit - Skol<\/title>\n<meta name=\"robots\" content=\"index, follow, max-snippet:-1, max-image-preview:large, max-video-preview:-1\" \/>\n<link rel=\"canonical\" href=\"https:\/\/teknologiateollisuus.fi\/skol\/tietoa-alasta\/sopimusehdot-ja-mallit\/\" \/>\n<meta property=\"og:locale\" content=\"fi_FI\" \/>\n<meta property=\"og:type\" content=\"article\" \/>\n<meta property=\"og:title\" content=\"Sopimusehdot ja -mallit\" \/>\n<meta property=\"og:description\" content=\"T\u00e4st\u00e4 osiosta l\u00f6yd\u00e4t hy\u00f6dyllisi\u00e4 linkkej\u00e4 ja tietoja alaa koskeviin sopimusehtoihin- ja malleihin.\" \/>\n<meta property=\"og:url\" content=\"https:\/\/teknologiateollisuus.fi\/skol\/tietoa-alasta\/sopimusehdot-ja-mallit\/\" \/>\n<meta property=\"og:site_name\" content=\"Skol\" \/>\n<meta property=\"article:modified_time\" content=\"2025-10-03T12:19:16+00:00\" \/>\n<meta name=\"twitter:card\" content=\"summary_large_image\" \/>\n<meta name=\"twitter:label1\" content=\"Arvioitu lukuaika\" \/>\n\t<meta name=\"twitter:data1\" content=\"3 minuuttia\" \/>\n<script type=\"application\/ld+json\" class=\"yoast-schema-graph\">{\"@context\":\"https:\\\/\\\/schema.org\",\"@graph\":[{\"@type\":\"WebPage\",\"@id\":\"https:\\\/\\\/teknologiateollisuus.fi\\\/skol\\\/tietoa-alasta\\\/sopimusehdot-ja-mallit\\\/\",\"url\":\"https:\\\/\\\/teknologiateollisuus.fi\\\/skol\\\/tietoa-alasta\\\/sopimusehdot-ja-mallit\\\/\",\"name\":\"Sopimusehdot ja -mallit - Skol\",\"isPartOf\":{\"@id\":\"https:\\\/\\\/teknologiateollisuus.fi\\\/skol\\\/#website\"},\"datePublished\":\"2024-05-28T10:02:00+00:00\",\"dateModified\":\"2025-10-03T12:19:16+00:00\",\"breadcrumb\":{\"@id\":\"https:\\\/\\\/teknologiateollisuus.fi\\\/skol\\\/tietoa-alasta\\\/sopimusehdot-ja-mallit\\\/#breadcrumb\"},\"inLanguage\":\"fi\",\"potentialAction\":[{\"@type\":\"ReadAction\",\"target\":[\"https:\\\/\\\/teknologiateollisuus.fi\\\/skol\\\/tietoa-alasta\\\/sopimusehdot-ja-mallit\\\/\"]}]},{\"@type\":\"BreadcrumbList\",\"@id\":\"https:\\\/\\\/teknologiateollisuus.fi\\\/skol\\\/tietoa-alasta\\\/sopimusehdot-ja-mallit\\\/#breadcrumb\",\"itemListElement\":[{\"@type\":\"ListItem\",\"position\":1,\"name\":\"Etusivu\",\"item\":\"https:\\\/\\\/teknologiateollisuus.fi\\\/skol\\\/\"},{\"@type\":\"ListItem\",\"position\":2,\"name\":\"Tietoa alasta\",\"item\":\"https:\\\/\\\/teknologiateollisuus.fi\\\/skol\\\/tietoa-alasta\\\/\"},{\"@type\":\"ListItem\",\"position\":3,\"name\":\"Sopimusehdot ja -mallit\"}]},{\"@type\":\"WebSite\",\"@id\":\"https:\\\/\\\/teknologiateollisuus.fi\\\/skol\\\/#website\",\"url\":\"https:\\\/\\\/teknologiateollisuus.fi\\\/skol\\\/\",\"name\":\"Skol\",\"description\":\"\",\"potentialAction\":[{\"@type\":\"SearchAction\",\"target\":{\"@type\":\"EntryPoint\",\"urlTemplate\":\"https:\\\/\\\/teknologiateollisuus.fi\\\/skol\\\/?s={search_term_string}\"},\"query-input\":{\"@type\":\"PropertyValueSpecification\",\"valueRequired\":true,\"valueName\":\"search_term_string\"}}],\"inLanguage\":\"fi\"}]}<\/script>\n<!-- \/ Yoast SEO Premium plugin. -->","yoast_head_json":{"title":"Sopimusehdot ja -mallit - Skol","robots":{"index":"index","follow":"follow","max-snippet":"max-snippet:-1","max-image-preview":"max-image-preview:large","max-video-preview":"max-video-preview:-1"},"canonical":"https:\/\/teknologiateollisuus.fi\/skol\/tietoa-alasta\/sopimusehdot-ja-mallit\/","og_locale":"fi_FI","og_type":"article","og_title":"Sopimusehdot ja -mallit","og_description":"T\u00e4st\u00e4 osiosta l\u00f6yd\u00e4t hy\u00f6dyllisi\u00e4 linkkej\u00e4 ja tietoja alaa koskeviin sopimusehtoihin- ja malleihin.","og_url":"https:\/\/teknologiateollisuus.fi\/skol\/tietoa-alasta\/sopimusehdot-ja-mallit\/","og_site_name":"Skol","article_modified_time":"2025-10-03T12:19:16+00:00","twitter_card":"summary_large_image","twitter_misc":{"Arvioitu lukuaika":"3 minuuttia"},"schema":{"@context":"https:\/\/schema.org","@graph":[{"@type":"WebPage","@id":"https:\/\/teknologiateollisuus.fi\/skol\/tietoa-alasta\/sopimusehdot-ja-mallit\/","url":"https:\/\/teknologiateollisuus.fi\/skol\/tietoa-alasta\/sopimusehdot-ja-mallit\/","name":"Sopimusehdot ja -mallit - Skol","isPartOf":{"@id":"https:\/\/teknologiateollisuus.fi\/skol\/#website"},"datePublished":"2024-05-28T10:02:00+00:00","dateModified":"2025-10-03T12:19:16+00:00","breadcrumb":{"@id":"https:\/\/teknologiateollisuus.fi\/skol\/tietoa-alasta\/sopimusehdot-ja-mallit\/#breadcrumb"},"inLanguage":"fi","potentialAction":[{"@type":"ReadAction","target":["https:\/\/teknologiateollisuus.fi\/skol\/tietoa-alasta\/sopimusehdot-ja-mallit\/"]}]},{"@type":"BreadcrumbList","@id":"https:\/\/teknologiateollisuus.fi\/skol\/tietoa-alasta\/sopimusehdot-ja-mallit\/#breadcrumb","itemListElement":[{"@type":"ListItem","position":1,"name":"Etusivu","item":"https:\/\/teknologiateollisuus.fi\/skol\/"},{"@type":"ListItem","position":2,"name":"Tietoa alasta","item":"https:\/\/teknologiateollisuus.fi\/skol\/tietoa-alasta\/"},{"@type":"ListItem","position":3,"name":"Sopimusehdot ja -mallit"}]},{"@type":"WebSite","@id":"https:\/\/teknologiateollisuus.fi\/skol\/#website","url":"https:\/\/teknologiateollisuus.fi\/skol\/","name":"Skol","description":"","potentialAction":[{"@type":"SearchAction","target":{"@type":"EntryPoint","urlTemplate":"https:\/\/teknologiateollisuus.fi\/skol\/?s={search_term_string}"},"query-input":{"@type":"PropertyValueSpecification","valueRequired":true,"valueName":"search_term_string"}}],"inLanguage":"fi"}]}},"lang":"fi","translations":{"fi":376},"pll_sync_post":[],"_links":{"self":[{"href":"https:\/\/teknologiateollisuus.fi\/skol\/wp-json\/wp\/v2\/pages\/376","targetHints":{"allow":["GET"]}}],"collection":[{"href":"https:\/\/teknologiateollisuus.fi\/skol\/wp-json\/wp\/v2\/pages"}],"about":[{"href":"https:\/\/teknologiateollisuus.fi\/skol\/wp-json\/wp\/v2\/types\/page"}],"author":[{"embeddable":true,"href":"https:\/\/teknologiateollisuus.fi\/skol\/wp-json\/wp\/v2\/users\/50"}],"replies":[{"embeddable":true,"href":"https:\/\/teknologiateollisuus.fi\/skol\/wp-json\/wp\/v2\/comments?post=376"}],"version-history":[{"count":15,"href":"https:\/\/teknologiateollisuus.fi\/skol\/wp-json\/wp\/v2\/pages\/376\/revisions"}],"predecessor-version":[{"id":2943,"href":"https:\/\/teknologiateollisuus.fi\/skol\/wp-json\/wp\/v2\/pages\/376\/revisions\/2943"}],"up":[{"embeddable":true,"href":"https:\/\/teknologiateollisuus.fi\/skol\/wp-json\/wp\/v2\/pages\/221"}],"wp:attachment":[{"href":"https:\/\/teknologiateollisuus.fi\/skol\/wp-json\/wp\/v2\/media?parent=376"}],"curies":[{"name":"wp","href":"https:\/\/api.w.org\/{rel}","templated":true}]}}