{"id":382,"date":"2023-12-05T13:19:00","date_gmt":"2023-12-05T11:19:00","guid":{"rendered":"https:\/\/teknologiateollisuus.fi\/skol\/?page_id=382"},"modified":"2025-12-22T14:48:30","modified_gmt":"2025-12-22T12:48:30","slug":"tyomarkkinat","status":"publish","type":"page","link":"https:\/\/teknologiateollisuus.fi\/skol\/tietoa-alasta\/tyomarkkinat\/","title":{"rendered":"Ty\u00f6markkinat"},"content":{"rendered":"\n<div class=\"em-block-hero hero-has-background-color has-background has-violet-background-color collapse media-position-right \">\n\t<div class=\"em-block-hero__container\">\n\t\t<div class=\"em-block-hero__content\">\n\t\t\t<div class=\"yoast-breadcrumbs\"><span><span><a href=\"https:\/\/teknologiateollisuus.fi\/skol\/\">Etusivu<\/a><\/span> <span class=\"separator\"><\/span> <span><a href=\"https:\/\/teknologiateollisuus.fi\/skol\/tietoa-alasta\/\">Tietoa alasta<\/a><\/span> <span class=\"separator\"><\/span> <span class=\"breadcrumb_last\" aria-current=\"page\">Ty\u00f6markkinat<\/span><\/span><\/div>\t\t\t\n<h1 class=\"wp-block-heading\" id=\"h-tyomarkkinat\">Ty\u00f6markkinat<\/h1>\n\t\t\t<div class=\"em-block-hero__modified-date\"> P\u00e4ivitetty 22.12.2025 klo 14:48<\/div>\t\t<\/div>\n\t\t\t\t\t<figure class=\"em-block-hero__image\">\n\t\t\t\t\t\t\t<\/figure>\n\t\t\t<\/div>\n<\/div>\n\n\n\n<h2 class=\"wp-block-heading\" id=\"h-alan-tyomarkkinatoiminnasta-vastaa-teknologiateollisuus-ry\" id=\"alan-tyomarkkinatoiminnasta-vastaa-teknologiateollisuus-ry\">Alan ty\u00f6markkinatoiminnasta vastaa Teknologiateollisuus ry<\/h2>\n\n\n\n<p>Alan ty\u00f6markkina- ja lainopillisista palveluista sek\u00e4 ty\u00f6suhdeneuvonnasta vastaa Teknologiateollisuus. Ty\u00f6suhdeneuvonnan puh.&nbsp;(09) 192 3222 ja s\u00e4hk\u00f6postiosoite&nbsp;<a href=\"mailto:tyosuhdekysymykset@teknologiateollisuus.fi\">tyosuhdekysymykset@teknologiateollisuus.fi<\/a>.&nbsp;Palvelu on tarkoitettu yrityksille, jotka ovat Teknologiateollisuus ry:n j\u00e4seni\u00e4.<\/p>\n\n\n\n<div class=\"wp-block-evermade-links em-block-links has-columns-1\">\n<a\n\tclass=\"wp-block-evermade-external-link em-block-link is-external   \"\n\thref=\"https:\/\/teknologiateollisuus.fi\/jasenille\/palvelut\/tyosuhdeneuvonta\/\"\n\taria-label=\"Avaa uudessa v\u00e4lilehdess\u00e4\"\n\ttarget=\"_blank\"\n\trel=\"noopener noreferrer\"\n>\n\t<div class=\"em-block-link__content\">\n\t\t<span class=\"em-block-link__title\">\n\t\t\tTy\u00f6suhdepalvelut\t\t<\/span>\n\t\t\t<\/div>\n\t<div class=\"em-block-link__arrow\"><\/div>\n\t<div class=\"em-block-link__pressable\"><\/div>\n<\/a>\n\n\n\n<a\n\tclass=\"wp-block-evermade-external-link em-block-link is-external   \"\n\thref=\"https:\/\/teknologiateollisuus.fi\/ajankohtaista\/\"\n\taria-label=\"Avaa uudessa v\u00e4lilehdess\u00e4\"\n\ttarget=\"_blank\"\n\trel=\"noopener noreferrer\"\n>\n\t<div class=\"em-block-link__content\">\n\t\t<span class=\"em-block-link__title\">\n\t\t\tAjankohtaista &#8211; Teknologiateollisuus\t\t<\/span>\n\t\t\t<\/div>\n\t<div class=\"em-block-link__arrow\"><\/div>\n\t<div class=\"em-block-link__pressable\"><\/div>\n<\/a>\n\n\n\n<div data-wp-interactive=\"core\/file\" class=\"wp-block-file\"><object data-wp-bind--hidden=\"!state.hasPdfPreview\" hidden class=\"wp-block-file__embed\" data=\"https:\/\/teknologiateollisuus.fi\/skol\/wp-content\/uploads\/sites\/6\/2025\/12\/TES-skol-toimihenkilot-2025-2027-1.pdf\" type=\"application\/pdf\" style=\"width:100%;height:600px\" aria-label=\"Tiedoston Suunnittelu- ja konsultointialan toimihenkil\u00f6iden ty\u00f6ehtosopimus upotus.\"><\/object><a id=\"wp-block-file--media-88993aca-04be-4313-ad68-fa8ef4ec6041\" href=\"https:\/\/teknologiateollisuus.fi\/skol\/wp-content\/uploads\/sites\/6\/2025\/12\/TES-skol-toimihenkilot-2025-2027-1.pdf\">Suunnittelu- ja konsultointialan toimihenkil\u00f6iden ty\u00f6ehtosopimus<\/a><a href=\"https:\/\/teknologiateollisuus.fi\/skol\/wp-content\/uploads\/sites\/6\/2025\/12\/TES-skol-toimihenkilot-2025-2027-1.pdf\" class=\"wp-block-file__button wp-element-button\" download aria-describedby=\"wp-block-file--media-88993aca-04be-4313-ad68-fa8ef4ec6041\">Lataa<\/a><\/div>\n<\/div>\n","protected":false},"excerpt":{"rendered":"<p>Alan ty\u00f6markkinatoiminnasta vastaa Teknologiateollisuus ry Alan ty\u00f6markkina- ja lainopillisista palveluista sek\u00e4 ty\u00f6suhdeneuvonnasta vastaa Teknologiateollisuus. Ty\u00f6suhdeneuvonnan puh.&nbsp;(09) 192 3222 ja s\u00e4hk\u00f6postiosoite&nbsp;tyosuhdekysymykset@teknologiateollisuus.fi.&nbsp;Palvelu on tarkoitettu yrityksille, jotka ovat Teknologiateollisuus ry:n j\u00e4seni\u00e4.<\/p>\n","protected":false},"author":50,"featured_media":0,"parent":221,"menu_order":1,"comment_status":"closed","ping_status":"closed","template":"","meta":{"_acf_changed":false,"_relevanssi_hide_post":"","_relevanssi_hide_content":"","_relevanssi_pin_for_all":"","_relevanssi_pin_keywords":"","_relevanssi_unpin_keywords":"","_relevanssi_related_keywords":"","_relevanssi_related_include_ids":"","_relevanssi_related_exclude_ids":"","_relevanssi_related_no_append":"","_relevanssi_related_not_related":"","_relevanssi_related_posts":"57,53,55,54,56,48","_relevanssi_noindex_reason":"","inline_featured_image":false,"footnotes":""},"class_list":["post-382","page","type-page","status-publish","hentry"],"acf":[],"yoast_head":"<!-- This site is optimized with the Yoast SEO Premium plugin v27.1 (Yoast SEO v27.4) - https:\/\/yoast.com\/product\/yoast-seo-premium-wordpress\/ -->\n<title>Ty\u00f6markkinat - Skol<\/title>\n<meta name=\"robots\" content=\"index, follow, max-snippet:-1, max-image-preview:large, max-video-preview:-1\" \/>\n<link rel=\"canonical\" href=\"https:\/\/teknologiateollisuus.fi\/skol\/tietoa-alasta\/tyomarkkinat\/\" \/>\n<meta property=\"og:locale\" content=\"fi_FI\" \/>\n<meta property=\"og:type\" content=\"article\" \/>\n<meta property=\"og:title\" content=\"Ty\u00f6markkinat\" \/>\n<meta property=\"og:description\" content=\"Alan ty\u00f6markkinatoiminnasta vastaa Teknologiateollisuus ry Alan ty\u00f6markkina- ja lainopillisista palveluista sek\u00e4 ty\u00f6suhdeneuvonnasta vastaa Teknologiateollisuus. Ty\u00f6suhdeneuvonnan puh.&nbsp;(09) 192 3222 ja s\u00e4hk\u00f6postiosoite&nbsp;tyosuhdekysymykset@teknologiateollisuus.fi.&nbsp;Palvelu on tarkoitettu yrityksille, jotka ovat Teknologiateollisuus ry:n j\u00e4seni\u00e4.\" \/>\n<meta property=\"og:url\" content=\"https:\/\/teknologiateollisuus.fi\/skol\/tietoa-alasta\/tyomarkkinat\/\" \/>\n<meta property=\"og:site_name\" content=\"Skol\" \/>\n<meta property=\"article:modified_time\" content=\"2025-12-22T12:48:30+00:00\" \/>\n<meta name=\"twitter:card\" content=\"summary_large_image\" \/>\n<meta name=\"twitter:label1\" content=\"Arvioitu lukuaika\" \/>\n\t<meta name=\"twitter:data1\" content=\"1 minuutti\" \/>\n<script type=\"application\/ld+json\" class=\"yoast-schema-graph\">{\"@context\":\"https:\\\/\\\/schema.org\",\"@graph\":[{\"@type\":\"WebPage\",\"@id\":\"https:\\\/\\\/teknologiateollisuus.fi\\\/skol\\\/tietoa-alasta\\\/tyomarkkinat\\\/\",\"url\":\"https:\\\/\\\/teknologiateollisuus.fi\\\/skol\\\/tietoa-alasta\\\/tyomarkkinat\\\/\",\"name\":\"Ty\u00f6markkinat - Skol\",\"isPartOf\":{\"@id\":\"https:\\\/\\\/teknologiateollisuus.fi\\\/skol\\\/#website\"},\"datePublished\":\"2023-12-05T11:19:00+00:00\",\"dateModified\":\"2025-12-22T12:48:30+00:00\",\"breadcrumb\":{\"@id\":\"https:\\\/\\\/teknologiateollisuus.fi\\\/skol\\\/tietoa-alasta\\\/tyomarkkinat\\\/#breadcrumb\"},\"inLanguage\":\"fi\",\"potentialAction\":[{\"@type\":\"ReadAction\",\"target\":[\"https:\\\/\\\/teknologiateollisuus.fi\\\/skol\\\/tietoa-alasta\\\/tyomarkkinat\\\/\"]}]},{\"@type\":\"BreadcrumbList\",\"@id\":\"https:\\\/\\\/teknologiateollisuus.fi\\\/skol\\\/tietoa-alasta\\\/tyomarkkinat\\\/#breadcrumb\",\"itemListElement\":[{\"@type\":\"ListItem\",\"position\":1,\"name\":\"Etusivu\",\"item\":\"https:\\\/\\\/teknologiateollisuus.fi\\\/skol\\\/\"},{\"@type\":\"ListItem\",\"position\":2,\"name\":\"Tietoa alasta\",\"item\":\"https:\\\/\\\/teknologiateollisuus.fi\\\/skol\\\/tietoa-alasta\\\/\"},{\"@type\":\"ListItem\",\"position\":3,\"name\":\"Ty\u00f6markkinat\"}]},{\"@type\":\"WebSite\",\"@id\":\"https:\\\/\\\/teknologiateollisuus.fi\\\/skol\\\/#website\",\"url\":\"https:\\\/\\\/teknologiateollisuus.fi\\\/skol\\\/\",\"name\":\"Skol\",\"description\":\"\",\"potentialAction\":[{\"@type\":\"SearchAction\",\"target\":{\"@type\":\"EntryPoint\",\"urlTemplate\":\"https:\\\/\\\/teknologiateollisuus.fi\\\/skol\\\/?s={search_term_string}\"},\"query-input\":{\"@type\":\"PropertyValueSpecification\",\"valueRequired\":true,\"valueName\":\"search_term_string\"}}],\"inLanguage\":\"fi\"}]}<\/script>\n<!-- \/ Yoast SEO Premium plugin. -->","yoast_head_json":{"title":"Ty\u00f6markkinat - Skol","robots":{"index":"index","follow":"follow","max-snippet":"max-snippet:-1","max-image-preview":"max-image-preview:large","max-video-preview":"max-video-preview:-1"},"canonical":"https:\/\/teknologiateollisuus.fi\/skol\/tietoa-alasta\/tyomarkkinat\/","og_locale":"fi_FI","og_type":"article","og_title":"Ty\u00f6markkinat","og_description":"Alan ty\u00f6markkinatoiminnasta vastaa Teknologiateollisuus ry Alan ty\u00f6markkina- ja lainopillisista palveluista sek\u00e4 ty\u00f6suhdeneuvonnasta vastaa Teknologiateollisuus. Ty\u00f6suhdeneuvonnan puh.&nbsp;(09) 192 3222 ja s\u00e4hk\u00f6postiosoite&nbsp;tyosuhdekysymykset@teknologiateollisuus.fi.&nbsp;Palvelu on tarkoitettu yrityksille, jotka ovat Teknologiateollisuus ry:n j\u00e4seni\u00e4.","og_url":"https:\/\/teknologiateollisuus.fi\/skol\/tietoa-alasta\/tyomarkkinat\/","og_site_name":"Skol","article_modified_time":"2025-12-22T12:48:30+00:00","twitter_card":"summary_large_image","twitter_misc":{"Arvioitu lukuaika":"1 minuutti"},"schema":{"@context":"https:\/\/schema.org","@graph":[{"@type":"WebPage","@id":"https:\/\/teknologiateollisuus.fi\/skol\/tietoa-alasta\/tyomarkkinat\/","url":"https:\/\/teknologiateollisuus.fi\/skol\/tietoa-alasta\/tyomarkkinat\/","name":"Ty\u00f6markkinat - Skol","isPartOf":{"@id":"https:\/\/teknologiateollisuus.fi\/skol\/#website"},"datePublished":"2023-12-05T11:19:00+00:00","dateModified":"2025-12-22T12:48:30+00:00","breadcrumb":{"@id":"https:\/\/teknologiateollisuus.fi\/skol\/tietoa-alasta\/tyomarkkinat\/#breadcrumb"},"inLanguage":"fi","potentialAction":[{"@type":"ReadAction","target":["https:\/\/teknologiateollisuus.fi\/skol\/tietoa-alasta\/tyomarkkinat\/"]}]},{"@type":"BreadcrumbList","@id":"https:\/\/teknologiateollisuus.fi\/skol\/tietoa-alasta\/tyomarkkinat\/#breadcrumb","itemListElement":[{"@type":"ListItem","position":1,"name":"Etusivu","item":"https:\/\/teknologiateollisuus.fi\/skol\/"},{"@type":"ListItem","position":2,"name":"Tietoa alasta","item":"https:\/\/teknologiateollisuus.fi\/skol\/tietoa-alasta\/"},{"@type":"ListItem","position":3,"name":"Ty\u00f6markkinat"}]},{"@type":"WebSite","@id":"https:\/\/teknologiateollisuus.fi\/skol\/#website","url":"https:\/\/teknologiateollisuus.fi\/skol\/","name":"Skol","description":"","potentialAction":[{"@type":"SearchAction","target":{"@type":"EntryPoint","urlTemplate":"https:\/\/teknologiateollisuus.fi\/skol\/?s={search_term_string}"},"query-input":{"@type":"PropertyValueSpecification","valueRequired":true,"valueName":"search_term_string"}}],"inLanguage":"fi"}]}},"lang":"fi","translations":{"fi":382},"pll_sync_post":[],"_links":{"self":[{"href":"https:\/\/teknologiateollisuus.fi\/skol\/wp-json\/wp\/v2\/pages\/382","targetHints":{"allow":["GET"]}}],"collection":[{"href":"https:\/\/teknologiateollisuus.fi\/skol\/wp-json\/wp\/v2\/pages"}],"about":[{"href":"https:\/\/teknologiateollisuus.fi\/skol\/wp-json\/wp\/v2\/types\/page"}],"author":[{"embeddable":true,"href":"https:\/\/teknologiateollisuus.fi\/skol\/wp-json\/wp\/v2\/users\/50"}],"replies":[{"embeddable":true,"href":"https:\/\/teknologiateollisuus.fi\/skol\/wp-json\/wp\/v2\/comments?post=382"}],"version-history":[{"count":7,"href":"https:\/\/teknologiateollisuus.fi\/skol\/wp-json\/wp\/v2\/pages\/382\/revisions"}],"predecessor-version":[{"id":3180,"href":"https:\/\/teknologiateollisuus.fi\/skol\/wp-json\/wp\/v2\/pages\/382\/revisions\/3180"}],"up":[{"embeddable":true,"href":"https:\/\/teknologiateollisuus.fi\/skol\/wp-json\/wp\/v2\/pages\/221"}],"wp:attachment":[{"href":"https:\/\/teknologiateollisuus.fi\/skol\/wp-json\/wp\/v2\/media?parent=382"}],"curies":[{"name":"wp","href":"https:\/\/api.w.org\/{rel}","templated":true}]}}