{"id":384,"date":"2023-12-05T13:39:00","date_gmt":"2023-12-05T11:39:00","guid":{"rendered":"https:\/\/teknologiateollisuus.fi\/skol\/?page_id=384"},"modified":"2024-09-16T16:07:34","modified_gmt":"2024-09-16T13:07:34","slug":"viestinnan-tyokalupakki-suunnittelijoille-ja-konsulteille","status":"publish","type":"page","link":"https:\/\/teknologiateollisuus.fi\/skol\/tietoa-alasta\/viestinnan-tyokalupakki-suunnittelijoille-ja-konsulteille\/","title":{"rendered":"Viestinn\u00e4n ty\u00f6kalupakki suunnittelijoille ja konsulteille"},"content":{"rendered":"\n<div class=\"em-block-hero hero-has-background-color has-background has-violet-background-color collapse media-position-right \">\n\t<div class=\"em-block-hero__container\">\n\t\t<div class=\"em-block-hero__content\">\n\t\t\t<div class=\"yoast-breadcrumbs\"><span><span><a href=\"https:\/\/teknologiateollisuus.fi\/skol\/\">Etusivu<\/a><\/span> <span class=\"separator\"><\/span> <span><a href=\"https:\/\/teknologiateollisuus.fi\/skol\/tietoa-alasta\/\">Tietoa alasta<\/a><\/span> <span class=\"separator\"><\/span> <span class=\"breadcrumb_last\" aria-current=\"page\">Viestinn\u00e4n ty\u00f6kalupakki suunnittelijoille ja konsulteille<\/span><\/span><\/div>\t\t\t\n<h1 class=\"wp-block-heading\" id=\"viestinnan-tyokalupakki-suunnittelijoille-ja-konsulteille\">Viestinn\u00e4n ty\u00f6kalupakki suunnittelijoille ja konsulteille<\/h1>\n\n<p>SKOLin Viestinn\u00e4n ty\u00f6kalupakki tarjoaa suunnittelu- ja konsultointialan asiantuntijoille apua omasta ty\u00f6st\u00e4 ja asiantuntemuksesta viestimiseen.<\/p>\n\t\t\t<div class=\"em-block-hero__modified-date\"> P\u00e4ivitetty 16.09.2024 klo 16:07<\/div>\t\t<\/div>\n\t\t\t\t\t<figure class=\"em-block-hero__image\">\n\t\t\t\t\t\t\t<\/figure>\n\t\t\t<\/div>\n<\/div>\n\n\n\n<p>Alallamme on on valtavasti osaamista ja n\u00e4kemyst\u00e4, josta kertominen on meid\u00e4n kaikkien yhteinen teht\u00e4v\u00e4. Omasta ty\u00f6st\u00e4 viestiminen auttaa&nbsp;verkostoitumaan ja profiloitumaan asiantuntijana ja samalla tekee&nbsp;alaa ja sen merkityst\u00e4 yhteiskunnassa n\u00e4kyv\u00e4ksi.<\/p>\n\n\n\n<p>SKOL&nbsp;haluaa&nbsp;rohkaista ja auttaa j\u00e4senyritystens\u00e4&nbsp;ty\u00f6ntekij\u00f6it\u00e4 aktiivisempaan viestint\u00e4\u00e4n.&nbsp;T\u00e4m\u00e4n vuoksi SKOL halusi toteuttaa SKOL viestint\u00e4ryhm\u00e4n kanssa ty\u00f6kalun, jolla voimme innostaa ja auttaa asiantuntijoitamme viestinn\u00e4n parissa.<\/p>\n\n\n\n<p>Ty\u00f6kirja on suunnattu eri teht\u00e4viss\u00e4 ja uran vaiheissa oleville asiantuntijoille. Ty\u00f6kalupakki sis\u00e4lt\u00e4\u00e4 ohjeita, teht\u00e4vi\u00e4 ja mallipohjia oman viestinn\u00e4n suunnitteluun, yleistajuiseen kirjoittamiseen sek\u00e4 sosiaalisen median k\u00e4ytt\u00f6\u00f6n. Oppaan lopusta l\u00f6yd\u00e4t my\u00f6s linkin SKOL ry:n esiintymiskoulutusvideoon, joka opastaa vaikuttavaan suulliseen esiintymiseen.&nbsp;<\/p>\n\n\n\n<div class=\"wp-block-buttons is-layout-flex wp-block-buttons-is-layout-flex\">\n<div class=\"wp-block-button icon-right\"><a class=\"wp-block-button__link wp-element-button\" href=\"https:\/\/teknologiateollisuus.fi\/skol\/wp-content\/uploads\/sites\/6\/2024\/08\/Skol-viestinnan-tyokirja_210916_final_0-1.pdf\"><strong>Viestinn\u00e4n ty\u00f6kalupakki<\/strong><\/a><\/div>\n<\/div>\n","protected":false},"excerpt":{"rendered":"<p>Alallamme on on valtavasti osaamista ja n\u00e4kemyst\u00e4, josta kertominen on meid\u00e4n kaikkien yhteinen teht\u00e4v\u00e4. Omasta ty\u00f6st\u00e4 viestiminen auttaa&nbsp;verkostoitumaan ja profiloitumaan asiantuntijana ja samalla tekee&nbsp;alaa ja sen merkityst\u00e4 yhteiskunnassa n\u00e4kyv\u00e4ksi. SKOL&nbsp;haluaa&nbsp;rohkaista ja auttaa j\u00e4senyritystens\u00e4&nbsp;ty\u00f6ntekij\u00f6it\u00e4 aktiivisempaan viestint\u00e4\u00e4n.&nbsp;T\u00e4m\u00e4n vuoksi SKOL halusi toteuttaa SKOL viestint\u00e4ryhm\u00e4n kanssa ty\u00f6kalun, jolla voimme innostaa ja auttaa asiantuntijoitamme viestinn\u00e4n parissa. Ty\u00f6kirja on suunnattu eri [&hellip;]<\/p>\n","protected":false},"author":50,"featured_media":0,"parent":221,"menu_order":6,"comment_status":"closed","ping_status":"closed","template":"","meta":{"_acf_changed":false,"_relevanssi_hide_post":"","_relevanssi_hide_content":"","_relevanssi_pin_for_all":"","_relevanssi_pin_keywords":"","_relevanssi_unpin_keywords":"","_relevanssi_related_keywords":"","_relevanssi_related_include_ids":"","_relevanssi_related_exclude_ids":"","_relevanssi_related_no_append":"","_relevanssi_related_not_related":"","_relevanssi_related_posts":"54,48,53,57,56,55","_relevanssi_noindex_reason":"","inline_featured_image":false,"footnotes":""},"class_list":["post-384","page","type-page","status-publish","hentry"],"acf":[],"yoast_head":"<!-- This site is optimized with the Yoast SEO Premium plugin v27.1 (Yoast SEO v27.4) - https:\/\/yoast.com\/product\/yoast-seo-premium-wordpress\/ -->\n<title>Viestinn\u00e4n ty\u00f6kalupakki suunnittelijoille ja konsulteille - Skol<\/title>\n<meta name=\"robots\" content=\"index, follow, max-snippet:-1, max-image-preview:large, max-video-preview:-1\" \/>\n<link rel=\"canonical\" href=\"https:\/\/teknologiateollisuus.fi\/skol\/tietoa-alasta\/viestinnan-tyokalupakki-suunnittelijoille-ja-konsulteille\/\" \/>\n<meta property=\"og:locale\" content=\"fi_FI\" \/>\n<meta property=\"og:type\" content=\"article\" \/>\n<meta property=\"og:title\" content=\"Viestinn\u00e4n ty\u00f6kalupakki suunnittelijoille ja konsulteille\" \/>\n<meta property=\"og:description\" content=\"Alallamme on on valtavasti osaamista ja n\u00e4kemyst\u00e4, josta kertominen on meid\u00e4n kaikkien yhteinen teht\u00e4v\u00e4. Omasta ty\u00f6st\u00e4 viestiminen auttaa&nbsp;verkostoitumaan ja profiloitumaan asiantuntijana ja samalla tekee&nbsp;alaa ja sen merkityst\u00e4 yhteiskunnassa n\u00e4kyv\u00e4ksi. SKOL&nbsp;haluaa&nbsp;rohkaista ja auttaa j\u00e4senyritystens\u00e4&nbsp;ty\u00f6ntekij\u00f6it\u00e4 aktiivisempaan viestint\u00e4\u00e4n.&nbsp;T\u00e4m\u00e4n vuoksi SKOL halusi toteuttaa SKOL viestint\u00e4ryhm\u00e4n kanssa ty\u00f6kalun, jolla voimme innostaa ja auttaa asiantuntijoitamme viestinn\u00e4n parissa. Ty\u00f6kirja on suunnattu eri [&hellip;]\" \/>\n<meta property=\"og:url\" content=\"https:\/\/teknologiateollisuus.fi\/skol\/tietoa-alasta\/viestinnan-tyokalupakki-suunnittelijoille-ja-konsulteille\/\" \/>\n<meta property=\"og:site_name\" content=\"Skol\" \/>\n<meta property=\"article:modified_time\" content=\"2024-09-16T13:07:34+00:00\" \/>\n<meta name=\"twitter:card\" content=\"summary_large_image\" \/>\n<meta name=\"twitter:label1\" content=\"Arvioitu lukuaika\" \/>\n\t<meta name=\"twitter:data1\" content=\"1 minuutti\" \/>\n<script type=\"application\/ld+json\" class=\"yoast-schema-graph\">{\"@context\":\"https:\\\/\\\/schema.org\",\"@graph\":[{\"@type\":\"WebPage\",\"@id\":\"https:\\\/\\\/teknologiateollisuus.fi\\\/skol\\\/tietoa-alasta\\\/viestinnan-tyokalupakki-suunnittelijoille-ja-konsulteille\\\/\",\"url\":\"https:\\\/\\\/teknologiateollisuus.fi\\\/skol\\\/tietoa-alasta\\\/viestinnan-tyokalupakki-suunnittelijoille-ja-konsulteille\\\/\",\"name\":\"Viestinn\u00e4n ty\u00f6kalupakki suunnittelijoille ja konsulteille - Skol\",\"isPartOf\":{\"@id\":\"https:\\\/\\\/teknologiateollisuus.fi\\\/skol\\\/#website\"},\"datePublished\":\"2023-12-05T11:39:00+00:00\",\"dateModified\":\"2024-09-16T13:07:34+00:00\",\"breadcrumb\":{\"@id\":\"https:\\\/\\\/teknologiateollisuus.fi\\\/skol\\\/tietoa-alasta\\\/viestinnan-tyokalupakki-suunnittelijoille-ja-konsulteille\\\/#breadcrumb\"},\"inLanguage\":\"fi\",\"potentialAction\":[{\"@type\":\"ReadAction\",\"target\":[\"https:\\\/\\\/teknologiateollisuus.fi\\\/skol\\\/tietoa-alasta\\\/viestinnan-tyokalupakki-suunnittelijoille-ja-konsulteille\\\/\"]}]},{\"@type\":\"BreadcrumbList\",\"@id\":\"https:\\\/\\\/teknologiateollisuus.fi\\\/skol\\\/tietoa-alasta\\\/viestinnan-tyokalupakki-suunnittelijoille-ja-konsulteille\\\/#breadcrumb\",\"itemListElement\":[{\"@type\":\"ListItem\",\"position\":1,\"name\":\"Etusivu\",\"item\":\"https:\\\/\\\/teknologiateollisuus.fi\\\/skol\\\/\"},{\"@type\":\"ListItem\",\"position\":2,\"name\":\"Tietoa alasta\",\"item\":\"https:\\\/\\\/teknologiateollisuus.fi\\\/skol\\\/tietoa-alasta\\\/\"},{\"@type\":\"ListItem\",\"position\":3,\"name\":\"Viestinn\u00e4n ty\u00f6kalupakki suunnittelijoille ja konsulteille\"}]},{\"@type\":\"WebSite\",\"@id\":\"https:\\\/\\\/teknologiateollisuus.fi\\\/skol\\\/#website\",\"url\":\"https:\\\/\\\/teknologiateollisuus.fi\\\/skol\\\/\",\"name\":\"Skol\",\"description\":\"\",\"potentialAction\":[{\"@type\":\"SearchAction\",\"target\":{\"@type\":\"EntryPoint\",\"urlTemplate\":\"https:\\\/\\\/teknologiateollisuus.fi\\\/skol\\\/?s={search_term_string}\"},\"query-input\":{\"@type\":\"PropertyValueSpecification\",\"valueRequired\":true,\"valueName\":\"search_term_string\"}}],\"inLanguage\":\"fi\"}]}<\/script>\n<!-- \/ Yoast SEO Premium plugin. -->","yoast_head_json":{"title":"Viestinn\u00e4n ty\u00f6kalupakki suunnittelijoille ja konsulteille - Skol","robots":{"index":"index","follow":"follow","max-snippet":"max-snippet:-1","max-image-preview":"max-image-preview:large","max-video-preview":"max-video-preview:-1"},"canonical":"https:\/\/teknologiateollisuus.fi\/skol\/tietoa-alasta\/viestinnan-tyokalupakki-suunnittelijoille-ja-konsulteille\/","og_locale":"fi_FI","og_type":"article","og_title":"Viestinn\u00e4n ty\u00f6kalupakki suunnittelijoille ja konsulteille","og_description":"Alallamme on on valtavasti osaamista ja n\u00e4kemyst\u00e4, josta kertominen on meid\u00e4n kaikkien yhteinen teht\u00e4v\u00e4. Omasta ty\u00f6st\u00e4 viestiminen auttaa&nbsp;verkostoitumaan ja profiloitumaan asiantuntijana ja samalla tekee&nbsp;alaa ja sen merkityst\u00e4 yhteiskunnassa n\u00e4kyv\u00e4ksi. SKOL&nbsp;haluaa&nbsp;rohkaista ja auttaa j\u00e4senyritystens\u00e4&nbsp;ty\u00f6ntekij\u00f6it\u00e4 aktiivisempaan viestint\u00e4\u00e4n.&nbsp;T\u00e4m\u00e4n vuoksi SKOL halusi toteuttaa SKOL viestint\u00e4ryhm\u00e4n kanssa ty\u00f6kalun, jolla voimme innostaa ja auttaa asiantuntijoitamme viestinn\u00e4n parissa. Ty\u00f6kirja on suunnattu eri [&hellip;]","og_url":"https:\/\/teknologiateollisuus.fi\/skol\/tietoa-alasta\/viestinnan-tyokalupakki-suunnittelijoille-ja-konsulteille\/","og_site_name":"Skol","article_modified_time":"2024-09-16T13:07:34+00:00","twitter_card":"summary_large_image","twitter_misc":{"Arvioitu lukuaika":"1 minuutti"},"schema":{"@context":"https:\/\/schema.org","@graph":[{"@type":"WebPage","@id":"https:\/\/teknologiateollisuus.fi\/skol\/tietoa-alasta\/viestinnan-tyokalupakki-suunnittelijoille-ja-konsulteille\/","url":"https:\/\/teknologiateollisuus.fi\/skol\/tietoa-alasta\/viestinnan-tyokalupakki-suunnittelijoille-ja-konsulteille\/","name":"Viestinn\u00e4n ty\u00f6kalupakki suunnittelijoille ja konsulteille - Skol","isPartOf":{"@id":"https:\/\/teknologiateollisuus.fi\/skol\/#website"},"datePublished":"2023-12-05T11:39:00+00:00","dateModified":"2024-09-16T13:07:34+00:00","breadcrumb":{"@id":"https:\/\/teknologiateollisuus.fi\/skol\/tietoa-alasta\/viestinnan-tyokalupakki-suunnittelijoille-ja-konsulteille\/#breadcrumb"},"inLanguage":"fi","potentialAction":[{"@type":"ReadAction","target":["https:\/\/teknologiateollisuus.fi\/skol\/tietoa-alasta\/viestinnan-tyokalupakki-suunnittelijoille-ja-konsulteille\/"]}]},{"@type":"BreadcrumbList","@id":"https:\/\/teknologiateollisuus.fi\/skol\/tietoa-alasta\/viestinnan-tyokalupakki-suunnittelijoille-ja-konsulteille\/#breadcrumb","itemListElement":[{"@type":"ListItem","position":1,"name":"Etusivu","item":"https:\/\/teknologiateollisuus.fi\/skol\/"},{"@type":"ListItem","position":2,"name":"Tietoa alasta","item":"https:\/\/teknologiateollisuus.fi\/skol\/tietoa-alasta\/"},{"@type":"ListItem","position":3,"name":"Viestinn\u00e4n ty\u00f6kalupakki suunnittelijoille ja konsulteille"}]},{"@type":"WebSite","@id":"https:\/\/teknologiateollisuus.fi\/skol\/#website","url":"https:\/\/teknologiateollisuus.fi\/skol\/","name":"Skol","description":"","potentialAction":[{"@type":"SearchAction","target":{"@type":"EntryPoint","urlTemplate":"https:\/\/teknologiateollisuus.fi\/skol\/?s={search_term_string}"},"query-input":{"@type":"PropertyValueSpecification","valueRequired":true,"valueName":"search_term_string"}}],"inLanguage":"fi"}]}},"lang":"fi","translations":{"fi":384},"pll_sync_post":[],"_links":{"self":[{"href":"https:\/\/teknologiateollisuus.fi\/skol\/wp-json\/wp\/v2\/pages\/384","targetHints":{"allow":["GET"]}}],"collection":[{"href":"https:\/\/teknologiateollisuus.fi\/skol\/wp-json\/wp\/v2\/pages"}],"about":[{"href":"https:\/\/teknologiateollisuus.fi\/skol\/wp-json\/wp\/v2\/types\/page"}],"author":[{"embeddable":true,"href":"https:\/\/teknologiateollisuus.fi\/skol\/wp-json\/wp\/v2\/users\/50"}],"replies":[{"embeddable":true,"href":"https:\/\/teknologiateollisuus.fi\/skol\/wp-json\/wp\/v2\/comments?post=384"}],"version-history":[{"count":4,"href":"https:\/\/teknologiateollisuus.fi\/skol\/wp-json\/wp\/v2\/pages\/384\/revisions"}],"predecessor-version":[{"id":1501,"href":"https:\/\/teknologiateollisuus.fi\/skol\/wp-json\/wp\/v2\/pages\/384\/revisions\/1501"}],"up":[{"embeddable":true,"href":"https:\/\/teknologiateollisuus.fi\/skol\/wp-json\/wp\/v2\/pages\/221"}],"wp:attachment":[{"href":"https:\/\/teknologiateollisuus.fi\/skol\/wp-json\/wp\/v2\/media?parent=384"}],"curies":[{"name":"wp","href":"https:\/\/api.w.org\/{rel}","templated":true}]}}