{"id":400,"date":"2023-12-05T14:21:00","date_gmt":"2023-12-05T12:21:00","guid":{"rendered":"https:\/\/teknologiateollisuus.fi\/skol\/?page_id=400"},"modified":"2024-09-30T16:27:34","modified_gmt":"2024-09-30T13:27:34","slug":"casegalleria-digivihrea-kiihdytyskaista","status":"publish","type":"page","link":"https:\/\/teknologiateollisuus.fi\/skol\/tietoa-alasta\/tki-toiminta\/casegalleria-digivihrea-kiihdytyskaista\/","title":{"rendered":"Casegalleria: Digivihre\u00e4 kiihdytyskaista"},"content":{"rendered":"\n<div class=\"em-block-hero hero-has-background-color has-background has-violet-background-color collapse media-position-right \">\n\t<div class=\"em-block-hero__container\">\n\t\t<div class=\"em-block-hero__content\">\n\t\t\t<div class=\"yoast-breadcrumbs\"><span><span><a href=\"https:\/\/teknologiateollisuus.fi\/skol\/\">Etusivu<\/a><\/span> <span class=\"separator\"><\/span> <span><a href=\"https:\/\/teknologiateollisuus.fi\/skol\/tietoa-alasta\/\">Tietoa alasta<\/a><\/span> <span class=\"separator\"><\/span> <span><a href=\"https:\/\/teknologiateollisuus.fi\/skol\/tietoa-alasta\/tki-toiminta\/\">TKI-toiminta<\/a><\/span> <span class=\"separator\"><\/span> <span class=\"breadcrumb_last\" aria-current=\"page\">Casegalleria: Digivihre\u00e4 kiihdytyskaista<\/span><\/span><\/div>\t\t\t\n<h1 class=\"wp-block-heading\" id=\"casegalleria-digivihrea-kiihdytyskaista\">Casegalleria: Digivihre\u00e4 kiihdytyskaista<\/h1>\n\t\t\t<div class=\"em-block-hero__modified-date\"> P\u00e4ivitetty 30.09.2024 klo 16:27<\/div>\t\t<\/div>\n\t\t\t\t\t<figure class=\"em-block-hero__image\">\n\t\t\t\t\t\t\t<\/figure>\n\t\t\t<\/div>\n<\/div>\n\n\n\n<p>Suunnittelu \u2013 ja konsultointialan yritykset kehitt\u00e4v\u00e4t jatkuvasti uusia ratkaisuja kest\u00e4v\u00e4n kehityksen edist\u00e4miseksi niin infran, rakentamisen kuin teollisuuden saralla. Kest\u00e4v\u00e4n kehityksen tavoitteiden saavuttamiseksi alan yritykset hy\u00f6dynt\u00e4v\u00e4t sek\u00e4 kehitt\u00e4v\u00e4t itse aktiivisesti uusia digitaalisia ratkaisuja. Suomalaisen yhteiskunnan rakentaminen kest\u00e4v\u00e4lle pohjalle vaatii uusia innovaatioita sek\u00e4 digitaalisia ratkaisuita, joita SKOL j\u00e4senyritykset toteuttavat&nbsp;ty\u00f6ss\u00e4\u00e4n. Kest\u00e4v\u00e4\u00e4 kehityst\u00e4 edist\u00e4v\u00e4t innovaatiot ja ratkaisut my\u00f6s auttavat Suomea pysym\u00e4\u00e4n kilpailukykyisen\u00e4 ja vetovoimaisena.<\/p>\n\n\n\n<p><strong>#Kest\u00e4v\u00e4ksisuunniteltu<\/strong><\/p>\n\n\n\n<div class=\"wp-block-evermade-accordion em-block-accordion js-accordion-group\">\n<div class=\"wp-block-evermade-accordion-item em-block-accordion-item js-accordion-item\"><h6 class=\"em-block-accordion-item__title-wrapper\"><button class=\"em-block-accordion-item__title js-accordion-controller\">Espoon LuxTurrim5g -testialueen digikaksonen on kompleksisen ymp\u00e4rist\u00f6n tulkki<\/button><\/h6><div id=\"accordion-item-content-0\" class=\"em-block-accordion-item__content js-accordion-content\">\n<p>LuxTurrim5G-hankkeen tutkimus- ja kehitysvaiheessa kehitettiin \u00e4lypylv\u00e4it\u00e4 ja niihin liittyv\u00e4\u00e4 infrastruktuuria, data-alustaa sek\u00e4 \u00e4lykaupungin palveluita. Sitowisen luoma digitaalinen kaksonen Espoossa sijaitsevasta testialueesta auttaa suunnittelijoita mallintamaan rakentamisen eri vaihtoehtoja. <a href=\"https:\/\/teknologiateollisuus.fi\/skol\/espoon-luxturrim5g-testialueen-digikaksonen-on-kompleksisen-ympariston-tulkki\/\">Lue lis\u00e4\u00e4<\/a><\/p>\n<\/div><\/div>\n\n\n\n<div class=\"wp-block-evermade-accordion-item em-block-accordion-item js-accordion-item\"><h6 class=\"em-block-accordion-item__title-wrapper\"><button class=\"em-block-accordion-item__title js-accordion-controller\">V\u00e4h\u00e4hiiliseen rakentamiseen l\u00f6ytyy jo useita kustannustehokkaita vaihtoehtoja<\/button><\/h6><div id=\"accordion-item-content-1\" class=\"em-block-accordion-item__content js-accordion-content\">\n<p>Skanska ja Sitowise toteuttivat yhdess\u00e4 pilotin, jossa optimoitiin rakennusmateriaalien hiilijalanj\u00e4lke\u00e4 ja investointikustannuksia. Tulosten mukaan taloudellisesti kannattava lopputulos on mahdollista saavuttaa useilla v\u00e4h\u00e4hiilisill\u00e4 ratkaisuilla.\u00a0<a href=\"https:\/\/teknologiateollisuus.fi\/skol\/vahahiiliseen-rakentamiseen-loytyy-jo-useita-kustannustehokkaita-vaihtoehtoja\/\">Lue lis\u00e4\u00e4<\/a><a href=\"https:\/\/teknologiateollisuus.fi\/skol\/fi\/casegalleria-digivihrea-kiihdytyskaista#Vihreinfrahankekehittkaupunkisuunnittelua\"><\/a><\/p>\n<\/div><\/div>\n\n\n\n<div class=\"wp-block-evermade-accordion-item em-block-accordion-item js-accordion-item\"><h6 class=\"em-block-accordion-item__title-wrapper\"><button class=\"em-block-accordion-item__title js-accordion-controller\">Vihre\u00e4 infrahanke kehitt\u00e4\u00e4 kaupunkisuunnittelua<\/button><\/h6><div id=\"accordion-item-content-2\" class=\"em-block-accordion-item__content js-accordion-content\">\n<p>Virtuaalivehre\u00e4 oli Helsingin kaupungin innovaatioyhti\u00f6n Forum Virium Helsingin koordinoima hanke, jossa selvitettiin uudenlaisia vihre\u00e4n infrastruktuurin ratkaisuja. Kahdeksan kuukautta kest\u00e4neen hankkeen tavoitteena oli pilotoida toimintamalli, jossa pystyt\u00e4\u00e4n digitaalisten menetelmien avulla tunnistamaan parhaita ratkaisuja vihre\u00e4n infran huomioimiseksi jo kaavoitusvaiheessa.\u00a0<a href=\"https:\/\/teknologiateollisuus.fi\/skol\/vihrea-infrahanke-kehittaa-kaupunkisuunnittelua\/\">Lue lis\u00e4\u00e4<\/a><\/p>\n<\/div><\/div>\n\n\n\n<div class=\"wp-block-evermade-accordion-item em-block-accordion-item js-accordion-item\"><h6 class=\"em-block-accordion-item__title-wrapper\"><button class=\"em-block-accordion-item__title js-accordion-controller\">Otaniemen Circular Raw Materials Hub -yhteislaboratoriossa ratkotaan tulevaisuuden kiertotaloushaasteita<\/button><\/h6><div id=\"accordion-item-content-3\" class=\"em-block-accordion-item__content js-accordion-content\">\n<p>FCG\u00a0Finnish\u00a0Consulting Groupin\u00a0suunnittelemassa\u202f<a href=\"https:\/\/www.aalto.fi\/fi\/uutiset\/kiertotalouden-tarvitsemia-uusia-materiaaleja-tutkitaan-otaniemeen-perustettavassa\" target=\"_blank\" rel=\"noreferrer noopener\">Circular Raw Materials Hub -laboratoriossa<\/a>\u202fratkotaan ep\u00e4orgaanisten materiaalien ja mineraalien tutkimushaasteita yhteisty\u00f6ss\u00e4 usean organisaation voimin.\u202f\u00a0<a href=\"https:\/\/teknologiateollisuus.fi\/skol\/otaniemen-circular-raw-materials-hub-yhteislaboratoriossa-ratkotaan-tulevaisuuden-kiertotaloushaasteita\/\">Lue lis\u00e4\u00e4<\/a><\/p>\n<\/div><\/div>\n\n\n\n<div class=\"wp-block-evermade-accordion-item em-block-accordion-item js-accordion-item\"><h6 class=\"em-block-accordion-item__title-wrapper\"><button class=\"em-block-accordion-item__title js-accordion-controller\">Innovatiivisia aluerakentamisen ratkaisuja puurakentamisen kiertotaloushankkeesta<\/button><\/h6><div id=\"accordion-item-content-4\" class=\"em-block-accordion-item__content js-accordion-content\">\n<p>FCG\u00a0Finnish\u00a0Consulting Group, Viitasaaren kaupunki ja Kehitt\u00e4misyhti\u00f6\u00a0Witas\u00a0Oy ovat mukana ymp\u00e4rist\u00f6ministeri\u00f6n rahoittamassa kiertotaloushankkeessa, jossa innovoidaan uusia k\u00e4ytt\u00f6kohteita puuteollisuuden ylij\u00e4\u00e4m\u00e4materiaaleille alue- ja maisemasuunnittelun elementtein\u00e4 ja rakenteina.\u00a0<a href=\"https:\/\/teknologiateollisuus.fi\/skol\/innovatiivisia-aluerakentamisen-ratkaisuja-puurakentamisen-kiertotaloushankkeesta\/\">Lue lis\u00e4\u00e4<\/a><\/p>\n<\/div><\/div>\n\n\n\n<div class=\"wp-block-evermade-accordion-item em-block-accordion-item js-accordion-item\"><h6 class=\"em-block-accordion-item__title-wrapper\"><button class=\"em-block-accordion-item__title js-accordion-controller\">Maailmanluokan innovaatioita korkeaan puurakentamiseen &#8211; Joensuun Lighthouse<\/button><\/h6><div id=\"accordion-item-content-5\" class=\"em-block-accordion-item__content js-accordion-content\">\n<p>Suomen korkein puukerrostalo Joensuun Lighthouse palkittiin viime vuonna puurakentamisen edell\u00e4k\u00e4vij\u00e4n\u00e4. A-Insin\u00f6\u00f6rit vastasi projektin ennakkoluulottomista rakenneratkaisuista ja p\u00e4\u00e4si vahvasti kehitt\u00e4m\u00e4\u00e4n suomalaista puurakentamisen osaamista. Maailman korkein ter\u00e4stankoj\u00e4ykisteinen puurakennus edellytti vaativuudessaan uusia ratkaisuja niin lujuuden, kantokyvyn, painumisen kuin paloturvallisuudenkin osalta. <a href=\"https:\/\/teknologiateollisuus.fi\/skol\/maailmanluokan-innovaatioita-korkeaan-puurakentamiseen-joensuun-lighthouse\/\">Lue lis\u00e4\u00e4<\/a><a href=\"https:\/\/teknologiateollisuus.fi\/skol\/fi\/casegalleria-digivihrea-kiihdytyskaista#Supertietokonejhtyyympristystvllisesti\"><\/a><\/p>\n<\/div><\/div>\n\n\n\n<div class=\"wp-block-evermade-accordion-item em-block-accordion-item js-accordion-item\"><h6 class=\"em-block-accordion-item__title-wrapper\"><button class=\"em-block-accordion-item__title js-accordion-controller\">Supertietokone j\u00e4\u00e4htyy ymp\u00e4rist\u00f6yst\u00e4v\u00e4llisesti<\/button><\/h6><div id=\"accordion-item-content-6\" class=\"em-block-accordion-item__content js-accordion-content\">\n<p>Granlund on suunnitellut Kajaaniin sijoitettavan eurooppalaisen supertietokoneen konesalin. Konesalioperointi on hiilineutraalia \u2013 hiilijalanj\u00e4lki voi olla jopa negatiivinen\u00a0<a href=\"https:\/\/teknologiateollisuus.fi\/skol\/supertietokone-jaahtyy-ymparistoystavallisesti\/\">Lue lis\u00e4\u00e4<\/a><a href=\"https:\/\/teknologiateollisuus.fi\/skol\/fi\/casegalleria-digivihrea-kiihdytyskaista#Tamronhiilijalanjlkipieneni250tonnia\"><\/a><\/p>\n<\/div><\/div>\n\n\n\n<div class=\"wp-block-evermade-accordion-item em-block-accordion-item js-accordion-item\"><h6 class=\"em-block-accordion-item__title-wrapper\"><button class=\"em-block-accordion-item__title js-accordion-controller\">Tamron hiilijalanj\u00e4lki pieneni 250 tonnia<\/button><\/h6><div id=\"accordion-item-content-7\" class=\"em-block-accordion-item__content js-accordion-content\">\n<p>Tamrolle tilojen olosuhteet ovat kaikki kaikessa. Digitaalisilla kiinteist\u00f6palveluilla energiankulutuksen kustannukset laskivat yli 65 000 eurolla vuodessa ilman lis\u00e4investointeja.\u00a0<a href=\"https:\/\/teknologiateollisuus.fi\/skol\/tamron-hiilijalanjalki-pieneni-250-tonnia\/\">Lue lis\u00e4\u00e4<\/a><a href=\"https:\/\/teknologiateollisuus.fi\/skol\/fi\/casegalleria-digivihrea-kiihdytyskaista#Rejlersinetvalvontatykalupalveleetymaaprojekteissavirtuaalisesti\"><\/a><\/p>\n<\/div><\/div>\n\n\n\n<div class=\"wp-block-evermade-accordion-item em-block-accordion-item js-accordion-item\"><h6 class=\"em-block-accordion-item__title-wrapper\"><button class=\"em-block-accordion-item__title js-accordion-controller\">Rejlersin et\u00e4valvontaty\u00f6kalu palvelee ty\u00f6maaprojekteissa virtuaalisesti<\/button><\/h6><div id=\"accordion-item-content-8\" class=\"em-block-accordion-item__content js-accordion-content\">\n<p>Rejlers Finland Oy:n kehitt\u00e4m\u00e4 virtuaalinen et\u00e4valvontaty\u00f6kalu nousee arvoonsa et\u00e4ty\u00f6n aikakaudella. Accelerated Operations \u2013nimell\u00e4 tunnettu palveluratkaisu mahdollistaa 360-n\u00e4kym\u00e4n projektity\u00f6maalta koko projektikonsortiolle.<a href=\"https:\/\/teknologiateollisuus.fi\/skol\/rejlersin-etavalvontatyokalu-palvelee-tyomaaprojekteissa-virtuaalisesti\/\">\u00a0Lue lis\u00e4\u00e4<\/a><a href=\"https:\/\/teknologiateollisuus.fi\/skol\/fi\/casegalleria-digivihrea-kiihdytyskaista#Logistiikandigitalisaationilmastovaikutuksiaselvitettyensimmistkertaa\"><\/a><\/p>\n<\/div><\/div>\n\n\n\n<div class=\"wp-block-evermade-accordion-item em-block-accordion-item js-accordion-item\"><h6 class=\"em-block-accordion-item__title-wrapper\"><button class=\"em-block-accordion-item__title js-accordion-controller\">Logistiikan digitalisaation ilmastovaikutuksia selvitetty ensimm\u00e4ist\u00e4 kertaa<\/button><\/h6><div id=\"accordion-item-content-9\" class=\"em-block-accordion-item__content js-accordion-content\">\n<p>Liikenne- ja viestint\u00e4ministeri\u00f6lle tehdyss\u00e4 selvityksess\u00e4 on arvioitu logistiikan digitalisaation ilmastovaikutuksia ja tunnistettu sen vaikuttavimpia keinoja. Selvityksen tarkoituksena on ollut tutkia digitalisaation osa-alueiden p\u00e4\u00e4st\u00f6v\u00e4hennyspotentiaalia ja kustannusvaikutuksia p\u00e4\u00e4t\u00f6ksenteon tueksi. Digitalisaation lis\u00e4ksi selvityksess\u00e4 on arvioitu my\u00f6s polttonesteen CO2-sis\u00e4ll\u00f6n vaikutusta logistiikan p\u00e4\u00e4st\u00f6ihin. Selvitys palvelee ministeri\u00f6ss\u00e4 laadittavaa logistiikan digitalisaatiostrategiaa. <a href=\"https:\/\/teknologiateollisuus.fi\/skol\/logistiikan-digitalisaation-ilmastovaikutuksia-selvitetty-ensimmaista-kertaa\/\">Lue lis\u00e4\u00e4<\/a><a href=\"https:\/\/teknologiateollisuus.fi\/skol\/fi\/casegalleria-digivihrea-kiihdytyskaista#Uusidigipalveluvarmistaaviheralueidenkunnon\"><\/a><\/p>\n<\/div><\/div>\n\n\n\n<div class=\"wp-block-evermade-accordion-item em-block-accordion-item js-accordion-item\"><h6 class=\"em-block-accordion-item__title-wrapper\"><button class=\"em-block-accordion-item__title js-accordion-controller\">Uusi digipalvelu varmistaa viheralueiden kunnon<\/button><\/h6><div id=\"accordion-item-content-10\" class=\"em-block-accordion-item__content js-accordion-content\">\n<p>Ramboll on tuonut markkinoille helppok\u00e4ytt\u00f6isen webty\u00f6kalun viheralueiden kunnon seurantaan. Palvelu sis\u00e4lt\u00e4\u00e4 katuymp\u00e4rist\u00f6ihin ja viheralueille asennettavat langattomat IoT-anturit, reaaliaikaisen tiedonkeruun ja web-pohjaisen raportointi- ja vikailmoitusj\u00e4rjestelm\u00e4n. <a href=\"https:\/\/teknologiateollisuus.fi\/skol\/uusi-digipalvelu-varmistaa-viheralueiden-kunnon\/\">Lue lis\u00e4\u00e4<\/a><\/p>\n<\/div><\/div>\n<\/div>\n","protected":false},"excerpt":{"rendered":"<p>Suunnittelu \u2013 ja konsultointialan yritykset kehitt\u00e4v\u00e4t jatkuvasti uusia ratkaisuja kest\u00e4v\u00e4n kehityksen edist\u00e4miseksi niin infran, rakentamisen kuin teollisuuden saralla. Kest\u00e4v\u00e4n kehityksen tavoitteiden saavuttamiseksi alan yritykset hy\u00f6dynt\u00e4v\u00e4t sek\u00e4 kehitt\u00e4v\u00e4t itse aktiivisesti uusia digitaalisia ratkaisuja. Suomalaisen yhteiskunnan rakentaminen kest\u00e4v\u00e4lle pohjalle vaatii uusia innovaatioita sek\u00e4 digitaalisia ratkaisuita, joita SKOL j\u00e4senyritykset toteuttavat&nbsp;ty\u00f6ss\u00e4\u00e4n. Kest\u00e4v\u00e4\u00e4 kehityst\u00e4 edist\u00e4v\u00e4t innovaatiot ja ratkaisut my\u00f6s auttavat [&hellip;]<\/p>\n","protected":false},"author":50,"featured_media":0,"parent":424,"menu_order":7,"comment_status":"closed","ping_status":"closed","template":"","meta":{"_acf_changed":false,"_relevanssi_hide_post":"","_relevanssi_hide_content":"","_relevanssi_pin_for_all":"","_relevanssi_pin_keywords":"","_relevanssi_unpin_keywords":"","_relevanssi_related_keywords":"","_relevanssi_related_include_ids":"","_relevanssi_related_exclude_ids":"","_relevanssi_related_no_append":"","_relevanssi_related_not_related":"","_relevanssi_related_posts":"55,53,57,48,56,54","_relevanssi_noindex_reason":"","inline_featured_image":false,"footnotes":""},"class_list":["post-400","page","type-page","status-publish","hentry"],"acf":[],"yoast_head":"<!-- This site is optimized with the Yoast SEO Premium plugin v27.1 (Yoast SEO v27.3) - https:\/\/yoast.com\/product\/yoast-seo-premium-wordpress\/ -->\n<title>Casegalleria: Digivihre\u00e4 kiihdytyskaista - Skol<\/title>\n<meta name=\"robots\" content=\"index, follow, max-snippet:-1, max-image-preview:large, max-video-preview:-1\" \/>\n<link rel=\"canonical\" href=\"https:\/\/teknologiateollisuus.fi\/skol\/tietoa-alasta\/tki-toiminta\/casegalleria-digivihrea-kiihdytyskaista\/\" \/>\n<meta property=\"og:locale\" content=\"fi_FI\" \/>\n<meta property=\"og:type\" content=\"article\" \/>\n<meta property=\"og:title\" content=\"Casegalleria: Digivihre\u00e4 kiihdytyskaista\" \/>\n<meta property=\"og:description\" content=\"Suunnittelu \u2013 ja konsultointialan yritykset kehitt\u00e4v\u00e4t jatkuvasti uusia ratkaisuja kest\u00e4v\u00e4n kehityksen edist\u00e4miseksi niin infran, rakentamisen kuin teollisuuden saralla. Kest\u00e4v\u00e4n kehityksen tavoitteiden saavuttamiseksi alan yritykset hy\u00f6dynt\u00e4v\u00e4t sek\u00e4 kehitt\u00e4v\u00e4t itse aktiivisesti uusia digitaalisia ratkaisuja. Suomalaisen yhteiskunnan rakentaminen kest\u00e4v\u00e4lle pohjalle vaatii uusia innovaatioita sek\u00e4 digitaalisia ratkaisuita, joita SKOL j\u00e4senyritykset toteuttavat&nbsp;ty\u00f6ss\u00e4\u00e4n. Kest\u00e4v\u00e4\u00e4 kehityst\u00e4 edist\u00e4v\u00e4t innovaatiot ja ratkaisut my\u00f6s auttavat [&hellip;]\" \/>\n<meta property=\"og:url\" content=\"https:\/\/teknologiateollisuus.fi\/skol\/tietoa-alasta\/tki-toiminta\/casegalleria-digivihrea-kiihdytyskaista\/\" \/>\n<meta property=\"og:site_name\" content=\"Skol\" \/>\n<meta property=\"article:modified_time\" content=\"2024-09-30T13:27:34+00:00\" \/>\n<meta name=\"twitter:card\" content=\"summary_large_image\" \/>\n<meta name=\"twitter:label1\" content=\"Arvioitu lukuaika\" \/>\n\t<meta name=\"twitter:data1\" content=\"3 minuuttia\" \/>\n<script type=\"application\/ld+json\" class=\"yoast-schema-graph\">{\"@context\":\"https:\\\/\\\/schema.org\",\"@graph\":[{\"@type\":\"WebPage\",\"@id\":\"https:\\\/\\\/teknologiateollisuus.fi\\\/skol\\\/tietoa-alasta\\\/tki-toiminta\\\/casegalleria-digivihrea-kiihdytyskaista\\\/\",\"url\":\"https:\\\/\\\/teknologiateollisuus.fi\\\/skol\\\/tietoa-alasta\\\/tki-toiminta\\\/casegalleria-digivihrea-kiihdytyskaista\\\/\",\"name\":\"Casegalleria: Digivihre\u00e4 kiihdytyskaista - Skol\",\"isPartOf\":{\"@id\":\"https:\\\/\\\/teknologiateollisuus.fi\\\/skol\\\/#website\"},\"datePublished\":\"2023-12-05T12:21:00+00:00\",\"dateModified\":\"2024-09-30T13:27:34+00:00\",\"breadcrumb\":{\"@id\":\"https:\\\/\\\/teknologiateollisuus.fi\\\/skol\\\/tietoa-alasta\\\/tki-toiminta\\\/casegalleria-digivihrea-kiihdytyskaista\\\/#breadcrumb\"},\"inLanguage\":\"fi\",\"potentialAction\":[{\"@type\":\"ReadAction\",\"target\":[\"https:\\\/\\\/teknologiateollisuus.fi\\\/skol\\\/tietoa-alasta\\\/tki-toiminta\\\/casegalleria-digivihrea-kiihdytyskaista\\\/\"]}]},{\"@type\":\"BreadcrumbList\",\"@id\":\"https:\\\/\\\/teknologiateollisuus.fi\\\/skol\\\/tietoa-alasta\\\/tki-toiminta\\\/casegalleria-digivihrea-kiihdytyskaista\\\/#breadcrumb\",\"itemListElement\":[{\"@type\":\"ListItem\",\"position\":1,\"name\":\"Etusivu\",\"item\":\"https:\\\/\\\/teknologiateollisuus.fi\\\/skol\\\/\"},{\"@type\":\"ListItem\",\"position\":2,\"name\":\"Tietoa alasta\",\"item\":\"https:\\\/\\\/teknologiateollisuus.fi\\\/skol\\\/tietoa-alasta\\\/\"},{\"@type\":\"ListItem\",\"position\":3,\"name\":\"TKI-toiminta\",\"item\":\"https:\\\/\\\/teknologiateollisuus.fi\\\/skol\\\/tietoa-alasta\\\/tki-toiminta\\\/\"},{\"@type\":\"ListItem\",\"position\":4,\"name\":\"Casegalleria: Digivihre\u00e4 kiihdytyskaista\"}]},{\"@type\":\"WebSite\",\"@id\":\"https:\\\/\\\/teknologiateollisuus.fi\\\/skol\\\/#website\",\"url\":\"https:\\\/\\\/teknologiateollisuus.fi\\\/skol\\\/\",\"name\":\"Skol\",\"description\":\"\",\"potentialAction\":[{\"@type\":\"SearchAction\",\"target\":{\"@type\":\"EntryPoint\",\"urlTemplate\":\"https:\\\/\\\/teknologiateollisuus.fi\\\/skol\\\/?s={search_term_string}\"},\"query-input\":{\"@type\":\"PropertyValueSpecification\",\"valueRequired\":true,\"valueName\":\"search_term_string\"}}],\"inLanguage\":\"fi\"}]}<\/script>\n<!-- \/ Yoast SEO Premium plugin. -->","yoast_head_json":{"title":"Casegalleria: Digivihre\u00e4 kiihdytyskaista - Skol","robots":{"index":"index","follow":"follow","max-snippet":"max-snippet:-1","max-image-preview":"max-image-preview:large","max-video-preview":"max-video-preview:-1"},"canonical":"https:\/\/teknologiateollisuus.fi\/skol\/tietoa-alasta\/tki-toiminta\/casegalleria-digivihrea-kiihdytyskaista\/","og_locale":"fi_FI","og_type":"article","og_title":"Casegalleria: Digivihre\u00e4 kiihdytyskaista","og_description":"Suunnittelu \u2013 ja konsultointialan yritykset kehitt\u00e4v\u00e4t jatkuvasti uusia ratkaisuja kest\u00e4v\u00e4n kehityksen edist\u00e4miseksi niin infran, rakentamisen kuin teollisuuden saralla. Kest\u00e4v\u00e4n kehityksen tavoitteiden saavuttamiseksi alan yritykset hy\u00f6dynt\u00e4v\u00e4t sek\u00e4 kehitt\u00e4v\u00e4t itse aktiivisesti uusia digitaalisia ratkaisuja. Suomalaisen yhteiskunnan rakentaminen kest\u00e4v\u00e4lle pohjalle vaatii uusia innovaatioita sek\u00e4 digitaalisia ratkaisuita, joita SKOL j\u00e4senyritykset toteuttavat&nbsp;ty\u00f6ss\u00e4\u00e4n. Kest\u00e4v\u00e4\u00e4 kehityst\u00e4 edist\u00e4v\u00e4t innovaatiot ja ratkaisut my\u00f6s auttavat [&hellip;]","og_url":"https:\/\/teknologiateollisuus.fi\/skol\/tietoa-alasta\/tki-toiminta\/casegalleria-digivihrea-kiihdytyskaista\/","og_site_name":"Skol","article_modified_time":"2024-09-30T13:27:34+00:00","twitter_card":"summary_large_image","twitter_misc":{"Arvioitu lukuaika":"3 minuuttia"},"schema":{"@context":"https:\/\/schema.org","@graph":[{"@type":"WebPage","@id":"https:\/\/teknologiateollisuus.fi\/skol\/tietoa-alasta\/tki-toiminta\/casegalleria-digivihrea-kiihdytyskaista\/","url":"https:\/\/teknologiateollisuus.fi\/skol\/tietoa-alasta\/tki-toiminta\/casegalleria-digivihrea-kiihdytyskaista\/","name":"Casegalleria: Digivihre\u00e4 kiihdytyskaista - Skol","isPartOf":{"@id":"https:\/\/teknologiateollisuus.fi\/skol\/#website"},"datePublished":"2023-12-05T12:21:00+00:00","dateModified":"2024-09-30T13:27:34+00:00","breadcrumb":{"@id":"https:\/\/teknologiateollisuus.fi\/skol\/tietoa-alasta\/tki-toiminta\/casegalleria-digivihrea-kiihdytyskaista\/#breadcrumb"},"inLanguage":"fi","potentialAction":[{"@type":"ReadAction","target":["https:\/\/teknologiateollisuus.fi\/skol\/tietoa-alasta\/tki-toiminta\/casegalleria-digivihrea-kiihdytyskaista\/"]}]},{"@type":"BreadcrumbList","@id":"https:\/\/teknologiateollisuus.fi\/skol\/tietoa-alasta\/tki-toiminta\/casegalleria-digivihrea-kiihdytyskaista\/#breadcrumb","itemListElement":[{"@type":"ListItem","position":1,"name":"Etusivu","item":"https:\/\/teknologiateollisuus.fi\/skol\/"},{"@type":"ListItem","position":2,"name":"Tietoa alasta","item":"https:\/\/teknologiateollisuus.fi\/skol\/tietoa-alasta\/"},{"@type":"ListItem","position":3,"name":"TKI-toiminta","item":"https:\/\/teknologiateollisuus.fi\/skol\/tietoa-alasta\/tki-toiminta\/"},{"@type":"ListItem","position":4,"name":"Casegalleria: Digivihre\u00e4 kiihdytyskaista"}]},{"@type":"WebSite","@id":"https:\/\/teknologiateollisuus.fi\/skol\/#website","url":"https:\/\/teknologiateollisuus.fi\/skol\/","name":"Skol","description":"","potentialAction":[{"@type":"SearchAction","target":{"@type":"EntryPoint","urlTemplate":"https:\/\/teknologiateollisuus.fi\/skol\/?s={search_term_string}"},"query-input":{"@type":"PropertyValueSpecification","valueRequired":true,"valueName":"search_term_string"}}],"inLanguage":"fi"}]}},"lang":"fi","translations":{"fi":400},"pll_sync_post":[],"_links":{"self":[{"href":"https:\/\/teknologiateollisuus.fi\/skol\/wp-json\/wp\/v2\/pages\/400","targetHints":{"allow":["GET"]}}],"collection":[{"href":"https:\/\/teknologiateollisuus.fi\/skol\/wp-json\/wp\/v2\/pages"}],"about":[{"href":"https:\/\/teknologiateollisuus.fi\/skol\/wp-json\/wp\/v2\/types\/page"}],"author":[{"embeddable":true,"href":"https:\/\/teknologiateollisuus.fi\/skol\/wp-json\/wp\/v2\/users\/50"}],"replies":[{"embeddable":true,"href":"https:\/\/teknologiateollisuus.fi\/skol\/wp-json\/wp\/v2\/comments?post=400"}],"version-history":[{"count":9,"href":"https:\/\/teknologiateollisuus.fi\/skol\/wp-json\/wp\/v2\/pages\/400\/revisions"}],"predecessor-version":[{"id":1783,"href":"https:\/\/teknologiateollisuus.fi\/skol\/wp-json\/wp\/v2\/pages\/400\/revisions\/1783"}],"up":[{"embeddable":true,"href":"https:\/\/teknologiateollisuus.fi\/skol\/wp-json\/wp\/v2\/pages\/424"}],"wp:attachment":[{"href":"https:\/\/teknologiateollisuus.fi\/skol\/wp-json\/wp\/v2\/media?parent=400"}],"curies":[{"name":"wp","href":"https:\/\/api.w.org\/{rel}","templated":true}]}}