{"id":407,"date":"2023-12-05T14:27:00","date_gmt":"2023-12-05T12:27:00","guid":{"rendered":"https:\/\/teknologiateollisuus.fi\/skol\/?page_id=407"},"modified":"2025-03-28T10:24:57","modified_gmt":"2025-03-28T08:24:57","slug":"osaaminen","status":"publish","type":"page","link":"https:\/\/teknologiateollisuus.fi\/skol\/osaaminen\/","title":{"rendered":"Osaaminen ja vetovoima"},"content":{"rendered":"\n<div class=\"em-block-hero hero-has-background-color has-background has-violet-background-color has-image media-position-background \">\n\t<div class=\"em-block-hero__container\">\n\t\t<div class=\"em-block-hero__content\">\n\t\t\t<div class=\"yoast-breadcrumbs\"><span><span><a href=\"https:\/\/teknologiateollisuus.fi\/skol\/\">Etusivu<\/a><\/span> <span class=\"separator\"><\/span> <span class=\"breadcrumb_last\" aria-current=\"page\">Osaaminen ja vetovoima<\/span><\/span><\/div>\t\t\t\n<h1 class=\"wp-block-heading\" id=\"h-osaaminen-ja-vetovoima\">Osaaminen ja vetovoima<\/h1>\n\t\t\t<div class=\"em-block-hero__modified-date\"> P\u00e4ivitetty 28.03.2025 klo 10:24<\/div>\t\t<\/div>\n\t\t\t\t\t<figure class=\"em-block-hero__image\">\n\t\t\t\t<img loading=\"lazy\" decoding=\"async\" width=\"7745\" height=\"5166\" src=\"https:\/\/teknologiateollisuus.fi\/skol\/wp-content\/uploads\/sites\/6\/2025\/02\/SKOL_7752.jpg\" class=\"attachment-hero size-hero\" alt=\"Ihmisi\u00e4 k\u00e4velem\u00e4ss\u00e4 ja istumassa varjoisan katoksen alla, taustalla auringonvalossa n\u00e4kyv\u00e4 veistos.\" srcset=\"https:\/\/teknologiateollisuus.fi\/skol\/wp-content\/uploads\/sites\/6\/2025\/02\/SKOL_7752.jpg 7745w, https:\/\/teknologiateollisuus.fi\/skol\/wp-content\/uploads\/sites\/6\/2025\/02\/SKOL_7752-400x267.jpg 400w, https:\/\/teknologiateollisuus.fi\/skol\/wp-content\/uploads\/sites\/6\/2025\/02\/SKOL_7752-968x646.jpg 968w, https:\/\/teknologiateollisuus.fi\/skol\/wp-content\/uploads\/sites\/6\/2025\/02\/SKOL_7752-768x512.jpg 768w, https:\/\/teknologiateollisuus.fi\/skol\/wp-content\/uploads\/sites\/6\/2025\/02\/SKOL_7752-1536x1025.jpg 1536w, https:\/\/teknologiateollisuus.fi\/skol\/wp-content\/uploads\/sites\/6\/2025\/02\/SKOL_7752-1300x867.jpg 1300w, https:\/\/teknologiateollisuus.fi\/skol\/wp-content\/uploads\/sites\/6\/2025\/02\/SKOL_7752-1440x960.jpg 1440w\" sizes=\"auto, (max-width: 7745px) 100vw, 7745px\" \/>\t\t\t<\/figure>\n\t\t\t<\/div>\n<\/div>\n\n\n\n<p>Alamme osaamisen kehitt\u00e4minen ja koulutuksen lis\u00e4\u00e4minen ovat SKOLin t\u00e4rkeimpi\u00e4 tavoitteita. Koulutusselvityksemme perusteella alan osaajavaje on tulevaisuudessa eritt\u00e4in merkitt\u00e4v\u00e4.<\/p>\n\n\n\n<p>Suunnittelu- ja konsultointiala on kasvanut jo usean vuoden ajan voimakkaasti, ja my\u00f6s tulevaisuuden n\u00e4kym\u00e4t ovat positiiviset. Ala ty\u00f6llist\u00e4\u00e4 eniten tekniikan ja liikenteen koulutusaloilta korkeakoulutettuja asiantuntijoita. Suunnittelu- ja konsultointialan menestys on sidoksissa osaavaan ty\u00f6voimaan, josta on useilla p\u00e4\u00e4toimialoilla jo nyt vajausta. El\u00e4kkeelle vuosittain j\u00e4\u00e4vien ty\u00f6ntekij\u00f6iden m\u00e4\u00e4r\u00e4 kasvaa jatkuvasti l\u00e4hivuosina. Kasvava el\u00e4k\u00f6ityminen yhdess\u00e4 toimialan kasvun kanssa syvent\u00e4\u00e4 osaajavajetta merkitt\u00e4v\u00e4sti.<\/p>\n\n\n\n<p>Vasemmalta l\u00f6ytyville alasivuille on ker\u00e4tty SKOLin oman selvityksen lis\u00e4ksi muidenkin tahojen selvityksi\u00e4 koulutusn\u00e4kemiin liittyen. N\u00e4ihin katsauksiin kannattaa perehty\u00e4, sill\u00e4 koulutus- ja osaajatilanne m\u00e4\u00e4ritt\u00e4v\u00e4t hyvin pitk\u00e4lti alamme tulevaisuutta.<\/p>\n\n\n\n<p><em>Yl\u00e4kuva: Liisa Takala<\/em><\/p>\n","protected":false},"excerpt":{"rendered":"<p>Alamme osaamisen kehitt\u00e4minen ja koulutuksen lis\u00e4\u00e4minen ovat SKOLin t\u00e4rkeimpi\u00e4 tavoitteita. Koulutusselvityksemme perusteella alan osaajavaje on tulevaisuudessa eritt\u00e4in merkitt\u00e4v\u00e4. Suunnittelu- ja konsultointiala on kasvanut jo usean vuoden ajan voimakkaasti, ja my\u00f6s tulevaisuuden n\u00e4kym\u00e4t ovat positiiviset. Ala ty\u00f6llist\u00e4\u00e4 eniten tekniikan ja liikenteen koulutusaloilta korkeakoulutettuja asiantuntijoita. Suunnittelu- ja konsultointialan menestys on sidoksissa osaavaan ty\u00f6voimaan, josta on useilla p\u00e4\u00e4toimialoilla [&hellip;]<\/p>\n","protected":false},"author":50,"featured_media":0,"parent":0,"menu_order":0,"comment_status":"closed","ping_status":"closed","template":"","meta":{"_acf_changed":false,"_relevanssi_hide_post":"","_relevanssi_hide_content":"","_relevanssi_pin_for_all":"","_relevanssi_pin_keywords":"","_relevanssi_unpin_keywords":"","_relevanssi_related_keywords":"","_relevanssi_related_include_ids":"","_relevanssi_related_exclude_ids":"","_relevanssi_related_no_append":"","_relevanssi_related_not_related":"","_relevanssi_related_posts":"56,48,53,55,57,54","_relevanssi_noindex_reason":"","inline_featured_image":false,"footnotes":""},"class_list":["post-407","page","type-page","status-publish","hentry"],"acf":[],"yoast_head":"<!-- This site is optimized with the Yoast SEO Premium plugin v27.1 (Yoast SEO v27.3) - https:\/\/yoast.com\/product\/yoast-seo-premium-wordpress\/ -->\n<title>Osaaminen ja vetovoima - Skol<\/title>\n<meta name=\"robots\" content=\"index, follow, max-snippet:-1, max-image-preview:large, max-video-preview:-1\" \/>\n<link rel=\"canonical\" href=\"https:\/\/teknologiateollisuus.fi\/skol\/osaaminen\/\" \/>\n<meta property=\"og:locale\" content=\"fi_FI\" \/>\n<meta property=\"og:type\" content=\"article\" \/>\n<meta property=\"og:title\" content=\"Osaaminen ja vetovoima\" \/>\n<meta property=\"og:description\" content=\"Alamme osaamisen kehitt\u00e4minen ja koulutuksen lis\u00e4\u00e4minen ovat SKOLin t\u00e4rkeimpi\u00e4 tavoitteita. Koulutusselvityksemme perusteella alan osaajavaje on tulevaisuudessa eritt\u00e4in merkitt\u00e4v\u00e4. Suunnittelu- ja konsultointiala on kasvanut jo usean vuoden ajan voimakkaasti, ja my\u00f6s tulevaisuuden n\u00e4kym\u00e4t ovat positiiviset. Ala ty\u00f6llist\u00e4\u00e4 eniten tekniikan ja liikenteen koulutusaloilta korkeakoulutettuja asiantuntijoita. Suunnittelu- ja konsultointialan menestys on sidoksissa osaavaan ty\u00f6voimaan, josta on useilla p\u00e4\u00e4toimialoilla [&hellip;]\" \/>\n<meta property=\"og:url\" content=\"https:\/\/teknologiateollisuus.fi\/skol\/osaaminen\/\" \/>\n<meta property=\"og:site_name\" content=\"Skol\" \/>\n<meta property=\"article:modified_time\" content=\"2025-03-28T08:24:57+00:00\" \/>\n<meta name=\"twitter:card\" content=\"summary_large_image\" \/>\n<script type=\"application\/ld+json\" class=\"yoast-schema-graph\">{\"@context\":\"https:\\\/\\\/schema.org\",\"@graph\":[{\"@type\":\"WebPage\",\"@id\":\"https:\\\/\\\/teknologiateollisuus.fi\\\/skol\\\/osaaminen\\\/\",\"url\":\"https:\\\/\\\/teknologiateollisuus.fi\\\/skol\\\/osaaminen\\\/\",\"name\":\"Osaaminen ja vetovoima - Skol\",\"isPartOf\":{\"@id\":\"https:\\\/\\\/teknologiateollisuus.fi\\\/skol\\\/#website\"},\"datePublished\":\"2023-12-05T12:27:00+00:00\",\"dateModified\":\"2025-03-28T08:24:57+00:00\",\"breadcrumb\":{\"@id\":\"https:\\\/\\\/teknologiateollisuus.fi\\\/skol\\\/osaaminen\\\/#breadcrumb\"},\"inLanguage\":\"fi\",\"potentialAction\":[{\"@type\":\"ReadAction\",\"target\":[\"https:\\\/\\\/teknologiateollisuus.fi\\\/skol\\\/osaaminen\\\/\"]}]},{\"@type\":\"BreadcrumbList\",\"@id\":\"https:\\\/\\\/teknologiateollisuus.fi\\\/skol\\\/osaaminen\\\/#breadcrumb\",\"itemListElement\":[{\"@type\":\"ListItem\",\"position\":1,\"name\":\"Etusivu\",\"item\":\"https:\\\/\\\/teknologiateollisuus.fi\\\/skol\\\/\"},{\"@type\":\"ListItem\",\"position\":2,\"name\":\"Osaaminen ja vetovoima\"}]},{\"@type\":\"WebSite\",\"@id\":\"https:\\\/\\\/teknologiateollisuus.fi\\\/skol\\\/#website\",\"url\":\"https:\\\/\\\/teknologiateollisuus.fi\\\/skol\\\/\",\"name\":\"Skol\",\"description\":\"\",\"potentialAction\":[{\"@type\":\"SearchAction\",\"target\":{\"@type\":\"EntryPoint\",\"urlTemplate\":\"https:\\\/\\\/teknologiateollisuus.fi\\\/skol\\\/?s={search_term_string}\"},\"query-input\":{\"@type\":\"PropertyValueSpecification\",\"valueRequired\":true,\"valueName\":\"search_term_string\"}}],\"inLanguage\":\"fi\"}]}<\/script>\n<!-- \/ Yoast SEO Premium plugin. -->","yoast_head_json":{"title":"Osaaminen ja vetovoima - Skol","robots":{"index":"index","follow":"follow","max-snippet":"max-snippet:-1","max-image-preview":"max-image-preview:large","max-video-preview":"max-video-preview:-1"},"canonical":"https:\/\/teknologiateollisuus.fi\/skol\/osaaminen\/","og_locale":"fi_FI","og_type":"article","og_title":"Osaaminen ja vetovoima","og_description":"Alamme osaamisen kehitt\u00e4minen ja koulutuksen lis\u00e4\u00e4minen ovat SKOLin t\u00e4rkeimpi\u00e4 tavoitteita. Koulutusselvityksemme perusteella alan osaajavaje on tulevaisuudessa eritt\u00e4in merkitt\u00e4v\u00e4. Suunnittelu- ja konsultointiala on kasvanut jo usean vuoden ajan voimakkaasti, ja my\u00f6s tulevaisuuden n\u00e4kym\u00e4t ovat positiiviset. Ala ty\u00f6llist\u00e4\u00e4 eniten tekniikan ja liikenteen koulutusaloilta korkeakoulutettuja asiantuntijoita. Suunnittelu- ja konsultointialan menestys on sidoksissa osaavaan ty\u00f6voimaan, josta on useilla p\u00e4\u00e4toimialoilla [&hellip;]","og_url":"https:\/\/teknologiateollisuus.fi\/skol\/osaaminen\/","og_site_name":"Skol","article_modified_time":"2025-03-28T08:24:57+00:00","twitter_card":"summary_large_image","schema":{"@context":"https:\/\/schema.org","@graph":[{"@type":"WebPage","@id":"https:\/\/teknologiateollisuus.fi\/skol\/osaaminen\/","url":"https:\/\/teknologiateollisuus.fi\/skol\/osaaminen\/","name":"Osaaminen ja vetovoima - Skol","isPartOf":{"@id":"https:\/\/teknologiateollisuus.fi\/skol\/#website"},"datePublished":"2023-12-05T12:27:00+00:00","dateModified":"2025-03-28T08:24:57+00:00","breadcrumb":{"@id":"https:\/\/teknologiateollisuus.fi\/skol\/osaaminen\/#breadcrumb"},"inLanguage":"fi","potentialAction":[{"@type":"ReadAction","target":["https:\/\/teknologiateollisuus.fi\/skol\/osaaminen\/"]}]},{"@type":"BreadcrumbList","@id":"https:\/\/teknologiateollisuus.fi\/skol\/osaaminen\/#breadcrumb","itemListElement":[{"@type":"ListItem","position":1,"name":"Etusivu","item":"https:\/\/teknologiateollisuus.fi\/skol\/"},{"@type":"ListItem","position":2,"name":"Osaaminen ja vetovoima"}]},{"@type":"WebSite","@id":"https:\/\/teknologiateollisuus.fi\/skol\/#website","url":"https:\/\/teknologiateollisuus.fi\/skol\/","name":"Skol","description":"","potentialAction":[{"@type":"SearchAction","target":{"@type":"EntryPoint","urlTemplate":"https:\/\/teknologiateollisuus.fi\/skol\/?s={search_term_string}"},"query-input":{"@type":"PropertyValueSpecification","valueRequired":true,"valueName":"search_term_string"}}],"inLanguage":"fi"}]}},"lang":"fi","translations":{"fi":407},"pll_sync_post":[],"_links":{"self":[{"href":"https:\/\/teknologiateollisuus.fi\/skol\/wp-json\/wp\/v2\/pages\/407","targetHints":{"allow":["GET"]}}],"collection":[{"href":"https:\/\/teknologiateollisuus.fi\/skol\/wp-json\/wp\/v2\/pages"}],"about":[{"href":"https:\/\/teknologiateollisuus.fi\/skol\/wp-json\/wp\/v2\/types\/page"}],"author":[{"embeddable":true,"href":"https:\/\/teknologiateollisuus.fi\/skol\/wp-json\/wp\/v2\/users\/50"}],"replies":[{"embeddable":true,"href":"https:\/\/teknologiateollisuus.fi\/skol\/wp-json\/wp\/v2\/comments?post=407"}],"version-history":[{"count":7,"href":"https:\/\/teknologiateollisuus.fi\/skol\/wp-json\/wp\/v2\/pages\/407\/revisions"}],"predecessor-version":[{"id":2604,"href":"https:\/\/teknologiateollisuus.fi\/skol\/wp-json\/wp\/v2\/pages\/407\/revisions\/2604"}],"wp:attachment":[{"href":"https:\/\/teknologiateollisuus.fi\/skol\/wp-json\/wp\/v2\/media?parent=407"}],"curies":[{"name":"wp","href":"https:\/\/api.w.org\/{rel}","templated":true}]}}