{"id":409,"date":"2023-12-05T14:54:00","date_gmt":"2023-12-05T12:54:00","guid":{"rendered":"https:\/\/teknologiateollisuus.fi\/skol\/?page_id=409"},"modified":"2025-12-19T14:36:32","modified_gmt":"2025-12-19T12:36:32","slug":"osaamispulssi","status":"publish","type":"page","link":"https:\/\/teknologiateollisuus.fi\/skol\/osaaminen\/osaamispulssi\/","title":{"rendered":"Osaamispulssi"},"content":{"rendered":"\n<div class=\"em-block-hero hero-has-background-color has-background has-violet-background-color collapse media-position-right \">\n\t<div class=\"em-block-hero__container\">\n\t\t<div class=\"em-block-hero__content\">\n\t\t\t<div class=\"yoast-breadcrumbs\"><span><span><a href=\"https:\/\/teknologiateollisuus.fi\/skol\/\">Etusivu<\/a><\/span> <span class=\"separator\"><\/span> <span><a href=\"https:\/\/teknologiateollisuus.fi\/skol\/osaaminen\/\">Osaaminen ja vetovoima<\/a><\/span> <span class=\"separator\"><\/span> <span class=\"breadcrumb_last\" aria-current=\"page\">Osaamispulssi<\/span><\/span><\/div>\t\t\t\n<h1 class=\"wp-block-heading\" id=\"h-teknologiateollisuuden-osaajatarveselvitys-ala-tarvitsee-140-000-uutta-osaajaa-10-vuoden-aikana\">Teknologiateollisuuden osaajatarveselvitys: Ala tarvitsee 140 000 uutta osaajaa 10 vuoden aikana\u00a0<\/h1>\n\t\t\t<div class=\"em-block-hero__modified-date\"> P\u00e4ivitetty 19.12.2025 klo 14:36<\/div>\t\t<\/div>\n\t\t\t\t\t<figure class=\"em-block-hero__image\">\n\t\t\t\t\t\t\t<\/figure>\n\t\t\t<\/div>\n<\/div>\n\n\n\n<p>Teknologiateollisuus ry:n vuonna 2025&nbsp;tekem\u00e4n&nbsp;<a href=\"https:\/\/teknologiateollisuus.fi\/selvitys-teknologiateollisuuden-osaajatarpeesta-jopa-74-kohdistuu-korkeakoulutettuihin-toimiala-tarvitsee-140-000-uutta-osaajaa-10-vuoden-aikana\/\">osaajatarveselvityksen<\/a>&nbsp;mukaan alalle tarvitaan seuraavan 10 vuoden aikana 140&nbsp;000 uutta osaajaa. Tavoite on suuri, sill\u00e4 t\u00e4ll\u00e4 hetkell\u00e4 alan henkil\u00f6st\u00f6m\u00e4\u00e4r\u00e4 on noin 330 000. Tarve on hieman suurentunut nelj\u00e4n vuoden takaisesta selvityksest\u00e4.<\/p>\n\n\n\n<p>Osaajapulalla on my\u00f6s taloudellisia vaikutuksia; Etlan selvitys kertoo, ett\u00e4 Suomen bruttokansantuote kasvaisi vuosittain 0,6 prosenttia enemm\u00e4n osaajatarpeen t\u00e4yttyess\u00e4 verrattuna tilanteeseen, jossa osaajia ei saataisi.<\/p>\n\n\n\n<figure class=\"wp-block-image size-large\"><img loading=\"lazy\" decoding=\"async\" width=\"968\" height=\"537\" src=\"https:\/\/teknologiateollisuus.fi\/skol\/wp-content\/uploads\/sites\/6\/2025\/12\/Osaamistarve_nettikuva_1-968x537.png\" alt=\"\" class=\"wp-image-3160\" srcset=\"https:\/\/teknologiateollisuus.fi\/skol\/wp-content\/uploads\/sites\/6\/2025\/12\/Osaamistarve_nettikuva_1-968x537.png 968w, https:\/\/teknologiateollisuus.fi\/skol\/wp-content\/uploads\/sites\/6\/2025\/12\/Osaamistarve_nettikuva_1-400x222.png 400w, https:\/\/teknologiateollisuus.fi\/skol\/wp-content\/uploads\/sites\/6\/2025\/12\/Osaamistarve_nettikuva_1-768x426.png 768w, https:\/\/teknologiateollisuus.fi\/skol\/wp-content\/uploads\/sites\/6\/2025\/12\/Osaamistarve_nettikuva_1-1536x852.png 1536w, https:\/\/teknologiateollisuus.fi\/skol\/wp-content\/uploads\/sites\/6\/2025\/12\/Osaamistarve_nettikuva_1-1300x721.png 1300w, https:\/\/teknologiateollisuus.fi\/skol\/wp-content\/uploads\/sites\/6\/2025\/12\/Osaamistarve_nettikuva_1-1440x799.png 1440w, https:\/\/teknologiateollisuus.fi\/skol\/wp-content\/uploads\/sites\/6\/2025\/12\/Osaamistarve_nettikuva_1.png 1638w\" sizes=\"auto, (max-width: 968px) 100vw, 968px\" \/><\/figure>\n\n\n\n<h2 class=\"wp-block-heading\" id=\"h-74-prosenttia-osaajatarpeesta-kohdistuu-korkeakoulutettuihin\" id=\"74-prosenttia-osaajatarpeesta-kohdistuu-korkeakoulutettuihin\">74 prosenttia osaajatarpeesta kohdistuu korkeakoulutettuihin<\/h2>\n\n\n\n<p>74 prosenttia osaajatarpeesta kohdistuu korkeakoulutettuihin ja 26 prosenttia tarpeesta koostuu ammatillisesta osaamisesta.<\/p>\n\n\n\n<p>Noin puolet korkeakoulutettujen rekrytointitarpeesta aiheutuu el\u00e4k\u00f6itymisist\u00e4 ja puolet yritysten kasvusta. Useamman kuin joka viidennen el\u00e4k\u00f6ityv\u00e4n ammattikoulutetun tilalle rekrytoidaan korkeakoulutettu ja joka kymmenes j\u00e4\u00e4 korvaamatta joko automaation, robotiikan tai muun syyn johdosta.<br><\/p>\n\n\n\n<h2 class=\"wp-block-heading\" id=\"h-koulutustason-nosto-ja-maahanmuutto-ratkaisuna-osaajapulaan\" id=\"koulutustason-nosto-ja-maahanmuutto-ratkaisuna-osaajapulaan\">Koulutustason nosto ja maahanmuutto ratkaisuna osaajapulaan<\/h2>\n\n\n\n<p>Korkeakoulutettujen m\u00e4\u00e4r\u00e4n kasvattaminen, kansainv\u00e4listen osaajien houkuttelu Suomeen.<\/p>\n\n\n\n<p>Teknologiateollisuuden selvityksen mukaan 82 prosenttia yrityksist\u00e4 ovat kiinnostunut rekrytoimaan kansainv\u00e4lisi\u00e4 osaajia tulevien nelj\u00e4n vuoden aikana.<\/p>\n\n\n\n<div class=\"wp-block-buttons is-layout-flex wp-block-buttons-is-layout-flex\">\n<div class=\"wp-block-button  icon-right\"><a class=\"wp-block-button__link wp-element-button\" href=\"https:\/\/teknologiateollisuus.fi\/talous-ja-tilastot\/osaamispulssi\/\">Teknologiateollisuuden osaamispulssi<\/a><\/div>\n<\/div>\n\n\n\n<h2 class=\"wp-block-heading\" id=\"h-lisatietoja\" id=\"lisatietoja\">Lis\u00e4tietoja:<\/h2>\n\n\n\n<h3 class=\"wp-block-heading\"><a href=\"https:\/\/teknologiateollisuus.fi\/contacts\/helle-minna\/\">Helle Minna<\/a><\/h3>\n\n\n\n<p>Toimitusjohtaja<\/p>\n\n\n\n<p>Teknologiateollisuus ry<\/p>\n\n\n\n<p><a href=\"tel:+358 503414884\">+358 503414884<\/a><\/p>\n\n\n\n<p><a href=\"mailto:minna.helle@teknologiateollisuus.fi\">minna.helle@teknologiateollisuus.fi<\/a><\/p>\n\n\n\n<h3 class=\"wp-block-heading\"><a href=\"https:\/\/teknologiateollisuus.fi\/contacts\/pontynen-leena\/\">P\u00f6ntynen Leena<\/a><\/h3>\n\n\n\n<p>Johtaja, osaamispolitiikka \u2013 Osaava ty\u00f6voima<\/p>\n\n\n\n<p>Teknologiateollisuus ry<\/p>\n\n\n\n<p><a href=\"tel:+358 401306113\">+358 401306113<\/a><\/p>\n\n\n\n<p><a href=\"mailto:leena.pontynen@teknologiateollisuus.fi\">leena.pontynen@teknologiateollisuus.fi<\/a><\/p>\n\n\n\n<h3 class=\"wp-block-heading\"><a href=\"https:\/\/teknologiateollisuus.fi\/contacts\/apajalahti-touko\/\">Apajalahti Touko<\/a><\/h3>\n\n\n\n<p>P\u00e4\u00e4llikk\u00f6, koulutuspolitiikka \u2013 Osaava ty\u00f6voima<\/p>\n\n\n\n<p>Teknologiateollisuus ry<\/p>\n\n\n\n<p><a href=\"tel:+358 401605006\">+358 401605006<\/a><\/p>\n\n\n\n<p><a href=\"mailto:touko.apajalahti@teknologiateollisuus.fi\">touko.apajalahti@teknologiateollisuus.fi<\/a><\/p>\n","protected":false},"excerpt":{"rendered":"<p>Teknologiateollisuus ry:n vuonna 2025&nbsp;tekem\u00e4n&nbsp;osaajatarveselvityksen&nbsp;mukaan alalle tarvitaan seuraavan 10 vuoden aikana 140&nbsp;000 uutta osaajaa. Tavoite on suuri, sill\u00e4 t\u00e4ll\u00e4 hetkell\u00e4 alan henkil\u00f6st\u00f6m\u00e4\u00e4r\u00e4 on noin 330 000. Tarve on hieman suurentunut nelj\u00e4n vuoden takaisesta selvityksest\u00e4. Osaajapulalla on my\u00f6s taloudellisia vaikutuksia; Etlan selvitys kertoo, ett\u00e4 Suomen bruttokansantuote kasvaisi vuosittain 0,6 prosenttia enemm\u00e4n osaajatarpeen t\u00e4yttyess\u00e4 verrattuna tilanteeseen, jossa osaajia [&hellip;]<\/p>\n","protected":false},"author":50,"featured_media":0,"parent":407,"menu_order":3,"comment_status":"closed","ping_status":"closed","template":"","meta":{"_acf_changed":false,"_relevanssi_hide_post":"","_relevanssi_hide_content":"","_relevanssi_pin_for_all":"","_relevanssi_pin_keywords":"","_relevanssi_unpin_keywords":"","_relevanssi_related_keywords":"","_relevanssi_related_include_ids":"","_relevanssi_related_exclude_ids":"","_relevanssi_related_no_append":"","_relevanssi_related_not_related":"","_relevanssi_related_posts":"55,53,48,57,56,54","_relevanssi_noindex_reason":"","inline_featured_image":false,"footnotes":""},"class_list":["post-409","page","type-page","status-publish","hentry"],"acf":[],"yoast_head":"<!-- This site is optimized with the Yoast SEO Premium plugin v27.1 (Yoast SEO v27.3) - https:\/\/yoast.com\/product\/yoast-seo-premium-wordpress\/ -->\n<title>Osaamispulssi - Skol<\/title>\n<meta name=\"robots\" content=\"index, follow, max-snippet:-1, max-image-preview:large, max-video-preview:-1\" \/>\n<link rel=\"canonical\" href=\"https:\/\/teknologiateollisuus.fi\/skol\/osaaminen\/osaamispulssi\/\" \/>\n<meta property=\"og:locale\" content=\"fi_FI\" \/>\n<meta property=\"og:type\" content=\"article\" \/>\n<meta property=\"og:title\" content=\"Osaamispulssi\" \/>\n<meta property=\"og:description\" content=\"Teknologiateollisuus ry:n vuonna 2025&nbsp;tekem\u00e4n&nbsp;osaajatarveselvityksen&nbsp;mukaan alalle tarvitaan seuraavan 10 vuoden aikana 140&nbsp;000 uutta osaajaa. Tavoite on suuri, sill\u00e4 t\u00e4ll\u00e4 hetkell\u00e4 alan henkil\u00f6st\u00f6m\u00e4\u00e4r\u00e4 on noin 330 000. Tarve on hieman suurentunut nelj\u00e4n vuoden takaisesta selvityksest\u00e4. Osaajapulalla on my\u00f6s taloudellisia vaikutuksia; Etlan selvitys kertoo, ett\u00e4 Suomen bruttokansantuote kasvaisi vuosittain 0,6 prosenttia enemm\u00e4n osaajatarpeen t\u00e4yttyess\u00e4 verrattuna tilanteeseen, jossa osaajia [&hellip;]\" \/>\n<meta property=\"og:url\" content=\"https:\/\/teknologiateollisuus.fi\/skol\/osaaminen\/osaamispulssi\/\" \/>\n<meta property=\"og:site_name\" content=\"Skol\" \/>\n<meta property=\"article:modified_time\" content=\"2025-12-19T12:36:32+00:00\" \/>\n<meta property=\"og:image\" content=\"https:\/\/teknologiateollisuus.fi\/skol\/wp-content\/uploads\/sites\/6\/2025\/12\/Osaamistarve_nettikuva_1.png\" \/>\n\t<meta property=\"og:image:width\" content=\"1638\" \/>\n\t<meta property=\"og:image:height\" content=\"909\" \/>\n\t<meta property=\"og:image:type\" content=\"image\/png\" \/>\n<meta name=\"twitter:card\" content=\"summary_large_image\" \/>\n<meta name=\"twitter:label1\" content=\"Arvioitu lukuaika\" \/>\n\t<meta name=\"twitter:data1\" content=\"2 minuuttia\" \/>\n<script type=\"application\/ld+json\" class=\"yoast-schema-graph\">{\"@context\":\"https:\\\/\\\/schema.org\",\"@graph\":[{\"@type\":\"WebPage\",\"@id\":\"https:\\\/\\\/teknologiateollisuus.fi\\\/skol\\\/osaaminen\\\/osaamispulssi\\\/\",\"url\":\"https:\\\/\\\/teknologiateollisuus.fi\\\/skol\\\/osaaminen\\\/osaamispulssi\\\/\",\"name\":\"Osaamispulssi - Skol\",\"isPartOf\":{\"@id\":\"https:\\\/\\\/teknologiateollisuus.fi\\\/skol\\\/#website\"},\"primaryImageOfPage\":{\"@id\":\"https:\\\/\\\/teknologiateollisuus.fi\\\/skol\\\/osaaminen\\\/osaamispulssi\\\/#primaryimage\"},\"image\":{\"@id\":\"https:\\\/\\\/teknologiateollisuus.fi\\\/skol\\\/osaaminen\\\/osaamispulssi\\\/#primaryimage\"},\"thumbnailUrl\":\"https:\\\/\\\/teknologiateollisuus.fi\\\/skol\\\/wp-content\\\/uploads\\\/sites\\\/6\\\/2025\\\/12\\\/Osaamistarve_nettikuva_1-968x537.png\",\"datePublished\":\"2023-12-05T12:54:00+00:00\",\"dateModified\":\"2025-12-19T12:36:32+00:00\",\"breadcrumb\":{\"@id\":\"https:\\\/\\\/teknologiateollisuus.fi\\\/skol\\\/osaaminen\\\/osaamispulssi\\\/#breadcrumb\"},\"inLanguage\":\"fi\",\"potentialAction\":[{\"@type\":\"ReadAction\",\"target\":[\"https:\\\/\\\/teknologiateollisuus.fi\\\/skol\\\/osaaminen\\\/osaamispulssi\\\/\"]}]},{\"@type\":\"ImageObject\",\"inLanguage\":\"fi\",\"@id\":\"https:\\\/\\\/teknologiateollisuus.fi\\\/skol\\\/osaaminen\\\/osaamispulssi\\\/#primaryimage\",\"url\":\"https:\\\/\\\/teknologiateollisuus.fi\\\/skol\\\/wp-content\\\/uploads\\\/sites\\\/6\\\/2025\\\/12\\\/Osaamistarve_nettikuva_1.png\",\"contentUrl\":\"https:\\\/\\\/teknologiateollisuus.fi\\\/skol\\\/wp-content\\\/uploads\\\/sites\\\/6\\\/2025\\\/12\\\/Osaamistarve_nettikuva_1.png\",\"width\":1638,\"height\":909},{\"@type\":\"BreadcrumbList\",\"@id\":\"https:\\\/\\\/teknologiateollisuus.fi\\\/skol\\\/osaaminen\\\/osaamispulssi\\\/#breadcrumb\",\"itemListElement\":[{\"@type\":\"ListItem\",\"position\":1,\"name\":\"Etusivu\",\"item\":\"https:\\\/\\\/teknologiateollisuus.fi\\\/skol\\\/\"},{\"@type\":\"ListItem\",\"position\":2,\"name\":\"Osaaminen ja vetovoima\",\"item\":\"https:\\\/\\\/teknologiateollisuus.fi\\\/skol\\\/osaaminen\\\/\"},{\"@type\":\"ListItem\",\"position\":3,\"name\":\"Osaamispulssi\"}]},{\"@type\":\"WebSite\",\"@id\":\"https:\\\/\\\/teknologiateollisuus.fi\\\/skol\\\/#website\",\"url\":\"https:\\\/\\\/teknologiateollisuus.fi\\\/skol\\\/\",\"name\":\"Skol\",\"description\":\"\",\"potentialAction\":[{\"@type\":\"SearchAction\",\"target\":{\"@type\":\"EntryPoint\",\"urlTemplate\":\"https:\\\/\\\/teknologiateollisuus.fi\\\/skol\\\/?s={search_term_string}\"},\"query-input\":{\"@type\":\"PropertyValueSpecification\",\"valueRequired\":true,\"valueName\":\"search_term_string\"}}],\"inLanguage\":\"fi\"}]}<\/script>\n<!-- \/ Yoast SEO Premium plugin. -->","yoast_head_json":{"title":"Osaamispulssi - Skol","robots":{"index":"index","follow":"follow","max-snippet":"max-snippet:-1","max-image-preview":"max-image-preview:large","max-video-preview":"max-video-preview:-1"},"canonical":"https:\/\/teknologiateollisuus.fi\/skol\/osaaminen\/osaamispulssi\/","og_locale":"fi_FI","og_type":"article","og_title":"Osaamispulssi","og_description":"Teknologiateollisuus ry:n vuonna 2025&nbsp;tekem\u00e4n&nbsp;osaajatarveselvityksen&nbsp;mukaan alalle tarvitaan seuraavan 10 vuoden aikana 140&nbsp;000 uutta osaajaa. Tavoite on suuri, sill\u00e4 t\u00e4ll\u00e4 hetkell\u00e4 alan henkil\u00f6st\u00f6m\u00e4\u00e4r\u00e4 on noin 330 000. Tarve on hieman suurentunut nelj\u00e4n vuoden takaisesta selvityksest\u00e4. Osaajapulalla on my\u00f6s taloudellisia vaikutuksia; Etlan selvitys kertoo, ett\u00e4 Suomen bruttokansantuote kasvaisi vuosittain 0,6 prosenttia enemm\u00e4n osaajatarpeen t\u00e4yttyess\u00e4 verrattuna tilanteeseen, jossa osaajia [&hellip;]","og_url":"https:\/\/teknologiateollisuus.fi\/skol\/osaaminen\/osaamispulssi\/","og_site_name":"Skol","article_modified_time":"2025-12-19T12:36:32+00:00","og_image":[{"width":1638,"height":909,"url":"https:\/\/teknologiateollisuus.fi\/skol\/wp-content\/uploads\/sites\/6\/2025\/12\/Osaamistarve_nettikuva_1.png","type":"image\/png"}],"twitter_card":"summary_large_image","twitter_misc":{"Arvioitu lukuaika":"2 minuuttia"},"schema":{"@context":"https:\/\/schema.org","@graph":[{"@type":"WebPage","@id":"https:\/\/teknologiateollisuus.fi\/skol\/osaaminen\/osaamispulssi\/","url":"https:\/\/teknologiateollisuus.fi\/skol\/osaaminen\/osaamispulssi\/","name":"Osaamispulssi - Skol","isPartOf":{"@id":"https:\/\/teknologiateollisuus.fi\/skol\/#website"},"primaryImageOfPage":{"@id":"https:\/\/teknologiateollisuus.fi\/skol\/osaaminen\/osaamispulssi\/#primaryimage"},"image":{"@id":"https:\/\/teknologiateollisuus.fi\/skol\/osaaminen\/osaamispulssi\/#primaryimage"},"thumbnailUrl":"https:\/\/teknologiateollisuus.fi\/skol\/wp-content\/uploads\/sites\/6\/2025\/12\/Osaamistarve_nettikuva_1-968x537.png","datePublished":"2023-12-05T12:54:00+00:00","dateModified":"2025-12-19T12:36:32+00:00","breadcrumb":{"@id":"https:\/\/teknologiateollisuus.fi\/skol\/osaaminen\/osaamispulssi\/#breadcrumb"},"inLanguage":"fi","potentialAction":[{"@type":"ReadAction","target":["https:\/\/teknologiateollisuus.fi\/skol\/osaaminen\/osaamispulssi\/"]}]},{"@type":"ImageObject","inLanguage":"fi","@id":"https:\/\/teknologiateollisuus.fi\/skol\/osaaminen\/osaamispulssi\/#primaryimage","url":"https:\/\/teknologiateollisuus.fi\/skol\/wp-content\/uploads\/sites\/6\/2025\/12\/Osaamistarve_nettikuva_1.png","contentUrl":"https:\/\/teknologiateollisuus.fi\/skol\/wp-content\/uploads\/sites\/6\/2025\/12\/Osaamistarve_nettikuva_1.png","width":1638,"height":909},{"@type":"BreadcrumbList","@id":"https:\/\/teknologiateollisuus.fi\/skol\/osaaminen\/osaamispulssi\/#breadcrumb","itemListElement":[{"@type":"ListItem","position":1,"name":"Etusivu","item":"https:\/\/teknologiateollisuus.fi\/skol\/"},{"@type":"ListItem","position":2,"name":"Osaaminen ja vetovoima","item":"https:\/\/teknologiateollisuus.fi\/skol\/osaaminen\/"},{"@type":"ListItem","position":3,"name":"Osaamispulssi"}]},{"@type":"WebSite","@id":"https:\/\/teknologiateollisuus.fi\/skol\/#website","url":"https:\/\/teknologiateollisuus.fi\/skol\/","name":"Skol","description":"","potentialAction":[{"@type":"SearchAction","target":{"@type":"EntryPoint","urlTemplate":"https:\/\/teknologiateollisuus.fi\/skol\/?s={search_term_string}"},"query-input":{"@type":"PropertyValueSpecification","valueRequired":true,"valueName":"search_term_string"}}],"inLanguage":"fi"}]}},"lang":"fi","translations":{"fi":409},"pll_sync_post":[],"_links":{"self":[{"href":"https:\/\/teknologiateollisuus.fi\/skol\/wp-json\/wp\/v2\/pages\/409","targetHints":{"allow":["GET"]}}],"collection":[{"href":"https:\/\/teknologiateollisuus.fi\/skol\/wp-json\/wp\/v2\/pages"}],"about":[{"href":"https:\/\/teknologiateollisuus.fi\/skol\/wp-json\/wp\/v2\/types\/page"}],"author":[{"embeddable":true,"href":"https:\/\/teknologiateollisuus.fi\/skol\/wp-json\/wp\/v2\/users\/50"}],"replies":[{"embeddable":true,"href":"https:\/\/teknologiateollisuus.fi\/skol\/wp-json\/wp\/v2\/comments?post=409"}],"version-history":[{"count":6,"href":"https:\/\/teknologiateollisuus.fi\/skol\/wp-json\/wp\/v2\/pages\/409\/revisions"}],"predecessor-version":[{"id":3166,"href":"https:\/\/teknologiateollisuus.fi\/skol\/wp-json\/wp\/v2\/pages\/409\/revisions\/3166"}],"up":[{"embeddable":true,"href":"https:\/\/teknologiateollisuus.fi\/skol\/wp-json\/wp\/v2\/pages\/407"}],"wp:attachment":[{"href":"https:\/\/teknologiateollisuus.fi\/skol\/wp-json\/wp\/v2\/media?parent=409"}],"curies":[{"name":"wp","href":"https:\/\/api.w.org\/{rel}","templated":true}]}}