{"id":413,"date":"2019-06-13T15:07:00","date_gmt":"2019-06-13T12:07:00","guid":{"rendered":"https:\/\/teknologiateollisuus.fi\/skol\/?page_id=413"},"modified":"2024-11-26T15:14:06","modified_gmt":"2024-11-26T13:14:06","slug":"skol-koulutusselvitys","status":"publish","type":"page","link":"https:\/\/teknologiateollisuus.fi\/skol\/skol-koulutusselvitys\/","title":{"rendered":"SKOL koulutusselvitys"},"content":{"rendered":"\n<div class=\"em-block-hero hero-has-background-color has-background has-violet-background-color collapse media-position-right \">\n\t<div class=\"em-block-hero__container\">\n\t\t<div class=\"em-block-hero__content\">\n\t\t\t<div class=\"yoast-breadcrumbs\"><span><span><a href=\"https:\/\/teknologiateollisuus.fi\/skol\/\">Etusivu<\/a><\/span> <span class=\"separator\"><\/span> <span class=\"breadcrumb_last\" aria-current=\"page\">SKOL koulutusselvitys<\/span><\/span><\/div>\t\t\t\n<h1 class=\"wp-block-heading\" id=\"selvitys-suunnittelu-ja-konsultointialan-osaajavaje-kasvaa-vahintaan-9-000-henkilolla-vuosina-2017-2025\">Selvitys: Suunnittelu- ja konsultointialan osaajavaje kasvaa v\u00e4hint\u00e4\u00e4n 9 000 henkil\u00f6ll\u00e4 vuosina 2017-2025<\/h1>\n\t\t\t\t\t<\/div>\n\t\t\t\t\t<figure class=\"em-block-hero__image\">\n\t\t\t\t\t\t\t<\/figure>\n\t\t\t<\/div>\n<\/div>\n\n\n\n<p>Suunnittelu- ja konsultointiala on kasvanut jo usean vuoden ajan voimakkaasti, ja my\u00f6s tulevaisuuden n\u00e4kym\u00e4t ovat positiiviset. Ala ty\u00f6llist\u00e4\u00e4 eniten tekniikan ja liikenteen koulutusaloilta korkeakoulutettuja asiantuntijoita. Suunnittelu- ja konsultointialan menestys on sidoksissa osaavaan ty\u00f6voimaan, josta on useilla p\u00e4\u00e4toimialoilla jo nyt vajausta. El\u00e4kkeelle vuosittain j\u00e4\u00e4vien ty\u00f6ntekij\u00f6iden m\u00e4\u00e4r\u00e4 kasvaa jatkuvasti l\u00e4hivuosina. Kasvava el\u00e4k\u00f6ityminen yhdess\u00e4 toimialan kasvun kanssa syvent\u00e4\u00e4 osaajavajetta merkitt\u00e4v\u00e4sti.<\/p>\n\n\n\n<p>Asia selvi\u00e4\u00e4 suunnittelu- ja konsultointialan toimialaj\u00e4rjest\u00f6 SKOLin tekem\u00e4st\u00e4 selvityksest\u00e4, jossa kartoitettiin toimialan menestyksen kannalta viiden keskeisen opintoalan korkeakoulutuksen tutkintom\u00e4\u00e4ri\u00e4 sek\u00e4 ty\u00f6voiman kysynt\u00e4\u00e4 vuosina 2017-2025 hitaan ja nopean kasvun skenaarioissa. Selvityksess\u00e4 tarkasteltiin arkkitehtuurin ja rakentamisen, kone-, metalli- ja energiatekniikan, s\u00e4hk\u00f6- ja automaatiotekniikan, prosessi-, kemian- ja materiaalitekniikan sek\u00e4 ajoneuvo- ja kuljetustekniikan opintoaloja.<\/p>\n\n\n\n<p>Hitaan kasvun skenaariossa vajetta syntyy vuosittain keskim\u00e4\u00e4rin 1000 osaajan verran. Nopeassa kasvussa vajaus olisi per\u00e4ti 1600 osaajaa vuodessa. Osaajavajetta syntyy kokonaisuudessaan v\u00e4hint\u00e4\u00e4n 9000 korkeakoulutetun verran vuosina 2017-2025. Tulosten perusteella nykyisill\u00e4 aloituspaikkam\u00e4\u00e4rill\u00e4 valmistuvien m\u00e4\u00e4r\u00e4 j\u00e4\u00e4 huomattavasti alan todellista ty\u00f6llist\u00e4mispotentiaalia pienemm\u00e4ksi.<\/p>\n\n\n\n<p><em>\u201dTarve tekniikan ja liikenteen korkeakoulutettujen m\u00e4\u00e4r\u00e4n lis\u00e4\u00e4miselle on ilmeinen. Lis\u00e4tarve on niin mittava, ettei sit\u00e4 voida t\u00e4ytt\u00e4\u00e4 ainoastaan aloittaneiden m\u00e4\u00e4r\u00e4n lis\u00e4\u00e4misell\u00e4. Kovin suureen lis\u00e4ykseen ei edes riit\u00e4 Suomessa t\u00e4ll\u00e4 hetkell\u00e4 soveltuvia aloittajia eli pitk\u00e4n matematiikan kirjoittajia\u201d<\/em>, SKOLin toimitusjohtaja Matti Mannonen kommentoi. Ty\u00f6voiman huono saatavuus asettaa haasteita jopa maltillisen kasvun tilanteessa.<\/p>\n\n\n\n<p><strong>Yritykset toivovat p<\/strong><strong>ikaisia toimia osaajapulan korjaamiseksi<\/strong><\/p>\n\n\n\n<p>Kyselytutkimuksen perusteella tuntuvaa vajetta vastavalmistuneista ty\u00f6nhakijoista on jo nyt muun muassa rakennetekniikassa, LVI-tekniikassa, geotekniikassa, rakennuttamisessa ja kiinteist\u00f6johtamisessa sek\u00e4 s\u00e4hk\u00f6-, tele- ja turvatekniikassa. Erityisesti vaje arkkitehtuurin ja rakentamisen opintoalan korkeakoulutetuista on muodostumassa kriittiseksi.<\/p>\n\n\n\n<p><em>\u201dSuunnittelu- ja konsultointiala muuttuu nopeasti. Alan muutos tulee huomioida my\u00f6s opetussis\u00e4ll\u00f6iss\u00e4, tutkimuksessa ja yritysten sek\u00e4 oppilaitosten v\u00e4lisess\u00e4 yhteisty\u00f6ss\u00e4. Yrityksiss\u00e4 on paljon tietotaitoa, jonka avulla esimerkiksi koulutuksellisia sis\u00e4lt\u00f6j\u00e4 voitaisiin kehitt\u00e4\u00e4\u201d<\/em>, Ramboll Finlandin toimitusjohtaja Kari Onniselk\u00e4 pohtii.<\/p>\n\n\n\n<p><em>\u201dTulevaisuudessa ty\u00f6ntekij\u00f6ilt\u00e4 vaaditaan nykyist\u00e4 laajempaa ymm\u00e4rryst\u00e4 my\u00f6s oman erikoisalan ulkopuolelta, tehokkaampaa yhteisty\u00f6t\u00e4 eri tekniikan osa-alueiden kesken ja k\u00e4ytt\u00e4jien huomioimista. Muuntautumiskyky ja kokonaisuuksien johtaminen korostuvat entisest\u00e4\u00e4n ja esimerkiksi muuntokoulutusmuodot voisivat olla osa ratkaisua kasvavaan osaajapulaan\u201d,<\/em>&nbsp;Sweco PM:n Maija Jokela kommentoi.<\/p>\n\n\n\n<p>Suunnittelu- ja konsultointiala kansainv\u00e4listyy kovaa vauhtia. \u201d<em>Suurempi osa ty\u00f6st\u00e4 on mahdollista ja pit\u00e4\u00e4kin tehd\u00e4 yritysten tyt\u00e4r- ja yhteisty\u00f6yrityksiss\u00e4 Suomen ulkopuolella. Meid\u00e4n tulee rekrytoida lis\u00e4\u00e4 ulkomaalaisia huippuosaajia osana oman osaamisen kehitt\u00e4mist\u00e4. My\u00f6s Suomessa tutkinnon suorittavat ulkomaalaiset opiskelijat tulee sitouttaa nykyist\u00e4 paremmin suomalaisiin ty\u00f6paikkoihin jo opiskeluvaiheessa\u201d<\/em>, kommentoi Elomaticin hallituksen puheenjohtaja Olli Manner.<\/p>\n\n\n\n<p>Selvityksen tulokset muodostuivat kolmessa osassa. Ensin selvitettiin peruskehitys, joka kuvaa ty\u00f6llisten m\u00e4\u00e4r\u00e4n kehityssuuntaa tutkintoennusteen mukaisten tutkintom\u00e4\u00e4rien ja el\u00e4k\u00f6itymisen erotuksena. T\u00e4m\u00e4n j\u00e4lkeen kyselytutkimuksen avulla tarkasteltiin ty\u00f6voiman kysynt\u00e4\u00e4 vuosina 2017-2025 hitaan ja nopean kasvun skenaariossa. Lopuksi huomioitiin aloittajatarve eli kuinka paljon aloittavia opiskelijoita tulevaisuudessa tarvittaisiin ty\u00f6voiman kysynn\u00e4n t\u00e4ytt\u00e4miseksi. Koko selvitys liitteineen ladattavissa t\u00e4m\u00e4n sivun alareunasta. &nbsp;<\/p>\n\n\n\n<p><strong>Lis\u00e4tietoja selvityksest\u00e4:<\/strong><\/p>\n\n\n\n<p><a href=\"mailto:skolry@teknologiateollisuus.fi\">skolry@teknologiateollisuus.fi<\/a><\/p>\n\n\n\n<p><strong>Lis\u00e4tietoja suunnittelu- ja konsultointialan yrityksilt\u00e4:<\/strong>&nbsp;<\/p>\n\n\n\n<p>Kari Onniselk\u00e4<br>Toimitusjohtaja, Ramboll Finland<br>040 595 0505,&nbsp;<a href=\"mailto:kari.onniselka@ramboll.fi\">kari.onniselka@ramboll.fi<\/a><\/p>\n\n\n\n<p>Maija Jokela<br>Toimitusjohtaja, Sweco PM<br>040&nbsp;754 1345,&nbsp;<a href=\"mailto:maija.jokela@sweco.fi\">maija.jokela@sweco.fi<\/a><\/p>\n\n\n\n<p>Olli Manner<br>Hallituksen puheenjohtaja, Elomatic<br>0400 524 843,&nbsp;<a href=\"mailto:olli.manner@elomatic.fi\">olli.manner@elomatic.fi<\/a><\/p>\n\n\n\n<p><\/p>\n","protected":false},"excerpt":{"rendered":"<p>Suunnittelu- ja konsultointiala on kasvanut jo usean vuoden ajan voimakkaasti, ja my\u00f6s tulevaisuuden n\u00e4kym\u00e4t ovat positiiviset. Ala ty\u00f6llist\u00e4\u00e4 eniten tekniikan ja liikenteen koulutusaloilta korkeakoulutettuja asiantuntijoita. Suunnittelu- ja konsultointialan menestys on sidoksissa osaavaan ty\u00f6voimaan, josta on useilla p\u00e4\u00e4toimialoilla jo nyt vajausta. El\u00e4kkeelle vuosittain j\u00e4\u00e4vien ty\u00f6ntekij\u00f6iden m\u00e4\u00e4r\u00e4 kasvaa jatkuvasti l\u00e4hivuosina. Kasvava el\u00e4k\u00f6ityminen yhdess\u00e4 toimialan kasvun kanssa syvent\u00e4\u00e4 [&hellip;]<\/p>\n","protected":false},"author":50,"featured_media":0,"parent":0,"menu_order":0,"comment_status":"closed","ping_status":"closed","template":"","meta":{"_acf_changed":false,"_relevanssi_hide_post":"","_relevanssi_hide_content":"","_relevanssi_pin_for_all":"","_relevanssi_pin_keywords":"","_relevanssi_unpin_keywords":"","_relevanssi_related_keywords":"","_relevanssi_related_include_ids":"","_relevanssi_related_exclude_ids":"","_relevanssi_related_no_append":"","_relevanssi_related_not_related":"","_relevanssi_related_posts":"54,56,57,53,48,55","_relevanssi_noindex_reason":"","inline_featured_image":false,"footnotes":""},"class_list":["post-413","page","type-page","status-publish","hentry"],"acf":[],"yoast_head":"<!-- This site is optimized with the Yoast SEO Premium plugin v27.1 (Yoast SEO v27.5) - https:\/\/yoast.com\/product\/yoast-seo-premium-wordpress\/ -->\n<title>SKOL koulutusselvitys - Skol<\/title>\n<meta name=\"robots\" content=\"index, follow, max-snippet:-1, max-image-preview:large, max-video-preview:-1\" \/>\n<link rel=\"canonical\" href=\"https:\/\/teknologiateollisuus.fi\/skol\/skol-koulutusselvitys\/\" \/>\n<meta property=\"og:locale\" content=\"fi_FI\" \/>\n<meta property=\"og:type\" content=\"article\" \/>\n<meta property=\"og:title\" content=\"SKOL koulutusselvitys\" \/>\n<meta property=\"og:description\" content=\"Suunnittelu- ja konsultointiala on kasvanut jo usean vuoden ajan voimakkaasti, ja my\u00f6s tulevaisuuden n\u00e4kym\u00e4t ovat positiiviset. Ala ty\u00f6llist\u00e4\u00e4 eniten tekniikan ja liikenteen koulutusaloilta korkeakoulutettuja asiantuntijoita. Suunnittelu- ja konsultointialan menestys on sidoksissa osaavaan ty\u00f6voimaan, josta on useilla p\u00e4\u00e4toimialoilla jo nyt vajausta. El\u00e4kkeelle vuosittain j\u00e4\u00e4vien ty\u00f6ntekij\u00f6iden m\u00e4\u00e4r\u00e4 kasvaa jatkuvasti l\u00e4hivuosina. Kasvava el\u00e4k\u00f6ityminen yhdess\u00e4 toimialan kasvun kanssa syvent\u00e4\u00e4 [&hellip;]\" \/>\n<meta property=\"og:url\" content=\"https:\/\/teknologiateollisuus.fi\/skol\/skol-koulutusselvitys\/\" \/>\n<meta property=\"og:site_name\" content=\"Skol\" \/>\n<meta property=\"article:modified_time\" content=\"2024-11-26T13:14:06+00:00\" \/>\n<meta name=\"twitter:card\" content=\"summary_large_image\" \/>\n<meta name=\"twitter:label1\" content=\"Arvioitu lukuaika\" \/>\n\t<meta name=\"twitter:data1\" content=\"3 minuuttia\" \/>\n<script type=\"application\/ld+json\" class=\"yoast-schema-graph\">{\"@context\":\"https:\\\/\\\/schema.org\",\"@graph\":[{\"@type\":\"WebPage\",\"@id\":\"https:\\\/\\\/teknologiateollisuus.fi\\\/skol\\\/skol-koulutusselvitys\\\/\",\"url\":\"https:\\\/\\\/teknologiateollisuus.fi\\\/skol\\\/skol-koulutusselvitys\\\/\",\"name\":\"SKOL koulutusselvitys - Skol\",\"isPartOf\":{\"@id\":\"https:\\\/\\\/teknologiateollisuus.fi\\\/skol\\\/#website\"},\"datePublished\":\"2019-06-13T12:07:00+00:00\",\"dateModified\":\"2024-11-26T13:14:06+00:00\",\"breadcrumb\":{\"@id\":\"https:\\\/\\\/teknologiateollisuus.fi\\\/skol\\\/skol-koulutusselvitys\\\/#breadcrumb\"},\"inLanguage\":\"fi\",\"potentialAction\":[{\"@type\":\"ReadAction\",\"target\":[\"https:\\\/\\\/teknologiateollisuus.fi\\\/skol\\\/skol-koulutusselvitys\\\/\"]}]},{\"@type\":\"BreadcrumbList\",\"@id\":\"https:\\\/\\\/teknologiateollisuus.fi\\\/skol\\\/skol-koulutusselvitys\\\/#breadcrumb\",\"itemListElement\":[{\"@type\":\"ListItem\",\"position\":1,\"name\":\"Etusivu\",\"item\":\"https:\\\/\\\/teknologiateollisuus.fi\\\/skol\\\/\"},{\"@type\":\"ListItem\",\"position\":2,\"name\":\"SKOL koulutusselvitys\"}]},{\"@type\":\"WebSite\",\"@id\":\"https:\\\/\\\/teknologiateollisuus.fi\\\/skol\\\/#website\",\"url\":\"https:\\\/\\\/teknologiateollisuus.fi\\\/skol\\\/\",\"name\":\"Skol\",\"description\":\"\",\"potentialAction\":[{\"@type\":\"SearchAction\",\"target\":{\"@type\":\"EntryPoint\",\"urlTemplate\":\"https:\\\/\\\/teknologiateollisuus.fi\\\/skol\\\/?s={search_term_string}\"},\"query-input\":{\"@type\":\"PropertyValueSpecification\",\"valueRequired\":true,\"valueName\":\"search_term_string\"}}],\"inLanguage\":\"fi\"}]}<\/script>\n<!-- \/ Yoast SEO Premium plugin. -->","yoast_head_json":{"title":"SKOL koulutusselvitys - Skol","robots":{"index":"index","follow":"follow","max-snippet":"max-snippet:-1","max-image-preview":"max-image-preview:large","max-video-preview":"max-video-preview:-1"},"canonical":"https:\/\/teknologiateollisuus.fi\/skol\/skol-koulutusselvitys\/","og_locale":"fi_FI","og_type":"article","og_title":"SKOL koulutusselvitys","og_description":"Suunnittelu- ja konsultointiala on kasvanut jo usean vuoden ajan voimakkaasti, ja my\u00f6s tulevaisuuden n\u00e4kym\u00e4t ovat positiiviset. Ala ty\u00f6llist\u00e4\u00e4 eniten tekniikan ja liikenteen koulutusaloilta korkeakoulutettuja asiantuntijoita. Suunnittelu- ja konsultointialan menestys on sidoksissa osaavaan ty\u00f6voimaan, josta on useilla p\u00e4\u00e4toimialoilla jo nyt vajausta. El\u00e4kkeelle vuosittain j\u00e4\u00e4vien ty\u00f6ntekij\u00f6iden m\u00e4\u00e4r\u00e4 kasvaa jatkuvasti l\u00e4hivuosina. Kasvava el\u00e4k\u00f6ityminen yhdess\u00e4 toimialan kasvun kanssa syvent\u00e4\u00e4 [&hellip;]","og_url":"https:\/\/teknologiateollisuus.fi\/skol\/skol-koulutusselvitys\/","og_site_name":"Skol","article_modified_time":"2024-11-26T13:14:06+00:00","twitter_card":"summary_large_image","twitter_misc":{"Arvioitu lukuaika":"3 minuuttia"},"schema":{"@context":"https:\/\/schema.org","@graph":[{"@type":"WebPage","@id":"https:\/\/teknologiateollisuus.fi\/skol\/skol-koulutusselvitys\/","url":"https:\/\/teknologiateollisuus.fi\/skol\/skol-koulutusselvitys\/","name":"SKOL koulutusselvitys - Skol","isPartOf":{"@id":"https:\/\/teknologiateollisuus.fi\/skol\/#website"},"datePublished":"2019-06-13T12:07:00+00:00","dateModified":"2024-11-26T13:14:06+00:00","breadcrumb":{"@id":"https:\/\/teknologiateollisuus.fi\/skol\/skol-koulutusselvitys\/#breadcrumb"},"inLanguage":"fi","potentialAction":[{"@type":"ReadAction","target":["https:\/\/teknologiateollisuus.fi\/skol\/skol-koulutusselvitys\/"]}]},{"@type":"BreadcrumbList","@id":"https:\/\/teknologiateollisuus.fi\/skol\/skol-koulutusselvitys\/#breadcrumb","itemListElement":[{"@type":"ListItem","position":1,"name":"Etusivu","item":"https:\/\/teknologiateollisuus.fi\/skol\/"},{"@type":"ListItem","position":2,"name":"SKOL koulutusselvitys"}]},{"@type":"WebSite","@id":"https:\/\/teknologiateollisuus.fi\/skol\/#website","url":"https:\/\/teknologiateollisuus.fi\/skol\/","name":"Skol","description":"","potentialAction":[{"@type":"SearchAction","target":{"@type":"EntryPoint","urlTemplate":"https:\/\/teknologiateollisuus.fi\/skol\/?s={search_term_string}"},"query-input":{"@type":"PropertyValueSpecification","valueRequired":true,"valueName":"search_term_string"}}],"inLanguage":"fi"}]}},"lang":"fi","translations":{"fi":413},"pll_sync_post":{},"_links":{"self":[{"href":"https:\/\/teknologiateollisuus.fi\/skol\/wp-json\/wp\/v2\/pages\/413","targetHints":{"allow":["GET"]}}],"collection":[{"href":"https:\/\/teknologiateollisuus.fi\/skol\/wp-json\/wp\/v2\/pages"}],"about":[{"href":"https:\/\/teknologiateollisuus.fi\/skol\/wp-json\/wp\/v2\/types\/page"}],"author":[{"embeddable":true,"href":"https:\/\/teknologiateollisuus.fi\/skol\/wp-json\/wp\/v2\/users\/50"}],"replies":[{"embeddable":true,"href":"https:\/\/teknologiateollisuus.fi\/skol\/wp-json\/wp\/v2\/comments?post=413"}],"version-history":[{"count":2,"href":"https:\/\/teknologiateollisuus.fi\/skol\/wp-json\/wp\/v2\/pages\/413\/revisions"}],"predecessor-version":[{"id":2229,"href":"https:\/\/teknologiateollisuus.fi\/skol\/wp-json\/wp\/v2\/pages\/413\/revisions\/2229"}],"wp:attachment":[{"href":"https:\/\/teknologiateollisuus.fi\/skol\/wp-json\/wp\/v2\/media?parent=413"}],"curies":[{"name":"wp","href":"https:\/\/api.w.org\/{rel}","templated":true}]}}