{"id":424,"date":"2024-08-06T15:46:10","date_gmt":"2024-08-06T12:46:10","guid":{"rendered":"https:\/\/teknologiateollisuus.fi\/skol\/?page_id=424"},"modified":"2024-09-30T16:26:20","modified_gmt":"2024-09-30T13:26:20","slug":"tki-toiminta","status":"publish","type":"page","link":"https:\/\/teknologiateollisuus.fi\/skol\/tietoa-alasta\/tki-toiminta\/","title":{"rendered":"TKI-toiminta"},"content":{"rendered":"\n<div class=\"em-block-hero hero-has-background-color has-background has-violet-background-color collapse media-position-right \">\n\t<div class=\"em-block-hero__container\">\n\t\t<div class=\"em-block-hero__content\">\n\t\t\t<div class=\"yoast-breadcrumbs\"><span><span><a href=\"https:\/\/teknologiateollisuus.fi\/skol\/\">Etusivu<\/a><\/span> <span class=\"separator\"><\/span> <span><a href=\"https:\/\/teknologiateollisuus.fi\/skol\/tietoa-alasta\/\">Tietoa alasta<\/a><\/span> <span class=\"separator\"><\/span> <span class=\"breadcrumb_last\" aria-current=\"page\">TKI-toiminta<\/span><\/span><\/div>\t\t\t\n<h1 class=\"wp-block-heading\" id=\"tutkimus-ja-kehitystoiminta\">Tutkimus- ja kehitystoiminta<\/h1>\n\t\t\t<div class=\"em-block-hero__modified-date\"> P\u00e4ivitetty 30.09.2024 klo 16:26<\/div>\t\t<\/div>\n\t\t\t\t\t<figure class=\"em-block-hero__image\">\n\t\t\t\t\t\t\t<\/figure>\n\t\t\t<\/div>\n<\/div>\n\n\n\n<p>SKOL&nbsp;tarjoaa j\u00e4senyrityksille tukea yhteisten kehityshankkeiden k\u00e4ynnist\u00e4misess\u00e4, osallistujayritysten kokoamisessa ja rahoituksen hankinnassa. Seuraamme alaan liittyvi\u00e4 Tekesin teknologiaohjelmia&nbsp;ja kartoitamme j\u00e4senyritysten osallistumishalukkuutta yhteisiin hankkeisiin.<\/p>\n\n\n\n<p>Lis\u00e4\u00e4ntyv\u00e4n tutkimus- ja kehitystoiminnan avulla vahvistetaan asiantuntijayritysten teknologiaosaamista ja uusiin innovaatioihin t\u00e4ht\u00e4\u00e4v\u00e4\u00e4 yhteisty\u00f6t\u00e4 teollisuuden kanssa. Tavoitteen toteutusta tukee j\u00e4senyritysten ja asiakkaiden v\u00e4linen kumppanuus sek\u00e4 j\u00e4senyritysten v\u00e4linen verkottuminen my\u00f6s tutkimus- ja kehitystoiminnassa.<\/p>\n\n\n\n<p>Parannamme j\u00e4senyritysten osallistumismahdollisuuksia tutkimus- ja kehityshankkeisiin&nbsp;tiedottamalla j\u00e4senyritysten asiantuntemuksesta ja palveluista ja vaikuttamalla tutkimusprojektien suunnitteluun, organisointiin ja toteutukseen.<\/p>\n\n\n\n<p>SKOL toimii tarvittaessa koulutusprojektien k\u00e4ynnist\u00e4j\u00e4n\u00e4 ja osallistuu niiden suunnitteluun ja ohjaukseen j\u00e4senyritysten osaamisen ja toiminnan jatkumisen varmistamiseksi.&nbsp;<\/p>\n","protected":false},"excerpt":{"rendered":"<p>SKOL&nbsp;tarjoaa j\u00e4senyrityksille tukea yhteisten kehityshankkeiden k\u00e4ynnist\u00e4misess\u00e4, osallistujayritysten kokoamisessa ja rahoituksen hankinnassa. Seuraamme alaan liittyvi\u00e4 Tekesin teknologiaohjelmia&nbsp;ja kartoitamme j\u00e4senyritysten osallistumishalukkuutta yhteisiin hankkeisiin. Lis\u00e4\u00e4ntyv\u00e4n tutkimus- ja kehitystoiminnan avulla vahvistetaan asiantuntijayritysten teknologiaosaamista ja uusiin innovaatioihin t\u00e4ht\u00e4\u00e4v\u00e4\u00e4 yhteisty\u00f6t\u00e4 teollisuuden kanssa. Tavoitteen toteutusta tukee j\u00e4senyritysten ja asiakkaiden v\u00e4linen kumppanuus sek\u00e4 j\u00e4senyritysten v\u00e4linen verkottuminen my\u00f6s tutkimus- ja kehitystoiminnassa. Parannamme j\u00e4senyritysten osallistumismahdollisuuksia [&hellip;]<\/p>\n","protected":false},"author":50,"featured_media":0,"parent":221,"menu_order":3,"comment_status":"closed","ping_status":"closed","template":"","meta":{"_acf_changed":false,"_relevanssi_hide_post":"","_relevanssi_hide_content":"","_relevanssi_pin_for_all":"","_relevanssi_pin_keywords":"","_relevanssi_unpin_keywords":"","_relevanssi_related_keywords":"","_relevanssi_related_include_ids":"","_relevanssi_related_exclude_ids":"","_relevanssi_related_no_append":"","_relevanssi_related_not_related":"","_relevanssi_related_posts":"53,55,57,56,48,54","_relevanssi_noindex_reason":"","inline_featured_image":false,"footnotes":""},"class_list":["post-424","page","type-page","status-publish","hentry"],"acf":[],"yoast_head":"<!-- This site is optimized with the Yoast SEO Premium plugin v27.1 (Yoast SEO v27.4) - https:\/\/yoast.com\/product\/yoast-seo-premium-wordpress\/ -->\n<title>TKI-toiminta - Skol<\/title>\n<meta name=\"robots\" content=\"index, follow, max-snippet:-1, max-image-preview:large, max-video-preview:-1\" \/>\n<link rel=\"canonical\" href=\"https:\/\/teknologiateollisuus.fi\/skol\/tietoa-alasta\/tki-toiminta\/\" \/>\n<meta property=\"og:locale\" content=\"fi_FI\" \/>\n<meta property=\"og:type\" content=\"article\" \/>\n<meta property=\"og:title\" content=\"TKI-toiminta\" \/>\n<meta property=\"og:description\" content=\"SKOL&nbsp;tarjoaa j\u00e4senyrityksille tukea yhteisten kehityshankkeiden k\u00e4ynnist\u00e4misess\u00e4, osallistujayritysten kokoamisessa ja rahoituksen hankinnassa. Seuraamme alaan liittyvi\u00e4 Tekesin teknologiaohjelmia&nbsp;ja kartoitamme j\u00e4senyritysten osallistumishalukkuutta yhteisiin hankkeisiin. Lis\u00e4\u00e4ntyv\u00e4n tutkimus- ja kehitystoiminnan avulla vahvistetaan asiantuntijayritysten teknologiaosaamista ja uusiin innovaatioihin t\u00e4ht\u00e4\u00e4v\u00e4\u00e4 yhteisty\u00f6t\u00e4 teollisuuden kanssa. Tavoitteen toteutusta tukee j\u00e4senyritysten ja asiakkaiden v\u00e4linen kumppanuus sek\u00e4 j\u00e4senyritysten v\u00e4linen verkottuminen my\u00f6s tutkimus- ja kehitystoiminnassa. Parannamme j\u00e4senyritysten osallistumismahdollisuuksia [&hellip;]\" \/>\n<meta property=\"og:url\" content=\"https:\/\/teknologiateollisuus.fi\/skol\/tietoa-alasta\/tki-toiminta\/\" \/>\n<meta property=\"og:site_name\" content=\"Skol\" \/>\n<meta property=\"article:modified_time\" content=\"2024-09-30T13:26:20+00:00\" \/>\n<meta name=\"twitter:card\" content=\"summary_large_image\" \/>\n<meta name=\"twitter:label1\" content=\"Arvioitu lukuaika\" \/>\n\t<meta name=\"twitter:data1\" content=\"1 minuutti\" \/>\n<script type=\"application\/ld+json\" class=\"yoast-schema-graph\">{\"@context\":\"https:\\\/\\\/schema.org\",\"@graph\":[{\"@type\":\"WebPage\",\"@id\":\"https:\\\/\\\/teknologiateollisuus.fi\\\/skol\\\/tietoa-alasta\\\/tki-toiminta\\\/\",\"url\":\"https:\\\/\\\/teknologiateollisuus.fi\\\/skol\\\/tietoa-alasta\\\/tki-toiminta\\\/\",\"name\":\"TKI-toiminta - Skol\",\"isPartOf\":{\"@id\":\"https:\\\/\\\/teknologiateollisuus.fi\\\/skol\\\/#website\"},\"datePublished\":\"2024-08-06T12:46:10+00:00\",\"dateModified\":\"2024-09-30T13:26:20+00:00\",\"breadcrumb\":{\"@id\":\"https:\\\/\\\/teknologiateollisuus.fi\\\/skol\\\/tietoa-alasta\\\/tki-toiminta\\\/#breadcrumb\"},\"inLanguage\":\"fi\",\"potentialAction\":[{\"@type\":\"ReadAction\",\"target\":[\"https:\\\/\\\/teknologiateollisuus.fi\\\/skol\\\/tietoa-alasta\\\/tki-toiminta\\\/\"]}]},{\"@type\":\"BreadcrumbList\",\"@id\":\"https:\\\/\\\/teknologiateollisuus.fi\\\/skol\\\/tietoa-alasta\\\/tki-toiminta\\\/#breadcrumb\",\"itemListElement\":[{\"@type\":\"ListItem\",\"position\":1,\"name\":\"Etusivu\",\"item\":\"https:\\\/\\\/teknologiateollisuus.fi\\\/skol\\\/\"},{\"@type\":\"ListItem\",\"position\":2,\"name\":\"Tietoa alasta\",\"item\":\"https:\\\/\\\/teknologiateollisuus.fi\\\/skol\\\/tietoa-alasta\\\/\"},{\"@type\":\"ListItem\",\"position\":3,\"name\":\"TKI-toiminta\"}]},{\"@type\":\"WebSite\",\"@id\":\"https:\\\/\\\/teknologiateollisuus.fi\\\/skol\\\/#website\",\"url\":\"https:\\\/\\\/teknologiateollisuus.fi\\\/skol\\\/\",\"name\":\"Skol\",\"description\":\"\",\"potentialAction\":[{\"@type\":\"SearchAction\",\"target\":{\"@type\":\"EntryPoint\",\"urlTemplate\":\"https:\\\/\\\/teknologiateollisuus.fi\\\/skol\\\/?s={search_term_string}\"},\"query-input\":{\"@type\":\"PropertyValueSpecification\",\"valueRequired\":true,\"valueName\":\"search_term_string\"}}],\"inLanguage\":\"fi\"}]}<\/script>\n<!-- \/ Yoast SEO Premium plugin. -->","yoast_head_json":{"title":"TKI-toiminta - Skol","robots":{"index":"index","follow":"follow","max-snippet":"max-snippet:-1","max-image-preview":"max-image-preview:large","max-video-preview":"max-video-preview:-1"},"canonical":"https:\/\/teknologiateollisuus.fi\/skol\/tietoa-alasta\/tki-toiminta\/","og_locale":"fi_FI","og_type":"article","og_title":"TKI-toiminta","og_description":"SKOL&nbsp;tarjoaa j\u00e4senyrityksille tukea yhteisten kehityshankkeiden k\u00e4ynnist\u00e4misess\u00e4, osallistujayritysten kokoamisessa ja rahoituksen hankinnassa. Seuraamme alaan liittyvi\u00e4 Tekesin teknologiaohjelmia&nbsp;ja kartoitamme j\u00e4senyritysten osallistumishalukkuutta yhteisiin hankkeisiin. Lis\u00e4\u00e4ntyv\u00e4n tutkimus- ja kehitystoiminnan avulla vahvistetaan asiantuntijayritysten teknologiaosaamista ja uusiin innovaatioihin t\u00e4ht\u00e4\u00e4v\u00e4\u00e4 yhteisty\u00f6t\u00e4 teollisuuden kanssa. Tavoitteen toteutusta tukee j\u00e4senyritysten ja asiakkaiden v\u00e4linen kumppanuus sek\u00e4 j\u00e4senyritysten v\u00e4linen verkottuminen my\u00f6s tutkimus- ja kehitystoiminnassa. Parannamme j\u00e4senyritysten osallistumismahdollisuuksia [&hellip;]","og_url":"https:\/\/teknologiateollisuus.fi\/skol\/tietoa-alasta\/tki-toiminta\/","og_site_name":"Skol","article_modified_time":"2024-09-30T13:26:20+00:00","twitter_card":"summary_large_image","twitter_misc":{"Arvioitu lukuaika":"1 minuutti"},"schema":{"@context":"https:\/\/schema.org","@graph":[{"@type":"WebPage","@id":"https:\/\/teknologiateollisuus.fi\/skol\/tietoa-alasta\/tki-toiminta\/","url":"https:\/\/teknologiateollisuus.fi\/skol\/tietoa-alasta\/tki-toiminta\/","name":"TKI-toiminta - Skol","isPartOf":{"@id":"https:\/\/teknologiateollisuus.fi\/skol\/#website"},"datePublished":"2024-08-06T12:46:10+00:00","dateModified":"2024-09-30T13:26:20+00:00","breadcrumb":{"@id":"https:\/\/teknologiateollisuus.fi\/skol\/tietoa-alasta\/tki-toiminta\/#breadcrumb"},"inLanguage":"fi","potentialAction":[{"@type":"ReadAction","target":["https:\/\/teknologiateollisuus.fi\/skol\/tietoa-alasta\/tki-toiminta\/"]}]},{"@type":"BreadcrumbList","@id":"https:\/\/teknologiateollisuus.fi\/skol\/tietoa-alasta\/tki-toiminta\/#breadcrumb","itemListElement":[{"@type":"ListItem","position":1,"name":"Etusivu","item":"https:\/\/teknologiateollisuus.fi\/skol\/"},{"@type":"ListItem","position":2,"name":"Tietoa alasta","item":"https:\/\/teknologiateollisuus.fi\/skol\/tietoa-alasta\/"},{"@type":"ListItem","position":3,"name":"TKI-toiminta"}]},{"@type":"WebSite","@id":"https:\/\/teknologiateollisuus.fi\/skol\/#website","url":"https:\/\/teknologiateollisuus.fi\/skol\/","name":"Skol","description":"","potentialAction":[{"@type":"SearchAction","target":{"@type":"EntryPoint","urlTemplate":"https:\/\/teknologiateollisuus.fi\/skol\/?s={search_term_string}"},"query-input":{"@type":"PropertyValueSpecification","valueRequired":true,"valueName":"search_term_string"}}],"inLanguage":"fi"}]}},"lang":"fi","translations":{"fi":424},"pll_sync_post":[],"_links":{"self":[{"href":"https:\/\/teknologiateollisuus.fi\/skol\/wp-json\/wp\/v2\/pages\/424","targetHints":{"allow":["GET"]}}],"collection":[{"href":"https:\/\/teknologiateollisuus.fi\/skol\/wp-json\/wp\/v2\/pages"}],"about":[{"href":"https:\/\/teknologiateollisuus.fi\/skol\/wp-json\/wp\/v2\/types\/page"}],"author":[{"embeddable":true,"href":"https:\/\/teknologiateollisuus.fi\/skol\/wp-json\/wp\/v2\/users\/50"}],"replies":[{"embeddable":true,"href":"https:\/\/teknologiateollisuus.fi\/skol\/wp-json\/wp\/v2\/comments?post=424"}],"version-history":[{"count":1,"href":"https:\/\/teknologiateollisuus.fi\/skol\/wp-json\/wp\/v2\/pages\/424\/revisions"}],"predecessor-version":[{"id":425,"href":"https:\/\/teknologiateollisuus.fi\/skol\/wp-json\/wp\/v2\/pages\/424\/revisions\/425"}],"up":[{"embeddable":true,"href":"https:\/\/teknologiateollisuus.fi\/skol\/wp-json\/wp\/v2\/pages\/221"}],"wp:attachment":[{"href":"https:\/\/teknologiateollisuus.fi\/skol\/wp-json\/wp\/v2\/media?parent=424"}],"curies":[{"name":"wp","href":"https:\/\/api.w.org\/{rel}","templated":true}]}}