{"id":426,"date":"2024-08-06T15:47:04","date_gmt":"2024-08-06T12:47:04","guid":{"rendered":"https:\/\/teknologiateollisuus.fi\/skol\/?page_id=426"},"modified":"2026-03-05T14:34:49","modified_gmt":"2026-03-05T12:34:49","slug":"alan-kehittaminen","status":"publish","type":"page","link":"https:\/\/teknologiateollisuus.fi\/skol\/tietoa-alasta\/tki-toiminta\/alan-kehittaminen\/","title":{"rendered":"Alan kehitt\u00e4minen"},"content":{"rendered":"\n<div class=\"em-block-hero hero-has-background-color has-background has-violet-background-color collapse media-position-right \">\n\t<div class=\"em-block-hero__container\">\n\t\t<div class=\"em-block-hero__content\">\n\t\t\t<div class=\"yoast-breadcrumbs\"><span><span><a href=\"https:\/\/teknologiateollisuus.fi\/skol\/\">Etusivu<\/a><\/span> <span class=\"separator\"><\/span> <span><a href=\"https:\/\/teknologiateollisuus.fi\/skol\/tietoa-alasta\/\">Tietoa alasta<\/a><\/span> <span class=\"separator\"><\/span> <span><a href=\"https:\/\/teknologiateollisuus.fi\/skol\/tietoa-alasta\/tki-toiminta\/\">TKI-toiminta<\/a><\/span> <span class=\"separator\"><\/span> <span class=\"breadcrumb_last\" aria-current=\"page\">Alan kehitt\u00e4minen<\/span><\/span><\/div>\t\t\t\n<h1 class=\"wp-block-heading\" id=\"h-alan-kehittaminen\">Alan kehitt\u00e4minen<\/h1>\n\t\t\t<div class=\"em-block-hero__modified-date\"> P\u00e4ivitetty 05.03.2026 klo 14:34<\/div>\t\t<\/div>\n\t\t\t\t\t<figure class=\"em-block-hero__image\">\n\t\t\t\t\t\t\t<\/figure>\n\t\t\t<\/div>\n<\/div>\n\n\n\n<p>T\u00e4lle sivulle on koottu suunnittelu- ja konsultointialan kehitt\u00e4miseen ja tutkimukseen liittyv\u00e4\u00e4 aineistoa ja ohjeistusta.<\/p>\n\n\n\n<div class=\"wp-block-evermade-accordion em-block-accordion js-accordion-group\">\n<div class=\"wp-block-evermade-accordion-item em-block-accordion-item js-accordion-item\"><h6 class=\"em-block-accordion-item__title-wrapper\"><button class=\"em-block-accordion-item__title js-accordion-controller\">SKOL Kest\u00e4v\u00e4n arvonluonnin kolmiosainen selvitys<\/button><\/h6><div id=\"accordion-item-content-0\" class=\"em-block-accordion-item__content js-accordion-content\">\n<p>Suunnittelu- ja konsultointipalveluilla on keskeinen rooli kest\u00e4v\u00e4n kehityksen tavoitteiden saavuttamisessa. Alan merkitys k\u00e4y ilmi SKOLin tuottamasta raportista, jossa tarkasteltiin suunnitteluyritysten tarjoamia palveluita YK:n kest\u00e4v\u00e4n kehityksen tavoitteiden eri osa-alueille. Suunnittelu- ja konsultointiyritykset SKOL ry:n teett\u00e4m\u00e4n selvityksen mukaan my\u00f6s kunnianhimoiset kest\u00e4vyystavoitteet lis\u00e4\u00e4v\u00e4t asiantuntijapalveluiden kysynt\u00e4\u00e4 ja synnytt\u00e4v\u00e4t suomalaisille suunnittelu- ja konsultointiyrityksille uusia liiketoimintamahdollisuuksia my\u00f6s kansainv\u00e4lisesti.&nbsp;<a href=\"https:\/\/teknologiateollisuus.fi\/skol\/wp-content\/uploads\/sites\/6\/2024\/08\/SKOL_Sustainable_value_added_AFRY_Full_report_141221-1.pdf\">Lue selvitys t\u00e4st\u00e4<\/a>.<\/p>\n<\/div><\/div>\n\n\n\n<div class=\"wp-block-evermade-accordion-item em-block-accordion-item js-accordion-item\"><h6 class=\"em-block-accordion-item__title-wrapper\"><button class=\"em-block-accordion-item__title js-accordion-controller\">Hyv\u00e4t yhteisty\u00f6k\u00e4yt\u00e4nn\u00f6t infrarakennuttamisessa<\/button><\/h6><div id=\"accordion-item-content-1\" class=\"em-block-accordion-item__content js-accordion-content\">\n<p>Opinn\u00e4ytety\u00f6n tarkoituksena oli syventy\u00e4 ja tutkia yhteisty\u00f6k\u00e4yt\u00e4nt\u00f6j\u00e4 infrarakennuttamisessa eri toimijoiden kesken. Rakennuttajakonsulttien lis\u00e4\u00e4ntynyt k\u00e4ytt\u00f6 on koettu yhdeksi ongelmakohdaksi, jota tuli selvitt\u00e4\u00e4 t\u00e4ss\u00e4 ty\u00f6ss\u00e4. Yhteisty\u00f6n merkitys on kasvanut vuosien saatossa ja sen parantamiseksi toivottiin ty\u00f6kaluja t\u00e4m\u00e4n opinn\u00e4ytety\u00f6n tuloksena.&nbsp;<a href=\"http:\/\/skol.teknologiateollisuus.fi\/wp-content\/uploads\/sites\/6\/2024\/08\/Haavisto_Hannele_0.pdf\">Lue opinn\u00e4ytety\u00f6 t\u00e4st\u00e4<\/a>.<\/p>\n<\/div><\/div>\n\n\n\n<div class=\"wp-block-evermade-accordion-item em-block-accordion-item js-accordion-item\"><h6 class=\"em-block-accordion-item__title-wrapper\"><button class=\"em-block-accordion-item__title js-accordion-controller\">Kest\u00e4v\u00e4ksi suunniteltu \u2013 Kest\u00e4v\u00e4 arvonluonti asiakkaan ja yhteiskunnan n\u00e4k\u00f6kulmasta<\/button><\/h6><div id=\"accordion-item-content-2\" class=\"em-block-accordion-item__content js-accordion-content\">\n<p>Aalto-yliopiston energia- ja ymp\u00e4rist\u00f6tekniikan opiskelija Kristofer M\u00e4kinen tutki kandidaatinty\u00f6ss\u00e4\u00e4n suunnitteluyritysten ty\u00f6n merkityst\u00e4 kest\u00e4v\u00e4n kehityksen tavoitteille sek\u00e4 sit\u00e4, mink\u00e4laista arvoa tavoitteet huomioiva suunnittelu luo asiakkaalle.&nbsp;<a href=\"https:\/\/teknologiateollisuus.fi\/skol\/wp-content\/uploads\/sites\/6\/2024\/09\/Kandidaatintyo_Makinen_2020_2_0.pdf\">Lue kandity\u00f6 t\u00e4st\u00e4<\/a><\/p>\n<\/div><\/div>\n\n\n\n<div class=\"wp-block-evermade-accordion-item em-block-accordion-item js-accordion-item\"><h6 class=\"em-block-accordion-item__title-wrapper\"><button class=\"em-block-accordion-item__title js-accordion-controller\">Suunnittelu- ja konsultointialan asiakasarvon parantaminen<\/button><\/h6><div id=\"accordion-item-content-3\" class=\"em-block-accordion-item__content js-accordion-content\">\n<p>Tampereen Yliopiston tuotantotalouden tutkinto-ohjelmassa vuosina 2020-2021 tehdyn Eero Ladaun diplomity\u00f6 paneutui tutkimusaiheessaan asiakasarvoon suunnittelualalla. Ty\u00f6n tarkoituksena on asiakasarvon parantaminen suunnittelu- ja konsultointialalla. Tavoitteena on selkeytt\u00e4\u00e4 asiakasarvon k\u00e4sitett\u00e4 ja luonnetta sek\u00e4 saada aikaan keskustelua aiheesta alan toimijoiden ja sidosryhmien v\u00e4lill\u00e4. Tutkimus parantaa tiet\u00e4myst\u00e4 ja sill\u00e4 tuetaan alan yrityksi\u00e4 asiakasarvon kehitt\u00e4miseen ja parantamiseen. Tutkimuksessa rajauduttiin tarkastelemaan asiakasarvoa, arvon luomista ja muodostumista, toimittajan itselleen saamaa arvoa ja arvopohjaisen hinnoittelun nykytilaa erityisesti tieto- ja osaamisintensiivisi\u00e4 palveluita tarjoavien yritysten n\u00e4k\u00f6kulmasta.&nbsp;<a href=\"http:\/\/skol.teknologiateollisuus.fi\/wp-content\/uploads\/sites\/6\/2024\/08\/Asiakasarvon-parantaminen-Eero-Ladau_1.pdf\">Lue diplomity\u00f6 t\u00e4st\u00e4<\/a>.<\/p>\n<\/div><\/div>\n\n\n\n<div class=\"wp-block-evermade-accordion-item em-block-accordion-item js-accordion-item\"><h6 class=\"em-block-accordion-item__title-wrapper\"><button class=\"em-block-accordion-item__title js-accordion-controller\">Suunnittelu- ja konsultointialan vaikuttavuus teollisessa toiminnassa<\/button><\/h6><div id=\"accordion-item-content-4\" class=\"em-block-accordion-item__content js-accordion-content\">\n<p>Suunnittelu- ja konsultointialan vaikuttavuutta teollisessa toiminnassa tutkittiin SKOLin teett\u00e4m\u00e4ss\u00e4 diplomity\u00f6ss\u00e4.&nbsp; Tuomas Vaulasen diplomity\u00f6ss\u00e4 Teollisuuden suunnittelupalveluiden vaikuttavuudesta korostuu osapuolten v\u00e4lisen kumppanuuden, luottamuksen ja hyv\u00e4n vuorovaikutuksen merkitys hyv\u00e4n lopputuloksen saavuttamisessa ja parhaan lis\u00e4arvon tuottamisessa asiakkaalle. T\u00e4ss\u00e4 ty\u00f6ss\u00e4 samoin kuin viime vuonna Santeri Naumasen tekem\u00e4ss\u00e4 vastaavassa talonrakennussektorin diplomity\u00f6ss\u00e4 korostuu my\u00f6s hyvien hankintamenettelyjen ja pelis\u00e4\u00e4nt\u00f6jen ratkaiseva merkitys onnistumiselle.<\/p>\n\n\n\n<p>My\u00f6s digiosaamista on edistetty vuoden aikana. SKOL on ollut aktiivisesti k\u00e4ynnist\u00e4m\u00e4ss\u00e4 kiinteist\u00f6- ja rakennusalan yhteist\u00e4 digitalisaatiohanketta, KIRA-digi\u00e4.&nbsp; Hanke on ollut osa&nbsp;Sipil\u00e4n hallituksen k\u00e4rkihankeohjelmaa, ja sen puitteissa on rahoitettu yritysten ja tutkimuslaitosten digitalisaatiohankkeita yhteens\u00e4 yli nelj\u00e4ll\u00e4 miljoonalla eurolla.&nbsp; Kokeiluhankkeiden lis\u00e4ksi KIRA-digin tavoitteena on parantaa kiinteist\u00f6- ja rakentamisalan tiedon yhteentoimivuutta ja saatavuutta, sek\u00e4 poistaa digitalisaation hallinnollisia esteit\u00e4.<\/p>\n\n\n\n<p>Talonrakennussektorin uusia teht\u00e4v\u00e4luetteloita ja hanketietokorttia on kehitetty j\u00e4rjest\u00f6jen yhteishankkeessa RAKLIn johdolla ja p\u00e4ivitetyt RT-kortit julkaistiin vuoden 2017 alkupuolella.. SKOL on ollut aktiivisesti mukana infra-alan osaamisen kehitt\u00e4miseen t\u00e4ht\u00e4\u00e4v\u00e4ss\u00e4 LIKE-hankkeessa, Rakennustiedon InfraBIM-hankkeessa sek\u00e4 BuildingSmart-hankkeessa, johon on osallistuttu mm. laatimalla ja julkaisemalla talotekniikan tietomallinnuksen prosessiohjeet. Tuotevaatimuspohjaisen rakennesuunnittelun kehityshanke on k\u00e4ynnistetty yhdess\u00e4 Rakennusteollisuus ry:n ja Rakennustietos\u00e4\u00e4ti\u00f6n kanssa, hankkeen rahoitukseen osallistuu my\u00f6s Rakennustuotteiden laatu RTL ry. Eurokoodien laskentapohjien yll\u00e4pitoa ja kehitt\u00e4mist\u00e4 on jatkettu yhdess\u00e4 j\u00e4senyritysten ja oppilaitosten kanssa ja lisenssin hankintamahdollisuus on avattu my\u00f6s hankkeen ulkopuolisille j\u00e4senyrityksille.<\/p>\n\n\n\n<p>Paremman laadun puolesta -hanke esittelee rakentamisen laadun ja tuottavuuden kannalta hyvi\u00e4 toimintamalleja pilottihankkeissa.&nbsp;<\/p>\n\n\n\n<p>Teollisuuden suunnittelupalveluiden vaikuttavuus,&nbsp;<em><a href=\"http:\/\/skol.teknologiateollisuus.fi\/wp-content\/uploads\/sites\/6\/2024\/08\/dtyo_vaulanent.pdf\">liite 1<\/a>&nbsp;(diplomity\u00f6)&nbsp;ja&nbsp;<a href=\"http:\/\/skol.teknologiateollisuus.fi\/wp-content\/uploads\/sites\/6\/2024\/08\/teovaikuttavuuskalvot.pdf\">liite 2<\/a>&nbsp;(tiivistelm\u00e4esitys).<\/em><\/p>\n\n\n\n<p>KIRA-digi,&nbsp;<a href=\"http:\/\/www.kiradigi.fi\/\">http:\/\/www.kiradigi.fi\/<\/a><\/p>\n\n\n\n<p>Teht\u00e4v\u00e4luettelot,&nbsp;<a href=\"http:\/\/www.rakli.fi\/etusivu\/tapahtumakalenteri\/tapahtuma-aineistot\/uudet-tehtavaluettelot-ja-kse13-12.2.2014.html\">http:\/\/www.rakli.fi\/etusivu\/tapahtumakalenteri\/tapahtuma-aineistot\/uudet-tehtavaluettelot-ja-kse13-12.2.2014.html<\/a><\/p>\n\n\n\n<p><a href=\"https:\/\/www.buildingsmart.org\/event\/infrabim-open-2025\/\">InfraBIM Open 2025 &#8211; buildingSMART International<\/a><\/p>\n\n\n\n<p>Tuotevaatimuspohjainen suunnittelu,&nbsp;<a href=\"http:\/\/skol.teknologiateollisuus.fi\/wp-content\/uploads\/sites\/6\/2024\/08\/tuotemaarittelyprojektisuunnitelma.pdf\"><em>liite<\/em><\/a><\/p>\n\n\n\n<p>Paremman laadun puolesta -hankkeen&nbsp;<a href=\"https:\/\/teknologiateollisuus.fi\/skol\/wp-content\/uploads\/sites\/6\/2024\/08\/paremman_laadun_puolesta.pdf\">loppuraportti<\/a><\/p>\n<\/div><\/div>\n\n\n\n<div class=\"wp-block-evermade-accordion-item em-block-accordion-item js-accordion-item\"><h6 class=\"em-block-accordion-item__title-wrapper\"><button class=\"em-block-accordion-item__title js-accordion-controller\">Asiantuntijapalveluiden hankintaohjeet<\/button><\/h6><div id=\"accordion-item-content-5\" class=\"em-block-accordion-item__content js-accordion-content\">\n<p>Asiantuntijapalveluiden hankintaohjeet l\u00f6yd\u00e4t <a href=\"https:\/\/teknologiateollisuus.fi\/skol\/tietoa-alasta\/asiantuntijapalveluiden-hankintaohjeet\/\">t\u00e4\u00e4lt\u00e4<\/a>.<\/p>\n<\/div><\/div>\n\n\n\n<div class=\"wp-block-evermade-accordion-item em-block-accordion-item js-accordion-item\"><h6 class=\"em-block-accordion-item__title-wrapper\"><button class=\"em-block-accordion-item__title js-accordion-controller\">Hyv\u00e4n suunnittelun vaikuttavuus<\/button><\/h6><div id=\"accordion-item-content-6\" class=\"em-block-accordion-item__content js-accordion-content\">\n<h2 class=\"wp-block-heading\" id=\"h-hyvan-suunnittelun-vaikuttavuus-diplomityo\">Hyv\u00e4n suunnittelun vaikuttavuus &#8211;<a href=\"https:\/\/teknologiateollisuus.fi\/skol\/wp-content\/uploads\/sites\/6\/2025\/12\/VaikuttavuusDtyo_Naumanen.pdf\">diplomity\u00f6<\/a><\/h2>\n\n\n\n<p>Ty\u00f6n tavoitteena oli tunnistaa ja kuvata hyvi\u00e4 toimintamalleja suunnittelijan valintaan, suunnittelun hankintaan ja resursointiin. Toimintamalleja tarkasteltiin referenssikohteiden ja muun l\u00e4hdeaineiston pohjalta sek\u00e4 arvioitiin hankkeiden toteutuksen onnistumisen, taloudellisuuden ja muiden mittareiden kautta.<\/p>\n\n\n\n<p><a href=\"https:\/\/teknologiateollisuus.fi\/skol\/wp-content\/uploads\/sites\/6\/2025\/12\/VaikuttavuusEsitys_santeri_naumanen.pdf\">Katso ty\u00f6n esitys t\u00e4st\u00e4<\/a><\/p>\n<\/div><\/div>\n\n\n\n<div class=\"wp-block-evermade-accordion-item em-block-accordion-item js-accordion-item\"><h6 class=\"em-block-accordion-item__title-wrapper\"><button class=\"em-block-accordion-item__title js-accordion-controller\">Riskienhallintaopas<\/button><\/h6><div id=\"accordion-item-content-7\" class=\"em-block-accordion-item__content js-accordion-content\">\n<p>Oppaan tarkoituksena on auttaa suunnittelu- ja konsulttiyrityksi\u00e4 riskienhallinnassa, tarjota perustietoa riskienhallinnan organisoinnista ja toteuttamisesta sek\u00e4 antaa tarvittavat perusty\u00f6kalut yritysten liike-, projekti- ja vahinkoriskien hallintaan.<br>&#8211;&nbsp;<a href=\"http:\/\/skol.teknologiateollisuus.fi\/wp-content\/uploads\/sites\/6\/2024\/08\/riskienhallintaopas1s.pdf\">Riskienhallintaopas<\/a>&nbsp;(908 kb)<br>&#8211;&nbsp;<a href=\"http:\/\/skol.teknologiateollisuus.fi\/wp-content\/uploads\/sites\/6\/2024\/08\/riskienhallintaopas1s.pdf\">Kalvosarja<\/a>&nbsp;(640 kb)<\/p>\n<\/div><\/div>\n\n\n\n<div class=\"wp-block-evermade-accordion-item em-block-accordion-item js-accordion-item\"><h6 class=\"em-block-accordion-item__title-wrapper\"><button class=\"em-block-accordion-item__title js-accordion-controller\">Asiantuntijapalveluiden johtamisen haasteet<\/button><\/h6><div id=\"accordion-item-content-8\" class=\"em-block-accordion-item__content js-accordion-content\">\n<p>Opas suunnittelu- ja konsultointiyritysten liiketoimintaosaamisen kehitt\u00e4miseen.<br>&#8211;&nbsp;<a href=\"https:\/\/teknologiateollisuus.fi\/skol\/wp-content\/uploads\/sites\/6\/2024\/08\/3E_opas.pdf\">Asiantuntijapalveluiden johtamisen haasteet<\/a>, LTY 2005 (1,5 Mb)<\/p>\n<\/div><\/div>\n<\/div>\n","protected":false},"excerpt":{"rendered":"<p>T\u00e4lle sivulle on koottu suunnittelu- ja konsultointialan kehitt\u00e4miseen ja tutkimukseen liittyv\u00e4\u00e4 aineistoa ja ohjeistusta.<\/p>\n","protected":false},"author":50,"featured_media":0,"parent":424,"menu_order":0,"comment_status":"closed","ping_status":"closed","template":"","meta":{"_acf_changed":false,"_relevanssi_hide_post":"","_relevanssi_hide_content":"","_relevanssi_pin_for_all":"","_relevanssi_pin_keywords":"","_relevanssi_unpin_keywords":"","_relevanssi_related_keywords":"","_relevanssi_related_include_ids":"","_relevanssi_related_exclude_ids":"","_relevanssi_related_no_append":"","_relevanssi_related_not_related":"","_relevanssi_related_posts":"53,56,57,55,48,54","_relevanssi_noindex_reason":"","inline_featured_image":false,"footnotes":""},"class_list":["post-426","page","type-page","status-publish","hentry"],"acf":[],"yoast_head":"<!-- This site is optimized with the Yoast SEO Premium plugin v27.1 (Yoast SEO v27.4) - https:\/\/yoast.com\/product\/yoast-seo-premium-wordpress\/ -->\n<title>Alan kehitt\u00e4minen - Skol<\/title>\n<meta name=\"robots\" content=\"index, follow, max-snippet:-1, max-image-preview:large, max-video-preview:-1\" \/>\n<link rel=\"canonical\" href=\"https:\/\/teknologiateollisuus.fi\/skol\/tietoa-alasta\/tki-toiminta\/alan-kehittaminen\/\" \/>\n<meta property=\"og:locale\" content=\"fi_FI\" \/>\n<meta property=\"og:type\" content=\"article\" \/>\n<meta property=\"og:title\" content=\"Alan kehitt\u00e4minen\" \/>\n<meta property=\"og:description\" content=\"T\u00e4lle sivulle on koottu suunnittelu- ja konsultointialan kehitt\u00e4miseen ja tutkimukseen liittyv\u00e4\u00e4 aineistoa ja ohjeistusta.\" \/>\n<meta property=\"og:url\" content=\"https:\/\/teknologiateollisuus.fi\/skol\/tietoa-alasta\/tki-toiminta\/alan-kehittaminen\/\" \/>\n<meta property=\"og:site_name\" content=\"Skol\" \/>\n<meta property=\"article:modified_time\" content=\"2026-03-05T12:34:49+00:00\" \/>\n<meta name=\"twitter:card\" content=\"summary_large_image\" \/>\n<meta name=\"twitter:label1\" content=\"Arvioitu lukuaika\" \/>\n\t<meta name=\"twitter:data1\" content=\"4 minuuttia\" \/>\n<script type=\"application\/ld+json\" class=\"yoast-schema-graph\">{\"@context\":\"https:\\\/\\\/schema.org\",\"@graph\":[{\"@type\":\"WebPage\",\"@id\":\"https:\\\/\\\/teknologiateollisuus.fi\\\/skol\\\/tietoa-alasta\\\/tki-toiminta\\\/alan-kehittaminen\\\/\",\"url\":\"https:\\\/\\\/teknologiateollisuus.fi\\\/skol\\\/tietoa-alasta\\\/tki-toiminta\\\/alan-kehittaminen\\\/\",\"name\":\"Alan kehitt\u00e4minen - Skol\",\"isPartOf\":{\"@id\":\"https:\\\/\\\/teknologiateollisuus.fi\\\/skol\\\/#website\"},\"datePublished\":\"2024-08-06T12:47:04+00:00\",\"dateModified\":\"2026-03-05T12:34:49+00:00\",\"breadcrumb\":{\"@id\":\"https:\\\/\\\/teknologiateollisuus.fi\\\/skol\\\/tietoa-alasta\\\/tki-toiminta\\\/alan-kehittaminen\\\/#breadcrumb\"},\"inLanguage\":\"fi\",\"potentialAction\":[{\"@type\":\"ReadAction\",\"target\":[\"https:\\\/\\\/teknologiateollisuus.fi\\\/skol\\\/tietoa-alasta\\\/tki-toiminta\\\/alan-kehittaminen\\\/\"]}]},{\"@type\":\"BreadcrumbList\",\"@id\":\"https:\\\/\\\/teknologiateollisuus.fi\\\/skol\\\/tietoa-alasta\\\/tki-toiminta\\\/alan-kehittaminen\\\/#breadcrumb\",\"itemListElement\":[{\"@type\":\"ListItem\",\"position\":1,\"name\":\"Etusivu\",\"item\":\"https:\\\/\\\/teknologiateollisuus.fi\\\/skol\\\/\"},{\"@type\":\"ListItem\",\"position\":2,\"name\":\"Tietoa alasta\",\"item\":\"https:\\\/\\\/teknologiateollisuus.fi\\\/skol\\\/tietoa-alasta\\\/\"},{\"@type\":\"ListItem\",\"position\":3,\"name\":\"TKI-toiminta\",\"item\":\"https:\\\/\\\/teknologiateollisuus.fi\\\/skol\\\/tietoa-alasta\\\/tki-toiminta\\\/\"},{\"@type\":\"ListItem\",\"position\":4,\"name\":\"Alan kehitt\u00e4minen\"}]},{\"@type\":\"WebSite\",\"@id\":\"https:\\\/\\\/teknologiateollisuus.fi\\\/skol\\\/#website\",\"url\":\"https:\\\/\\\/teknologiateollisuus.fi\\\/skol\\\/\",\"name\":\"Skol\",\"description\":\"\",\"potentialAction\":[{\"@type\":\"SearchAction\",\"target\":{\"@type\":\"EntryPoint\",\"urlTemplate\":\"https:\\\/\\\/teknologiateollisuus.fi\\\/skol\\\/?s={search_term_string}\"},\"query-input\":{\"@type\":\"PropertyValueSpecification\",\"valueRequired\":true,\"valueName\":\"search_term_string\"}}],\"inLanguage\":\"fi\"}]}<\/script>\n<!-- \/ Yoast SEO Premium plugin. -->","yoast_head_json":{"title":"Alan kehitt\u00e4minen - Skol","robots":{"index":"index","follow":"follow","max-snippet":"max-snippet:-1","max-image-preview":"max-image-preview:large","max-video-preview":"max-video-preview:-1"},"canonical":"https:\/\/teknologiateollisuus.fi\/skol\/tietoa-alasta\/tki-toiminta\/alan-kehittaminen\/","og_locale":"fi_FI","og_type":"article","og_title":"Alan kehitt\u00e4minen","og_description":"T\u00e4lle sivulle on koottu suunnittelu- ja konsultointialan kehitt\u00e4miseen ja tutkimukseen liittyv\u00e4\u00e4 aineistoa ja ohjeistusta.","og_url":"https:\/\/teknologiateollisuus.fi\/skol\/tietoa-alasta\/tki-toiminta\/alan-kehittaminen\/","og_site_name":"Skol","article_modified_time":"2026-03-05T12:34:49+00:00","twitter_card":"summary_large_image","twitter_misc":{"Arvioitu lukuaika":"4 minuuttia"},"schema":{"@context":"https:\/\/schema.org","@graph":[{"@type":"WebPage","@id":"https:\/\/teknologiateollisuus.fi\/skol\/tietoa-alasta\/tki-toiminta\/alan-kehittaminen\/","url":"https:\/\/teknologiateollisuus.fi\/skol\/tietoa-alasta\/tki-toiminta\/alan-kehittaminen\/","name":"Alan kehitt\u00e4minen - Skol","isPartOf":{"@id":"https:\/\/teknologiateollisuus.fi\/skol\/#website"},"datePublished":"2024-08-06T12:47:04+00:00","dateModified":"2026-03-05T12:34:49+00:00","breadcrumb":{"@id":"https:\/\/teknologiateollisuus.fi\/skol\/tietoa-alasta\/tki-toiminta\/alan-kehittaminen\/#breadcrumb"},"inLanguage":"fi","potentialAction":[{"@type":"ReadAction","target":["https:\/\/teknologiateollisuus.fi\/skol\/tietoa-alasta\/tki-toiminta\/alan-kehittaminen\/"]}]},{"@type":"BreadcrumbList","@id":"https:\/\/teknologiateollisuus.fi\/skol\/tietoa-alasta\/tki-toiminta\/alan-kehittaminen\/#breadcrumb","itemListElement":[{"@type":"ListItem","position":1,"name":"Etusivu","item":"https:\/\/teknologiateollisuus.fi\/skol\/"},{"@type":"ListItem","position":2,"name":"Tietoa alasta","item":"https:\/\/teknologiateollisuus.fi\/skol\/tietoa-alasta\/"},{"@type":"ListItem","position":3,"name":"TKI-toiminta","item":"https:\/\/teknologiateollisuus.fi\/skol\/tietoa-alasta\/tki-toiminta\/"},{"@type":"ListItem","position":4,"name":"Alan kehitt\u00e4minen"}]},{"@type":"WebSite","@id":"https:\/\/teknologiateollisuus.fi\/skol\/#website","url":"https:\/\/teknologiateollisuus.fi\/skol\/","name":"Skol","description":"","potentialAction":[{"@type":"SearchAction","target":{"@type":"EntryPoint","urlTemplate":"https:\/\/teknologiateollisuus.fi\/skol\/?s={search_term_string}"},"query-input":{"@type":"PropertyValueSpecification","valueRequired":true,"valueName":"search_term_string"}}],"inLanguage":"fi"}]}},"lang":"fi","translations":{"fi":426},"pll_sync_post":[],"_links":{"self":[{"href":"https:\/\/teknologiateollisuus.fi\/skol\/wp-json\/wp\/v2\/pages\/426","targetHints":{"allow":["GET"]}}],"collection":[{"href":"https:\/\/teknologiateollisuus.fi\/skol\/wp-json\/wp\/v2\/pages"}],"about":[{"href":"https:\/\/teknologiateollisuus.fi\/skol\/wp-json\/wp\/v2\/types\/page"}],"author":[{"embeddable":true,"href":"https:\/\/teknologiateollisuus.fi\/skol\/wp-json\/wp\/v2\/users\/50"}],"replies":[{"embeddable":true,"href":"https:\/\/teknologiateollisuus.fi\/skol\/wp-json\/wp\/v2\/comments?post=426"}],"version-history":[{"count":12,"href":"https:\/\/teknologiateollisuus.fi\/skol\/wp-json\/wp\/v2\/pages\/426\/revisions"}],"predecessor-version":[{"id":3316,"href":"https:\/\/teknologiateollisuus.fi\/skol\/wp-json\/wp\/v2\/pages\/426\/revisions\/3316"}],"up":[{"embeddable":true,"href":"https:\/\/teknologiateollisuus.fi\/skol\/wp-json\/wp\/v2\/pages\/424"}],"wp:attachment":[{"href":"https:\/\/teknologiateollisuus.fi\/skol\/wp-json\/wp\/v2\/media?parent=426"}],"curies":[{"name":"wp","href":"https:\/\/api.w.org\/{rel}","templated":true}]}}