{"id":434,"date":"2024-08-06T16:28:45","date_gmt":"2024-08-06T13:28:45","guid":{"rendered":"https:\/\/teknologiateollisuus.fi\/skol\/?page_id=434"},"modified":"2024-10-07T16:38:02","modified_gmt":"2024-10-07T13:38:02","slug":"teollisuussektori","status":"publish","type":"page","link":"https:\/\/teknologiateollisuus.fi\/skol\/tietoa-alasta\/tki-toiminta\/teollisuussektori\/","title":{"rendered":"Teollisuussektori"},"content":{"rendered":"\n<div class=\"em-block-hero hero-has-background-color has-background has-violet-background-color collapse media-position-background \">\n\t<div class=\"em-block-hero__container\">\n\t\t<div class=\"em-block-hero__content\">\n\t\t\t<div class=\"yoast-breadcrumbs\"><span><span><a href=\"https:\/\/teknologiateollisuus.fi\/skol\/\">Etusivu<\/a><\/span> <span class=\"separator\"><\/span> <span><a href=\"https:\/\/teknologiateollisuus.fi\/skol\/tietoa-alasta\/\">Tietoa alasta<\/a><\/span> <span class=\"separator\"><\/span> <span><a href=\"https:\/\/teknologiateollisuus.fi\/skol\/tietoa-alasta\/tki-toiminta\/\">TKI-toiminta<\/a><\/span> <span class=\"separator\"><\/span> <span class=\"breadcrumb_last\" aria-current=\"page\">Teollisuussektori<\/span><\/span><\/div>\t\t\t\n<h1 class=\"wp-block-heading\" id=\"teollisuussektori\">Teollisuussektori<\/h1>\n\t\t\t<div class=\"em-block-hero__modified-date\"> P\u00e4ivitetty 07.10.2024 klo 16:38<\/div>\t\t<\/div>\n\t\t\t\t\t<figure class=\"em-block-hero__image\">\n\t\t\t\t\t\t\t<\/figure>\n\t\t\t<\/div>\n<\/div>\n\n\n\n<p>T\u00e4lle sivulle on koottu teollisuussektorin kehitt\u00e4miseen ja tutkimukseen liittyv\u00e4\u00e4 aineistoa ja ohjeistusta.<\/p>\n\n\n\n<h4 class=\"wp-block-heading\" id=\"psk-standardit\">PSK Standardit<\/h4>\n\n\n\n<div class=\"wp-block-buttons is-layout-flex wp-block-buttons-is-layout-flex\">\n<div class=\"wp-block-button icon-right\"><a class=\"wp-block-button__link wp-element-button\" href=\"https:\/\/psk-standardisointi.fi\/psk-26-hankintasopimus\/\">PSK 26 Hankintasopimus<\/a><\/div>\n\n\n\n<div class=\"wp-block-button icon-right\"><a class=\"wp-block-button__link wp-element-button\" href=\"https:\/\/psk-standardisointi.fi\/standardit\/#ryhma59\">PSK 59 Tiedonsiirto ja hallinta<\/a><\/div>\n<\/div>\n\n\n\n<h4 class=\"wp-block-heading\" id=\"diplomityo-teollisuuden-suunnittelupalveluiden-vaikuttavuus\">Diplomity\u00f6 &#8221;Teollisuuden suunnittelupalveluiden vaikuttavuus&#8221;<\/h4>\n\n\n\n<div class=\"wp-block-buttons is-layout-flex wp-block-buttons-is-layout-flex\">\n<div class=\"wp-block-button icon-right\"><a class=\"wp-block-button__link wp-element-button\" href=\"http:\/\/skol.teknologiateollisuus.fi\/wp-content\/uploads\/sites\/6\/2024\/08\/diplomityo_vaulanen.pdf\">Diplomity\u00f6<\/a><\/div>\n\n\n\n<div class=\"wp-block-button icon-right\"><a class=\"wp-block-button__link wp-element-button\" href=\"http:\/\/skol.teknologiateollisuus.fi\/wp-content\/uploads\/sites\/6\/2024\/08\/diplomityoesitys_tuomasvaulanen.pptx\">Diplomity\u00f6esitys<\/a><\/div>\n<\/div>\n\n\n\n<h4 class=\"wp-block-heading\" id=\"diplomityo-teollisuuden-suunnittelupalveluiden-hankinta-ja-niiden-valintakriteerit\">Diplomity\u00f6 &#8221;Teollisuuden suunnittelupalveluiden hankinta ja niiden valintakriteerit&#8221;<\/h4>\n\n\n\n<div class=\"wp-block-buttons is-layout-flex wp-block-buttons-is-layout-flex\">\n<div class=\"wp-block-button icon-right\"><a class=\"wp-block-button__link wp-element-button\" href=\"https:\/\/teknologiateollisuus.fi\/skol\/wp-content\/uploads\/sites\/6\/2024\/08\/Diplomityo_060509-1.doc\">Ty\u00f6n kuvaus<\/a><\/div>\n\n\n\n<div class=\"wp-block-button icon-right\"><a class=\"wp-block-button__link wp-element-button\" href=\"https:\/\/teknologiateollisuus.fi\/skol\/wp-content\/uploads\/sites\/6\/2024\/08\/Tesupaha_lyhyt.pdf\">Ty\u00f6n tulokset<\/a><\/div>\n<\/div>\n\n\n\n<h4 class=\"wp-block-heading\" id=\"ulkopuolisen-suunnittelijan-rooli-ja-vastuu-prosessilaitoksen-turvallisuudesta-vtt\">Ulkopuolisen suunnittelijan rooli ja vastuu prosessilaitoksen turvallisuudesta (VTT)<\/h4>\n\n\n\n<p>USVA-hanke keskittyi suunnittelun yhteydess\u00e4 teht\u00e4v\u00e4\u00e4n prosessilaitoksen turvallisuusriskien hallintaan sek\u00e4 suunnitteluun osallistuvien konsulttien ja heilt\u00e4 suunnittelupalveluita tilaavien prosessiteollisuutta edustavien yritysten ja niiden henkil\u00f6kuntaan kuuluvien vastuisiin ja rooleihin.<\/p>\n\n\n\n<p>Hankkeessa laadittuun\u00a0<a href=\"https:\/\/teknologiateollisuus.fi\/skol\/wp-content\/uploads\/sites\/6\/2024\/10\/VTT_ulkopuolisen-suunnittelijan-rooli.pdf\">oppaaseen<\/a>\u00a0on ker\u00e4tty tietoa siit\u00e4, miten luoda kattava ja tehokas riskienhallintaketju, jonka avulla voidaan varmistaa suunniteltavien prosessiteollisuuden tuotantoj\u00e4rjestelmien turvallisuus kaikissa toimintatilanteissa.<\/p>\n","protected":false},"excerpt":{"rendered":"<p>T\u00e4lle sivulle on koottu teollisuussektorin kehitt\u00e4miseen ja tutkimukseen liittyv\u00e4\u00e4 aineistoa ja ohjeistusta. PSK Standardit Diplomity\u00f6 &#8221;Teollisuuden suunnittelupalveluiden vaikuttavuus&#8221; Diplomity\u00f6 &#8221;Teollisuuden suunnittelupalveluiden hankinta ja niiden valintakriteerit&#8221; Ulkopuolisen suunnittelijan rooli ja vastuu prosessilaitoksen turvallisuudesta (VTT) USVA-hanke keskittyi suunnittelun yhteydess\u00e4 teht\u00e4v\u00e4\u00e4n prosessilaitoksen turvallisuusriskien hallintaan sek\u00e4 suunnitteluun osallistuvien konsulttien ja heilt\u00e4 suunnittelupalveluita tilaavien prosessiteollisuutta edustavien yritysten ja niiden henkil\u00f6kuntaan [&hellip;]<\/p>\n","protected":false},"author":50,"featured_media":0,"parent":424,"menu_order":0,"comment_status":"closed","ping_status":"closed","template":"","meta":{"_acf_changed":false,"_relevanssi_hide_post":"","_relevanssi_hide_content":"","_relevanssi_pin_for_all":"","_relevanssi_pin_keywords":"","_relevanssi_unpin_keywords":"","_relevanssi_related_keywords":"","_relevanssi_related_include_ids":"","_relevanssi_related_exclude_ids":"","_relevanssi_related_no_append":"","_relevanssi_related_not_related":"","_relevanssi_related_posts":"57,53,56,48,55,54","_relevanssi_noindex_reason":"","inline_featured_image":false,"footnotes":""},"class_list":["post-434","page","type-page","status-publish","hentry"],"acf":[],"yoast_head":"<!-- This site is optimized with the Yoast SEO Premium plugin v27.1 (Yoast SEO v27.4) - https:\/\/yoast.com\/product\/yoast-seo-premium-wordpress\/ -->\n<title>Teollisuussektori - Skol<\/title>\n<meta name=\"robots\" content=\"index, follow, max-snippet:-1, max-image-preview:large, max-video-preview:-1\" \/>\n<link rel=\"canonical\" href=\"https:\/\/teknologiateollisuus.fi\/skol\/tietoa-alasta\/tki-toiminta\/teollisuussektori\/\" \/>\n<meta property=\"og:locale\" content=\"fi_FI\" \/>\n<meta property=\"og:type\" content=\"article\" \/>\n<meta property=\"og:title\" content=\"Teollisuussektori\" \/>\n<meta property=\"og:description\" content=\"T\u00e4lle sivulle on koottu teollisuussektorin kehitt\u00e4miseen ja tutkimukseen liittyv\u00e4\u00e4 aineistoa ja ohjeistusta. PSK Standardit Diplomity\u00f6 &#8221;Teollisuuden suunnittelupalveluiden vaikuttavuus&#8221; Diplomity\u00f6 &#8221;Teollisuuden suunnittelupalveluiden hankinta ja niiden valintakriteerit&#8221; Ulkopuolisen suunnittelijan rooli ja vastuu prosessilaitoksen turvallisuudesta (VTT) USVA-hanke keskittyi suunnittelun yhteydess\u00e4 teht\u00e4v\u00e4\u00e4n prosessilaitoksen turvallisuusriskien hallintaan sek\u00e4 suunnitteluun osallistuvien konsulttien ja heilt\u00e4 suunnittelupalveluita tilaavien prosessiteollisuutta edustavien yritysten ja niiden henkil\u00f6kuntaan [&hellip;]\" \/>\n<meta property=\"og:url\" content=\"https:\/\/teknologiateollisuus.fi\/skol\/tietoa-alasta\/tki-toiminta\/teollisuussektori\/\" \/>\n<meta property=\"og:site_name\" content=\"Skol\" \/>\n<meta property=\"article:modified_time\" content=\"2024-10-07T13:38:02+00:00\" \/>\n<meta name=\"twitter:card\" content=\"summary_large_image\" \/>\n<meta name=\"twitter:label1\" content=\"Arvioitu lukuaika\" \/>\n\t<meta name=\"twitter:data1\" content=\"1 minuutti\" \/>\n<script type=\"application\/ld+json\" class=\"yoast-schema-graph\">{\"@context\":\"https:\\\/\\\/schema.org\",\"@graph\":[{\"@type\":\"WebPage\",\"@id\":\"https:\\\/\\\/teknologiateollisuus.fi\\\/skol\\\/tietoa-alasta\\\/tki-toiminta\\\/teollisuussektori\\\/\",\"url\":\"https:\\\/\\\/teknologiateollisuus.fi\\\/skol\\\/tietoa-alasta\\\/tki-toiminta\\\/teollisuussektori\\\/\",\"name\":\"Teollisuussektori - Skol\",\"isPartOf\":{\"@id\":\"https:\\\/\\\/teknologiateollisuus.fi\\\/skol\\\/#website\"},\"datePublished\":\"2024-08-06T13:28:45+00:00\",\"dateModified\":\"2024-10-07T13:38:02+00:00\",\"breadcrumb\":{\"@id\":\"https:\\\/\\\/teknologiateollisuus.fi\\\/skol\\\/tietoa-alasta\\\/tki-toiminta\\\/teollisuussektori\\\/#breadcrumb\"},\"inLanguage\":\"fi\",\"potentialAction\":[{\"@type\":\"ReadAction\",\"target\":[\"https:\\\/\\\/teknologiateollisuus.fi\\\/skol\\\/tietoa-alasta\\\/tki-toiminta\\\/teollisuussektori\\\/\"]}]},{\"@type\":\"BreadcrumbList\",\"@id\":\"https:\\\/\\\/teknologiateollisuus.fi\\\/skol\\\/tietoa-alasta\\\/tki-toiminta\\\/teollisuussektori\\\/#breadcrumb\",\"itemListElement\":[{\"@type\":\"ListItem\",\"position\":1,\"name\":\"Etusivu\",\"item\":\"https:\\\/\\\/teknologiateollisuus.fi\\\/skol\\\/\"},{\"@type\":\"ListItem\",\"position\":2,\"name\":\"Tietoa alasta\",\"item\":\"https:\\\/\\\/teknologiateollisuus.fi\\\/skol\\\/tietoa-alasta\\\/\"},{\"@type\":\"ListItem\",\"position\":3,\"name\":\"TKI-toiminta\",\"item\":\"https:\\\/\\\/teknologiateollisuus.fi\\\/skol\\\/tietoa-alasta\\\/tki-toiminta\\\/\"},{\"@type\":\"ListItem\",\"position\":4,\"name\":\"Teollisuussektori\"}]},{\"@type\":\"WebSite\",\"@id\":\"https:\\\/\\\/teknologiateollisuus.fi\\\/skol\\\/#website\",\"url\":\"https:\\\/\\\/teknologiateollisuus.fi\\\/skol\\\/\",\"name\":\"Skol\",\"description\":\"\",\"potentialAction\":[{\"@type\":\"SearchAction\",\"target\":{\"@type\":\"EntryPoint\",\"urlTemplate\":\"https:\\\/\\\/teknologiateollisuus.fi\\\/skol\\\/?s={search_term_string}\"},\"query-input\":{\"@type\":\"PropertyValueSpecification\",\"valueRequired\":true,\"valueName\":\"search_term_string\"}}],\"inLanguage\":\"fi\"}]}<\/script>\n<!-- \/ Yoast SEO Premium plugin. -->","yoast_head_json":{"title":"Teollisuussektori - Skol","robots":{"index":"index","follow":"follow","max-snippet":"max-snippet:-1","max-image-preview":"max-image-preview:large","max-video-preview":"max-video-preview:-1"},"canonical":"https:\/\/teknologiateollisuus.fi\/skol\/tietoa-alasta\/tki-toiminta\/teollisuussektori\/","og_locale":"fi_FI","og_type":"article","og_title":"Teollisuussektori","og_description":"T\u00e4lle sivulle on koottu teollisuussektorin kehitt\u00e4miseen ja tutkimukseen liittyv\u00e4\u00e4 aineistoa ja ohjeistusta. PSK Standardit Diplomity\u00f6 &#8221;Teollisuuden suunnittelupalveluiden vaikuttavuus&#8221; Diplomity\u00f6 &#8221;Teollisuuden suunnittelupalveluiden hankinta ja niiden valintakriteerit&#8221; Ulkopuolisen suunnittelijan rooli ja vastuu prosessilaitoksen turvallisuudesta (VTT) USVA-hanke keskittyi suunnittelun yhteydess\u00e4 teht\u00e4v\u00e4\u00e4n prosessilaitoksen turvallisuusriskien hallintaan sek\u00e4 suunnitteluun osallistuvien konsulttien ja heilt\u00e4 suunnittelupalveluita tilaavien prosessiteollisuutta edustavien yritysten ja niiden henkil\u00f6kuntaan [&hellip;]","og_url":"https:\/\/teknologiateollisuus.fi\/skol\/tietoa-alasta\/tki-toiminta\/teollisuussektori\/","og_site_name":"Skol","article_modified_time":"2024-10-07T13:38:02+00:00","twitter_card":"summary_large_image","twitter_misc":{"Arvioitu lukuaika":"1 minuutti"},"schema":{"@context":"https:\/\/schema.org","@graph":[{"@type":"WebPage","@id":"https:\/\/teknologiateollisuus.fi\/skol\/tietoa-alasta\/tki-toiminta\/teollisuussektori\/","url":"https:\/\/teknologiateollisuus.fi\/skol\/tietoa-alasta\/tki-toiminta\/teollisuussektori\/","name":"Teollisuussektori - Skol","isPartOf":{"@id":"https:\/\/teknologiateollisuus.fi\/skol\/#website"},"datePublished":"2024-08-06T13:28:45+00:00","dateModified":"2024-10-07T13:38:02+00:00","breadcrumb":{"@id":"https:\/\/teknologiateollisuus.fi\/skol\/tietoa-alasta\/tki-toiminta\/teollisuussektori\/#breadcrumb"},"inLanguage":"fi","potentialAction":[{"@type":"ReadAction","target":["https:\/\/teknologiateollisuus.fi\/skol\/tietoa-alasta\/tki-toiminta\/teollisuussektori\/"]}]},{"@type":"BreadcrumbList","@id":"https:\/\/teknologiateollisuus.fi\/skol\/tietoa-alasta\/tki-toiminta\/teollisuussektori\/#breadcrumb","itemListElement":[{"@type":"ListItem","position":1,"name":"Etusivu","item":"https:\/\/teknologiateollisuus.fi\/skol\/"},{"@type":"ListItem","position":2,"name":"Tietoa alasta","item":"https:\/\/teknologiateollisuus.fi\/skol\/tietoa-alasta\/"},{"@type":"ListItem","position":3,"name":"TKI-toiminta","item":"https:\/\/teknologiateollisuus.fi\/skol\/tietoa-alasta\/tki-toiminta\/"},{"@type":"ListItem","position":4,"name":"Teollisuussektori"}]},{"@type":"WebSite","@id":"https:\/\/teknologiateollisuus.fi\/skol\/#website","url":"https:\/\/teknologiateollisuus.fi\/skol\/","name":"Skol","description":"","potentialAction":[{"@type":"SearchAction","target":{"@type":"EntryPoint","urlTemplate":"https:\/\/teknologiateollisuus.fi\/skol\/?s={search_term_string}"},"query-input":{"@type":"PropertyValueSpecification","valueRequired":true,"valueName":"search_term_string"}}],"inLanguage":"fi"}]}},"lang":"fi","translations":{"fi":434},"pll_sync_post":[],"_links":{"self":[{"href":"https:\/\/teknologiateollisuus.fi\/skol\/wp-json\/wp\/v2\/pages\/434","targetHints":{"allow":["GET"]}}],"collection":[{"href":"https:\/\/teknologiateollisuus.fi\/skol\/wp-json\/wp\/v2\/pages"}],"about":[{"href":"https:\/\/teknologiateollisuus.fi\/skol\/wp-json\/wp\/v2\/types\/page"}],"author":[{"embeddable":true,"href":"https:\/\/teknologiateollisuus.fi\/skol\/wp-json\/wp\/v2\/users\/50"}],"replies":[{"embeddable":true,"href":"https:\/\/teknologiateollisuus.fi\/skol\/wp-json\/wp\/v2\/comments?post=434"}],"version-history":[{"count":11,"href":"https:\/\/teknologiateollisuus.fi\/skol\/wp-json\/wp\/v2\/pages\/434\/revisions"}],"predecessor-version":[{"id":2053,"href":"https:\/\/teknologiateollisuus.fi\/skol\/wp-json\/wp\/v2\/pages\/434\/revisions\/2053"}],"up":[{"embeddable":true,"href":"https:\/\/teknologiateollisuus.fi\/skol\/wp-json\/wp\/v2\/pages\/424"}],"wp:attachment":[{"href":"https:\/\/teknologiateollisuus.fi\/skol\/wp-json\/wp\/v2\/media?parent=434"}],"curies":[{"name":"wp","href":"https:\/\/api.w.org\/{rel}","templated":true}]}}