{"id":437,"date":"2024-08-06T16:33:51","date_gmt":"2024-08-06T13:33:51","guid":{"rendered":"https:\/\/teknologiateollisuus.fi\/skol\/?page_id=437"},"modified":"2024-10-02T11:26:43","modified_gmt":"2024-10-02T08:26:43","slug":"yhdyskuntasektori","status":"publish","type":"page","link":"https:\/\/teknologiateollisuus.fi\/skol\/tietoa-alasta\/tki-toiminta\/yhdyskuntasektori\/","title":{"rendered":"Yhdyskuntasektori"},"content":{"rendered":"\n<div class=\"em-block-hero hero-has-background-color has-background has-violet-background-color collapse media-position-background \">\n\t<div class=\"em-block-hero__container\">\n\t\t<div class=\"em-block-hero__content\">\n\t\t\t<div class=\"yoast-breadcrumbs\"><span><span><a href=\"https:\/\/teknologiateollisuus.fi\/skol\/\">Etusivu<\/a><\/span> <span class=\"separator\"><\/span> <span><a href=\"https:\/\/teknologiateollisuus.fi\/skol\/tietoa-alasta\/\">Tietoa alasta<\/a><\/span> <span class=\"separator\"><\/span> <span><a href=\"https:\/\/teknologiateollisuus.fi\/skol\/tietoa-alasta\/tki-toiminta\/\">TKI-toiminta<\/a><\/span> <span class=\"separator\"><\/span> <span class=\"breadcrumb_last\" aria-current=\"page\">Yhdyskuntasektori<\/span><\/span><\/div>\t\t\t\n<h1 class=\"wp-block-heading\" id=\"yhdyskuntasektori\">Yhdyskuntasektori<\/h1>\n\t\t\t<div class=\"em-block-hero__modified-date\"> P\u00e4ivitetty 02.10.2024 klo 11:26<\/div>\t\t<\/div>\n\t\t\t\t\t<figure class=\"em-block-hero__image\">\n\t\t\t\t\t\t\t<\/figure>\n\t\t\t<\/div>\n<\/div>\n\n\n\n<p>T\u00e4lle sivulle on koottu yhdyskuntasektorin&nbsp;kehitt\u00e4miseen ja tutkimukseen liittyv\u00e4\u00e4 aineistoa.&nbsp;<\/p>\n\n\n\n<h2 class=\"wp-block-heading\" id=\"ajankohtaista\">Ajankohtaista<\/h2>\n\n\n\n<h3 class=\"wp-block-heading\" id=\"liikenne-ja-infra-alan-osaamisen-varmistaminen\">Liikenne- ja infra-alan osaamisen varmistaminen<\/h3>\n\n\n\n<p>&nbsp;Tavoitteena parantaa liikenne- ja infra-alan vetovoimaa ja varmistaa osaamisen kehittyminen.<\/p>\n\n\n\n<p>\u2022 M\u00e4\u00e4ritell\u00e4\u00e4n yritysten kannalta v\u00e4ltt\u00e4m\u00e4tt\u00f6m\u00e4t perusosaamistarpeet<br>&nbsp;tutkinnoittain sek\u00e4 vaikutetaan tutkinto\u2010ohjelmiin jotta koulutus vastaa<br>&nbsp;yritysten tarpeita.<br>\u2022 Ker\u00e4t\u00e4\u00e4n tiedot kaikesta liikenne\u2010 ja infra\u2010alan jatko\u2010 ja t\u00e4ydennyskoulutuksesta<br>&nbsp;ja luodaan MANKin sivuille kattava koulutuskalenteri.<br>\u2022 Parannetaan alan n\u00e4kyvyytt\u00e4 oppilaitoksissa houkuttelevuuden lis\u00e4\u00e4miseksi,<br>&nbsp;edistet\u00e4\u00e4n harjoittelupaikkojen lis\u00e4\u00e4mist\u00e4 yrityksiss\u00e4 ja julkisissa<br>&nbsp;infrahankkeissa ja tuetaan oppimateriaalin ja opettajien ammattitaidon<br>&nbsp;kehitt\u00e4mist\u00e4.<br>\u2022 Edistet\u00e4\u00e4n uuden T&amp;K\u2010tiedon nopeaa hy\u00f6dynt\u00e4mist\u00e4 opetuksessa luomalla<br>&nbsp;T&amp;K\u2010seurantaj\u00e4rjestelm\u00e4 ja lis\u00e4\u00e4m\u00e4ll\u00e4 yritysten\/yhteis\u00f6jen ja oppilaitosten<br>&nbsp;T&amp;K\u2010yhteisty\u00f6t\u00e4.<br>\u2022 Parannetaan liikenne\u2010 ja infra\u2010alan viestint\u00e4\u00e4 luomalla verkkoviestint\u00e4sivusto ja<br>&nbsp;tiedotusj\u00e4rjestelm\u00e4.<br>\u2022 Systematisoidaan oppilaitosten ja yritysten v\u00e4linen yhteisty\u00f6 ja lis\u00e4t\u00e4\u00e4n<br>&nbsp;suunnitteluyritysten edustusta oppilaitosten neuvottelukunnissa.<br>\u2022 Luodaan pysyv\u00e4 toimintamalli projektin j\u00e4lkeiselle yhteisty\u00f6lle.<\/p>\n\n\n\n<h3 class=\"wp-block-heading\" id=\"infraryl\">InfraRYL<\/h3>\n\n\n\n<h6 class=\"wp-block-heading\"><strong>InfraRYL-laadunohjaushanke<\/strong><\/h6>\n\n\n\n<p><br>InfraRYL on infra-alan rakennust\u00f6iden nimikkeist\u00f6n ja yleisten laatuvaatimusten tietopalveluj\u00e4rjestelm\u00e4. Hanke toteutettiin vuosina 2002\u20132006 ja sen vastuutahona toimi Rakennustietos\u00e4\u00e4ti\u00f6.<\/p>\n\n\n\n<div class=\"wp-block-buttons is-layout-flex wp-block-buttons-is-layout-flex\">\n<div class=\"wp-block-button icon-right\"><a class=\"wp-block-button__link wp-element-button\" href=\"https:\/\/tilaukset.rakennustieto.fi\/infraryl\/infraryl-lisenssi\">Infrarakentamisen yleiset laatuvaatimukset<\/a><\/div>\n<\/div>\n\n\n\n<h2 class=\"wp-block-heading\" id=\"maaryl\">MaaRYL<\/h2>\n\n\n\n<div class=\"wp-block-buttons is-layout-flex wp-block-buttons-is-layout-flex\">\n<div class=\"wp-block-button icon-right\"><a class=\"wp-block-button__link wp-element-button\" href=\"https:\/\/tilaukset.rakennustieto.fi\/maaryl\/maaryl-lisenssi\">Talonrakennus-hankkeiden infrarakentamisen yleiset laatuvaatimukset<\/a><\/div>\n<\/div>\n\n\n\n<h2 class=\"wp-block-heading\" id=\"muita-linkkeja\">Muita linkkej\u00e4<\/h2>\n\n\n\n<div class=\"wp-block-buttons is-layout-flex wp-block-buttons-is-layout-flex\">\n<div class=\"wp-block-button icon-right\"><a class=\"wp-block-button__link wp-element-button\" href=\"https:\/\/wiki.buildingsmart.fi\/fi\/04_Julkaisut_ja_Standardit\/YIV\">Yleiset inframallivaatimukset<\/a><\/div>\n<\/div>\n\n\n\n<div class=\"wp-block-buttons is-layout-flex wp-block-buttons-is-layout-flex\">\n<div class=\"wp-block-button icon-right\"><a class=\"wp-block-button__link wp-element-button\" href=\"https:\/\/infraosaaja.fi\/\">LIKE &#8211; Liikenne-ja infraosaamisen kehitt\u00e4misfoorumi<\/a><\/div>\n<\/div>\n\n\n\n<div class=\"wp-block-buttons is-layout-flex wp-block-buttons-is-layout-flex\">\n<div class=\"wp-block-button icon-right\"><a class=\"wp-block-button__link wp-element-button\">MANK &#8211; Maarakennusalan neuvottelukunta<\/a><\/div>\n\n\n\n<div class=\"wp-block-button icon-right\"><a class=\"wp-block-button__link wp-element-button\">SGY &#8211; Suomen geoteknillinen yhdistys<\/a><\/div>\n\n\n\n<div class=\"wp-block-button icon-right\"><a class=\"wp-block-button__link wp-element-button\">V\u00e4yl\u00e4viraston ohjeet<\/a><\/div>\n\n\n\n<div class=\"wp-block-button icon-right\"><a class=\"wp-block-button__link wp-element-button\">V\u00e4yl\u00e4viraston hankkeet<\/a><\/div>\n<\/div>\n","protected":false},"excerpt":{"rendered":"<p>T\u00e4lle sivulle on koottu yhdyskuntasektorin&nbsp;kehitt\u00e4miseen ja tutkimukseen liittyv\u00e4\u00e4 aineistoa.&nbsp; Ajankohtaista Liikenne- ja infra-alan osaamisen varmistaminen &nbsp;Tavoitteena parantaa liikenne- ja infra-alan vetovoimaa ja varmistaa osaamisen kehittyminen. \u2022 M\u00e4\u00e4ritell\u00e4\u00e4n yritysten kannalta v\u00e4ltt\u00e4m\u00e4tt\u00f6m\u00e4t perusosaamistarpeet&nbsp;tutkinnoittain sek\u00e4 vaikutetaan tutkinto\u2010ohjelmiin jotta koulutus vastaa&nbsp;yritysten tarpeita.\u2022 Ker\u00e4t\u00e4\u00e4n tiedot kaikesta liikenne\u2010 ja infra\u2010alan jatko\u2010 ja t\u00e4ydennyskoulutuksesta&nbsp;ja luodaan MANKin sivuille kattava koulutuskalenteri.\u2022 Parannetaan alan n\u00e4kyvyytt\u00e4 [&hellip;]<\/p>\n","protected":false},"author":50,"featured_media":0,"parent":424,"menu_order":0,"comment_status":"closed","ping_status":"closed","template":"","meta":{"_acf_changed":false,"_relevanssi_hide_post":"","_relevanssi_hide_content":"","_relevanssi_pin_for_all":"","_relevanssi_pin_keywords":"","_relevanssi_unpin_keywords":"","_relevanssi_related_keywords":"","_relevanssi_related_include_ids":"","_relevanssi_related_exclude_ids":"","_relevanssi_related_no_append":"","_relevanssi_related_not_related":"","_relevanssi_related_posts":"55,48,53,57,56,54","_relevanssi_noindex_reason":"","inline_featured_image":false,"footnotes":""},"class_list":["post-437","page","type-page","status-publish","hentry"],"acf":[],"yoast_head":"<!-- This site is optimized with the Yoast SEO Premium plugin v27.1 (Yoast SEO v27.4) - https:\/\/yoast.com\/product\/yoast-seo-premium-wordpress\/ -->\n<title>Yhdyskuntasektori - Skol<\/title>\n<meta name=\"robots\" content=\"index, follow, max-snippet:-1, max-image-preview:large, max-video-preview:-1\" \/>\n<link rel=\"canonical\" href=\"https:\/\/teknologiateollisuus.fi\/skol\/tietoa-alasta\/tki-toiminta\/yhdyskuntasektori\/\" \/>\n<meta property=\"og:locale\" content=\"fi_FI\" \/>\n<meta property=\"og:type\" content=\"article\" \/>\n<meta property=\"og:title\" content=\"Yhdyskuntasektori\" \/>\n<meta property=\"og:description\" content=\"T\u00e4lle sivulle on koottu yhdyskuntasektorin&nbsp;kehitt\u00e4miseen ja tutkimukseen liittyv\u00e4\u00e4 aineistoa.&nbsp; Ajankohtaista Liikenne- ja infra-alan osaamisen varmistaminen &nbsp;Tavoitteena parantaa liikenne- ja infra-alan vetovoimaa ja varmistaa osaamisen kehittyminen. \u2022 M\u00e4\u00e4ritell\u00e4\u00e4n yritysten kannalta v\u00e4ltt\u00e4m\u00e4tt\u00f6m\u00e4t perusosaamistarpeet&nbsp;tutkinnoittain sek\u00e4 vaikutetaan tutkinto\u2010ohjelmiin jotta koulutus vastaa&nbsp;yritysten tarpeita.\u2022 Ker\u00e4t\u00e4\u00e4n tiedot kaikesta liikenne\u2010 ja infra\u2010alan jatko\u2010 ja t\u00e4ydennyskoulutuksesta&nbsp;ja luodaan MANKin sivuille kattava koulutuskalenteri.\u2022 Parannetaan alan n\u00e4kyvyytt\u00e4 [&hellip;]\" \/>\n<meta property=\"og:url\" content=\"https:\/\/teknologiateollisuus.fi\/skol\/tietoa-alasta\/tki-toiminta\/yhdyskuntasektori\/\" \/>\n<meta property=\"og:site_name\" content=\"Skol\" \/>\n<meta property=\"article:modified_time\" content=\"2024-10-02T08:26:43+00:00\" \/>\n<meta name=\"twitter:card\" content=\"summary_large_image\" \/>\n<meta name=\"twitter:label1\" content=\"Arvioitu lukuaika\" \/>\n\t<meta name=\"twitter:data1\" content=\"2 minuuttia\" \/>\n<script type=\"application\/ld+json\" class=\"yoast-schema-graph\">{\"@context\":\"https:\\\/\\\/schema.org\",\"@graph\":[{\"@type\":\"WebPage\",\"@id\":\"https:\\\/\\\/teknologiateollisuus.fi\\\/skol\\\/tietoa-alasta\\\/tki-toiminta\\\/yhdyskuntasektori\\\/\",\"url\":\"https:\\\/\\\/teknologiateollisuus.fi\\\/skol\\\/tietoa-alasta\\\/tki-toiminta\\\/yhdyskuntasektori\\\/\",\"name\":\"Yhdyskuntasektori - Skol\",\"isPartOf\":{\"@id\":\"https:\\\/\\\/teknologiateollisuus.fi\\\/skol\\\/#website\"},\"datePublished\":\"2024-08-06T13:33:51+00:00\",\"dateModified\":\"2024-10-02T08:26:43+00:00\",\"breadcrumb\":{\"@id\":\"https:\\\/\\\/teknologiateollisuus.fi\\\/skol\\\/tietoa-alasta\\\/tki-toiminta\\\/yhdyskuntasektori\\\/#breadcrumb\"},\"inLanguage\":\"fi\",\"potentialAction\":[{\"@type\":\"ReadAction\",\"target\":[\"https:\\\/\\\/teknologiateollisuus.fi\\\/skol\\\/tietoa-alasta\\\/tki-toiminta\\\/yhdyskuntasektori\\\/\"]}]},{\"@type\":\"BreadcrumbList\",\"@id\":\"https:\\\/\\\/teknologiateollisuus.fi\\\/skol\\\/tietoa-alasta\\\/tki-toiminta\\\/yhdyskuntasektori\\\/#breadcrumb\",\"itemListElement\":[{\"@type\":\"ListItem\",\"position\":1,\"name\":\"Etusivu\",\"item\":\"https:\\\/\\\/teknologiateollisuus.fi\\\/skol\\\/\"},{\"@type\":\"ListItem\",\"position\":2,\"name\":\"Tietoa alasta\",\"item\":\"https:\\\/\\\/teknologiateollisuus.fi\\\/skol\\\/tietoa-alasta\\\/\"},{\"@type\":\"ListItem\",\"position\":3,\"name\":\"TKI-toiminta\",\"item\":\"https:\\\/\\\/teknologiateollisuus.fi\\\/skol\\\/tietoa-alasta\\\/tki-toiminta\\\/\"},{\"@type\":\"ListItem\",\"position\":4,\"name\":\"Yhdyskuntasektori\"}]},{\"@type\":\"WebSite\",\"@id\":\"https:\\\/\\\/teknologiateollisuus.fi\\\/skol\\\/#website\",\"url\":\"https:\\\/\\\/teknologiateollisuus.fi\\\/skol\\\/\",\"name\":\"Skol\",\"description\":\"\",\"potentialAction\":[{\"@type\":\"SearchAction\",\"target\":{\"@type\":\"EntryPoint\",\"urlTemplate\":\"https:\\\/\\\/teknologiateollisuus.fi\\\/skol\\\/?s={search_term_string}\"},\"query-input\":{\"@type\":\"PropertyValueSpecification\",\"valueRequired\":true,\"valueName\":\"search_term_string\"}}],\"inLanguage\":\"fi\"}]}<\/script>\n<!-- \/ Yoast SEO Premium plugin. -->","yoast_head_json":{"title":"Yhdyskuntasektori - Skol","robots":{"index":"index","follow":"follow","max-snippet":"max-snippet:-1","max-image-preview":"max-image-preview:large","max-video-preview":"max-video-preview:-1"},"canonical":"https:\/\/teknologiateollisuus.fi\/skol\/tietoa-alasta\/tki-toiminta\/yhdyskuntasektori\/","og_locale":"fi_FI","og_type":"article","og_title":"Yhdyskuntasektori","og_description":"T\u00e4lle sivulle on koottu yhdyskuntasektorin&nbsp;kehitt\u00e4miseen ja tutkimukseen liittyv\u00e4\u00e4 aineistoa.&nbsp; Ajankohtaista Liikenne- ja infra-alan osaamisen varmistaminen &nbsp;Tavoitteena parantaa liikenne- ja infra-alan vetovoimaa ja varmistaa osaamisen kehittyminen. \u2022 M\u00e4\u00e4ritell\u00e4\u00e4n yritysten kannalta v\u00e4ltt\u00e4m\u00e4tt\u00f6m\u00e4t perusosaamistarpeet&nbsp;tutkinnoittain sek\u00e4 vaikutetaan tutkinto\u2010ohjelmiin jotta koulutus vastaa&nbsp;yritysten tarpeita.\u2022 Ker\u00e4t\u00e4\u00e4n tiedot kaikesta liikenne\u2010 ja infra\u2010alan jatko\u2010 ja t\u00e4ydennyskoulutuksesta&nbsp;ja luodaan MANKin sivuille kattava koulutuskalenteri.\u2022 Parannetaan alan n\u00e4kyvyytt\u00e4 [&hellip;]","og_url":"https:\/\/teknologiateollisuus.fi\/skol\/tietoa-alasta\/tki-toiminta\/yhdyskuntasektori\/","og_site_name":"Skol","article_modified_time":"2024-10-02T08:26:43+00:00","twitter_card":"summary_large_image","twitter_misc":{"Arvioitu lukuaika":"2 minuuttia"},"schema":{"@context":"https:\/\/schema.org","@graph":[{"@type":"WebPage","@id":"https:\/\/teknologiateollisuus.fi\/skol\/tietoa-alasta\/tki-toiminta\/yhdyskuntasektori\/","url":"https:\/\/teknologiateollisuus.fi\/skol\/tietoa-alasta\/tki-toiminta\/yhdyskuntasektori\/","name":"Yhdyskuntasektori - Skol","isPartOf":{"@id":"https:\/\/teknologiateollisuus.fi\/skol\/#website"},"datePublished":"2024-08-06T13:33:51+00:00","dateModified":"2024-10-02T08:26:43+00:00","breadcrumb":{"@id":"https:\/\/teknologiateollisuus.fi\/skol\/tietoa-alasta\/tki-toiminta\/yhdyskuntasektori\/#breadcrumb"},"inLanguage":"fi","potentialAction":[{"@type":"ReadAction","target":["https:\/\/teknologiateollisuus.fi\/skol\/tietoa-alasta\/tki-toiminta\/yhdyskuntasektori\/"]}]},{"@type":"BreadcrumbList","@id":"https:\/\/teknologiateollisuus.fi\/skol\/tietoa-alasta\/tki-toiminta\/yhdyskuntasektori\/#breadcrumb","itemListElement":[{"@type":"ListItem","position":1,"name":"Etusivu","item":"https:\/\/teknologiateollisuus.fi\/skol\/"},{"@type":"ListItem","position":2,"name":"Tietoa alasta","item":"https:\/\/teknologiateollisuus.fi\/skol\/tietoa-alasta\/"},{"@type":"ListItem","position":3,"name":"TKI-toiminta","item":"https:\/\/teknologiateollisuus.fi\/skol\/tietoa-alasta\/tki-toiminta\/"},{"@type":"ListItem","position":4,"name":"Yhdyskuntasektori"}]},{"@type":"WebSite","@id":"https:\/\/teknologiateollisuus.fi\/skol\/#website","url":"https:\/\/teknologiateollisuus.fi\/skol\/","name":"Skol","description":"","potentialAction":[{"@type":"SearchAction","target":{"@type":"EntryPoint","urlTemplate":"https:\/\/teknologiateollisuus.fi\/skol\/?s={search_term_string}"},"query-input":{"@type":"PropertyValueSpecification","valueRequired":true,"valueName":"search_term_string"}}],"inLanguage":"fi"}]}},"lang":"fi","translations":{"fi":437},"pll_sync_post":[],"_links":{"self":[{"href":"https:\/\/teknologiateollisuus.fi\/skol\/wp-json\/wp\/v2\/pages\/437","targetHints":{"allow":["GET"]}}],"collection":[{"href":"https:\/\/teknologiateollisuus.fi\/skol\/wp-json\/wp\/v2\/pages"}],"about":[{"href":"https:\/\/teknologiateollisuus.fi\/skol\/wp-json\/wp\/v2\/types\/page"}],"author":[{"embeddable":true,"href":"https:\/\/teknologiateollisuus.fi\/skol\/wp-json\/wp\/v2\/users\/50"}],"replies":[{"embeddable":true,"href":"https:\/\/teknologiateollisuus.fi\/skol\/wp-json\/wp\/v2\/comments?post=437"}],"version-history":[{"count":10,"href":"https:\/\/teknologiateollisuus.fi\/skol\/wp-json\/wp\/v2\/pages\/437\/revisions"}],"predecessor-version":[{"id":2028,"href":"https:\/\/teknologiateollisuus.fi\/skol\/wp-json\/wp\/v2\/pages\/437\/revisions\/2028"}],"up":[{"embeddable":true,"href":"https:\/\/teknologiateollisuus.fi\/skol\/wp-json\/wp\/v2\/pages\/424"}],"wp:attachment":[{"href":"https:\/\/teknologiateollisuus.fi\/skol\/wp-json\/wp\/v2\/media?parent=437"}],"curies":[{"name":"wp","href":"https:\/\/api.w.org\/{rel}","templated":true}]}}