{"id":456,"date":"2024-08-07T13:00:19","date_gmt":"2024-08-07T10:00:19","guid":{"rendered":"https:\/\/teknologiateollisuus.fi\/skol\/?page_id=456"},"modified":"2024-09-30T16:22:18","modified_gmt":"2024-09-30T13:22:18","slug":"tule-muotoilemaan-tulevaisuus","status":"publish","type":"page","link":"https:\/\/teknologiateollisuus.fi\/skol\/osaaminen\/tule-muotoilemaan-tulevaisuus\/","title":{"rendered":"Tule muotoilemaan tulevaisuus"},"content":{"rendered":"\n<div class=\"em-block-hero hero-has-background-color has-background has-violet-background-color has-image media-position-right \">\n\t<div class=\"em-block-hero__container\">\n\t\t<div class=\"em-block-hero__content\">\n\t\t\t<div class=\"yoast-breadcrumbs\"><span><span><a href=\"https:\/\/teknologiateollisuus.fi\/skol\/\">Etusivu<\/a><\/span> <span class=\"separator\"><\/span> <span><a href=\"https:\/\/teknologiateollisuus.fi\/skol\/osaaminen\/\">Osaaminen ja vetovoima<\/a><\/span> <span class=\"separator\"><\/span> <span class=\"breadcrumb_last\" aria-current=\"page\">Tule muotoilemaan tulevaisuus<\/span><\/span><\/div>\t\t\t\n<h1 class=\"wp-block-heading\" id=\"tule-muotoilemaan-tulevaisuus\">Tule muotoilemaan tulevaisuus<\/h1>\n\t\t\t<div class=\"em-block-hero__modified-date\"> P\u00e4ivitetty 30.09.2024 klo 16:22<\/div>\t\t<\/div>\n\t\t\t\t\t<figure class=\"em-block-hero__image\">\n\t\t\t\t<img loading=\"lazy\" decoding=\"async\" width=\"700\" height=\"300\" src=\"https:\/\/teknologiateollisuus.fi\/skol\/wp-content\/uploads\/sites\/6\/2024\/08\/SKOL_vetovoima_header.png\" class=\"attachment-hero size-hero\" alt=\"Kolme nuorta seisoo ja hymyilee, taustalla n\u00e4kyy l\u00e4pi kaupunkin\u00e4kym\u00e4.\" srcset=\"https:\/\/teknologiateollisuus.fi\/skol\/wp-content\/uploads\/sites\/6\/2024\/08\/SKOL_vetovoima_header.png 700w, https:\/\/teknologiateollisuus.fi\/skol\/wp-content\/uploads\/sites\/6\/2024\/08\/SKOL_vetovoima_header-400x171.png 400w\" sizes=\"auto, (max-width: 700px) 100vw, 700px\" \/>\t\t\t<\/figure>\n\t\t\t<\/div>\n<\/div>\n\n\n\n<p class=\"is-style-default\">Milt\u00e4 maailma n\u00e4ytt\u00e4\u00e4 suunnittelijan silmin? Millaisten kompleksisten ongelmien parissa konsultti ty\u00f6skentelee? Miten suunnitteluala vaikuttaa yhteiskuntaan, jossa el\u00e4mme? Tule ottamaan selv\u00e4\u00e4! T\u00e4lt\u00e4 sivulta l\u00f6yd\u00e4t hy\u00f6dyllist\u00e4 tietoa suunnittelu- ja konsultointialasta, sek\u00e4 alan tarjoamista uramahdollisuuksista.<\/p>\n\n\n\n<p>Tulevaisuuden globaalit haasteet eiv\u00e4t ratkea taikatempuilla, vaan todellisten ihmisten toimesta todellisilla suunnittelup\u00f6ydill\u00e4. Meid\u00e4n tavoitteemme on valottaa sit\u00e4, mit\u00e4 n\u00e4ill\u00e4 suunnittelup\u00f6ydill\u00e4 oikeasti tapahtuu. SKOL ry on suunnittelu- ja konsultointialan toimialaj\u00e4rjest\u00f6, jonka tavoitteena on sek\u00e4 edist\u00e4\u00e4 ett\u00e4 tuoda tunnetuksi hyv\u00e4\u00e4 suomalaista suunnittelua ja konsultointia.<\/p>\n\n\n\n<blockquote class=\"wp-block-quote is-layout-flow wp-block-quote-is-layout-flow\">\n<p>Alamme ratkaisee ongelmia, jotka koskevat sellaisia maailmaa muuttavia globaaleja megatrendej\u00e4 kuten vihre\u00e4 siirtym\u00e4, kaupungistuminen ja rajallisten resurssiemme riitt\u00e4vyys.<\/p>\n<\/blockquote>\n\n\n\n<p>J\u00e4rjest\u00f6\u00f6mme kuuluu yli 110 j\u00e4senyrityst\u00e4 teollisuuden, rakentamisen ja infrastruktuurin toimialoilta. J\u00e4senyrityksemme ty\u00f6llist\u00e4v\u00e4t hieman yli 21&nbsp;000 ihmist\u00e4, ja niiden yhteenlaskettu liikevaihto on 2,2 miljardia euroa. J\u00e4senyrityksemme toimivat asiantuntijoina ja suunnittelijoina teollisuuden, rakentamisen ja yhteiskunnan kehitt\u00e4misess\u00e4 ja investoinneissa sek\u00e4 Suomessa, ett\u00e4 kansainv\u00e4lisesti. Tavoitteemme on olla suomalaisen yhteiskunnan ja elinkeinoel\u00e4m\u00e4n arvostettu kilpailuetu ja osaamisen kehitt\u00e4j\u00e4.<\/p>\n","protected":false},"excerpt":{"rendered":"<p>Milt\u00e4 maailma n\u00e4ytt\u00e4\u00e4 suunnittelijan silmin? Millaisten kompleksisten ongelmien parissa konsultti ty\u00f6skentelee? Miten suunnitteluala vaikuttaa yhteiskuntaan, jossa el\u00e4mme? Tule ottamaan selv\u00e4\u00e4! T\u00e4lt\u00e4 sivulta l\u00f6yd\u00e4t hy\u00f6dyllist\u00e4 tietoa suunnittelu- ja konsultointialasta, sek\u00e4 alan tarjoamista uramahdollisuuksista. Tulevaisuuden globaalit haasteet eiv\u00e4t ratkea taikatempuilla, vaan todellisten ihmisten toimesta todellisilla suunnittelup\u00f6ydill\u00e4. Meid\u00e4n tavoitteemme on valottaa sit\u00e4, mit\u00e4 n\u00e4ill\u00e4 suunnittelup\u00f6ydill\u00e4 oikeasti tapahtuu. SKOL [&hellip;]<\/p>\n","protected":false},"author":50,"featured_media":0,"parent":407,"menu_order":9,"comment_status":"closed","ping_status":"closed","template":"","meta":{"_acf_changed":false,"_relevanssi_hide_post":"","_relevanssi_hide_content":"","_relevanssi_pin_for_all":"","_relevanssi_pin_keywords":"","_relevanssi_unpin_keywords":"","_relevanssi_related_keywords":"","_relevanssi_related_include_ids":"","_relevanssi_related_exclude_ids":"","_relevanssi_related_no_append":"","_relevanssi_related_not_related":"","_relevanssi_related_posts":"56,57,54,48,55,53","_relevanssi_noindex_reason":"","inline_featured_image":false,"footnotes":""},"class_list":["post-456","page","type-page","status-publish","hentry"],"acf":[],"yoast_head":"<!-- This site is optimized with the Yoast SEO Premium plugin v27.1 (Yoast SEO v27.4) - https:\/\/yoast.com\/product\/yoast-seo-premium-wordpress\/ -->\n<title>Tule muotoilemaan tulevaisuus - Skol<\/title>\n<meta name=\"robots\" content=\"index, follow, max-snippet:-1, max-image-preview:large, max-video-preview:-1\" \/>\n<link rel=\"canonical\" href=\"https:\/\/teknologiateollisuus.fi\/skol\/osaaminen\/tule-muotoilemaan-tulevaisuus\/\" \/>\n<meta property=\"og:locale\" content=\"fi_FI\" \/>\n<meta property=\"og:type\" content=\"article\" \/>\n<meta property=\"og:title\" content=\"Tule muotoilemaan tulevaisuus\" \/>\n<meta property=\"og:description\" content=\"Milt\u00e4 maailma n\u00e4ytt\u00e4\u00e4 suunnittelijan silmin? Millaisten kompleksisten ongelmien parissa konsultti ty\u00f6skentelee? Miten suunnitteluala vaikuttaa yhteiskuntaan, jossa el\u00e4mme? Tule ottamaan selv\u00e4\u00e4! T\u00e4lt\u00e4 sivulta l\u00f6yd\u00e4t hy\u00f6dyllist\u00e4 tietoa suunnittelu- ja konsultointialasta, sek\u00e4 alan tarjoamista uramahdollisuuksista. Tulevaisuuden globaalit haasteet eiv\u00e4t ratkea taikatempuilla, vaan todellisten ihmisten toimesta todellisilla suunnittelup\u00f6ydill\u00e4. Meid\u00e4n tavoitteemme on valottaa sit\u00e4, mit\u00e4 n\u00e4ill\u00e4 suunnittelup\u00f6ydill\u00e4 oikeasti tapahtuu. SKOL [&hellip;]\" \/>\n<meta property=\"og:url\" content=\"https:\/\/teknologiateollisuus.fi\/skol\/osaaminen\/tule-muotoilemaan-tulevaisuus\/\" \/>\n<meta property=\"og:site_name\" content=\"Skol\" \/>\n<meta property=\"article:modified_time\" content=\"2024-09-30T13:22:18+00:00\" \/>\n<meta name=\"twitter:card\" content=\"summary_large_image\" \/>\n<meta name=\"twitter:label1\" content=\"Arvioitu lukuaika\" \/>\n\t<meta name=\"twitter:data1\" content=\"1 minuutti\" \/>\n<script type=\"application\/ld+json\" class=\"yoast-schema-graph\">{\"@context\":\"https:\\\/\\\/schema.org\",\"@graph\":[{\"@type\":\"WebPage\",\"@id\":\"https:\\\/\\\/teknologiateollisuus.fi\\\/skol\\\/osaaminen\\\/tule-muotoilemaan-tulevaisuus\\\/\",\"url\":\"https:\\\/\\\/teknologiateollisuus.fi\\\/skol\\\/osaaminen\\\/tule-muotoilemaan-tulevaisuus\\\/\",\"name\":\"Tule muotoilemaan tulevaisuus - Skol\",\"isPartOf\":{\"@id\":\"https:\\\/\\\/teknologiateollisuus.fi\\\/skol\\\/#website\"},\"datePublished\":\"2024-08-07T10:00:19+00:00\",\"dateModified\":\"2024-09-30T13:22:18+00:00\",\"breadcrumb\":{\"@id\":\"https:\\\/\\\/teknologiateollisuus.fi\\\/skol\\\/osaaminen\\\/tule-muotoilemaan-tulevaisuus\\\/#breadcrumb\"},\"inLanguage\":\"fi\",\"potentialAction\":[{\"@type\":\"ReadAction\",\"target\":[\"https:\\\/\\\/teknologiateollisuus.fi\\\/skol\\\/osaaminen\\\/tule-muotoilemaan-tulevaisuus\\\/\"]}]},{\"@type\":\"BreadcrumbList\",\"@id\":\"https:\\\/\\\/teknologiateollisuus.fi\\\/skol\\\/osaaminen\\\/tule-muotoilemaan-tulevaisuus\\\/#breadcrumb\",\"itemListElement\":[{\"@type\":\"ListItem\",\"position\":1,\"name\":\"Etusivu\",\"item\":\"https:\\\/\\\/teknologiateollisuus.fi\\\/skol\\\/\"},{\"@type\":\"ListItem\",\"position\":2,\"name\":\"Osaaminen ja vetovoima\",\"item\":\"https:\\\/\\\/teknologiateollisuus.fi\\\/skol\\\/osaaminen\\\/\"},{\"@type\":\"ListItem\",\"position\":3,\"name\":\"Tule muotoilemaan tulevaisuus\"}]},{\"@type\":\"WebSite\",\"@id\":\"https:\\\/\\\/teknologiateollisuus.fi\\\/skol\\\/#website\",\"url\":\"https:\\\/\\\/teknologiateollisuus.fi\\\/skol\\\/\",\"name\":\"Skol\",\"description\":\"\",\"potentialAction\":[{\"@type\":\"SearchAction\",\"target\":{\"@type\":\"EntryPoint\",\"urlTemplate\":\"https:\\\/\\\/teknologiateollisuus.fi\\\/skol\\\/?s={search_term_string}\"},\"query-input\":{\"@type\":\"PropertyValueSpecification\",\"valueRequired\":true,\"valueName\":\"search_term_string\"}}],\"inLanguage\":\"fi\"}]}<\/script>\n<!-- \/ Yoast SEO Premium plugin. -->","yoast_head_json":{"title":"Tule muotoilemaan tulevaisuus - Skol","robots":{"index":"index","follow":"follow","max-snippet":"max-snippet:-1","max-image-preview":"max-image-preview:large","max-video-preview":"max-video-preview:-1"},"canonical":"https:\/\/teknologiateollisuus.fi\/skol\/osaaminen\/tule-muotoilemaan-tulevaisuus\/","og_locale":"fi_FI","og_type":"article","og_title":"Tule muotoilemaan tulevaisuus","og_description":"Milt\u00e4 maailma n\u00e4ytt\u00e4\u00e4 suunnittelijan silmin? Millaisten kompleksisten ongelmien parissa konsultti ty\u00f6skentelee? Miten suunnitteluala vaikuttaa yhteiskuntaan, jossa el\u00e4mme? Tule ottamaan selv\u00e4\u00e4! T\u00e4lt\u00e4 sivulta l\u00f6yd\u00e4t hy\u00f6dyllist\u00e4 tietoa suunnittelu- ja konsultointialasta, sek\u00e4 alan tarjoamista uramahdollisuuksista. Tulevaisuuden globaalit haasteet eiv\u00e4t ratkea taikatempuilla, vaan todellisten ihmisten toimesta todellisilla suunnittelup\u00f6ydill\u00e4. Meid\u00e4n tavoitteemme on valottaa sit\u00e4, mit\u00e4 n\u00e4ill\u00e4 suunnittelup\u00f6ydill\u00e4 oikeasti tapahtuu. SKOL [&hellip;]","og_url":"https:\/\/teknologiateollisuus.fi\/skol\/osaaminen\/tule-muotoilemaan-tulevaisuus\/","og_site_name":"Skol","article_modified_time":"2024-09-30T13:22:18+00:00","twitter_card":"summary_large_image","twitter_misc":{"Arvioitu lukuaika":"1 minuutti"},"schema":{"@context":"https:\/\/schema.org","@graph":[{"@type":"WebPage","@id":"https:\/\/teknologiateollisuus.fi\/skol\/osaaminen\/tule-muotoilemaan-tulevaisuus\/","url":"https:\/\/teknologiateollisuus.fi\/skol\/osaaminen\/tule-muotoilemaan-tulevaisuus\/","name":"Tule muotoilemaan tulevaisuus - Skol","isPartOf":{"@id":"https:\/\/teknologiateollisuus.fi\/skol\/#website"},"datePublished":"2024-08-07T10:00:19+00:00","dateModified":"2024-09-30T13:22:18+00:00","breadcrumb":{"@id":"https:\/\/teknologiateollisuus.fi\/skol\/osaaminen\/tule-muotoilemaan-tulevaisuus\/#breadcrumb"},"inLanguage":"fi","potentialAction":[{"@type":"ReadAction","target":["https:\/\/teknologiateollisuus.fi\/skol\/osaaminen\/tule-muotoilemaan-tulevaisuus\/"]}]},{"@type":"BreadcrumbList","@id":"https:\/\/teknologiateollisuus.fi\/skol\/osaaminen\/tule-muotoilemaan-tulevaisuus\/#breadcrumb","itemListElement":[{"@type":"ListItem","position":1,"name":"Etusivu","item":"https:\/\/teknologiateollisuus.fi\/skol\/"},{"@type":"ListItem","position":2,"name":"Osaaminen ja vetovoima","item":"https:\/\/teknologiateollisuus.fi\/skol\/osaaminen\/"},{"@type":"ListItem","position":3,"name":"Tule muotoilemaan tulevaisuus"}]},{"@type":"WebSite","@id":"https:\/\/teknologiateollisuus.fi\/skol\/#website","url":"https:\/\/teknologiateollisuus.fi\/skol\/","name":"Skol","description":"","potentialAction":[{"@type":"SearchAction","target":{"@type":"EntryPoint","urlTemplate":"https:\/\/teknologiateollisuus.fi\/skol\/?s={search_term_string}"},"query-input":{"@type":"PropertyValueSpecification","valueRequired":true,"valueName":"search_term_string"}}],"inLanguage":"fi"}]}},"lang":"fi","translations":{"fi":456},"pll_sync_post":[],"_links":{"self":[{"href":"https:\/\/teknologiateollisuus.fi\/skol\/wp-json\/wp\/v2\/pages\/456","targetHints":{"allow":["GET"]}}],"collection":[{"href":"https:\/\/teknologiateollisuus.fi\/skol\/wp-json\/wp\/v2\/pages"}],"about":[{"href":"https:\/\/teknologiateollisuus.fi\/skol\/wp-json\/wp\/v2\/types\/page"}],"author":[{"embeddable":true,"href":"https:\/\/teknologiateollisuus.fi\/skol\/wp-json\/wp\/v2\/users\/50"}],"replies":[{"embeddable":true,"href":"https:\/\/teknologiateollisuus.fi\/skol\/wp-json\/wp\/v2\/comments?post=456"}],"version-history":[{"count":6,"href":"https:\/\/teknologiateollisuus.fi\/skol\/wp-json\/wp\/v2\/pages\/456\/revisions"}],"predecessor-version":[{"id":1520,"href":"https:\/\/teknologiateollisuus.fi\/skol\/wp-json\/wp\/v2\/pages\/456\/revisions\/1520"}],"up":[{"embeddable":true,"href":"https:\/\/teknologiateollisuus.fi\/skol\/wp-json\/wp\/v2\/pages\/407"}],"wp:attachment":[{"href":"https:\/\/teknologiateollisuus.fi\/skol\/wp-json\/wp\/v2\/media?parent=456"}],"curies":[{"name":"wp","href":"https:\/\/api.w.org\/{rel}","templated":true}]}}