{"id":461,"date":"2024-08-07T13:25:54","date_gmt":"2024-08-07T10:25:54","guid":{"rendered":"https:\/\/teknologiateollisuus.fi\/skol\/?page_id=461"},"modified":"2025-02-07T11:28:27","modified_gmt":"2025-02-07T09:28:27","slug":"tee-maailmasta-parempi-paikka","status":"publish","type":"page","link":"https:\/\/teknologiateollisuus.fi\/skol\/osaaminen\/tule-muotoilemaan-tulevaisuus\/tee-maailmasta-parempi-paikka\/","title":{"rendered":"Tee maailmasta parempi paikka"},"content":{"rendered":"\n<div class=\"em-block-hero hero-has-background-color has-background has-violet-background-color collapse media-position-right \">\n\t<div class=\"em-block-hero__container\">\n\t\t<div class=\"em-block-hero__content\">\n\t\t\t<div class=\"yoast-breadcrumbs\"><span><span><a href=\"https:\/\/teknologiateollisuus.fi\/skol\/\">Etusivu<\/a><\/span> <span class=\"separator\"><\/span> <span><a href=\"https:\/\/teknologiateollisuus.fi\/skol\/osaaminen\/\">Osaaminen ja vetovoima<\/a><\/span> <span class=\"separator\"><\/span> <span><a href=\"https:\/\/teknologiateollisuus.fi\/skol\/osaaminen\/tule-muotoilemaan-tulevaisuus\/\">Tule muotoilemaan tulevaisuus<\/a><\/span> <span class=\"separator\"><\/span> <span class=\"breadcrumb_last\" aria-current=\"page\">Tee maailmasta parempi paikka<\/span><\/span><\/div>\t\t\t\n<h1 class=\"wp-block-heading\" id=\"h-tee-maailmasta-parempi-paikka\">Tee maailmasta parempi paikka<\/h1>\n\t\t\t<div class=\"em-block-hero__modified-date\"> P\u00e4ivitetty 07.02.2025 klo 11:28<\/div>\t\t<\/div>\n\t\t\t\t\t<figure class=\"em-block-hero__image\">\n\t\t\t\t\t\t\t<\/figure>\n\t\t\t<\/div>\n<\/div>\n\n\n\n<p>Toivoisitko, ett\u00e4 kaupungit olisivat tasa-arvoisia, esteett\u00f6mi\u00e4 ja turvallisia kaikille? Mietitk\u00f6 voisiko liikenteen p\u00e4\u00e4st\u00f6j\u00e4 v\u00e4hent\u00e4\u00e4 paremmalla julkisella liikenteell\u00e4? Miksei infrastruktuuri voi olla my\u00f6s kaunista? Miten voitaisiin tehd\u00e4 rakennuksista tai tehtaista viel\u00e4 ymp\u00e4rist\u00f6yst\u00e4v\u00e4llisempi\u00e4?<\/p>\n\n\n\n<p>Jos haluat vaikuttaa siihen, ett\u00e4 kaikkien tarpeet huomioidaan ja ymp\u00e4rist\u00f6 paranee, hakeudu suunnittelu- ja konsultointialalle.<\/p>\n\n\n\n<p>Tarvitsemme monipuolisesti eri taustoista tulevia ihmisi\u00e4, jotta maailma n\u00e4ytt\u00e4\u00e4 meid\u00e4n kaikkien n\u00e4k\u00f6iselt\u00e4.<\/p>\n\n\n\n<p>Alalle voi p\u00e4\u00e4st\u00e4 satoja eri reittej\u00e4! Voit olla visuaalinen taituri, idearikas vision\u00e4\u00e4ri, numeronero, luontainen johtaja tai intohimoinen ongelmanratkaisija.<\/p>\n\n\n\n<div class=\"wp-block-evermade-links em-block-links has-columns-1 is-style-default\">\n<a\n\tclass=\"wp-block-evermade-internal-link em-block-link is-internal   \"\n\thref=\"https:\/\/teknologiateollisuus.fi\/skol\/osaaminen\/tule-muotoilemaan-tulevaisuus\/testaa-mita-voisit-opiskella\/\"\n\taria-label=\"Avaa samassa v\u00e4lilehdess\u00e4\"\n\ttarget=\"_self\"\n\trel=\"noopener\"\n>\n\t<div class=\"em-block-link__content\">\n\t\t<span class=\"em-block-link__title\">\n\t\t\tTestaa, mit\u00e4 voisit opiskella ratkaistaksesi isona kest\u00e4v\u00e4n kehityksen haasteita\t\t<\/span>\n\t\t\t<\/div>\n\t\t\t<div class=\"em-block-link__arrow\"><\/div>\n\t\t<div class=\"em-block-link__pressable\"><\/div>\n\t<\/a>\n<\/div>\n","protected":false},"excerpt":{"rendered":"<p>Toivoisitko, ett\u00e4 kaupungit olisivat tasa-arvoisia, esteett\u00f6mi\u00e4 ja turvallisia kaikille? Mietitk\u00f6 voisiko liikenteen p\u00e4\u00e4st\u00f6j\u00e4 v\u00e4hent\u00e4\u00e4 paremmalla julkisella liikenteell\u00e4? Miksei infrastruktuuri voi olla my\u00f6s kaunista? Miten voitaisiin tehd\u00e4 rakennuksista tai tehtaista viel\u00e4 ymp\u00e4rist\u00f6yst\u00e4v\u00e4llisempi\u00e4? Jos haluat vaikuttaa siihen, ett\u00e4 kaikkien tarpeet huomioidaan ja ymp\u00e4rist\u00f6 paranee, hakeudu suunnittelu- ja konsultointialalle. Tarvitsemme monipuolisesti eri taustoista tulevia ihmisi\u00e4, jotta maailma n\u00e4ytt\u00e4\u00e4 [&hellip;]<\/p>\n","protected":false},"author":50,"featured_media":0,"parent":456,"menu_order":-2,"comment_status":"closed","ping_status":"closed","template":"","meta":{"_acf_changed":false,"_relevanssi_hide_post":"","_relevanssi_hide_content":"","_relevanssi_pin_for_all":"","_relevanssi_pin_keywords":"","_relevanssi_unpin_keywords":"","_relevanssi_related_keywords":"","_relevanssi_related_include_ids":"","_relevanssi_related_exclude_ids":"","_relevanssi_related_no_append":"","_relevanssi_related_not_related":"","_relevanssi_related_posts":"57,56,55,54,53,48","_relevanssi_noindex_reason":"","inline_featured_image":false,"footnotes":""},"class_list":["post-461","page","type-page","status-publish","hentry"],"acf":[],"yoast_head":"<!-- This site is optimized with the Yoast SEO Premium plugin v27.1 (Yoast SEO v27.4) - https:\/\/yoast.com\/product\/yoast-seo-premium-wordpress\/ -->\n<title>Tee maailmasta parempi paikka - Skol<\/title>\n<meta name=\"robots\" content=\"index, follow, max-snippet:-1, max-image-preview:large, max-video-preview:-1\" \/>\n<link rel=\"canonical\" href=\"https:\/\/teknologiateollisuus.fi\/skol\/osaaminen\/tule-muotoilemaan-tulevaisuus\/tee-maailmasta-parempi-paikka\/\" \/>\n<meta property=\"og:locale\" content=\"fi_FI\" \/>\n<meta property=\"og:type\" content=\"article\" \/>\n<meta property=\"og:title\" content=\"Tee maailmasta parempi paikka\" \/>\n<meta property=\"og:description\" content=\"Toivoisitko, ett\u00e4 kaupungit olisivat tasa-arvoisia, esteett\u00f6mi\u00e4 ja turvallisia kaikille? Mietitk\u00f6 voisiko liikenteen p\u00e4\u00e4st\u00f6j\u00e4 v\u00e4hent\u00e4\u00e4 paremmalla julkisella liikenteell\u00e4? Miksei infrastruktuuri voi olla my\u00f6s kaunista? Miten voitaisiin tehd\u00e4 rakennuksista tai tehtaista viel\u00e4 ymp\u00e4rist\u00f6yst\u00e4v\u00e4llisempi\u00e4? Jos haluat vaikuttaa siihen, ett\u00e4 kaikkien tarpeet huomioidaan ja ymp\u00e4rist\u00f6 paranee, hakeudu suunnittelu- ja konsultointialalle. Tarvitsemme monipuolisesti eri taustoista tulevia ihmisi\u00e4, jotta maailma n\u00e4ytt\u00e4\u00e4 [&hellip;]\" \/>\n<meta property=\"og:url\" content=\"https:\/\/teknologiateollisuus.fi\/skol\/osaaminen\/tule-muotoilemaan-tulevaisuus\/tee-maailmasta-parempi-paikka\/\" \/>\n<meta property=\"og:site_name\" content=\"Skol\" \/>\n<meta property=\"article:modified_time\" content=\"2025-02-07T09:28:27+00:00\" \/>\n<meta name=\"twitter:card\" content=\"summary_large_image\" \/>\n<meta name=\"twitter:label1\" content=\"Arvioitu lukuaika\" \/>\n\t<meta name=\"twitter:data1\" content=\"1 minuutti\" \/>\n<script type=\"application\/ld+json\" class=\"yoast-schema-graph\">{\"@context\":\"https:\\\/\\\/schema.org\",\"@graph\":[{\"@type\":\"WebPage\",\"@id\":\"https:\\\/\\\/teknologiateollisuus.fi\\\/skol\\\/osaaminen\\\/tule-muotoilemaan-tulevaisuus\\\/tee-maailmasta-parempi-paikka\\\/\",\"url\":\"https:\\\/\\\/teknologiateollisuus.fi\\\/skol\\\/osaaminen\\\/tule-muotoilemaan-tulevaisuus\\\/tee-maailmasta-parempi-paikka\\\/\",\"name\":\"Tee maailmasta parempi paikka - Skol\",\"isPartOf\":{\"@id\":\"https:\\\/\\\/teknologiateollisuus.fi\\\/skol\\\/#website\"},\"datePublished\":\"2024-08-07T10:25:54+00:00\",\"dateModified\":\"2025-02-07T09:28:27+00:00\",\"breadcrumb\":{\"@id\":\"https:\\\/\\\/teknologiateollisuus.fi\\\/skol\\\/osaaminen\\\/tule-muotoilemaan-tulevaisuus\\\/tee-maailmasta-parempi-paikka\\\/#breadcrumb\"},\"inLanguage\":\"fi\",\"potentialAction\":[{\"@type\":\"ReadAction\",\"target\":[\"https:\\\/\\\/teknologiateollisuus.fi\\\/skol\\\/osaaminen\\\/tule-muotoilemaan-tulevaisuus\\\/tee-maailmasta-parempi-paikka\\\/\"]}]},{\"@type\":\"BreadcrumbList\",\"@id\":\"https:\\\/\\\/teknologiateollisuus.fi\\\/skol\\\/osaaminen\\\/tule-muotoilemaan-tulevaisuus\\\/tee-maailmasta-parempi-paikka\\\/#breadcrumb\",\"itemListElement\":[{\"@type\":\"ListItem\",\"position\":1,\"name\":\"Etusivu\",\"item\":\"https:\\\/\\\/teknologiateollisuus.fi\\\/skol\\\/\"},{\"@type\":\"ListItem\",\"position\":2,\"name\":\"Osaaminen ja vetovoima\",\"item\":\"https:\\\/\\\/teknologiateollisuus.fi\\\/skol\\\/osaaminen\\\/\"},{\"@type\":\"ListItem\",\"position\":3,\"name\":\"Tule muotoilemaan tulevaisuus\",\"item\":\"https:\\\/\\\/teknologiateollisuus.fi\\\/skol\\\/osaaminen\\\/tule-muotoilemaan-tulevaisuus\\\/\"},{\"@type\":\"ListItem\",\"position\":4,\"name\":\"Tee maailmasta parempi paikka\"}]},{\"@type\":\"WebSite\",\"@id\":\"https:\\\/\\\/teknologiateollisuus.fi\\\/skol\\\/#website\",\"url\":\"https:\\\/\\\/teknologiateollisuus.fi\\\/skol\\\/\",\"name\":\"Skol\",\"description\":\"\",\"potentialAction\":[{\"@type\":\"SearchAction\",\"target\":{\"@type\":\"EntryPoint\",\"urlTemplate\":\"https:\\\/\\\/teknologiateollisuus.fi\\\/skol\\\/?s={search_term_string}\"},\"query-input\":{\"@type\":\"PropertyValueSpecification\",\"valueRequired\":true,\"valueName\":\"search_term_string\"}}],\"inLanguage\":\"fi\"}]}<\/script>\n<!-- \/ Yoast SEO Premium plugin. -->","yoast_head_json":{"title":"Tee maailmasta parempi paikka - Skol","robots":{"index":"index","follow":"follow","max-snippet":"max-snippet:-1","max-image-preview":"max-image-preview:large","max-video-preview":"max-video-preview:-1"},"canonical":"https:\/\/teknologiateollisuus.fi\/skol\/osaaminen\/tule-muotoilemaan-tulevaisuus\/tee-maailmasta-parempi-paikka\/","og_locale":"fi_FI","og_type":"article","og_title":"Tee maailmasta parempi paikka","og_description":"Toivoisitko, ett\u00e4 kaupungit olisivat tasa-arvoisia, esteett\u00f6mi\u00e4 ja turvallisia kaikille? Mietitk\u00f6 voisiko liikenteen p\u00e4\u00e4st\u00f6j\u00e4 v\u00e4hent\u00e4\u00e4 paremmalla julkisella liikenteell\u00e4? Miksei infrastruktuuri voi olla my\u00f6s kaunista? Miten voitaisiin tehd\u00e4 rakennuksista tai tehtaista viel\u00e4 ymp\u00e4rist\u00f6yst\u00e4v\u00e4llisempi\u00e4? Jos haluat vaikuttaa siihen, ett\u00e4 kaikkien tarpeet huomioidaan ja ymp\u00e4rist\u00f6 paranee, hakeudu suunnittelu- ja konsultointialalle. Tarvitsemme monipuolisesti eri taustoista tulevia ihmisi\u00e4, jotta maailma n\u00e4ytt\u00e4\u00e4 [&hellip;]","og_url":"https:\/\/teknologiateollisuus.fi\/skol\/osaaminen\/tule-muotoilemaan-tulevaisuus\/tee-maailmasta-parempi-paikka\/","og_site_name":"Skol","article_modified_time":"2025-02-07T09:28:27+00:00","twitter_card":"summary_large_image","twitter_misc":{"Arvioitu lukuaika":"1 minuutti"},"schema":{"@context":"https:\/\/schema.org","@graph":[{"@type":"WebPage","@id":"https:\/\/teknologiateollisuus.fi\/skol\/osaaminen\/tule-muotoilemaan-tulevaisuus\/tee-maailmasta-parempi-paikka\/","url":"https:\/\/teknologiateollisuus.fi\/skol\/osaaminen\/tule-muotoilemaan-tulevaisuus\/tee-maailmasta-parempi-paikka\/","name":"Tee maailmasta parempi paikka - Skol","isPartOf":{"@id":"https:\/\/teknologiateollisuus.fi\/skol\/#website"},"datePublished":"2024-08-07T10:25:54+00:00","dateModified":"2025-02-07T09:28:27+00:00","breadcrumb":{"@id":"https:\/\/teknologiateollisuus.fi\/skol\/osaaminen\/tule-muotoilemaan-tulevaisuus\/tee-maailmasta-parempi-paikka\/#breadcrumb"},"inLanguage":"fi","potentialAction":[{"@type":"ReadAction","target":["https:\/\/teknologiateollisuus.fi\/skol\/osaaminen\/tule-muotoilemaan-tulevaisuus\/tee-maailmasta-parempi-paikka\/"]}]},{"@type":"BreadcrumbList","@id":"https:\/\/teknologiateollisuus.fi\/skol\/osaaminen\/tule-muotoilemaan-tulevaisuus\/tee-maailmasta-parempi-paikka\/#breadcrumb","itemListElement":[{"@type":"ListItem","position":1,"name":"Etusivu","item":"https:\/\/teknologiateollisuus.fi\/skol\/"},{"@type":"ListItem","position":2,"name":"Osaaminen ja vetovoima","item":"https:\/\/teknologiateollisuus.fi\/skol\/osaaminen\/"},{"@type":"ListItem","position":3,"name":"Tule muotoilemaan tulevaisuus","item":"https:\/\/teknologiateollisuus.fi\/skol\/osaaminen\/tule-muotoilemaan-tulevaisuus\/"},{"@type":"ListItem","position":4,"name":"Tee maailmasta parempi paikka"}]},{"@type":"WebSite","@id":"https:\/\/teknologiateollisuus.fi\/skol\/#website","url":"https:\/\/teknologiateollisuus.fi\/skol\/","name":"Skol","description":"","potentialAction":[{"@type":"SearchAction","target":{"@type":"EntryPoint","urlTemplate":"https:\/\/teknologiateollisuus.fi\/skol\/?s={search_term_string}"},"query-input":{"@type":"PropertyValueSpecification","valueRequired":true,"valueName":"search_term_string"}}],"inLanguage":"fi"}]}},"lang":"fi","translations":{"fi":461},"pll_sync_post":[],"_links":{"self":[{"href":"https:\/\/teknologiateollisuus.fi\/skol\/wp-json\/wp\/v2\/pages\/461","targetHints":{"allow":["GET"]}}],"collection":[{"href":"https:\/\/teknologiateollisuus.fi\/skol\/wp-json\/wp\/v2\/pages"}],"about":[{"href":"https:\/\/teknologiateollisuus.fi\/skol\/wp-json\/wp\/v2\/types\/page"}],"author":[{"embeddable":true,"href":"https:\/\/teknologiateollisuus.fi\/skol\/wp-json\/wp\/v2\/users\/50"}],"replies":[{"embeddable":true,"href":"https:\/\/teknologiateollisuus.fi\/skol\/wp-json\/wp\/v2\/comments?post=461"}],"version-history":[{"count":17,"href":"https:\/\/teknologiateollisuus.fi\/skol\/wp-json\/wp\/v2\/pages\/461\/revisions"}],"predecessor-version":[{"id":2515,"href":"https:\/\/teknologiateollisuus.fi\/skol\/wp-json\/wp\/v2\/pages\/461\/revisions\/2515"}],"up":[{"embeddable":true,"href":"https:\/\/teknologiateollisuus.fi\/skol\/wp-json\/wp\/v2\/pages\/456"}],"wp:attachment":[{"href":"https:\/\/teknologiateollisuus.fi\/skol\/wp-json\/wp\/v2\/media?parent=461"}],"curies":[{"name":"wp","href":"https:\/\/api.w.org\/{rel}","templated":true}]}}