{"id":464,"date":"2024-08-07T13:39:17","date_gmt":"2024-08-07T10:39:17","guid":{"rendered":"https:\/\/teknologiateollisuus.fi\/skol\/?page_id=464"},"modified":"2025-03-05T15:35:40","modified_gmt":"2025-03-05T13:35:40","slug":"testaa-mita-voisit-opiskella","status":"publish","type":"page","link":"https:\/\/teknologiateollisuus.fi\/skol\/osaaminen\/tule-muotoilemaan-tulevaisuus\/testaa-mita-voisit-opiskella\/","title":{"rendered":"Testaa, mit\u00e4 voisit opiskella"},"content":{"rendered":"\n<div class=\"em-block-hero hero-has-background-color has-background has-violet-background-color collapse media-position-right \">\n\t<div class=\"em-block-hero__container\">\n\t\t<div class=\"em-block-hero__content\">\n\t\t\t<div class=\"yoast-breadcrumbs\"><span><span><a href=\"https:\/\/teknologiateollisuus.fi\/skol\/\">Etusivu<\/a><\/span> <span class=\"separator\"><\/span> <span><a href=\"https:\/\/teknologiateollisuus.fi\/skol\/osaaminen\/\">Osaaminen ja vetovoima<\/a><\/span> <span class=\"separator\"><\/span> <span><a href=\"https:\/\/teknologiateollisuus.fi\/skol\/osaaminen\/tule-muotoilemaan-tulevaisuus\/\">Tule muotoilemaan tulevaisuus<\/a><\/span> <span class=\"separator\"><\/span> <span class=\"breadcrumb_last\" aria-current=\"page\">Testaa, mit\u00e4 voisit opiskella<\/span><\/span><\/div>\t\t\t\n<h1 class=\"wp-block-heading\" id=\"h-testaa-mita-voisit-opiskella-ratkaistaksesi-isona-kestavan-kehityksen-haasteita\">Testaa, mit\u00e4 voisit opiskella ratkaistaksesi isona kest\u00e4v\u00e4n kehityksen haasteita<\/h1>\n\t\t\t<div class=\"em-block-hero__modified-date\"> P\u00e4ivitetty 05.03.2025 klo 15:35<\/div>\t\t<\/div>\n\t\t\t\t\t<figure class=\"em-block-hero__image\">\n\t\t\t\t\t\t\t<\/figure>\n\t\t\t<\/div>\n<\/div>\n\n\n\n<figure class=\"wp-block-image aligncenter size-full\"><img loading=\"lazy\" decoding=\"async\" width=\"700\" height=\"300\" src=\"https:\/\/teknologiateollisuus.fi\/skol\/wp-content\/uploads\/sites\/6\/2024\/09\/Testin-banneri-1.jpg\" alt=\"\" class=\"wp-image-1528\" srcset=\"https:\/\/teknologiateollisuus.fi\/skol\/wp-content\/uploads\/sites\/6\/2024\/09\/Testin-banneri-1.jpg 700w, https:\/\/teknologiateollisuus.fi\/skol\/wp-content\/uploads\/sites\/6\/2024\/09\/Testin-banneri-1-400x171.jpg 400w\" sizes=\"auto, (max-width: 700px) 100vw, 700px\" \/><\/figure>\n\n\n\n<p>Mik\u00e4 opiskelupaikka vastaisi omia arvoja ja mielenkiinnon kohteita? Miss\u00e4 ammatissa p\u00e4\u00e4sisi muuttamaan maailmaa paremmaksi?<\/p>\n\n\n\n<p>Nyt voit leikkimielisesti testata, millainen ty\u00f6- ja opiskelupaikka voisi sopia sinulle. Eik\u00e4 mik\u00e4 tahansa paikka, vaan sellainen, jossa ratkaistaan kest\u00e4v\u00e4n kehityksen tavoitteita.<\/p>\n\n\n\n<p>Olisitko kenties luovuuden l\u00e4hettil\u00e4s, kaupunki\u00e4ss\u00e4, energiavirtuoosi, supersuunnittelija vai ymp\u00e4rist\u00f6velho?&nbsp;<\/p>\n\n\n\n<p>Testi sopii jokaiselle tulevaisuuttaan pohtivalle nuorelle: olit sitten yl\u00e4asteella, lukiossa, amiksessa tai viet\u00e4t v\u00e4livuotta. Se on helppo ja nopea t\u00e4ytt\u00e4\u00e4 eik\u00e4 v\u00e4\u00e4ri\u00e4 vastauksia ole. Voit t\u00e4ytt\u00e4\u00e4 testin useamman kerran!<\/p>\n\n\n\n<figure class=\"wp-block-image aligncenter size-full\"><a href=\"https:\/\/zef.fi\/s\/pavwet56\/\"><img loading=\"lazy\" decoding=\"async\" width=\"757\" height=\"702\" src=\"https:\/\/teknologiateollisuus.fi\/skol\/wp-content\/uploads\/sites\/6\/2024\/09\/Nayttokuva-2024-09-17-111924.png\" alt=\"\" class=\"wp-image-1524\" srcset=\"https:\/\/teknologiateollisuus.fi\/skol\/wp-content\/uploads\/sites\/6\/2024\/09\/Nayttokuva-2024-09-17-111924.png 757w, https:\/\/teknologiateollisuus.fi\/skol\/wp-content\/uploads\/sites\/6\/2024\/09\/Nayttokuva-2024-09-17-111924-400x371.png 400w\" sizes=\"auto, (max-width: 757px) 100vw, 757px\" \/><\/a><\/figure>\n\n\n\n<div class=\"wp-block-buttons is-content-justification-center is-layout-flex wp-container-core-buttons-is-layout-16018d1d wp-block-buttons-is-layout-flex\">\n<div class=\"wp-block-button  icon-right\"><a class=\"wp-block-button__link has-text-align-center wp-element-button\" href=\"https:\/\/teknologiateollisuus.fi\/skol\/osaaminen\/tule-muotoilemaan-tulevaisuus\/opiskelupaikat\/\">Katso opiskelupaikkoja t\u00e4\u00e4lt\u00e4<\/a><\/div>\n<\/div>\n\n\n\n<p><\/p>\n","protected":false},"excerpt":{"rendered":"<p>Mik\u00e4 opiskelupaikka vastaisi omia arvoja ja mielenkiinnon kohteita? Miss\u00e4 ammatissa p\u00e4\u00e4sisi muuttamaan maailmaa paremmaksi? Nyt voit leikkimielisesti testata, millainen ty\u00f6- ja opiskelupaikka voisi sopia sinulle. Eik\u00e4 mik\u00e4 tahansa paikka, vaan sellainen, jossa ratkaistaan kest\u00e4v\u00e4n kehityksen tavoitteita. Olisitko kenties luovuuden l\u00e4hettil\u00e4s, kaupunki\u00e4ss\u00e4, energiavirtuoosi, supersuunnittelija vai ymp\u00e4rist\u00f6velho?&nbsp; Testi sopii jokaiselle tulevaisuuttaan pohtivalle nuorelle: olit sitten yl\u00e4asteella, lukiossa, [&hellip;]<\/p>\n","protected":false},"author":50,"featured_media":0,"parent":456,"menu_order":-1,"comment_status":"closed","ping_status":"closed","template":"","meta":{"_acf_changed":false,"_relevanssi_hide_post":"","_relevanssi_hide_content":"","_relevanssi_pin_for_all":"","_relevanssi_pin_keywords":"","_relevanssi_unpin_keywords":"","_relevanssi_related_keywords":"","_relevanssi_related_include_ids":"","_relevanssi_related_exclude_ids":"","_relevanssi_related_no_append":"","_relevanssi_related_not_related":"","_relevanssi_related_posts":"55,54,56,53,48,57","_relevanssi_noindex_reason":"","inline_featured_image":false,"footnotes":""},"class_list":["post-464","page","type-page","status-publish","hentry"],"acf":[],"yoast_head":"<!-- This site is optimized with the Yoast SEO Premium plugin v27.1 (Yoast SEO v27.4) - https:\/\/yoast.com\/product\/yoast-seo-premium-wordpress\/ -->\n<title>Testaa, mit\u00e4 voisit opiskella - Skol<\/title>\n<meta name=\"robots\" content=\"index, follow, max-snippet:-1, max-image-preview:large, max-video-preview:-1\" \/>\n<link rel=\"canonical\" href=\"https:\/\/teknologiateollisuus.fi\/skol\/osaaminen\/tule-muotoilemaan-tulevaisuus\/testaa-mita-voisit-opiskella\/\" \/>\n<meta property=\"og:locale\" content=\"fi_FI\" \/>\n<meta property=\"og:type\" content=\"article\" \/>\n<meta property=\"og:title\" content=\"Testaa, mit\u00e4 voisit opiskella\" \/>\n<meta property=\"og:description\" content=\"Mik\u00e4 opiskelupaikka vastaisi omia arvoja ja mielenkiinnon kohteita? Miss\u00e4 ammatissa p\u00e4\u00e4sisi muuttamaan maailmaa paremmaksi? Nyt voit leikkimielisesti testata, millainen ty\u00f6- ja opiskelupaikka voisi sopia sinulle. Eik\u00e4 mik\u00e4 tahansa paikka, vaan sellainen, jossa ratkaistaan kest\u00e4v\u00e4n kehityksen tavoitteita. Olisitko kenties luovuuden l\u00e4hettil\u00e4s, kaupunki\u00e4ss\u00e4, energiavirtuoosi, supersuunnittelija vai ymp\u00e4rist\u00f6velho?&nbsp; Testi sopii jokaiselle tulevaisuuttaan pohtivalle nuorelle: olit sitten yl\u00e4asteella, lukiossa, [&hellip;]\" \/>\n<meta property=\"og:url\" content=\"https:\/\/teknologiateollisuus.fi\/skol\/osaaminen\/tule-muotoilemaan-tulevaisuus\/testaa-mita-voisit-opiskella\/\" \/>\n<meta property=\"og:site_name\" content=\"Skol\" \/>\n<meta property=\"article:modified_time\" content=\"2025-03-05T13:35:40+00:00\" \/>\n<meta property=\"og:image\" content=\"https:\/\/teknologiateollisuus.fi\/skol\/wp-content\/uploads\/sites\/6\/2024\/09\/Testin-banneri-1.jpg\" \/>\n\t<meta property=\"og:image:width\" content=\"700\" \/>\n\t<meta property=\"og:image:height\" content=\"300\" \/>\n\t<meta property=\"og:image:type\" content=\"image\/jpeg\" \/>\n<meta name=\"twitter:card\" content=\"summary_large_image\" \/>\n<meta name=\"twitter:label1\" content=\"Arvioitu lukuaika\" \/>\n\t<meta name=\"twitter:data1\" content=\"1 minuutti\" \/>\n<script type=\"application\/ld+json\" class=\"yoast-schema-graph\">{\"@context\":\"https:\\\/\\\/schema.org\",\"@graph\":[{\"@type\":\"WebPage\",\"@id\":\"https:\\\/\\\/teknologiateollisuus.fi\\\/skol\\\/osaaminen\\\/tule-muotoilemaan-tulevaisuus\\\/testaa-mita-voisit-opiskella\\\/\",\"url\":\"https:\\\/\\\/teknologiateollisuus.fi\\\/skol\\\/osaaminen\\\/tule-muotoilemaan-tulevaisuus\\\/testaa-mita-voisit-opiskella\\\/\",\"name\":\"Testaa, mit\u00e4 voisit opiskella - Skol\",\"isPartOf\":{\"@id\":\"https:\\\/\\\/teknologiateollisuus.fi\\\/skol\\\/#website\"},\"primaryImageOfPage\":{\"@id\":\"https:\\\/\\\/teknologiateollisuus.fi\\\/skol\\\/osaaminen\\\/tule-muotoilemaan-tulevaisuus\\\/testaa-mita-voisit-opiskella\\\/#primaryimage\"},\"image\":{\"@id\":\"https:\\\/\\\/teknologiateollisuus.fi\\\/skol\\\/osaaminen\\\/tule-muotoilemaan-tulevaisuus\\\/testaa-mita-voisit-opiskella\\\/#primaryimage\"},\"thumbnailUrl\":\"https:\\\/\\\/teknologiateollisuus.fi\\\/skol\\\/wp-content\\\/uploads\\\/sites\\\/6\\\/2024\\\/09\\\/Testin-banneri-1.jpg\",\"datePublished\":\"2024-08-07T10:39:17+00:00\",\"dateModified\":\"2025-03-05T13:35:40+00:00\",\"breadcrumb\":{\"@id\":\"https:\\\/\\\/teknologiateollisuus.fi\\\/skol\\\/osaaminen\\\/tule-muotoilemaan-tulevaisuus\\\/testaa-mita-voisit-opiskella\\\/#breadcrumb\"},\"inLanguage\":\"fi\",\"potentialAction\":[{\"@type\":\"ReadAction\",\"target\":[\"https:\\\/\\\/teknologiateollisuus.fi\\\/skol\\\/osaaminen\\\/tule-muotoilemaan-tulevaisuus\\\/testaa-mita-voisit-opiskella\\\/\"]}]},{\"@type\":\"ImageObject\",\"inLanguage\":\"fi\",\"@id\":\"https:\\\/\\\/teknologiateollisuus.fi\\\/skol\\\/osaaminen\\\/tule-muotoilemaan-tulevaisuus\\\/testaa-mita-voisit-opiskella\\\/#primaryimage\",\"url\":\"https:\\\/\\\/teknologiateollisuus.fi\\\/skol\\\/wp-content\\\/uploads\\\/sites\\\/6\\\/2024\\\/09\\\/Testin-banneri-1.jpg\",\"contentUrl\":\"https:\\\/\\\/teknologiateollisuus.fi\\\/skol\\\/wp-content\\\/uploads\\\/sites\\\/6\\\/2024\\\/09\\\/Testin-banneri-1.jpg\",\"width\":700,\"height\":300,\"caption\":\"Opiskelutestin banneri, sis\u00e4lt\u00e4\u00e4 erilaisia piirroshahmoja.\"},{\"@type\":\"BreadcrumbList\",\"@id\":\"https:\\\/\\\/teknologiateollisuus.fi\\\/skol\\\/osaaminen\\\/tule-muotoilemaan-tulevaisuus\\\/testaa-mita-voisit-opiskella\\\/#breadcrumb\",\"itemListElement\":[{\"@type\":\"ListItem\",\"position\":1,\"name\":\"Etusivu\",\"item\":\"https:\\\/\\\/teknologiateollisuus.fi\\\/skol\\\/\"},{\"@type\":\"ListItem\",\"position\":2,\"name\":\"Osaaminen ja vetovoima\",\"item\":\"https:\\\/\\\/teknologiateollisuus.fi\\\/skol\\\/osaaminen\\\/\"},{\"@type\":\"ListItem\",\"position\":3,\"name\":\"Tule muotoilemaan tulevaisuus\",\"item\":\"https:\\\/\\\/teknologiateollisuus.fi\\\/skol\\\/osaaminen\\\/tule-muotoilemaan-tulevaisuus\\\/\"},{\"@type\":\"ListItem\",\"position\":4,\"name\":\"Testaa, mit\u00e4 voisit opiskella\"}]},{\"@type\":\"WebSite\",\"@id\":\"https:\\\/\\\/teknologiateollisuus.fi\\\/skol\\\/#website\",\"url\":\"https:\\\/\\\/teknologiateollisuus.fi\\\/skol\\\/\",\"name\":\"Skol\",\"description\":\"\",\"potentialAction\":[{\"@type\":\"SearchAction\",\"target\":{\"@type\":\"EntryPoint\",\"urlTemplate\":\"https:\\\/\\\/teknologiateollisuus.fi\\\/skol\\\/?s={search_term_string}\"},\"query-input\":{\"@type\":\"PropertyValueSpecification\",\"valueRequired\":true,\"valueName\":\"search_term_string\"}}],\"inLanguage\":\"fi\"}]}<\/script>\n<!-- \/ Yoast SEO Premium plugin. -->","yoast_head_json":{"title":"Testaa, mit\u00e4 voisit opiskella - Skol","robots":{"index":"index","follow":"follow","max-snippet":"max-snippet:-1","max-image-preview":"max-image-preview:large","max-video-preview":"max-video-preview:-1"},"canonical":"https:\/\/teknologiateollisuus.fi\/skol\/osaaminen\/tule-muotoilemaan-tulevaisuus\/testaa-mita-voisit-opiskella\/","og_locale":"fi_FI","og_type":"article","og_title":"Testaa, mit\u00e4 voisit opiskella","og_description":"Mik\u00e4 opiskelupaikka vastaisi omia arvoja ja mielenkiinnon kohteita? Miss\u00e4 ammatissa p\u00e4\u00e4sisi muuttamaan maailmaa paremmaksi? Nyt voit leikkimielisesti testata, millainen ty\u00f6- ja opiskelupaikka voisi sopia sinulle. Eik\u00e4 mik\u00e4 tahansa paikka, vaan sellainen, jossa ratkaistaan kest\u00e4v\u00e4n kehityksen tavoitteita. Olisitko kenties luovuuden l\u00e4hettil\u00e4s, kaupunki\u00e4ss\u00e4, energiavirtuoosi, supersuunnittelija vai ymp\u00e4rist\u00f6velho?&nbsp; Testi sopii jokaiselle tulevaisuuttaan pohtivalle nuorelle: olit sitten yl\u00e4asteella, lukiossa, [&hellip;]","og_url":"https:\/\/teknologiateollisuus.fi\/skol\/osaaminen\/tule-muotoilemaan-tulevaisuus\/testaa-mita-voisit-opiskella\/","og_site_name":"Skol","article_modified_time":"2025-03-05T13:35:40+00:00","og_image":[{"width":700,"height":300,"url":"https:\/\/teknologiateollisuus.fi\/skol\/wp-content\/uploads\/sites\/6\/2024\/09\/Testin-banneri-1.jpg","type":"image\/jpeg"}],"twitter_card":"summary_large_image","twitter_misc":{"Arvioitu lukuaika":"1 minuutti"},"schema":{"@context":"https:\/\/schema.org","@graph":[{"@type":"WebPage","@id":"https:\/\/teknologiateollisuus.fi\/skol\/osaaminen\/tule-muotoilemaan-tulevaisuus\/testaa-mita-voisit-opiskella\/","url":"https:\/\/teknologiateollisuus.fi\/skol\/osaaminen\/tule-muotoilemaan-tulevaisuus\/testaa-mita-voisit-opiskella\/","name":"Testaa, mit\u00e4 voisit opiskella - Skol","isPartOf":{"@id":"https:\/\/teknologiateollisuus.fi\/skol\/#website"},"primaryImageOfPage":{"@id":"https:\/\/teknologiateollisuus.fi\/skol\/osaaminen\/tule-muotoilemaan-tulevaisuus\/testaa-mita-voisit-opiskella\/#primaryimage"},"image":{"@id":"https:\/\/teknologiateollisuus.fi\/skol\/osaaminen\/tule-muotoilemaan-tulevaisuus\/testaa-mita-voisit-opiskella\/#primaryimage"},"thumbnailUrl":"https:\/\/teknologiateollisuus.fi\/skol\/wp-content\/uploads\/sites\/6\/2024\/09\/Testin-banneri-1.jpg","datePublished":"2024-08-07T10:39:17+00:00","dateModified":"2025-03-05T13:35:40+00:00","breadcrumb":{"@id":"https:\/\/teknologiateollisuus.fi\/skol\/osaaminen\/tule-muotoilemaan-tulevaisuus\/testaa-mita-voisit-opiskella\/#breadcrumb"},"inLanguage":"fi","potentialAction":[{"@type":"ReadAction","target":["https:\/\/teknologiateollisuus.fi\/skol\/osaaminen\/tule-muotoilemaan-tulevaisuus\/testaa-mita-voisit-opiskella\/"]}]},{"@type":"ImageObject","inLanguage":"fi","@id":"https:\/\/teknologiateollisuus.fi\/skol\/osaaminen\/tule-muotoilemaan-tulevaisuus\/testaa-mita-voisit-opiskella\/#primaryimage","url":"https:\/\/teknologiateollisuus.fi\/skol\/wp-content\/uploads\/sites\/6\/2024\/09\/Testin-banneri-1.jpg","contentUrl":"https:\/\/teknologiateollisuus.fi\/skol\/wp-content\/uploads\/sites\/6\/2024\/09\/Testin-banneri-1.jpg","width":700,"height":300,"caption":"Opiskelutestin banneri, sis\u00e4lt\u00e4\u00e4 erilaisia piirroshahmoja."},{"@type":"BreadcrumbList","@id":"https:\/\/teknologiateollisuus.fi\/skol\/osaaminen\/tule-muotoilemaan-tulevaisuus\/testaa-mita-voisit-opiskella\/#breadcrumb","itemListElement":[{"@type":"ListItem","position":1,"name":"Etusivu","item":"https:\/\/teknologiateollisuus.fi\/skol\/"},{"@type":"ListItem","position":2,"name":"Osaaminen ja vetovoima","item":"https:\/\/teknologiateollisuus.fi\/skol\/osaaminen\/"},{"@type":"ListItem","position":3,"name":"Tule muotoilemaan tulevaisuus","item":"https:\/\/teknologiateollisuus.fi\/skol\/osaaminen\/tule-muotoilemaan-tulevaisuus\/"},{"@type":"ListItem","position":4,"name":"Testaa, mit\u00e4 voisit opiskella"}]},{"@type":"WebSite","@id":"https:\/\/teknologiateollisuus.fi\/skol\/#website","url":"https:\/\/teknologiateollisuus.fi\/skol\/","name":"Skol","description":"","potentialAction":[{"@type":"SearchAction","target":{"@type":"EntryPoint","urlTemplate":"https:\/\/teknologiateollisuus.fi\/skol\/?s={search_term_string}"},"query-input":{"@type":"PropertyValueSpecification","valueRequired":true,"valueName":"search_term_string"}}],"inLanguage":"fi"}]}},"lang":"fi","translations":{"fi":464},"pll_sync_post":[],"_links":{"self":[{"href":"https:\/\/teknologiateollisuus.fi\/skol\/wp-json\/wp\/v2\/pages\/464","targetHints":{"allow":["GET"]}}],"collection":[{"href":"https:\/\/teknologiateollisuus.fi\/skol\/wp-json\/wp\/v2\/pages"}],"about":[{"href":"https:\/\/teknologiateollisuus.fi\/skol\/wp-json\/wp\/v2\/types\/page"}],"author":[{"embeddable":true,"href":"https:\/\/teknologiateollisuus.fi\/skol\/wp-json\/wp\/v2\/users\/50"}],"replies":[{"embeddable":true,"href":"https:\/\/teknologiateollisuus.fi\/skol\/wp-json\/wp\/v2\/comments?post=464"}],"version-history":[{"count":9,"href":"https:\/\/teknologiateollisuus.fi\/skol\/wp-json\/wp\/v2\/pages\/464\/revisions"}],"predecessor-version":[{"id":2536,"href":"https:\/\/teknologiateollisuus.fi\/skol\/wp-json\/wp\/v2\/pages\/464\/revisions\/2536"}],"up":[{"embeddable":true,"href":"https:\/\/teknologiateollisuus.fi\/skol\/wp-json\/wp\/v2\/pages\/456"}],"wp:attachment":[{"href":"https:\/\/teknologiateollisuus.fi\/skol\/wp-json\/wp\/v2\/media?parent=464"}],"curies":[{"name":"wp","href":"https:\/\/api.w.org\/{rel}","templated":true}]}}