{"id":469,"date":"2024-08-07T14:41:21","date_gmt":"2024-08-07T11:41:21","guid":{"rendered":"https:\/\/teknologiateollisuus.fi\/skol\/?page_id=469"},"modified":"2024-12-20T14:32:54","modified_gmt":"2024-12-20T12:32:54","slug":"vastuullinen-luonto-ja-ymparistovelho","status":"publish","type":"page","link":"https:\/\/teknologiateollisuus.fi\/skol\/osaaminen\/tule-muotoilemaan-tulevaisuus\/vastuullinen-luonto-ja-ymparistovelho\/","title":{"rendered":"Vastuullinen Luonto- ja Ymp\u00e4rist\u00f6velho"},"content":{"rendered":"\n<div class=\"em-block-hero hero-has-background-color has-background has-violet-background-color collapse media-position-right \">\n\t<div class=\"em-block-hero__container\">\n\t\t<div class=\"em-block-hero__content\">\n\t\t\t<div class=\"yoast-breadcrumbs\"><span><span><a href=\"https:\/\/teknologiateollisuus.fi\/skol\/\">Etusivu<\/a><\/span> <span class=\"separator\"><\/span> <span><a href=\"https:\/\/teknologiateollisuus.fi\/skol\/osaaminen\/\">Osaaminen ja vetovoima<\/a><\/span> <span class=\"separator\"><\/span> <span><a href=\"https:\/\/teknologiateollisuus.fi\/skol\/osaaminen\/tule-muotoilemaan-tulevaisuus\/\">Tule muotoilemaan tulevaisuus<\/a><\/span> <span class=\"separator\"><\/span> <span class=\"breadcrumb_last\" aria-current=\"page\">Vastuullinen Luonto- ja Ymp\u00e4rist\u00f6velho<\/span><\/span><\/div>\t\t\t\n<h1 class=\"wp-block-heading\" id=\"vastuullinen-luonto-ja-ymparistovelho\">Vastuullinen Luonto- ja Ymp\u00e4rist\u00f6velho<\/h1>\n\t\t\t<div class=\"em-block-hero__modified-date\"> P\u00e4ivitetty 20.12.2024 klo 14:32<\/div>\t\t<\/div>\n\t\t\t\t\t<figure class=\"em-block-hero__image\">\n\t\t\t\t\t\t\t<\/figure>\n\t\t\t<\/div>\n<\/div>\n\n\n\n<figure class=\"wp-block-image aligncenter size-full\"><img loading=\"lazy\" decoding=\"async\" width=\"261\" height=\"350\" src=\"https:\/\/teknologiateollisuus.fi\/skol\/wp-content\/uploads\/sites\/6\/2024\/09\/Ymparisto.jpg\" alt=\"\" class=\"wp-image-1531\"\/><\/figure>\n\n\n\n<p>Sin\u00e4 voisit tulevaisuudessa olla&nbsp;<strong>Vastuullinen Luonto- ja Ymp\u00e4rist\u00f6velho<\/strong>, oikea luonnonarvojen ja kest\u00e4v\u00e4n ymp\u00e4rist\u00f6n varjelija. Suomessa kaunista luontoa ja mets\u00e4\u00e4 riitt\u00e4\u00e4 ja maatalous kukoistaa. T\u00e4\u00e4ll\u00e4 ja ihan koko maailmassa ymp\u00e4rist\u00f6st\u00e4 tulee huolehtia parhaalla mahdollisella tavalla. Onneksi on sinun kaltaisia vesist\u00f6jen, lintujen, maaper\u00e4n ja mets\u00e4n yst\u00e4vi\u00e4, jotka varmistavat vastuullisen suunnittelun ja toteutukset sek\u00e4 oivaltavat uusien asioiden, kuten kiertotalouden hy\u00f6dynt\u00e4misen per\u00e4\u00e4n.&nbsp;&nbsp;<\/p>\n\n\n\n<h4 class=\"wp-block-heading\" id=\"ratkaisisit-vastuullisena-luonto-ja-ymparistovelhona-mm-naita-kestavan-kehityksen-haasteita\">Ratkaisisit Vastuullisena Luonto- ja Ymp\u00e4rist\u00f6velhona mm. n\u00e4it\u00e4 kest\u00e4v\u00e4n kehityksen haasteita:<\/h4>\n\n\n\n<p>1. Ilmastotekoja<\/p>\n\n\n\n<p>2. Vedenalainen el\u00e4m\u00e4<\/p>\n\n\n\n<p>3. Maanp\u00e4\u00e4llinen el\u00e4m\u00e4<\/p>\n\n\n\n<h4 class=\"wp-block-heading\" id=\"vastuulliseksi-luonto-ja-ymparistovelhoksi-voit-opiskella-esimerkiksi-naissa-kouluissa-ja-tyoskennella-tulevaisuudessa-naissa-ammateissa\">Vastuulliseksi Luonto- ja Ymp\u00e4rist\u00f6velhoksi voit opiskella esimerkiksi n\u00e4iss\u00e4 kouluissa ja ty\u00f6skennell\u00e4 tulevaisuudessa n\u00e4iss\u00e4 ammateissa:<\/h4>\n\n\n\n<div class=\"wp-block-evermade-links em-block-links has-columns-1\">\n<a\n\tclass=\"wp-block-evermade-external-link em-block-link is-external   \"\n\thref=\"https:\/\/www.uef.fi\/fi\/koulutus\/ymparisto-ja-biotieteet\"\n\taria-label=\"Avaa uudessa v\u00e4lilehdess\u00e4\"\n\ttarget=\"_blank\"\n\trel=\"noopener noreferrer\"\n>\n\t<div class=\"em-block-link__content\">\n\t\t<span class=\"em-block-link__title\">\n\t\t\tIt\u00e4- Suomen Yliopisto, ymp\u00e4rist\u00f6 ja biotieteet\t\t<\/span>\n\t\t\t<\/div>\n\t<div class=\"em-block-link__arrow\"><\/div>\n\t<div class=\"em-block-link__pressable\"><\/div>\n<\/a>\n\n\n\n<a\n\tclass=\"wp-block-evermade-external-link em-block-link is-external   \"\n\thref=\"https:\/\/www.vamk.fi\/tutkinto\/energia-ja-ymparistotekniikka\/\"\n\taria-label=\"Avaa uudessa v\u00e4lilehdess\u00e4\"\n\ttarget=\"_blank\"\n\trel=\"noopener noreferrer\"\n>\n\t<div class=\"em-block-link__content\">\n\t\t<span class=\"em-block-link__title\">\n\t\t\tVaasan AMK, energia- ja ymp\u00e4rist\u00f6tekniikka\t\t<\/span>\n\t\t\t<\/div>\n\t<div class=\"em-block-link__arrow\"><\/div>\n\t<div class=\"em-block-link__pressable\"><\/div>\n<\/a>\n\n\n\n<a\n\tclass=\"wp-block-evermade-external-link em-block-link is-external   \"\n\thref=\"https:\/\/www.helsinki.fi\/fi\/maatalous-metsatieteellinen-tiedekunta\"\n\taria-label=\"Avaa uudessa v\u00e4lilehdess\u00e4\"\n\ttarget=\"_blank\"\n\trel=\"noopener noreferrer\"\n>\n\t<div class=\"em-block-link__content\">\n\t\t<span class=\"em-block-link__title\">\n\t\t\tHelsingin Yliopisto, maa- ja mets\u00e4tieteet\t\t<\/span>\n\t\t\t<\/div>\n\t<div class=\"em-block-link__arrow\"><\/div>\n\t<div class=\"em-block-link__pressable\"><\/div>\n<\/a>\n\n\n\n<a\n\tclass=\"wp-block-evermade-external-link em-block-link is-external   \"\n\thref=\"https:\/\/www.jyu.fi\/fi\/science\/bioenv\"\n\taria-label=\"Avaa uudessa v\u00e4lilehdess\u00e4\"\n\ttarget=\"_blank\"\n\trel=\"noopener noreferrer\"\n>\n\t<div class=\"em-block-link__content\">\n\t\t<span class=\"em-block-link__title\">\n\t\t\tJyv\u00e4skyl\u00e4n Yliopisto, ymp\u00e4rist\u00f6tieteet\t\t<\/span>\n\t\t\t<\/div>\n\t<div class=\"em-block-link__arrow\"><\/div>\n\t<div class=\"em-block-link__pressable\"><\/div>\n<\/a>\n\n\n\n<a\n\tclass=\"wp-block-evermade-external-link em-block-link is-external   \"\n\thref=\"https:\/\/www.metropolia.fi\/fi\/opiskelu-metropoliassa\/amk-tutkinnot\/energia-ja-ymparistotekniikka\"\n\taria-label=\"Avaa uudessa v\u00e4lilehdess\u00e4\"\n\ttarget=\"_blank\"\n\trel=\"noopener noreferrer\"\n>\n\t<div class=\"em-block-link__content\">\n\t\t<span class=\"em-block-link__title\">\n\t\t\tMetropolia AMK, energia- ja ymp\u00e4rist\u00f6tekniikka\t\t<\/span>\n\t\t\t<\/div>\n\t<div class=\"em-block-link__arrow\"><\/div>\n\t<div class=\"em-block-link__pressable\"><\/div>\n<\/a>\n\n\n\n<a\n\tclass=\"wp-block-evermade-external-link em-block-link is-external   \"\n\thref=\"https:\/\/www.karelia.fi\/amk-tutkinnot\/insinoori-energia-ja-ymparistotekniikka\/?gclid=Cj0KCQiA962BBhCzARIsAIpWEL1HGj2GDlPQRc-_Mmd0kI-LOE05m0ejyltZfQT7eNOxik541gYOdGMaAjfMEALw_wcB\"\n\taria-label=\"Avaa uudessa v\u00e4lilehdess\u00e4\"\n\ttarget=\"_blank\"\n\trel=\"noopener noreferrer\"\n>\n\t<div class=\"em-block-link__content\">\n\t\t<span class=\"em-block-link__title\">\n\t\t\tKarelia AMK, energia- ja ymp\u00e4rist\u00f6tekniikka\t\t<\/span>\n\t\t\t<\/div>\n\t<div class=\"em-block-link__arrow\"><\/div>\n\t<div class=\"em-block-link__pressable\"><\/div>\n<\/a>\n<\/div>\n\n\n\n<p><strong>Ammatteja<\/strong>: Ymp\u00e4rist\u00f6vaikutusasiantuntija, kalatalousbiologi, mets\u00e4talousasiantuntija, kest\u00e4v\u00e4n maatalouden asiantuntija, teollisuuden p\u00e4\u00e4st\u00f6asiantuntija, vesihuollon suunnittelija, virkistysaluesuunnittelija<\/p>\n\n\n\n<h4 class=\"wp-block-heading\" id=\"vastuullisena-luonto-ja-ymparistovelhona-voit-paasta-tekemaan-toita-muun-muassa-tallaisten-asioiden-parissa\">Vastuullisena Luonto- ja Ymp\u00e4rist\u00f6velhona voit p\u00e4\u00e4st\u00e4&nbsp;tekem\u00e4\u00e4n t\u00f6it\u00e4 muun muassa t\u00e4llaisten asioiden parissa:<\/h4>\n\n\n\n<div class=\"wp-block-evermade-links em-block-links has-columns-1\">\n<a\n\tclass=\"wp-block-evermade-internal-link em-block-link is-internal   \"\n\thref=\"https:\/\/teknologiateollisuus.fi\/skol\/kiertotalouden-tiekartan-suunnittelu-ja-mallintaminen\/\"\n\taria-label=\"Avaa samassa v\u00e4lilehdess\u00e4\"\n\ttarget=\"_self\"\n\trel=\"noopener\"\n>\n\t<div class=\"em-block-link__content\">\n\t\t<span class=\"em-block-link__title\">\n\t\t\tKiertotalouden tiekartan suunnittelu ja mallintaminen\t\t<\/span>\n\t\t\t<\/div>\n\t\t\t<div class=\"em-block-link__arrow\"><\/div>\n\t\t<div class=\"em-block-link__pressable\"><\/div>\n\t<\/a>\n\n\n\n<a\n\tclass=\"wp-block-evermade-internal-link em-block-link is-internal   \"\n\thref=\"https:\/\/teknologiateollisuus.fi\/skol\/ymparistoystavallisia-ratkaisuja-kokkolan-satamassa-ja-merivaylalla\/\"\n\taria-label=\"Avaa samassa v\u00e4lilehdess\u00e4\"\n\ttarget=\"_self\"\n\trel=\"noopener\"\n>\n\t<div class=\"em-block-link__content\">\n\t\t<span class=\"em-block-link__title\">\n\t\t\tYmp\u00e4rist\u00f6yst\u00e4v\u00e4llisi\u00e4 ratkaisuja Kokkolan satamassa ja meriv\u00e4yl\u00e4ll\u00e4\t\t<\/span>\n\t\t\t<\/div>\n\t\t\t<div class=\"em-block-link__arrow\"><\/div>\n\t\t<div class=\"em-block-link__pressable\"><\/div>\n\t<\/a>\n\n\n\n<a\n\tclass=\"wp-block-evermade-internal-link em-block-link is-internal   \"\n\thref=\"https:\/\/teknologiateollisuus.fi\/skol\/hsyn-blominmaen-puhdistamo-on-itameren-alueen-tehokkain-ja-sen-paasuunnittelijana-toimii-fcg\/\"\n\taria-label=\"Avaa samassa v\u00e4lilehdess\u00e4\"\n\ttarget=\"_self\"\n\trel=\"noopener\"\n>\n\t<div class=\"em-block-link__content\">\n\t\t<span class=\"em-block-link__title\">\n\t\t\tHSY:n Blominm\u00e4en puhdistamo on It\u00e4meren alueen tehokkain\t\t<\/span>\n\t\t\t<\/div>\n\t\t\t<div class=\"em-block-link__arrow\"><\/div>\n\t\t<div class=\"em-block-link__pressable\"><\/div>\n\t<\/a>\n\n\n\n<a\n\tclass=\"wp-block-evermade-internal-link em-block-link is-internal   \"\n\thref=\"https:\/\/teknologiateollisuus.fi\/skol\/tikkurilankosken-padon-purku-kiinnostaa-kansainvalisesti\/\"\n\taria-label=\"Avaa samassa v\u00e4lilehdess\u00e4\"\n\ttarget=\"_self\"\n\trel=\"noopener\"\n>\n\t<div class=\"em-block-link__content\">\n\t\t<span class=\"em-block-link__title\">\n\t\t\tTikkurilankosken padon purku kiinnostaa kansainv\u00e4lisesti\t\t<\/span>\n\t\t\t<\/div>\n\t\t\t<div class=\"em-block-link__arrow\"><\/div>\n\t\t<div class=\"em-block-link__pressable\"><\/div>\n\t<\/a>\n<\/div>\n","protected":false},"excerpt":{"rendered":"<p>Sin\u00e4 voisit tulevaisuudessa olla&nbsp;Vastuullinen Luonto- ja Ymp\u00e4rist\u00f6velho, oikea luonnonarvojen ja kest\u00e4v\u00e4n ymp\u00e4rist\u00f6n varjelija. Suomessa kaunista luontoa ja mets\u00e4\u00e4 riitt\u00e4\u00e4 ja maatalous kukoistaa. T\u00e4\u00e4ll\u00e4 ja ihan koko maailmassa ymp\u00e4rist\u00f6st\u00e4 tulee huolehtia parhaalla mahdollisella tavalla. Onneksi on sinun kaltaisia vesist\u00f6jen, lintujen, maaper\u00e4n ja mets\u00e4n yst\u00e4vi\u00e4, jotka varmistavat vastuullisen suunnittelun ja toteutukset sek\u00e4 oivaltavat uusien asioiden, kuten kiertotalouden [&hellip;]<\/p>\n","protected":false},"author":50,"featured_media":0,"parent":456,"menu_order":5,"comment_status":"closed","ping_status":"closed","template":"","meta":{"_acf_changed":false,"_relevanssi_hide_post":"","_relevanssi_hide_content":"","_relevanssi_pin_for_all":"","_relevanssi_pin_keywords":"","_relevanssi_unpin_keywords":"","_relevanssi_related_keywords":"","_relevanssi_related_include_ids":"","_relevanssi_related_exclude_ids":"","_relevanssi_related_no_append":"","_relevanssi_related_not_related":"","_relevanssi_related_posts":"54,53,56,48,57,55","_relevanssi_noindex_reason":"","inline_featured_image":false,"footnotes":""},"class_list":["post-469","page","type-page","status-publish","hentry"],"acf":[],"yoast_head":"<!-- This site is optimized with the Yoast SEO Premium plugin v27.1 (Yoast SEO v27.3) - https:\/\/yoast.com\/product\/yoast-seo-premium-wordpress\/ -->\n<title>Vastuullinen Luonto- ja Ymp\u00e4rist\u00f6velho - Skol<\/title>\n<meta name=\"robots\" content=\"index, follow, max-snippet:-1, max-image-preview:large, max-video-preview:-1\" \/>\n<link rel=\"canonical\" href=\"https:\/\/teknologiateollisuus.fi\/skol\/osaaminen\/tule-muotoilemaan-tulevaisuus\/vastuullinen-luonto-ja-ymparistovelho\/\" \/>\n<meta property=\"og:locale\" content=\"fi_FI\" \/>\n<meta property=\"og:type\" content=\"article\" \/>\n<meta property=\"og:title\" content=\"Vastuullinen Luonto- ja Ymp\u00e4rist\u00f6velho\" \/>\n<meta property=\"og:description\" content=\"Sin\u00e4 voisit tulevaisuudessa olla&nbsp;Vastuullinen Luonto- ja Ymp\u00e4rist\u00f6velho, oikea luonnonarvojen ja kest\u00e4v\u00e4n ymp\u00e4rist\u00f6n varjelija. Suomessa kaunista luontoa ja mets\u00e4\u00e4 riitt\u00e4\u00e4 ja maatalous kukoistaa. T\u00e4\u00e4ll\u00e4 ja ihan koko maailmassa ymp\u00e4rist\u00f6st\u00e4 tulee huolehtia parhaalla mahdollisella tavalla. Onneksi on sinun kaltaisia vesist\u00f6jen, lintujen, maaper\u00e4n ja mets\u00e4n yst\u00e4vi\u00e4, jotka varmistavat vastuullisen suunnittelun ja toteutukset sek\u00e4 oivaltavat uusien asioiden, kuten kiertotalouden [&hellip;]\" \/>\n<meta property=\"og:url\" content=\"https:\/\/teknologiateollisuus.fi\/skol\/osaaminen\/tule-muotoilemaan-tulevaisuus\/vastuullinen-luonto-ja-ymparistovelho\/\" \/>\n<meta property=\"og:site_name\" content=\"Skol\" \/>\n<meta property=\"article:modified_time\" content=\"2024-12-20T12:32:54+00:00\" \/>\n<meta property=\"og:image\" content=\"https:\/\/teknologiateollisuus.fi\/skol\/wp-content\/uploads\/sites\/6\/2024\/09\/Ymparisto.jpg\" \/>\n\t<meta property=\"og:image:width\" content=\"261\" \/>\n\t<meta property=\"og:image:height\" content=\"350\" \/>\n\t<meta property=\"og:image:type\" content=\"image\/jpeg\" \/>\n<meta name=\"twitter:card\" content=\"summary_large_image\" \/>\n<meta name=\"twitter:label1\" content=\"Arvioitu lukuaika\" \/>\n\t<meta name=\"twitter:data1\" content=\"1 minuutti\" \/>\n<script type=\"application\/ld+json\" class=\"yoast-schema-graph\">{\"@context\":\"https:\\\/\\\/schema.org\",\"@graph\":[{\"@type\":\"WebPage\",\"@id\":\"https:\\\/\\\/teknologiateollisuus.fi\\\/skol\\\/osaaminen\\\/tule-muotoilemaan-tulevaisuus\\\/vastuullinen-luonto-ja-ymparistovelho\\\/\",\"url\":\"https:\\\/\\\/teknologiateollisuus.fi\\\/skol\\\/osaaminen\\\/tule-muotoilemaan-tulevaisuus\\\/vastuullinen-luonto-ja-ymparistovelho\\\/\",\"name\":\"Vastuullinen Luonto- ja Ymp\u00e4rist\u00f6velho - Skol\",\"isPartOf\":{\"@id\":\"https:\\\/\\\/teknologiateollisuus.fi\\\/skol\\\/#website\"},\"primaryImageOfPage\":{\"@id\":\"https:\\\/\\\/teknologiateollisuus.fi\\\/skol\\\/osaaminen\\\/tule-muotoilemaan-tulevaisuus\\\/vastuullinen-luonto-ja-ymparistovelho\\\/#primaryimage\"},\"image\":{\"@id\":\"https:\\\/\\\/teknologiateollisuus.fi\\\/skol\\\/osaaminen\\\/tule-muotoilemaan-tulevaisuus\\\/vastuullinen-luonto-ja-ymparistovelho\\\/#primaryimage\"},\"thumbnailUrl\":\"https:\\\/\\\/teknologiateollisuus.fi\\\/skol\\\/wp-content\\\/uploads\\\/sites\\\/6\\\/2024\\\/09\\\/Ymparisto.jpg\",\"datePublished\":\"2024-08-07T11:41:21+00:00\",\"dateModified\":\"2024-12-20T12:32:54+00:00\",\"breadcrumb\":{\"@id\":\"https:\\\/\\\/teknologiateollisuus.fi\\\/skol\\\/osaaminen\\\/tule-muotoilemaan-tulevaisuus\\\/vastuullinen-luonto-ja-ymparistovelho\\\/#breadcrumb\"},\"inLanguage\":\"fi\",\"potentialAction\":[{\"@type\":\"ReadAction\",\"target\":[\"https:\\\/\\\/teknologiateollisuus.fi\\\/skol\\\/osaaminen\\\/tule-muotoilemaan-tulevaisuus\\\/vastuullinen-luonto-ja-ymparistovelho\\\/\"]}]},{\"@type\":\"ImageObject\",\"inLanguage\":\"fi\",\"@id\":\"https:\\\/\\\/teknologiateollisuus.fi\\\/skol\\\/osaaminen\\\/tule-muotoilemaan-tulevaisuus\\\/vastuullinen-luonto-ja-ymparistovelho\\\/#primaryimage\",\"url\":\"https:\\\/\\\/teknologiateollisuus.fi\\\/skol\\\/wp-content\\\/uploads\\\/sites\\\/6\\\/2024\\\/09\\\/Ymparisto.jpg\",\"contentUrl\":\"https:\\\/\\\/teknologiateollisuus.fi\\\/skol\\\/wp-content\\\/uploads\\\/sites\\\/6\\\/2024\\\/09\\\/Ymparisto.jpg\",\"width\":261,\"height\":350,\"caption\":\"V\u00e4rik\u00e4s hahmo, maapallo, pisara ja vett\u00e4, piirroskuva.\"},{\"@type\":\"BreadcrumbList\",\"@id\":\"https:\\\/\\\/teknologiateollisuus.fi\\\/skol\\\/osaaminen\\\/tule-muotoilemaan-tulevaisuus\\\/vastuullinen-luonto-ja-ymparistovelho\\\/#breadcrumb\",\"itemListElement\":[{\"@type\":\"ListItem\",\"position\":1,\"name\":\"Etusivu\",\"item\":\"https:\\\/\\\/teknologiateollisuus.fi\\\/skol\\\/\"},{\"@type\":\"ListItem\",\"position\":2,\"name\":\"Osaaminen ja vetovoima\",\"item\":\"https:\\\/\\\/teknologiateollisuus.fi\\\/skol\\\/osaaminen\\\/\"},{\"@type\":\"ListItem\",\"position\":3,\"name\":\"Tule muotoilemaan tulevaisuus\",\"item\":\"https:\\\/\\\/teknologiateollisuus.fi\\\/skol\\\/osaaminen\\\/tule-muotoilemaan-tulevaisuus\\\/\"},{\"@type\":\"ListItem\",\"position\":4,\"name\":\"Vastuullinen Luonto- ja Ymp\u00e4rist\u00f6velho\"}]},{\"@type\":\"WebSite\",\"@id\":\"https:\\\/\\\/teknologiateollisuus.fi\\\/skol\\\/#website\",\"url\":\"https:\\\/\\\/teknologiateollisuus.fi\\\/skol\\\/\",\"name\":\"Skol\",\"description\":\"\",\"potentialAction\":[{\"@type\":\"SearchAction\",\"target\":{\"@type\":\"EntryPoint\",\"urlTemplate\":\"https:\\\/\\\/teknologiateollisuus.fi\\\/skol\\\/?s={search_term_string}\"},\"query-input\":{\"@type\":\"PropertyValueSpecification\",\"valueRequired\":true,\"valueName\":\"search_term_string\"}}],\"inLanguage\":\"fi\"}]}<\/script>\n<!-- \/ Yoast SEO Premium plugin. -->","yoast_head_json":{"title":"Vastuullinen Luonto- ja Ymp\u00e4rist\u00f6velho - Skol","robots":{"index":"index","follow":"follow","max-snippet":"max-snippet:-1","max-image-preview":"max-image-preview:large","max-video-preview":"max-video-preview:-1"},"canonical":"https:\/\/teknologiateollisuus.fi\/skol\/osaaminen\/tule-muotoilemaan-tulevaisuus\/vastuullinen-luonto-ja-ymparistovelho\/","og_locale":"fi_FI","og_type":"article","og_title":"Vastuullinen Luonto- ja Ymp\u00e4rist\u00f6velho","og_description":"Sin\u00e4 voisit tulevaisuudessa olla&nbsp;Vastuullinen Luonto- ja Ymp\u00e4rist\u00f6velho, oikea luonnonarvojen ja kest\u00e4v\u00e4n ymp\u00e4rist\u00f6n varjelija. Suomessa kaunista luontoa ja mets\u00e4\u00e4 riitt\u00e4\u00e4 ja maatalous kukoistaa. T\u00e4\u00e4ll\u00e4 ja ihan koko maailmassa ymp\u00e4rist\u00f6st\u00e4 tulee huolehtia parhaalla mahdollisella tavalla. Onneksi on sinun kaltaisia vesist\u00f6jen, lintujen, maaper\u00e4n ja mets\u00e4n yst\u00e4vi\u00e4, jotka varmistavat vastuullisen suunnittelun ja toteutukset sek\u00e4 oivaltavat uusien asioiden, kuten kiertotalouden [&hellip;]","og_url":"https:\/\/teknologiateollisuus.fi\/skol\/osaaminen\/tule-muotoilemaan-tulevaisuus\/vastuullinen-luonto-ja-ymparistovelho\/","og_site_name":"Skol","article_modified_time":"2024-12-20T12:32:54+00:00","og_image":[{"width":261,"height":350,"url":"https:\/\/teknologiateollisuus.fi\/skol\/wp-content\/uploads\/sites\/6\/2024\/09\/Ymparisto.jpg","type":"image\/jpeg"}],"twitter_card":"summary_large_image","twitter_misc":{"Arvioitu lukuaika":"1 minuutti"},"schema":{"@context":"https:\/\/schema.org","@graph":[{"@type":"WebPage","@id":"https:\/\/teknologiateollisuus.fi\/skol\/osaaminen\/tule-muotoilemaan-tulevaisuus\/vastuullinen-luonto-ja-ymparistovelho\/","url":"https:\/\/teknologiateollisuus.fi\/skol\/osaaminen\/tule-muotoilemaan-tulevaisuus\/vastuullinen-luonto-ja-ymparistovelho\/","name":"Vastuullinen Luonto- ja Ymp\u00e4rist\u00f6velho - Skol","isPartOf":{"@id":"https:\/\/teknologiateollisuus.fi\/skol\/#website"},"primaryImageOfPage":{"@id":"https:\/\/teknologiateollisuus.fi\/skol\/osaaminen\/tule-muotoilemaan-tulevaisuus\/vastuullinen-luonto-ja-ymparistovelho\/#primaryimage"},"image":{"@id":"https:\/\/teknologiateollisuus.fi\/skol\/osaaminen\/tule-muotoilemaan-tulevaisuus\/vastuullinen-luonto-ja-ymparistovelho\/#primaryimage"},"thumbnailUrl":"https:\/\/teknologiateollisuus.fi\/skol\/wp-content\/uploads\/sites\/6\/2024\/09\/Ymparisto.jpg","datePublished":"2024-08-07T11:41:21+00:00","dateModified":"2024-12-20T12:32:54+00:00","breadcrumb":{"@id":"https:\/\/teknologiateollisuus.fi\/skol\/osaaminen\/tule-muotoilemaan-tulevaisuus\/vastuullinen-luonto-ja-ymparistovelho\/#breadcrumb"},"inLanguage":"fi","potentialAction":[{"@type":"ReadAction","target":["https:\/\/teknologiateollisuus.fi\/skol\/osaaminen\/tule-muotoilemaan-tulevaisuus\/vastuullinen-luonto-ja-ymparistovelho\/"]}]},{"@type":"ImageObject","inLanguage":"fi","@id":"https:\/\/teknologiateollisuus.fi\/skol\/osaaminen\/tule-muotoilemaan-tulevaisuus\/vastuullinen-luonto-ja-ymparistovelho\/#primaryimage","url":"https:\/\/teknologiateollisuus.fi\/skol\/wp-content\/uploads\/sites\/6\/2024\/09\/Ymparisto.jpg","contentUrl":"https:\/\/teknologiateollisuus.fi\/skol\/wp-content\/uploads\/sites\/6\/2024\/09\/Ymparisto.jpg","width":261,"height":350,"caption":"V\u00e4rik\u00e4s hahmo, maapallo, pisara ja vett\u00e4, piirroskuva."},{"@type":"BreadcrumbList","@id":"https:\/\/teknologiateollisuus.fi\/skol\/osaaminen\/tule-muotoilemaan-tulevaisuus\/vastuullinen-luonto-ja-ymparistovelho\/#breadcrumb","itemListElement":[{"@type":"ListItem","position":1,"name":"Etusivu","item":"https:\/\/teknologiateollisuus.fi\/skol\/"},{"@type":"ListItem","position":2,"name":"Osaaminen ja vetovoima","item":"https:\/\/teknologiateollisuus.fi\/skol\/osaaminen\/"},{"@type":"ListItem","position":3,"name":"Tule muotoilemaan tulevaisuus","item":"https:\/\/teknologiateollisuus.fi\/skol\/osaaminen\/tule-muotoilemaan-tulevaisuus\/"},{"@type":"ListItem","position":4,"name":"Vastuullinen Luonto- ja Ymp\u00e4rist\u00f6velho"}]},{"@type":"WebSite","@id":"https:\/\/teknologiateollisuus.fi\/skol\/#website","url":"https:\/\/teknologiateollisuus.fi\/skol\/","name":"Skol","description":"","potentialAction":[{"@type":"SearchAction","target":{"@type":"EntryPoint","urlTemplate":"https:\/\/teknologiateollisuus.fi\/skol\/?s={search_term_string}"},"query-input":{"@type":"PropertyValueSpecification","valueRequired":true,"valueName":"search_term_string"}}],"inLanguage":"fi"}]}},"lang":"fi","translations":{"fi":469},"pll_sync_post":[],"_links":{"self":[{"href":"https:\/\/teknologiateollisuus.fi\/skol\/wp-json\/wp\/v2\/pages\/469","targetHints":{"allow":["GET"]}}],"collection":[{"href":"https:\/\/teknologiateollisuus.fi\/skol\/wp-json\/wp\/v2\/pages"}],"about":[{"href":"https:\/\/teknologiateollisuus.fi\/skol\/wp-json\/wp\/v2\/types\/page"}],"author":[{"embeddable":true,"href":"https:\/\/teknologiateollisuus.fi\/skol\/wp-json\/wp\/v2\/users\/50"}],"replies":[{"embeddable":true,"href":"https:\/\/teknologiateollisuus.fi\/skol\/wp-json\/wp\/v2\/comments?post=469"}],"version-history":[{"count":5,"href":"https:\/\/teknologiateollisuus.fi\/skol\/wp-json\/wp\/v2\/pages\/469\/revisions"}],"predecessor-version":[{"id":2416,"href":"https:\/\/teknologiateollisuus.fi\/skol\/wp-json\/wp\/v2\/pages\/469\/revisions\/2416"}],"up":[{"embeddable":true,"href":"https:\/\/teknologiateollisuus.fi\/skol\/wp-json\/wp\/v2\/pages\/456"}],"wp:attachment":[{"href":"https:\/\/teknologiateollisuus.fi\/skol\/wp-json\/wp\/v2\/media?parent=469"}],"curies":[{"name":"wp","href":"https:\/\/api.w.org\/{rel}","templated":true}]}}