{"id":478,"date":"2024-08-07T15:06:20","date_gmt":"2024-08-07T12:06:20","guid":{"rendered":"https:\/\/teknologiateollisuus.fi\/skol\/?page_id=478"},"modified":"2025-02-21T10:26:59","modified_gmt":"2025-02-21T08:26:59","slug":"edistyksellinen-energiavirtuoosi","status":"publish","type":"page","link":"https:\/\/teknologiateollisuus.fi\/skol\/osaaminen\/tule-muotoilemaan-tulevaisuus\/edistyksellinen-energiavirtuoosi\/","title":{"rendered":"Edistyksellinen Energiavirtuoosi"},"content":{"rendered":"\n<div class=\"em-block-hero hero-has-background-color has-background has-violet-background-color collapse media-position-right \">\n\t<div class=\"em-block-hero__container\">\n\t\t<div class=\"em-block-hero__content\">\n\t\t\t<div class=\"yoast-breadcrumbs\"><span><span><a href=\"https:\/\/teknologiateollisuus.fi\/skol\/\">Etusivu<\/a><\/span> <span class=\"separator\"><\/span> <span><a href=\"https:\/\/teknologiateollisuus.fi\/skol\/osaaminen\/\">Osaaminen ja vetovoima<\/a><\/span> <span class=\"separator\"><\/span> <span><a href=\"https:\/\/teknologiateollisuus.fi\/skol\/osaaminen\/tule-muotoilemaan-tulevaisuus\/\">Tule muotoilemaan tulevaisuus<\/a><\/span> <span class=\"separator\"><\/span> <span class=\"breadcrumb_last\" aria-current=\"page\">Edistyksellinen Energiavirtuoosi<\/span><\/span><\/div>\t\t\t\n<h1 class=\"wp-block-heading\" id=\"h-edistyksellinen-energiavirtuoosi\">Edistyksellinen Energiavirtuoosi<\/h1>\n\t\t\t<div class=\"em-block-hero__modified-date\"> P\u00e4ivitetty 21.02.2025 klo 10:26<\/div>\t\t<\/div>\n\t\t\t\t\t<figure class=\"em-block-hero__image\">\n\t\t\t\t\t\t\t<\/figure>\n\t\t\t<\/div>\n<\/div>\n\n\n\n<figure class=\"wp-block-image aligncenter size-full\"><img loading=\"lazy\" decoding=\"async\" width=\"261\" height=\"350\" src=\"https:\/\/teknologiateollisuus.fi\/skol\/wp-content\/uploads\/sites\/6\/2024\/08\/energiavelho-paivitetty-18.02.jpg\" alt=\"\" class=\"wp-image-479\" \/><\/figure>\n\n\n\n<p>Sin\u00e4 voisit tulevaisuudessa olla&nbsp;<strong>Edistyksellinen energiavirtuoosi<\/strong>, oikea ilmastoyst\u00e4v\u00e4llisten energiamuotojen uusiuttaja ja hukkal\u00e4mm\u00f6n ennakkoluuloton hy\u00f6dynt\u00e4j\u00e4. Energiaa tarvitaan ihan kaikkialla. Ongelmana vaan on, ett\u00e4 siit\u00e4 tulee liikaa p\u00e4\u00e4st\u00f6j\u00e4 \u2013 ja ihan kaikki haluavat p\u00e4\u00e4st\u00f6ist\u00e4 eroon. Uusiutuvien energiamuotojen edist\u00e4j\u00e4n\u00e4 pit\u00e4isit huolta, ett\u00e4 yhteiskunnan rattaat py\u00f6riv\u00e4t rasittamatta samalla ilmastoa liikaa. Jos autat keksim\u00e4\u00e4n ratkaisun, olet mukana tekem\u00e4ss\u00e4 historiaa.&nbsp;<\/p>\n\n\n\n<p><strong>Ratkaisisit Edistyksellisen\u00e4 energiavirtuoosina mm. n\u00e4it\u00e4 kest\u00e4v\u00e4n kehityksen haasteita:<\/strong><\/p>\n\n\n\n<p>1. Edullista ja puhdasta energiaa<\/p>\n\n\n\n<p>2. Vastuullista kuluttamista<\/p>\n\n\n\n<p>3. Kest\u00e4v\u00e4t kaupungit ja yhteis\u00f6t<\/p>\n\n\n\n<h2 class=\"wp-block-heading\" id=\"h-edistykselliseksi-nbsp-energiavirtuoosiksi-nbsp-voit-opiskella-esimerkiksi-naissa-kouluissa-ja-tyoskennella-tulevaisuudessa-naissa-ammateissa\" id=\"edistykselliseksi-energiavirtuoosiksi-voit-opiskella-esimerkiksi-naissa-kouluissa-ja-tyoskennella-tulevaisuudessa-naissa-ammateissa\">Edistykselliseksi&nbsp;energiavirtuoosiksi&nbsp;voit opiskella esimerkiksi n\u00e4iss\u00e4 kouluissa ja ty\u00f6skennell\u00e4 tulevaisuudessa n\u00e4iss\u00e4 ammateissa:<\/h2>\n\n\n\n<div class=\"wp-block-evermade-links em-block-links has-columns-1\">\n<a\n\tclass=\"wp-block-evermade-external-link em-block-link is-external   \"\n\thref=\"https:\/\/www.lut.fi\/fi\/opiskelu\/tekniikka\/energiatekniikan-kandidaattiohjelma\"\n\taria-label=\"Avaa uudessa v\u00e4lilehdess\u00e4\"\n\ttarget=\"_blank\"\n\trel=\"noopener noreferrer\"\n>\n\t<div class=\"em-block-link__content\">\n\t\t<span class=\"em-block-link__title\">\n\t\t\tLUT Yliopisto, energiatekniikka\t\t<\/span>\n\t\t\t<\/div>\n\t<div class=\"em-block-link__arrow\"><\/div>\n\t<div class=\"em-block-link__pressable\"><\/div>\n<\/a>\n\n\n\n<a\n\tclass=\"wp-block-evermade-external-link em-block-link is-external   \"\n\thref=\"https:\/\/www.aalto.fi\/fi\/insinooritieteiden-korkeakoulu\/opiskelu-insinooritieteiden-korkeakoulussa\"\n\taria-label=\"Avaa uudessa v\u00e4lilehdess\u00e4\"\n\ttarget=\"_blank\"\n\trel=\"noopener noreferrer\"\n>\n\t<div class=\"em-block-link__content\">\n\t\t<span class=\"em-block-link__title\">\n\t\t\tAalto Yliopisto, energiatekniikka\t\t<\/span>\n\t\t\t<\/div>\n\t<div class=\"em-block-link__arrow\"><\/div>\n\t<div class=\"em-block-link__pressable\"><\/div>\n<\/a>\n\n\n\n<a\n\tclass=\"wp-block-evermade-external-link em-block-link is-external   \"\n\thref=\"https:\/\/www.vamk.fi\/tutkinto\/energia-ja-ymparistotekniikka?_gl=1*1d0iocr*_up*MQ..&amp;gclid=Cj0KCQiA962BBhCzARIsAIpWEL0Fs84JepmX1s9iKPAxrDoT7WBafS-fG39iQpZs0dHHj50r1LmL9rMaAkbxEALw_wcB\"\n\taria-label=\"Avaa uudessa v\u00e4lilehdess\u00e4\"\n\ttarget=\"_blank\"\n\trel=\"noopener noreferrer\"\n>\n\t<div class=\"em-block-link__content\">\n\t\t<span class=\"em-block-link__title\">\n\t\t\tVaasan AMK, energiatekniikka\t\t<\/span>\n\t\t\t<\/div>\n\t<div class=\"em-block-link__arrow\"><\/div>\n\t<div class=\"em-block-link__pressable\"><\/div>\n<\/a>\n\n\n\n<a\n\tclass=\"wp-block-evermade-external-link em-block-link is-external   \"\n\thref=\"https:\/\/www.xamk.fi\/koulutukset\/insinoori-amk-energiatekniikka\/\"\n\taria-label=\"Avaa uudessa v\u00e4lilehdess\u00e4\"\n\ttarget=\"_blank\"\n\trel=\"noopener noreferrer\"\n>\n\t<div class=\"em-block-link__content\">\n\t\t<span class=\"em-block-link__title\">\n\t\t\tXAMK, energiatekniikka\t\t<\/span>\n\t\t\t<\/div>\n\t<div class=\"em-block-link__arrow\"><\/div>\n\t<div class=\"em-block-link__pressable\"><\/div>\n<\/a>\n\n\n\n<a\n\tclass=\"wp-block-evermade-external-link em-block-link is-external   \"\n\thref=\"https:\/\/\"\n\taria-label=\"Avaa uudessa v\u00e4lilehdess\u00e4\"\n\ttarget=\"_blank\"\n\trel=\"noopener noreferrer\"\n>\n\t<div class=\"em-block-link__content\">\n\t\t<span class=\"em-block-link__title\">\n\t\t\tJyv\u00e4skyl\u00e4n AMK, energia- ja ymp\u00e4rist\u00f6tekniikka\t\t<\/span>\n\t\t\t<\/div>\n\t<div class=\"em-block-link__arrow\"><\/div>\n\t<div class=\"em-block-link__pressable\"><\/div>\n<\/a>\n<\/div>\n\n\n\n<p><strong>Ammatteja<\/strong>: Konesaliasiantuntija, energiakatselmoija, voimalaitossuunnittelija, p\u00e4\u00e4st\u00f6kaupan asiantuntija, sis\u00e4ilma-asiantuntija, puhdastila-asiantuntija, kuntokartoittaja<\/p>\n\n\n\n<h2 class=\"wp-block-heading\" id=\"h-edistyksellisena-nbsp-nbsp-energiavirtuoosina-nbsp-voit-paasta-nbsp-tekemaan-toita-muun-muassa-tallaisten-asioiden-parissa\" id=\"edistyksellisena-energiavirtuoosina-voit-paasta-tekemaan-toita-muun-muassa-tallaisten-asioiden-parissa\">Edistyksellisen\u00e4&nbsp;&nbsp;energiavirtuoosina&nbsp;voit p\u00e4\u00e4st\u00e4&nbsp;tekem\u00e4\u00e4n t\u00f6it\u00e4 muun muassa t\u00e4llaisten asioiden parissa:<\/h2>\n\n\n\n<div class=\"wp-block-evermade-links em-block-links has-columns-1\">\n<a\n\tclass=\"wp-block-evermade-internal-link em-block-link is-internal   \"\n\thref=\"https:\/\/teknologiateollisuus.fi\/skol\/supertietokone-jaahtyy-ymparistoystavallisesti\/\"\n\taria-label=\"Avaa samassa v\u00e4lilehdess\u00e4\"\n\ttarget=\"_self\"\n\trel=\"noopener\"\n>\n\t<div class=\"em-block-link__content\">\n\t\t<span class=\"em-block-link__title\">\n\t\t\tSupertietokone j\u00e4\u00e4htyy ymp\u00e4rist\u00f6yst\u00e4v\u00e4llisesti\t\t<\/span>\n\t\t\t<\/div>\n\t\t\t<div class=\"em-block-link__arrow\"><\/div>\n\t\t<div class=\"em-block-link__pressable\"><\/div>\n\t<\/a>\n\n\n\n<a\n\tclass=\"wp-block-evermade-internal-link em-block-link is-internal   \"\n\thref=\"https:\/\/teknologiateollisuus.fi\/skol\/jatkasaaren-airut-arkkitehtuurisia-ja-energiateknisia-innovaatioita-kestavan-kehityksen-hengessa\/\"\n\taria-label=\"Avaa samassa v\u00e4lilehdess\u00e4\"\n\ttarget=\"_self\"\n\trel=\"noopener\"\n>\n\t<div class=\"em-block-link__content\">\n\t\t<span class=\"em-block-link__title\">\n\t\t\tJ\u00e4tk\u00e4saaren Airut \u2013 arkkitehtuurisia ja energiateknisi\u00e4 innovaatioita kest\u00e4v\u00e4n kehityksen hengess\u00e4\t\t<\/span>\n\t\t\t<\/div>\n\t\t\t<div class=\"em-block-link__arrow\"><\/div>\n\t\t<div class=\"em-block-link__pressable\"><\/div>\n\t<\/a>\n\n\n\n<a\n\tclass=\"wp-block-evermade-internal-link em-block-link is-internal   \"\n\thref=\"https:\/\/teknologiateollisuus.fi\/skol\/kuopion-kaupunki-ohjaa-kiinteistojensa-energiatehokkuutta\/\"\n\taria-label=\"Avaa samassa v\u00e4lilehdess\u00e4\"\n\ttarget=\"_self\"\n\trel=\"noopener\"\n>\n\t<div class=\"em-block-link__content\">\n\t\t<span class=\"em-block-link__title\">\n\t\t\tKuopion kaupunki ohjaa kiinteist\u00f6jens\u00e4 energiatehokkuutta\t\t<\/span>\n\t\t\t<\/div>\n\t\t\t<div class=\"em-block-link__arrow\"><\/div>\n\t\t<div class=\"em-block-link__pressable\"><\/div>\n\t<\/a>\n\n\n\n<a\n\tclass=\"wp-block-evermade-internal-link em-block-link is-internal   \"\n\thref=\"https:\/\/teknologiateollisuus.fi\/skol\/metropolia-ammattikorkeakoulun-energiatehokas-myllypuron-kampus\/\"\n\taria-label=\"Avaa samassa v\u00e4lilehdess\u00e4\"\n\ttarget=\"_self\"\n\trel=\"noopener\"\n>\n\t<div class=\"em-block-link__content\">\n\t\t<span class=\"em-block-link__title\">\n\t\t\tMetropolia ammattikorkeakoulun energiatehokas Myllypuron kampus\t\t<\/span>\n\t\t\t<\/div>\n\t\t\t<div class=\"em-block-link__arrow\"><\/div>\n\t\t<div class=\"em-block-link__pressable\"><\/div>\n\t<\/a>\n<\/div>\n","protected":false},"excerpt":{"rendered":"<p>Sin\u00e4 voisit tulevaisuudessa olla&nbsp;Edistyksellinen energiavirtuoosi, oikea ilmastoyst\u00e4v\u00e4llisten energiamuotojen uusiuttaja ja hukkal\u00e4mm\u00f6n ennakkoluuloton hy\u00f6dynt\u00e4j\u00e4. Energiaa tarvitaan ihan kaikkialla. Ongelmana vaan on, ett\u00e4 siit\u00e4 tulee liikaa p\u00e4\u00e4st\u00f6j\u00e4 \u2013 ja ihan kaikki haluavat p\u00e4\u00e4st\u00f6ist\u00e4 eroon. Uusiutuvien energiamuotojen edist\u00e4j\u00e4n\u00e4 pit\u00e4isit huolta, ett\u00e4 yhteiskunnan rattaat py\u00f6riv\u00e4t rasittamatta samalla ilmastoa liikaa. Jos autat keksim\u00e4\u00e4n ratkaisun, olet mukana tekem\u00e4ss\u00e4 historiaa.&nbsp; Ratkaisisit Edistyksellisen\u00e4 [&hellip;]<\/p>\n","protected":false},"author":50,"featured_media":0,"parent":456,"menu_order":0,"comment_status":"closed","ping_status":"closed","template":"","meta":{"_acf_changed":false,"_relevanssi_hide_post":"","_relevanssi_hide_content":"","_relevanssi_pin_for_all":"","_relevanssi_pin_keywords":"","_relevanssi_unpin_keywords":"","_relevanssi_related_keywords":"","_relevanssi_related_include_ids":"","_relevanssi_related_exclude_ids":"","_relevanssi_related_no_append":"","_relevanssi_related_not_related":"","_relevanssi_related_posts":"55,56,54,57,48,53","_relevanssi_noindex_reason":"","inline_featured_image":false,"footnotes":""},"class_list":["post-478","page","type-page","status-publish","hentry"],"acf":[],"yoast_head":"<!-- This site is optimized with the Yoast SEO Premium plugin v27.1 (Yoast SEO v27.4) - https:\/\/yoast.com\/product\/yoast-seo-premium-wordpress\/ -->\n<title>Edistyksellinen Energiavirtuoosi - Skol<\/title>\n<meta name=\"robots\" content=\"index, follow, max-snippet:-1, max-image-preview:large, max-video-preview:-1\" \/>\n<link rel=\"canonical\" href=\"https:\/\/teknologiateollisuus.fi\/skol\/osaaminen\/tule-muotoilemaan-tulevaisuus\/edistyksellinen-energiavirtuoosi\/\" \/>\n<meta property=\"og:locale\" content=\"fi_FI\" \/>\n<meta property=\"og:type\" content=\"article\" \/>\n<meta property=\"og:title\" content=\"Edistyksellinen Energiavirtuoosi\" \/>\n<meta property=\"og:description\" content=\"Sin\u00e4 voisit tulevaisuudessa olla&nbsp;Edistyksellinen energiavirtuoosi, oikea ilmastoyst\u00e4v\u00e4llisten energiamuotojen uusiuttaja ja hukkal\u00e4mm\u00f6n ennakkoluuloton hy\u00f6dynt\u00e4j\u00e4. Energiaa tarvitaan ihan kaikkialla. Ongelmana vaan on, ett\u00e4 siit\u00e4 tulee liikaa p\u00e4\u00e4st\u00f6j\u00e4 \u2013 ja ihan kaikki haluavat p\u00e4\u00e4st\u00f6ist\u00e4 eroon. Uusiutuvien energiamuotojen edist\u00e4j\u00e4n\u00e4 pit\u00e4isit huolta, ett\u00e4 yhteiskunnan rattaat py\u00f6riv\u00e4t rasittamatta samalla ilmastoa liikaa. Jos autat keksim\u00e4\u00e4n ratkaisun, olet mukana tekem\u00e4ss\u00e4 historiaa.&nbsp; Ratkaisisit Edistyksellisen\u00e4 [&hellip;]\" \/>\n<meta property=\"og:url\" content=\"https:\/\/teknologiateollisuus.fi\/skol\/osaaminen\/tule-muotoilemaan-tulevaisuus\/edistyksellinen-energiavirtuoosi\/\" \/>\n<meta property=\"og:site_name\" content=\"Skol\" \/>\n<meta property=\"article:modified_time\" content=\"2025-02-21T08:26:59+00:00\" \/>\n<meta property=\"og:image\" content=\"https:\/\/teknologiateollisuus.fi\/skol\/wp-content\/uploads\/sites\/6\/2024\/08\/energiavelho-paivitetty-18.02.jpg\" \/>\n\t<meta property=\"og:image:width\" content=\"261\" \/>\n\t<meta property=\"og:image:height\" content=\"350\" \/>\n\t<meta property=\"og:image:type\" content=\"image\/jpeg\" \/>\n<meta name=\"twitter:card\" content=\"summary_large_image\" \/>\n<meta name=\"twitter:label1\" content=\"Arvioitu lukuaika\" \/>\n\t<meta name=\"twitter:data1\" content=\"1 minuutti\" \/>\n<script type=\"application\/ld+json\" class=\"yoast-schema-graph\">{\"@context\":\"https:\\\/\\\/schema.org\",\"@graph\":[{\"@type\":\"WebPage\",\"@id\":\"https:\\\/\\\/teknologiateollisuus.fi\\\/skol\\\/osaaminen\\\/tule-muotoilemaan-tulevaisuus\\\/edistyksellinen-energiavirtuoosi\\\/\",\"url\":\"https:\\\/\\\/teknologiateollisuus.fi\\\/skol\\\/osaaminen\\\/tule-muotoilemaan-tulevaisuus\\\/edistyksellinen-energiavirtuoosi\\\/\",\"name\":\"Edistyksellinen Energiavirtuoosi - Skol\",\"isPartOf\":{\"@id\":\"https:\\\/\\\/teknologiateollisuus.fi\\\/skol\\\/#website\"},\"primaryImageOfPage\":{\"@id\":\"https:\\\/\\\/teknologiateollisuus.fi\\\/skol\\\/osaaminen\\\/tule-muotoilemaan-tulevaisuus\\\/edistyksellinen-energiavirtuoosi\\\/#primaryimage\"},\"image\":{\"@id\":\"https:\\\/\\\/teknologiateollisuus.fi\\\/skol\\\/osaaminen\\\/tule-muotoilemaan-tulevaisuus\\\/edistyksellinen-energiavirtuoosi\\\/#primaryimage\"},\"thumbnailUrl\":\"https:\\\/\\\/teknologiateollisuus.fi\\\/skol\\\/wp-content\\\/uploads\\\/sites\\\/6\\\/2024\\\/08\\\/energiavelho-paivitetty-18.02.jpg\",\"datePublished\":\"2024-08-07T12:06:20+00:00\",\"dateModified\":\"2025-02-21T08:26:59+00:00\",\"breadcrumb\":{\"@id\":\"https:\\\/\\\/teknologiateollisuus.fi\\\/skol\\\/osaaminen\\\/tule-muotoilemaan-tulevaisuus\\\/edistyksellinen-energiavirtuoosi\\\/#breadcrumb\"},\"inLanguage\":\"fi\",\"potentialAction\":[{\"@type\":\"ReadAction\",\"target\":[\"https:\\\/\\\/teknologiateollisuus.fi\\\/skol\\\/osaaminen\\\/tule-muotoilemaan-tulevaisuus\\\/edistyksellinen-energiavirtuoosi\\\/\"]}]},{\"@type\":\"ImageObject\",\"inLanguage\":\"fi\",\"@id\":\"https:\\\/\\\/teknologiateollisuus.fi\\\/skol\\\/osaaminen\\\/tule-muotoilemaan-tulevaisuus\\\/edistyksellinen-energiavirtuoosi\\\/#primaryimage\",\"url\":\"https:\\\/\\\/teknologiateollisuus.fi\\\/skol\\\/wp-content\\\/uploads\\\/sites\\\/6\\\/2024\\\/08\\\/energiavelho-paivitetty-18.02.jpg\",\"contentUrl\":\"https:\\\/\\\/teknologiateollisuus.fi\\\/skol\\\/wp-content\\\/uploads\\\/sites\\\/6\\\/2024\\\/08\\\/energiavelho-paivitetty-18.02.jpg\",\"width\":261,\"height\":350},{\"@type\":\"BreadcrumbList\",\"@id\":\"https:\\\/\\\/teknologiateollisuus.fi\\\/skol\\\/osaaminen\\\/tule-muotoilemaan-tulevaisuus\\\/edistyksellinen-energiavirtuoosi\\\/#breadcrumb\",\"itemListElement\":[{\"@type\":\"ListItem\",\"position\":1,\"name\":\"Etusivu\",\"item\":\"https:\\\/\\\/teknologiateollisuus.fi\\\/skol\\\/\"},{\"@type\":\"ListItem\",\"position\":2,\"name\":\"Osaaminen ja vetovoima\",\"item\":\"https:\\\/\\\/teknologiateollisuus.fi\\\/skol\\\/osaaminen\\\/\"},{\"@type\":\"ListItem\",\"position\":3,\"name\":\"Tule muotoilemaan tulevaisuus\",\"item\":\"https:\\\/\\\/teknologiateollisuus.fi\\\/skol\\\/osaaminen\\\/tule-muotoilemaan-tulevaisuus\\\/\"},{\"@type\":\"ListItem\",\"position\":4,\"name\":\"Edistyksellinen Energiavirtuoosi\"}]},{\"@type\":\"WebSite\",\"@id\":\"https:\\\/\\\/teknologiateollisuus.fi\\\/skol\\\/#website\",\"url\":\"https:\\\/\\\/teknologiateollisuus.fi\\\/skol\\\/\",\"name\":\"Skol\",\"description\":\"\",\"potentialAction\":[{\"@type\":\"SearchAction\",\"target\":{\"@type\":\"EntryPoint\",\"urlTemplate\":\"https:\\\/\\\/teknologiateollisuus.fi\\\/skol\\\/?s={search_term_string}\"},\"query-input\":{\"@type\":\"PropertyValueSpecification\",\"valueRequired\":true,\"valueName\":\"search_term_string\"}}],\"inLanguage\":\"fi\"}]}<\/script>\n<!-- \/ Yoast SEO Premium plugin. -->","yoast_head_json":{"title":"Edistyksellinen Energiavirtuoosi - Skol","robots":{"index":"index","follow":"follow","max-snippet":"max-snippet:-1","max-image-preview":"max-image-preview:large","max-video-preview":"max-video-preview:-1"},"canonical":"https:\/\/teknologiateollisuus.fi\/skol\/osaaminen\/tule-muotoilemaan-tulevaisuus\/edistyksellinen-energiavirtuoosi\/","og_locale":"fi_FI","og_type":"article","og_title":"Edistyksellinen Energiavirtuoosi","og_description":"Sin\u00e4 voisit tulevaisuudessa olla&nbsp;Edistyksellinen energiavirtuoosi, oikea ilmastoyst\u00e4v\u00e4llisten energiamuotojen uusiuttaja ja hukkal\u00e4mm\u00f6n ennakkoluuloton hy\u00f6dynt\u00e4j\u00e4. Energiaa tarvitaan ihan kaikkialla. Ongelmana vaan on, ett\u00e4 siit\u00e4 tulee liikaa p\u00e4\u00e4st\u00f6j\u00e4 \u2013 ja ihan kaikki haluavat p\u00e4\u00e4st\u00f6ist\u00e4 eroon. Uusiutuvien energiamuotojen edist\u00e4j\u00e4n\u00e4 pit\u00e4isit huolta, ett\u00e4 yhteiskunnan rattaat py\u00f6riv\u00e4t rasittamatta samalla ilmastoa liikaa. Jos autat keksim\u00e4\u00e4n ratkaisun, olet mukana tekem\u00e4ss\u00e4 historiaa.&nbsp; Ratkaisisit Edistyksellisen\u00e4 [&hellip;]","og_url":"https:\/\/teknologiateollisuus.fi\/skol\/osaaminen\/tule-muotoilemaan-tulevaisuus\/edistyksellinen-energiavirtuoosi\/","og_site_name":"Skol","article_modified_time":"2025-02-21T08:26:59+00:00","og_image":[{"width":261,"height":350,"url":"https:\/\/teknologiateollisuus.fi\/skol\/wp-content\/uploads\/sites\/6\/2024\/08\/energiavelho-paivitetty-18.02.jpg","type":"image\/jpeg"}],"twitter_card":"summary_large_image","twitter_misc":{"Arvioitu lukuaika":"1 minuutti"},"schema":{"@context":"https:\/\/schema.org","@graph":[{"@type":"WebPage","@id":"https:\/\/teknologiateollisuus.fi\/skol\/osaaminen\/tule-muotoilemaan-tulevaisuus\/edistyksellinen-energiavirtuoosi\/","url":"https:\/\/teknologiateollisuus.fi\/skol\/osaaminen\/tule-muotoilemaan-tulevaisuus\/edistyksellinen-energiavirtuoosi\/","name":"Edistyksellinen Energiavirtuoosi - Skol","isPartOf":{"@id":"https:\/\/teknologiateollisuus.fi\/skol\/#website"},"primaryImageOfPage":{"@id":"https:\/\/teknologiateollisuus.fi\/skol\/osaaminen\/tule-muotoilemaan-tulevaisuus\/edistyksellinen-energiavirtuoosi\/#primaryimage"},"image":{"@id":"https:\/\/teknologiateollisuus.fi\/skol\/osaaminen\/tule-muotoilemaan-tulevaisuus\/edistyksellinen-energiavirtuoosi\/#primaryimage"},"thumbnailUrl":"https:\/\/teknologiateollisuus.fi\/skol\/wp-content\/uploads\/sites\/6\/2024\/08\/energiavelho-paivitetty-18.02.jpg","datePublished":"2024-08-07T12:06:20+00:00","dateModified":"2025-02-21T08:26:59+00:00","breadcrumb":{"@id":"https:\/\/teknologiateollisuus.fi\/skol\/osaaminen\/tule-muotoilemaan-tulevaisuus\/edistyksellinen-energiavirtuoosi\/#breadcrumb"},"inLanguage":"fi","potentialAction":[{"@type":"ReadAction","target":["https:\/\/teknologiateollisuus.fi\/skol\/osaaminen\/tule-muotoilemaan-tulevaisuus\/edistyksellinen-energiavirtuoosi\/"]}]},{"@type":"ImageObject","inLanguage":"fi","@id":"https:\/\/teknologiateollisuus.fi\/skol\/osaaminen\/tule-muotoilemaan-tulevaisuus\/edistyksellinen-energiavirtuoosi\/#primaryimage","url":"https:\/\/teknologiateollisuus.fi\/skol\/wp-content\/uploads\/sites\/6\/2024\/08\/energiavelho-paivitetty-18.02.jpg","contentUrl":"https:\/\/teknologiateollisuus.fi\/skol\/wp-content\/uploads\/sites\/6\/2024\/08\/energiavelho-paivitetty-18.02.jpg","width":261,"height":350},{"@type":"BreadcrumbList","@id":"https:\/\/teknologiateollisuus.fi\/skol\/osaaminen\/tule-muotoilemaan-tulevaisuus\/edistyksellinen-energiavirtuoosi\/#breadcrumb","itemListElement":[{"@type":"ListItem","position":1,"name":"Etusivu","item":"https:\/\/teknologiateollisuus.fi\/skol\/"},{"@type":"ListItem","position":2,"name":"Osaaminen ja vetovoima","item":"https:\/\/teknologiateollisuus.fi\/skol\/osaaminen\/"},{"@type":"ListItem","position":3,"name":"Tule muotoilemaan tulevaisuus","item":"https:\/\/teknologiateollisuus.fi\/skol\/osaaminen\/tule-muotoilemaan-tulevaisuus\/"},{"@type":"ListItem","position":4,"name":"Edistyksellinen Energiavirtuoosi"}]},{"@type":"WebSite","@id":"https:\/\/teknologiateollisuus.fi\/skol\/#website","url":"https:\/\/teknologiateollisuus.fi\/skol\/","name":"Skol","description":"","potentialAction":[{"@type":"SearchAction","target":{"@type":"EntryPoint","urlTemplate":"https:\/\/teknologiateollisuus.fi\/skol\/?s={search_term_string}"},"query-input":{"@type":"PropertyValueSpecification","valueRequired":true,"valueName":"search_term_string"}}],"inLanguage":"fi"}]}},"lang":"fi","translations":{"fi":478},"pll_sync_post":[],"_links":{"self":[{"href":"https:\/\/teknologiateollisuus.fi\/skol\/wp-json\/wp\/v2\/pages\/478","targetHints":{"allow":["GET"]}}],"collection":[{"href":"https:\/\/teknologiateollisuus.fi\/skol\/wp-json\/wp\/v2\/pages"}],"about":[{"href":"https:\/\/teknologiateollisuus.fi\/skol\/wp-json\/wp\/v2\/types\/page"}],"author":[{"embeddable":true,"href":"https:\/\/teknologiateollisuus.fi\/skol\/wp-json\/wp\/v2\/users\/50"}],"replies":[{"embeddable":true,"href":"https:\/\/teknologiateollisuus.fi\/skol\/wp-json\/wp\/v2\/comments?post=478"}],"version-history":[{"count":4,"href":"https:\/\/teknologiateollisuus.fi\/skol\/wp-json\/wp\/v2\/pages\/478\/revisions"}],"predecessor-version":[{"id":2538,"href":"https:\/\/teknologiateollisuus.fi\/skol\/wp-json\/wp\/v2\/pages\/478\/revisions\/2538"}],"up":[{"embeddable":true,"href":"https:\/\/teknologiateollisuus.fi\/skol\/wp-json\/wp\/v2\/pages\/456"}],"wp:attachment":[{"href":"https:\/\/teknologiateollisuus.fi\/skol\/wp-json\/wp\/v2\/media?parent=478"}],"curies":[{"name":"wp","href":"https:\/\/api.w.org\/{rel}","templated":true}]}}