{"id":481,"date":"2024-08-07T15:09:09","date_gmt":"2024-08-07T12:09:09","guid":{"rendered":"https:\/\/teknologiateollisuus.fi\/skol\/?page_id=481"},"modified":"2024-10-01T09:45:48","modified_gmt":"2024-10-01T06:45:48","slug":"kestava-kaupunkiassa","status":"publish","type":"page","link":"https:\/\/teknologiateollisuus.fi\/skol\/osaaminen\/tule-muotoilemaan-tulevaisuus\/kestava-kaupunkiassa\/","title":{"rendered":"Kest\u00e4v\u00e4 Kaupunki\u00e4ss\u00e4"},"content":{"rendered":"\n<div class=\"em-block-hero hero-has-background-color has-background has-violet-background-color collapse media-position-right \">\n\t<div class=\"em-block-hero__container\">\n\t\t<div class=\"em-block-hero__content\">\n\t\t\t<div class=\"yoast-breadcrumbs\"><span><span><a href=\"https:\/\/teknologiateollisuus.fi\/skol\/\">Etusivu<\/a><\/span> <span class=\"separator\"><\/span> <span><a href=\"https:\/\/teknologiateollisuus.fi\/skol\/osaaminen\/\">Osaaminen ja vetovoima<\/a><\/span> <span class=\"separator\"><\/span> <span><a href=\"https:\/\/teknologiateollisuus.fi\/skol\/osaaminen\/tule-muotoilemaan-tulevaisuus\/\">Tule muotoilemaan tulevaisuus<\/a><\/span> <span class=\"separator\"><\/span> <span class=\"breadcrumb_last\" aria-current=\"page\">Kest\u00e4v\u00e4 Kaupunki\u00e4ss\u00e4<\/span><\/span><\/div>\t\t\t\n<h1 class=\"wp-block-heading\" id=\"kestava-kaupunkiassa\">Kest\u00e4v\u00e4 Kaupunki\u00e4ss\u00e4<\/h1>\n\t\t\t<div class=\"em-block-hero__modified-date\"> P\u00e4ivitetty 01.10.2024 klo 09:45<\/div>\t\t<\/div>\n\t\t\t\t\t<figure class=\"em-block-hero__image\">\n\t\t\t\t\t\t\t<\/figure>\n\t\t\t<\/div>\n<\/div>\n\n\n\n<figure class=\"wp-block-image aligncenter size-full\"><img loading=\"lazy\" decoding=\"async\" width=\"261\" height=\"350\" src=\"https:\/\/teknologiateollisuus.fi\/skol\/wp-content\/uploads\/sites\/6\/2024\/08\/Kaupunki-assa.jpg\" alt=\"\" class=\"wp-image-482\" \/><\/figure>\n\n\n\n<p>Sin\u00e4 voisit tulevaisuudessa olla&nbsp;<strong>Kest\u00e4v\u00e4 kaupunki\u00e4ss\u00e4,<\/strong>&nbsp;ymp\u00e4r\u00f6iv\u00e4n maailman kekseli\u00e4s kehitt\u00e4j\u00e4. Kaupungit ovat monimutkaisia kokonaisuuksia: ihmisi\u00e4 on paljon, liikennett\u00e4 on paljon, rakennuksia on paljon ja kaikelle pit\u00e4isi l\u00f6yty\u00e4 tilaa. Kaupungin tulee olla viihtyis\u00e4 ja tuottaa asukkailleen iloa. Samalla kaupungit aiheuttavat hurjasti p\u00e4\u00e4st\u00f6j\u00e4, joista pit\u00e4isi p\u00e4\u00e4st\u00e4 pikapuoliin eroon. Sinun kekseli\u00e4isyytt\u00e4si tarvitaan todella, jotta urbaaneista ymp\u00e4rist\u00f6ist\u00e4 tulee hyvinvoinnin kehtoja ja kiertotalouden kiihdytyskaistoja.<\/p>\n\n\n\n<p><strong>Ratkaisisit kest\u00e4v\u00e4n\u00e4 kaupunki\u00e4ss\u00e4n\u00e4 mm. n\u00e4it\u00e4 kest\u00e4v\u00e4n kehityksen haasteita:&nbsp;<\/strong><\/p>\n\n\n\n<p>1. Kest\u00e4v\u00e4t kaupungit ja yhteis\u00f6t<\/p>\n\n\n\n<p>2. Ilmastotekoja<\/p>\n\n\n\n<p>3. Kest\u00e4v\u00e4\u00e4 teollisuutta, innovaatioita ja infrastruktuureja<\/p>\n\n\n\n<h2 class=\"wp-block-heading\" id=\"kestavaksi-kaupunkiassaksi-voit-opiskella-esimerkiksi-naissa-kouluissa-ja-toimia-naissa-ammateissa\">Kest\u00e4v\u00e4ksi kaupunki\u00e4ss\u00e4ksi voit opiskella esimerkiksi n\u00e4iss\u00e4 kouluissa ja toimia n\u00e4iss\u00e4 ammateissa:<\/h2>\n\n\n\n<div class=\"wp-block-evermade-links em-block-links has-columns-1\">\n<a\n\tclass=\"wp-block-evermade-external-link em-block-link is-external   \"\n\thref=\"https:\/\/www.aalto.fi\/fi\/rakennustekniikan-laitos\"\n\taria-label=\"Avaa uudessa v\u00e4lilehdess\u00e4\"\n\ttarget=\"_blank\"\n\trel=\"noopener noreferrer\"\n>\n\t<div class=\"em-block-link__content\">\n\t\t<span class=\"em-block-link__title\">\n\t\t\tAalto Yliopisto, arkkitehtuuri, rakennus- ja yhdyskuntatekniikka\t\t<\/span>\n\t\t\t<\/div>\n\t<div class=\"em-block-link__arrow\"><\/div>\n\t<div class=\"em-block-link__pressable\"><\/div>\n<\/a>\n\n\n\n<a\n\tclass=\"wp-block-evermade-external-link em-block-link is-external   \"\n\thref=\"https:\/\/www.tuni.fi\/fi\/tutustu-meihin\/rakennustekniikka\"\n\taria-label=\"Avaa uudessa v\u00e4lilehdess\u00e4\"\n\ttarget=\"_blank\"\n\trel=\"noopener noreferrer\"\n>\n\t<div class=\"em-block-link__content\">\n\t\t<span class=\"em-block-link__title\">\n\t\t\tTampereen Yliopisto, arkkitehtuuri, rakennus- ja yhdyskuntatekniikka\t\t<\/span>\n\t\t\t<\/div>\n\t<div class=\"em-block-link__arrow\"><\/div>\n\t<div class=\"em-block-link__pressable\"><\/div>\n<\/a>\n\n\n\n<a\n\tclass=\"wp-block-evermade-external-link em-block-link is-external   \"\n\thref=\"https:\/\/www.metropolia.fi\/fi\/opiskelu-metropoliassa\/amk-tutkinnot\/rakennustekniikka?gclid=Cj0KCQiA962BBhCzARIsAIpWEL3CfPMY5dcGvuUI4GuH1DtB2TKMI513IGVXFwO69ocrobOqbDFnaScaAjr6EALw_wcB\"\n\taria-label=\"Avaa uudessa v\u00e4lilehdess\u00e4\"\n\ttarget=\"_blank\"\n\trel=\"noopener noreferrer\"\n>\n\t<div class=\"em-block-link__content\">\n\t\t<span class=\"em-block-link__title\">\n\t\t\tMetropolia AMK, kest\u00e4v\u00e4 kaupunkikehitys ja rakennustekniikka\t\t<\/span>\n\t\t\t<\/div>\n\t<div class=\"em-block-link__arrow\"><\/div>\n\t<div class=\"em-block-link__pressable\"><\/div>\n<\/a>\n\n\n\n<a\n\tclass=\"wp-block-evermade-external-link em-block-link is-external   \"\n\thref=\"https:\/\/www.xamk.fi\/koulutukset\/insinoori-amk-rakennustekniikka\/\"\n\taria-label=\"Avaa uudessa v\u00e4lilehdess\u00e4\"\n\ttarget=\"_blank\"\n\trel=\"noopener noreferrer\"\n>\n\t<div class=\"em-block-link__content\">\n\t\t<span class=\"em-block-link__title\">\n\t\t\tXAMK, rakennustekniikka\t\t<\/span>\n\t\t\t<\/div>\n\t<div class=\"em-block-link__arrow\"><\/div>\n\t<div class=\"em-block-link__pressable\"><\/div>\n<\/a>\n<\/div>\n\n\n\n<p><strong>Ammatteja<\/strong>: Puurakentamisen asiantuntija, maank\u00e4yt\u00f6n suunnittelija, rakentamisen elinkaariasiantuntija, korjaushankkeiden projektip\u00e4\u00e4llikk\u00f6, maisemarakentamisen rakennuttaja, raideliikenneasiantuntija, sairaalasuunnittelija<\/p>\n\n\n\n<h2 class=\"wp-block-heading\" id=\"kestavana-kaupunkiassana-voit-paasta-tekemaan-toita-muun-muassa-tallaisten-asioiden-parissa\">Kest\u00e4v\u00e4n\u00e4 kaupunki\u00e4ss\u00e4n\u00e4 voit p\u00e4\u00e4st\u00e4\u00a0tekem\u00e4\u00e4n t\u00f6it\u00e4 muun muassa t\u00e4ll\u00e4isten asioiden parissa:<\/h2>\n\n\n\n<div class=\"wp-block-evermade-links em-block-links has-columns-1\">\n<a\n\tclass=\"wp-block-evermade-internal-link em-block-link is-internal   \"\n\thref=\"https:\/\/teknologiateollisuus.fi\/skol\/kaupunkifillarit-ne-ovat-taalla-pysyakseen\/\"\n\taria-label=\"Avaa samassa v\u00e4lilehdess\u00e4\"\n\ttarget=\"_self\"\n\trel=\"noopener\"\n>\n\t<div class=\"em-block-link__content\">\n\t\t<span class=\"em-block-link__title\">\n\t\t\tKaupunkifillarit \u2013 Ne ovat t\u00e4\u00e4ll\u00e4 pysy\u00e4kseen\t\t<\/span>\n\t\t\t<\/div>\n\t\t\t<div class=\"em-block-link__arrow\"><\/div>\n\t\t<div class=\"em-block-link__pressable\"><\/div>\n\t<\/a>\n\n\n\n<a\n\tclass=\"wp-block-evermade-internal-link em-block-link is-internal   \"\n\thref=\"https:\/\/teknologiateollisuus.fi\/skol\/vihrea-infrahanke-kehittaa-kaupunkisuunnittelua\/\"\n\taria-label=\"Avaa samassa v\u00e4lilehdess\u00e4\"\n\ttarget=\"_self\"\n\trel=\"noopener\"\n>\n\t<div class=\"em-block-link__content\">\n\t\t<span class=\"em-block-link__title\">\n\t\t\tVihre\u00e4 infrahanke kehitt\u00e4\u00e4 kaupunkisuunnittelua\t\t<\/span>\n\t\t\t<\/div>\n\t\t\t<div class=\"em-block-link__arrow\"><\/div>\n\t\t<div class=\"em-block-link__pressable\"><\/div>\n\t<\/a>\n\n\n\n<a\n\tclass=\"wp-block-evermade-internal-link em-block-link is-internal   \"\n\thref=\"https:\/\/teknologiateollisuus.fi\/skol\/innovatiivisia-aluerakentamisen-ratkaisuja-puurakentamisen-kiertotaloushankkeesta\/\"\n\taria-label=\"Avaa samassa v\u00e4lilehdess\u00e4\"\n\ttarget=\"_self\"\n\trel=\"noopener\"\n>\n\t<div class=\"em-block-link__content\">\n\t\t<span class=\"em-block-link__title\">\n\t\t\tInnovatiivisia aluerakentamisen ratkaisuja puurakentamisen kiertotaloushankkeesta\t\t<\/span>\n\t\t\t<\/div>\n\t\t\t<div class=\"em-block-link__arrow\"><\/div>\n\t\t<div class=\"em-block-link__pressable\"><\/div>\n\t<\/a>\n\n\n\n<a\n\tclass=\"wp-block-evermade-internal-link em-block-link is-internal   \"\n\thref=\"https:\/\/teknologiateollisuus.fi\/skol\/swecon-rata-ja-katusuunnittelijat-mukana-mahdollistamassa-etta-pian-ratikka-kaartaa-pysakille-myos-tampereella\/\"\n\taria-label=\"Avaa samassa v\u00e4lilehdess\u00e4\"\n\ttarget=\"_self\"\n\trel=\"noopener\"\n>\n\t<div class=\"em-block-link__content\">\n\t\t<span class=\"em-block-link__title\">\n\t\t\tSwecon rata- ja katusuunnittelijat mukana mahdollistamassa, ett\u00e4 pian ratikka kaartaa pys\u00e4kille my\u00f6s Tampereella\t\t<\/span>\n\t\t\t<\/div>\n\t\t\t<div class=\"em-block-link__arrow\"><\/div>\n\t\t<div class=\"em-block-link__pressable\"><\/div>\n\t<\/a>\n<\/div>\n","protected":false},"excerpt":{"rendered":"<p>Sin\u00e4 voisit tulevaisuudessa olla&nbsp;Kest\u00e4v\u00e4 kaupunki\u00e4ss\u00e4,&nbsp;ymp\u00e4r\u00f6iv\u00e4n maailman kekseli\u00e4s kehitt\u00e4j\u00e4. Kaupungit ovat monimutkaisia kokonaisuuksia: ihmisi\u00e4 on paljon, liikennett\u00e4 on paljon, rakennuksia on paljon ja kaikelle pit\u00e4isi l\u00f6yty\u00e4 tilaa. Kaupungin tulee olla viihtyis\u00e4 ja tuottaa asukkailleen iloa. Samalla kaupungit aiheuttavat hurjasti p\u00e4\u00e4st\u00f6j\u00e4, joista pit\u00e4isi p\u00e4\u00e4st\u00e4 pikapuoliin eroon. Sinun kekseli\u00e4isyytt\u00e4si tarvitaan todella, jotta urbaaneista ymp\u00e4rist\u00f6ist\u00e4 tulee hyvinvoinnin kehtoja ja [&hellip;]<\/p>\n","protected":false},"author":50,"featured_media":0,"parent":456,"menu_order":0,"comment_status":"closed","ping_status":"closed","template":"","meta":{"_acf_changed":false,"_relevanssi_hide_post":"","_relevanssi_hide_content":"","_relevanssi_pin_for_all":"","_relevanssi_pin_keywords":"","_relevanssi_unpin_keywords":"","_relevanssi_related_keywords":"","_relevanssi_related_include_ids":"","_relevanssi_related_exclude_ids":"","_relevanssi_related_no_append":"","_relevanssi_related_not_related":"","_relevanssi_related_posts":"56,54,48,55,53,57","_relevanssi_noindex_reason":"","inline_featured_image":false,"footnotes":""},"class_list":["post-481","page","type-page","status-publish","hentry"],"acf":[],"yoast_head":"<!-- This site is optimized with the Yoast SEO Premium plugin v27.1 (Yoast SEO v27.4) - https:\/\/yoast.com\/product\/yoast-seo-premium-wordpress\/ -->\n<title>Kest\u00e4v\u00e4 Kaupunki\u00e4ss\u00e4 - Skol<\/title>\n<meta name=\"robots\" content=\"index, follow, max-snippet:-1, max-image-preview:large, max-video-preview:-1\" \/>\n<link rel=\"canonical\" href=\"https:\/\/teknologiateollisuus.fi\/skol\/osaaminen\/tule-muotoilemaan-tulevaisuus\/kestava-kaupunkiassa\/\" \/>\n<meta property=\"og:locale\" content=\"fi_FI\" \/>\n<meta property=\"og:type\" content=\"article\" \/>\n<meta property=\"og:title\" content=\"Kest\u00e4v\u00e4 Kaupunki\u00e4ss\u00e4\" \/>\n<meta property=\"og:description\" content=\"Sin\u00e4 voisit tulevaisuudessa olla&nbsp;Kest\u00e4v\u00e4 kaupunki\u00e4ss\u00e4,&nbsp;ymp\u00e4r\u00f6iv\u00e4n maailman kekseli\u00e4s kehitt\u00e4j\u00e4. Kaupungit ovat monimutkaisia kokonaisuuksia: ihmisi\u00e4 on paljon, liikennett\u00e4 on paljon, rakennuksia on paljon ja kaikelle pit\u00e4isi l\u00f6yty\u00e4 tilaa. Kaupungin tulee olla viihtyis\u00e4 ja tuottaa asukkailleen iloa. Samalla kaupungit aiheuttavat hurjasti p\u00e4\u00e4st\u00f6j\u00e4, joista pit\u00e4isi p\u00e4\u00e4st\u00e4 pikapuoliin eroon. Sinun kekseli\u00e4isyytt\u00e4si tarvitaan todella, jotta urbaaneista ymp\u00e4rist\u00f6ist\u00e4 tulee hyvinvoinnin kehtoja ja [&hellip;]\" \/>\n<meta property=\"og:url\" content=\"https:\/\/teknologiateollisuus.fi\/skol\/osaaminen\/tule-muotoilemaan-tulevaisuus\/kestava-kaupunkiassa\/\" \/>\n<meta property=\"og:site_name\" content=\"Skol\" \/>\n<meta property=\"article:modified_time\" content=\"2024-10-01T06:45:48+00:00\" \/>\n<meta property=\"og:image\" content=\"https:\/\/teknologiateollisuus.fi\/skol\/wp-content\/uploads\/sites\/6\/2024\/08\/Kaupunki-assa.jpg\" \/>\n<meta name=\"twitter:card\" content=\"summary_large_image\" \/>\n<meta name=\"twitter:label1\" content=\"Arvioitu lukuaika\" \/>\n\t<meta name=\"twitter:data1\" content=\"1 minuutti\" \/>\n<script type=\"application\/ld+json\" class=\"yoast-schema-graph\">{\"@context\":\"https:\\\/\\\/schema.org\",\"@graph\":[{\"@type\":\"WebPage\",\"@id\":\"https:\\\/\\\/teknologiateollisuus.fi\\\/skol\\\/osaaminen\\\/tule-muotoilemaan-tulevaisuus\\\/kestava-kaupunkiassa\\\/\",\"url\":\"https:\\\/\\\/teknologiateollisuus.fi\\\/skol\\\/osaaminen\\\/tule-muotoilemaan-tulevaisuus\\\/kestava-kaupunkiassa\\\/\",\"name\":\"Kest\u00e4v\u00e4 Kaupunki\u00e4ss\u00e4 - Skol\",\"isPartOf\":{\"@id\":\"https:\\\/\\\/teknologiateollisuus.fi\\\/skol\\\/#website\"},\"primaryImageOfPage\":{\"@id\":\"https:\\\/\\\/teknologiateollisuus.fi\\\/skol\\\/osaaminen\\\/tule-muotoilemaan-tulevaisuus\\\/kestava-kaupunkiassa\\\/#primaryimage\"},\"image\":{\"@id\":\"https:\\\/\\\/teknologiateollisuus.fi\\\/skol\\\/osaaminen\\\/tule-muotoilemaan-tulevaisuus\\\/kestava-kaupunkiassa\\\/#primaryimage\"},\"thumbnailUrl\":\"https:\\\/\\\/teknologiateollisuus.fi\\\/skol\\\/wp-content\\\/uploads\\\/sites\\\/6\\\/2024\\\/08\\\/Kaupunki-assa.jpg\",\"datePublished\":\"2024-08-07T12:09:09+00:00\",\"dateModified\":\"2024-10-01T06:45:48+00:00\",\"breadcrumb\":{\"@id\":\"https:\\\/\\\/teknologiateollisuus.fi\\\/skol\\\/osaaminen\\\/tule-muotoilemaan-tulevaisuus\\\/kestava-kaupunkiassa\\\/#breadcrumb\"},\"inLanguage\":\"fi\",\"potentialAction\":[{\"@type\":\"ReadAction\",\"target\":[\"https:\\\/\\\/teknologiateollisuus.fi\\\/skol\\\/osaaminen\\\/tule-muotoilemaan-tulevaisuus\\\/kestava-kaupunkiassa\\\/\"]}]},{\"@type\":\"ImageObject\",\"inLanguage\":\"fi\",\"@id\":\"https:\\\/\\\/teknologiateollisuus.fi\\\/skol\\\/osaaminen\\\/tule-muotoilemaan-tulevaisuus\\\/kestava-kaupunkiassa\\\/#primaryimage\",\"url\":\"https:\\\/\\\/teknologiateollisuus.fi\\\/skol\\\/wp-content\\\/uploads\\\/sites\\\/6\\\/2024\\\/08\\\/Kaupunki-assa.jpg\",\"contentUrl\":\"https:\\\/\\\/teknologiateollisuus.fi\\\/skol\\\/wp-content\\\/uploads\\\/sites\\\/6\\\/2024\\\/08\\\/Kaupunki-assa.jpg\",\"width\":261,\"height\":350},{\"@type\":\"BreadcrumbList\",\"@id\":\"https:\\\/\\\/teknologiateollisuus.fi\\\/skol\\\/osaaminen\\\/tule-muotoilemaan-tulevaisuus\\\/kestava-kaupunkiassa\\\/#breadcrumb\",\"itemListElement\":[{\"@type\":\"ListItem\",\"position\":1,\"name\":\"Etusivu\",\"item\":\"https:\\\/\\\/teknologiateollisuus.fi\\\/skol\\\/\"},{\"@type\":\"ListItem\",\"position\":2,\"name\":\"Osaaminen ja vetovoima\",\"item\":\"https:\\\/\\\/teknologiateollisuus.fi\\\/skol\\\/osaaminen\\\/\"},{\"@type\":\"ListItem\",\"position\":3,\"name\":\"Tule muotoilemaan tulevaisuus\",\"item\":\"https:\\\/\\\/teknologiateollisuus.fi\\\/skol\\\/osaaminen\\\/tule-muotoilemaan-tulevaisuus\\\/\"},{\"@type\":\"ListItem\",\"position\":4,\"name\":\"Kest\u00e4v\u00e4 Kaupunki\u00e4ss\u00e4\"}]},{\"@type\":\"WebSite\",\"@id\":\"https:\\\/\\\/teknologiateollisuus.fi\\\/skol\\\/#website\",\"url\":\"https:\\\/\\\/teknologiateollisuus.fi\\\/skol\\\/\",\"name\":\"Skol\",\"description\":\"\",\"potentialAction\":[{\"@type\":\"SearchAction\",\"target\":{\"@type\":\"EntryPoint\",\"urlTemplate\":\"https:\\\/\\\/teknologiateollisuus.fi\\\/skol\\\/?s={search_term_string}\"},\"query-input\":{\"@type\":\"PropertyValueSpecification\",\"valueRequired\":true,\"valueName\":\"search_term_string\"}}],\"inLanguage\":\"fi\"}]}<\/script>\n<!-- \/ Yoast SEO Premium plugin. -->","yoast_head_json":{"title":"Kest\u00e4v\u00e4 Kaupunki\u00e4ss\u00e4 - Skol","robots":{"index":"index","follow":"follow","max-snippet":"max-snippet:-1","max-image-preview":"max-image-preview:large","max-video-preview":"max-video-preview:-1"},"canonical":"https:\/\/teknologiateollisuus.fi\/skol\/osaaminen\/tule-muotoilemaan-tulevaisuus\/kestava-kaupunkiassa\/","og_locale":"fi_FI","og_type":"article","og_title":"Kest\u00e4v\u00e4 Kaupunki\u00e4ss\u00e4","og_description":"Sin\u00e4 voisit tulevaisuudessa olla&nbsp;Kest\u00e4v\u00e4 kaupunki\u00e4ss\u00e4,&nbsp;ymp\u00e4r\u00f6iv\u00e4n maailman kekseli\u00e4s kehitt\u00e4j\u00e4. Kaupungit ovat monimutkaisia kokonaisuuksia: ihmisi\u00e4 on paljon, liikennett\u00e4 on paljon, rakennuksia on paljon ja kaikelle pit\u00e4isi l\u00f6yty\u00e4 tilaa. Kaupungin tulee olla viihtyis\u00e4 ja tuottaa asukkailleen iloa. Samalla kaupungit aiheuttavat hurjasti p\u00e4\u00e4st\u00f6j\u00e4, joista pit\u00e4isi p\u00e4\u00e4st\u00e4 pikapuoliin eroon. Sinun kekseli\u00e4isyytt\u00e4si tarvitaan todella, jotta urbaaneista ymp\u00e4rist\u00f6ist\u00e4 tulee hyvinvoinnin kehtoja ja [&hellip;]","og_url":"https:\/\/teknologiateollisuus.fi\/skol\/osaaminen\/tule-muotoilemaan-tulevaisuus\/kestava-kaupunkiassa\/","og_site_name":"Skol","article_modified_time":"2024-10-01T06:45:48+00:00","og_image":[{"url":"https:\/\/teknologiateollisuus.fi\/skol\/wp-content\/uploads\/sites\/6\/2024\/08\/Kaupunki-assa.jpg","type":"","width":"","height":""}],"twitter_card":"summary_large_image","twitter_misc":{"Arvioitu lukuaika":"1 minuutti"},"schema":{"@context":"https:\/\/schema.org","@graph":[{"@type":"WebPage","@id":"https:\/\/teknologiateollisuus.fi\/skol\/osaaminen\/tule-muotoilemaan-tulevaisuus\/kestava-kaupunkiassa\/","url":"https:\/\/teknologiateollisuus.fi\/skol\/osaaminen\/tule-muotoilemaan-tulevaisuus\/kestava-kaupunkiassa\/","name":"Kest\u00e4v\u00e4 Kaupunki\u00e4ss\u00e4 - Skol","isPartOf":{"@id":"https:\/\/teknologiateollisuus.fi\/skol\/#website"},"primaryImageOfPage":{"@id":"https:\/\/teknologiateollisuus.fi\/skol\/osaaminen\/tule-muotoilemaan-tulevaisuus\/kestava-kaupunkiassa\/#primaryimage"},"image":{"@id":"https:\/\/teknologiateollisuus.fi\/skol\/osaaminen\/tule-muotoilemaan-tulevaisuus\/kestava-kaupunkiassa\/#primaryimage"},"thumbnailUrl":"https:\/\/teknologiateollisuus.fi\/skol\/wp-content\/uploads\/sites\/6\/2024\/08\/Kaupunki-assa.jpg","datePublished":"2024-08-07T12:09:09+00:00","dateModified":"2024-10-01T06:45:48+00:00","breadcrumb":{"@id":"https:\/\/teknologiateollisuus.fi\/skol\/osaaminen\/tule-muotoilemaan-tulevaisuus\/kestava-kaupunkiassa\/#breadcrumb"},"inLanguage":"fi","potentialAction":[{"@type":"ReadAction","target":["https:\/\/teknologiateollisuus.fi\/skol\/osaaminen\/tule-muotoilemaan-tulevaisuus\/kestava-kaupunkiassa\/"]}]},{"@type":"ImageObject","inLanguage":"fi","@id":"https:\/\/teknologiateollisuus.fi\/skol\/osaaminen\/tule-muotoilemaan-tulevaisuus\/kestava-kaupunkiassa\/#primaryimage","url":"https:\/\/teknologiateollisuus.fi\/skol\/wp-content\/uploads\/sites\/6\/2024\/08\/Kaupunki-assa.jpg","contentUrl":"https:\/\/teknologiateollisuus.fi\/skol\/wp-content\/uploads\/sites\/6\/2024\/08\/Kaupunki-assa.jpg","width":261,"height":350},{"@type":"BreadcrumbList","@id":"https:\/\/teknologiateollisuus.fi\/skol\/osaaminen\/tule-muotoilemaan-tulevaisuus\/kestava-kaupunkiassa\/#breadcrumb","itemListElement":[{"@type":"ListItem","position":1,"name":"Etusivu","item":"https:\/\/teknologiateollisuus.fi\/skol\/"},{"@type":"ListItem","position":2,"name":"Osaaminen ja vetovoima","item":"https:\/\/teknologiateollisuus.fi\/skol\/osaaminen\/"},{"@type":"ListItem","position":3,"name":"Tule muotoilemaan tulevaisuus","item":"https:\/\/teknologiateollisuus.fi\/skol\/osaaminen\/tule-muotoilemaan-tulevaisuus\/"},{"@type":"ListItem","position":4,"name":"Kest\u00e4v\u00e4 Kaupunki\u00e4ss\u00e4"}]},{"@type":"WebSite","@id":"https:\/\/teknologiateollisuus.fi\/skol\/#website","url":"https:\/\/teknologiateollisuus.fi\/skol\/","name":"Skol","description":"","potentialAction":[{"@type":"SearchAction","target":{"@type":"EntryPoint","urlTemplate":"https:\/\/teknologiateollisuus.fi\/skol\/?s={search_term_string}"},"query-input":{"@type":"PropertyValueSpecification","valueRequired":true,"valueName":"search_term_string"}}],"inLanguage":"fi"}]}},"lang":"fi","translations":{"fi":481},"pll_sync_post":[],"_links":{"self":[{"href":"https:\/\/teknologiateollisuus.fi\/skol\/wp-json\/wp\/v2\/pages\/481","targetHints":{"allow":["GET"]}}],"collection":[{"href":"https:\/\/teknologiateollisuus.fi\/skol\/wp-json\/wp\/v2\/pages"}],"about":[{"href":"https:\/\/teknologiateollisuus.fi\/skol\/wp-json\/wp\/v2\/types\/page"}],"author":[{"embeddable":true,"href":"https:\/\/teknologiateollisuus.fi\/skol\/wp-json\/wp\/v2\/users\/50"}],"replies":[{"embeddable":true,"href":"https:\/\/teknologiateollisuus.fi\/skol\/wp-json\/wp\/v2\/comments?post=481"}],"version-history":[{"count":4,"href":"https:\/\/teknologiateollisuus.fi\/skol\/wp-json\/wp\/v2\/pages\/481\/revisions"}],"predecessor-version":[{"id":1991,"href":"https:\/\/teknologiateollisuus.fi\/skol\/wp-json\/wp\/v2\/pages\/481\/revisions\/1991"}],"up":[{"embeddable":true,"href":"https:\/\/teknologiateollisuus.fi\/skol\/wp-json\/wp\/v2\/pages\/456"}],"wp:attachment":[{"href":"https:\/\/teknologiateollisuus.fi\/skol\/wp-json\/wp\/v2\/media?parent=481"}],"curies":[{"name":"wp","href":"https:\/\/api.w.org\/{rel}","templated":true}]}}