{"id":484,"date":"2024-08-07T15:10:53","date_gmt":"2024-08-07T12:10:53","guid":{"rendered":"https:\/\/teknologiateollisuus.fi\/skol\/?page_id=484"},"modified":"2025-02-21T10:28:01","modified_gmt":"2025-02-21T08:28:01","slug":"luovuuden-lahettilas","status":"publish","type":"page","link":"https:\/\/teknologiateollisuus.fi\/skol\/osaaminen\/tule-muotoilemaan-tulevaisuus\/luovuuden-lahettilas\/","title":{"rendered":"Luovuuden L\u00e4hettil\u00e4s"},"content":{"rendered":"\n<div class=\"em-block-hero hero-has-background-color has-background has-violet-background-color collapse media-position-right \">\n\t<div class=\"em-block-hero__container\">\n\t\t<div class=\"em-block-hero__content\">\n\t\t\t<div class=\"yoast-breadcrumbs\"><span><span><a href=\"https:\/\/teknologiateollisuus.fi\/skol\/\">Etusivu<\/a><\/span> <span class=\"separator\"><\/span> <span><a href=\"https:\/\/teknologiateollisuus.fi\/skol\/osaaminen\/\">Osaaminen ja vetovoima<\/a><\/span> <span class=\"separator\"><\/span> <span><a href=\"https:\/\/teknologiateollisuus.fi\/skol\/osaaminen\/tule-muotoilemaan-tulevaisuus\/\">Tule muotoilemaan tulevaisuus<\/a><\/span> <span class=\"separator\"><\/span> <span class=\"breadcrumb_last\" aria-current=\"page\">Luovuuden L\u00e4hettil\u00e4s<\/span><\/span><\/div>\t\t\t\n<h1 class=\"wp-block-heading\" id=\"h-luovuuden-lahettilas\">Luovuuden L\u00e4hettil\u00e4s<\/h1>\n\t\t\t<div class=\"em-block-hero__modified-date\"> P\u00e4ivitetty 21.02.2025 klo 10:28<\/div>\t\t<\/div>\n\t\t\t\t\t<figure class=\"em-block-hero__image\">\n\t\t\t\t\t\t\t<\/figure>\n\t\t\t<\/div>\n<\/div>\n\n\n\n<figure class=\"wp-block-image aligncenter size-full\"><img loading=\"lazy\" decoding=\"async\" width=\"261\" height=\"350\" src=\"https:\/\/teknologiateollisuus.fi\/skol\/wp-content\/uploads\/sites\/6\/2024\/08\/Luovuuden.jpg\" alt=\"\" class=\"wp-image-485\" \/><\/figure>\n\n\n\n<p>Sin\u00e4 voisit tulevaisuudessa olla Luovuuden l\u00e4hettil\u00e4s, kuten avarakatseinen arkkitehti tai mielikuvituksellinen muotoilija. Ideoitasi tarvitaan jatkuvasti, kun luodaan uutta. Voisit suunnitella kaikkea, mit\u00e4 ihmiset n\u00e4kev\u00e4t, kuulevat ja tuntevat ymp\u00e4rill\u00e4\u00e4n. Milt\u00e4 rakennukset n\u00e4ytt\u00e4v\u00e4t ja miten ne sopivat kaupunkikuvaan? Miten uuden \u00e4lypuhelimen k\u00e4ytt\u00f6j\u00e4rjestelm\u00e4 toimii? Kuinka voisi luoda jotain uutta ja kaunista, josta tulisi ilmakeh\u00e4\u00e4n v\u00e4hemm\u00e4n p\u00e4\u00e4st\u00f6j\u00e4? Sinulla voi tulevaisuudessa olla vastaus.<\/p>\n\n\n\n<h2 class=\"wp-block-heading\" id=\"h-suunnittelualan-luovuuden-lahettilaaksi-voit-opiskella-esimerkiksi-naissa-kouluissa-ja-tyoskennella-tulevaisuudessa-naissa-ammateissa\" id=\"suunnittelualan-luovuuden-lahettilaaksi-voit-opiskella-esimerkiksi-naissa-kouluissa-ja-tyoskennella-tulevaisuudessa-naissa-ammateissa\">Suunnittelualan luovuuden l\u00e4hettil\u00e4\u00e4ksi voit opiskella esimerkiksi n\u00e4iss\u00e4 kouluissa ja ty\u00f6skennell\u00e4 tulevaisuudessa n\u00e4iss\u00e4 ammateissa:<\/h2>\n\n\n\n<div class=\"wp-block-evermade-links em-block-links has-columns-1\">\n<a\n\tclass=\"wp-block-evermade-external-link em-block-link is-external   \"\n\thref=\"https:\/\/oamk.fi\/koulutus\/ammattikorkeakoulututkinnot\/rakennusarkkitehti-amk\/\"\n\taria-label=\"Avaa uudessa v\u00e4lilehdess\u00e4\"\n\ttarget=\"_blank\"\n\trel=\"noopener noreferrer\"\n>\n\t<div class=\"em-block-link__content\">\n\t\t<span class=\"em-block-link__title\">\n\t\t\tOulun AMK, rakennusarkkitehti\t\t<\/span>\n\t\t\t<\/div>\n\t<div class=\"em-block-link__arrow\"><\/div>\n\t<div class=\"em-block-link__pressable\"><\/div>\n<\/a>\n\n\n\n<a\n\tclass=\"wp-block-evermade-external-link em-block-link is-external   \"\n\thref=\"https:\/\/www.ulapland.fi\/FI\/Yksikot\/Taiteiden-tiedekunta\/Opinnot\/Teollinen-muotoilu\"\n\taria-label=\"Avaa uudessa v\u00e4lilehdess\u00e4\"\n\ttarget=\"_blank\"\n\trel=\"noopener noreferrer\"\n>\n\t<div class=\"em-block-link__content\">\n\t\t<span class=\"em-block-link__title\">\n\t\t\tLapin Yliopisto, teollinen muotoilu\t\t<\/span>\n\t\t\t<\/div>\n\t<div class=\"em-block-link__arrow\"><\/div>\n\t<div class=\"em-block-link__pressable\"><\/div>\n<\/a>\n\n\n\n<a\n\tclass=\"wp-block-evermade-external-link em-block-link is-external   \"\n\thref=\"https:\/\/www.savonia.fi\/opiskele-tutkinto\/tutkinnot-ja-hakeminen\/amk-ja-yamk-tutkinnot-tarjonta\/insinoori-amk-rakennustekniikka-paivatoteutus\/\"\n\taria-label=\"Avaa uudessa v\u00e4lilehdess\u00e4\"\n\ttarget=\"_blank\"\n\trel=\"noopener noreferrer\"\n>\n\t<div class=\"em-block-link__content\">\n\t\t<span class=\"em-block-link__title\">\n\t\t\tSavonia AMK, rakennustekniikka\t\t<\/span>\n\t\t\t<\/div>\n\t<div class=\"em-block-link__arrow\"><\/div>\n\t<div class=\"em-block-link__pressable\"><\/div>\n<\/a>\n\n\n\n<a\n\tclass=\"wp-block-evermade-external-link em-block-link is-external   \"\n\thref=\"https:\/\/www.oulu.fi\/yliopisto\/hakijalle\/arkkitehtuuri\"\n\taria-label=\"Avaa uudessa v\u00e4lilehdess\u00e4\"\n\ttarget=\"_blank\"\n\trel=\"noopener noreferrer\"\n>\n\t<div class=\"em-block-link__content\">\n\t\t<span class=\"em-block-link__title\">\n\t\t\tOulun Yliopisto, arkkitehtuuri ja rakennustekniikka\t\t<\/span>\n\t\t\t<\/div>\n\t<div class=\"em-block-link__arrow\"><\/div>\n\t<div class=\"em-block-link__pressable\"><\/div>\n<\/a>\n\n\n\n<a\n\tclass=\"wp-block-evermade-external-link em-block-link is-external   \"\n\thref=\"https:\/\/www.aalto.fi\/fi\/koulutustarjonta\/tuotantotalous-tekniikan-kandidaatti-ja-diplomi-insinoori\"\n\taria-label=\"Avaa uudessa v\u00e4lilehdess\u00e4\"\n\ttarget=\"_blank\"\n\trel=\"noopener noreferrer\"\n>\n\t<div class=\"em-block-link__content\">\n\t\t<span class=\"em-block-link__title\">\n\t\t\tAalto Yliopisto ja LUT Yliopisto, tuotantotalous\t\t<\/span>\n\t\t\t<\/div>\n\t<div class=\"em-block-link__arrow\"><\/div>\n\t<div class=\"em-block-link__pressable\"><\/div>\n<\/a>\n<\/div>\n\n\n\n<p><strong>Ammatteja<\/strong>: Toimitilasuunnittelija, koulu- ja p\u00e4iv\u00e4kotirakentamisen asiantuntija, teollinen muotoilija, vuorovaikutusasiantuntija, sovellussuunnittelija, elinvoima-asiantuntija, startup-liiketoiminnan kehitt\u00e4j\u00e4<\/p>\n\n\n\n<h2 class=\"wp-block-heading\" id=\"h-luovuuden-lahettilaana-voit-paasta-nbsp-tekemaan-toita-muun-muassa-tallaisten-asioiden-parissa\" id=\"luovuuden-lahettilaana-voit-paasta-tekemaan-toita-muun-muassa-tallaisten-asioiden-parissa\">Luovuuden l\u00e4hettil\u00e4\u00e4n\u00e4 voit p\u00e4\u00e4st\u00e4&nbsp;tekem\u00e4\u00e4n t\u00f6it\u00e4 muun muassa t\u00e4ll\u00e4isten asioiden parissa:<\/h2>\n\n\n\n<div class=\"wp-block-evermade-links em-block-links has-columns-1\">\n<a\n\tclass=\"wp-block-evermade-internal-link em-block-link is-internal   \"\n\thref=\"https:\/\/Mets\u00e4-paviljonki vie suomalaista puuosaamista Tokioon\u00a0\"\n\taria-label=\"Avaa samassa v\u00e4lilehdess\u00e4\"\n\ttarget=\"_self\"\n\trel=\"noopener\"\n>\n\t<div class=\"em-block-link__content\">\n\t\t<span class=\"em-block-link__title\">\n\t\t\tMets\u00e4-paviljonki vie suomalaista puuosaamista Tokioon\u00a0\t\t<\/span>\n\t\t\t<\/div>\n\t\t\t<div class=\"em-block-link__arrow\"><\/div>\n\t\t<div class=\"em-block-link__pressable\"><\/div>\n\t<\/a>\n\n\n\n<a\n\tclass=\"wp-block-evermade-internal-link em-block-link is-internal   \"\n\thref=\"https:\/\/teknologiateollisuus.fi\/skol\/rejlersin-etavalvontatyokalu-palvelee-tyomaaprojekteissa-virtuaalisesti\/\"\n\taria-label=\"Avaa samassa v\u00e4lilehdess\u00e4\"\n\ttarget=\"_self\"\n\trel=\"noopener\"\n>\n\t<div class=\"em-block-link__content\">\n\t\t<span class=\"em-block-link__title\">\n\t\t\tRejlersin et\u00e4valvontaty\u00f6kalu palvelee ty\u00f6maaprojekteissa virtuaalisesti\t\t<\/span>\n\t\t\t<\/div>\n\t\t\t<div class=\"em-block-link__arrow\"><\/div>\n\t\t<div class=\"em-block-link__pressable\"><\/div>\n\t<\/a>\n\n\n\n<a\n\tclass=\"wp-block-evermade-internal-link em-block-link is-internal   \"\n\thref=\"https:\/\/teknologiateollisuus.fi\/skol\/uusi-digipalvelu-varmistaa-viheralueiden-kunnon\/\"\n\taria-label=\"Avaa samassa v\u00e4lilehdess\u00e4\"\n\ttarget=\"_self\"\n\trel=\"noopener\"\n>\n\t<div class=\"em-block-link__content\">\n\t\t<span class=\"em-block-link__title\">\n\t\t\tUusi digipalvelu varmistaa viheralueiden kunnon\t\t<\/span>\n\t\t\t<\/div>\n\t\t\t<div class=\"em-block-link__arrow\"><\/div>\n\t\t<div class=\"em-block-link__pressable\"><\/div>\n\t<\/a>\n\n\n\n<a\n\tclass=\"wp-block-evermade-internal-link em-block-link is-internal   \"\n\thref=\"https:\/\/teknologiateollisuus.fi\/skol\/eri-kulkumuotoja-yhdistavat-uudet-palvelut-lisaavat-kestavaa-liikkumista\/\"\n\taria-label=\"Avaa samassa v\u00e4lilehdess\u00e4\"\n\ttarget=\"_self\"\n\trel=\"noopener\"\n>\n\t<div class=\"em-block-link__content\">\n\t\t<span class=\"em-block-link__title\">\n\t\t\tEri kulkumuotoja yhdist\u00e4v\u00e4t uudet palvelut lis\u00e4\u00e4v\u00e4t kest\u00e4v\u00e4\u00e4 liikkumista\t\t<\/span>\n\t\t\t<\/div>\n\t\t\t<div class=\"em-block-link__arrow\"><\/div>\n\t\t<div class=\"em-block-link__pressable\"><\/div>\n\t<\/a>\n\n\n\n<a\n\tclass=\"wp-block-evermade-internal-link em-block-link is-internal   \"\n\thref=\"https:\/\/teknologiateollisuus.fi\/skol\/oodi-on-yhdistelma-teraskaarisiltaa-ja-julkista-rakennusta\/\"\n\taria-label=\"Avaa samassa v\u00e4lilehdess\u00e4\"\n\ttarget=\"_self\"\n\trel=\"noopener\"\n>\n\t<div class=\"em-block-link__content\">\n\t\t<span class=\"em-block-link__title\">\n\t\t\tOodi on yhdistelm\u00e4 ter\u00e4skaarisiltaa ja julkista rakennusta\t\t<\/span>\n\t\t\t<\/div>\n\t\t\t<div class=\"em-block-link__arrow\"><\/div>\n\t\t<div class=\"em-block-link__pressable\"><\/div>\n\t<\/a>\n<\/div>\n","protected":false},"excerpt":{"rendered":"<p>Sin\u00e4 voisit tulevaisuudessa olla Luovuuden l\u00e4hettil\u00e4s, kuten avarakatseinen arkkitehti tai mielikuvituksellinen muotoilija. Ideoitasi tarvitaan jatkuvasti, kun luodaan uutta. Voisit suunnitella kaikkea, mit\u00e4 ihmiset n\u00e4kev\u00e4t, kuulevat ja tuntevat ymp\u00e4rill\u00e4\u00e4n. Milt\u00e4 rakennukset n\u00e4ytt\u00e4v\u00e4t ja miten ne sopivat kaupunkikuvaan? Miten uuden \u00e4lypuhelimen k\u00e4ytt\u00f6j\u00e4rjestelm\u00e4 toimii? Kuinka voisi luoda jotain uutta ja kaunista, josta tulisi ilmakeh\u00e4\u00e4n v\u00e4hemm\u00e4n p\u00e4\u00e4st\u00f6j\u00e4? Sinulla voi [&hellip;]<\/p>\n","protected":false},"author":50,"featured_media":0,"parent":456,"menu_order":0,"comment_status":"closed","ping_status":"closed","template":"","meta":{"_acf_changed":false,"_relevanssi_hide_post":"","_relevanssi_hide_content":"","_relevanssi_pin_for_all":"","_relevanssi_pin_keywords":"","_relevanssi_unpin_keywords":"","_relevanssi_related_keywords":"","_relevanssi_related_include_ids":"","_relevanssi_related_exclude_ids":"","_relevanssi_related_no_append":"","_relevanssi_related_not_related":"","_relevanssi_related_posts":"56,54,57,53,55,48","_relevanssi_noindex_reason":"","inline_featured_image":false,"footnotes":""},"class_list":["post-484","page","type-page","status-publish","hentry"],"acf":[],"yoast_head":"<!-- This site is optimized with the Yoast SEO Premium plugin v27.1 (Yoast SEO v27.4) - https:\/\/yoast.com\/product\/yoast-seo-premium-wordpress\/ -->\n<title>Luovuuden L\u00e4hettil\u00e4s - Skol<\/title>\n<meta name=\"robots\" content=\"index, follow, max-snippet:-1, max-image-preview:large, max-video-preview:-1\" \/>\n<link rel=\"canonical\" href=\"https:\/\/teknologiateollisuus.fi\/skol\/osaaminen\/tule-muotoilemaan-tulevaisuus\/luovuuden-lahettilas\/\" \/>\n<meta property=\"og:locale\" content=\"fi_FI\" \/>\n<meta property=\"og:type\" content=\"article\" \/>\n<meta property=\"og:title\" content=\"Luovuuden L\u00e4hettil\u00e4s\" \/>\n<meta property=\"og:description\" content=\"Sin\u00e4 voisit tulevaisuudessa olla Luovuuden l\u00e4hettil\u00e4s, kuten avarakatseinen arkkitehti tai mielikuvituksellinen muotoilija. Ideoitasi tarvitaan jatkuvasti, kun luodaan uutta. Voisit suunnitella kaikkea, mit\u00e4 ihmiset n\u00e4kev\u00e4t, kuulevat ja tuntevat ymp\u00e4rill\u00e4\u00e4n. Milt\u00e4 rakennukset n\u00e4ytt\u00e4v\u00e4t ja miten ne sopivat kaupunkikuvaan? Miten uuden \u00e4lypuhelimen k\u00e4ytt\u00f6j\u00e4rjestelm\u00e4 toimii? Kuinka voisi luoda jotain uutta ja kaunista, josta tulisi ilmakeh\u00e4\u00e4n v\u00e4hemm\u00e4n p\u00e4\u00e4st\u00f6j\u00e4? Sinulla voi [&hellip;]\" \/>\n<meta property=\"og:url\" content=\"https:\/\/teknologiateollisuus.fi\/skol\/osaaminen\/tule-muotoilemaan-tulevaisuus\/luovuuden-lahettilas\/\" \/>\n<meta property=\"og:site_name\" content=\"Skol\" \/>\n<meta property=\"article:modified_time\" content=\"2025-02-21T08:28:01+00:00\" \/>\n<meta property=\"og:image\" content=\"https:\/\/teknologiateollisuus.fi\/skol\/wp-content\/uploads\/sites\/6\/2024\/08\/Luovuuden.jpg\" \/>\n\t<meta property=\"og:image:width\" content=\"261\" \/>\n\t<meta property=\"og:image:height\" content=\"350\" \/>\n\t<meta property=\"og:image:type\" content=\"image\/jpeg\" \/>\n<meta name=\"twitter:card\" content=\"summary_large_image\" \/>\n<meta name=\"twitter:label1\" content=\"Arvioitu lukuaika\" \/>\n\t<meta name=\"twitter:data1\" content=\"1 minuutti\" \/>\n<script type=\"application\/ld+json\" class=\"yoast-schema-graph\">{\"@context\":\"https:\\\/\\\/schema.org\",\"@graph\":[{\"@type\":\"WebPage\",\"@id\":\"https:\\\/\\\/teknologiateollisuus.fi\\\/skol\\\/osaaminen\\\/tule-muotoilemaan-tulevaisuus\\\/luovuuden-lahettilas\\\/\",\"url\":\"https:\\\/\\\/teknologiateollisuus.fi\\\/skol\\\/osaaminen\\\/tule-muotoilemaan-tulevaisuus\\\/luovuuden-lahettilas\\\/\",\"name\":\"Luovuuden L\u00e4hettil\u00e4s - Skol\",\"isPartOf\":{\"@id\":\"https:\\\/\\\/teknologiateollisuus.fi\\\/skol\\\/#website\"},\"primaryImageOfPage\":{\"@id\":\"https:\\\/\\\/teknologiateollisuus.fi\\\/skol\\\/osaaminen\\\/tule-muotoilemaan-tulevaisuus\\\/luovuuden-lahettilas\\\/#primaryimage\"},\"image\":{\"@id\":\"https:\\\/\\\/teknologiateollisuus.fi\\\/skol\\\/osaaminen\\\/tule-muotoilemaan-tulevaisuus\\\/luovuuden-lahettilas\\\/#primaryimage\"},\"thumbnailUrl\":\"https:\\\/\\\/teknologiateollisuus.fi\\\/skol\\\/wp-content\\\/uploads\\\/sites\\\/6\\\/2024\\\/08\\\/Luovuuden.jpg\",\"datePublished\":\"2024-08-07T12:10:53+00:00\",\"dateModified\":\"2025-02-21T08:28:01+00:00\",\"breadcrumb\":{\"@id\":\"https:\\\/\\\/teknologiateollisuus.fi\\\/skol\\\/osaaminen\\\/tule-muotoilemaan-tulevaisuus\\\/luovuuden-lahettilas\\\/#breadcrumb\"},\"inLanguage\":\"fi\",\"potentialAction\":[{\"@type\":\"ReadAction\",\"target\":[\"https:\\\/\\\/teknologiateollisuus.fi\\\/skol\\\/osaaminen\\\/tule-muotoilemaan-tulevaisuus\\\/luovuuden-lahettilas\\\/\"]}]},{\"@type\":\"ImageObject\",\"inLanguage\":\"fi\",\"@id\":\"https:\\\/\\\/teknologiateollisuus.fi\\\/skol\\\/osaaminen\\\/tule-muotoilemaan-tulevaisuus\\\/luovuuden-lahettilas\\\/#primaryimage\",\"url\":\"https:\\\/\\\/teknologiateollisuus.fi\\\/skol\\\/wp-content\\\/uploads\\\/sites\\\/6\\\/2024\\\/08\\\/Luovuuden.jpg\",\"contentUrl\":\"https:\\\/\\\/teknologiateollisuus.fi\\\/skol\\\/wp-content\\\/uploads\\\/sites\\\/6\\\/2024\\\/08\\\/Luovuuden.jpg\",\"width\":261,\"height\":350},{\"@type\":\"BreadcrumbList\",\"@id\":\"https:\\\/\\\/teknologiateollisuus.fi\\\/skol\\\/osaaminen\\\/tule-muotoilemaan-tulevaisuus\\\/luovuuden-lahettilas\\\/#breadcrumb\",\"itemListElement\":[{\"@type\":\"ListItem\",\"position\":1,\"name\":\"Etusivu\",\"item\":\"https:\\\/\\\/teknologiateollisuus.fi\\\/skol\\\/\"},{\"@type\":\"ListItem\",\"position\":2,\"name\":\"Osaaminen ja vetovoima\",\"item\":\"https:\\\/\\\/teknologiateollisuus.fi\\\/skol\\\/osaaminen\\\/\"},{\"@type\":\"ListItem\",\"position\":3,\"name\":\"Tule muotoilemaan tulevaisuus\",\"item\":\"https:\\\/\\\/teknologiateollisuus.fi\\\/skol\\\/osaaminen\\\/tule-muotoilemaan-tulevaisuus\\\/\"},{\"@type\":\"ListItem\",\"position\":4,\"name\":\"Luovuuden L\u00e4hettil\u00e4s\"}]},{\"@type\":\"WebSite\",\"@id\":\"https:\\\/\\\/teknologiateollisuus.fi\\\/skol\\\/#website\",\"url\":\"https:\\\/\\\/teknologiateollisuus.fi\\\/skol\\\/\",\"name\":\"Skol\",\"description\":\"\",\"potentialAction\":[{\"@type\":\"SearchAction\",\"target\":{\"@type\":\"EntryPoint\",\"urlTemplate\":\"https:\\\/\\\/teknologiateollisuus.fi\\\/skol\\\/?s={search_term_string}\"},\"query-input\":{\"@type\":\"PropertyValueSpecification\",\"valueRequired\":true,\"valueName\":\"search_term_string\"}}],\"inLanguage\":\"fi\"}]}<\/script>\n<!-- \/ Yoast SEO Premium plugin. -->","yoast_head_json":{"title":"Luovuuden L\u00e4hettil\u00e4s - Skol","robots":{"index":"index","follow":"follow","max-snippet":"max-snippet:-1","max-image-preview":"max-image-preview:large","max-video-preview":"max-video-preview:-1"},"canonical":"https:\/\/teknologiateollisuus.fi\/skol\/osaaminen\/tule-muotoilemaan-tulevaisuus\/luovuuden-lahettilas\/","og_locale":"fi_FI","og_type":"article","og_title":"Luovuuden L\u00e4hettil\u00e4s","og_description":"Sin\u00e4 voisit tulevaisuudessa olla Luovuuden l\u00e4hettil\u00e4s, kuten avarakatseinen arkkitehti tai mielikuvituksellinen muotoilija. Ideoitasi tarvitaan jatkuvasti, kun luodaan uutta. Voisit suunnitella kaikkea, mit\u00e4 ihmiset n\u00e4kev\u00e4t, kuulevat ja tuntevat ymp\u00e4rill\u00e4\u00e4n. Milt\u00e4 rakennukset n\u00e4ytt\u00e4v\u00e4t ja miten ne sopivat kaupunkikuvaan? Miten uuden \u00e4lypuhelimen k\u00e4ytt\u00f6j\u00e4rjestelm\u00e4 toimii? Kuinka voisi luoda jotain uutta ja kaunista, josta tulisi ilmakeh\u00e4\u00e4n v\u00e4hemm\u00e4n p\u00e4\u00e4st\u00f6j\u00e4? Sinulla voi [&hellip;]","og_url":"https:\/\/teknologiateollisuus.fi\/skol\/osaaminen\/tule-muotoilemaan-tulevaisuus\/luovuuden-lahettilas\/","og_site_name":"Skol","article_modified_time":"2025-02-21T08:28:01+00:00","og_image":[{"width":261,"height":350,"url":"https:\/\/teknologiateollisuus.fi\/skol\/wp-content\/uploads\/sites\/6\/2024\/08\/Luovuuden.jpg","type":"image\/jpeg"}],"twitter_card":"summary_large_image","twitter_misc":{"Arvioitu lukuaika":"1 minuutti"},"schema":{"@context":"https:\/\/schema.org","@graph":[{"@type":"WebPage","@id":"https:\/\/teknologiateollisuus.fi\/skol\/osaaminen\/tule-muotoilemaan-tulevaisuus\/luovuuden-lahettilas\/","url":"https:\/\/teknologiateollisuus.fi\/skol\/osaaminen\/tule-muotoilemaan-tulevaisuus\/luovuuden-lahettilas\/","name":"Luovuuden L\u00e4hettil\u00e4s - Skol","isPartOf":{"@id":"https:\/\/teknologiateollisuus.fi\/skol\/#website"},"primaryImageOfPage":{"@id":"https:\/\/teknologiateollisuus.fi\/skol\/osaaminen\/tule-muotoilemaan-tulevaisuus\/luovuuden-lahettilas\/#primaryimage"},"image":{"@id":"https:\/\/teknologiateollisuus.fi\/skol\/osaaminen\/tule-muotoilemaan-tulevaisuus\/luovuuden-lahettilas\/#primaryimage"},"thumbnailUrl":"https:\/\/teknologiateollisuus.fi\/skol\/wp-content\/uploads\/sites\/6\/2024\/08\/Luovuuden.jpg","datePublished":"2024-08-07T12:10:53+00:00","dateModified":"2025-02-21T08:28:01+00:00","breadcrumb":{"@id":"https:\/\/teknologiateollisuus.fi\/skol\/osaaminen\/tule-muotoilemaan-tulevaisuus\/luovuuden-lahettilas\/#breadcrumb"},"inLanguage":"fi","potentialAction":[{"@type":"ReadAction","target":["https:\/\/teknologiateollisuus.fi\/skol\/osaaminen\/tule-muotoilemaan-tulevaisuus\/luovuuden-lahettilas\/"]}]},{"@type":"ImageObject","inLanguage":"fi","@id":"https:\/\/teknologiateollisuus.fi\/skol\/osaaminen\/tule-muotoilemaan-tulevaisuus\/luovuuden-lahettilas\/#primaryimage","url":"https:\/\/teknologiateollisuus.fi\/skol\/wp-content\/uploads\/sites\/6\/2024\/08\/Luovuuden.jpg","contentUrl":"https:\/\/teknologiateollisuus.fi\/skol\/wp-content\/uploads\/sites\/6\/2024\/08\/Luovuuden.jpg","width":261,"height":350},{"@type":"BreadcrumbList","@id":"https:\/\/teknologiateollisuus.fi\/skol\/osaaminen\/tule-muotoilemaan-tulevaisuus\/luovuuden-lahettilas\/#breadcrumb","itemListElement":[{"@type":"ListItem","position":1,"name":"Etusivu","item":"https:\/\/teknologiateollisuus.fi\/skol\/"},{"@type":"ListItem","position":2,"name":"Osaaminen ja vetovoima","item":"https:\/\/teknologiateollisuus.fi\/skol\/osaaminen\/"},{"@type":"ListItem","position":3,"name":"Tule muotoilemaan tulevaisuus","item":"https:\/\/teknologiateollisuus.fi\/skol\/osaaminen\/tule-muotoilemaan-tulevaisuus\/"},{"@type":"ListItem","position":4,"name":"Luovuuden L\u00e4hettil\u00e4s"}]},{"@type":"WebSite","@id":"https:\/\/teknologiateollisuus.fi\/skol\/#website","url":"https:\/\/teknologiateollisuus.fi\/skol\/","name":"Skol","description":"","potentialAction":[{"@type":"SearchAction","target":{"@type":"EntryPoint","urlTemplate":"https:\/\/teknologiateollisuus.fi\/skol\/?s={search_term_string}"},"query-input":{"@type":"PropertyValueSpecification","valueRequired":true,"valueName":"search_term_string"}}],"inLanguage":"fi"}]}},"lang":"fi","translations":{"fi":484},"pll_sync_post":[],"_links":{"self":[{"href":"https:\/\/teknologiateollisuus.fi\/skol\/wp-json\/wp\/v2\/pages\/484","targetHints":{"allow":["GET"]}}],"collection":[{"href":"https:\/\/teknologiateollisuus.fi\/skol\/wp-json\/wp\/v2\/pages"}],"about":[{"href":"https:\/\/teknologiateollisuus.fi\/skol\/wp-json\/wp\/v2\/types\/page"}],"author":[{"embeddable":true,"href":"https:\/\/teknologiateollisuus.fi\/skol\/wp-json\/wp\/v2\/users\/50"}],"replies":[{"embeddable":true,"href":"https:\/\/teknologiateollisuus.fi\/skol\/wp-json\/wp\/v2\/comments?post=484"}],"version-history":[{"count":5,"href":"https:\/\/teknologiateollisuus.fi\/skol\/wp-json\/wp\/v2\/pages\/484\/revisions"}],"predecessor-version":[{"id":2539,"href":"https:\/\/teknologiateollisuus.fi\/skol\/wp-json\/wp\/v2\/pages\/484\/revisions\/2539"}],"up":[{"embeddable":true,"href":"https:\/\/teknologiateollisuus.fi\/skol\/wp-json\/wp\/v2\/pages\/456"}],"wp:attachment":[{"href":"https:\/\/teknologiateollisuus.fi\/skol\/wp-json\/wp\/v2\/media?parent=484"}],"curies":[{"name":"wp","href":"https:\/\/api.w.org\/{rel}","templated":true}]}}