{"id":487,"date":"2024-08-07T15:28:13","date_gmt":"2024-08-07T12:28:13","guid":{"rendered":"https:\/\/teknologiateollisuus.fi\/skol\/?page_id=487"},"modified":"2025-01-22T14:49:35","modified_gmt":"2025-01-22T12:49:35","slug":"mytech-mahdollisuudet-teknologia-alalla","status":"publish","type":"page","link":"https:\/\/teknologiateollisuus.fi\/skol\/osaaminen\/mytech-mahdollisuudet-teknologia-alalla\/","title":{"rendered":"MyTech &#8211; Mahdollisuudet teknologia-alalla"},"content":{"rendered":"\n<div class=\"em-block-hero hero-has-background-color has-background has-violet-background-color collapse media-position-right \">\n\t<div class=\"em-block-hero__container\">\n\t\t<div class=\"em-block-hero__content\">\n\t\t\t<div class=\"yoast-breadcrumbs\"><span><span><a href=\"https:\/\/teknologiateollisuus.fi\/skol\/\">Etusivu<\/a><\/span> <span class=\"separator\"><\/span> <span><a href=\"https:\/\/teknologiateollisuus.fi\/skol\/osaaminen\/\">Osaaminen ja vetovoima<\/a><\/span> <span class=\"separator\"><\/span> <span class=\"breadcrumb_last\" aria-current=\"page\">MyTech &#8211; Mahdollisuudet teknologia-alalla<\/span><\/span><\/div>\t\t\t\n<h1 class=\"wp-block-heading\" id=\"mytech\">MyTech<\/h1>\n\t\t\t<div class=\"em-block-hero__modified-date\"> P\u00e4ivitetty 22.01.2025 klo 14:49<\/div>\t\t<\/div>\n\t\t\t\t\t<figure class=\"em-block-hero__image\">\n\t\t\t\t\t\t\t<\/figure>\n\t\t\t<\/div>\n<\/div>\n\n\n\n<p><strong>MyTech-ohjelma&nbsp;<\/strong>on Teknologiateollisuuden hanke, jonka&nbsp;tarkoituksena on lis\u00e4t\u00e4 erityisesti nuorten kiinnostusta tekniikan alan opinnoista. T\u00e4m\u00e4&nbsp;tekee siit\u00e4 \u00e4\u00e4rimm\u00e4isen t\u00e4rke\u00e4n my\u00f6s SKOLin j\u00e4senyritysten kannalta.<\/p>\n\n\n\n<p><a href=\"https:\/\/www.mytech.fi\/\"><strong>MyTech.fi<\/strong><\/a>&nbsp;on ohjelman&nbsp;nettisivusto, jonka tarkoitus on toimia yritysten kanavana<\/p>\n\n\n\n<ul class=\"wp-block-list\">\n<li>yl\u00e4koululaisille ja lukiolaisille,<\/li>\n\n\n\n<li>opinto-ohjaajille ja opettajille,<\/li>\n\n\n\n<li>ammattiin opiskeleville ja korkeakoulu-opiskelijoille sek\u00e4<\/li>\n\n\n\n<li>ammatinvaihtajille.<\/li>\n<\/ul>\n\n\n\n<p>Sivustolta l\u00f6ytyy&nbsp;tietoa opiskelu- ja ammatinvalinnan tueksi, kuten yli 100 tarinaa yksitt\u00e4isten nuorten ammattilaisten opiskelujen ja ty\u00f6uran etenemisest\u00e4. My\u00f6s SKOLin j\u00e4senyritysten ty\u00f6ntekij\u00f6it\u00e4 l\u00f6ytyy runsaasti sivustolta nuorten esikuviksi. Ammattiesittelyt ovat videoita, tekstitarinoita ja aikajanoja. Niihin voi tutustua eri koulutusasteiden ja yritysten eri teht\u00e4v\u00e4alueiden mukaan. Nuorten osaajien tarinat avaavat millaisia t\u00f6it\u00e4 eri koulutusaloilla voi tehd\u00e4 sek\u00e4 mihin ty\u00f6ss\u00e4 p\u00e4\u00e4see vaikuttamaan ja miten.<\/p>\n\n\n\n<p>MyTechissa teknologiateollisuuden yritykset tarjoavat&nbsp;koululaisille ja opiskelijoille yhdess\u00e4 paikassa linkit tuhansiin kes\u00e4ty\u00f6- ja harjoittelupaikkoihin ymp\u00e4ri Suomea. Vuosittain kes\u00e4ty\u00f6- ja harjoittelupaikkoja on noin 15 000 nuorelle.<\/p>\n\n\n\n<p>Suomalainen teknologiateollisuus on maailman huippuluokkaa. Teknologiayrityksiss\u00e4 suunnitellaan ja tuotetaan kest\u00e4vi\u00e4 ratkaisuja, jotka helpottavat arkeamme ja s\u00e4\u00e4st\u00e4v\u00e4t ymp\u00e4rist\u00f6\u00e4. Uudella teknologialla voimme luoda hyvinvointia ihmisille ja yhteiskunnalle.<\/p>\n\n\n\n<p>\u201dTeknologia on insin\u00f6\u00f6rien ala.\u201d Sit\u00e4kin, ja paljon muuta. Teknologia-yritysten monipuolisissa ty\u00f6teht\u00e4viss\u00e4 tarvitaan hyvin erilaista ja eritasoista osaamista teknologian, tuotannon, tuotesuunnittelun, talouden, hallinnon, viestinn\u00e4n, myynnin, markkinoinnin ja vaikka ymp\u00e4rist\u00f6vastuullisuuden saralta.<\/p>\n\n\n\n<p><a href=\"https:\/\/www.mytech.fi\/\"><strong>MyTech.fi<\/strong><\/a>\u00a0nettisivustolta l\u00f6ytyy tietoa teknologia-alasta, opintopoluista sek\u00e4\u00a0kes\u00e4t\u00f6ist\u00e4.<\/p>\n\n\n\n<p><strong>#OsaajatT\u00f6iss\u00e4<\/strong><\/p>\n\n\n\n<p><strong>Tutustu MyTech-l\u00e4hettil\u00e4isiin!<\/strong><\/p>\n\n\n\n<p>Millaista on opiskelu tekniikan alalla ammatillisessa koulutuksessa? MyTech-l\u00e4hettil\u00e4\u00e4t kertovat peruskouluissa millaisia mahdollisuuksia teknologia-alalla on. MyTech-l\u00e4hettil\u00e4\u00e4n voi pyyt\u00e4\u00e4 my\u00f6s vierailulle omaan kouluun. Lue lis\u00e4\u00e4&nbsp;<a href=\"https:\/\/www.mytech.fi\/mytech-lahettilaat\">t\u00e4st\u00e4<\/a>.<\/p>\n\n\n\n<p><strong>Yritys, l\u00e4hde kumppaniksi MyTech-ohjelmaan!<\/strong><\/p>\n\n\n\n<p>Yrityksille ohjelma on k\u00e4tev\u00e4 tapa toteuttaa kouluyhteisty\u00f6t\u00e4 ja luoda mielikuvaa itsest\u00e4\u00e4n kiinnostavana tulevaisuuden ty\u00f6nantajana. Opintok\u00e4ynneill\u00e4 havainnollistetaan teknologian merkityksellisyytt\u00e4 nuoria kiinnostavien teemojen kautta. Lue lis\u00e4\u00e4 ja ilmoittaudu mukaan&nbsp;<a href=\"https:\/\/mytechohjelma.fi\/yrityksille\/\" target=\"_blank\" rel=\"noreferrer noopener\">t\u00e4\u00e4ll\u00e4<\/a>!<\/p>\n\n\n\n<p><strong>MyTech-tiimi auttaa Sinua, olethan yhteydess\u00e4:<\/strong>&nbsp;<a href=\"mailto:mytech@teknologiateollisuus.fi\">mytech@teknologiateollisuus.fi<\/a><\/p>\n","protected":false},"excerpt":{"rendered":"<p>MyTech-ohjelma&nbsp;on Teknologiateollisuuden hanke, jonka&nbsp;tarkoituksena on lis\u00e4t\u00e4 erityisesti nuorten kiinnostusta tekniikan alan opinnoista. T\u00e4m\u00e4&nbsp;tekee siit\u00e4 \u00e4\u00e4rimm\u00e4isen t\u00e4rke\u00e4n my\u00f6s SKOLin j\u00e4senyritysten kannalta. MyTech.fi&nbsp;on ohjelman&nbsp;nettisivusto, jonka tarkoitus on toimia yritysten kanavana Sivustolta l\u00f6ytyy&nbsp;tietoa opiskelu- ja ammatinvalinnan tueksi, kuten yli 100 tarinaa yksitt\u00e4isten nuorten ammattilaisten opiskelujen ja ty\u00f6uran etenemisest\u00e4. My\u00f6s SKOLin j\u00e4senyritysten ty\u00f6ntekij\u00f6it\u00e4 l\u00f6ytyy runsaasti sivustolta nuorten esikuviksi. Ammattiesittelyt [&hellip;]<\/p>\n","protected":false},"author":50,"featured_media":0,"parent":407,"menu_order":3,"comment_status":"closed","ping_status":"closed","template":"","meta":{"_acf_changed":false,"_relevanssi_hide_post":"","_relevanssi_hide_content":"","_relevanssi_pin_for_all":"","_relevanssi_pin_keywords":"","_relevanssi_unpin_keywords":"","_relevanssi_related_keywords":"","_relevanssi_related_include_ids":"","_relevanssi_related_exclude_ids":"","_relevanssi_related_no_append":"","_relevanssi_related_not_related":"","_relevanssi_related_posts":"56,55,57,53,54,48","_relevanssi_noindex_reason":"","inline_featured_image":false,"footnotes":""},"class_list":["post-487","page","type-page","status-publish","hentry"],"acf":[],"yoast_head":"<!-- This site is optimized with the Yoast SEO Premium plugin v27.1 (Yoast SEO v27.4) - https:\/\/yoast.com\/product\/yoast-seo-premium-wordpress\/ -->\n<title>MyTech - Mahdollisuudet teknologia-alalla - Skol<\/title>\n<meta name=\"robots\" content=\"index, follow, max-snippet:-1, max-image-preview:large, max-video-preview:-1\" \/>\n<link rel=\"canonical\" href=\"https:\/\/teknologiateollisuus.fi\/skol\/osaaminen\/mytech-mahdollisuudet-teknologia-alalla\/\" \/>\n<meta property=\"og:locale\" content=\"fi_FI\" \/>\n<meta property=\"og:type\" content=\"article\" \/>\n<meta property=\"og:title\" content=\"MyTech - Mahdollisuudet teknologia-alalla\" \/>\n<meta property=\"og:description\" content=\"MyTech-ohjelma&nbsp;on Teknologiateollisuuden hanke, jonka&nbsp;tarkoituksena on lis\u00e4t\u00e4 erityisesti nuorten kiinnostusta tekniikan alan opinnoista. T\u00e4m\u00e4&nbsp;tekee siit\u00e4 \u00e4\u00e4rimm\u00e4isen t\u00e4rke\u00e4n my\u00f6s SKOLin j\u00e4senyritysten kannalta. MyTech.fi&nbsp;on ohjelman&nbsp;nettisivusto, jonka tarkoitus on toimia yritysten kanavana Sivustolta l\u00f6ytyy&nbsp;tietoa opiskelu- ja ammatinvalinnan tueksi, kuten yli 100 tarinaa yksitt\u00e4isten nuorten ammattilaisten opiskelujen ja ty\u00f6uran etenemisest\u00e4. My\u00f6s SKOLin j\u00e4senyritysten ty\u00f6ntekij\u00f6it\u00e4 l\u00f6ytyy runsaasti sivustolta nuorten esikuviksi. Ammattiesittelyt [&hellip;]\" \/>\n<meta property=\"og:url\" content=\"https:\/\/teknologiateollisuus.fi\/skol\/osaaminen\/mytech-mahdollisuudet-teknologia-alalla\/\" \/>\n<meta property=\"og:site_name\" content=\"Skol\" \/>\n<meta property=\"article:modified_time\" content=\"2025-01-22T12:49:35+00:00\" \/>\n<meta name=\"twitter:card\" content=\"summary_large_image\" \/>\n<meta name=\"twitter:label1\" content=\"Arvioitu lukuaika\" \/>\n\t<meta name=\"twitter:data1\" content=\"2 minuuttia\" \/>\n<script type=\"application\/ld+json\" class=\"yoast-schema-graph\">{\"@context\":\"https:\\\/\\\/schema.org\",\"@graph\":[{\"@type\":\"WebPage\",\"@id\":\"https:\\\/\\\/teknologiateollisuus.fi\\\/skol\\\/osaaminen\\\/mytech-mahdollisuudet-teknologia-alalla\\\/\",\"url\":\"https:\\\/\\\/teknologiateollisuus.fi\\\/skol\\\/osaaminen\\\/mytech-mahdollisuudet-teknologia-alalla\\\/\",\"name\":\"MyTech - Mahdollisuudet teknologia-alalla - Skol\",\"isPartOf\":{\"@id\":\"https:\\\/\\\/teknologiateollisuus.fi\\\/skol\\\/#website\"},\"datePublished\":\"2024-08-07T12:28:13+00:00\",\"dateModified\":\"2025-01-22T12:49:35+00:00\",\"breadcrumb\":{\"@id\":\"https:\\\/\\\/teknologiateollisuus.fi\\\/skol\\\/osaaminen\\\/mytech-mahdollisuudet-teknologia-alalla\\\/#breadcrumb\"},\"inLanguage\":\"fi\",\"potentialAction\":[{\"@type\":\"ReadAction\",\"target\":[\"https:\\\/\\\/teknologiateollisuus.fi\\\/skol\\\/osaaminen\\\/mytech-mahdollisuudet-teknologia-alalla\\\/\"]}]},{\"@type\":\"BreadcrumbList\",\"@id\":\"https:\\\/\\\/teknologiateollisuus.fi\\\/skol\\\/osaaminen\\\/mytech-mahdollisuudet-teknologia-alalla\\\/#breadcrumb\",\"itemListElement\":[{\"@type\":\"ListItem\",\"position\":1,\"name\":\"Etusivu\",\"item\":\"https:\\\/\\\/teknologiateollisuus.fi\\\/skol\\\/\"},{\"@type\":\"ListItem\",\"position\":2,\"name\":\"Osaaminen ja vetovoima\",\"item\":\"https:\\\/\\\/teknologiateollisuus.fi\\\/skol\\\/osaaminen\\\/\"},{\"@type\":\"ListItem\",\"position\":3,\"name\":\"MyTech &#8211; Mahdollisuudet teknologia-alalla\"}]},{\"@type\":\"WebSite\",\"@id\":\"https:\\\/\\\/teknologiateollisuus.fi\\\/skol\\\/#website\",\"url\":\"https:\\\/\\\/teknologiateollisuus.fi\\\/skol\\\/\",\"name\":\"Skol\",\"description\":\"\",\"potentialAction\":[{\"@type\":\"SearchAction\",\"target\":{\"@type\":\"EntryPoint\",\"urlTemplate\":\"https:\\\/\\\/teknologiateollisuus.fi\\\/skol\\\/?s={search_term_string}\"},\"query-input\":{\"@type\":\"PropertyValueSpecification\",\"valueRequired\":true,\"valueName\":\"search_term_string\"}}],\"inLanguage\":\"fi\"}]}<\/script>\n<!-- \/ Yoast SEO Premium plugin. -->","yoast_head_json":{"title":"MyTech - Mahdollisuudet teknologia-alalla - Skol","robots":{"index":"index","follow":"follow","max-snippet":"max-snippet:-1","max-image-preview":"max-image-preview:large","max-video-preview":"max-video-preview:-1"},"canonical":"https:\/\/teknologiateollisuus.fi\/skol\/osaaminen\/mytech-mahdollisuudet-teknologia-alalla\/","og_locale":"fi_FI","og_type":"article","og_title":"MyTech - Mahdollisuudet teknologia-alalla","og_description":"MyTech-ohjelma&nbsp;on Teknologiateollisuuden hanke, jonka&nbsp;tarkoituksena on lis\u00e4t\u00e4 erityisesti nuorten kiinnostusta tekniikan alan opinnoista. T\u00e4m\u00e4&nbsp;tekee siit\u00e4 \u00e4\u00e4rimm\u00e4isen t\u00e4rke\u00e4n my\u00f6s SKOLin j\u00e4senyritysten kannalta. MyTech.fi&nbsp;on ohjelman&nbsp;nettisivusto, jonka tarkoitus on toimia yritysten kanavana Sivustolta l\u00f6ytyy&nbsp;tietoa opiskelu- ja ammatinvalinnan tueksi, kuten yli 100 tarinaa yksitt\u00e4isten nuorten ammattilaisten opiskelujen ja ty\u00f6uran etenemisest\u00e4. My\u00f6s SKOLin j\u00e4senyritysten ty\u00f6ntekij\u00f6it\u00e4 l\u00f6ytyy runsaasti sivustolta nuorten esikuviksi. Ammattiesittelyt [&hellip;]","og_url":"https:\/\/teknologiateollisuus.fi\/skol\/osaaminen\/mytech-mahdollisuudet-teknologia-alalla\/","og_site_name":"Skol","article_modified_time":"2025-01-22T12:49:35+00:00","twitter_card":"summary_large_image","twitter_misc":{"Arvioitu lukuaika":"2 minuuttia"},"schema":{"@context":"https:\/\/schema.org","@graph":[{"@type":"WebPage","@id":"https:\/\/teknologiateollisuus.fi\/skol\/osaaminen\/mytech-mahdollisuudet-teknologia-alalla\/","url":"https:\/\/teknologiateollisuus.fi\/skol\/osaaminen\/mytech-mahdollisuudet-teknologia-alalla\/","name":"MyTech - Mahdollisuudet teknologia-alalla - Skol","isPartOf":{"@id":"https:\/\/teknologiateollisuus.fi\/skol\/#website"},"datePublished":"2024-08-07T12:28:13+00:00","dateModified":"2025-01-22T12:49:35+00:00","breadcrumb":{"@id":"https:\/\/teknologiateollisuus.fi\/skol\/osaaminen\/mytech-mahdollisuudet-teknologia-alalla\/#breadcrumb"},"inLanguage":"fi","potentialAction":[{"@type":"ReadAction","target":["https:\/\/teknologiateollisuus.fi\/skol\/osaaminen\/mytech-mahdollisuudet-teknologia-alalla\/"]}]},{"@type":"BreadcrumbList","@id":"https:\/\/teknologiateollisuus.fi\/skol\/osaaminen\/mytech-mahdollisuudet-teknologia-alalla\/#breadcrumb","itemListElement":[{"@type":"ListItem","position":1,"name":"Etusivu","item":"https:\/\/teknologiateollisuus.fi\/skol\/"},{"@type":"ListItem","position":2,"name":"Osaaminen ja vetovoima","item":"https:\/\/teknologiateollisuus.fi\/skol\/osaaminen\/"},{"@type":"ListItem","position":3,"name":"MyTech &#8211; Mahdollisuudet teknologia-alalla"}]},{"@type":"WebSite","@id":"https:\/\/teknologiateollisuus.fi\/skol\/#website","url":"https:\/\/teknologiateollisuus.fi\/skol\/","name":"Skol","description":"","potentialAction":[{"@type":"SearchAction","target":{"@type":"EntryPoint","urlTemplate":"https:\/\/teknologiateollisuus.fi\/skol\/?s={search_term_string}"},"query-input":{"@type":"PropertyValueSpecification","valueRequired":true,"valueName":"search_term_string"}}],"inLanguage":"fi"}]}},"lang":"fi","translations":{"fi":487},"pll_sync_post":[],"_links":{"self":[{"href":"https:\/\/teknologiateollisuus.fi\/skol\/wp-json\/wp\/v2\/pages\/487","targetHints":{"allow":["GET"]}}],"collection":[{"href":"https:\/\/teknologiateollisuus.fi\/skol\/wp-json\/wp\/v2\/pages"}],"about":[{"href":"https:\/\/teknologiateollisuus.fi\/skol\/wp-json\/wp\/v2\/types\/page"}],"author":[{"embeddable":true,"href":"https:\/\/teknologiateollisuus.fi\/skol\/wp-json\/wp\/v2\/users\/50"}],"replies":[{"embeddable":true,"href":"https:\/\/teknologiateollisuus.fi\/skol\/wp-json\/wp\/v2\/comments?post=487"}],"version-history":[{"count":5,"href":"https:\/\/teknologiateollisuus.fi\/skol\/wp-json\/wp\/v2\/pages\/487\/revisions"}],"predecessor-version":[{"id":2474,"href":"https:\/\/teknologiateollisuus.fi\/skol\/wp-json\/wp\/v2\/pages\/487\/revisions\/2474"}],"up":[{"embeddable":true,"href":"https:\/\/teknologiateollisuus.fi\/skol\/wp-json\/wp\/v2\/pages\/407"}],"wp:attachment":[{"href":"https:\/\/teknologiateollisuus.fi\/skol\/wp-json\/wp\/v2\/media?parent=487"}],"curies":[{"name":"wp","href":"https:\/\/api.w.org\/{rel}","templated":true}]}}