{"id":490,"date":"2024-08-07T15:37:44","date_gmt":"2024-08-07T12:37:44","guid":{"rendered":"https:\/\/teknologiateollisuus.fi\/skol\/?page_id=490"},"modified":"2026-01-13T15:30:48","modified_gmt":"2026-01-13T13:30:48","slug":"nuoret-suunnittelijat-ja-konsultit","status":"publish","type":"page","link":"https:\/\/teknologiateollisuus.fi\/skol\/osaaminen\/tule-muotoilemaan-tulevaisuus\/nuoret-suunnittelijat-ja-konsultit\/","title":{"rendered":"Nuoret suunnittelijat ja konsultit"},"content":{"rendered":"\n<div class=\"em-block-hero hero-has-background-color has-background has-violet-background-color collapse media-position-right \">\n\t<div class=\"em-block-hero__container\">\n\t\t<div class=\"em-block-hero__content\">\n\t\t\t<div class=\"yoast-breadcrumbs\"><span><span><a href=\"https:\/\/teknologiateollisuus.fi\/skol\/\">Etusivu<\/a><\/span> <span class=\"separator\"><\/span> <span><a href=\"https:\/\/teknologiateollisuus.fi\/skol\/osaaminen\/\">Osaaminen ja vetovoima<\/a><\/span> <span class=\"separator\"><\/span> <span><a href=\"https:\/\/teknologiateollisuus.fi\/skol\/osaaminen\/tule-muotoilemaan-tulevaisuus\/\">Tule muotoilemaan tulevaisuus<\/a><\/span> <span class=\"separator\"><\/span> <span class=\"breadcrumb_last\" aria-current=\"page\">Nuoret suunnittelijat ja konsultit<\/span><\/span><\/div>\t\t\t\n<h1 class=\"wp-block-heading\" id=\"h-nuoret-suunnittelijat-ja-konsultit\">Nuoret suunnittelijat ja konsultit<\/h1>\n\t\t\t<div class=\"em-block-hero__modified-date\"> P\u00e4ivitetty 13.01.2026 klo 15:30<\/div>\t\t<\/div>\n\t\t\t\t\t<figure class=\"em-block-hero__image\">\n\t\t\t\t\t\t\t<\/figure>\n\t\t\t<\/div>\n<\/div>\n\n\n\n<p>SKOL j\u00e4senyrityksill\u00e4 on joka vuosi mahdollisuus nimet\u00e4 lahjakkaita nuoria kes\u00e4ty\u00f6ntekij\u00f6it\u00e4, harjoittelijoita tai opinn\u00e4ytety\u00f6ntekij\u00f6it\u00e4 mukaan SKOLin Vuoden nuori konsultti -kilpailuun.<\/p>\n\n\n\n<p>Kilpailun finalisteista kuvataan netti\u00e4\u00e4nestyst\u00e4 varten esittelyvideot. Esittelyvideoissa nuoret kertovat mik\u00e4 heit\u00e4 alalla motivoi, miten he haluaisivat alaa tulevaisuudessa kehitt\u00e4\u00e4 ja mink\u00e4laiset haasteet heit\u00e4 alalla motivoivat.<\/p>\n\n\n\n<p>Katso alta kilpailijoiden videot&nbsp;ja tutustu&nbsp;alaan nuorten suunnittelijoiden silmin.<\/p>\n\n\n\n<figure class=\"wp-block-embed is-type-video is-provider-vimeo wp-block-embed-vimeo wp-embed-aspect-9-16 wp-has-aspect-ratio\"><div class=\"wp-block-embed__wrapper\">\n<iframe loading=\"lazy\" title=\"SKOL Vuoden nuori konsultti Santeri Puhakka\" src=\"https:\/\/player.vimeo.com\/video\/1129790261?dnt=1&amp;app_id=122963\" width=\"422\" height=\"750\" frameborder=\"0\" allow=\"autoplay; fullscreen; picture-in-picture; clipboard-write; encrypted-media; web-share\" referrerpolicy=\"strict-origin-when-cross-origin\"><\/iframe>\n<\/div><\/figure>\n\n\n\n<figure class=\"wp-block-embed is-type-video is-provider-vimeo wp-block-embed-vimeo wp-embed-aspect-9-16 wp-has-aspect-ratio\"><div class=\"wp-block-embed__wrapper\">\n<iframe loading=\"lazy\" title=\"SKOL Vuoden nuori konsultti Olli Finerus\" src=\"https:\/\/player.vimeo.com\/video\/1129790178?dnt=1&amp;app_id=122963\" width=\"422\" height=\"750\" frameborder=\"0\" allow=\"autoplay; fullscreen; picture-in-picture; clipboard-write; encrypted-media; web-share\" referrerpolicy=\"strict-origin-when-cross-origin\"><\/iframe>\n<\/div><\/figure>\n\n\n\n<figure class=\"wp-block-embed is-type-video is-provider-vimeo wp-block-embed-vimeo wp-embed-aspect-9-16 wp-has-aspect-ratio\"><div class=\"wp-block-embed__wrapper\">\n<iframe loading=\"lazy\" title=\"SKOL Vuoden nuori konsultti Rose Laaksonen\" src=\"https:\/\/player.vimeo.com\/video\/1129788804?dnt=1&amp;app_id=122963\" width=\"422\" height=\"750\" frameborder=\"0\" allow=\"autoplay; fullscreen; picture-in-picture; clipboard-write; encrypted-media; web-share\" referrerpolicy=\"strict-origin-when-cross-origin\"><\/iframe>\n<\/div><\/figure>\n\n\n\n<figure class=\"wp-block-embed is-type-video is-provider-vimeo wp-block-embed-vimeo wp-embed-aspect-9-16 wp-has-aspect-ratio\"><div class=\"wp-block-embed__wrapper\">\n<iframe loading=\"lazy\" title=\"SKOL Vuoden nuori konsultti Tanja Jormalainen\" src=\"https:\/\/player.vimeo.com\/video\/1129788410?dnt=1&amp;app_id=122963\" width=\"422\" height=\"750\" frameborder=\"0\" allow=\"autoplay; fullscreen; picture-in-picture; clipboard-write; encrypted-media; web-share\" referrerpolicy=\"strict-origin-when-cross-origin\"><\/iframe>\n<\/div><\/figure>\n\n\n\n<figure class=\"wp-block-embed is-type-video is-provider-vimeo wp-block-embed-vimeo wp-embed-aspect-9-16 wp-has-aspect-ratio\"><div class=\"wp-block-embed__wrapper\">\n<iframe loading=\"lazy\" title=\"SKOL Vuoden nuori konsultti Sonja Korhonen\" src=\"https:\/\/player.vimeo.com\/video\/1129788374?dnt=1&amp;app_id=122963\" width=\"422\" height=\"750\" frameborder=\"0\" allow=\"autoplay; fullscreen; picture-in-picture; clipboard-write; encrypted-media; web-share\" referrerpolicy=\"strict-origin-when-cross-origin\"><\/iframe>\n<\/div><\/figure>\n\n\n\n<figure class=\"wp-block-embed is-type-video is-provider-vimeo wp-block-embed-vimeo wp-embed-aspect-9-16 wp-has-aspect-ratio\"><div class=\"wp-block-embed__wrapper\">\n<iframe loading=\"lazy\" title=\"SKOL Vuoden nuori konsultti Markus Korhonen\" src=\"https:\/\/player.vimeo.com\/video\/1129788312?dnt=1&amp;app_id=122963\" width=\"422\" height=\"750\" frameborder=\"0\" allow=\"autoplay; fullscreen; picture-in-picture; clipboard-write; encrypted-media; web-share\" referrerpolicy=\"strict-origin-when-cross-origin\"><\/iframe>\n<\/div><\/figure>\n\n\n\n<figure class=\"wp-block-embed is-type-video is-provider-vimeo wp-block-embed-vimeo wp-embed-aspect-9-16 wp-has-aspect-ratio\"><div class=\"wp-block-embed__wrapper\">\n<iframe loading=\"lazy\" title=\"SKOL Vuoden nuori konsultti Jessiina Rantanen\" src=\"https:\/\/player.vimeo.com\/video\/1129788276?dnt=1&amp;app_id=122963\" width=\"422\" height=\"750\" frameborder=\"0\" allow=\"autoplay; fullscreen; picture-in-picture; clipboard-write; encrypted-media; web-share\" referrerpolicy=\"strict-origin-when-cross-origin\"><\/iframe>\n<\/div><\/figure>\n\n\n\n<figure class=\"wp-block-embed is-type-video is-provider-vimeo wp-block-embed-vimeo wp-embed-aspect-9-16 wp-has-aspect-ratio\"><div class=\"wp-block-embed__wrapper\">\n<iframe loading=\"lazy\" title=\"SKOL Vuoden nuori konsultti Elli Teinil\u00e4\" src=\"https:\/\/player.vimeo.com\/video\/1129788215?dnt=1&amp;app_id=122963\" width=\"422\" height=\"750\" frameborder=\"0\" allow=\"autoplay; fullscreen; picture-in-picture; clipboard-write; encrypted-media; web-share\" referrerpolicy=\"strict-origin-when-cross-origin\"><\/iframe>\n<\/div><\/figure>\n\n\n\n<figure class=\"wp-block-embed is-type-video is-provider-vimeo wp-block-embed-vimeo wp-embed-aspect-9-16 wp-has-aspect-ratio\"><div class=\"wp-block-embed__wrapper\">\n<iframe loading=\"lazy\" title=\"SKOL Vuoden nuori konsultti Caroline Strandberg\" src=\"https:\/\/player.vimeo.com\/video\/1129788182?dnt=1&amp;app_id=122963\" width=\"422\" height=\"750\" frameborder=\"0\" allow=\"autoplay; fullscreen; picture-in-picture; clipboard-write; encrypted-media; web-share\" referrerpolicy=\"strict-origin-when-cross-origin\"><\/iframe>\n<\/div><\/figure>\n\n\n\n<figure class=\"wp-block-embed is-type-video is-provider-vimeo wp-block-embed-vimeo wp-embed-aspect-9-16 wp-has-aspect-ratio\"><div class=\"wp-block-embed__wrapper\">\n<iframe loading=\"lazy\" title=\"SKOL Vuoden nuori konsultti Alina Lahdensivu\" src=\"https:\/\/player.vimeo.com\/video\/1129785832?dnt=1&amp;app_id=122963\" width=\"422\" height=\"750\" frameborder=\"0\" allow=\"autoplay; fullscreen; picture-in-picture; clipboard-write; encrypted-media; web-share\" referrerpolicy=\"strict-origin-when-cross-origin\"><\/iframe>\n<\/div><\/figure>\n","protected":false},"excerpt":{"rendered":"<p>SKOL j\u00e4senyrityksill\u00e4 on joka vuosi mahdollisuus nimet\u00e4 lahjakkaita nuoria kes\u00e4ty\u00f6ntekij\u00f6it\u00e4, harjoittelijoita tai opinn\u00e4ytety\u00f6ntekij\u00f6it\u00e4 mukaan SKOLin Vuoden nuori konsultti -kilpailuun. Kilpailun finalisteista kuvataan netti\u00e4\u00e4nestyst\u00e4 varten esittelyvideot. Esittelyvideoissa nuoret kertovat mik\u00e4 heit\u00e4 alalla motivoi, miten he haluaisivat alaa tulevaisuudessa kehitt\u00e4\u00e4 ja mink\u00e4laiset haasteet heit\u00e4 alalla motivoivat. Katso alta kilpailijoiden videot&nbsp;ja tutustu&nbsp;alaan nuorten suunnittelijoiden silmin.<\/p>\n","protected":false},"author":50,"featured_media":0,"parent":456,"menu_order":7,"comment_status":"closed","ping_status":"closed","template":"","meta":{"_acf_changed":false,"_relevanssi_hide_post":"","_relevanssi_hide_content":"","_relevanssi_pin_for_all":"","_relevanssi_pin_keywords":"","_relevanssi_unpin_keywords":"","_relevanssi_related_keywords":"","_relevanssi_related_include_ids":"","_relevanssi_related_exclude_ids":"","_relevanssi_related_no_append":"","_relevanssi_related_not_related":"","_relevanssi_related_posts":"57,53,55,54,56,48","_relevanssi_noindex_reason":"","inline_featured_image":false,"footnotes":""},"class_list":["post-490","page","type-page","status-publish","hentry"],"acf":[],"yoast_head":"<!-- This site is optimized with the Yoast SEO Premium plugin v27.1 (Yoast SEO v27.4) - https:\/\/yoast.com\/product\/yoast-seo-premium-wordpress\/ -->\n<title>Nuoret suunnittelijat ja konsultit - Skol<\/title>\n<meta name=\"robots\" content=\"index, follow, max-snippet:-1, max-image-preview:large, max-video-preview:-1\" \/>\n<link rel=\"canonical\" href=\"https:\/\/teknologiateollisuus.fi\/skol\/osaaminen\/tule-muotoilemaan-tulevaisuus\/nuoret-suunnittelijat-ja-konsultit\/\" \/>\n<meta property=\"og:locale\" content=\"fi_FI\" \/>\n<meta property=\"og:type\" content=\"article\" \/>\n<meta property=\"og:title\" content=\"Nuoret suunnittelijat ja konsultit\" \/>\n<meta property=\"og:description\" content=\"SKOL j\u00e4senyrityksill\u00e4 on joka vuosi mahdollisuus nimet\u00e4 lahjakkaita nuoria kes\u00e4ty\u00f6ntekij\u00f6it\u00e4, harjoittelijoita tai opinn\u00e4ytety\u00f6ntekij\u00f6it\u00e4 mukaan SKOLin Vuoden nuori konsultti -kilpailuun. Kilpailun finalisteista kuvataan netti\u00e4\u00e4nestyst\u00e4 varten esittelyvideot. Esittelyvideoissa nuoret kertovat mik\u00e4 heit\u00e4 alalla motivoi, miten he haluaisivat alaa tulevaisuudessa kehitt\u00e4\u00e4 ja mink\u00e4laiset haasteet heit\u00e4 alalla motivoivat. Katso alta kilpailijoiden videot&nbsp;ja tutustu&nbsp;alaan nuorten suunnittelijoiden silmin.\" \/>\n<meta property=\"og:url\" content=\"https:\/\/teknologiateollisuus.fi\/skol\/osaaminen\/tule-muotoilemaan-tulevaisuus\/nuoret-suunnittelijat-ja-konsultit\/\" \/>\n<meta property=\"og:site_name\" content=\"Skol\" \/>\n<meta property=\"article:modified_time\" content=\"2026-01-13T13:30:48+00:00\" \/>\n<meta name=\"twitter:card\" content=\"summary_large_image\" \/>\n<meta name=\"twitter:label1\" content=\"Arvioitu lukuaika\" \/>\n\t<meta name=\"twitter:data1\" content=\"1 minuutti\" \/>\n<script type=\"application\/ld+json\" class=\"yoast-schema-graph\">{\"@context\":\"https:\\\/\\\/schema.org\",\"@graph\":[{\"@type\":\"WebPage\",\"@id\":\"https:\\\/\\\/teknologiateollisuus.fi\\\/skol\\\/osaaminen\\\/tule-muotoilemaan-tulevaisuus\\\/nuoret-suunnittelijat-ja-konsultit\\\/\",\"url\":\"https:\\\/\\\/teknologiateollisuus.fi\\\/skol\\\/osaaminen\\\/tule-muotoilemaan-tulevaisuus\\\/nuoret-suunnittelijat-ja-konsultit\\\/\",\"name\":\"Nuoret suunnittelijat ja konsultit - Skol\",\"isPartOf\":{\"@id\":\"https:\\\/\\\/teknologiateollisuus.fi\\\/skol\\\/#website\"},\"datePublished\":\"2024-08-07T12:37:44+00:00\",\"dateModified\":\"2026-01-13T13:30:48+00:00\",\"breadcrumb\":{\"@id\":\"https:\\\/\\\/teknologiateollisuus.fi\\\/skol\\\/osaaminen\\\/tule-muotoilemaan-tulevaisuus\\\/nuoret-suunnittelijat-ja-konsultit\\\/#breadcrumb\"},\"inLanguage\":\"fi\",\"potentialAction\":[{\"@type\":\"ReadAction\",\"target\":[\"https:\\\/\\\/teknologiateollisuus.fi\\\/skol\\\/osaaminen\\\/tule-muotoilemaan-tulevaisuus\\\/nuoret-suunnittelijat-ja-konsultit\\\/\"]}]},{\"@type\":\"BreadcrumbList\",\"@id\":\"https:\\\/\\\/teknologiateollisuus.fi\\\/skol\\\/osaaminen\\\/tule-muotoilemaan-tulevaisuus\\\/nuoret-suunnittelijat-ja-konsultit\\\/#breadcrumb\",\"itemListElement\":[{\"@type\":\"ListItem\",\"position\":1,\"name\":\"Etusivu\",\"item\":\"https:\\\/\\\/teknologiateollisuus.fi\\\/skol\\\/\"},{\"@type\":\"ListItem\",\"position\":2,\"name\":\"Osaaminen ja vetovoima\",\"item\":\"https:\\\/\\\/teknologiateollisuus.fi\\\/skol\\\/osaaminen\\\/\"},{\"@type\":\"ListItem\",\"position\":3,\"name\":\"Tule muotoilemaan tulevaisuus\",\"item\":\"https:\\\/\\\/teknologiateollisuus.fi\\\/skol\\\/osaaminen\\\/tule-muotoilemaan-tulevaisuus\\\/\"},{\"@type\":\"ListItem\",\"position\":4,\"name\":\"Nuoret suunnittelijat ja konsultit\"}]},{\"@type\":\"WebSite\",\"@id\":\"https:\\\/\\\/teknologiateollisuus.fi\\\/skol\\\/#website\",\"url\":\"https:\\\/\\\/teknologiateollisuus.fi\\\/skol\\\/\",\"name\":\"Skol\",\"description\":\"\",\"potentialAction\":[{\"@type\":\"SearchAction\",\"target\":{\"@type\":\"EntryPoint\",\"urlTemplate\":\"https:\\\/\\\/teknologiateollisuus.fi\\\/skol\\\/?s={search_term_string}\"},\"query-input\":{\"@type\":\"PropertyValueSpecification\",\"valueRequired\":true,\"valueName\":\"search_term_string\"}}],\"inLanguage\":\"fi\"}]}<\/script>\n<!-- \/ Yoast SEO Premium plugin. -->","yoast_head_json":{"title":"Nuoret suunnittelijat ja konsultit - Skol","robots":{"index":"index","follow":"follow","max-snippet":"max-snippet:-1","max-image-preview":"max-image-preview:large","max-video-preview":"max-video-preview:-1"},"canonical":"https:\/\/teknologiateollisuus.fi\/skol\/osaaminen\/tule-muotoilemaan-tulevaisuus\/nuoret-suunnittelijat-ja-konsultit\/","og_locale":"fi_FI","og_type":"article","og_title":"Nuoret suunnittelijat ja konsultit","og_description":"SKOL j\u00e4senyrityksill\u00e4 on joka vuosi mahdollisuus nimet\u00e4 lahjakkaita nuoria kes\u00e4ty\u00f6ntekij\u00f6it\u00e4, harjoittelijoita tai opinn\u00e4ytety\u00f6ntekij\u00f6it\u00e4 mukaan SKOLin Vuoden nuori konsultti -kilpailuun. Kilpailun finalisteista kuvataan netti\u00e4\u00e4nestyst\u00e4 varten esittelyvideot. Esittelyvideoissa nuoret kertovat mik\u00e4 heit\u00e4 alalla motivoi, miten he haluaisivat alaa tulevaisuudessa kehitt\u00e4\u00e4 ja mink\u00e4laiset haasteet heit\u00e4 alalla motivoivat. Katso alta kilpailijoiden videot&nbsp;ja tutustu&nbsp;alaan nuorten suunnittelijoiden silmin.","og_url":"https:\/\/teknologiateollisuus.fi\/skol\/osaaminen\/tule-muotoilemaan-tulevaisuus\/nuoret-suunnittelijat-ja-konsultit\/","og_site_name":"Skol","article_modified_time":"2026-01-13T13:30:48+00:00","twitter_card":"summary_large_image","twitter_misc":{"Arvioitu lukuaika":"1 minuutti"},"schema":{"@context":"https:\/\/schema.org","@graph":[{"@type":"WebPage","@id":"https:\/\/teknologiateollisuus.fi\/skol\/osaaminen\/tule-muotoilemaan-tulevaisuus\/nuoret-suunnittelijat-ja-konsultit\/","url":"https:\/\/teknologiateollisuus.fi\/skol\/osaaminen\/tule-muotoilemaan-tulevaisuus\/nuoret-suunnittelijat-ja-konsultit\/","name":"Nuoret suunnittelijat ja konsultit - Skol","isPartOf":{"@id":"https:\/\/teknologiateollisuus.fi\/skol\/#website"},"datePublished":"2024-08-07T12:37:44+00:00","dateModified":"2026-01-13T13:30:48+00:00","breadcrumb":{"@id":"https:\/\/teknologiateollisuus.fi\/skol\/osaaminen\/tule-muotoilemaan-tulevaisuus\/nuoret-suunnittelijat-ja-konsultit\/#breadcrumb"},"inLanguage":"fi","potentialAction":[{"@type":"ReadAction","target":["https:\/\/teknologiateollisuus.fi\/skol\/osaaminen\/tule-muotoilemaan-tulevaisuus\/nuoret-suunnittelijat-ja-konsultit\/"]}]},{"@type":"BreadcrumbList","@id":"https:\/\/teknologiateollisuus.fi\/skol\/osaaminen\/tule-muotoilemaan-tulevaisuus\/nuoret-suunnittelijat-ja-konsultit\/#breadcrumb","itemListElement":[{"@type":"ListItem","position":1,"name":"Etusivu","item":"https:\/\/teknologiateollisuus.fi\/skol\/"},{"@type":"ListItem","position":2,"name":"Osaaminen ja vetovoima","item":"https:\/\/teknologiateollisuus.fi\/skol\/osaaminen\/"},{"@type":"ListItem","position":3,"name":"Tule muotoilemaan tulevaisuus","item":"https:\/\/teknologiateollisuus.fi\/skol\/osaaminen\/tule-muotoilemaan-tulevaisuus\/"},{"@type":"ListItem","position":4,"name":"Nuoret suunnittelijat ja konsultit"}]},{"@type":"WebSite","@id":"https:\/\/teknologiateollisuus.fi\/skol\/#website","url":"https:\/\/teknologiateollisuus.fi\/skol\/","name":"Skol","description":"","potentialAction":[{"@type":"SearchAction","target":{"@type":"EntryPoint","urlTemplate":"https:\/\/teknologiateollisuus.fi\/skol\/?s={search_term_string}"},"query-input":{"@type":"PropertyValueSpecification","valueRequired":true,"valueName":"search_term_string"}}],"inLanguage":"fi"}]}},"lang":"fi","translations":{"fi":490},"pll_sync_post":[],"_links":{"self":[{"href":"https:\/\/teknologiateollisuus.fi\/skol\/wp-json\/wp\/v2\/pages\/490","targetHints":{"allow":["GET"]}}],"collection":[{"href":"https:\/\/teknologiateollisuus.fi\/skol\/wp-json\/wp\/v2\/pages"}],"about":[{"href":"https:\/\/teknologiateollisuus.fi\/skol\/wp-json\/wp\/v2\/types\/page"}],"author":[{"embeddable":true,"href":"https:\/\/teknologiateollisuus.fi\/skol\/wp-json\/wp\/v2\/users\/50"}],"replies":[{"embeddable":true,"href":"https:\/\/teknologiateollisuus.fi\/skol\/wp-json\/wp\/v2\/comments?post=490"}],"version-history":[{"count":4,"href":"https:\/\/teknologiateollisuus.fi\/skol\/wp-json\/wp\/v2\/pages\/490\/revisions"}],"predecessor-version":[{"id":3202,"href":"https:\/\/teknologiateollisuus.fi\/skol\/wp-json\/wp\/v2\/pages\/490\/revisions\/3202"}],"up":[{"embeddable":true,"href":"https:\/\/teknologiateollisuus.fi\/skol\/wp-json\/wp\/v2\/pages\/456"}],"wp:attachment":[{"href":"https:\/\/teknologiateollisuus.fi\/skol\/wp-json\/wp\/v2\/media?parent=490"}],"curies":[{"name":"wp","href":"https:\/\/api.w.org\/{rel}","templated":true}]}}