{"id":492,"date":"2024-08-07T15:40:13","date_gmt":"2024-08-07T12:40:13","guid":{"rendered":"https:\/\/teknologiateollisuus.fi\/skol\/?page_id=492"},"modified":"2026-01-13T16:07:59","modified_gmt":"2026-01-13T14:07:59","slug":"opiskelupaikat","status":"publish","type":"page","link":"https:\/\/teknologiateollisuus.fi\/skol\/osaaminen\/tule-muotoilemaan-tulevaisuus\/opiskelupaikat\/","title":{"rendered":"Opiskelupaikat"},"content":{"rendered":"\n<div class=\"em-block-hero hero-has-background-color has-background has-violet-background-color collapse media-position-right \">\n\t<div class=\"em-block-hero__container\">\n\t\t<div class=\"em-block-hero__content\">\n\t\t\t<div class=\"yoast-breadcrumbs\"><span><span><a href=\"https:\/\/teknologiateollisuus.fi\/skol\/\">Etusivu<\/a><\/span> <span class=\"separator\"><\/span> <span><a href=\"https:\/\/teknologiateollisuus.fi\/skol\/osaaminen\/\">Osaaminen ja vetovoima<\/a><\/span> <span class=\"separator\"><\/span> <span><a href=\"https:\/\/teknologiateollisuus.fi\/skol\/osaaminen\/tule-muotoilemaan-tulevaisuus\/\">Tule muotoilemaan tulevaisuus<\/a><\/span> <span class=\"separator\"><\/span> <span class=\"breadcrumb_last\" aria-current=\"page\">Opiskelupaikat<\/span><\/span><\/div>\t\t\t\n<h1 class=\"wp-block-heading\" id=\"h-opiskelupaikat\">Opiskelupaikat<\/h1>\n\n<p>Suunnittelualalle tarvitaan monien eri alojen ammattilaisia.<\/p>\n\t\t\t<div class=\"em-block-hero__modified-date\"> P\u00e4ivitetty 13.01.2026 klo 16:07<\/div>\t\t<\/div>\n\t\t\t\t\t<figure class=\"em-block-hero__image\">\n\t\t\t\t\t\t\t<\/figure>\n\t\t\t<\/div>\n<\/div>\n\n\n\n<p>Suunnittelualan ammattilaiset voivat ty\u00f6llisty\u00e4 esimerkkisi teollisuuden, talonrakentamisen tai yhdyskuntasuunnittelun pariin. Koulutusmahdollisuuksia on toisen asteen koulutuksesta aina tohtoriopintoihin asti. Alalle voi tulla my\u00f6s muunto- tai t\u00e4ydennyskoulutuksen kautta. Teknist\u00e4 alaa opiskelleiden ammattilaisten lis\u00e4ksi alalla on tarvetta arkkitehtuurin, muotoilun, ymp\u00e4rist\u00f6- ja luonnontieteiden, yhteiskuntatieteiden, viestinn\u00e4n ja markkinoinnin sek\u00e4 muiden kaupallisten taitojen osaajille. My\u00f6s n\u00e4ihin tutkintoihin voi sis\u00e4llytt\u00e4\u00e4 suunnittelualan ja tekniikan opintoja.<\/p>\n\n\n\n<figure class=\"wp-block-pullquote\"><blockquote><p>Teknist\u00e4 alaa opiskelleiden ammattilaisten lis\u00e4ksi alalla on tarvetta arkkitehtuurin, muotoilun, ymp\u00e4rist\u00f6- ja luonnontieteiden, yhteiskuntatieteiden, viestinn\u00e4n ja markkinoinnin sek\u00e4 muiden kaupallisten taitojen osaajille. <\/p><\/blockquote><\/figure>\n\n\n\n<p>Alalle valmistuneilla on laajat ja monipuoliset ty\u00f6skentelymahdollisuudet Suomessa ja ulkomailla. Ty\u00f6paikkoja tarjoavat muun muassa alan suurimmat suunnitteluyritykset, kunnat ja kaupungit, kiinteist\u00f6- ja rakennusala ja maallemme t\u00e4rke\u00e4n vientiteollisuuden monet sektorit.<\/p>\n\n\n\n<p>Suomessa on useita suunnittelualalle koulutusta tarjoavaa oppilaitosta, jotka sijaitsevat eri puolilla maata. Useimpiin koulutusohjelmiin voi hakea toisen asteen tutkinnon suorittamisen j\u00e4lkeen. Opintojen tarkka sis\u00e4lt\u00f6 ja hakuajat vaihtelevat oppilaitoksittain ja koulutusohjelmittain. Suunnitteluala on kansainv\u00e4linen ja&nbsp;kehittyv\u00e4.&nbsp;Alalla tarvitaan&nbsp;eri alojen osaamista, jolloin&nbsp;ammattinimikkeiden kirjokin on suuri. Suunnitteluala tarvitsee mm. seuraavia ammatteja:&nbsp;<\/p>\n\n\n\n<ul class=\"wp-block-list\">\n<li>suunnittelija<\/li>\n\n\n\n<li>teollinen muotoilija<\/li>\n\n\n\n<li>lvi-, s\u00e4hk\u00f6-, kone- ja automaatioinsin\u00f6\u00f6ri<\/li>\n\n\n\n<li>projektip\u00e4\u00e4llikk\u00f6<\/li>\n\n\n\n<li>suunnittelup\u00e4\u00e4llikk\u00f6<\/li>\n\n\n\n<li>it-alan osaaja<\/li>\n\n\n\n<li>energia- ja ymp\u00e4rist\u00f6asiantuntija<\/li>\n\n\n\n<li>suunnittelup\u00e4\u00e4llikk\u00f6<\/li>\n\n\n\n<li>kuntotutkija<\/li>\n\n\n\n<li>vuorovaikutusasiantuntija<\/li>\n\n\n\n<li>maank\u00e4yt\u00f6n suunnittelija<\/li>\n\n\n\n<li>rakennesuunnittelija<\/li>\n\n\n\n<li>liikenneinsin\u00f6\u00f6ri<\/li>\n<\/ul>\n\n\n\n<p>Alla olevasta listasta saat lis\u00e4tietoja suunnittelu- ja konsultointialaan liittyvi\u00e4 koulutusmahdollisuuksia. Kysy lis\u00e4\u00e4 my\u00f6s&nbsp;oppilaitoksesi&nbsp;opinto-ohjaajilta tai&nbsp;esimerkiksi ty\u00f6- ja elinkeinotoimistojen ammatinvalinta- ja urasuunnittelupalveluista. Alla olevat tutkinnot eiv\u00e4t suinkaan ole ainoa tapa p\u00e4\u00e4ty\u00e4 alalle!<\/p>\n\n\n\n<h2 class=\"wp-block-heading\" id=\"h-yliopisto\" id=\"yliopisto\">Yliopisto<\/h2>\n\n\n\n<p>Aalto yliopisto, <a href=\"https:\/\/www.aalto.fi\/fi\/koulutustarjonta?field=tech&amp;degreeType=bachelors\">tekniikan alat<\/a> ja <a href=\"https:\/\/www.aalto.fi\/fi\/koulutustarjonta?degreeType=bachelors&amp;search=arkkitehtuuri\">arkkitehtuuri<\/a><\/p>\n\n\n\n<p>Helsingin yliopisto, <a href=\"https:\/\/www.helsinki.fi\/fi\/maatalous-metsatieteellinen-tiedekunta\">maatalous- ja mets\u00e4tieteet<\/a>, <a href=\"https:\/\/www.helsinki.fi\/fi\/valtiotieteellinen-tiedekunta\/tutkimus\/tieteenalat-ja-tutkimusyksikot\">valtiotieteellinen tiedekunta <\/a><\/p>\n\n\n\n<p>It\u00e4-Suomen yliopisto,<a href=\"https:\/\/www.uef.fi\/fi\/koulutus\/ymparisto-ja-biotieteet\"> ymp\u00e4rist\u00f6- ja biotieteet <\/a><\/p>\n\n\n\n<p>LUT-yliopisto, <a href=\"https:\/\/www.lut.fi\/fi\/opiskelu\/tekniikan-ala\/tekniikan-kandidaattiohjelmat\">tekniikan alat<\/a> ja <a href=\"https:\/\/www.lut.fi\/fi\/opiskelu\/yhteiskuntatieteet\">yhteiskuntatieteet<\/a><\/p>\n\n\n\n<p>Oulun yliopisto, <a href=\"https:\/\/www.oulu.fi\/fi\/hae\/kandidaattiohjelmat\">tekniikan alat ja arkkitehtuuri<\/a><\/p>\n\n\n\n<p>Tampereen yliopisto ja ammattikorkeakoulu, <a href=\"https:\/\/www.tuni.fi\/fi\/tutustu-meihin\/tekniikan-ja-luonnontieteiden-tiedekunta#switcher-trigger-koulutus\">tekniikan alat<\/a> ja <a href=\"https:\/\/www.tuni.fi\/fi\/tutustu-meihin\/rakennetun-ympariston-tiedekunta#switcher-trigger-opiskelu\">rakennettu ymp\u00e4rist\u00f6<\/a><\/p>\n\n\n\n<p>Turun yliopisto, <a href=\"https:\/\/www.utu.fi\/fi\/education-search?field_of_science%5B2113%5D=2113&amp;k=&amp;degree%5B2074%5D=2074&amp;faculty=All\"><\/a><a href=\"https:\/\/www.utu.fi\/fi\/education-search?field_of_science%5B2113%5D=2113&amp;k=&amp;degree%5B2074%5D=2074&amp;faculty=All\">tekniikan alat<\/a> ja <a href=\"https:\/\/www.utu.fi\/fi\/opiskelijaksi\/ymparistotiede-luonnontieteiden-kandidaatti-ja-filosofian-maisteri-3-v-2-v\">ymp\u00e4rist\u00f6tiede<\/a><\/p>\n\n\n\n<p>\u00c5bo Akademi, <a href=\"https:\/\/www.abo.fi\/fi\/koulutusohjelmat\/kemian-ja-prosessitekniikka\/\"><\/a><a href=\"https:\/\/www.abo.fi\/fi\/koulutusohjelmat\/kemian-ja-prosessitekniikka\/\"><\/a><a href=\"https:\/\/www.abo.fi\/fi\/koulutusohjelmat\/kemian-ja-prosessitekniikka\/\">kemian-\u00ad ja\u00ad prosessi\u00adtekniikka<\/a><\/p>\n\n\n\n<h2 class=\"wp-block-heading\" id=\"h-ammattikorkeakoulu\" id=\"ammattikorkeakoulu\">Ammattikorkeakoulu:<\/h2>\n\n\n\n<p>Centria, <a href=\"https:\/\/net.centria.fi\/koulutukset\/insinoori-amk-tuotantotalous\/\">tuotantotalous<\/a> ja <a href=\"https:\/\/net.centria.fi\/koulutukset\/insinoori-amk-sahko-ja-automaatiotekniikka\/\">s\u00e4hk\u00f6- ja automaatiotekniikka,<\/a><\/p>\n\n\n\n<p>HAMK, <a href=\"https:\/\/www.hamk.fi\/tule-opiskelemaan\/koulutusalat\/tekniikka-ja-liikenne\/\">tekniikka ja liikenne<\/a><\/p>\n\n\n\n<p>Jamk, <a href=\"https:\/\/www.jamk.fi\/fi\/hae-opiskelemaan\/tekniikan-ala\">tekniikan ala<\/a>t<\/p>\n\n\n\n<p>Kaakkois-Suomen ammattikorkeakoulu, <a href=\"https:\/\/www.xamk.fi\/koulutus\/koulutusalat\/tekniikka\/\">tekniikan alat<\/a><\/p>\n\n\n\n<p><a href=\"https:\/\/kamk.fi\/koulutukset\/insinoori-konetekniikka-paivatoteutus\/\"><\/a><a href=\"https:\/\/kamk.fi\/koulutukset\/insinoori-konetekniikka-paivatoteutus\/\"><\/a>Kajaanin ammattikorkeakoulu, <a href=\"https:\/\/kamk.fi\/koulutukset\/insinoori-konetekniikka-paivatoteutus\/\"><\/a><a href=\"https:\/\/kamk.fi\/koulutukset\/insinoori-konetekniikka-paivatoteutus\/\"><\/a><a href=\"https:\/\/kamk.fi\/koulutukset\/insinoori-konetekniikka-paivatoteutus\/\">konetekniikka<\/a> ja <a href=\"https:\/\/kamk.fi\/koulutukset\/insinoori-rakennus-ja-yhdyskuntatekniikka-kajaani\/\">rakennus- ja yhdyskuntatekniikka<\/a><\/p>\n\n\n\n<p>Karelia-ammattikorkeakoulu, <a href=\"https:\/\/www.karelia.fi\/amk-tutkinnot\/?msf_education_amk%5B0%5D=tekniikka\">tekniikan alat<\/a><\/p>\n\n\n\n<p>Lapin ammattikorkeakoulu,<a href=\"https:\/\/lapinamk.fi\/koulutus\/amk-tutkinnot\/\"> tekniikan alat<\/a><\/p>\n\n\n\n<p>Metropolia Ammattikorkeakoulu, <a href=\"https:\/\/www.metropolia.fi\/fi\/opiskelu-metropoliassa\/koulutustarjonta?degree=AMK-tutkinnot&amp;field_of_study=Tekniikka\">tekniikan alat<\/a><\/p>\n\n\n\n<p>Oulun ammattikorkeakoulu, <a href=\"https:\/\/oamk.fi\/koulutus\/koulutukset-alan-mukaan\/tekniikka\/\">tekniikan alat<\/a><\/p>\n\n\n\n<p>SAMK \u2013 Satakunnan ammattikorkeakoulu, <a href=\"https:\/\/www.samk.fi\/tutkinto\/tuotantotalous-amk-verkkototeutus-rauma\/\">tuotantotalous<\/a><\/p>\n\n\n\n<p>SeAMK, <a href=\"https:\/\/www.seamk.fi\/tietoa-seamkista\/seamkin-koulutusalat\/tekniikan-ala\/\">tekniikan alat<\/a><\/p>\n\n\n\n<p>Savonia ammattikorkeakoulu, <a href=\"https:\/\/www.savonia.fi\/opiskele-tutkinto\/tutkinnot-ja-hakeminen\/amk-ja-yamk-tutkinnot\/?education=tekniikka-fi&amp;degree=&amp;location=&amp;period=\">tekniikan alat<\/a><\/p>\n\n\n\n<p>Tampereen ammattikorkeakoulu,<a href=\"https:\/\/www.tuni.fi\/fi\/etsi?organisation=2&amp;search_type=study&amp;study_fields=13293%2C187&amp;education_type=bachelor_uas\"> tekniikka, luonnontieteet ja rakentaminen<\/a><\/p>\n\n\n\n<p>Vaasan ammattikorkeakoulu, <a href=\"https:\/\/www.vamk.fi\/hakijalle\/koulutusalat\/tekniikan-ala\">tekniikan alat<\/a><\/p>\n\n\n\n<p>Yrkesh\u00f6gskolan Arcada, <a href=\"https:\/\/www.arcada.fi\/fi\/opiskele-arcadassa\/amk-tutkinnot\">tekniikan alat<\/a><\/p>\n\n\n\n<p>Yrkesh\u00f6gskolan Novia,<a href=\"https:\/\/www.novia.fi\/utbildning\/utbildningsutbud\/\"> tekniikan alat<\/a><\/p>\n","protected":false},"excerpt":{"rendered":"<p>Suunnittelualan ammattilaiset voivat ty\u00f6llisty\u00e4 esimerkkisi teollisuuden, talonrakentamisen tai yhdyskuntasuunnittelun pariin. Koulutusmahdollisuuksia on toisen asteen koulutuksesta aina tohtoriopintoihin asti. Alalle voi tulla my\u00f6s muunto- tai t\u00e4ydennyskoulutuksen kautta. Teknist\u00e4 alaa opiskelleiden ammattilaisten lis\u00e4ksi alalla on tarvetta arkkitehtuurin, muotoilun, ymp\u00e4rist\u00f6- ja luonnontieteiden, yhteiskuntatieteiden, viestinn\u00e4n ja markkinoinnin sek\u00e4 muiden kaupallisten taitojen osaajille. My\u00f6s n\u00e4ihin tutkintoihin voi sis\u00e4llytt\u00e4\u00e4 suunnittelualan ja [&hellip;]<\/p>\n","protected":false},"author":50,"featured_media":0,"parent":456,"menu_order":8,"comment_status":"closed","ping_status":"closed","template":"","meta":{"_acf_changed":false,"_relevanssi_hide_post":"","_relevanssi_hide_content":"","_relevanssi_pin_for_all":"","_relevanssi_pin_keywords":"","_relevanssi_unpin_keywords":"","_relevanssi_related_keywords":"","_relevanssi_related_include_ids":"","_relevanssi_related_exclude_ids":"","_relevanssi_related_no_append":"","_relevanssi_related_not_related":"","_relevanssi_related_posts":"48,56,53,54,57,55","_relevanssi_noindex_reason":"","inline_featured_image":false,"footnotes":""},"class_list":["post-492","page","type-page","status-publish","hentry"],"acf":[],"yoast_head":"<!-- This site is optimized with the Yoast SEO Premium plugin v27.1 (Yoast SEO v27.4) - https:\/\/yoast.com\/product\/yoast-seo-premium-wordpress\/ -->\n<title>Opiskelupaikat - Skol<\/title>\n<meta name=\"robots\" content=\"index, follow, max-snippet:-1, max-image-preview:large, max-video-preview:-1\" \/>\n<link rel=\"canonical\" href=\"https:\/\/teknologiateollisuus.fi\/skol\/osaaminen\/tule-muotoilemaan-tulevaisuus\/opiskelupaikat\/\" \/>\n<meta property=\"og:locale\" content=\"fi_FI\" \/>\n<meta property=\"og:type\" content=\"article\" \/>\n<meta property=\"og:title\" content=\"Opiskelupaikat\" \/>\n<meta property=\"og:description\" content=\"Suunnittelualan ammattilaiset voivat ty\u00f6llisty\u00e4 esimerkkisi teollisuuden, talonrakentamisen tai yhdyskuntasuunnittelun pariin. Koulutusmahdollisuuksia on toisen asteen koulutuksesta aina tohtoriopintoihin asti. Alalle voi tulla my\u00f6s muunto- tai t\u00e4ydennyskoulutuksen kautta. Teknist\u00e4 alaa opiskelleiden ammattilaisten lis\u00e4ksi alalla on tarvetta arkkitehtuurin, muotoilun, ymp\u00e4rist\u00f6- ja luonnontieteiden, yhteiskuntatieteiden, viestinn\u00e4n ja markkinoinnin sek\u00e4 muiden kaupallisten taitojen osaajille. My\u00f6s n\u00e4ihin tutkintoihin voi sis\u00e4llytt\u00e4\u00e4 suunnittelualan ja [&hellip;]\" \/>\n<meta property=\"og:url\" content=\"https:\/\/teknologiateollisuus.fi\/skol\/osaaminen\/tule-muotoilemaan-tulevaisuus\/opiskelupaikat\/\" \/>\n<meta property=\"og:site_name\" content=\"Skol\" \/>\n<meta property=\"article:modified_time\" content=\"2026-01-13T14:07:59+00:00\" \/>\n<meta name=\"twitter:card\" content=\"summary_large_image\" \/>\n<meta name=\"twitter:label1\" content=\"Arvioitu lukuaika\" \/>\n\t<meta name=\"twitter:data1\" content=\"2 minuuttia\" \/>\n<script type=\"application\/ld+json\" class=\"yoast-schema-graph\">{\"@context\":\"https:\\\/\\\/schema.org\",\"@graph\":[{\"@type\":\"WebPage\",\"@id\":\"https:\\\/\\\/teknologiateollisuus.fi\\\/skol\\\/osaaminen\\\/tule-muotoilemaan-tulevaisuus\\\/opiskelupaikat\\\/\",\"url\":\"https:\\\/\\\/teknologiateollisuus.fi\\\/skol\\\/osaaminen\\\/tule-muotoilemaan-tulevaisuus\\\/opiskelupaikat\\\/\",\"name\":\"Opiskelupaikat - Skol\",\"isPartOf\":{\"@id\":\"https:\\\/\\\/teknologiateollisuus.fi\\\/skol\\\/#website\"},\"datePublished\":\"2024-08-07T12:40:13+00:00\",\"dateModified\":\"2026-01-13T14:07:59+00:00\",\"breadcrumb\":{\"@id\":\"https:\\\/\\\/teknologiateollisuus.fi\\\/skol\\\/osaaminen\\\/tule-muotoilemaan-tulevaisuus\\\/opiskelupaikat\\\/#breadcrumb\"},\"inLanguage\":\"fi\",\"potentialAction\":[{\"@type\":\"ReadAction\",\"target\":[\"https:\\\/\\\/teknologiateollisuus.fi\\\/skol\\\/osaaminen\\\/tule-muotoilemaan-tulevaisuus\\\/opiskelupaikat\\\/\"]}]},{\"@type\":\"BreadcrumbList\",\"@id\":\"https:\\\/\\\/teknologiateollisuus.fi\\\/skol\\\/osaaminen\\\/tule-muotoilemaan-tulevaisuus\\\/opiskelupaikat\\\/#breadcrumb\",\"itemListElement\":[{\"@type\":\"ListItem\",\"position\":1,\"name\":\"Etusivu\",\"item\":\"https:\\\/\\\/teknologiateollisuus.fi\\\/skol\\\/\"},{\"@type\":\"ListItem\",\"position\":2,\"name\":\"Osaaminen ja vetovoima\",\"item\":\"https:\\\/\\\/teknologiateollisuus.fi\\\/skol\\\/osaaminen\\\/\"},{\"@type\":\"ListItem\",\"position\":3,\"name\":\"Tule muotoilemaan tulevaisuus\",\"item\":\"https:\\\/\\\/teknologiateollisuus.fi\\\/skol\\\/osaaminen\\\/tule-muotoilemaan-tulevaisuus\\\/\"},{\"@type\":\"ListItem\",\"position\":4,\"name\":\"Opiskelupaikat\"}]},{\"@type\":\"WebSite\",\"@id\":\"https:\\\/\\\/teknologiateollisuus.fi\\\/skol\\\/#website\",\"url\":\"https:\\\/\\\/teknologiateollisuus.fi\\\/skol\\\/\",\"name\":\"Skol\",\"description\":\"\",\"potentialAction\":[{\"@type\":\"SearchAction\",\"target\":{\"@type\":\"EntryPoint\",\"urlTemplate\":\"https:\\\/\\\/teknologiateollisuus.fi\\\/skol\\\/?s={search_term_string}\"},\"query-input\":{\"@type\":\"PropertyValueSpecification\",\"valueRequired\":true,\"valueName\":\"search_term_string\"}}],\"inLanguage\":\"fi\"}]}<\/script>\n<!-- \/ Yoast SEO Premium plugin. -->","yoast_head_json":{"title":"Opiskelupaikat - Skol","robots":{"index":"index","follow":"follow","max-snippet":"max-snippet:-1","max-image-preview":"max-image-preview:large","max-video-preview":"max-video-preview:-1"},"canonical":"https:\/\/teknologiateollisuus.fi\/skol\/osaaminen\/tule-muotoilemaan-tulevaisuus\/opiskelupaikat\/","og_locale":"fi_FI","og_type":"article","og_title":"Opiskelupaikat","og_description":"Suunnittelualan ammattilaiset voivat ty\u00f6llisty\u00e4 esimerkkisi teollisuuden, talonrakentamisen tai yhdyskuntasuunnittelun pariin. Koulutusmahdollisuuksia on toisen asteen koulutuksesta aina tohtoriopintoihin asti. Alalle voi tulla my\u00f6s muunto- tai t\u00e4ydennyskoulutuksen kautta. Teknist\u00e4 alaa opiskelleiden ammattilaisten lis\u00e4ksi alalla on tarvetta arkkitehtuurin, muotoilun, ymp\u00e4rist\u00f6- ja luonnontieteiden, yhteiskuntatieteiden, viestinn\u00e4n ja markkinoinnin sek\u00e4 muiden kaupallisten taitojen osaajille. My\u00f6s n\u00e4ihin tutkintoihin voi sis\u00e4llytt\u00e4\u00e4 suunnittelualan ja [&hellip;]","og_url":"https:\/\/teknologiateollisuus.fi\/skol\/osaaminen\/tule-muotoilemaan-tulevaisuus\/opiskelupaikat\/","og_site_name":"Skol","article_modified_time":"2026-01-13T14:07:59+00:00","twitter_card":"summary_large_image","twitter_misc":{"Arvioitu lukuaika":"2 minuuttia"},"schema":{"@context":"https:\/\/schema.org","@graph":[{"@type":"WebPage","@id":"https:\/\/teknologiateollisuus.fi\/skol\/osaaminen\/tule-muotoilemaan-tulevaisuus\/opiskelupaikat\/","url":"https:\/\/teknologiateollisuus.fi\/skol\/osaaminen\/tule-muotoilemaan-tulevaisuus\/opiskelupaikat\/","name":"Opiskelupaikat - Skol","isPartOf":{"@id":"https:\/\/teknologiateollisuus.fi\/skol\/#website"},"datePublished":"2024-08-07T12:40:13+00:00","dateModified":"2026-01-13T14:07:59+00:00","breadcrumb":{"@id":"https:\/\/teknologiateollisuus.fi\/skol\/osaaminen\/tule-muotoilemaan-tulevaisuus\/opiskelupaikat\/#breadcrumb"},"inLanguage":"fi","potentialAction":[{"@type":"ReadAction","target":["https:\/\/teknologiateollisuus.fi\/skol\/osaaminen\/tule-muotoilemaan-tulevaisuus\/opiskelupaikat\/"]}]},{"@type":"BreadcrumbList","@id":"https:\/\/teknologiateollisuus.fi\/skol\/osaaminen\/tule-muotoilemaan-tulevaisuus\/opiskelupaikat\/#breadcrumb","itemListElement":[{"@type":"ListItem","position":1,"name":"Etusivu","item":"https:\/\/teknologiateollisuus.fi\/skol\/"},{"@type":"ListItem","position":2,"name":"Osaaminen ja vetovoima","item":"https:\/\/teknologiateollisuus.fi\/skol\/osaaminen\/"},{"@type":"ListItem","position":3,"name":"Tule muotoilemaan tulevaisuus","item":"https:\/\/teknologiateollisuus.fi\/skol\/osaaminen\/tule-muotoilemaan-tulevaisuus\/"},{"@type":"ListItem","position":4,"name":"Opiskelupaikat"}]},{"@type":"WebSite","@id":"https:\/\/teknologiateollisuus.fi\/skol\/#website","url":"https:\/\/teknologiateollisuus.fi\/skol\/","name":"Skol","description":"","potentialAction":[{"@type":"SearchAction","target":{"@type":"EntryPoint","urlTemplate":"https:\/\/teknologiateollisuus.fi\/skol\/?s={search_term_string}"},"query-input":{"@type":"PropertyValueSpecification","valueRequired":true,"valueName":"search_term_string"}}],"inLanguage":"fi"}]}},"lang":"fi","translations":{"fi":492},"pll_sync_post":[],"_links":{"self":[{"href":"https:\/\/teknologiateollisuus.fi\/skol\/wp-json\/wp\/v2\/pages\/492","targetHints":{"allow":["GET"]}}],"collection":[{"href":"https:\/\/teknologiateollisuus.fi\/skol\/wp-json\/wp\/v2\/pages"}],"about":[{"href":"https:\/\/teknologiateollisuus.fi\/skol\/wp-json\/wp\/v2\/types\/page"}],"author":[{"embeddable":true,"href":"https:\/\/teknologiateollisuus.fi\/skol\/wp-json\/wp\/v2\/users\/50"}],"replies":[{"embeddable":true,"href":"https:\/\/teknologiateollisuus.fi\/skol\/wp-json\/wp\/v2\/comments?post=492"}],"version-history":[{"count":6,"href":"https:\/\/teknologiateollisuus.fi\/skol\/wp-json\/wp\/v2\/pages\/492\/revisions"}],"predecessor-version":[{"id":3208,"href":"https:\/\/teknologiateollisuus.fi\/skol\/wp-json\/wp\/v2\/pages\/492\/revisions\/3208"}],"up":[{"embeddable":true,"href":"https:\/\/teknologiateollisuus.fi\/skol\/wp-json\/wp\/v2\/pages\/456"}],"wp:attachment":[{"href":"https:\/\/teknologiateollisuus.fi\/skol\/wp-json\/wp\/v2\/media?parent=492"}],"curies":[{"name":"wp","href":"https:\/\/api.w.org\/{rel}","templated":true}]}}