{"id":801,"date":"2024-08-12T12:44:06","date_gmt":"2024-08-12T09:44:06","guid":{"rendered":"https:\/\/teknologiateollisuus.fi\/skol\/?page_id=801"},"modified":"2026-03-04T14:08:16","modified_gmt":"2026-03-04T12:08:16","slug":"jasenyys","status":"publish","type":"page","link":"https:\/\/teknologiateollisuus.fi\/skol\/tietoa-meista\/jasenyys\/","title":{"rendered":"J\u00e4seneksi"},"content":{"rendered":"\n<div class=\"em-block-hero hero-has-background-color has-background has-violet-background-color collapse media-position-right \">\n\t<div class=\"em-block-hero__container\">\n\t\t<div class=\"em-block-hero__content\">\n\t\t\t<div class=\"yoast-breadcrumbs\"><span><span><a href=\"https:\/\/teknologiateollisuus.fi\/skol\/\">Etusivu<\/a><\/span> <span class=\"separator\"><\/span> <span><a href=\"https:\/\/teknologiateollisuus.fi\/skol\/tietoa-meista\/\">Tietoa meist\u00e4<\/a><\/span> <span class=\"separator\"><\/span> <span class=\"breadcrumb_last\" aria-current=\"page\">J\u00e4seneksi<\/span><\/span><\/div>\t\t\t\n<h1 class=\"wp-block-heading\" id=\"h-jaseneksi\">J\u00e4seneksi<\/h1>\n\t\t\t<div class=\"em-block-hero__modified-date\"> P\u00e4ivitetty 04.03.2026 klo 14:08<\/div>\t\t<\/div>\n\t\t\t\t\t<figure class=\"em-block-hero__image\">\n\t\t\t\t\t\t\t<\/figure>\n\t\t\t<\/div>\n<\/div>\n\n\n\n<h2 class=\"wp-block-heading\" id=\"h-jaseneksi-hakeminen\" id=\"jaseneksi-hakeminen\">J\u00e4seneksi hakeminen<\/h2>\n\n\n\n<p>Yhdistyksen j\u00e4seneksi hyv\u00e4ksymist\u00e4 haetaan kirjallisesti&nbsp;liiton&nbsp;hallitukselta t\u00e4ytt\u00e4m\u00e4ll\u00e4 ja l\u00e4hett\u00e4m\u00e4ll\u00e4 alla olevasta&nbsp;linkist\u00e4 ladattava j\u00e4senhakemus. Yhdistyksen&nbsp;hallitus k\u00e4sittelee j\u00e4senhakemukset p\u00e4\u00e4s\u00e4\u00e4nt\u00f6isesti vuosittain kes\u00e4- ja joulukuussa pidett\u00e4viss\u00e4 kokouksissaan.<\/p>\n\n\n\n<p>Hakijan tulee t\u00e4ytt\u00e4\u00e4&nbsp;liiton&nbsp;<a href=\"https:\/\/teknologiateollisuus.fi\/skol\/tietoa-meista\/skol-ryn-saannot\/\">s\u00e4\u00e4nt\u00f6jen<\/a>&nbsp;4 \u00a7:ss\u00e4 esitetyt vaatimukset sek\u00e4 toimia kansainv\u00e4lisen konsulttij\u00e4rjest\u00f6 <a href=\"https:\/\/teknologiateollisuus.fi\/skol\/tietoa-meista\/fidicin-eettiset-saannot\/\">FIDICin eettisten s\u00e4\u00e4nt\u00f6jen<\/a>&nbsp;mukaisesti. Hakulomakkeet voi&nbsp;ladata alla olevista linkeist\u00e4 tai tilata SKOLista s\u00e4hk\u00f6postitse osoitteesta&nbsp;<a href=\"mailto:skolry@teknologiateollisuus.fi\">skolry@teknologiateollisuus.fi<\/a>, jonne my\u00f6s t\u00e4ytetyt hakemukset toimitetaan.<\/p>\n\n\n\n<p><strong>J\u00e4senhakemusten m\u00e4\u00e4r\u00e4ajat: <\/strong><\/p>\n\n\n\n<ul class=\"wp-block-list\">\n<li>J\u00e4senyyden alkaminen 1.1.2026, j\u00e4senhakemukset tulee toimittaa 20.1. menness\u00e4<\/li>\n\n\n\n<li>J\u00e4senyyden alkaminen 1.7.2026, j\u00e4senhakemukset tulee toimittaa 31.5. menness\u00e4<\/li>\n\n\n\n<li>J\u00e4senyyden alkaminen 1.1.2027, j\u00e4senhakemukset tulee toimittaa 20.11. menness\u00e4<\/li>\n<\/ul>\n\n\n\n<div class=\"wp-block-evermade-links em-block-links has-columns-1\">\n<div class=\"wp-block-file\"><a id=\"wp-block-file--media-3863156a-32bc-41ca-ac6b-1778e86c2d92\" href=\"https:\/\/teknologiateollisuus.fi\/skol\/wp-content\/uploads\/sites\/6\/2025\/03\/Jasenhakemus-3.3.docx\">J\u00e4senhakemus<\/a><\/div>\n<\/div>\n\n\n\n<h2 class=\"wp-block-heading\" id=\"h-jasenmaksut\" id=\"jasenmaksut\">J\u00e4senmaksut<\/h2>\n\n\n\n<p>Yhdistyksen syyskokous p\u00e4\u00e4tt\u00e4\u00e4 vuosittain seuraavan vuoden j\u00e4senmaksusta.&nbsp;J\u00e4senmaksun suuruus&nbsp;perustuu j\u00e4senyhteis\u00f6n vuoden alun Suomessa ty\u00f6skentelevien kokoaikaisten (v\u00e4hint\u00e4\u00e4n&nbsp;50 % ty\u00f6ajasta) henkil\u00f6iden m\u00e4\u00e4r\u00e4\u00e4n ja konsernis\u00e4\u00e4nn\u00f6n puitteissa kaikki toimialalla toimivat konserniyhti\u00f6t kuuluvat j\u00e4senyyden piiriin. J\u00e4sentiedot ker\u00e4t\u00e4\u00e4n vuosittain huhtikuussa ja j\u00e4senmaksujen laskutus tapahtuu yhdess\u00e4 er\u00e4ss\u00e4 kes\u00e4kuussa.&nbsp;<\/p>\n\n\n\n<div class=\"wp-block-evermade-links em-block-links has-columns-1\">\n<div data-wp-interactive=\"core\/file\" class=\"wp-block-file\"><object data-wp-bind--hidden=\"!state.hasPdfPreview\" hidden class=\"wp-block-file__embed\" data=\"https:\/\/teknologiateollisuus.fi\/skol\/wp-content\/uploads\/sites\/6\/2025\/12\/SKOL_jasenmaksutaulukko-2026.pdf\" type=\"application\/pdf\" style=\"width:100%;height:600px\" aria-label=\"Tiedoston J\u00e4senmaksutaulukko upotus.\"><\/object><a id=\"wp-block-file--media-b837c47e-ac5b-4c32-b5f1-18ba9d422168\" href=\"https:\/\/teknologiateollisuus.fi\/skol\/wp-content\/uploads\/sites\/6\/2025\/12\/SKOL_jasenmaksutaulukko-2026.pdf\">J\u00e4senmaksutaulukko<\/a><\/div>\n<\/div>\n\n\n\n<p>Liittoon liittyvien j\u00e4senten osalta noudatetaan s\u00e4\u00e4nt\u00f6jen 10 \u00a7, eli vuoden alusta liittyv\u00e4 maksaa koko j\u00e4senmaksun, ja toisen vuosipuoliskon aikana liittoon otettavat maksavat puolet j\u00e4senmaksusta. Liittymismaksua ei ole vakiintuneen k\u00e4yt\u00e4nn\u00f6n mukaan peritty. Hallituksen aiempaan linjaukseen perustuvan konsernis\u00e4\u00e4nn\u00f6n nojalla SKOLiin tulee liitty\u00e4 kaikkien samassa konsernissa suunnittelu- ja konsultointitoimintaa harjoittavien yksik\u00f6iden ja yhti\u00f6iden, ja niiden on mahdollista oman valintansa mukaan olla j\u00e4senen\u00e4 joko yhdess\u00e4, erikseen tai n\u00e4iden yhdistelm\u00e4n\u00e4 ja&nbsp;koko konsernin toimialalla ty\u00f6skentelev\u00e4 henkil\u00f6st\u00f6 ilmoitetaan j\u00e4senmaksuperusteeseen.<\/p>\n\n\n\n<h2 class=\"wp-block-heading\" id=\"h-eroaminen\" id=\"eroaminen\">Eroaminen<\/h2>\n\n\n\n<p>Eroilmoitukset&nbsp;tulee toimittaa hallitukselle helmikuun loppuun tai syyskuun loppuun menness\u00e4 riippuen siit\u00e4, milloin&nbsp;eron halutaan astuvan voimaan (30.6 tai 31.12). Eroilmoitukset k\u00e4sitell\u00e4\u00e4n ja hyv\u00e4ksyt\u00e4\u00e4n hallituksen maaliskuun ja lokakuun kokouksissa.<\/p>\n\n\n\n<p>J\u00e4senyritysten keskin\u00e4isess\u00e4 fuusio- ja yrityskauppatilanteessa alkuvuonna&nbsp;ostettavan yrityksen henkil\u00f6st\u00f6 voidaan joko&nbsp;lis\u00e4t\u00e4 ostajan j\u00e4senmaksuperusteeseen tai peri\u00e4 fuusion takia erovalta yritykselt\u00e4 puolen vuoden j\u00e4senmaksu. Jos yrityskauppa tapahtuu loppuvuodesta, ilmoittaa vastaanottava j\u00e4senyritys ostetun yrityksen henkil\u00f6st\u00f6n omassa j\u00e4senmaksuperusteessaan seuraavan vuoden alusta lukien.<\/p>\n\n\n\n<h2 class=\"wp-block-heading\" id=\"h-tyomarkkinatoiminta-ja-jasenpalvelut\" id=\"tyomarkkinatoiminta-ja-jasenpalvelut\">Ty\u00f6markkinatoiminta ja j\u00e4senpalvelut<\/h2>\n\n\n\n<p>Ty\u00f6markkinatoiminnasta vastaavat Teknologiateollisuus ry ja Teknologiateollisuuden ty\u00f6nantajat ry. N\u00e4m\u00e4 palvelut (TES- ja ty\u00f6suhdeneuvonta) saa k\u00e4ytt\u00f6\u00f6ns\u00e4 liittym\u00e4ll\u00e4 Teknologiateollisuus ry:n j\u00e4seneksi.<\/p>\n\n\n\n<p>Ty\u00f6ehtosopimukset neuvottelee Teknologiateollisuuden ty\u00f6nantajat ry, johon voi liitty\u00e4 my\u00f6s erikseen, jos haluaa varmistaa, ett\u00e4&nbsp;yritys kuuluu normaalisitovien ty\u00f6ehtosopimusten piiriin. J\u00e4senvaatimuksena on Teknologiateollisuus ry:n j\u00e4senyys, erillist\u00e4 j\u00e4senmaksua ei perit\u00e4.<\/p>\n\n\n\n<p>J\u00e4senyytt\u00e4, j\u00e4senetuja ja\u00a0j\u00e4senpalveluja\u00a0koskeviin tiedusteluihin vastaa toimitusjohtaja Jessica Karhu: <a href=\"tel:+358 40 675 8899\">+358 40 675 8899<\/a> \/ jessica.karhu(at)teknologiateollisuus.fi.<\/p>\n\n\n\n<div class=\"wp-block-evermade-links em-block-links has-columns-1\">\n<div data-wp-interactive=\"core\/file\" class=\"wp-block-file\"><object data-wp-bind--hidden=\"!state.hasPdfPreview\" hidden class=\"wp-block-file__embed\" data=\"https:\/\/teknologiateollisuus.fi\/skol\/wp-content\/uploads\/sites\/6\/2024\/12\/toimialat-ja-tol.pdf\" type=\"application\/pdf\" style=\"width:100%;height:600px\" aria-label=\"Tiedoston Toimialaryhmittely ja m\u00e4\u00e4ritelm\u00e4t upotus.\"><\/object><a id=\"wp-block-file--media-a0ee6c5e-030d-4ef1-bcc1-e51588ab79a9\" href=\"https:\/\/teknologiateollisuus.fi\/skol\/wp-content\/uploads\/sites\/6\/2024\/12\/toimialat-ja-tol.pdf\">Toimialaryhmittely ja m\u00e4\u00e4ritelm\u00e4t<\/a><\/div>\n\n\n\n<a\n\tclass=\"wp-block-evermade-external-link em-block-link is-external   \"\n\thref=\"https:\/\/teknologiateollisuus.fi\/jasenille\/jasenyys\/teknologiateollisuusrynjaseneksi\/\"\n\taria-label=\"Avaa uudessa v\u00e4lilehdess\u00e4\"\n\ttarget=\"_blank\"\n\trel=\"noopener noreferrer\"\n>\n\t<div class=\"em-block-link__content\">\n\t\t<span class=\"em-block-link__title\">\n\t\t\tLiity Teknologiateollisuus ry:n j\u00e4seneksi\t\t<\/span>\n\t\t\t<\/div>\n\t<div class=\"em-block-link__arrow\"><\/div>\n\t<div class=\"em-block-link__pressable\"><\/div>\n<\/a>\n\n\n\n<a\n\tclass=\"wp-block-evermade-external-link em-block-link is-external   \"\n\thref=\"https:\/\/teknologiateollisuus.fi\/jasenille\/jasenyys\/liity-teknologiateollisuuden-tyonantajat-ryn-jaseneksi\/\"\n\taria-label=\"Avaa uudessa v\u00e4lilehdess\u00e4\"\n\ttarget=\"_blank\"\n\trel=\"noopener noreferrer\"\n>\n\t<div class=\"em-block-link__content\">\n\t\t<span class=\"em-block-link__title\">\n\t\t\tLiity Teknologiateollisuuden ty\u00f6nantajat ry:n j\u00e4seneksi\t\t<\/span>\n\t\t\t<\/div>\n\t<div class=\"em-block-link__arrow\"><\/div>\n\t<div class=\"em-block-link__pressable\"><\/div>\n<\/a>\n\n\n\n<a\n\tclass=\"wp-block-evermade-external-link em-block-link is-external   \"\n\thref=\"https:\/\/teknologiateollisuus.fi\/jasenille\/palvelut\/tyosuhdeneuvonta\/\"\n\taria-label=\"Avaa uudessa v\u00e4lilehdess\u00e4\"\n\ttarget=\"_blank\"\n\trel=\"noopener noreferrer\"\n>\n\t<div class=\"em-block-link__content\">\n\t\t<span class=\"em-block-link__title\">\n\t\t\tTeknologiateollisuuden ty\u00f6suhdepalvelut\t\t<\/span>\n\t\t\t<\/div>\n\t<div class=\"em-block-link__arrow\"><\/div>\n\t<div class=\"em-block-link__pressable\"><\/div>\n<\/a>\n<\/div>\n","protected":false},"excerpt":{"rendered":"<p>J\u00e4seneksi hakeminen Yhdistyksen j\u00e4seneksi hyv\u00e4ksymist\u00e4 haetaan kirjallisesti&nbsp;liiton&nbsp;hallitukselta t\u00e4ytt\u00e4m\u00e4ll\u00e4 ja l\u00e4hett\u00e4m\u00e4ll\u00e4 alla olevasta&nbsp;linkist\u00e4 ladattava j\u00e4senhakemus. Yhdistyksen&nbsp;hallitus k\u00e4sittelee j\u00e4senhakemukset p\u00e4\u00e4s\u00e4\u00e4nt\u00f6isesti vuosittain kes\u00e4- ja joulukuussa pidett\u00e4viss\u00e4 kokouksissaan. Hakijan tulee t\u00e4ytt\u00e4\u00e4&nbsp;liiton&nbsp;s\u00e4\u00e4nt\u00f6jen&nbsp;4 \u00a7:ss\u00e4 esitetyt vaatimukset sek\u00e4 toimia kansainv\u00e4lisen konsulttij\u00e4rjest\u00f6 FIDICin eettisten s\u00e4\u00e4nt\u00f6jen&nbsp;mukaisesti. Hakulomakkeet voi&nbsp;ladata alla olevista linkeist\u00e4 tai tilata SKOLista s\u00e4hk\u00f6postitse osoitteesta&nbsp;skolry@teknologiateollisuus.fi, jonne my\u00f6s t\u00e4ytetyt hakemukset toimitetaan. J\u00e4senhakemusten m\u00e4\u00e4r\u00e4ajat: J\u00e4senmaksut [&hellip;]<\/p>\n","protected":false},"author":50,"featured_media":0,"parent":120,"menu_order":0,"comment_status":"closed","ping_status":"closed","template":"","meta":{"_acf_changed":false,"_relevanssi_hide_post":"","_relevanssi_hide_content":"","_relevanssi_pin_for_all":"","_relevanssi_pin_keywords":"","_relevanssi_unpin_keywords":"","_relevanssi_related_keywords":"","_relevanssi_related_include_ids":"","_relevanssi_related_exclude_ids":"","_relevanssi_related_no_append":"","_relevanssi_related_not_related":"","_relevanssi_related_posts":"730,778,585,542,651,55","_relevanssi_noindex_reason":"","inline_featured_image":false,"footnotes":""},"class_list":["post-801","page","type-page","status-publish","hentry"],"acf":[],"yoast_head":"<!-- This site is optimized with the Yoast SEO Premium plugin v27.1 (Yoast SEO v27.4) - https:\/\/yoast.com\/product\/yoast-seo-premium-wordpress\/ -->\n<title>J\u00e4seneksi - Skol<\/title>\n<meta name=\"robots\" content=\"index, follow, max-snippet:-1, max-image-preview:large, max-video-preview:-1\" \/>\n<link rel=\"canonical\" href=\"https:\/\/teknologiateollisuus.fi\/skol\/tietoa-meista\/jasenyys\/\" \/>\n<meta property=\"og:locale\" content=\"fi_FI\" \/>\n<meta property=\"og:type\" content=\"article\" \/>\n<meta property=\"og:title\" content=\"J\u00e4seneksi\" \/>\n<meta property=\"og:description\" content=\"J\u00e4seneksi hakeminen Yhdistyksen j\u00e4seneksi hyv\u00e4ksymist\u00e4 haetaan kirjallisesti&nbsp;liiton&nbsp;hallitukselta t\u00e4ytt\u00e4m\u00e4ll\u00e4 ja l\u00e4hett\u00e4m\u00e4ll\u00e4 alla olevasta&nbsp;linkist\u00e4 ladattava j\u00e4senhakemus. Yhdistyksen&nbsp;hallitus k\u00e4sittelee j\u00e4senhakemukset p\u00e4\u00e4s\u00e4\u00e4nt\u00f6isesti vuosittain kes\u00e4- ja joulukuussa pidett\u00e4viss\u00e4 kokouksissaan. Hakijan tulee t\u00e4ytt\u00e4\u00e4&nbsp;liiton&nbsp;s\u00e4\u00e4nt\u00f6jen&nbsp;4 \u00a7:ss\u00e4 esitetyt vaatimukset sek\u00e4 toimia kansainv\u00e4lisen konsulttij\u00e4rjest\u00f6 FIDICin eettisten s\u00e4\u00e4nt\u00f6jen&nbsp;mukaisesti. Hakulomakkeet voi&nbsp;ladata alla olevista linkeist\u00e4 tai tilata SKOLista s\u00e4hk\u00f6postitse osoitteesta&nbsp;skolry@teknologiateollisuus.fi, jonne my\u00f6s t\u00e4ytetyt hakemukset toimitetaan. J\u00e4senhakemusten m\u00e4\u00e4r\u00e4ajat: J\u00e4senmaksut [&hellip;]\" \/>\n<meta property=\"og:url\" content=\"https:\/\/teknologiateollisuus.fi\/skol\/tietoa-meista\/jasenyys\/\" \/>\n<meta property=\"og:site_name\" content=\"Skol\" \/>\n<meta property=\"article:modified_time\" content=\"2026-03-04T12:08:16+00:00\" \/>\n<meta name=\"twitter:card\" content=\"summary_large_image\" \/>\n<meta name=\"twitter:label1\" content=\"Arvioitu lukuaika\" \/>\n\t<meta name=\"twitter:data1\" content=\"3 minuuttia\" \/>\n<script type=\"application\/ld+json\" class=\"yoast-schema-graph\">{\"@context\":\"https:\\\/\\\/schema.org\",\"@graph\":[{\"@type\":\"WebPage\",\"@id\":\"https:\\\/\\\/teknologiateollisuus.fi\\\/skol\\\/tietoa-meista\\\/jasenyys\\\/\",\"url\":\"https:\\\/\\\/teknologiateollisuus.fi\\\/skol\\\/tietoa-meista\\\/jasenyys\\\/\",\"name\":\"J\u00e4seneksi - Skol\",\"isPartOf\":{\"@id\":\"https:\\\/\\\/teknologiateollisuus.fi\\\/skol\\\/#website\"},\"datePublished\":\"2024-08-12T09:44:06+00:00\",\"dateModified\":\"2026-03-04T12:08:16+00:00\",\"breadcrumb\":{\"@id\":\"https:\\\/\\\/teknologiateollisuus.fi\\\/skol\\\/tietoa-meista\\\/jasenyys\\\/#breadcrumb\"},\"inLanguage\":\"fi\",\"potentialAction\":[{\"@type\":\"ReadAction\",\"target\":[\"https:\\\/\\\/teknologiateollisuus.fi\\\/skol\\\/tietoa-meista\\\/jasenyys\\\/\"]}]},{\"@type\":\"BreadcrumbList\",\"@id\":\"https:\\\/\\\/teknologiateollisuus.fi\\\/skol\\\/tietoa-meista\\\/jasenyys\\\/#breadcrumb\",\"itemListElement\":[{\"@type\":\"ListItem\",\"position\":1,\"name\":\"Etusivu\",\"item\":\"https:\\\/\\\/teknologiateollisuus.fi\\\/skol\\\/\"},{\"@type\":\"ListItem\",\"position\":2,\"name\":\"Tietoa meist\u00e4\",\"item\":\"https:\\\/\\\/teknologiateollisuus.fi\\\/skol\\\/tietoa-meista\\\/\"},{\"@type\":\"ListItem\",\"position\":3,\"name\":\"J\u00e4seneksi\"}]},{\"@type\":\"WebSite\",\"@id\":\"https:\\\/\\\/teknologiateollisuus.fi\\\/skol\\\/#website\",\"url\":\"https:\\\/\\\/teknologiateollisuus.fi\\\/skol\\\/\",\"name\":\"Skol\",\"description\":\"\",\"potentialAction\":[{\"@type\":\"SearchAction\",\"target\":{\"@type\":\"EntryPoint\",\"urlTemplate\":\"https:\\\/\\\/teknologiateollisuus.fi\\\/skol\\\/?s={search_term_string}\"},\"query-input\":{\"@type\":\"PropertyValueSpecification\",\"valueRequired\":true,\"valueName\":\"search_term_string\"}}],\"inLanguage\":\"fi\"}]}<\/script>\n<!-- \/ Yoast SEO Premium plugin. -->","yoast_head_json":{"title":"J\u00e4seneksi - Skol","robots":{"index":"index","follow":"follow","max-snippet":"max-snippet:-1","max-image-preview":"max-image-preview:large","max-video-preview":"max-video-preview:-1"},"canonical":"https:\/\/teknologiateollisuus.fi\/skol\/tietoa-meista\/jasenyys\/","og_locale":"fi_FI","og_type":"article","og_title":"J\u00e4seneksi","og_description":"J\u00e4seneksi hakeminen Yhdistyksen j\u00e4seneksi hyv\u00e4ksymist\u00e4 haetaan kirjallisesti&nbsp;liiton&nbsp;hallitukselta t\u00e4ytt\u00e4m\u00e4ll\u00e4 ja l\u00e4hett\u00e4m\u00e4ll\u00e4 alla olevasta&nbsp;linkist\u00e4 ladattava j\u00e4senhakemus. Yhdistyksen&nbsp;hallitus k\u00e4sittelee j\u00e4senhakemukset p\u00e4\u00e4s\u00e4\u00e4nt\u00f6isesti vuosittain kes\u00e4- ja joulukuussa pidett\u00e4viss\u00e4 kokouksissaan. Hakijan tulee t\u00e4ytt\u00e4\u00e4&nbsp;liiton&nbsp;s\u00e4\u00e4nt\u00f6jen&nbsp;4 \u00a7:ss\u00e4 esitetyt vaatimukset sek\u00e4 toimia kansainv\u00e4lisen konsulttij\u00e4rjest\u00f6 FIDICin eettisten s\u00e4\u00e4nt\u00f6jen&nbsp;mukaisesti. Hakulomakkeet voi&nbsp;ladata alla olevista linkeist\u00e4 tai tilata SKOLista s\u00e4hk\u00f6postitse osoitteesta&nbsp;skolry@teknologiateollisuus.fi, jonne my\u00f6s t\u00e4ytetyt hakemukset toimitetaan. J\u00e4senhakemusten m\u00e4\u00e4r\u00e4ajat: J\u00e4senmaksut [&hellip;]","og_url":"https:\/\/teknologiateollisuus.fi\/skol\/tietoa-meista\/jasenyys\/","og_site_name":"Skol","article_modified_time":"2026-03-04T12:08:16+00:00","twitter_card":"summary_large_image","twitter_misc":{"Arvioitu lukuaika":"3 minuuttia"},"schema":{"@context":"https:\/\/schema.org","@graph":[{"@type":"WebPage","@id":"https:\/\/teknologiateollisuus.fi\/skol\/tietoa-meista\/jasenyys\/","url":"https:\/\/teknologiateollisuus.fi\/skol\/tietoa-meista\/jasenyys\/","name":"J\u00e4seneksi - Skol","isPartOf":{"@id":"https:\/\/teknologiateollisuus.fi\/skol\/#website"},"datePublished":"2024-08-12T09:44:06+00:00","dateModified":"2026-03-04T12:08:16+00:00","breadcrumb":{"@id":"https:\/\/teknologiateollisuus.fi\/skol\/tietoa-meista\/jasenyys\/#breadcrumb"},"inLanguage":"fi","potentialAction":[{"@type":"ReadAction","target":["https:\/\/teknologiateollisuus.fi\/skol\/tietoa-meista\/jasenyys\/"]}]},{"@type":"BreadcrumbList","@id":"https:\/\/teknologiateollisuus.fi\/skol\/tietoa-meista\/jasenyys\/#breadcrumb","itemListElement":[{"@type":"ListItem","position":1,"name":"Etusivu","item":"https:\/\/teknologiateollisuus.fi\/skol\/"},{"@type":"ListItem","position":2,"name":"Tietoa meist\u00e4","item":"https:\/\/teknologiateollisuus.fi\/skol\/tietoa-meista\/"},{"@type":"ListItem","position":3,"name":"J\u00e4seneksi"}]},{"@type":"WebSite","@id":"https:\/\/teknologiateollisuus.fi\/skol\/#website","url":"https:\/\/teknologiateollisuus.fi\/skol\/","name":"Skol","description":"","potentialAction":[{"@type":"SearchAction","target":{"@type":"EntryPoint","urlTemplate":"https:\/\/teknologiateollisuus.fi\/skol\/?s={search_term_string}"},"query-input":{"@type":"PropertyValueSpecification","valueRequired":true,"valueName":"search_term_string"}}],"inLanguage":"fi"}]}},"lang":"fi","translations":{"fi":801},"pll_sync_post":[],"_links":{"self":[{"href":"https:\/\/teknologiateollisuus.fi\/skol\/wp-json\/wp\/v2\/pages\/801","targetHints":{"allow":["GET"]}}],"collection":[{"href":"https:\/\/teknologiateollisuus.fi\/skol\/wp-json\/wp\/v2\/pages"}],"about":[{"href":"https:\/\/teknologiateollisuus.fi\/skol\/wp-json\/wp\/v2\/types\/page"}],"author":[{"embeddable":true,"href":"https:\/\/teknologiateollisuus.fi\/skol\/wp-json\/wp\/v2\/users\/50"}],"replies":[{"embeddable":true,"href":"https:\/\/teknologiateollisuus.fi\/skol\/wp-json\/wp\/v2\/comments?post=801"}],"version-history":[{"count":18,"href":"https:\/\/teknologiateollisuus.fi\/skol\/wp-json\/wp\/v2\/pages\/801\/revisions"}],"predecessor-version":[{"id":3301,"href":"https:\/\/teknologiateollisuus.fi\/skol\/wp-json\/wp\/v2\/pages\/801\/revisions\/3301"}],"up":[{"embeddable":true,"href":"https:\/\/teknologiateollisuus.fi\/skol\/wp-json\/wp\/v2\/pages\/120"}],"wp:attachment":[{"href":"https:\/\/teknologiateollisuus.fi\/skol\/wp-json\/wp\/v2\/media?parent=801"}],"curies":[{"name":"wp","href":"https:\/\/api.w.org\/{rel}","templated":true}]}}