{"id":189,"date":"2024-07-09T13:07:53","date_gmt":"2024-07-09T10:07:53","guid":{"rendered":"https:\/\/teknologiateollisuus.fi\/teknologiatyonantajat\/?page_id=189"},"modified":"2024-07-30T11:35:21","modified_gmt":"2024-07-30T08:35:21","slug":"tyoehtosopimukset","status":"publish","type":"page","link":"https:\/\/teknologiateollisuus.fi\/teknologiatyonantajat\/tyoehtosopimukset\/","title":{"rendered":"Ty\u00f6ehtosopimukset"},"content":{"rendered":"\n<div class=\"em-block-hero hero-has-background-color has-background has-violet-background-color collapse media-position-right \">\n\t<div class=\"em-block-hero__container\">\n\t\t<div class=\"em-block-hero__content\">\n\t\t\t<div class=\"yoast-breadcrumbs\"><span><span><a href=\"https:\/\/teknologiateollisuus.fi\/teknologiatyonantajat\/\">Etusivu<\/a><\/span> <span class=\"separator\"><\/span> <span class=\"breadcrumb_last\" aria-current=\"page\">Ty\u00f6ehtosopimukset<\/span><\/span><\/div>\t\t\t\n<h1 class=\"wp-block-heading\" id=\"tyoehtosopimukset\">Ty\u00f6ehtosopimukset<\/h1>\n\t\t\t<div class=\"em-block-hero__modified-date\"> P\u00e4ivitetty 30.07.2024 klo 11:35<\/div>\t\t<\/div>\n\t\t\t\t\t<figure class=\"em-block-hero__image\">\n\t\t\t\t\t\t\t<\/figure>\n\t\t\t<\/div>\n<\/div>\n\n\n\n<p>Teknologiateollisuuden ty\u00f6nantajat ry neuvottelee valtakunnalliset ty\u00f6ehtosopimukset&nbsp;ty\u00f6markkinaosapuolten kanssa. Ty\u00f6ehtosopimuksemme ovat <strong>tietotekniikan palvelualan ty\u00f6ehtosopimusta&nbsp;lukuun ottamatta<\/strong> yleissitovia.<\/p>\n\n\n\n<p>Teknologiateollisuuden ty\u00f6nantajat ry edustaa viitt\u00e4 <strong>p\u00e4\u00e4toimialaa<\/strong>:<\/p>\n\n\n\n<ul class=\"is-style-styled wp-block-list\">\n<li><strong>Elektroniikka- ja s\u00e4hk\u00f6teollisuus<\/strong><\/li>\n\n\n\n<li><strong>Kone- ja metallituoteteollisuus<\/strong><\/li>\n\n\n\n<li><strong>Metallien jalostus<\/strong><\/li>\n\n\n\n<li><strong>Suunnittelu ja konsultointi<\/strong><\/li>\n\n\n\n<li><strong>Tietotekniikka<\/strong><\/li>\n<\/ul>\n\n\n\n<p>J\u00e4senyrityksess\u00e4 sovellettava ty\u00f6ehtosopimus m\u00e4\u00e4r\u00e4ytyy yrityksen p\u00e4\u00e4toimialan mukaisesti.<\/p>\n","protected":false},"excerpt":{"rendered":"<p>Teknologiateollisuuden ty\u00f6nantajat ry neuvottelee valtakunnalliset ty\u00f6ehtosopimukset&nbsp;ty\u00f6markkinaosapuolten kanssa. Ty\u00f6ehtosopimuksemme ovat tietotekniikan palvelualan ty\u00f6ehtosopimusta&nbsp;lukuun ottamatta yleissitovia. Teknologiateollisuuden ty\u00f6nantajat ry edustaa viitt\u00e4 p\u00e4\u00e4toimialaa: J\u00e4senyrityksess\u00e4 sovellettava ty\u00f6ehtosopimus m\u00e4\u00e4r\u00e4ytyy yrityksen p\u00e4\u00e4toimialan mukaisesti.<\/p>\n","protected":false},"author":44,"featured_media":0,"parent":0,"menu_order":0,"comment_status":"closed","ping_status":"closed","template":"","meta":{"_acf_changed":false,"_relevanssi_hide_post":"","_relevanssi_hide_content":"","_relevanssi_pin_for_all":"","_relevanssi_pin_keywords":"","_relevanssi_unpin_keywords":"","_relevanssi_related_keywords":"","_relevanssi_related_include_ids":"","_relevanssi_related_exclude_ids":"","_relevanssi_related_no_append":"","_relevanssi_related_not_related":"","_relevanssi_related_posts":"56,53,55,54,57,48","_relevanssi_noindex_reason":"","inline_featured_image":false,"footnotes":""},"class_list":["post-189","page","type-page","status-publish","hentry"],"acf":[],"yoast_head":"<!-- This site is optimized with the Yoast SEO Premium plugin v27.1 (Yoast SEO v27.4) - https:\/\/yoast.com\/product\/yoast-seo-premium-wordpress\/ -->\n<title>Ty\u00f6ehtosopimukset - Teknologiaty\u00f6nantajat<\/title>\n<meta name=\"robots\" content=\"index, follow, max-snippet:-1, max-image-preview:large, max-video-preview:-1\" \/>\n<link rel=\"canonical\" href=\"https:\/\/teknologiateollisuus.fi\/teknologiatyonantajat\/tyoehtosopimukset\/\" \/>\n<meta property=\"og:locale\" content=\"fi_FI\" \/>\n<meta property=\"og:type\" content=\"article\" \/>\n<meta property=\"og:title\" content=\"Ty\u00f6ehtosopimukset\" \/>\n<meta property=\"og:description\" content=\"Teknologiateollisuuden ty\u00f6nantajat ry neuvottelee valtakunnalliset ty\u00f6ehtosopimukset&nbsp;ty\u00f6markkinaosapuolten kanssa. Ty\u00f6ehtosopimuksemme ovat tietotekniikan palvelualan ty\u00f6ehtosopimusta&nbsp;lukuun ottamatta yleissitovia. Teknologiateollisuuden ty\u00f6nantajat ry edustaa viitt\u00e4 p\u00e4\u00e4toimialaa: J\u00e4senyrityksess\u00e4 sovellettava ty\u00f6ehtosopimus m\u00e4\u00e4r\u00e4ytyy yrityksen p\u00e4\u00e4toimialan mukaisesti.\" \/>\n<meta property=\"og:url\" content=\"https:\/\/teknologiateollisuus.fi\/teknologiatyonantajat\/tyoehtosopimukset\/\" \/>\n<meta property=\"og:site_name\" content=\"Teknologiaty\u00f6nantajat\" \/>\n<meta property=\"article:modified_time\" content=\"2024-07-30T08:35:21+00:00\" \/>\n<meta name=\"twitter:card\" content=\"summary_large_image\" \/>\n<meta name=\"twitter:label1\" content=\"Arvioitu lukuaika\" \/>\n\t<meta name=\"twitter:data1\" content=\"1 minuutti\" \/>\n<script type=\"application\/ld+json\" class=\"yoast-schema-graph\">{\"@context\":\"https:\\\/\\\/schema.org\",\"@graph\":[{\"@type\":\"WebPage\",\"@id\":\"https:\\\/\\\/teknologiateollisuus.fi\\\/teknologiatyonantajat\\\/tyoehtosopimukset\\\/\",\"url\":\"https:\\\/\\\/teknologiateollisuus.fi\\\/teknologiatyonantajat\\\/tyoehtosopimukset\\\/\",\"name\":\"Ty\u00f6ehtosopimukset - Teknologiaty\u00f6nantajat\",\"isPartOf\":{\"@id\":\"https:\\\/\\\/teknologiateollisuus.fi\\\/teknologiatyonantajat\\\/#website\"},\"datePublished\":\"2024-07-09T10:07:53+00:00\",\"dateModified\":\"2024-07-30T08:35:21+00:00\",\"breadcrumb\":{\"@id\":\"https:\\\/\\\/teknologiateollisuus.fi\\\/teknologiatyonantajat\\\/tyoehtosopimukset\\\/#breadcrumb\"},\"inLanguage\":\"fi\",\"potentialAction\":[{\"@type\":\"ReadAction\",\"target\":[\"https:\\\/\\\/teknologiateollisuus.fi\\\/teknologiatyonantajat\\\/tyoehtosopimukset\\\/\"]}]},{\"@type\":\"BreadcrumbList\",\"@id\":\"https:\\\/\\\/teknologiateollisuus.fi\\\/teknologiatyonantajat\\\/tyoehtosopimukset\\\/#breadcrumb\",\"itemListElement\":[{\"@type\":\"ListItem\",\"position\":1,\"name\":\"Etusivu\",\"item\":\"https:\\\/\\\/teknologiateollisuus.fi\\\/teknologiatyonantajat\\\/\"},{\"@type\":\"ListItem\",\"position\":2,\"name\":\"Ty\u00f6ehtosopimukset\"}]},{\"@type\":\"WebSite\",\"@id\":\"https:\\\/\\\/teknologiateollisuus.fi\\\/teknologiatyonantajat\\\/#website\",\"url\":\"https:\\\/\\\/teknologiateollisuus.fi\\\/teknologiatyonantajat\\\/\",\"name\":\"Teknologiaty\u00f6nantajat\",\"description\":\"\",\"potentialAction\":[{\"@type\":\"SearchAction\",\"target\":{\"@type\":\"EntryPoint\",\"urlTemplate\":\"https:\\\/\\\/teknologiateollisuus.fi\\\/teknologiatyonantajat\\\/?s={search_term_string}\"},\"query-input\":{\"@type\":\"PropertyValueSpecification\",\"valueRequired\":true,\"valueName\":\"search_term_string\"}}],\"inLanguage\":\"fi\"}]}<\/script>\n<!-- \/ Yoast SEO Premium plugin. -->","yoast_head_json":{"title":"Ty\u00f6ehtosopimukset - Teknologiaty\u00f6nantajat","robots":{"index":"index","follow":"follow","max-snippet":"max-snippet:-1","max-image-preview":"max-image-preview:large","max-video-preview":"max-video-preview:-1"},"canonical":"https:\/\/teknologiateollisuus.fi\/teknologiatyonantajat\/tyoehtosopimukset\/","og_locale":"fi_FI","og_type":"article","og_title":"Ty\u00f6ehtosopimukset","og_description":"Teknologiateollisuuden ty\u00f6nantajat ry neuvottelee valtakunnalliset ty\u00f6ehtosopimukset&nbsp;ty\u00f6markkinaosapuolten kanssa. Ty\u00f6ehtosopimuksemme ovat tietotekniikan palvelualan ty\u00f6ehtosopimusta&nbsp;lukuun ottamatta yleissitovia. Teknologiateollisuuden ty\u00f6nantajat ry edustaa viitt\u00e4 p\u00e4\u00e4toimialaa: J\u00e4senyrityksess\u00e4 sovellettava ty\u00f6ehtosopimus m\u00e4\u00e4r\u00e4ytyy yrityksen p\u00e4\u00e4toimialan mukaisesti.","og_url":"https:\/\/teknologiateollisuus.fi\/teknologiatyonantajat\/tyoehtosopimukset\/","og_site_name":"Teknologiaty\u00f6nantajat","article_modified_time":"2024-07-30T08:35:21+00:00","twitter_card":"summary_large_image","twitter_misc":{"Arvioitu lukuaika":"1 minuutti"},"schema":{"@context":"https:\/\/schema.org","@graph":[{"@type":"WebPage","@id":"https:\/\/teknologiateollisuus.fi\/teknologiatyonantajat\/tyoehtosopimukset\/","url":"https:\/\/teknologiateollisuus.fi\/teknologiatyonantajat\/tyoehtosopimukset\/","name":"Ty\u00f6ehtosopimukset - Teknologiaty\u00f6nantajat","isPartOf":{"@id":"https:\/\/teknologiateollisuus.fi\/teknologiatyonantajat\/#website"},"datePublished":"2024-07-09T10:07:53+00:00","dateModified":"2024-07-30T08:35:21+00:00","breadcrumb":{"@id":"https:\/\/teknologiateollisuus.fi\/teknologiatyonantajat\/tyoehtosopimukset\/#breadcrumb"},"inLanguage":"fi","potentialAction":[{"@type":"ReadAction","target":["https:\/\/teknologiateollisuus.fi\/teknologiatyonantajat\/tyoehtosopimukset\/"]}]},{"@type":"BreadcrumbList","@id":"https:\/\/teknologiateollisuus.fi\/teknologiatyonantajat\/tyoehtosopimukset\/#breadcrumb","itemListElement":[{"@type":"ListItem","position":1,"name":"Etusivu","item":"https:\/\/teknologiateollisuus.fi\/teknologiatyonantajat\/"},{"@type":"ListItem","position":2,"name":"Ty\u00f6ehtosopimukset"}]},{"@type":"WebSite","@id":"https:\/\/teknologiateollisuus.fi\/teknologiatyonantajat\/#website","url":"https:\/\/teknologiateollisuus.fi\/teknologiatyonantajat\/","name":"Teknologiaty\u00f6nantajat","description":"","potentialAction":[{"@type":"SearchAction","target":{"@type":"EntryPoint","urlTemplate":"https:\/\/teknologiateollisuus.fi\/teknologiatyonantajat\/?s={search_term_string}"},"query-input":{"@type":"PropertyValueSpecification","valueRequired":true,"valueName":"search_term_string"}}],"inLanguage":"fi"}]}},"lang":"fi","translations":{"fi":189},"pll_sync_post":[],"_links":{"self":[{"href":"https:\/\/teknologiateollisuus.fi\/teknologiatyonantajat\/wp-json\/wp\/v2\/pages\/189","targetHints":{"allow":["GET"]}}],"collection":[{"href":"https:\/\/teknologiateollisuus.fi\/teknologiatyonantajat\/wp-json\/wp\/v2\/pages"}],"about":[{"href":"https:\/\/teknologiateollisuus.fi\/teknologiatyonantajat\/wp-json\/wp\/v2\/types\/page"}],"author":[{"embeddable":true,"href":"https:\/\/teknologiateollisuus.fi\/teknologiatyonantajat\/wp-json\/wp\/v2\/users\/44"}],"replies":[{"embeddable":true,"href":"https:\/\/teknologiateollisuus.fi\/teknologiatyonantajat\/wp-json\/wp\/v2\/comments?post=189"}],"version-history":[{"count":3,"href":"https:\/\/teknologiateollisuus.fi\/teknologiatyonantajat\/wp-json\/wp\/v2\/pages\/189\/revisions"}],"predecessor-version":[{"id":658,"href":"https:\/\/teknologiateollisuus.fi\/teknologiatyonantajat\/wp-json\/wp\/v2\/pages\/189\/revisions\/658"}],"wp:attachment":[{"href":"https:\/\/teknologiateollisuus.fi\/teknologiatyonantajat\/wp-json\/wp\/v2\/media?parent=189"}],"curies":[{"name":"wp","href":"https:\/\/api.w.org\/{rel}","templated":true}]}}