{"id":191,"date":"2024-07-09T13:08:04","date_gmt":"2024-07-09T10:08:04","guid":{"rendered":"https:\/\/teknologiateollisuus.fi\/teknologiatyonantajat\/?page_id=191"},"modified":"2025-03-25T16:18:01","modified_gmt":"2025-03-25T14:18:01","slug":"yhdistys","status":"publish","type":"page","link":"https:\/\/teknologiateollisuus.fi\/teknologiatyonantajat\/yhdistys\/","title":{"rendered":"Yhdistys"},"content":{"rendered":"\n<div class=\"em-block-hero hero-has-background-color has-background has-violet-background-color collapse media-position-right \">\n\t<div class=\"em-block-hero__container\">\n\t\t<div class=\"em-block-hero__content\">\n\t\t\t<div class=\"yoast-breadcrumbs\"><span><span><a href=\"https:\/\/teknologiateollisuus.fi\/teknologiatyonantajat\/\">Etusivu<\/a><\/span> <span class=\"separator\"><\/span> <span class=\"breadcrumb_last\" aria-current=\"page\">Yhdistys<\/span><\/span><\/div>\t\t\t\n<h1 class=\"wp-block-heading\" id=\"h-yhdistys\">Yhdistys<\/h1>\n\n<p>Teknologiateollisuuden ty\u00f6nantajat ry neuvottelee teknologiateollisuuden valtakunnalliset ty\u00f6ehtosopimukset. Yhdistys tekee tiivist\u00e4 yhteisty\u00f6t\u00e4 Teknologiateollisuus ry:n kanssa. Tavoitteena on edist\u00e4\u00e4 Suomen keskeisimm\u00e4n vientialan toimintaedellytyksi\u00e4. Uudistuva teknologiateollisuus luo perustan suomalaiselle hyvinvoinnille.<\/p>\n\t\t\t<div class=\"em-block-hero__modified-date\"> P\u00e4ivitetty 25.03.2025 klo 16:18<\/div>\t\t<\/div>\n\t\t\t\t\t<figure class=\"em-block-hero__image\">\n\t\t\t\t\t\t\t<\/figure>\n\t\t\t<\/div>\n<\/div>\n\n\n\n<h2 class=\"wp-block-heading\" id=\"h-teknologiateollisuuden-tyonantajat-ry-n-tehtavat-nbsp\" id=\"teknologiateollisuuden-tyonantajat-ryn-tehtavat\">Teknologiateollisuuden ty\u00f6nantajat ry:n teht\u00e4v\u00e4t:&nbsp;<\/h2>\n\n\n\n<ul class=\"wp-block-list is-style-styled\">\n<li>Kehitt\u00e4\u00e4 j\u00e4sentens\u00e4 ja n\u00e4iden ty\u00f6ntekij\u00f6iden v\u00e4list\u00e4 yhteistoimintaa.&nbsp;<\/li>\n\n\n\n<li>Toimii j\u00e4sentens\u00e4 ja n\u00e4iden ty\u00f6ntekij\u00f6iden v\u00e4listen ty\u00f6riitojen ehk\u00e4isemiseksi ja sovinnolliseksi ratkaisemiseksi sek\u00e4 tukee ja avustaa j\u00e4seni\u00e4\u00e4n ty\u00f6riitojen aikana.<\/li>\n\n\n\n<li>Neuvottelee alan ty\u00f6ehtosopimukset sek\u00e4 osallistuu alan muun sopimustoiminnan kehitt\u00e4miseen.&nbsp;<\/li>\n\n\n\n<li>Antaa j\u00e4senilleen koulutusta ja neuvontaa heit\u00e4 koskevissa sopimuksissa sek\u00e4 avustaa j\u00e4seni\u00e4\u00e4n soveltamaan alaansa koskevaa lains\u00e4\u00e4d\u00e4nt\u00f6\u00e4.<\/li>\n<\/ul>\n\n\n\n<h2 class=\"wp-block-heading\" id=\"h-palvelemme-ja-neuvomme\" id=\"palvelemme-ja-neuvomme\">Palvelemme ja neuvomme<\/h2>\n\n\n\n<p>Jokainen Teknologiateollisuuden ty\u00f6nantajat ry:n j\u00e4senyritys on my\u00f6s Teknologiateollisuus ry:n j\u00e4sen. K\u00e4yt\u00f6ss\u00e4 ovat siis molempien yhdistysten tarjoamat hy\u00f6dylliset&nbsp;j\u00e4senpalvelut. Teknologiateollisuus on my\u00f6s vahva yhteiskunnallinen vaikuttaja ty\u00f6markkinapoliittisissa ja elinkeinopoliittisissa asioissa.<\/p>\n\n\n\n<ul class=\"wp-block-list is-style-styled\">\n<li>Koulutamme ja neuvomme yrityksi\u00e4 ty\u00f6el\u00e4m\u00e4n asioissa.<\/li>\n\n\n\n<li>Jalostamme ja jaamme tietoa j\u00e4senyritystemme liiketoiminnan tueksi.<\/li>\n\n\n\n<li>J\u00e4rjest\u00e4mme verkostoitumismahdollisuuksia.<\/li>\n<\/ul>\n\n\n\n<h2 class=\"wp-block-heading\" id=\"h-tyonantajayhdistyksen-jasenet\" id=\"tyonantajayhdistyksen-jasenet\">Ty\u00f6nantajayhdistyksen j\u00e4senet<\/h2>\n\n\n\n<p>Teknologiateollisuuden ty\u00f6nantajat ry:hyn on j\u00e4rjest\u00e4ytynyt 1 153 teknologiayrityst\u00e4 eli 63 prosenttia Teknologiateollisuus ry:n j\u00e4senist\u00e4. J\u00e4senyritysten palveluksessa on noin 175 360 ty\u00f6ntekij\u00e4\u00e4 ja toimihenkil\u00f6\u00e4. (J\u00e4senm\u00e4\u00e4r\u00e4 25.3.2025)<\/p>\n\n\n\n<div class=\"wp-block-evermade-links em-block-links has-columns-1\">\n<div data-wp-interactive=\"core\/file\" class=\"wp-block-file\"><object data-wp-bind--hidden=\"!state.hasPdfPreview\" hidden class=\"wp-block-file__embed\" data=\"https:\/\/teknologiateollisuus.fi\/teknologiatyonantajat\/wp-content\/uploads\/sites\/4\/2024\/09\/Teknologiateollisuuden-tyonantajat-ry-jasenet.pdf\" type=\"application\/pdf\" style=\"width:100%;height:600px\" aria-label=\"Tiedoston Teknologiateollisuuden ty\u00f6nantajat ry:n j\u00e4senet upotus.\"><\/object><a id=\"wp-block-file--media-3e780e76-8b81-4819-8626-216b394d857e\" href=\"https:\/\/teknologiateollisuus.fi\/teknologiatyonantajat\/wp-content\/uploads\/sites\/4\/2024\/09\/Teknologiateollisuuden-tyonantajat-ry-jasenet.pdf\">Teknologiateollisuuden ty\u00f6nantajat ry:n j\u00e4senet<\/a><a href=\"https:\/\/teknologiateollisuus.fi\/teknologiatyonantajat\/wp-content\/uploads\/sites\/4\/2024\/09\/Teknologiateollisuuden-tyonantajat-ry-jasenet.pdf\" class=\"wp-block-file__button wp-element-button\" download aria-describedby=\"wp-block-file--media-3e780e76-8b81-4819-8626-216b394d857e\">Lataa<\/a><\/div>\n<\/div>\n","protected":false},"excerpt":{"rendered":"<p>Teknologiateollisuuden ty\u00f6nantajat ry:n teht\u00e4v\u00e4t:&nbsp; Palvelemme ja neuvomme Jokainen Teknologiateollisuuden ty\u00f6nantajat ry:n j\u00e4senyritys on my\u00f6s Teknologiateollisuus ry:n j\u00e4sen. K\u00e4yt\u00f6ss\u00e4 ovat siis molempien yhdistysten tarjoamat hy\u00f6dylliset&nbsp;j\u00e4senpalvelut. Teknologiateollisuus on my\u00f6s vahva yhteiskunnallinen vaikuttaja ty\u00f6markkinapoliittisissa ja elinkeinopoliittisissa asioissa. Ty\u00f6nantajayhdistyksen j\u00e4senet Teknologiateollisuuden ty\u00f6nantajat ry:hyn on j\u00e4rjest\u00e4ytynyt 1 153 teknologiayrityst\u00e4 eli 63 prosenttia Teknologiateollisuus ry:n j\u00e4senist\u00e4. J\u00e4senyritysten palveluksessa on noin 175 [&hellip;]<\/p>\n","protected":false},"author":44,"featured_media":0,"parent":0,"menu_order":0,"comment_status":"closed","ping_status":"closed","template":"","meta":{"_acf_changed":false,"_relevanssi_hide_post":"","_relevanssi_hide_content":"","_relevanssi_pin_for_all":"","_relevanssi_pin_keywords":"","_relevanssi_unpin_keywords":"","_relevanssi_related_keywords":"","_relevanssi_related_include_ids":"","_relevanssi_related_exclude_ids":"","_relevanssi_related_no_append":"","_relevanssi_related_not_related":"","_relevanssi_related_posts":"56,53,55,54,57,48","_relevanssi_noindex_reason":"","inline_featured_image":false,"footnotes":""},"class_list":["post-191","page","type-page","status-publish","hentry"],"acf":[],"yoast_head":"<!-- This site is optimized with the Yoast SEO Premium plugin v27.1 (Yoast SEO v27.4) - https:\/\/yoast.com\/product\/yoast-seo-premium-wordpress\/ -->\n<title>Yhdistys - Teknologiaty\u00f6nantajat<\/title>\n<meta name=\"robots\" content=\"index, follow, max-snippet:-1, max-image-preview:large, max-video-preview:-1\" \/>\n<link rel=\"canonical\" href=\"https:\/\/teknologiateollisuus.fi\/teknologiatyonantajat\/yhdistys\/\" \/>\n<meta property=\"og:locale\" content=\"fi_FI\" \/>\n<meta property=\"og:type\" content=\"article\" \/>\n<meta property=\"og:title\" content=\"Yhdistys\" \/>\n<meta property=\"og:description\" content=\"Teknologiateollisuuden ty\u00f6nantajat ry:n teht\u00e4v\u00e4t:&nbsp; Palvelemme ja neuvomme Jokainen Teknologiateollisuuden ty\u00f6nantajat ry:n j\u00e4senyritys on my\u00f6s Teknologiateollisuus ry:n j\u00e4sen. K\u00e4yt\u00f6ss\u00e4 ovat siis molempien yhdistysten tarjoamat hy\u00f6dylliset&nbsp;j\u00e4senpalvelut. Teknologiateollisuus on my\u00f6s vahva yhteiskunnallinen vaikuttaja ty\u00f6markkinapoliittisissa ja elinkeinopoliittisissa asioissa. Ty\u00f6nantajayhdistyksen j\u00e4senet Teknologiateollisuuden ty\u00f6nantajat ry:hyn on j\u00e4rjest\u00e4ytynyt 1 153 teknologiayrityst\u00e4 eli 63 prosenttia Teknologiateollisuus ry:n j\u00e4senist\u00e4. J\u00e4senyritysten palveluksessa on noin 175 [&hellip;]\" \/>\n<meta property=\"og:url\" content=\"https:\/\/teknologiateollisuus.fi\/teknologiatyonantajat\/yhdistys\/\" \/>\n<meta property=\"og:site_name\" content=\"Teknologiaty\u00f6nantajat\" \/>\n<meta property=\"article:modified_time\" content=\"2025-03-25T14:18:01+00:00\" \/>\n<meta name=\"twitter:card\" content=\"summary_large_image\" \/>\n<meta name=\"twitter:label1\" content=\"Arvioitu lukuaika\" \/>\n\t<meta name=\"twitter:data1\" content=\"1 minuutti\" \/>\n<script type=\"application\/ld+json\" class=\"yoast-schema-graph\">{\"@context\":\"https:\\\/\\\/schema.org\",\"@graph\":[{\"@type\":\"WebPage\",\"@id\":\"https:\\\/\\\/teknologiateollisuus.fi\\\/teknologiatyonantajat\\\/yhdistys\\\/\",\"url\":\"https:\\\/\\\/teknologiateollisuus.fi\\\/teknologiatyonantajat\\\/yhdistys\\\/\",\"name\":\"Yhdistys - Teknologiaty\u00f6nantajat\",\"isPartOf\":{\"@id\":\"https:\\\/\\\/teknologiateollisuus.fi\\\/teknologiatyonantajat\\\/#website\"},\"datePublished\":\"2024-07-09T10:08:04+00:00\",\"dateModified\":\"2025-03-25T14:18:01+00:00\",\"breadcrumb\":{\"@id\":\"https:\\\/\\\/teknologiateollisuus.fi\\\/teknologiatyonantajat\\\/yhdistys\\\/#breadcrumb\"},\"inLanguage\":\"fi\",\"potentialAction\":[{\"@type\":\"ReadAction\",\"target\":[\"https:\\\/\\\/teknologiateollisuus.fi\\\/teknologiatyonantajat\\\/yhdistys\\\/\"]}]},{\"@type\":\"BreadcrumbList\",\"@id\":\"https:\\\/\\\/teknologiateollisuus.fi\\\/teknologiatyonantajat\\\/yhdistys\\\/#breadcrumb\",\"itemListElement\":[{\"@type\":\"ListItem\",\"position\":1,\"name\":\"Etusivu\",\"item\":\"https:\\\/\\\/teknologiateollisuus.fi\\\/teknologiatyonantajat\\\/\"},{\"@type\":\"ListItem\",\"position\":2,\"name\":\"Yhdistys\"}]},{\"@type\":\"WebSite\",\"@id\":\"https:\\\/\\\/teknologiateollisuus.fi\\\/teknologiatyonantajat\\\/#website\",\"url\":\"https:\\\/\\\/teknologiateollisuus.fi\\\/teknologiatyonantajat\\\/\",\"name\":\"Teknologiaty\u00f6nantajat\",\"description\":\"\",\"potentialAction\":[{\"@type\":\"SearchAction\",\"target\":{\"@type\":\"EntryPoint\",\"urlTemplate\":\"https:\\\/\\\/teknologiateollisuus.fi\\\/teknologiatyonantajat\\\/?s={search_term_string}\"},\"query-input\":{\"@type\":\"PropertyValueSpecification\",\"valueRequired\":true,\"valueName\":\"search_term_string\"}}],\"inLanguage\":\"fi\"}]}<\/script>\n<!-- \/ Yoast SEO Premium plugin. -->","yoast_head_json":{"title":"Yhdistys - Teknologiaty\u00f6nantajat","robots":{"index":"index","follow":"follow","max-snippet":"max-snippet:-1","max-image-preview":"max-image-preview:large","max-video-preview":"max-video-preview:-1"},"canonical":"https:\/\/teknologiateollisuus.fi\/teknologiatyonantajat\/yhdistys\/","og_locale":"fi_FI","og_type":"article","og_title":"Yhdistys","og_description":"Teknologiateollisuuden ty\u00f6nantajat ry:n teht\u00e4v\u00e4t:&nbsp; Palvelemme ja neuvomme Jokainen Teknologiateollisuuden ty\u00f6nantajat ry:n j\u00e4senyritys on my\u00f6s Teknologiateollisuus ry:n j\u00e4sen. K\u00e4yt\u00f6ss\u00e4 ovat siis molempien yhdistysten tarjoamat hy\u00f6dylliset&nbsp;j\u00e4senpalvelut. Teknologiateollisuus on my\u00f6s vahva yhteiskunnallinen vaikuttaja ty\u00f6markkinapoliittisissa ja elinkeinopoliittisissa asioissa. Ty\u00f6nantajayhdistyksen j\u00e4senet Teknologiateollisuuden ty\u00f6nantajat ry:hyn on j\u00e4rjest\u00e4ytynyt 1 153 teknologiayrityst\u00e4 eli 63 prosenttia Teknologiateollisuus ry:n j\u00e4senist\u00e4. J\u00e4senyritysten palveluksessa on noin 175 [&hellip;]","og_url":"https:\/\/teknologiateollisuus.fi\/teknologiatyonantajat\/yhdistys\/","og_site_name":"Teknologiaty\u00f6nantajat","article_modified_time":"2025-03-25T14:18:01+00:00","twitter_card":"summary_large_image","twitter_misc":{"Arvioitu lukuaika":"1 minuutti"},"schema":{"@context":"https:\/\/schema.org","@graph":[{"@type":"WebPage","@id":"https:\/\/teknologiateollisuus.fi\/teknologiatyonantajat\/yhdistys\/","url":"https:\/\/teknologiateollisuus.fi\/teknologiatyonantajat\/yhdistys\/","name":"Yhdistys - Teknologiaty\u00f6nantajat","isPartOf":{"@id":"https:\/\/teknologiateollisuus.fi\/teknologiatyonantajat\/#website"},"datePublished":"2024-07-09T10:08:04+00:00","dateModified":"2025-03-25T14:18:01+00:00","breadcrumb":{"@id":"https:\/\/teknologiateollisuus.fi\/teknologiatyonantajat\/yhdistys\/#breadcrumb"},"inLanguage":"fi","potentialAction":[{"@type":"ReadAction","target":["https:\/\/teknologiateollisuus.fi\/teknologiatyonantajat\/yhdistys\/"]}]},{"@type":"BreadcrumbList","@id":"https:\/\/teknologiateollisuus.fi\/teknologiatyonantajat\/yhdistys\/#breadcrumb","itemListElement":[{"@type":"ListItem","position":1,"name":"Etusivu","item":"https:\/\/teknologiateollisuus.fi\/teknologiatyonantajat\/"},{"@type":"ListItem","position":2,"name":"Yhdistys"}]},{"@type":"WebSite","@id":"https:\/\/teknologiateollisuus.fi\/teknologiatyonantajat\/#website","url":"https:\/\/teknologiateollisuus.fi\/teknologiatyonantajat\/","name":"Teknologiaty\u00f6nantajat","description":"","potentialAction":[{"@type":"SearchAction","target":{"@type":"EntryPoint","urlTemplate":"https:\/\/teknologiateollisuus.fi\/teknologiatyonantajat\/?s={search_term_string}"},"query-input":{"@type":"PropertyValueSpecification","valueRequired":true,"valueName":"search_term_string"}}],"inLanguage":"fi"}]}},"lang":"fi","translations":{"fi":191},"pll_sync_post":[],"_links":{"self":[{"href":"https:\/\/teknologiateollisuus.fi\/teknologiatyonantajat\/wp-json\/wp\/v2\/pages\/191","targetHints":{"allow":["GET"]}}],"collection":[{"href":"https:\/\/teknologiateollisuus.fi\/teknologiatyonantajat\/wp-json\/wp\/v2\/pages"}],"about":[{"href":"https:\/\/teknologiateollisuus.fi\/teknologiatyonantajat\/wp-json\/wp\/v2\/types\/page"}],"author":[{"embeddable":true,"href":"https:\/\/teknologiateollisuus.fi\/teknologiatyonantajat\/wp-json\/wp\/v2\/users\/44"}],"replies":[{"embeddable":true,"href":"https:\/\/teknologiateollisuus.fi\/teknologiatyonantajat\/wp-json\/wp\/v2\/comments?post=191"}],"version-history":[{"count":6,"href":"https:\/\/teknologiateollisuus.fi\/teknologiatyonantajat\/wp-json\/wp\/v2\/pages\/191\/revisions"}],"predecessor-version":[{"id":1587,"href":"https:\/\/teknologiateollisuus.fi\/teknologiatyonantajat\/wp-json\/wp\/v2\/pages\/191\/revisions\/1587"}],"wp:attachment":[{"href":"https:\/\/teknologiateollisuus.fi\/teknologiatyonantajat\/wp-json\/wp\/v2\/media?parent=191"}],"curies":[{"name":"wp","href":"https:\/\/api.w.org\/{rel}","templated":true}]}}