{"id":210,"date":"2024-07-09T13:17:04","date_gmt":"2024-07-09T10:17:04","guid":{"rendered":"https:\/\/teknologiateollisuus.fi\/teknologiatyonantajat\/?page_id=210"},"modified":"2025-12-19T10:07:20","modified_gmt":"2025-12-19T08:07:20","slug":"hyvaksytyt-ay-koulutukset","status":"publish","type":"page","link":"https:\/\/teknologiateollisuus.fi\/teknologiatyonantajat\/tyoehtosopimukset\/hyvaksytyt-ay-koulutukset\/","title":{"rendered":"Hyv\u00e4ksytyt ay-koulutukset"},"content":{"rendered":"\n<div class=\"em-block-hero hero-has-background-color has-background has-turquoise-background-color collapse media-position-right \">\n\t<div class=\"em-block-hero__container\">\n\t\t<div class=\"em-block-hero__content\">\n\t\t\t<div class=\"yoast-breadcrumbs\"><span><span><a href=\"https:\/\/teknologiateollisuus.fi\/teknologiatyonantajat\/\">Etusivu<\/a><\/span> <span class=\"separator\"><\/span> <span><a href=\"https:\/\/teknologiateollisuus.fi\/teknologiatyonantajat\/tyoehtosopimukset\/\">Ty\u00f6ehtosopimukset<\/a><\/span> <span class=\"separator\"><\/span> <span class=\"breadcrumb_last\" aria-current=\"page\">Hyv\u00e4ksytyt ay-koulutukset<\/span><\/span><\/div>\t\t\t\n<h1 class=\"wp-block-heading\" id=\"h-hyvaksytyt-ay-koulutukset\">Hyv\u00e4ksytyt ay-koulutukset<\/h1>\n\n<p>T\u00e4lt\u00e4 sivulta l\u00f6yd\u00e4t hyv\u00e4ksyttyjen ay-koulutusten tiedostot ty\u00f6ehtosopimuksittain. <\/p>\n\t\t\t<div class=\"em-block-hero__modified-date\"> P\u00e4ivitetty 19.12.2025 klo 10:07<\/div>\t\t<\/div>\n\t\t\t\t\t<figure class=\"em-block-hero__image\">\n\t\t\t\t\t\t\t<\/figure>\n\t\t\t<\/div>\n<\/div>\n\n\n\n<div class=\"wp-block-group em-pattern-member-services is-layout-constrained wp-block-group-is-layout-constrained\">\n<div class=\"wp-block-evermade-links em-block-links has-columns-1 has-blue-background-color has-background\">\n<div data-wp-interactive=\"core\/file\" class=\"wp-block-file\"><object data-wp-bind--hidden=\"!state.hasPdfPreview\" hidden class=\"wp-block-file__embed\" data=\"https:\/\/teknologiateollisuus.fi\/teknologiatyonantajat\/wp-content\/uploads\/sites\/4\/2025\/05\/tyonantajatuen-kurssit-2025.pdf\" type=\"application\/pdf\" style=\"width:100%;height:600px\" aria-label=\"Tiedoston Teollisuusliiton ty\u00f6nantajatuen kurssit 2025 (pdf) upotus.\"><\/object><a id=\"wp-block-file--media-809b7ba5-dd95-4b41-b476-393bc209b3c3\" href=\"https:\/\/teknologiateollisuus.fi\/teknologiatyonantajat\/wp-content\/uploads\/sites\/4\/2025\/05\/tyonantajatuen-kurssit-2025.pdf\">Teollisuusliiton ty\u00f6nantajatuen kurssit 2025 (pdf)<\/a><a href=\"https:\/\/teknologiateollisuus.fi\/teknologiatyonantajat\/wp-content\/uploads\/sites\/4\/2025\/05\/tyonantajatuen-kurssit-2025.pdf\" class=\"wp-block-file__button wp-element-button\" download aria-describedby=\"wp-block-file--media-809b7ba5-dd95-4b41-b476-393bc209b3c3\">Lataa<\/a><\/div>\n\n\n\n<div data-wp-interactive=\"core\/file\" class=\"wp-block-file\"><object data-wp-bind--hidden=\"!state.hasPdfPreview\" hidden class=\"wp-block-file__embed\" data=\"https:\/\/teknologiateollisuus.fi\/teknologiatyonantajat\/wp-content\/uploads\/sites\/4\/2025\/12\/Teollisuusliiton-tyonantajan-tuen-piiriin-kuuluvat-kurssit-2026_tekno-1.pdf\" type=\"application\/pdf\" style=\"width:100%;height:600px\" aria-label=\"Tiedoston Teollisuusliiton ty\u00f6nantajatuen kurssit 2026 (pdf) upotus.\"><\/object><a id=\"wp-block-file--media-cb6b5f61-a1df-4087-94c4-7cfb88f407cd\" href=\"https:\/\/teknologiateollisuus.fi\/teknologiatyonantajat\/wp-content\/uploads\/sites\/4\/2025\/12\/Teollisuusliiton-tyonantajan-tuen-piiriin-kuuluvat-kurssit-2026_tekno-1.pdf\">Teollisuusliiton ty\u00f6nantajatuen kurssit 2026 (pdf)<\/a><a href=\"https:\/\/teknologiateollisuus.fi\/teknologiatyonantajat\/wp-content\/uploads\/sites\/4\/2025\/12\/Teollisuusliiton-tyonantajan-tuen-piiriin-kuuluvat-kurssit-2026_tekno-1.pdf\" class=\"wp-block-file__button wp-element-button\" download aria-describedby=\"wp-block-file--media-cb6b5f61-a1df-4087-94c4-7cfb88f407cd\">Lataa<\/a><\/div>\n\n\n\n<div data-wp-interactive=\"core\/file\" class=\"wp-block-file\"><object data-wp-bind--hidden=\"!state.hasPdfPreview\" hidden class=\"wp-block-file__embed\" data=\"https:\/\/teknologiateollisuus.fi\/teknologiatyonantajat\/wp-content\/uploads\/sites\/4\/2025\/05\/hyvaksytyt-ay-koulutukset-toimihenkilot-2025.pdf\" type=\"application\/pdf\" style=\"width:100%;height:600px\" aria-label=\"Tiedoston Toimihenkil\u00f6t 2025 (pdf) upotus.\"><\/object><a id=\"wp-block-file--media-df4ec6dc-9db5-48f8-983f-9f153c2c36d5\" href=\"https:\/\/teknologiateollisuus.fi\/teknologiatyonantajat\/wp-content\/uploads\/sites\/4\/2025\/05\/hyvaksytyt-ay-koulutukset-toimihenkilot-2025.pdf\">Toimihenkil\u00f6t 2025 (pdf)<\/a><a href=\"https:\/\/teknologiateollisuus.fi\/teknologiatyonantajat\/wp-content\/uploads\/sites\/4\/2025\/05\/hyvaksytyt-ay-koulutukset-toimihenkilot-2025.pdf\" class=\"wp-block-file__button wp-element-button\" download aria-describedby=\"wp-block-file--media-df4ec6dc-9db5-48f8-983f-9f153c2c36d5\">Lataa<\/a><\/div>\n\n\n\n<div data-wp-interactive=\"core\/file\" class=\"wp-block-file\"><object data-wp-bind--hidden=\"!state.hasPdfPreview\" hidden class=\"wp-block-file__embed\" data=\"https:\/\/teknologiateollisuus.fi\/teknologiatyonantajat\/wp-content\/uploads\/sites\/4\/2025\/12\/Ammattiliitto-Pro-n-koulutukset-2026.pdf\" type=\"application\/pdf\" style=\"width:100%;height:600px\" aria-label=\"Tiedoston Toimihenkil\u00f6t 2026 (pdf) upotus.\"><\/object><a id=\"wp-block-file--media-0905007f-aee6-4e32-8ac8-fd2a6753e870\" href=\"https:\/\/teknologiateollisuus.fi\/teknologiatyonantajat\/wp-content\/uploads\/sites\/4\/2025\/12\/Ammattiliitto-Pro-n-koulutukset-2026.pdf\">Toimihenkil\u00f6t 2026 (pdf)<\/a><a href=\"https:\/\/teknologiateollisuus.fi\/teknologiatyonantajat\/wp-content\/uploads\/sites\/4\/2025\/12\/Ammattiliitto-Pro-n-koulutukset-2026.pdf\" class=\"wp-block-file__button wp-element-button\" download aria-describedby=\"wp-block-file--media-0905007f-aee6-4e32-8ac8-fd2a6753e870\">Lataa<\/a><\/div>\n\n\n\n<div data-wp-interactive=\"core\/file\" class=\"wp-block-file\"><object data-wp-bind--hidden=\"!state.hasPdfPreview\" hidden class=\"wp-block-file__embed\" data=\"https:\/\/teknologiateollisuus.fi\/teknologiatyonantajat\/wp-content\/uploads\/sites\/4\/2025\/05\/Tekno-YTN-luottamushenkiloiden-koulutukset-2025_hyvaksytyt.pdf\" type=\"application\/pdf\" style=\"width:100%;height:600px\" aria-label=\"Tiedoston Ylemm\u00e4t toimihenkil\u00f6t 2025 (pdf) upotus.\"><\/object><a id=\"wp-block-file--media-f54bbd50-274f-4b9b-9387-29701cbee0dc\" href=\"https:\/\/teknologiateollisuus.fi\/teknologiatyonantajat\/wp-content\/uploads\/sites\/4\/2025\/05\/Tekno-YTN-luottamushenkiloiden-koulutukset-2025_hyvaksytyt.pdf\">Ylemm\u00e4t toimihenkil\u00f6t 2025 (pdf)<\/a><a href=\"https:\/\/teknologiateollisuus.fi\/teknologiatyonantajat\/wp-content\/uploads\/sites\/4\/2025\/05\/Tekno-YTN-luottamushenkiloiden-koulutukset-2025_hyvaksytyt.pdf\" class=\"wp-block-file__button wp-element-button\" download aria-describedby=\"wp-block-file--media-f54bbd50-274f-4b9b-9387-29701cbee0dc\">Lataa<\/a><\/div>\n\n\n\n<div data-wp-interactive=\"core\/file\" class=\"wp-block-file\"><object data-wp-bind--hidden=\"!state.hasPdfPreview\" hidden class=\"wp-block-file__embed\" data=\"https:\/\/teknologiateollisuus.fi\/teknologiatyonantajat\/wp-content\/uploads\/sites\/4\/2025\/12\/hyvaksytyt-ay-koulutukset-tekno-ylemmat-toimihenkilot-2026.pdf\" type=\"application\/pdf\" style=\"width:100%;height:600px\" aria-label=\"Tiedoston Ylemm\u00e4t toimihenkil\u00f6t 2026 (pdf) upotus.\"><\/object><a id=\"wp-block-file--media-a926873c-0cea-40f6-8103-d92b833ae15a\" href=\"https:\/\/teknologiateollisuus.fi\/teknologiatyonantajat\/wp-content\/uploads\/sites\/4\/2025\/12\/hyvaksytyt-ay-koulutukset-tekno-ylemmat-toimihenkilot-2026.pdf\">Ylemm\u00e4t toimihenkil\u00f6t 2026 (pdf)<\/a><a href=\"https:\/\/teknologiateollisuus.fi\/teknologiatyonantajat\/wp-content\/uploads\/sites\/4\/2025\/12\/hyvaksytyt-ay-koulutukset-tekno-ylemmat-toimihenkilot-2026.pdf\" class=\"wp-block-file__button wp-element-button\" download aria-describedby=\"wp-block-file--media-a926873c-0cea-40f6-8103-d92b833ae15a\">Lataa<\/a><\/div>\n\n\n\n<div data-wp-interactive=\"core\/file\" class=\"wp-block-file\"><object data-wp-bind--hidden=\"!state.hasPdfPreview\" hidden class=\"wp-block-file__embed\" data=\"https:\/\/teknologiateollisuus.fi\/teknologiatyonantajat\/wp-content\/uploads\/sites\/4\/2025\/05\/hyvaksytyt-ay-koulutukset-skol-ylemmat-toimihenkilot-2025.pdf\" type=\"application\/pdf\" style=\"width:100%;height:600px\" aria-label=\"Tiedoston Suunnittelu- ja konsulttialan ylemm\u00e4t toimihenkil\u00f6t 2025 (pdf) upotus.\"><\/object><a id=\"wp-block-file--media-faca423e-6a18-4c31-b5a2-c1ba07a05e0d\" href=\"https:\/\/teknologiateollisuus.fi\/teknologiatyonantajat\/wp-content\/uploads\/sites\/4\/2025\/05\/hyvaksytyt-ay-koulutukset-skol-ylemmat-toimihenkilot-2025.pdf\">Suunnittelu- ja konsulttialan ylemm\u00e4t toimihenkil\u00f6t 2025 (pdf)<\/a><a href=\"https:\/\/teknologiateollisuus.fi\/teknologiatyonantajat\/wp-content\/uploads\/sites\/4\/2025\/05\/hyvaksytyt-ay-koulutukset-skol-ylemmat-toimihenkilot-2025.pdf\" class=\"wp-block-file__button wp-element-button\" download aria-describedby=\"wp-block-file--media-faca423e-6a18-4c31-b5a2-c1ba07a05e0d\">Lataa<\/a><\/div>\n\n\n\n<div data-wp-interactive=\"core\/file\" class=\"wp-block-file\"><object data-wp-bind--hidden=\"!state.hasPdfPreview\" hidden class=\"wp-block-file__embed\" data=\"https:\/\/teknologiateollisuus.fi\/teknologiatyonantajat\/wp-content\/uploads\/sites\/4\/2025\/12\/hyvaksytyt-ay-koulutukset-SKOL-ylemmat-toimihenkilot.pdf\" type=\"application\/pdf\" style=\"width:100%;height:600px\" aria-label=\"Tiedoston Suunnittelu- ja konsulttialan ylemm\u00e4t toimihenkil\u00f6t 2026 (pdf) upotus.\"><\/object><a id=\"wp-block-file--media-7f1e771d-846e-49aa-aa3f-310fe4fdb9da\" href=\"https:\/\/teknologiateollisuus.fi\/teknologiatyonantajat\/wp-content\/uploads\/sites\/4\/2025\/12\/hyvaksytyt-ay-koulutukset-SKOL-ylemmat-toimihenkilot.pdf\">Suunnittelu- ja konsulttialan ylemm\u00e4t toimihenkil\u00f6t 2026 (pdf)<\/a><a href=\"https:\/\/teknologiateollisuus.fi\/teknologiatyonantajat\/wp-content\/uploads\/sites\/4\/2025\/12\/hyvaksytyt-ay-koulutukset-SKOL-ylemmat-toimihenkilot.pdf\" class=\"wp-block-file__button wp-element-button\" download aria-describedby=\"wp-block-file--media-7f1e771d-846e-49aa-aa3f-310fe4fdb9da\">Lataa<\/a><\/div>\n\n\n\n<div data-wp-interactive=\"core\/file\" class=\"wp-block-file\"><object data-wp-bind--hidden=\"!state.hasPdfPreview\" hidden class=\"wp-block-file__embed\" data=\"https:\/\/teknologiateollisuus.fi\/teknologiatyonantajat\/wp-content\/uploads\/sites\/4\/2025\/05\/tipal-edunvalvontakoulutus-2025.pdf\" type=\"application\/pdf\" style=\"width:100%;height:600px\" aria-label=\"Tiedoston Tietotekniikan palvelualan edunvalvontakoulutus 2025 (pdf) upotus.\"><\/object><a id=\"wp-block-file--media-b813adbf-226b-4465-bddd-6887bfceb744\" href=\"https:\/\/teknologiateollisuus.fi\/teknologiatyonantajat\/wp-content\/uploads\/sites\/4\/2025\/05\/tipal-edunvalvontakoulutus-2025.pdf\">Tietotekniikan palvelualan edunvalvontakoulutus 2025 (pdf)<\/a><a href=\"https:\/\/teknologiateollisuus.fi\/teknologiatyonantajat\/wp-content\/uploads\/sites\/4\/2025\/05\/tipal-edunvalvontakoulutus-2025.pdf\" class=\"wp-block-file__button wp-element-button\" download aria-describedby=\"wp-block-file--media-b813adbf-226b-4465-bddd-6887bfceb744\">Lataa<\/a><\/div>\n\n\n\n<div data-wp-interactive=\"core\/file\" class=\"wp-block-file\"><object data-wp-bind--hidden=\"!state.hasPdfPreview\" hidden class=\"wp-block-file__embed\" data=\"https:\/\/teknologiateollisuus.fi\/teknologiatyonantajat\/wp-content\/uploads\/sites\/4\/2025\/12\/Tietotekniikan-palvelualan-edunvalvontakoulutus-2026.pdf\" type=\"application\/pdf\" style=\"width:100%;height:600px\" aria-label=\"Tiedoston Tietotekniikan palvelualan edunvalvontakoulutus 2026 (pdf) upotus.\"><\/object><a id=\"wp-block-file--media-87623869-976e-4cca-a09d-38a30943daff\" href=\"https:\/\/teknologiateollisuus.fi\/teknologiatyonantajat\/wp-content\/uploads\/sites\/4\/2025\/12\/Tietotekniikan-palvelualan-edunvalvontakoulutus-2026.pdf\">Tietotekniikan palvelualan edunvalvontakoulutus 2026 (pdf)<\/a><a href=\"https:\/\/teknologiateollisuus.fi\/teknologiatyonantajat\/wp-content\/uploads\/sites\/4\/2025\/12\/Tietotekniikan-palvelualan-edunvalvontakoulutus-2026.pdf\" class=\"wp-block-file__button wp-element-button\" download aria-describedby=\"wp-block-file--media-87623869-976e-4cca-a09d-38a30943daff\">Lataa<\/a><\/div>\n<\/div>\n<\/div>\n\n\n\n<p><\/p>\n","protected":false},"excerpt":{"rendered":"","protected":false},"author":44,"featured_media":25,"parent":189,"menu_order":2,"comment_status":"closed","ping_status":"closed","template":"","meta":{"_acf_changed":false,"_relevanssi_hide_post":"","_relevanssi_hide_content":"","_relevanssi_pin_for_all":"","_relevanssi_pin_keywords":"","_relevanssi_unpin_keywords":"","_relevanssi_related_keywords":"","_relevanssi_related_include_ids":"","_relevanssi_related_exclude_ids":"","_relevanssi_related_no_append":"","_relevanssi_related_not_related":"","_relevanssi_related_posts":"1","_relevanssi_noindex_reason":"","inline_featured_image":false,"footnotes":""},"class_list":["post-210","page","type-page","status-publish","has-post-thumbnail","hentry"],"acf":[],"yoast_head":"<!-- This site is optimized with the Yoast SEO Premium plugin v27.1 (Yoast SEO v27.4) - https:\/\/yoast.com\/product\/yoast-seo-premium-wordpress\/ -->\n<title>Hyv\u00e4ksytyt ay-koulutukset - Teknologiaty\u00f6nantajat<\/title>\n<meta name=\"robots\" content=\"index, follow, max-snippet:-1, max-image-preview:large, max-video-preview:-1\" \/>\n<link rel=\"canonical\" href=\"https:\/\/teknologiateollisuus.fi\/teknologiatyonantajat\/tyoehtosopimukset\/hyvaksytyt-ay-koulutukset\/\" \/>\n<meta property=\"og:locale\" content=\"fi_FI\" \/>\n<meta property=\"og:type\" content=\"article\" \/>\n<meta property=\"og:title\" content=\"Hyv\u00e4ksytyt ay-koulutukset\" \/>\n<meta property=\"og:url\" content=\"https:\/\/teknologiateollisuus.fi\/teknologiatyonantajat\/tyoehtosopimukset\/hyvaksytyt-ay-koulutukset\/\" \/>\n<meta property=\"og:site_name\" content=\"Teknologiaty\u00f6nantajat\" \/>\n<meta property=\"article:modified_time\" content=\"2025-12-19T08:07:20+00:00\" \/>\n<meta property=\"og:image\" content=\"https:\/\/teknologiateollisuus.fi\/teknologiatyonantajat\/wp-content\/uploads\/sites\/4\/2024\/06\/tekno-fallback.png\" \/>\n\t<meta property=\"og:image:width\" content=\"1300\" \/>\n\t<meta property=\"og:image:height\" content=\"975\" \/>\n\t<meta property=\"og:image:type\" content=\"image\/png\" \/>\n<meta name=\"twitter:card\" content=\"summary_large_image\" \/>\n<meta name=\"twitter:label1\" content=\"Arvioitu lukuaika\" \/>\n\t<meta name=\"twitter:data1\" content=\"1 minuutti\" \/>\n<script type=\"application\/ld+json\" class=\"yoast-schema-graph\">{\"@context\":\"https:\\\/\\\/schema.org\",\"@graph\":[{\"@type\":\"WebPage\",\"@id\":\"https:\\\/\\\/teknologiateollisuus.fi\\\/teknologiatyonantajat\\\/tyoehtosopimukset\\\/hyvaksytyt-ay-koulutukset\\\/\",\"url\":\"https:\\\/\\\/teknologiateollisuus.fi\\\/teknologiatyonantajat\\\/tyoehtosopimukset\\\/hyvaksytyt-ay-koulutukset\\\/\",\"name\":\"Hyv\u00e4ksytyt ay-koulutukset - Teknologiaty\u00f6nantajat\",\"isPartOf\":{\"@id\":\"https:\\\/\\\/teknologiateollisuus.fi\\\/teknologiatyonantajat\\\/#website\"},\"primaryImageOfPage\":{\"@id\":\"https:\\\/\\\/teknologiateollisuus.fi\\\/teknologiatyonantajat\\\/tyoehtosopimukset\\\/hyvaksytyt-ay-koulutukset\\\/#primaryimage\"},\"image\":{\"@id\":\"https:\\\/\\\/teknologiateollisuus.fi\\\/teknologiatyonantajat\\\/tyoehtosopimukset\\\/hyvaksytyt-ay-koulutukset\\\/#primaryimage\"},\"thumbnailUrl\":\"https:\\\/\\\/teknologiateollisuus.fi\\\/teknologiatyonantajat\\\/wp-content\\\/uploads\\\/sites\\\/4\\\/2024\\\/06\\\/tekno-fallback.png\",\"datePublished\":\"2024-07-09T10:17:04+00:00\",\"dateModified\":\"2025-12-19T08:07:20+00:00\",\"breadcrumb\":{\"@id\":\"https:\\\/\\\/teknologiateollisuus.fi\\\/teknologiatyonantajat\\\/tyoehtosopimukset\\\/hyvaksytyt-ay-koulutukset\\\/#breadcrumb\"},\"inLanguage\":\"fi\",\"potentialAction\":[{\"@type\":\"ReadAction\",\"target\":[\"https:\\\/\\\/teknologiateollisuus.fi\\\/teknologiatyonantajat\\\/tyoehtosopimukset\\\/hyvaksytyt-ay-koulutukset\\\/\"]}]},{\"@type\":\"ImageObject\",\"inLanguage\":\"fi\",\"@id\":\"https:\\\/\\\/teknologiateollisuus.fi\\\/teknologiatyonantajat\\\/tyoehtosopimukset\\\/hyvaksytyt-ay-koulutukset\\\/#primaryimage\",\"url\":\"https:\\\/\\\/teknologiateollisuus.fi\\\/teknologiatyonantajat\\\/wp-content\\\/uploads\\\/sites\\\/4\\\/2024\\\/06\\\/tekno-fallback.png\",\"contentUrl\":\"https:\\\/\\\/teknologiateollisuus.fi\\\/teknologiatyonantajat\\\/wp-content\\\/uploads\\\/sites\\\/4\\\/2024\\\/06\\\/tekno-fallback.png\",\"width\":1300,\"height\":975},{\"@type\":\"BreadcrumbList\",\"@id\":\"https:\\\/\\\/teknologiateollisuus.fi\\\/teknologiatyonantajat\\\/tyoehtosopimukset\\\/hyvaksytyt-ay-koulutukset\\\/#breadcrumb\",\"itemListElement\":[{\"@type\":\"ListItem\",\"position\":1,\"name\":\"Etusivu\",\"item\":\"https:\\\/\\\/teknologiateollisuus.fi\\\/teknologiatyonantajat\\\/\"},{\"@type\":\"ListItem\",\"position\":2,\"name\":\"Ty\u00f6ehtosopimukset\",\"item\":\"https:\\\/\\\/teknologiateollisuus.fi\\\/teknologiatyonantajat\\\/tyoehtosopimukset\\\/\"},{\"@type\":\"ListItem\",\"position\":3,\"name\":\"Hyv\u00e4ksytyt ay-koulutukset\"}]},{\"@type\":\"WebSite\",\"@id\":\"https:\\\/\\\/teknologiateollisuus.fi\\\/teknologiatyonantajat\\\/#website\",\"url\":\"https:\\\/\\\/teknologiateollisuus.fi\\\/teknologiatyonantajat\\\/\",\"name\":\"Teknologiaty\u00f6nantajat\",\"description\":\"\",\"potentialAction\":[{\"@type\":\"SearchAction\",\"target\":{\"@type\":\"EntryPoint\",\"urlTemplate\":\"https:\\\/\\\/teknologiateollisuus.fi\\\/teknologiatyonantajat\\\/?s={search_term_string}\"},\"query-input\":{\"@type\":\"PropertyValueSpecification\",\"valueRequired\":true,\"valueName\":\"search_term_string\"}}],\"inLanguage\":\"fi\"}]}<\/script>\n<!-- \/ Yoast SEO Premium plugin. -->","yoast_head_json":{"title":"Hyv\u00e4ksytyt ay-koulutukset - Teknologiaty\u00f6nantajat","robots":{"index":"index","follow":"follow","max-snippet":"max-snippet:-1","max-image-preview":"max-image-preview:large","max-video-preview":"max-video-preview:-1"},"canonical":"https:\/\/teknologiateollisuus.fi\/teknologiatyonantajat\/tyoehtosopimukset\/hyvaksytyt-ay-koulutukset\/","og_locale":"fi_FI","og_type":"article","og_title":"Hyv\u00e4ksytyt ay-koulutukset","og_url":"https:\/\/teknologiateollisuus.fi\/teknologiatyonantajat\/tyoehtosopimukset\/hyvaksytyt-ay-koulutukset\/","og_site_name":"Teknologiaty\u00f6nantajat","article_modified_time":"2025-12-19T08:07:20+00:00","og_image":[{"width":1300,"height":975,"url":"https:\/\/teknologiateollisuus.fi\/teknologiatyonantajat\/wp-content\/uploads\/sites\/4\/2024\/06\/tekno-fallback.png","type":"image\/png"}],"twitter_card":"summary_large_image","twitter_misc":{"Arvioitu lukuaika":"1 minuutti"},"schema":{"@context":"https:\/\/schema.org","@graph":[{"@type":"WebPage","@id":"https:\/\/teknologiateollisuus.fi\/teknologiatyonantajat\/tyoehtosopimukset\/hyvaksytyt-ay-koulutukset\/","url":"https:\/\/teknologiateollisuus.fi\/teknologiatyonantajat\/tyoehtosopimukset\/hyvaksytyt-ay-koulutukset\/","name":"Hyv\u00e4ksytyt ay-koulutukset - Teknologiaty\u00f6nantajat","isPartOf":{"@id":"https:\/\/teknologiateollisuus.fi\/teknologiatyonantajat\/#website"},"primaryImageOfPage":{"@id":"https:\/\/teknologiateollisuus.fi\/teknologiatyonantajat\/tyoehtosopimukset\/hyvaksytyt-ay-koulutukset\/#primaryimage"},"image":{"@id":"https:\/\/teknologiateollisuus.fi\/teknologiatyonantajat\/tyoehtosopimukset\/hyvaksytyt-ay-koulutukset\/#primaryimage"},"thumbnailUrl":"https:\/\/teknologiateollisuus.fi\/teknologiatyonantajat\/wp-content\/uploads\/sites\/4\/2024\/06\/tekno-fallback.png","datePublished":"2024-07-09T10:17:04+00:00","dateModified":"2025-12-19T08:07:20+00:00","breadcrumb":{"@id":"https:\/\/teknologiateollisuus.fi\/teknologiatyonantajat\/tyoehtosopimukset\/hyvaksytyt-ay-koulutukset\/#breadcrumb"},"inLanguage":"fi","potentialAction":[{"@type":"ReadAction","target":["https:\/\/teknologiateollisuus.fi\/teknologiatyonantajat\/tyoehtosopimukset\/hyvaksytyt-ay-koulutukset\/"]}]},{"@type":"ImageObject","inLanguage":"fi","@id":"https:\/\/teknologiateollisuus.fi\/teknologiatyonantajat\/tyoehtosopimukset\/hyvaksytyt-ay-koulutukset\/#primaryimage","url":"https:\/\/teknologiateollisuus.fi\/teknologiatyonantajat\/wp-content\/uploads\/sites\/4\/2024\/06\/tekno-fallback.png","contentUrl":"https:\/\/teknologiateollisuus.fi\/teknologiatyonantajat\/wp-content\/uploads\/sites\/4\/2024\/06\/tekno-fallback.png","width":1300,"height":975},{"@type":"BreadcrumbList","@id":"https:\/\/teknologiateollisuus.fi\/teknologiatyonantajat\/tyoehtosopimukset\/hyvaksytyt-ay-koulutukset\/#breadcrumb","itemListElement":[{"@type":"ListItem","position":1,"name":"Etusivu","item":"https:\/\/teknologiateollisuus.fi\/teknologiatyonantajat\/"},{"@type":"ListItem","position":2,"name":"Ty\u00f6ehtosopimukset","item":"https:\/\/teknologiateollisuus.fi\/teknologiatyonantajat\/tyoehtosopimukset\/"},{"@type":"ListItem","position":3,"name":"Hyv\u00e4ksytyt ay-koulutukset"}]},{"@type":"WebSite","@id":"https:\/\/teknologiateollisuus.fi\/teknologiatyonantajat\/#website","url":"https:\/\/teknologiateollisuus.fi\/teknologiatyonantajat\/","name":"Teknologiaty\u00f6nantajat","description":"","potentialAction":[{"@type":"SearchAction","target":{"@type":"EntryPoint","urlTemplate":"https:\/\/teknologiateollisuus.fi\/teknologiatyonantajat\/?s={search_term_string}"},"query-input":{"@type":"PropertyValueSpecification","valueRequired":true,"valueName":"search_term_string"}}],"inLanguage":"fi"}]}},"lang":"fi","translations":{"fi":210},"pll_sync_post":[],"_links":{"self":[{"href":"https:\/\/teknologiateollisuus.fi\/teknologiatyonantajat\/wp-json\/wp\/v2\/pages\/210","targetHints":{"allow":["GET"]}}],"collection":[{"href":"https:\/\/teknologiateollisuus.fi\/teknologiatyonantajat\/wp-json\/wp\/v2\/pages"}],"about":[{"href":"https:\/\/teknologiateollisuus.fi\/teknologiatyonantajat\/wp-json\/wp\/v2\/types\/page"}],"author":[{"embeddable":true,"href":"https:\/\/teknologiateollisuus.fi\/teknologiatyonantajat\/wp-json\/wp\/v2\/users\/44"}],"replies":[{"embeddable":true,"href":"https:\/\/teknologiateollisuus.fi\/teknologiatyonantajat\/wp-json\/wp\/v2\/comments?post=210"}],"version-history":[{"count":15,"href":"https:\/\/teknologiateollisuus.fi\/teknologiatyonantajat\/wp-json\/wp\/v2\/pages\/210\/revisions"}],"predecessor-version":[{"id":1827,"href":"https:\/\/teknologiateollisuus.fi\/teknologiatyonantajat\/wp-json\/wp\/v2\/pages\/210\/revisions\/1827"}],"up":[{"embeddable":true,"href":"https:\/\/teknologiateollisuus.fi\/teknologiatyonantajat\/wp-json\/wp\/v2\/pages\/189"}],"wp:featuredmedia":[{"embeddable":true,"href":"https:\/\/teknologiateollisuus.fi\/teknologiatyonantajat\/wp-json\/wp\/v2\/media\/25"}],"wp:attachment":[{"href":"https:\/\/teknologiateollisuus.fi\/teknologiatyonantajat\/wp-json\/wp\/v2\/media?parent=210"}],"curies":[{"name":"wp","href":"https:\/\/api.w.org\/{rel}","templated":true}]}}