{"id":214,"date":"2024-07-09T13:17:38","date_gmt":"2024-07-09T10:17:38","guid":{"rendered":"https:\/\/teknologiateollisuus.fi\/teknologiatyonantajat\/?page_id=214"},"modified":"2024-09-06T12:01:40","modified_gmt":"2024-09-06T09:01:40","slug":"tietoa-jasenyydesta","status":"publish","type":"page","link":"https:\/\/teknologiateollisuus.fi\/teknologiatyonantajat\/yhdistys\/tietoa-jasenyydesta\/","title":{"rendered":"Tietoa j\u00e4senyydest\u00e4"},"content":{"rendered":"\n<div class=\"em-block-hero hero-has-background-color has-background has-turquoise-background-color collapse media-position-right \">\n\t<div class=\"em-block-hero__container\">\n\t\t<div class=\"em-block-hero__content\">\n\t\t\t<div class=\"yoast-breadcrumbs\"><span><span><a href=\"https:\/\/teknologiateollisuus.fi\/teknologiatyonantajat\/\">Etusivu<\/a><\/span> <span class=\"separator\"><\/span> <span><a href=\"https:\/\/teknologiateollisuus.fi\/teknologiatyonantajat\/yhdistys\/\">Yhdistys<\/a><\/span> <span class=\"separator\"><\/span> <span class=\"breadcrumb_last\" aria-current=\"page\">Tietoa j\u00e4senyydest\u00e4<\/span><\/span><\/div>\t\t\t\n<h1 class=\"wp-block-heading\" id=\"tietoa-jasenyydesta\">Tietoa j\u00e4senyydest\u00e4<\/h1>\n\n<p>Teknologiateollisuuden ty\u00f6nantajat ry vastaa toimialan valtakunnallisesta ty\u00f6ehtosopimustoiminnasta. Teknologiateollisuuden ty\u00f6nantajat ry ja Teknologiateollisuus ry tekev\u00e4t tiivist\u00e4 yhteisty\u00f6t\u00e4.<\/p>\n\t\t\t<div class=\"em-block-hero__modified-date\"> P\u00e4ivitetty 06.09.2024 klo 12:01<\/div>\t\t<\/div>\n\t\t\t\t\t<figure class=\"em-block-hero__image\">\n\t\t\t\t\t\t\t<\/figure>\n\t\t\t<\/div>\n<\/div>\n\n\n\n<p>Teknologiateollisuuden ty\u00f6nantajat ry:n j\u00e4senyys edellytt\u00e4\u00e4 kuulumista my\u00f6s Teknologiateollisuus ry:hyn. Teknologiateollisuuden j\u00e4senen\u00e4 yritys voi valita, haluaako se kuulua valtakunnallisen ty\u00f6ehtosopimustoiminnan piiriin vai ei. Jos vastaus on kyll\u00e4, yritys voi hakeutua Teknologiateollisuuden ty\u00f6nantajat ry:n j\u00e4seneksi. T\u00e4ll\u00f6in yritys on siis j\u00e4senen\u00e4 molemmissa yhdistyksiss\u00e4 ja saa molempien yhdistysten\u00a0<a href=\"https:\/\/teknologiateollisuus.fi\/jasenille\/palvelut\/\">j\u00e4senpalvelut<\/a>.\u00a0Hakemusprosessin yhteydess\u00e4 arvioidaan mink\u00e4 Teknologiateollisuuden ty\u00f6nantajat ry:n sopiman ty\u00f6ehtosopimuksen tai ty\u00f6ehtosopimusten piiriin j\u00e4seneksi tuleva yritys soveltuisi.\u00a0<\/p>\n\n\n\n<p>Jos yritys sen sijaan ei halua olla valtakunnallisen tes-toiminnan piiriss\u00e4, se voi olla yksist\u00e4\u00e4n Teknologiateollisuus ry:n j\u00e4sen. T\u00e4ll\u00f6in yritys voi neuvotella yrityskohtaisen ty\u00f6ehtosopimuksen tai pysy\u00e4 ty\u00f6ehtosopimustoiminnan ulkopuolella.<\/p>\n\n\n\n<h2 class=\"wp-block-heading\" id=\"lahes-1200-jasenyritysta\">L\u00e4hes 1200 j\u00e4senyrityst\u00e4<\/h2>\n\n\n\n<p>Teknologiateollisuuden ty\u00f6nantajat ry:hyn on j\u00e4rjest\u00e4ytynyt 1 171 teknologiayrityst\u00e4 eli 65 prosenttia Teknologiateollisuus ry:n j\u00e4senist\u00e4. J\u00e4senyritysten palveluksessa on noin 175 360 ty\u00f6ntekij\u00e4\u00e4 ja toimihenkil\u00f6\u00e4. (J\u00e4senm\u00e4\u00e4r\u00e4 8.6.2023)<\/p>\n\n\n\n<p>Teknologiateollisuuden ty\u00f6nantajat ry perustettiin maaliskuussa 2021, kun Teknologiateollisuus ry p\u00e4\u00e4tti luopua valtakunnallisesta ty\u00f6ehtosopimustoiminnasta. J\u00e4rjest\u00f6rakenteen uudistamisen tavoitteena on edist\u00e4\u00e4 ty\u00f6paikoilla tapahtuvaa sopimista niin yrityskohtaisilla sopimuksilla kuin lis\u00e4\u00e4m\u00e4ll\u00e4 paikallisen sopimisen mahdollisuuksia valtakunnallisissa ty\u00f6ehtosopimuksissa.<\/p>\n\n\n\n<p>Teknologiateollisuus ry:n j\u00e4senyys merkitsee automaattisesti j\u00e4senyytt\u00e4 my\u00f6s Elinkeinoel\u00e4m\u00e4n keskusliitossa EK:ssa, sill\u00e4 Teknologiateollisuus on EK:n j\u00e4senliitto.<\/p>\n\n\n\n<p>Teknologiateollisuus ry:ss\u00e4 on p\u00e4\u00e4tetty ett\u00e4, Teknologiateollisuuden ty\u00f6nantajat ry:n j\u00e4senmaksu sis\u00e4ltyy Teknologiateollisuus ry:n j\u00e4senmaksuun.<\/p>\n\n\n\n<div class=\"wp-block-buttons is-layout-flex wp-block-buttons-is-layout-flex\">\n<div class=\"wp-block-button icon-right\"><a class=\"wp-block-button__link wp-element-button\" href=\"https:\/\/teknologiateollisuus.fi\/jasenille\/jasenyys\/liity-teknologiateollisuuden-tyonantajat-ryn-jaseneksi\/\"><strong>Hae Teknologiateollisuuden ty\u00f6nantajat ry:n j\u00e4senyytt\u00e4<\/strong><\/a><\/div>\n<\/div>\n\n\n\n<p><\/p>\n","protected":false},"excerpt":{"rendered":"<p>Teknologiateollisuuden ty\u00f6nantajat ry:n j\u00e4senyys edellytt\u00e4\u00e4 kuulumista my\u00f6s Teknologiateollisuus ry:hyn. Teknologiateollisuuden j\u00e4senen\u00e4 yritys voi valita, haluaako se kuulua valtakunnallisen ty\u00f6ehtosopimustoiminnan piiriin vai ei. Jos vastaus on kyll\u00e4, yritys voi hakeutua Teknologiateollisuuden ty\u00f6nantajat ry:n j\u00e4seneksi. T\u00e4ll\u00f6in yritys on siis j\u00e4senen\u00e4 molemmissa yhdistyksiss\u00e4 ja saa molempien yhdistysten\u00a0j\u00e4senpalvelut.\u00a0Hakemusprosessin yhteydess\u00e4 arvioidaan mink\u00e4 Teknologiateollisuuden ty\u00f6nantajat ry:n sopiman ty\u00f6ehtosopimuksen tai ty\u00f6ehtosopimusten piiriin [&hellip;]<\/p>\n","protected":false},"author":44,"featured_media":25,"parent":191,"menu_order":2,"comment_status":"closed","ping_status":"closed","template":"","meta":{"_acf_changed":false,"_relevanssi_hide_post":"","_relevanssi_hide_content":"","_relevanssi_pin_for_all":"","_relevanssi_pin_keywords":"","_relevanssi_unpin_keywords":"","_relevanssi_related_keywords":"","_relevanssi_related_include_ids":"","_relevanssi_related_exclude_ids":"","_relevanssi_related_no_append":"","_relevanssi_related_not_related":"","_relevanssi_related_posts":"1","_relevanssi_noindex_reason":"","inline_featured_image":false,"footnotes":""},"class_list":["post-214","page","type-page","status-publish","has-post-thumbnail","hentry"],"acf":[],"yoast_head":"<!-- This site is optimized with the Yoast SEO Premium plugin v27.1 (Yoast SEO v27.4) - https:\/\/yoast.com\/product\/yoast-seo-premium-wordpress\/ -->\n<title>Tietoa j\u00e4senyydest\u00e4 - Teknologiaty\u00f6nantajat<\/title>\n<meta name=\"robots\" content=\"index, follow, max-snippet:-1, max-image-preview:large, max-video-preview:-1\" \/>\n<link rel=\"canonical\" href=\"https:\/\/teknologiateollisuus.fi\/teknologiatyonantajat\/yhdistys\/tietoa-jasenyydesta\/\" \/>\n<meta property=\"og:locale\" content=\"fi_FI\" \/>\n<meta property=\"og:type\" content=\"article\" \/>\n<meta property=\"og:title\" content=\"Tietoa j\u00e4senyydest\u00e4\" \/>\n<meta property=\"og:description\" content=\"Teknologiateollisuuden ty\u00f6nantajat ry:n j\u00e4senyys edellytt\u00e4\u00e4 kuulumista my\u00f6s Teknologiateollisuus ry:hyn. Teknologiateollisuuden j\u00e4senen\u00e4 yritys voi valita, haluaako se kuulua valtakunnallisen ty\u00f6ehtosopimustoiminnan piiriin vai ei. Jos vastaus on kyll\u00e4, yritys voi hakeutua Teknologiateollisuuden ty\u00f6nantajat ry:n j\u00e4seneksi. T\u00e4ll\u00f6in yritys on siis j\u00e4senen\u00e4 molemmissa yhdistyksiss\u00e4 ja saa molempien yhdistysten\u00a0j\u00e4senpalvelut.\u00a0Hakemusprosessin yhteydess\u00e4 arvioidaan mink\u00e4 Teknologiateollisuuden ty\u00f6nantajat ry:n sopiman ty\u00f6ehtosopimuksen tai ty\u00f6ehtosopimusten piiriin [&hellip;]\" \/>\n<meta property=\"og:url\" content=\"https:\/\/teknologiateollisuus.fi\/teknologiatyonantajat\/yhdistys\/tietoa-jasenyydesta\/\" \/>\n<meta property=\"og:site_name\" content=\"Teknologiaty\u00f6nantajat\" \/>\n<meta property=\"article:modified_time\" content=\"2024-09-06T09:01:40+00:00\" \/>\n<meta property=\"og:image\" content=\"https:\/\/teknologiateollisuus.fi\/teknologiatyonantajat\/wp-content\/uploads\/sites\/4\/2024\/06\/tekno-fallback.png\" \/>\n\t<meta property=\"og:image:width\" content=\"1300\" \/>\n\t<meta property=\"og:image:height\" content=\"975\" \/>\n\t<meta property=\"og:image:type\" content=\"image\/png\" \/>\n<meta name=\"twitter:card\" content=\"summary_large_image\" \/>\n<meta name=\"twitter:label1\" content=\"Arvioitu lukuaika\" \/>\n\t<meta name=\"twitter:data1\" content=\"2 minuuttia\" \/>\n<script type=\"application\/ld+json\" class=\"yoast-schema-graph\">{\"@context\":\"https:\\\/\\\/schema.org\",\"@graph\":[{\"@type\":\"WebPage\",\"@id\":\"https:\\\/\\\/teknologiateollisuus.fi\\\/teknologiatyonantajat\\\/yhdistys\\\/tietoa-jasenyydesta\\\/\",\"url\":\"https:\\\/\\\/teknologiateollisuus.fi\\\/teknologiatyonantajat\\\/yhdistys\\\/tietoa-jasenyydesta\\\/\",\"name\":\"Tietoa j\u00e4senyydest\u00e4 - Teknologiaty\u00f6nantajat\",\"isPartOf\":{\"@id\":\"https:\\\/\\\/teknologiateollisuus.fi\\\/teknologiatyonantajat\\\/#website\"},\"primaryImageOfPage\":{\"@id\":\"https:\\\/\\\/teknologiateollisuus.fi\\\/teknologiatyonantajat\\\/yhdistys\\\/tietoa-jasenyydesta\\\/#primaryimage\"},\"image\":{\"@id\":\"https:\\\/\\\/teknologiateollisuus.fi\\\/teknologiatyonantajat\\\/yhdistys\\\/tietoa-jasenyydesta\\\/#primaryimage\"},\"thumbnailUrl\":\"https:\\\/\\\/teknologiateollisuus.fi\\\/teknologiatyonantajat\\\/wp-content\\\/uploads\\\/sites\\\/4\\\/2024\\\/06\\\/tekno-fallback.png\",\"datePublished\":\"2024-07-09T10:17:38+00:00\",\"dateModified\":\"2024-09-06T09:01:40+00:00\",\"breadcrumb\":{\"@id\":\"https:\\\/\\\/teknologiateollisuus.fi\\\/teknologiatyonantajat\\\/yhdistys\\\/tietoa-jasenyydesta\\\/#breadcrumb\"},\"inLanguage\":\"fi\",\"potentialAction\":[{\"@type\":\"ReadAction\",\"target\":[\"https:\\\/\\\/teknologiateollisuus.fi\\\/teknologiatyonantajat\\\/yhdistys\\\/tietoa-jasenyydesta\\\/\"]}]},{\"@type\":\"ImageObject\",\"inLanguage\":\"fi\",\"@id\":\"https:\\\/\\\/teknologiateollisuus.fi\\\/teknologiatyonantajat\\\/yhdistys\\\/tietoa-jasenyydesta\\\/#primaryimage\",\"url\":\"https:\\\/\\\/teknologiateollisuus.fi\\\/teknologiatyonantajat\\\/wp-content\\\/uploads\\\/sites\\\/4\\\/2024\\\/06\\\/tekno-fallback.png\",\"contentUrl\":\"https:\\\/\\\/teknologiateollisuus.fi\\\/teknologiatyonantajat\\\/wp-content\\\/uploads\\\/sites\\\/4\\\/2024\\\/06\\\/tekno-fallback.png\",\"width\":1300,\"height\":975},{\"@type\":\"BreadcrumbList\",\"@id\":\"https:\\\/\\\/teknologiateollisuus.fi\\\/teknologiatyonantajat\\\/yhdistys\\\/tietoa-jasenyydesta\\\/#breadcrumb\",\"itemListElement\":[{\"@type\":\"ListItem\",\"position\":1,\"name\":\"Etusivu\",\"item\":\"https:\\\/\\\/teknologiateollisuus.fi\\\/teknologiatyonantajat\\\/\"},{\"@type\":\"ListItem\",\"position\":2,\"name\":\"Yhdistys\",\"item\":\"https:\\\/\\\/teknologiateollisuus.fi\\\/teknologiatyonantajat\\\/yhdistys\\\/\"},{\"@type\":\"ListItem\",\"position\":3,\"name\":\"Tietoa j\u00e4senyydest\u00e4\"}]},{\"@type\":\"WebSite\",\"@id\":\"https:\\\/\\\/teknologiateollisuus.fi\\\/teknologiatyonantajat\\\/#website\",\"url\":\"https:\\\/\\\/teknologiateollisuus.fi\\\/teknologiatyonantajat\\\/\",\"name\":\"Teknologiaty\u00f6nantajat\",\"description\":\"\",\"potentialAction\":[{\"@type\":\"SearchAction\",\"target\":{\"@type\":\"EntryPoint\",\"urlTemplate\":\"https:\\\/\\\/teknologiateollisuus.fi\\\/teknologiatyonantajat\\\/?s={search_term_string}\"},\"query-input\":{\"@type\":\"PropertyValueSpecification\",\"valueRequired\":true,\"valueName\":\"search_term_string\"}}],\"inLanguage\":\"fi\"}]}<\/script>\n<!-- \/ Yoast SEO Premium plugin. -->","yoast_head_json":{"title":"Tietoa j\u00e4senyydest\u00e4 - Teknologiaty\u00f6nantajat","robots":{"index":"index","follow":"follow","max-snippet":"max-snippet:-1","max-image-preview":"max-image-preview:large","max-video-preview":"max-video-preview:-1"},"canonical":"https:\/\/teknologiateollisuus.fi\/teknologiatyonantajat\/yhdistys\/tietoa-jasenyydesta\/","og_locale":"fi_FI","og_type":"article","og_title":"Tietoa j\u00e4senyydest\u00e4","og_description":"Teknologiateollisuuden ty\u00f6nantajat ry:n j\u00e4senyys edellytt\u00e4\u00e4 kuulumista my\u00f6s Teknologiateollisuus ry:hyn. Teknologiateollisuuden j\u00e4senen\u00e4 yritys voi valita, haluaako se kuulua valtakunnallisen ty\u00f6ehtosopimustoiminnan piiriin vai ei. Jos vastaus on kyll\u00e4, yritys voi hakeutua Teknologiateollisuuden ty\u00f6nantajat ry:n j\u00e4seneksi. T\u00e4ll\u00f6in yritys on siis j\u00e4senen\u00e4 molemmissa yhdistyksiss\u00e4 ja saa molempien yhdistysten\u00a0j\u00e4senpalvelut.\u00a0Hakemusprosessin yhteydess\u00e4 arvioidaan mink\u00e4 Teknologiateollisuuden ty\u00f6nantajat ry:n sopiman ty\u00f6ehtosopimuksen tai ty\u00f6ehtosopimusten piiriin [&hellip;]","og_url":"https:\/\/teknologiateollisuus.fi\/teknologiatyonantajat\/yhdistys\/tietoa-jasenyydesta\/","og_site_name":"Teknologiaty\u00f6nantajat","article_modified_time":"2024-09-06T09:01:40+00:00","og_image":[{"width":1300,"height":975,"url":"https:\/\/teknologiateollisuus.fi\/teknologiatyonantajat\/wp-content\/uploads\/sites\/4\/2024\/06\/tekno-fallback.png","type":"image\/png"}],"twitter_card":"summary_large_image","twitter_misc":{"Arvioitu lukuaika":"2 minuuttia"},"schema":{"@context":"https:\/\/schema.org","@graph":[{"@type":"WebPage","@id":"https:\/\/teknologiateollisuus.fi\/teknologiatyonantajat\/yhdistys\/tietoa-jasenyydesta\/","url":"https:\/\/teknologiateollisuus.fi\/teknologiatyonantajat\/yhdistys\/tietoa-jasenyydesta\/","name":"Tietoa j\u00e4senyydest\u00e4 - Teknologiaty\u00f6nantajat","isPartOf":{"@id":"https:\/\/teknologiateollisuus.fi\/teknologiatyonantajat\/#website"},"primaryImageOfPage":{"@id":"https:\/\/teknologiateollisuus.fi\/teknologiatyonantajat\/yhdistys\/tietoa-jasenyydesta\/#primaryimage"},"image":{"@id":"https:\/\/teknologiateollisuus.fi\/teknologiatyonantajat\/yhdistys\/tietoa-jasenyydesta\/#primaryimage"},"thumbnailUrl":"https:\/\/teknologiateollisuus.fi\/teknologiatyonantajat\/wp-content\/uploads\/sites\/4\/2024\/06\/tekno-fallback.png","datePublished":"2024-07-09T10:17:38+00:00","dateModified":"2024-09-06T09:01:40+00:00","breadcrumb":{"@id":"https:\/\/teknologiateollisuus.fi\/teknologiatyonantajat\/yhdistys\/tietoa-jasenyydesta\/#breadcrumb"},"inLanguage":"fi","potentialAction":[{"@type":"ReadAction","target":["https:\/\/teknologiateollisuus.fi\/teknologiatyonantajat\/yhdistys\/tietoa-jasenyydesta\/"]}]},{"@type":"ImageObject","inLanguage":"fi","@id":"https:\/\/teknologiateollisuus.fi\/teknologiatyonantajat\/yhdistys\/tietoa-jasenyydesta\/#primaryimage","url":"https:\/\/teknologiateollisuus.fi\/teknologiatyonantajat\/wp-content\/uploads\/sites\/4\/2024\/06\/tekno-fallback.png","contentUrl":"https:\/\/teknologiateollisuus.fi\/teknologiatyonantajat\/wp-content\/uploads\/sites\/4\/2024\/06\/tekno-fallback.png","width":1300,"height":975},{"@type":"BreadcrumbList","@id":"https:\/\/teknologiateollisuus.fi\/teknologiatyonantajat\/yhdistys\/tietoa-jasenyydesta\/#breadcrumb","itemListElement":[{"@type":"ListItem","position":1,"name":"Etusivu","item":"https:\/\/teknologiateollisuus.fi\/teknologiatyonantajat\/"},{"@type":"ListItem","position":2,"name":"Yhdistys","item":"https:\/\/teknologiateollisuus.fi\/teknologiatyonantajat\/yhdistys\/"},{"@type":"ListItem","position":3,"name":"Tietoa j\u00e4senyydest\u00e4"}]},{"@type":"WebSite","@id":"https:\/\/teknologiateollisuus.fi\/teknologiatyonantajat\/#website","url":"https:\/\/teknologiateollisuus.fi\/teknologiatyonantajat\/","name":"Teknologiaty\u00f6nantajat","description":"","potentialAction":[{"@type":"SearchAction","target":{"@type":"EntryPoint","urlTemplate":"https:\/\/teknologiateollisuus.fi\/teknologiatyonantajat\/?s={search_term_string}"},"query-input":{"@type":"PropertyValueSpecification","valueRequired":true,"valueName":"search_term_string"}}],"inLanguage":"fi"}]}},"lang":"fi","translations":{"fi":214},"pll_sync_post":[],"_links":{"self":[{"href":"https:\/\/teknologiateollisuus.fi\/teknologiatyonantajat\/wp-json\/wp\/v2\/pages\/214","targetHints":{"allow":["GET"]}}],"collection":[{"href":"https:\/\/teknologiateollisuus.fi\/teknologiatyonantajat\/wp-json\/wp\/v2\/pages"}],"about":[{"href":"https:\/\/teknologiateollisuus.fi\/teknologiatyonantajat\/wp-json\/wp\/v2\/types\/page"}],"author":[{"embeddable":true,"href":"https:\/\/teknologiateollisuus.fi\/teknologiatyonantajat\/wp-json\/wp\/v2\/users\/44"}],"replies":[{"embeddable":true,"href":"https:\/\/teknologiateollisuus.fi\/teknologiatyonantajat\/wp-json\/wp\/v2\/comments?post=214"}],"version-history":[{"count":4,"href":"https:\/\/teknologiateollisuus.fi\/teknologiatyonantajat\/wp-json\/wp\/v2\/pages\/214\/revisions"}],"predecessor-version":[{"id":719,"href":"https:\/\/teknologiateollisuus.fi\/teknologiatyonantajat\/wp-json\/wp\/v2\/pages\/214\/revisions\/719"}],"up":[{"embeddable":true,"href":"https:\/\/teknologiateollisuus.fi\/teknologiatyonantajat\/wp-json\/wp\/v2\/pages\/191"}],"wp:featuredmedia":[{"embeddable":true,"href":"https:\/\/teknologiateollisuus.fi\/teknologiatyonantajat\/wp-json\/wp\/v2\/media\/25"}],"wp:attachment":[{"href":"https:\/\/teknologiateollisuus.fi\/teknologiatyonantajat\/wp-json\/wp\/v2\/media?parent=214"}],"curies":[{"name":"wp","href":"https:\/\/api.w.org\/{rel}","templated":true}]}}