{"id":510,"date":"2024-07-22T10:03:08","date_gmt":"2024-07-22T07:03:08","guid":{"rendered":"https:\/\/teknologiateollisuus.fi\/teknologiatyonantajat\/?page_id=510"},"modified":"2024-10-10T09:08:42","modified_gmt":"2024-10-10T06:08:42","slug":"front-page","status":"publish","type":"page","link":"https:\/\/teknologiateollisuus.fi\/teknologiatyonantajat\/en\/front-page\/","title":{"rendered":"Front Page"},"content":{"rendered":"\n<div class=\"em-block-hero-slider \">\n\t<div class=\"em-block-hero-slider__slider keen-slider\">\n\t\t\n<div class=\"em-block-hero hero-has-background-color has-background has-violet-background-color \">\n\t<div class=\"em-block-hero__container\">\n\t\t<div class=\"em-block-hero__content\">\n\t\t\t\n<h1 class=\"wp-block-heading is-style-default\"><strong><strong>The aim is to ensure the conditions for the success of the Finnish technology industry<\/strong><\/strong><\/h1>\n\n<p>National collective agreements are negotiated by Technology Industry Employers of Finland. The association cooperates closely with Technology Industries of Finland.<\/p>\n\n<div class=\"wp-block-button icon-right\"><a class=\"wp-block-button__link has-tangerine-background-color has-background wp-element-button\" href=\"https:\/\/teknologiateollisuus.fi\/teknologiatyonantajat\/en\/about\/\">Read More<\/a><\/div>\n\t\t<\/div>\n\t\t\t\t\t<figure class=\"em-block-hero__image\">\n\t\t\t\t<img loading=\"lazy\" decoding=\"async\" width=\"2560\" height=\"1704\" src=\"https:\/\/teknologiateollisuus.fi\/teknologiatyonantajat\/wp-content\/uploads\/sites\/4\/2024\/07\/Palikat_shutterstock-1-scaled.jpg\" class=\"attachment-hero size-hero\" alt=\"\" \/>\t\t\t<\/figure>\n\t\t\t<\/div>\n\n\t<\/div>\n\t<\/div>\n<\/div>\n\n\n\n\n<div id=\"\" class=\"em-block-latest-posts-grid  has-columns-4\">\n\t\t\t<h2 class=\"em-block-latest-posts-grid__heading\">Latest Posts<\/h2>\n\t\t<div class=\"em-block-latest-posts-grid__card-wide\">\n\t\t\n<article class=\"em-block-post-card is-style-list layout-wide\">\n\t<a class=\"em-block-post-card__link\" href=\"https:\/\/teknologiateollisuus.fi\/teknologiatyonantajat\/teknobaro-teknologiateollisuuden-kevaan-nakymat-vahvistuivat\/\" target=\"_self\">\n\t\t<div class=\"em-block-post-card__image\"><img loading=\"lazy\" decoding=\"async\" width=\"768\" height=\"512\" src=\"https:\/\/teknologiateollisuus.fi\/teknologiatyonantajat\/wp-content\/uploads\/sites\/4\/2025\/01\/Telakka_pieni_2-1-768x512.jpg\" class=\"attachment-medium_large size-medium_large\" alt=\"Nostureita kirkasta taivasta vasten Hietalahden telakalla Helsingiss\u00e4, etualalla satama-allas\" srcset=\"https:\/\/teknologiateollisuus.fi\/teknologiatyonantajat\/wp-content\/uploads\/sites\/4\/2025\/01\/Telakka_pieni_2-1-768x512.jpg 768w, https:\/\/teknologiateollisuus.fi\/teknologiatyonantajat\/wp-content\/uploads\/sites\/4\/2025\/01\/Telakka_pieni_2-1-400x267.jpg 400w, https:\/\/teknologiateollisuus.fi\/teknologiatyonantajat\/wp-content\/uploads\/sites\/4\/2025\/01\/Telakka_pieni_2-1-968x645.jpg 968w, https:\/\/teknologiateollisuus.fi\/teknologiatyonantajat\/wp-content\/uploads\/sites\/4\/2025\/01\/Telakka_pieni_2-1.jpg 1200w\" sizes=\"auto, (max-width: 768px) 100vw, 768px\" \/><\/div>\n\t\t<div class=\"em-block-post-card__content\">\n\t\t\t\t\t\t\t\t\t<h3 class=\"em-block-post-card__title\">TeknoBaro: Teknologiateollisuuden kev\u00e4\u00e4n n\u00e4kym\u00e4t vahvistuivat<\/h3>\n\t\t\t\t\t\t\t<div class=\"em-block-post-card__excerpt\">\n\t\t\t\t\tTeknologiateollisuuden yritykset arvioivat vuodenvaihteessa piristyneen kasvun jatkuvan ep\u00e4varmasta maailmantilanteesta huolimatta. TeknoBaro-kyselyn mukaan uudet tilaukset ja tilauskannat ovat vahvistuneet, investointeja aiotaan lis\u00e4t\u00e4 selv\u00e4sti ja odotukset sek\u00e4 tuotannon ett\u00e4 ty\u00f6llisyyden kasvusta ovat kev\u00e4\u00e4ll\u00e4 my\u00f6nteiset. Riskit kasvun pys\u00e4htymiselle ovat kuitenkin edelleen merkitt\u00e4v\u00e4t.\t\t\t\t<\/div>\n\t\t\t\t\t\t<div class=\"em-block-post-card__footer\">\n\t\t\t\t<time class=\"em-block-post-card__date\" datetime=\"2026-03-19\">\n\t\t\t\t\t19.3.2026\t\t\t\t<\/time>\n\t\t\t\t\t\t\t\t\t<div class=\"em-block-post-card__categories\">\n\t\t\t\t\t\t\t\t\t\t\t\t\t<span class=\"em-block-post-card__category\">Tiedote<\/span>\n\t\t\t\t\t\t\t\t\t\t\t<\/div>\n\t\t\t\t\t\t\t<\/div>\n\t\t<\/div>\n\t<\/a>\n<\/article>\n\t<\/div>\n\n\t<div class=\"em-block-latest-posts-grid__cards\">\n\t\t\n<article class=\"em-block-post-card  layout-wide\">\n\t<a class=\"em-block-post-card__link\" href=\"https:\/\/teknologiateollisuus.fi\/teknologiatyonantajat\/en\/order-intake-increased-in-finlands-technology-industry-despite-global-uncertainty\/\" target=\"_self\">\n\t\t<div class=\"em-block-post-card__image\"><img loading=\"lazy\" decoding=\"async\" width=\"768\" height=\"512\" src=\"https:\/\/teknologiateollisuus.fi\/teknologiatyonantajat\/wp-content\/uploads\/sites\/4\/2026\/02\/Talous-768x512.jpeg\" class=\"attachment-medium_large size-medium_large\" alt=\"Kruunuvuorensilta Helsingiss\u00e4, sillan takaa pilkist\u00e4\u00e4 aurinko.\" srcset=\"https:\/\/teknologiateollisuus.fi\/teknologiatyonantajat\/wp-content\/uploads\/sites\/4\/2026\/02\/Talous-768x512.jpeg 768w, https:\/\/teknologiateollisuus.fi\/teknologiatyonantajat\/wp-content\/uploads\/sites\/4\/2026\/02\/Talous-400x267.jpeg 400w, https:\/\/teknologiateollisuus.fi\/teknologiatyonantajat\/wp-content\/uploads\/sites\/4\/2026\/02\/Talous-968x645.jpeg 968w, https:\/\/teknologiateollisuus.fi\/teknologiatyonantajat\/wp-content\/uploads\/sites\/4\/2026\/02\/Talous.jpeg 1044w\" sizes=\"auto, (max-width: 768px) 100vw, 768px\" \/><\/div>\n\t\t<div class=\"em-block-post-card__content\">\n\t\t\t\t\t\t\t\t\t<h3 class=\"em-block-post-card__title\">Order intake increased in Finland\u2019s technology industry despite global uncertainty<\/h3>\n\t\t\t\t\t\t<div class=\"em-block-post-card__footer\">\n\t\t\t\t<time class=\"em-block-post-card__date\" datetime=\"2026-02-04\">\n\t\t\t\t\t4.2.2026\t\t\t\t<\/time>\n\t\t\t\t\t\t\t\t\t<div class=\"em-block-post-card__categories\">\n\t\t\t\t\t\t\t\t\t\t\t\t\t<span class=\"em-block-post-card__category\">Press release<\/span>\n\t\t\t\t\t\t\t\t\t\t\t<\/div>\n\t\t\t\t\t\t\t<\/div>\n\t\t<\/div>\n\t<\/a>\n<\/article>\n\n<article class=\"em-block-post-card  layout-wide\">\n\t<a class=\"em-block-post-card__link\" href=\"https:\/\/teknologiateollisuus.fi\/teknologiatyonantajat\/teknologiateollisuuden-tilauskertymat-kasvoivat-epavarmuudesta-huolimatta\/\" target=\"_self\">\n\t\t<div class=\"em-block-post-card__image\"><img loading=\"lazy\" decoding=\"async\" width=\"768\" height=\"512\" src=\"https:\/\/teknologiateollisuus.fi\/teknologiatyonantajat\/wp-content\/uploads\/sites\/4\/2026\/02\/Talous-768x512.jpeg\" class=\"attachment-medium_large size-medium_large\" alt=\"Kruunuvuorensilta Helsingiss\u00e4, sillan takaa pilkist\u00e4\u00e4 aurinko.\" srcset=\"https:\/\/teknologiateollisuus.fi\/teknologiatyonantajat\/wp-content\/uploads\/sites\/4\/2026\/02\/Talous-768x512.jpeg 768w, https:\/\/teknologiateollisuus.fi\/teknologiatyonantajat\/wp-content\/uploads\/sites\/4\/2026\/02\/Talous-400x267.jpeg 400w, https:\/\/teknologiateollisuus.fi\/teknologiatyonantajat\/wp-content\/uploads\/sites\/4\/2026\/02\/Talous-968x645.jpeg 968w, https:\/\/teknologiateollisuus.fi\/teknologiatyonantajat\/wp-content\/uploads\/sites\/4\/2026\/02\/Talous.jpeg 1044w\" sizes=\"auto, (max-width: 768px) 100vw, 768px\" \/><\/div>\n\t\t<div class=\"em-block-post-card__content\">\n\t\t\t\t\t\t\t\t\t<h3 class=\"em-block-post-card__title\">Teknologiateollisuuden tilauskertym\u00e4t kasvoivat ep\u00e4varmuudesta huolimatta<\/h3>\n\t\t\t\t\t\t<div class=\"em-block-post-card__footer\">\n\t\t\t\t<time class=\"em-block-post-card__date\" datetime=\"2026-02-04\">\n\t\t\t\t\t4.2.2026\t\t\t\t<\/time>\n\t\t\t\t\t\t\t\t\t<div class=\"em-block-post-card__categories\">\n\t\t\t\t\t\t\t\t\t\t\t\t\t<span class=\"em-block-post-card__category\">Tiedote<\/span>\n\t\t\t\t\t\t\t\t\t\t\t\t\t<span class=\"em-block-post-card__category\">Yleinen<\/span>\n\t\t\t\t\t\t\t\t\t\t\t<\/div>\n\t\t\t\t\t\t\t<\/div>\n\t\t<\/div>\n\t<\/a>\n<\/article>\n\n<article class=\"em-block-post-card  layout-wide\">\n\t<a class=\"em-block-post-card__link\" href=\"https:\/\/teknologiateollisuus.fi\/teknologiatyonantajat\/kysynta-piristynyt-hiukan-teknologiateollisuudessa\/\" target=\"_self\">\n\t\t<div class=\"em-block-post-card__image\"><img loading=\"lazy\" decoding=\"async\" width=\"768\" height=\"512\" src=\"https:\/\/teknologiateollisuus.fi\/teknologiatyonantajat\/wp-content\/uploads\/sites\/4\/2025\/11\/Kalasatama-768x512.jpeg\" class=\"attachment-medium_large size-medium_large\" alt=\"Raitiovaunu ajaa kirkkaassa auringonvalossa modernien kerrostalojen edustalla.\" srcset=\"https:\/\/teknologiateollisuus.fi\/teknologiatyonantajat\/wp-content\/uploads\/sites\/4\/2025\/11\/Kalasatama-768x512.jpeg 768w, https:\/\/teknologiateollisuus.fi\/teknologiatyonantajat\/wp-content\/uploads\/sites\/4\/2025\/11\/Kalasatama-400x267.jpeg 400w, https:\/\/teknologiateollisuus.fi\/teknologiatyonantajat\/wp-content\/uploads\/sites\/4\/2025\/11\/Kalasatama-968x645.jpeg 968w, https:\/\/teknologiateollisuus.fi\/teknologiatyonantajat\/wp-content\/uploads\/sites\/4\/2025\/11\/Kalasatama.jpeg 1044w\" sizes=\"auto, (max-width: 768px) 100vw, 768px\" \/><\/div>\n\t\t<div class=\"em-block-post-card__content\">\n\t\t\t\t\t\t\t\t\t<h3 class=\"em-block-post-card__title\">Kysynt\u00e4 piristynyt hiukan teknologiateollisuudessa<\/h3>\n\t\t\t\t\t\t<div class=\"em-block-post-card__footer\">\n\t\t\t\t<time class=\"em-block-post-card__date\" datetime=\"2025-11-05\">\n\t\t\t\t\t5.11.2025\t\t\t\t<\/time>\n\t\t\t\t\t\t\t\t\t<div class=\"em-block-post-card__categories\">\n\t\t\t\t\t\t\t\t\t\t\t\t\t<span class=\"em-block-post-card__category\">Tiedote<\/span>\n\t\t\t\t\t\t\t\t\t\t\t<\/div>\n\t\t\t\t\t\t\t<\/div>\n\t\t<\/div>\n\t<\/a>\n<\/article>\n\n<article class=\"em-block-post-card  layout-wide\">\n\t<a class=\"em-block-post-card__link\" href=\"https:\/\/teknologiateollisuus.fi\/teknologiatyonantajat\/en\/slight-pickup-in-demand-in-the-technology-industry\/\" target=\"_self\">\n\t\t<div class=\"em-block-post-card__image\"><img loading=\"lazy\" decoding=\"async\" width=\"768\" height=\"512\" src=\"https:\/\/teknologiateollisuus.fi\/teknologiatyonantajat\/wp-content\/uploads\/sites\/4\/2025\/11\/Kalasatama-768x512.jpeg\" class=\"attachment-medium_large size-medium_large\" alt=\"Raitiovaunu ajaa kirkkaassa auringonvalossa modernien kerrostalojen edustalla.\" srcset=\"https:\/\/teknologiateollisuus.fi\/teknologiatyonantajat\/wp-content\/uploads\/sites\/4\/2025\/11\/Kalasatama-768x512.jpeg 768w, https:\/\/teknologiateollisuus.fi\/teknologiatyonantajat\/wp-content\/uploads\/sites\/4\/2025\/11\/Kalasatama-400x267.jpeg 400w, https:\/\/teknologiateollisuus.fi\/teknologiatyonantajat\/wp-content\/uploads\/sites\/4\/2025\/11\/Kalasatama-968x645.jpeg 968w, https:\/\/teknologiateollisuus.fi\/teknologiatyonantajat\/wp-content\/uploads\/sites\/4\/2025\/11\/Kalasatama.jpeg 1044w\" sizes=\"auto, (max-width: 768px) 100vw, 768px\" \/><\/div>\n\t\t<div class=\"em-block-post-card__content\">\n\t\t\t\t\t\t\t\t\t<h3 class=\"em-block-post-card__title\">Slight pickup in demand in the technology industry<\/h3>\n\t\t\t\t\t\t<div class=\"em-block-post-card__footer\">\n\t\t\t\t<time class=\"em-block-post-card__date\" datetime=\"2025-11-05\">\n\t\t\t\t\t5.11.2025\t\t\t\t<\/time>\n\t\t\t\t\t\t\t\t\t<div class=\"em-block-post-card__categories\">\n\t\t\t\t\t\t\t\t\t\t\t\t\t<span class=\"em-block-post-card__category\">Press release<\/span>\n\t\t\t\t\t\t\t\t\t\t\t<\/div>\n\t\t\t\t\t\t\t<\/div>\n\t\t<\/div>\n\t<\/a>\n<\/article>\n\t<\/div>\n\t<\/div>\n\n\n\n<div class=\"wp-block-evermade-card-grid em-block-card-grid has-columns-2 em-block-content-card-grid column-gap-xs row-gap-xs\">\n<article class=\"em-block-content-card  has-media-position-top\">\n\t\n\t<div class=\"em-block-content-card__content\">\n\t\t\n\t\t\t\t\t<h4 class=\"em-block-content-card__title\">Collective agreements<\/h4>\n\t\t\n\t\t\t\t\t<p class=\"em-block-content-card__description\">Technology Industries Employers of Finland has negotiated and signed new collective agreements for the technology industry (electronics and electrotechnical industry, mechanical engineering industry, metals industry), information technology and consulting engineering.<\/p>\n\t\t\n\t\t\t\t\t\t\t\t\t<a\n\t\t\t\t\tclass=\"em-block-content-card__button  has-icon-name-icon-external\"\n\t\t\t\t\thref=\"https:\/\/teknologiateollisuus.fi\/teknologiatyonantajat\/en\/collective-agreements\/\"\n\t\t\t\t\t\t\t\t\t\t\t\t\t\t>\n\t\t\t\t\t<span class=\"em-block-content-card__button-label\">\n\t\t\t\t\t\tRead More\t\t\t\t\t<\/span>\n\t\t\t\t<\/a>\n\t\t\t\t\t\t<\/div>\n\n\t<\/article>\n\n\n\n<article class=\"em-block-content-card  has-media-position-top\">\n\t\n\t<div class=\"em-block-content-card__content\">\n\t\t\n\t\t\t\t\t<h4 class=\"em-block-content-card__title\">Information on membership<\/h4>\n\t\t\n\t\t\t\t\t<p class=\"em-block-content-card__description\">Membership of Technology Industry Employers of Finland requires membership of Technology Industries of Finland. As a member of Technology Industries of Finland, a company can choose whether it wants to be within the scope of national collective bargaining.<\/p>\n\t\t\n\t\t\t\t\t\t\t\t\t<a\n\t\t\t\t\tclass=\"em-block-content-card__button  has-icon-name-icon-external\"\n\t\t\t\t\thref=\"https:\/\/teknologiateollisuus.fi\/teknologiatyonantajat\/en\/about\/membership\/\"\n\t\t\t\t\t\t\t\t\t\t\t\t\t\t>\n\t\t\t\t\t<span class=\"em-block-content-card__button-label\">\n\t\t\t\t\t\tRead More\t\t\t\t\t<\/span>\n\t\t\t\t<\/a>\n\t\t\t\t\t\t<\/div>\n\n\t<\/article>\n<\/div>\n","protected":false},"excerpt":{"rendered":"","protected":false},"author":45,"featured_media":0,"parent":0,"menu_order":0,"comment_status":"closed","ping_status":"closed","template":"","meta":{"_acf_changed":false,"_relevanssi_hide_post":"","_relevanssi_hide_content":"","_relevanssi_pin_for_all":"","_relevanssi_pin_keywords":"","_relevanssi_unpin_keywords":"","_relevanssi_related_keywords":"","_relevanssi_related_include_ids":"","_relevanssi_related_exclude_ids":"","_relevanssi_related_no_append":"","_relevanssi_related_not_related":"","_relevanssi_related_posts":"367,491,378,497,344,307","_relevanssi_noindex_reason":"","inline_featured_image":false,"footnotes":""},"class_list":["post-510","page","type-page","status-publish","hentry"],"acf":[],"yoast_head":"<!-- This site is optimized with the Yoast SEO Premium plugin v27.1 (Yoast SEO v27.4) - https:\/\/yoast.com\/product\/yoast-seo-premium-wordpress\/ -->\n<title>Technology Industry Employers of Finland<\/title>\n<meta name=\"description\" content=\"Technology Industry Employers of Finland negotiates collective agreements and supports member companies.\" \/>\n<meta name=\"robots\" content=\"index, follow, max-snippet:-1, max-image-preview:large, max-video-preview:-1\" \/>\n<link rel=\"canonical\" href=\"https:\/\/teknologiateollisuus.fi\/teknologiatyonantajat\/en\/front-page\/\" \/>\n<meta property=\"og:locale\" content=\"fi_FI\" \/>\n<meta property=\"og:type\" content=\"article\" \/>\n<meta property=\"og:title\" content=\"Front Page\" \/>\n<meta property=\"og:description\" content=\"Technology Industry Employers of Finland negotiates collective agreements and supports member companies.\" \/>\n<meta property=\"og:url\" content=\"https:\/\/teknologiateollisuus.fi\/teknologiatyonantajat\/en\/front-page\/\" \/>\n<meta property=\"og:site_name\" content=\"Teknologiaty\u00f6nantajat\" \/>\n<meta property=\"article:modified_time\" content=\"2024-10-10T06:08:42+00:00\" \/>\n<meta name=\"twitter:card\" content=\"summary_large_image\" \/>\n<meta name=\"twitter:label1\" content=\"Arvioitu lukuaika\" \/>\n\t<meta name=\"twitter:data1\" content=\"1 minuutti\" \/>\n<script type=\"application\/ld+json\" class=\"yoast-schema-graph\">{\"@context\":\"https:\\\/\\\/schema.org\",\"@graph\":[{\"@type\":\"WebPage\",\"@id\":\"https:\\\/\\\/teknologiateollisuus.fi\\\/teknologiatyonantajat\\\/en\\\/front-page\\\/\",\"url\":\"https:\\\/\\\/teknologiateollisuus.fi\\\/teknologiatyonantajat\\\/en\\\/front-page\\\/\",\"name\":\"Technology Industry Employers of Finland\",\"isPartOf\":{\"@id\":\"https:\\\/\\\/teknologiateollisuus.fi\\\/teknologiatyonantajat\\\/#website\"},\"datePublished\":\"2024-07-22T07:03:08+00:00\",\"dateModified\":\"2024-10-10T06:08:42+00:00\",\"description\":\"Technology Industry Employers of Finland negotiates collective agreements and supports member companies.\",\"breadcrumb\":{\"@id\":\"https:\\\/\\\/teknologiateollisuus.fi\\\/teknologiatyonantajat\\\/en\\\/front-page\\\/#breadcrumb\"},\"inLanguage\":\"fi\",\"potentialAction\":[{\"@type\":\"ReadAction\",\"target\":[\"https:\\\/\\\/teknologiateollisuus.fi\\\/teknologiatyonantajat\\\/en\\\/front-page\\\/\"]}]},{\"@type\":\"BreadcrumbList\",\"@id\":\"https:\\\/\\\/teknologiateollisuus.fi\\\/teknologiatyonantajat\\\/en\\\/front-page\\\/#breadcrumb\",\"itemListElement\":[{\"@type\":\"ListItem\",\"position\":1,\"name\":\"Etusivu\",\"item\":\"https:\\\/\\\/teknologiateollisuus.fi\\\/teknologiatyonantajat\\\/\"},{\"@type\":\"ListItem\",\"position\":2,\"name\":\"Front Page\"}]},{\"@type\":\"WebSite\",\"@id\":\"https:\\\/\\\/teknologiateollisuus.fi\\\/teknologiatyonantajat\\\/#website\",\"url\":\"https:\\\/\\\/teknologiateollisuus.fi\\\/teknologiatyonantajat\\\/\",\"name\":\"Teknologiaty\u00f6nantajat\",\"description\":\"\",\"potentialAction\":[{\"@type\":\"SearchAction\",\"target\":{\"@type\":\"EntryPoint\",\"urlTemplate\":\"https:\\\/\\\/teknologiateollisuus.fi\\\/teknologiatyonantajat\\\/?s={search_term_string}\"},\"query-input\":{\"@type\":\"PropertyValueSpecification\",\"valueRequired\":true,\"valueName\":\"search_term_string\"}}],\"inLanguage\":\"fi\"}]}<\/script>\n<!-- \/ Yoast SEO Premium plugin. -->","yoast_head_json":{"title":"Technology Industry Employers of Finland","description":"Technology Industry Employers of Finland negotiates collective agreements and supports member companies.","robots":{"index":"index","follow":"follow","max-snippet":"max-snippet:-1","max-image-preview":"max-image-preview:large","max-video-preview":"max-video-preview:-1"},"canonical":"https:\/\/teknologiateollisuus.fi\/teknologiatyonantajat\/en\/front-page\/","og_locale":"fi_FI","og_type":"article","og_title":"Front Page","og_description":"Technology Industry Employers of Finland negotiates collective agreements and supports member companies.","og_url":"https:\/\/teknologiateollisuus.fi\/teknologiatyonantajat\/en\/front-page\/","og_site_name":"Teknologiaty\u00f6nantajat","article_modified_time":"2024-10-10T06:08:42+00:00","twitter_card":"summary_large_image","twitter_misc":{"Arvioitu lukuaika":"1 minuutti"},"schema":{"@context":"https:\/\/schema.org","@graph":[{"@type":"WebPage","@id":"https:\/\/teknologiateollisuus.fi\/teknologiatyonantajat\/en\/front-page\/","url":"https:\/\/teknologiateollisuus.fi\/teknologiatyonantajat\/en\/front-page\/","name":"Technology Industry Employers of Finland","isPartOf":{"@id":"https:\/\/teknologiateollisuus.fi\/teknologiatyonantajat\/#website"},"datePublished":"2024-07-22T07:03:08+00:00","dateModified":"2024-10-10T06:08:42+00:00","description":"Technology Industry Employers of Finland negotiates collective agreements and supports member companies.","breadcrumb":{"@id":"https:\/\/teknologiateollisuus.fi\/teknologiatyonantajat\/en\/front-page\/#breadcrumb"},"inLanguage":"fi","potentialAction":[{"@type":"ReadAction","target":["https:\/\/teknologiateollisuus.fi\/teknologiatyonantajat\/en\/front-page\/"]}]},{"@type":"BreadcrumbList","@id":"https:\/\/teknologiateollisuus.fi\/teknologiatyonantajat\/en\/front-page\/#breadcrumb","itemListElement":[{"@type":"ListItem","position":1,"name":"Etusivu","item":"https:\/\/teknologiateollisuus.fi\/teknologiatyonantajat\/"},{"@type":"ListItem","position":2,"name":"Front Page"}]},{"@type":"WebSite","@id":"https:\/\/teknologiateollisuus.fi\/teknologiatyonantajat\/#website","url":"https:\/\/teknologiateollisuus.fi\/teknologiatyonantajat\/","name":"Teknologiaty\u00f6nantajat","description":"","potentialAction":[{"@type":"SearchAction","target":{"@type":"EntryPoint","urlTemplate":"https:\/\/teknologiateollisuus.fi\/teknologiatyonantajat\/?s={search_term_string}"},"query-input":{"@type":"PropertyValueSpecification","valueRequired":true,"valueName":"search_term_string"}}],"inLanguage":"fi"}]}},"lang":"en","translations":{"en":510,"fi":4},"pll_sync_post":[],"_links":{"self":[{"href":"https:\/\/teknologiateollisuus.fi\/teknologiatyonantajat\/wp-json\/wp\/v2\/pages\/510","targetHints":{"allow":["GET"]}}],"collection":[{"href":"https:\/\/teknologiateollisuus.fi\/teknologiatyonantajat\/wp-json\/wp\/v2\/pages"}],"about":[{"href":"https:\/\/teknologiateollisuus.fi\/teknologiatyonantajat\/wp-json\/wp\/v2\/types\/page"}],"author":[{"embeddable":true,"href":"https:\/\/teknologiateollisuus.fi\/teknologiatyonantajat\/wp-json\/wp\/v2\/users\/45"}],"replies":[{"embeddable":true,"href":"https:\/\/teknologiateollisuus.fi\/teknologiatyonantajat\/wp-json\/wp\/v2\/comments?post=510"}],"version-history":[{"count":8,"href":"https:\/\/teknologiateollisuus.fi\/teknologiatyonantajat\/wp-json\/wp\/v2\/pages\/510\/revisions"}],"predecessor-version":[{"id":826,"href":"https:\/\/teknologiateollisuus.fi\/teknologiatyonantajat\/wp-json\/wp\/v2\/pages\/510\/revisions\/826"}],"wp:attachment":[{"href":"https:\/\/teknologiateollisuus.fi\/teknologiatyonantajat\/wp-json\/wp\/v2\/media?parent=510"}],"curies":[{"name":"wp","href":"https:\/\/api.w.org\/{rel}","templated":true}]}}